{"id":225,"date":"2020-10-04T12:42:32","date_gmt":"2020-10-04T11:42:32","guid":{"rendered":"https:\/\/fimif.edu.al\/?page_id=225"},"modified":"2024-11-20T13:16:35","modified_gmt":"2024-11-20T12:16:35","slug":"bachelor-ne-inxhinieri-matematike","status":"publish","type":"page","link":"https:\/\/fimif.edu.al\/en\/programet-e-studimit\/cikli-i-i-studimeve\/bachelor-ne-inxhinieri-matematike\/","title":{"rendered":"Bachelor in Mathematical Engineering"},"content":{"rendered":"\t\t<div data-elementor-type=\"wp-page\" data-elementor-id=\"225\" class=\"elementor elementor-225\" data-elementor-post-type=\"page\">\n\t\t\t\t<div class=\"elementor-element elementor-element-9053805 e-flex e-con-boxed e-con e-parent\" data-id=\"9053805\" data-element_type=\"container\" data-e-type=\"container\">\n\t\t\t\t\t<div class=\"e-con-inner\">\n\t\t<div class=\"elementor-element elementor-element-8f8da5f e-con-full e-flex e-con e-child\" data-id=\"8f8da5f\" data-element_type=\"container\" data-e-type=\"container\" data-settings=\"{&quot;sticky&quot;:&quot;top&quot;,&quot;sticky_on&quot;:[&quot;desktop&quot;,&quot;laptop&quot;,&quot;tablet&quot;],&quot;sticky_offset&quot;:80,&quot;sticky_parent&quot;:&quot;yes&quot;,&quot;sticky_effects_offset&quot;:0,&quot;sticky_anchor_link_offset&quot;:0}\">\n\t\t\t\t<div class=\"elementor-element elementor-element-2567b07 elementor-widget elementor-widget-template\" data-id=\"2567b07\" data-element_type=\"widget\" data-e-type=\"widget\" data-widget_type=\"template.default\">\n\t\t\t\t<div class=\"elementor-widget-container\">\n\t\t\t\t\t\t\t<div class=\"elementor-template\">\n\t\t\t\t\t<div data-elementor-type=\"container\" data-elementor-id=\"4511\" class=\"elementor elementor-4511\" data-elementor-post-type=\"elementor_library\">\n\t\t\t\t<div class=\"elementor-element elementor-element-975ae01 e-flex e-con-boxed e-con e-parent\" data-id=\"975ae01\" data-element_type=\"container\" data-e-type=\"container\">\n\t\t\t\t\t<div class=\"e-con-inner\">\n\t\t\t\t<div class=\"elementor-element elementor-element-5a80bd9 elementor-nav-menu__text-align-aside elementor-widget elementor-widget-nav-menu\" data-id=\"5a80bd9\" data-element_type=\"widget\" data-e-type=\"widget\" data-settings=\"{&quot;layout&quot;:&quot;dropdown&quot;,&quot;submenu_icon&quot;:{&quot;value&quot;:&quot;&lt;svg aria-hidden=\\&quot;true\\&quot; class=\\&quot;e-font-icon-svg e-fas-caret-down\\&quot; viewBox=\\&quot;0 0 320 512\\&quot; xmlns=\\&quot;http:\\\/\\\/www.w3.org\\\/2000\\\/svg\\&quot;&gt;&lt;path d=\\&quot;M31.3 192h257.3c17.8 0 26.7 21.5 14.1 34.1L174.1 354.8c-7.8 7.8-20.5 7.8-28.3 0L17.2 226.1C4.6 213.5 13.5 192 31.3 192z\\&quot;&gt;&lt;\\\/path&gt;&lt;\\\/svg&gt;&quot;,&quot;library&quot;:&quot;fa-solid&quot;}}\" data-widget_type=\"nav-menu.default\">\n\t\t\t\t<div class=\"elementor-widget-container\">\n\t\t\t\t\t\t\t\t<nav class=\"elementor-nav-menu--dropdown elementor-nav-menu__container\" aria-hidden=\"true\">\n\t\t\t\t<ul id=\"menu-2-5a80bd9\" class=\"elementor-nav-menu\"><li class=\"menu-item menu-item-type-post_type menu-item-object-page menu-item-has-children menu-item-4505\"><a href=\"https:\/\/fimif.edu.al\/en\/programet-e-studimit\/cikli-i-i-studimeve\/bachelor-ne-inxhinieri-matematike\/\" class=\"elementor-item\" tabindex=\"-1\">Bachelor n\u00eb Inxhinieri Matematike<\/a>\n<ul class=\"sub-menu elementor-nav-menu--dropdown\">\n\t<li class=\"menu-item menu-item-type-post_type menu-item-object-page menu-item-4507\"><a href=\"https:\/\/fimif.edu.al\/en\/departamentet\/departamenti-i-inxhinierise-matematike\/plani-mesimor-bach-im\/\" class=\"elementor-sub-item\" tabindex=\"-1\">Plani M\u00ebsimor<\/a><\/li>\n\t<li class=\"menu-item menu-item-type-post_type menu-item-object-page menu-item-4509\"><a href=\"https:\/\/fimif.edu.al\/en\/programet-e-studimit\/cikli-i-i-studimeve\/bachelor-ne-inxhinieri-matematike\/rregullore-bach-im\/\" class=\"elementor-sub-item\" tabindex=\"-1\">Rregullore Bach-IM<\/a><\/li>\n<\/ul>\n<\/li>\n<li class=\"menu-item menu-item-type-post_type menu-item-object-page menu-item-has-children menu-item-4500\"><a href=\"https:\/\/fimif.edu.al\/en\/programet-e-studimit\/cikli-i-i-studimeve\/bachelor-ne-inxhinieri-fizike\/\" class=\"elementor-item\" tabindex=\"-1\">Bachelor n\u00eb Inxhinieri Fizike<\/a>\n<ul class=\"sub-menu elementor-nav-menu--dropdown\">\n\t<li class=\"menu-item menu-item-type-post_type menu-item-object-page menu-item-4504\"><a href=\"https:\/\/fimif.edu.al\/en\/programet-e-studimit\/cikli-i-i-studimeve\/bachelor-ne-inxhinieri-fizike\/plani-mesimor-bach-if\/\" class=\"elementor-sub-item\" tabindex=\"-1\">Plani M\u00ebsimor<\/a><\/li>\n\t<li class=\"menu-item menu-item-type-post_type menu-item-object-page menu-item-4503\"><a href=\"https:\/\/fimif.edu.al\/en\/programet-e-studimit\/cikli-i-i-studimeve\/bachelor-ne-inxhinieri-fizike\/rregullore-bach-if\/\" class=\"elementor-sub-item\" tabindex=\"-1\">Rregullore Bach-IF<\/a><\/li>\n<\/ul>\n<\/li>\n<li class=\"menu-item menu-item-type-post_type menu-item-object-page menu-item-has-children menu-item-4646\"><a href=\"https:\/\/fimif.edu.al\/en\/programet-e-studimit\/cikli-i-i-studimeve\/bachelor-ne-inxhinieri-kimike\/\" class=\"elementor-item\" tabindex=\"-1\">Bachelor n\u00eb Inxhinieri Kimike<\/a>\n<ul class=\"sub-menu elementor-nav-menu--dropdown\">\n\t<li class=\"menu-item menu-item-type-post_type menu-item-object-page menu-item-4508\"><a href=\"https:\/\/fimif.edu.al\/en\/programet-e-studimit\/cikli-i-i-studimeve\/bachelor-ne-inxhinieri-kimike\/plani-mesimor-bach-ik\/\" class=\"elementor-sub-item\" tabindex=\"-1\">Plani M\u00ebsimor<\/a><\/li>\n\t<li class=\"menu-item menu-item-type-post_type menu-item-object-page menu-item-4510\"><a href=\"https:\/\/fimif.edu.al\/en\/programet-e-studimit\/cikli-i-i-studimeve\/bachelor-ne-inxhinieri-kimike\/rregullore-bach-ik\/\" class=\"elementor-sub-item\" tabindex=\"-1\">Rregullore Bach-IK<\/a><\/li>\n<\/ul>\n<\/li>\n<\/ul>\t\t\t<\/nav>\n\t\t\t\t\t\t<\/div>\n\t\t\t\t<\/div>\n\t\t\t\t\t<\/div>\n\t\t\t\t<\/div>\n\t\t\t\t<\/div>\n\t\t\t\t<\/div>\n\t\t\t\t\t\t<\/div>\n\t\t\t\t<\/div>\n\t\t\t\t<\/div>\n\t\t<div class=\"elementor-element elementor-element-0093595 e-con-full e-flex e-con e-child\" data-id=\"0093595\" data-element_type=\"container\" data-e-type=\"container\" data-settings=\"{&quot;background_background&quot;:&quot;classic&quot;}\">\n\t\t\t\t<div class=\"elementor-element elementor-element-fdf425b elementor-widget__width-inherit elementor-widget elementor-widget-heading\" data-id=\"fdf425b\" data-element_type=\"widget\" data-e-type=\"widget\" data-widget_type=\"heading.default\">\n\t\t\t\t<div class=\"elementor-widget-container\">\n\t\t\t\t\t<h1 class=\"elementor-heading-title elementor-size-default\">Programet e Studimit - Departamenti i Inxhinieris\u00eb Matematike<\/h1>\t\t\t\t<\/div>\n\t\t\t\t<\/div>\n\t\t\t\t<div class=\"elementor-element elementor-element-b61b0a8 elementor-widget__width-inherit elementor-widget elementor-widget-heading\" data-id=\"b61b0a8\" data-element_type=\"widget\" data-e-type=\"widget\" data-widget_type=\"heading.default\">\n\t\t\t\t<div class=\"elementor-widget-container\">\n\t\t\t\t\t<h2 class=\"elementor-heading-title elementor-size-default\">Misioni i Departamentit t\u00eb Inxhinieris\u00eb Matematike<\/h2>\t\t\t\t<\/div>\n\t\t\t\t<\/div>\n\t\t\t\t<div class=\"elementor-element elementor-element-6cc153c elementor-widget elementor-widget-text-editor\" data-id=\"6cc153c\" data-element_type=\"widget\" data-e-type=\"widget\" data-widget_type=\"text-editor.default\">\n\t\t\t\t<div class=\"elementor-widget-container\">\n\t\t\t\t\t\t\t\t\t<p>Kursi i studimeve i ciklit t\u00eb par\u00eb \u201c<em>Bachelor n\u00eb Inxhinieri Matematike\u201d<\/em><em>,<\/em> i cili zgjat 3 (tre) vite akademike, synon t\u00eb formoj\u00eb matematikan\u00eb profesionist\u00eb q\u00eb t\u00eb jen\u00eb n\u00eb gjendje t\u00eb p\u00ebrballojn\u00eb studimin e sistemeve komplekse, njohjen e gjer\u00eb t\u00eb metodologjive moderne t\u00eb Matematik\u00ebs s\u00eb Zbatuar,\u00a0 analiz\u00ebn \u00a0dhe \u00a0zgjidhjen e problemeve konkrete.<\/p><p>Kursi nd\u00ebrthuret me kurse t\u00eb inxhinierive ekzistuese.\u00a0Studenti merr njohuri \u2018\u2019fizike\u2019\u2019 mbi problemet n\u00ebp\u00ebrmjet nj\u00eb s\u00ebr\u00eb l\u00ebnd\u00ebsh duke filluar nga Fizika deri te Kimia, nga Informatika tek Ekonomia.<\/p><p>Disa l\u00ebnd\u00eb baz\u00eb t\u00eb Inxhinieris\u00eb e pajisin studentin me njohurit\u00eb tipike t\u00eb zakonshme t\u00eb inxhinierit dhe me sensin e gjykimin teknologjik p\u00ebr t\u2019u p\u00ebrballur me probleme komplekse.<\/p><p>Studenti aft\u00ebsohet gjithashtu n\u00eb p\u00ebrdorimin e teknologjis\u00eb kompjuterike dhe softeve matematike.<br \/><strong style=\"background-color: transparent; color: var( --e-global-color-text );\">Njohurit\u00eb <\/strong><strong style=\"background-color: transparent; color: var( --e-global-color-text );\">dhe kompetencat e student\u00ebve n\u00eb p\u00ebrfundim t\u00eb programit m\u00ebsimor<\/strong><\/p><p>Ky kurs \u00ebsht\u00eb \u00a0nj\u00eb disiplin\u00eb relativisht e re, q\u00eb mb\u00ebshtetet n\u00eb bot\u00ebkuptimin inxhinierik dhe n\u00eb nj\u00eb spekt\u00ebr t\u00eb gjer\u00eb njohurish themelore dhe moderne, i cili n\u00eb p\u00ebrfundim t\u00eb programit t\u00eb studimit e pajis inxhinierin e ardhsh\u00ebm me njohuri p\u00ebr:<\/p><ol><li>Metodologjit\u00eb moderne t\u00eb Matematik\u00ebs s\u00eb Aplikuar dhe e aft\u00ebson p\u00ebr t\u00eb kuptuar nd\u00ebrthurjen midis njohurive t\u00eb ndryshme tekniko-shkencore<\/li><li>Metodologjit\u00eb q\u00eb ofrojn\u00eb sektor\u00ebt e ndrysh\u00ebm t\u00eb Matematik\u00ebs n\u00eb zbatimet inxhinierike t\u00eb saj<\/li><li>P\u00ebrdorimin e teknologjis\u00eb kompjuterike dhe softeve matematike t\u00eb ndryshme<\/li><li>T\u00eb q\u00ebn\u00eb t\u00eb aft\u00eb t\u00eb hyjn\u00eb n\u00eb tregun e pun\u00ebs, n\u00eb sh\u00ebrbimin civil dhe n\u00eb t\u00eb gjitha programet e ciklit t\u00eb dyt\u00eb.<\/li><li>Programet e k\u00ebtij cikli realizohen me 180 kredite ECTS dhe koh\u00ebzgjatja normale e tyre \u00ebsht\u00eb tri vite. Pasi plot\u00ebsohen k\u00ebrkesat kurrikulare t\u00eb programit t\u00eb studimit t\u00eb ciklit t\u00eb par\u00eb fitohet titulli akademik \u201cDiplom\u00eb Bachelor\u201d barazvlefsh\u00ebm me titullin akademik bachelor t\u00eb sistemit t\u00eb Bolonj\u00ebs.<\/li><\/ol>\t\t\t\t\t\t\t\t<\/div>\n\t\t\t\t<\/div>\n\t\t\t\t<\/div>\n\t\t\t\t\t<\/div>\n\t\t\t\t<\/div>\n\t\t\t\t<\/div>\n\t\t","protected":false},"excerpt":{"rendered":"<p>Programet e Studimit &#8211; Departamenti i Inxhinieris\u00eb Matematike Misioni i Departamentit t\u00eb Inxhinieris\u00eb Matematike Kursi i studimeve i ciklit t\u00eb par\u00eb \u201cBachelor n\u00eb Inxhinieri Matematike\u201d, i cili zgjat 3 (tre) vite akademike, synon t\u00eb formoj\u00eb matematikan\u00eb profesionist\u00eb q\u00eb t\u00eb jen\u00eb n\u00eb gjendje t\u00eb p\u00ebrballojn\u00eb studimin e sistemeve komplekse, njohjen e gjer\u00eb t\u00eb metodologjive moderne t\u00eb [&hellip;]<\/p>\n","protected":false},"author":1,"featured_media":0,"parent":4139,"menu_order":0,"comment_status":"closed","ping_status":"closed","template":"","meta":{"footnotes":""},"class_list":["post-225","page","type-page","status-publish","hentry"],"yoast_head":"<!-- This site is optimized with the Yoast SEO plugin v27.4 - https:\/\/yoast.com\/product\/yoast-seo-wordpress\/ -->\n<title>Bachelor n\u00eb Inxhinieri Matematike - Fakulteti i Inxhinieris\u00eb Matematike dhe Inxhinieris\u00eb Fizike<\/title>\n<meta name=\"robots\" content=\"index, follow, max-snippet:-1, max-image-preview:large, max-video-preview:-1\" \/>\n<link rel=\"canonical\" href=\"https:\/\/fimif.edu.al\/en\/programet-e-studimit\/cikli-i-i-studimeve\/bachelor-ne-inxhinieri-matematike\/\" \/>\n<meta property=\"og:locale\" content=\"en_GB\" \/>\n<meta property=\"og:type\" content=\"article\" \/>\n<meta property=\"og:title\" content=\"Bachelor n\u00eb Inxhinieri Matematike - Fakulteti i Inxhinieris\u00eb Matematike dhe Inxhinieris\u00eb Fizike\" \/>\n<meta property=\"og:description\" content=\"Programet e Studimit &#8211; Departamenti i Inxhinieris\u00eb Matematike Misioni i Departamentit t\u00eb Inxhinieris\u00eb Matematike Kursi i studimeve i ciklit t\u00eb par\u00eb \u201cBachelor n\u00eb Inxhinieri Matematike\u201d, i cili zgjat 3 (tre) vite akademike, synon t\u00eb formoj\u00eb matematikan\u00eb profesionist\u00eb q\u00eb t\u00eb jen\u00eb n\u00eb gjendje t\u00eb p\u00ebrballojn\u00eb studimin e sistemeve komplekse, njohjen e gjer\u00eb t\u00eb metodologjive moderne t\u00eb [&hellip;]\" \/>\n<meta property=\"og:url\" content=\"https:\/\/fimif.edu.al\/en\/programet-e-studimit\/cikli-i-i-studimeve\/bachelor-ne-inxhinieri-matematike\/\" \/>\n<meta property=\"og:site_name\" content=\"Fakulteti i Inxhinieris\u00eb Matematike dhe Inxhinieris\u00eb Fizike\" \/>\n<meta property=\"article:publisher\" content=\"https:\/\/www.facebook.com\/p\/Departamenti-i-Inxhinierise-Matematike-FIMIF-UPT-100077435994252\/\" \/>\n<meta property=\"article:modified_time\" content=\"2024-11-20T12:16:35+00:00\" \/>\n<meta name=\"twitter:card\" content=\"summary_large_image\" \/>\n<meta name=\"twitter:label1\" content=\"Estimated reading time\" \/>\n\t<meta name=\"twitter:data1\" content=\"2 minutes\" \/>\n<script type=\"application\/ld+json\" class=\"yoast-schema-graph\">{\"@context\":\"https:\\\/\\\/schema.org\",\"@graph\":[{\"@type\":\"WebPage\",\"@id\":\"https:\\\/\\\/fimif.edu.al\\\/programet-e-studimit\\\/cikli-i-i-studimeve\\\/bachelor-ne-inxhinieri-matematike\\\/\",\"url\":\"https:\\\/\\\/fimif.edu.al\\\/programet-e-studimit\\\/cikli-i-i-studimeve\\\/bachelor-ne-inxhinieri-matematike\\\/\",\"name\":\"Bachelor n\u00eb Inxhinieri Matematike - Fakulteti i Inxhinieris\u00eb Matematike dhe Inxhinieris\u00eb Fizike\",\"isPartOf\":{\"@id\":\"https:\\\/\\\/fimif.edu.al\\\/#website\"},\"datePublished\":\"2020-10-04T11:42:32+00:00\",\"dateModified\":\"2024-11-20T12:16:35+00:00\",\"breadcrumb\":{\"@id\":\"https:\\\/\\\/fimif.edu.al\\\/programet-e-studimit\\\/cikli-i-i-studimeve\\\/bachelor-ne-inxhinieri-matematike\\\/#breadcrumb\"},\"inLanguage\":\"en-GB\",\"potentialAction\":[{\"@type\":\"ReadAction\",\"target\":[\"https:\\\/\\\/fimif.edu.al\\\/programet-e-studimit\\\/cikli-i-i-studimeve\\\/bachelor-ne-inxhinieri-matematike\\\/\"]}]},{\"@type\":\"BreadcrumbList\",\"@id\":\"https:\\\/\\\/fimif.edu.al\\\/programet-e-studimit\\\/cikli-i-i-studimeve\\\/bachelor-ne-inxhinieri-matematike\\\/#breadcrumb\",\"itemListElement\":[{\"@type\":\"ListItem\",\"position\":1,\"name\":\"Home\",\"item\":\"https:\\\/\\\/fimif.edu.al\\\/\"},{\"@type\":\"ListItem\",\"position\":2,\"name\":\"Programet e Studimit\",\"item\":\"https:\\\/\\\/fimif.edu.al\\\/programet-e-studimit\\\/\"},{\"@type\":\"ListItem\",\"position\":3,\"name\":\"Cikli I i Studimeve\",\"item\":\"https:\\\/\\\/fimif.edu.al\\\/programet-e-studimit\\\/cikli-i-i-studimeve\\\/\"},{\"@type\":\"ListItem\",\"position\":4,\"name\":\"Bachelor n\u00eb Inxhinieri Matematike\"}]},{\"@type\":\"WebSite\",\"@id\":\"https:\\\/\\\/fimif.edu.al\\\/#website\",\"url\":\"https:\\\/\\\/fimif.edu.al\\\/\",\"name\":\"Fakulteti i Inxhinieris\u00eb Matematike dhe Inxhinieris\u00eb Fizike\",\"description\":\"FIMIF, UPT Tirane\",\"publisher\":{\"@id\":\"https:\\\/\\\/fimif.edu.al\\\/#organization\"},\"potentialAction\":[{\"@type\":\"SearchAction\",\"target\":{\"@type\":\"EntryPoint\",\"urlTemplate\":\"https:\\\/\\\/fimif.edu.al\\\/?s={search_term_string}\"},\"query-input\":{\"@type\":\"PropertyValueSpecification\",\"valueRequired\":true,\"valueName\":\"search_term_string\"}}],\"inLanguage\":\"en-GB\"},{\"@type\":\"Organization\",\"@id\":\"https:\\\/\\\/fimif.edu.al\\\/#organization\",\"name\":\"Fakulteti i Inxhinieris\u00eb Matematike dhe Inxhinieris\u00eb Fizike\",\"url\":\"https:\\\/\\\/fimif.edu.al\\\/\",\"logo\":{\"@type\":\"ImageObject\",\"inLanguage\":\"en-GB\",\"@id\":\"https:\\\/\\\/fimif.edu.al\\\/#\\\/schema\\\/logo\\\/image\\\/\",\"url\":\"https:\\\/\\\/fimif.edu.al\\\/wp-content\\\/uploads\\\/2024\\\/10\\\/Fimif-Logo.svg\",\"contentUrl\":\"https:\\\/\\\/fimif.edu.al\\\/wp-content\\\/uploads\\\/2024\\\/10\\\/Fimif-Logo.svg\",\"width\":653,\"height\":219,\"caption\":\"Fakulteti i Inxhinieris\u00eb Matematike dhe Inxhinieris\u00eb Fizike\"},\"image\":{\"@id\":\"https:\\\/\\\/fimif.edu.al\\\/#\\\/schema\\\/logo\\\/image\\\/\"},\"sameAs\":[\"https:\\\/\\\/www.facebook.com\\\/p\\\/Departamenti-i-Inxhinierise-Matematike-FIMIF-UPT-100077435994252\\\/\"]}]}<\/script>\n<!-- \/ Yoast SEO plugin. -->","yoast_head_json":{"title":"Bachelor n\u00eb Inxhinieri Matematike - Fakulteti i Inxhinieris\u00eb Matematike dhe Inxhinieris\u00eb Fizike","robots":{"index":"index","follow":"follow","max-snippet":"max-snippet:-1","max-image-preview":"max-image-preview:large","max-video-preview":"max-video-preview:-1"},"canonical":"https:\/\/fimif.edu.al\/en\/programet-e-studimit\/cikli-i-i-studimeve\/bachelor-ne-inxhinieri-matematike\/","og_locale":"en_GB","og_type":"article","og_title":"Bachelor n\u00eb Inxhinieri Matematike - Fakulteti i Inxhinieris\u00eb Matematike dhe Inxhinieris\u00eb Fizike","og_description":"Programet e Studimit &#8211; Departamenti i Inxhinieris\u00eb Matematike Misioni i Departamentit t\u00eb Inxhinieris\u00eb Matematike Kursi i studimeve i ciklit t\u00eb par\u00eb \u201cBachelor n\u00eb Inxhinieri Matematike\u201d, i cili zgjat 3 (tre) vite akademike, synon t\u00eb formoj\u00eb matematikan\u00eb profesionist\u00eb q\u00eb t\u00eb jen\u00eb n\u00eb gjendje t\u00eb p\u00ebrballojn\u00eb studimin e sistemeve komplekse, njohjen e gjer\u00eb t\u00eb metodologjive moderne t\u00eb [&hellip;]","og_url":"https:\/\/fimif.edu.al\/en\/programet-e-studimit\/cikli-i-i-studimeve\/bachelor-ne-inxhinieri-matematike\/","og_site_name":"Fakulteti i Inxhinieris\u00eb Matematike dhe Inxhinieris\u00eb Fizike","article_publisher":"https:\/\/www.facebook.com\/p\/Departamenti-i-Inxhinierise-Matematike-FIMIF-UPT-100077435994252\/","article_modified_time":"2024-11-20T12:16:35+00:00","twitter_card":"summary_large_image","twitter_misc":{"Estimated reading time":"2 minutes"},"schema":{"@context":"https:\/\/schema.org","@graph":[{"@type":"WebPage","@id":"https:\/\/fimif.edu.al\/programet-e-studimit\/cikli-i-i-studimeve\/bachelor-ne-inxhinieri-matematike\/","url":"https:\/\/fimif.edu.al\/programet-e-studimit\/cikli-i-i-studimeve\/bachelor-ne-inxhinieri-matematike\/","name":"Bachelor n\u00eb Inxhinieri Matematike - Fakulteti i Inxhinieris\u00eb Matematike dhe Inxhinieris\u00eb Fizike","isPartOf":{"@id":"https:\/\/fimif.edu.al\/#website"},"datePublished":"2020-10-04T11:42:32+00:00","dateModified":"2024-11-20T12:16:35+00:00","breadcrumb":{"@id":"https:\/\/fimif.edu.al\/programet-e-studimit\/cikli-i-i-studimeve\/bachelor-ne-inxhinieri-matematike\/#breadcrumb"},"inLanguage":"en-GB","potentialAction":[{"@type":"ReadAction","target":["https:\/\/fimif.edu.al\/programet-e-studimit\/cikli-i-i-studimeve\/bachelor-ne-inxhinieri-matematike\/"]}]},{"@type":"BreadcrumbList","@id":"https:\/\/fimif.edu.al\/programet-e-studimit\/cikli-i-i-studimeve\/bachelor-ne-inxhinieri-matematike\/#breadcrumb","itemListElement":[{"@type":"ListItem","position":1,"name":"Home","item":"https:\/\/fimif.edu.al\/"},{"@type":"ListItem","position":2,"name":"Programet e Studimit","item":"https:\/\/fimif.edu.al\/programet-e-studimit\/"},{"@type":"ListItem","position":3,"name":"Cikli I i Studimeve","item":"https:\/\/fimif.edu.al\/programet-e-studimit\/cikli-i-i-studimeve\/"},{"@type":"ListItem","position":4,"name":"Bachelor n\u00eb Inxhinieri Matematike"}]},{"@type":"WebSite","@id":"https:\/\/fimif.edu.al\/#website","url":"https:\/\/fimif.edu.al\/","name":"Fakulteti i Inxhinieris\u00eb Matematike dhe Inxhinieris\u00eb Fizike","description":"FIMIF, UPT Tirane","publisher":{"@id":"https:\/\/fimif.edu.al\/#organization"},"potentialAction":[{"@type":"SearchAction","target":{"@type":"EntryPoint","urlTemplate":"https:\/\/fimif.edu.al\/?s={search_term_string}"},"query-input":{"@type":"PropertyValueSpecification","valueRequired":true,"valueName":"search_term_string"}}],"inLanguage":"en-GB"},{"@type":"Organization","@id":"https:\/\/fimif.edu.al\/#organization","name":"Fakulteti i Inxhinieris\u00eb Matematike dhe Inxhinieris\u00eb Fizike","url":"https:\/\/fimif.edu.al\/","logo":{"@type":"ImageObject","inLanguage":"en-GB","@id":"https:\/\/fimif.edu.al\/#\/schema\/logo\/image\/","url":"https:\/\/fimif.edu.al\/wp-content\/uploads\/2024\/10\/Fimif-Logo.svg","contentUrl":"https:\/\/fimif.edu.al\/wp-content\/uploads\/2024\/10\/Fimif-Logo.svg","width":653,"height":219,"caption":"Fakulteti i Inxhinieris\u00eb Matematike dhe Inxhinieris\u00eb Fizike"},"image":{"@id":"https:\/\/fimif.edu.al\/#\/schema\/logo\/image\/"},"sameAs":["https:\/\/www.facebook.com\/p\/Departamenti-i-Inxhinierise-Matematike-FIMIF-UPT-100077435994252\/"]}]}},"_links":{"self":[{"href":"https:\/\/fimif.edu.al\/en\/wp-json\/wp\/v2\/pages\/225","targetHints":{"allow":["GET"]}}],"collection":[{"href":"https:\/\/fimif.edu.al\/en\/wp-json\/wp\/v2\/pages"}],"about":[{"href":"https:\/\/fimif.edu.al\/en\/wp-json\/wp\/v2\/types\/page"}],"author":[{"embeddable":true,"href":"https:\/\/fimif.edu.al\/en\/wp-json\/wp\/v2\/users\/1"}],"replies":[{"embeddable":true,"href":"https:\/\/fimif.edu.al\/en\/wp-json\/wp\/v2\/comments?post=225"}],"version-history":[{"count":6,"href":"https:\/\/fimif.edu.al\/en\/wp-json\/wp\/v2\/pages\/225\/revisions"}],"predecessor-version":[{"id":4592,"href":"https:\/\/fimif.edu.al\/en\/wp-json\/wp\/v2\/pages\/225\/revisions\/4592"}],"up":[{"embeddable":true,"href":"https:\/\/fimif.edu.al\/en\/wp-json\/wp\/v2\/pages\/4139"}],"wp:attachment":[{"href":"https:\/\/fimif.edu.al\/en\/wp-json\/wp\/v2\/media?parent=225"}],"curies":[{"name":"wp","href":"https:\/\/api.w.org\/{rel}","templated":true}]}}