{"id":229,"date":"2020-10-04T12:46:48","date_gmt":"2020-10-04T11:46:48","guid":{"rendered":"https:\/\/fimif.edu.al\/?page_id=229"},"modified":"2024-11-20T14:13:21","modified_gmt":"2024-11-20T13:13:21","slug":"bachelor-ne-inxhinieri-fizike","status":"publish","type":"page","link":"https:\/\/fimif.edu.al\/en\/programet-e-studimit\/cikli-i-i-studimeve\/bachelor-ne-inxhinieri-fizike\/","title":{"rendered":"Bachelor in Engineering Physics"},"content":{"rendered":"\t\t<div data-elementor-type=\"wp-page\" data-elementor-id=\"229\" class=\"elementor elementor-229\" data-elementor-post-type=\"page\">\n\t\t\t\t<div class=\"elementor-element elementor-element-fb67622 e-flex e-con-boxed e-con e-parent\" data-id=\"fb67622\" data-element_type=\"container\" data-e-type=\"container\">\n\t\t\t\t\t<div class=\"e-con-inner\">\n\t\t<div class=\"elementor-element elementor-element-5358d6c e-con-full e-flex e-con e-child\" data-id=\"5358d6c\" data-element_type=\"container\" data-e-type=\"container\" data-settings=\"{&quot;sticky&quot;:&quot;top&quot;,&quot;sticky_on&quot;:[&quot;desktop&quot;,&quot;laptop&quot;,&quot;tablet&quot;],&quot;sticky_offset&quot;:80,&quot;sticky_parent&quot;:&quot;yes&quot;,&quot;sticky_effects_offset&quot;:0,&quot;sticky_anchor_link_offset&quot;:0}\">\n\t\t\t\t<div class=\"elementor-element elementor-element-87150a5 elementor-widget elementor-widget-template\" data-id=\"87150a5\" data-element_type=\"widget\" data-e-type=\"widget\" data-widget_type=\"template.default\">\n\t\t\t\t<div class=\"elementor-widget-container\">\n\t\t\t\t\t\t\t<div class=\"elementor-template\">\n\t\t\t\t\t<div data-elementor-type=\"container\" data-elementor-id=\"4511\" class=\"elementor elementor-4511\" data-elementor-post-type=\"elementor_library\">\n\t\t\t\t<div class=\"elementor-element elementor-element-975ae01 e-flex e-con-boxed e-con e-parent\" data-id=\"975ae01\" data-element_type=\"container\" data-e-type=\"container\">\n\t\t\t\t\t<div class=\"e-con-inner\">\n\t\t\t\t<div class=\"elementor-element elementor-element-5a80bd9 elementor-nav-menu__text-align-aside elementor-widget elementor-widget-nav-menu\" data-id=\"5a80bd9\" data-element_type=\"widget\" data-e-type=\"widget\" data-settings=\"{&quot;layout&quot;:&quot;dropdown&quot;,&quot;submenu_icon&quot;:{&quot;value&quot;:&quot;&lt;svg aria-hidden=\\&quot;true\\&quot; class=\\&quot;e-font-icon-svg e-fas-caret-down\\&quot; viewBox=\\&quot;0 0 320 512\\&quot; xmlns=\\&quot;http:\\\/\\\/www.w3.org\\\/2000\\\/svg\\&quot;&gt;&lt;path d=\\&quot;M31.3 192h257.3c17.8 0 26.7 21.5 14.1 34.1L174.1 354.8c-7.8 7.8-20.5 7.8-28.3 0L17.2 226.1C4.6 213.5 13.5 192 31.3 192z\\&quot;&gt;&lt;\\\/path&gt;&lt;\\\/svg&gt;&quot;,&quot;library&quot;:&quot;fa-solid&quot;}}\" data-widget_type=\"nav-menu.default\">\n\t\t\t\t<div class=\"elementor-widget-container\">\n\t\t\t\t\t\t\t\t<nav class=\"elementor-nav-menu--dropdown elementor-nav-menu__container\" aria-hidden=\"true\">\n\t\t\t\t<ul id=\"menu-2-5a80bd9\" class=\"elementor-nav-menu\"><li class=\"menu-item menu-item-type-post_type menu-item-object-page menu-item-has-children menu-item-4505\"><a href=\"https:\/\/fimif.edu.al\/en\/programet-e-studimit\/cikli-i-i-studimeve\/bachelor-ne-inxhinieri-matematike\/\" class=\"elementor-item\" tabindex=\"-1\">Bachelor n\u00eb Inxhinieri Matematike<\/a>\n<ul class=\"sub-menu elementor-nav-menu--dropdown\">\n\t<li class=\"menu-item menu-item-type-post_type menu-item-object-page menu-item-4507\"><a href=\"https:\/\/fimif.edu.al\/en\/departamentet\/departamenti-i-inxhinierise-matematike\/plani-mesimor-bach-im\/\" class=\"elementor-sub-item\" tabindex=\"-1\">Plani M\u00ebsimor<\/a><\/li>\n\t<li class=\"menu-item menu-item-type-post_type menu-item-object-page menu-item-4509\"><a href=\"https:\/\/fimif.edu.al\/en\/programet-e-studimit\/cikli-i-i-studimeve\/bachelor-ne-inxhinieri-matematike\/rregullore-bach-im\/\" class=\"elementor-sub-item\" tabindex=\"-1\">Rregullore Bach-IM<\/a><\/li>\n<\/ul>\n<\/li>\n<li class=\"menu-item menu-item-type-post_type menu-item-object-page menu-item-has-children menu-item-4500\"><a href=\"https:\/\/fimif.edu.al\/en\/programet-e-studimit\/cikli-i-i-studimeve\/bachelor-ne-inxhinieri-fizike\/\" class=\"elementor-item\" tabindex=\"-1\">Bachelor n\u00eb Inxhinieri Fizike<\/a>\n<ul class=\"sub-menu elementor-nav-menu--dropdown\">\n\t<li class=\"menu-item menu-item-type-post_type menu-item-object-page menu-item-4504\"><a href=\"https:\/\/fimif.edu.al\/en\/programet-e-studimit\/cikli-i-i-studimeve\/bachelor-ne-inxhinieri-fizike\/plani-mesimor-bach-if\/\" class=\"elementor-sub-item\" tabindex=\"-1\">Plani M\u00ebsimor<\/a><\/li>\n\t<li class=\"menu-item menu-item-type-post_type menu-item-object-page menu-item-4503\"><a href=\"https:\/\/fimif.edu.al\/en\/programet-e-studimit\/cikli-i-i-studimeve\/bachelor-ne-inxhinieri-fizike\/rregullore-bach-if\/\" class=\"elementor-sub-item\" tabindex=\"-1\">Rregullore Bach-IF<\/a><\/li>\n<\/ul>\n<\/li>\n<li class=\"menu-item menu-item-type-post_type menu-item-object-page menu-item-has-children menu-item-4646\"><a href=\"https:\/\/fimif.edu.al\/en\/programet-e-studimit\/cikli-i-i-studimeve\/bachelor-ne-inxhinieri-kimike\/\" class=\"elementor-item\" tabindex=\"-1\">Bachelor n\u00eb Inxhinieri Kimike<\/a>\n<ul class=\"sub-menu elementor-nav-menu--dropdown\">\n\t<li class=\"menu-item menu-item-type-post_type menu-item-object-page menu-item-4508\"><a href=\"https:\/\/fimif.edu.al\/en\/programet-e-studimit\/cikli-i-i-studimeve\/bachelor-ne-inxhinieri-kimike\/plani-mesimor-bach-ik\/\" class=\"elementor-sub-item\" tabindex=\"-1\">Plani M\u00ebsimor<\/a><\/li>\n\t<li class=\"menu-item menu-item-type-post_type menu-item-object-page menu-item-4510\"><a href=\"https:\/\/fimif.edu.al\/en\/programet-e-studimit\/cikli-i-i-studimeve\/bachelor-ne-inxhinieri-kimike\/rregullore-bach-ik\/\" class=\"elementor-sub-item\" tabindex=\"-1\">Rregullore Bach-IK<\/a><\/li>\n<\/ul>\n<\/li>\n<\/ul>\t\t\t<\/nav>\n\t\t\t\t\t\t<\/div>\n\t\t\t\t<\/div>\n\t\t\t\t\t<\/div>\n\t\t\t\t<\/div>\n\t\t\t\t<\/div>\n\t\t\t\t<\/div>\n\t\t\t\t\t\t<\/div>\n\t\t\t\t<\/div>\n\t\t\t\t<\/div>\n\t\t<div class=\"elementor-element elementor-element-3da4e1d e-con-full e-flex e-con e-child\" data-id=\"3da4e1d\" data-element_type=\"container\" data-e-type=\"container\" data-settings=\"{&quot;background_background&quot;:&quot;classic&quot;}\">\n\t\t\t\t<div class=\"elementor-element elementor-element-775ae19 elementor-widget__width-inherit elementor-widget elementor-widget-heading\" data-id=\"775ae19\" data-element_type=\"widget\" data-e-type=\"widget\" data-widget_type=\"heading.default\">\n\t\t\t\t<div class=\"elementor-widget-container\">\n\t\t\t\t\t<h1 class=\"elementor-heading-title elementor-size-default\">Programet e Studimit - Departamenti i Inxhinieris\u00eb Fizike <\/h1>\t\t\t\t<\/div>\n\t\t\t\t<\/div>\n\t\t\t\t<div class=\"elementor-element elementor-element-9c7233a elementor-widget__width-inherit elementor-widget elementor-widget-heading\" data-id=\"9c7233a\" data-element_type=\"widget\" data-e-type=\"widget\" data-widget_type=\"heading.default\">\n\t\t\t\t<div class=\"elementor-widget-container\">\n\t\t\t\t\t<h2 class=\"elementor-heading-title elementor-size-default\">Misioni i Departamentit t\u00eb Inxhinieris\u00eb Fizike<\/h2>\t\t\t\t<\/div>\n\t\t\t\t<\/div>\n\t\t\t\t<div class=\"elementor-element elementor-element-401d815 elementor-widget elementor-widget-text-editor\" data-id=\"401d815\" data-element_type=\"widget\" data-e-type=\"widget\" data-widget_type=\"text-editor.default\">\n\t\t\t\t<div class=\"elementor-widget-container\">\n\t\t\t\t\t\t\t\t\t<p>DIF \u00ebsht\u00eb nj\u00eb nd\u00ebr nj\u00ebsit\u00eb baz\u00eb t\u00eb FIMIF, UPT, dhe ofron programe t\u00eb studimeve t\u00eb organizuara n\u00eb tri cikle studimesh t\u00eb nj\u00ebpasnj\u00ebshme:<\/p><table border=\"1\"><thead><tr><th>Cikli<\/th><th>Programi<\/th><\/tr><\/thead><tbody><tr><td>Cikli i pare (180 ECTS)<\/td><td>Bachelor n\u00eb Inxhinieri Fizike<\/td><\/tr><tr><td>Cikli i dyt\u00eb (120 ECTS)<\/td><td>Master i Shkencave n\u00eb Inxhinieri Fizike, Profili Fizikan Mjek\u00ebsor<br \/>Master i Shkencave n\u00eb Inxhinieri Fizike, Profili Inxhinier Fizike<\/td><\/tr><tr><td>Cikli i tret\u00eb<\/td><td>Doktorat\u00eb n\u00eb Inxhinieri Fizike<\/td><\/tr><\/tbody><\/table><p>Departamenti i Inxhinieris\u00eb Fizike fokusohet n\u00eb aplikimin e parimeve fizike n\u00eb inxhinieri dhe teknologji. Ai synon ruajtjen dhe konsolidimin e vlerave akademike e kulturore komb\u00ebtare. Veprimtaria e tij \u00ebsht\u00eb nd\u00ebrtuar n\u00eb m\u00ebnyr\u00eb t\u00eb till\u00eb q\u00eb t\u00eb p\u00ebrgatis\u00eb individ\u00eb t\u00eb kualifikuar, t\u00eb cil\u00ebt duke kontribuar n\u00eb fush\u00ebn e m\u00ebsimdh\u00ebnies apo n\u00eb fusha t\u00eb tjera, ndikojn\u00eb n\u00eb zhvillimin ekonomik t\u00eb mbar\u00eb shoq\u00ebris\u00eb. Departamenti i p\u00ebrmbahet nj\u00eb strategjie t\u00eb mir\u00ebp\u00ebrcaktuar t\u00eb m\u00ebsimdh\u00ebnies dhe k\u00ebrkimit shkencor. Kjo gj\u00eb realizohet duke v\u00ebn\u00eb n\u00eb dispozicion t\u00eb gjitha burimet njer\u00ebzore t\u00eb departamentit. Stafi akademik, n\u00eb p\u00ebrputhje me fushat e tij t\u00eb k\u00ebrkimit shkencor, zhvillon nj\u00eb veprimtari t\u00eb suksesshme n\u00eb p\u00ebrputhje me drejtimet e zhvillimit t\u00eb vet\u00eb institucionit.<\/p>\t\t\t\t\t\t\t\t<\/div>\n\t\t\t\t<\/div>\n\t\t\t\t<div class=\"elementor-element elementor-element-459eb23 elementor-widget__width-inherit elementor-widget elementor-widget-heading\" data-id=\"459eb23\" data-element_type=\"widget\" data-e-type=\"widget\" data-widget_type=\"heading.default\">\n\t\t\t\t<div class=\"elementor-widget-container\">\n\t\t\t\t\t<h2 class=\"elementor-heading-title elementor-size-default\">Mund\u00ebsit\u00eb e karrier\u00ebs <\/h2>\t\t\t\t<\/div>\n\t\t\t\t<\/div>\n\t\t\t\t<div class=\"elementor-element elementor-element-84cdcc2 elementor-widget elementor-widget-text-editor\" data-id=\"84cdcc2\" data-element_type=\"widget\" data-e-type=\"widget\" data-widget_type=\"text-editor.default\">\n\t\t\t\t<div class=\"elementor-widget-container\">\n\t\t\t\t\t\t\t\t\t<p>Student\u00ebt t\u00eb cil\u00ebt p\u00ebrfundojn\u00eb studimet pran\u00eb DIF pun\u00ebsohen n\u00eb shum\u00eb fusha t\u00eb ekonomis\u00eb si:<\/p><ul><li>Inxhinier\u00eb n\u00eb laborator\u00ebt e kontrollit dhe t\u00eb testimit t\u00eb materialeve;<\/li><li>Fizikan Mjek\u00ebsor pran\u00eb qendrave spitalore<\/li><li>Inxhinier\u00eb n\u00eb aplikimin dhe p\u00ebrdorimin e burimeve t\u00eb rip\u00ebrt\u00ebritshme<\/li><li>K\u00ebrkues n\u00eb laboratore shkencore<\/li><li>Konsulent\u00eb p\u00ebr teknologji t\u00eb reja<\/li><li>Konsulent\u00eb p\u00ebr zbatimin e projekteve t\u00eb ndryshme inxhinierike<\/li><li>Konsulent\u00eb p\u00ebr mir\u00ebmbajtjen dhe kontrollin e asistuar t\u00eb sistemeve inxhinierike<\/li><li>Konsulent\u00eb n\u00eb teknologjin\u00eb e matjeve t\u00eb rrezatimeve optike<\/li><li>Konsulent\u00eb t\u00eb emisioneve akustike<\/li><\/ul><p><strong>Profilet k\u00ebrkimore <\/strong>kryesore t\u00eb DIF n\u00eb t\u00eb cilat \u00ebsht\u00eb orientuar puna e thelluar k\u00ebrkimore dhe ofrimi i studimeve t\u00eb ciklit t\u00eb tret\u00eb jan\u00eb:<\/p><ul><li><strong>\u201cShkenca e Materialeve\u201d <\/strong><\/li><li><strong>\u201cEnergjia dhe Mjedisi\u201d <\/strong><\/li><li><strong>\u201cOptik\u00eb e Zbatuar\u201d <\/strong><\/li><\/ul><p><strong>Fushat e ekspertiz\u00ebs <\/strong>s\u00eb DIF jan\u00eb si m\u00eb posht\u00eb:<\/p><ol><li>Mbrojtja nga rrezatimet jonizuese dhe jo-jonizuese.<\/li><li>Kontrolli i cil\u00ebsis\u00eb s\u00eb pajisjeve mjek\u00ebsore.<\/li><li>Sigurimi i cil\u00ebsis\u00eb, akreditimi dhe menaxhimi i arsimit t\u00eb lart\u00eb.<\/li><li>Imazheria mjek\u00ebsore virtuale, mekanizmat QA dhe QC.<\/li><li>Analiz\u00eb t\u00eb dh\u00ebnash dhe Inteligjenc\u00eb Artificiale, Simulime dedektor\u00ebsh, Simulime t\u00eb transportit lidhur me radioaktivitetin mjedisor, Modele epidemiologjike, Forecasting dhe Sisteme komplekse.<\/li><li>Energjit\u00eb e rip\u00ebrt\u00ebritshme<\/li><li>Matja e temperaturave dhe flukseve t\u00eb nxeht\u00ebsis\u00eb q\u00eb lidhen me tranzicionet termike tek materialet.<\/li><li>Sinteza dhe karakterizimi (struktura dhe morfologjia) i materialeve nanokristalin\u00eb, n\u00eb trajt\u00eb pluhurash apo filmash t\u00eb holl\u00eb.<\/li><li>Analiza e vetive termofizike t\u00eb lengjeve t\u00eb pasterta dhe t\u00eb p\u00ebrzierjeve t\u00eb tyre.<\/li><li>Modelimi dhe simulimi i metodave numerike t\u00eb cilat sh\u00ebrbejn\u00eb p\u00ebr studimin e vetive mekanike t\u00eb fibrave me p\u00ebrb\u00ebrje t\u00eb ndryshme dhe t\u00eb p\u00ebrdorura n\u00eb thurje tekstili.<\/li><li>Studime ekperimetale t\u00eb proceseve difuzive.<\/li><li>Analizat kimiko-fizike t\u00eb betoneve dhe pastave t\u00eb \u00e7imentos<\/li><\/ol>\t\t\t\t\t\t\t\t<\/div>\n\t\t\t\t<\/div>\n\t\t\t\t<\/div>\n\t\t\t\t\t<\/div>\n\t\t\t\t<\/div>\n\t\t\t\t<\/div>\n\t\t","protected":false},"excerpt":{"rendered":"<p>Programet e Studimit &#8211; Departamenti i Inxhinieris\u00eb Fizike Misioni i Departamentit t\u00eb Inxhinieris\u00eb Fizike DIF \u00ebsht\u00eb nj\u00eb nd\u00ebr nj\u00ebsit\u00eb baz\u00eb t\u00eb FIMIF, UPT, dhe ofron programe t\u00eb studimeve t\u00eb organizuara n\u00eb tri cikle studimesh t\u00eb nj\u00ebpasnj\u00ebshme: Cikli Programi Cikli i pare (180 ECTS) Bachelor n\u00eb Inxhinieri Fizike Cikli i dyt\u00eb (120 ECTS) Master i Shkencave [&hellip;]<\/p>\n","protected":false},"author":1,"featured_media":0,"parent":4139,"menu_order":0,"comment_status":"closed","ping_status":"closed","template":"","meta":{"footnotes":""},"class_list":["post-229","page","type-page","status-publish","hentry"],"yoast_head":"<!-- This site is optimized with the Yoast SEO plugin v27.4 - https:\/\/yoast.com\/product\/yoast-seo-wordpress\/ -->\n<title>Bachelor n\u00eb Inxhinieri Fizike - Fakulteti i Inxhinieris\u00eb Matematike dhe Inxhinieris\u00eb Fizike<\/title>\n<meta name=\"robots\" content=\"index, follow, max-snippet:-1, max-image-preview:large, max-video-preview:-1\" \/>\n<link rel=\"canonical\" href=\"https:\/\/fimif.edu.al\/en\/programet-e-studimit\/cikli-i-i-studimeve\/bachelor-ne-inxhinieri-fizike\/\" \/>\n<meta property=\"og:locale\" content=\"en_GB\" \/>\n<meta property=\"og:type\" content=\"article\" \/>\n<meta property=\"og:title\" content=\"Bachelor n\u00eb Inxhinieri Fizike - Fakulteti i Inxhinieris\u00eb Matematike dhe Inxhinieris\u00eb Fizike\" \/>\n<meta property=\"og:description\" content=\"Programet e Studimit &#8211; Departamenti i Inxhinieris\u00eb Fizike Misioni i Departamentit t\u00eb Inxhinieris\u00eb Fizike DIF \u00ebsht\u00eb nj\u00eb nd\u00ebr nj\u00ebsit\u00eb baz\u00eb t\u00eb FIMIF, UPT, dhe ofron programe t\u00eb studimeve t\u00eb organizuara n\u00eb tri cikle studimesh t\u00eb nj\u00ebpasnj\u00ebshme: Cikli Programi Cikli i pare (180 ECTS) Bachelor n\u00eb Inxhinieri Fizike Cikli i dyt\u00eb (120 ECTS) Master i Shkencave [&hellip;]\" \/>\n<meta property=\"og:url\" content=\"https:\/\/fimif.edu.al\/en\/programet-e-studimit\/cikli-i-i-studimeve\/bachelor-ne-inxhinieri-fizike\/\" \/>\n<meta property=\"og:site_name\" content=\"Fakulteti i Inxhinieris\u00eb Matematike dhe Inxhinieris\u00eb Fizike\" \/>\n<meta property=\"article:publisher\" content=\"https:\/\/www.facebook.com\/p\/Departamenti-i-Inxhinierise-Matematike-FIMIF-UPT-100077435994252\/\" \/>\n<meta property=\"article:modified_time\" content=\"2024-11-20T13:13:21+00:00\" \/>\n<meta name=\"twitter:card\" content=\"summary_large_image\" \/>\n<meta name=\"twitter:label1\" content=\"Estimated reading time\" \/>\n\t<meta name=\"twitter:data1\" content=\"2 minutes\" \/>\n<script type=\"application\/ld+json\" class=\"yoast-schema-graph\">{\"@context\":\"https:\\\/\\\/schema.org\",\"@graph\":[{\"@type\":\"WebPage\",\"@id\":\"https:\\\/\\\/fimif.edu.al\\\/programet-e-studimit\\\/cikli-i-i-studimeve\\\/bachelor-ne-inxhinieri-fizike\\\/\",\"url\":\"https:\\\/\\\/fimif.edu.al\\\/programet-e-studimit\\\/cikli-i-i-studimeve\\\/bachelor-ne-inxhinieri-fizike\\\/\",\"name\":\"Bachelor n\u00eb Inxhinieri Fizike - Fakulteti i Inxhinieris\u00eb Matematike dhe Inxhinieris\u00eb Fizike\",\"isPartOf\":{\"@id\":\"https:\\\/\\\/fimif.edu.al\\\/#website\"},\"datePublished\":\"2020-10-04T11:46:48+00:00\",\"dateModified\":\"2024-11-20T13:13:21+00:00\",\"breadcrumb\":{\"@id\":\"https:\\\/\\\/fimif.edu.al\\\/programet-e-studimit\\\/cikli-i-i-studimeve\\\/bachelor-ne-inxhinieri-fizike\\\/#breadcrumb\"},\"inLanguage\":\"en-GB\",\"potentialAction\":[{\"@type\":\"ReadAction\",\"target\":[\"https:\\\/\\\/fimif.edu.al\\\/programet-e-studimit\\\/cikli-i-i-studimeve\\\/bachelor-ne-inxhinieri-fizike\\\/\"]}]},{\"@type\":\"BreadcrumbList\",\"@id\":\"https:\\\/\\\/fimif.edu.al\\\/programet-e-studimit\\\/cikli-i-i-studimeve\\\/bachelor-ne-inxhinieri-fizike\\\/#breadcrumb\",\"itemListElement\":[{\"@type\":\"ListItem\",\"position\":1,\"name\":\"Home\",\"item\":\"https:\\\/\\\/fimif.edu.al\\\/\"},{\"@type\":\"ListItem\",\"position\":2,\"name\":\"Programet e Studimit\",\"item\":\"https:\\\/\\\/fimif.edu.al\\\/programet-e-studimit\\\/\"},{\"@type\":\"ListItem\",\"position\":3,\"name\":\"Cikli I i Studimeve\",\"item\":\"https:\\\/\\\/fimif.edu.al\\\/programet-e-studimit\\\/cikli-i-i-studimeve\\\/\"},{\"@type\":\"ListItem\",\"position\":4,\"name\":\"Bachelor n\u00eb Inxhinieri Fizike\"}]},{\"@type\":\"WebSite\",\"@id\":\"https:\\\/\\\/fimif.edu.al\\\/#website\",\"url\":\"https:\\\/\\\/fimif.edu.al\\\/\",\"name\":\"Fakulteti i Inxhinieris\u00eb Matematike dhe Inxhinieris\u00eb Fizike\",\"description\":\"FIMIF, UPT Tirane\",\"publisher\":{\"@id\":\"https:\\\/\\\/fimif.edu.al\\\/#organization\"},\"potentialAction\":[{\"@type\":\"SearchAction\",\"target\":{\"@type\":\"EntryPoint\",\"urlTemplate\":\"https:\\\/\\\/fimif.edu.al\\\/?s={search_term_string}\"},\"query-input\":{\"@type\":\"PropertyValueSpecification\",\"valueRequired\":true,\"valueName\":\"search_term_string\"}}],\"inLanguage\":\"en-GB\"},{\"@type\":\"Organization\",\"@id\":\"https:\\\/\\\/fimif.edu.al\\\/#organization\",\"name\":\"Fakulteti i Inxhinieris\u00eb Matematike dhe Inxhinieris\u00eb Fizike\",\"url\":\"https:\\\/\\\/fimif.edu.al\\\/\",\"logo\":{\"@type\":\"ImageObject\",\"inLanguage\":\"en-GB\",\"@id\":\"https:\\\/\\\/fimif.edu.al\\\/#\\\/schema\\\/logo\\\/image\\\/\",\"url\":\"https:\\\/\\\/fimif.edu.al\\\/wp-content\\\/uploads\\\/2024\\\/10\\\/Fimif-Logo.svg\",\"contentUrl\":\"https:\\\/\\\/fimif.edu.al\\\/wp-content\\\/uploads\\\/2024\\\/10\\\/Fimif-Logo.svg\",\"width\":653,\"height\":219,\"caption\":\"Fakulteti i Inxhinieris\u00eb Matematike dhe Inxhinieris\u00eb Fizike\"},\"image\":{\"@id\":\"https:\\\/\\\/fimif.edu.al\\\/#\\\/schema\\\/logo\\\/image\\\/\"},\"sameAs\":[\"https:\\\/\\\/www.facebook.com\\\/p\\\/Departamenti-i-Inxhinierise-Matematike-FIMIF-UPT-100077435994252\\\/\"]}]}<\/script>\n<!-- \/ Yoast SEO plugin. -->","yoast_head_json":{"title":"Bachelor n\u00eb Inxhinieri Fizike - Fakulteti i Inxhinieris\u00eb Matematike dhe Inxhinieris\u00eb Fizike","robots":{"index":"index","follow":"follow","max-snippet":"max-snippet:-1","max-image-preview":"max-image-preview:large","max-video-preview":"max-video-preview:-1"},"canonical":"https:\/\/fimif.edu.al\/en\/programet-e-studimit\/cikli-i-i-studimeve\/bachelor-ne-inxhinieri-fizike\/","og_locale":"en_GB","og_type":"article","og_title":"Bachelor n\u00eb Inxhinieri Fizike - Fakulteti i Inxhinieris\u00eb Matematike dhe Inxhinieris\u00eb Fizike","og_description":"Programet e Studimit &#8211; Departamenti i Inxhinieris\u00eb Fizike Misioni i Departamentit t\u00eb Inxhinieris\u00eb Fizike DIF \u00ebsht\u00eb nj\u00eb nd\u00ebr nj\u00ebsit\u00eb baz\u00eb t\u00eb FIMIF, UPT, dhe ofron programe t\u00eb studimeve t\u00eb organizuara n\u00eb tri cikle studimesh t\u00eb nj\u00ebpasnj\u00ebshme: Cikli Programi Cikli i pare (180 ECTS) Bachelor n\u00eb Inxhinieri Fizike Cikli i dyt\u00eb (120 ECTS) Master i Shkencave [&hellip;]","og_url":"https:\/\/fimif.edu.al\/en\/programet-e-studimit\/cikli-i-i-studimeve\/bachelor-ne-inxhinieri-fizike\/","og_site_name":"Fakulteti i Inxhinieris\u00eb Matematike dhe Inxhinieris\u00eb Fizike","article_publisher":"https:\/\/www.facebook.com\/p\/Departamenti-i-Inxhinierise-Matematike-FIMIF-UPT-100077435994252\/","article_modified_time":"2024-11-20T13:13:21+00:00","twitter_card":"summary_large_image","twitter_misc":{"Estimated reading time":"2 minutes"},"schema":{"@context":"https:\/\/schema.org","@graph":[{"@type":"WebPage","@id":"https:\/\/fimif.edu.al\/programet-e-studimit\/cikli-i-i-studimeve\/bachelor-ne-inxhinieri-fizike\/","url":"https:\/\/fimif.edu.al\/programet-e-studimit\/cikli-i-i-studimeve\/bachelor-ne-inxhinieri-fizike\/","name":"Bachelor n\u00eb Inxhinieri Fizike - Fakulteti i Inxhinieris\u00eb Matematike dhe Inxhinieris\u00eb Fizike","isPartOf":{"@id":"https:\/\/fimif.edu.al\/#website"},"datePublished":"2020-10-04T11:46:48+00:00","dateModified":"2024-11-20T13:13:21+00:00","breadcrumb":{"@id":"https:\/\/fimif.edu.al\/programet-e-studimit\/cikli-i-i-studimeve\/bachelor-ne-inxhinieri-fizike\/#breadcrumb"},"inLanguage":"en-GB","potentialAction":[{"@type":"ReadAction","target":["https:\/\/fimif.edu.al\/programet-e-studimit\/cikli-i-i-studimeve\/bachelor-ne-inxhinieri-fizike\/"]}]},{"@type":"BreadcrumbList","@id":"https:\/\/fimif.edu.al\/programet-e-studimit\/cikli-i-i-studimeve\/bachelor-ne-inxhinieri-fizike\/#breadcrumb","itemListElement":[{"@type":"ListItem","position":1,"name":"Home","item":"https:\/\/fimif.edu.al\/"},{"@type":"ListItem","position":2,"name":"Programet e Studimit","item":"https:\/\/fimif.edu.al\/programet-e-studimit\/"},{"@type":"ListItem","position":3,"name":"Cikli I i Studimeve","item":"https:\/\/fimif.edu.al\/programet-e-studimit\/cikli-i-i-studimeve\/"},{"@type":"ListItem","position":4,"name":"Bachelor n\u00eb Inxhinieri Fizike"}]},{"@type":"WebSite","@id":"https:\/\/fimif.edu.al\/#website","url":"https:\/\/fimif.edu.al\/","name":"Fakulteti i Inxhinieris\u00eb Matematike dhe Inxhinieris\u00eb Fizike","description":"FIMIF, UPT Tirane","publisher":{"@id":"https:\/\/fimif.edu.al\/#organization"},"potentialAction":[{"@type":"SearchAction","target":{"@type":"EntryPoint","urlTemplate":"https:\/\/fimif.edu.al\/?s={search_term_string}"},"query-input":{"@type":"PropertyValueSpecification","valueRequired":true,"valueName":"search_term_string"}}],"inLanguage":"en-GB"},{"@type":"Organization","@id":"https:\/\/fimif.edu.al\/#organization","name":"Fakulteti i Inxhinieris\u00eb Matematike dhe Inxhinieris\u00eb Fizike","url":"https:\/\/fimif.edu.al\/","logo":{"@type":"ImageObject","inLanguage":"en-GB","@id":"https:\/\/fimif.edu.al\/#\/schema\/logo\/image\/","url":"https:\/\/fimif.edu.al\/wp-content\/uploads\/2024\/10\/Fimif-Logo.svg","contentUrl":"https:\/\/fimif.edu.al\/wp-content\/uploads\/2024\/10\/Fimif-Logo.svg","width":653,"height":219,"caption":"Fakulteti i Inxhinieris\u00eb Matematike dhe Inxhinieris\u00eb Fizike"},"image":{"@id":"https:\/\/fimif.edu.al\/#\/schema\/logo\/image\/"},"sameAs":["https:\/\/www.facebook.com\/p\/Departamenti-i-Inxhinierise-Matematike-FIMIF-UPT-100077435994252\/"]}]}},"_links":{"self":[{"href":"https:\/\/fimif.edu.al\/en\/wp-json\/wp\/v2\/pages\/229","targetHints":{"allow":["GET"]}}],"collection":[{"href":"https:\/\/fimif.edu.al\/en\/wp-json\/wp\/v2\/pages"}],"about":[{"href":"https:\/\/fimif.edu.al\/en\/wp-json\/wp\/v2\/types\/page"}],"author":[{"embeddable":true,"href":"https:\/\/fimif.edu.al\/en\/wp-json\/wp\/v2\/users\/1"}],"replies":[{"embeddable":true,"href":"https:\/\/fimif.edu.al\/en\/wp-json\/wp\/v2\/comments?post=229"}],"version-history":[{"count":20,"href":"https:\/\/fimif.edu.al\/en\/wp-json\/wp\/v2\/pages\/229\/revisions"}],"predecessor-version":[{"id":4620,"href":"https:\/\/fimif.edu.al\/en\/wp-json\/wp\/v2\/pages\/229\/revisions\/4620"}],"up":[{"embeddable":true,"href":"https:\/\/fimif.edu.al\/en\/wp-json\/wp\/v2\/pages\/4139"}],"wp:attachment":[{"href":"https:\/\/fimif.edu.al\/en\/wp-json\/wp\/v2\/media?parent=229"}],"curies":[{"name":"wp","href":"https:\/\/api.w.org\/{rel}","templated":true}]}}