{"id":291,"date":"2020-10-05T13:00:22","date_gmt":"2020-10-05T12:00:22","guid":{"rendered":"https:\/\/fimif.edu.al\/?page_id=291"},"modified":"2024-10-07T11:19:26","modified_gmt":"2024-10-07T09:19:26","slug":"misioni-strategjia-dk","status":"publish","type":"page","link":"https:\/\/fimif.edu.al\/en\/misioni-strategjia-dk\/","title":{"rendered":"Misioni, Strategjia DIK"},"content":{"rendered":"<div data-elementor-type=\"wp-page\" data-elementor-id=\"291\" class=\"elementor elementor-291\" data-elementor-post-type=\"page\">\n\t\t\t\t<div class=\"elementor-element elementor-element-84ef7fe e-flex e-con-boxed e-con e-parent\" data-id=\"84ef7fe\" data-element_type=\"container\">\n\t\t\t\t\t<div class=\"e-con-inner\">\n\t\t<div class=\"elementor-element elementor-element-650cc88 e-con-full e-flex e-con e-child\" data-id=\"650cc88\" data-element_type=\"container\" data-settings=\"{&quot;background_background&quot;:&quot;classic&quot;}\">\n\t\t\t\t<div class=\"elementor-element elementor-element-417438f elementor-widget elementor-widget-heading\" data-id=\"417438f\" data-element_type=\"widget\" data-widget_type=\"heading.default\">\n\t\t\t\t<div class=\"elementor-widget-container\">\n\t\t\t<h1 class=\"elementor-heading-title elementor-size-default\">Misioni i Departamenti t\u00eb Inxhinieris\u00eb Kimike<\/h1>\t\t<\/div>\n\t\t\t\t<\/div>\n\t\t\t\t<div class=\"elementor-element elementor-element-2be03ec elementor-widget elementor-widget-text-editor\" data-id=\"2be03ec\" data-element_type=\"widget\" data-widget_type=\"text-editor.default\">\n\t\t\t\t<div class=\"elementor-widget-container\">\n\t\t\t\t\t\t\t<p><strong><em>Mission<\/em><\/strong> i Departamenti t\u00eb Inxhinieris\u00eb Kimike, si nj\u00eb nga nj\u00ebsit\u00eb baz\u00eb t\u00eb FIMIF-UPT, \u00ebsht\u00eb transmetimi n\u00eb shkall\u00ebn m\u00eb t\u00eb lart\u00eb t\u00eb dijeve p\u00ebr student\u00ebt e FIMIF dhe t\u00eb fakulteteve t\u00eb tjera t\u00eb UPT, si dhe k\u00ebrkimi shkencor n\u00eb fushat q\u00eb kan\u00eb p\u00ebr baz\u00eb kimin\u00eb e p\u00ebrgjithshme, at\u00eb organike dhe t\u00eb aplikuar, n\u00ebp\u00ebrmjet bashk\u00ebrendimit t\u00eb pun\u00ebs me strukturat e tjera t\u00eb UPT dhe t\u00eb institucioneve t\u00eb tjera k\u00ebrkimore shkencore brenda e jasht\u00eb vendit.<\/p><p>N\u00ebp\u00ebrmjet p\u00ebrmir\u00ebsimit t\u00eb metodave didaktike t\u00eb m\u00ebsimdh\u00ebnies, si dhe p\u00ebrmir\u00ebsimit e p\u00ebrsosjes s\u00eb infrastruktur\u00ebs dhe kapaciteteve teknike t\u00eb k\u00ebrkimit shkencor, Departamenti i Inxhinieris\u00eb Kimike <strong><em>synon<\/em><\/strong> t\u00eb b\u00ebhet nj\u00eb struktur\u00eb e r\u00ebnd\u00ebsishme referuese p\u00ebr metodat e m\u00ebsimdh\u00ebnies n\u00eb kimi, p\u00ebr\u00a0 vler\u00ebsimin, kontrollin e monitorimin e parametrave t\u00eb ndrysh\u00ebm mjedisor\u00eb, si dhe\u00a0 kontribuese n\u00eb rrjetin komb\u00ebtar dhe nd\u00ebrkomb\u00ebtar t\u00eb\u00a0 institucioneve shkencore t\u00eb angazhuara n\u00eb fushat p\u00ebrkat\u00ebse t\u00eb ekspertiz\u00ebs.<\/p>\t\t\t\t\t\t<\/div>\n\t\t\t\t<\/div>\n\t\t\t\t<\/div>\n\t\t\t\t\t<\/div>\n\t\t\t\t<\/div>\n\t\t\t\t<\/div>","protected":false},"excerpt":{"rendered":"<p>Misioni i Departamenti t\u00eb Inxhinieris\u00eb Kimike Misioni i Departamenti t\u00eb Inxhinieris\u00eb Kimike, si nj\u00eb nga nj\u00ebsit\u00eb baz\u00eb t\u00eb FIMIF-UPT, \u00ebsht\u00eb transmetimi n\u00eb shkall\u00ebn m\u00eb t\u00eb lart\u00eb t\u00eb dijeve p\u00ebr student\u00ebt e FIMIF dhe t\u00eb fakulteteve t\u00eb tjera t\u00eb UPT, si dhe k\u00ebrkimi shkencor n\u00eb fushat q\u00eb kan\u00eb p\u00ebr baz\u00eb kimin\u00eb e p\u00ebrgjithshme, at\u00eb organike dhe [&hellip;]<\/p>","protected":false},"author":1,"featured_media":0,"parent":0,"menu_order":0,"comment_status":"closed","ping_status":"closed","template":"","meta":{"footnotes":""},"class_list":["post-291","page","type-page","status-publish","hentry"],"yoast_head":"<!-- This site is optimized with the Yoast SEO plugin v24.2 - https:\/\/yoast.com\/wordpress\/plugins\/seo\/ -->\n<title>Misioni, Strategjia DIK - Fakulteti i Inxhinieris\u00eb Matematike dhe Inxhinieris\u00eb Fizike<\/title>\n<meta name=\"robots\" content=\"index, follow, max-snippet:-1, max-image-preview:large, max-video-preview:-1\" \/>\n<link rel=\"canonical\" href=\"https:\/\/fimif.edu.al\/en\/misioni-strategjia-dk\/\" \/>\n<meta property=\"og:locale\" content=\"en_GB\" \/>\n<meta property=\"og:type\" content=\"article\" \/>\n<meta property=\"og:title\" content=\"Misioni, Strategjia DIK - Fakulteti i Inxhinieris\u00eb Matematike dhe Inxhinieris\u00eb Fizike\" \/>\n<meta property=\"og:description\" content=\"Misioni i Departamenti t\u00eb Inxhinieris\u00eb Kimike Misioni i Departamenti t\u00eb Inxhinieris\u00eb Kimike, si nj\u00eb nga nj\u00ebsit\u00eb baz\u00eb t\u00eb FIMIF-UPT, \u00ebsht\u00eb transmetimi n\u00eb shkall\u00ebn m\u00eb t\u00eb lart\u00eb t\u00eb dijeve p\u00ebr student\u00ebt e FIMIF dhe t\u00eb fakulteteve t\u00eb tjera t\u00eb UPT, si dhe k\u00ebrkimi shkencor n\u00eb fushat q\u00eb kan\u00eb p\u00ebr baz\u00eb kimin\u00eb e p\u00ebrgjithshme, at\u00eb organike dhe [&hellip;]\" \/>\n<meta property=\"og:url\" content=\"https:\/\/fimif.edu.al\/en\/misioni-strategjia-dk\/\" \/>\n<meta property=\"og:site_name\" content=\"Fakulteti i Inxhinieris\u00eb Matematike dhe Inxhinieris\u00eb Fizike\" \/>\n<meta property=\"article:publisher\" content=\"https:\/\/www.facebook.com\/p\/Departamenti-i-Inxhinierise-Matematike-FIMIF-UPT-100077435994252\/\" \/>\n<meta property=\"article:modified_time\" content=\"2024-10-07T09:19:26+00:00\" \/>\n<meta name=\"twitter:card\" content=\"summary_large_image\" \/>\n<meta name=\"twitter:label1\" content=\"Estimated reading time\" \/>\n\t<meta name=\"twitter:data1\" content=\"1 minute\" \/>\n<script type=\"application\/ld+json\" class=\"yoast-schema-graph\">{\"@context\":\"https:\/\/schema.org\",\"@graph\":[{\"@type\":\"WebPage\",\"@id\":\"https:\/\/fimif.edu.al\/misioni-strategjia-dk\/\",\"url\":\"https:\/\/fimif.edu.al\/misioni-strategjia-dk\/\",\"name\":\"Misioni, Strategjia DIK - Fakulteti i Inxhinieris\u00eb Matematike dhe Inxhinieris\u00eb Fizike\",\"isPartOf\":{\"@id\":\"https:\/\/fimif.edu.al\/#website\"},\"datePublished\":\"2020-10-05T12:00:22+00:00\",\"dateModified\":\"2024-10-07T09:19:26+00:00\",\"breadcrumb\":{\"@id\":\"https:\/\/fimif.edu.al\/misioni-strategjia-dk\/#breadcrumb\"},\"inLanguage\":\"en-GB\",\"potentialAction\":[{\"@type\":\"ReadAction\",\"target\":[\"https:\/\/fimif.edu.al\/misioni-strategjia-dk\/\"]}]},{\"@type\":\"BreadcrumbList\",\"@id\":\"https:\/\/fimif.edu.al\/misioni-strategjia-dk\/#breadcrumb\",\"itemListElement\":[{\"@type\":\"ListItem\",\"position\":1,\"name\":\"Home\",\"item\":\"https:\/\/fimif.edu.al\/\"},{\"@type\":\"ListItem\",\"position\":2,\"name\":\"Misioni, Strategjia DIK\"}]},{\"@type\":\"WebSite\",\"@id\":\"https:\/\/fimif.edu.al\/#website\",\"url\":\"https:\/\/fimif.edu.al\/\",\"name\":\"Fakulteti i Inxhinieris\u00eb Matematike dhe Inxhinieris\u00eb Fizike\",\"description\":\"FIMIF, UPT Tirane\",\"publisher\":{\"@id\":\"https:\/\/fimif.edu.al\/#organization\"},\"potentialAction\":[{\"@type\":\"SearchAction\",\"target\":{\"@type\":\"EntryPoint\",\"urlTemplate\":\"https:\/\/fimif.edu.al\/?s={search_term_string}\"},\"query-input\":{\"@type\":\"PropertyValueSpecification\",\"valueRequired\":true,\"valueName\":\"search_term_string\"}}],\"inLanguage\":\"en-GB\"},{\"@type\":\"Organization\",\"@id\":\"https:\/\/fimif.edu.al\/#organization\",\"name\":\"Fakulteti i Inxhinieris\u00eb Matematike dhe Inxhinieris\u00eb Fizike\",\"url\":\"https:\/\/fimif.edu.al\/\",\"logo\":{\"@type\":\"ImageObject\",\"inLanguage\":\"en-GB\",\"@id\":\"https:\/\/fimif.edu.al\/#\/schema\/logo\/image\/\",\"url\":\"https:\/\/fimif.edu.al\/wp-content\/uploads\/2024\/10\/Fimif-Logo.svg\",\"contentUrl\":\"https:\/\/fimif.edu.al\/wp-content\/uploads\/2024\/10\/Fimif-Logo.svg\",\"width\":653,\"height\":219,\"caption\":\"Fakulteti i Inxhinieris\u00eb Matematike dhe Inxhinieris\u00eb Fizike\"},\"image\":{\"@id\":\"https:\/\/fimif.edu.al\/#\/schema\/logo\/image\/\"},\"sameAs\":[\"https:\/\/www.facebook.com\/p\/Departamenti-i-Inxhinierise-Matematike-FIMIF-UPT-100077435994252\/\"]}]}<\/script>\n<!-- \/ Yoast SEO plugin. -->","yoast_head_json":{"title":"Misioni, Strategjia DIK - Fakulteti i Inxhinieris\u00eb Matematike dhe Inxhinieris\u00eb Fizike","robots":{"index":"index","follow":"follow","max-snippet":"max-snippet:-1","max-image-preview":"max-image-preview:large","max-video-preview":"max-video-preview:-1"},"canonical":"https:\/\/fimif.edu.al\/en\/misioni-strategjia-dk\/","og_locale":"en_GB","og_type":"article","og_title":"Misioni, Strategjia DIK - Fakulteti i Inxhinieris\u00eb Matematike dhe Inxhinieris\u00eb Fizike","og_description":"Misioni i Departamenti t\u00eb Inxhinieris\u00eb Kimike Misioni i Departamenti t\u00eb Inxhinieris\u00eb Kimike, si nj\u00eb nga nj\u00ebsit\u00eb baz\u00eb t\u00eb FIMIF-UPT, \u00ebsht\u00eb transmetimi n\u00eb shkall\u00ebn m\u00eb t\u00eb lart\u00eb t\u00eb dijeve p\u00ebr student\u00ebt e FIMIF dhe t\u00eb fakulteteve t\u00eb tjera t\u00eb UPT, si dhe k\u00ebrkimi shkencor n\u00eb fushat q\u00eb kan\u00eb p\u00ebr baz\u00eb kimin\u00eb e p\u00ebrgjithshme, at\u00eb organike dhe [&hellip;]","og_url":"https:\/\/fimif.edu.al\/en\/misioni-strategjia-dk\/","og_site_name":"Fakulteti i Inxhinieris\u00eb Matematike dhe Inxhinieris\u00eb Fizike","article_publisher":"https:\/\/www.facebook.com\/p\/Departamenti-i-Inxhinierise-Matematike-FIMIF-UPT-100077435994252\/","article_modified_time":"2024-10-07T09:19:26+00:00","twitter_card":"summary_large_image","twitter_misc":{"Estimated reading time":"1 minute"},"schema":{"@context":"https:\/\/schema.org","@graph":[{"@type":"WebPage","@id":"https:\/\/fimif.edu.al\/misioni-strategjia-dk\/","url":"https:\/\/fimif.edu.al\/misioni-strategjia-dk\/","name":"Misioni, Strategjia DIK - Fakulteti i Inxhinieris\u00eb Matematike dhe Inxhinieris\u00eb Fizike","isPartOf":{"@id":"https:\/\/fimif.edu.al\/#website"},"datePublished":"2020-10-05T12:00:22+00:00","dateModified":"2024-10-07T09:19:26+00:00","breadcrumb":{"@id":"https:\/\/fimif.edu.al\/misioni-strategjia-dk\/#breadcrumb"},"inLanguage":"en-GB","potentialAction":[{"@type":"ReadAction","target":["https:\/\/fimif.edu.al\/misioni-strategjia-dk\/"]}]},{"@type":"BreadcrumbList","@id":"https:\/\/fimif.edu.al\/misioni-strategjia-dk\/#breadcrumb","itemListElement":[{"@type":"ListItem","position":1,"name":"Home","item":"https:\/\/fimif.edu.al\/"},{"@type":"ListItem","position":2,"name":"Misioni, Strategjia DIK"}]},{"@type":"WebSite","@id":"https:\/\/fimif.edu.al\/#website","url":"https:\/\/fimif.edu.al\/","name":"Fakulteti i Inxhinieris\u00eb Matematike dhe Inxhinieris\u00eb Fizike","description":"FIMIF, UPT Tirane","publisher":{"@id":"https:\/\/fimif.edu.al\/#organization"},"potentialAction":[{"@type":"SearchAction","target":{"@type":"EntryPoint","urlTemplate":"https:\/\/fimif.edu.al\/?s={search_term_string}"},"query-input":{"@type":"PropertyValueSpecification","valueRequired":true,"valueName":"search_term_string"}}],"inLanguage":"en-GB"},{"@type":"Organization","@id":"https:\/\/fimif.edu.al\/#organization","name":"Fakulteti i Inxhinieris\u00eb Matematike dhe Inxhinieris\u00eb Fizike","url":"https:\/\/fimif.edu.al\/","logo":{"@type":"ImageObject","inLanguage":"en-GB","@id":"https:\/\/fimif.edu.al\/#\/schema\/logo\/image\/","url":"https:\/\/fimif.edu.al\/wp-content\/uploads\/2024\/10\/Fimif-Logo.svg","contentUrl":"https:\/\/fimif.edu.al\/wp-content\/uploads\/2024\/10\/Fimif-Logo.svg","width":653,"height":219,"caption":"Fakulteti i Inxhinieris\u00eb Matematike dhe Inxhinieris\u00eb Fizike"},"image":{"@id":"https:\/\/fimif.edu.al\/#\/schema\/logo\/image\/"},"sameAs":["https:\/\/www.facebook.com\/p\/Departamenti-i-Inxhinierise-Matematike-FIMIF-UPT-100077435994252\/"]}]}},"_links":{"self":[{"href":"https:\/\/fimif.edu.al\/en\/wp-json\/wp\/v2\/pages\/291","targetHints":{"allow":["GET"]}}],"collection":[{"href":"https:\/\/fimif.edu.al\/en\/wp-json\/wp\/v2\/pages"}],"about":[{"href":"https:\/\/fimif.edu.al\/en\/wp-json\/wp\/v2\/types\/page"}],"author":[{"embeddable":true,"href":"https:\/\/fimif.edu.al\/en\/wp-json\/wp\/v2\/users\/1"}],"replies":[{"embeddable":true,"href":"https:\/\/fimif.edu.al\/en\/wp-json\/wp\/v2\/comments?post=291"}],"version-history":[{"count":3,"href":"https:\/\/fimif.edu.al\/en\/wp-json\/wp\/v2\/pages\/291\/revisions"}],"predecessor-version":[{"id":3426,"href":"https:\/\/fimif.edu.al\/en\/wp-json\/wp\/v2\/pages\/291\/revisions\/3426"}],"wp:attachment":[{"href":"https:\/\/fimif.edu.al\/en\/wp-json\/wp\/v2\/media?parent=291"}],"curies":[{"name":"wp","href":"https:\/\/api.w.org\/{rel}","templated":true}]}}