{"id":3576,"date":"2024-10-09T15:13:55","date_gmt":"2024-10-09T13:13:55","guid":{"rendered":"https:\/\/fimif.farmaciferati.al\/?page_id=3576"},"modified":"2025-01-14T17:23:38","modified_gmt":"2025-01-14T16:23:38","slug":"cv-anita-caushi","status":"publish","type":"page","link":"https:\/\/fimif.edu.al\/en\/departamentet\/departamenti-i-inxhinierise-matematike\/grupi-mesimor-kerkimor-matematike\/analiza-matematike\/cv-anita-caushi\/","title":{"rendered":"CV Anita Caushi"},"content":{"rendered":"<div data-elementor-type=\"wp-page\" data-elementor-id=\"3576\" class=\"elementor elementor-3576\" data-elementor-post-type=\"page\">\n\t\t\t\t<div class=\"elementor-element elementor-element-1087fc3 e-con-full e-flex e-con e-parent\" data-id=\"1087fc3\" data-element_type=\"container\">\n\t\t\t\t<div class=\"elementor-element elementor-element-d65b559 elementor-widget elementor-widget-template\" data-id=\"d65b559\" data-element_type=\"widget\" data-widget_type=\"template.default\">\n\t\t\t\t<div class=\"elementor-widget-container\">\n\t\t\t\t\t<div class=\"elementor-template\">\n\t\t\t\t\t<div data-elementor-type=\"container\" data-elementor-id=\"3550\" class=\"elementor elementor-3550\" data-elementor-post-type=\"elementor_library\">\n\t\t\t\t<div class=\"elementor-element elementor-element-9293d27 e-flex e-con-boxed e-con e-parent\" data-id=\"9293d27\" data-element_type=\"container\" data-settings=\"{&quot;background_background&quot;:&quot;classic&quot;}\">\n\t\t\t\t\t<div class=\"e-con-inner\">\n\t\t\t\t\t<\/div>\n\t\t\t\t<\/div>\n\t\t\t\t<\/div>\n\t\t\t\t<\/div>\n\t\t\t\t<\/div>\n\t\t\t\t<\/div>\n\t\t\t\t<\/div>\n\t\t<div class=\"elementor-element elementor-element-3f13a8e e-flex e-con-boxed e-con e-parent\" data-id=\"3f13a8e\" data-element_type=\"container\">\n\t\t\t\t\t<div class=\"e-con-inner\">\n\t\t<div class=\"elementor-element elementor-element-cf78097 e-con-full e-flex e-con e-child\" data-id=\"cf78097\" data-element_type=\"container\" data-settings=\"{&quot;background_background&quot;:&quot;classic&quot;}\">\n\t\t\t\t<div class=\"elementor-element elementor-element-e93abdb elementor-widget-divider--view-line_text elementor-widget-divider--element-align-center elementor-widget elementor-widget-divider\" data-id=\"e93abdb\" data-element_type=\"widget\" data-widget_type=\"divider.default\">\n\t\t\t\t<div class=\"elementor-widget-container\">\n\t\t\t\t\t<div class=\"elementor-divider\">\n\t\t\t<span class=\"elementor-divider-separator\">\n\t\t\t\t\t\t\t<h2 class=\"elementor-divider__text elementor-divider__element\">\n\t\t\t\tEdukimi\t\t\t\t<\/h2>\n\t\t\t\t\t\t<\/span>\n\t\t<\/div>\n\t\t\t\t<\/div>\n\t\t\t\t<\/div>\n\t\t\t\t<div class=\"elementor-element elementor-element-bf80871 elementor-widget elementor-widget-text-editor\" data-id=\"bf80871\" data-element_type=\"widget\" data-widget_type=\"text-editor.default\">\n\t\t\t\t<div class=\"elementor-widget-container\">\n\t\t\t\t\t\t\t<p><strong>Anita Caushi,<\/strong> lindur ne Tirane\u00a0 1982, eshte\u00a0 diplomuar ne korrik 2007 ne Universitetin e Tiranes,Fakulteti i Shkencave te Natyres,Departamenti\u00a0 i\u00a0 Matematikes , Diploma \u201cMatematikan \u201c.<\/p><p class=\"MsoNormal\"><strong>Ne vitet 2011-2014<\/strong> ndjek dhe perfundon shkollen Doktorale ne Fakultetetin e Inxhinierise Matematike e Fizike , Universiteti Politeknik i Tiranes ,Duke mbrojtur Dezertacionin me titull \u201cZbatime te konvergjesnces Statistikore ne teorine e Mases dhe Integrimit\u201d, grada <strong>Doktor i shkencave<\/strong> tetor 2014.<\/p>\t\t\t\t\t\t<\/div>\n\t\t\t\t<\/div>\n\t\t\t\t<div class=\"elementor-element elementor-element-6bd67f2 elementor-widget-divider--view-line_text elementor-widget-divider--element-align-center elementor-widget elementor-widget-divider\" data-id=\"6bd67f2\" data-element_type=\"widget\" data-widget_type=\"divider.default\">\n\t\t\t\t<div class=\"elementor-widget-container\">\n\t\t\t\t\t<div class=\"elementor-divider\">\n\t\t\t<span class=\"elementor-divider-separator\">\n\t\t\t\t\t\t\t<h2 class=\"elementor-divider__text elementor-divider__element\">\n\t\t\t\tPun\u00ebsimi dhe funksione akademike\t\t\t\t<\/h2>\n\t\t\t\t\t\t<\/span>\n\t\t<\/div>\n\t\t\t\t<\/div>\n\t\t\t\t<\/div>\n\t\t\t\t<div class=\"elementor-element elementor-element-0f1ea44 elementor-widget elementor-widget-text-editor\" data-id=\"0f1ea44\" data-element_type=\"widget\" data-widget_type=\"text-editor.default\">\n\t\t\t\t<div class=\"elementor-widget-container\">\n\t\t\t\t\t\t\t<p class=\"MsoNormal\">Dhjetor 2008 emerohet Asistent ne katedren e Matematikes, Seksioni Analizes Matematike ,prane Fakultetit te Inxhinierise Matematike e Fizike, prej asaj periudhe ka qene asistent dhe me vone titular ne lendet Analize Matematike 1 e Analize Matematike 2.<\/p>\t\t\t\t\t\t<\/div>\n\t\t\t\t<\/div>\n\t\t\t\t<div class=\"elementor-element elementor-element-c287e0a elementor-widget-divider--view-line_text elementor-widget-divider--element-align-center elementor-widget elementor-widget-divider\" data-id=\"c287e0a\" data-element_type=\"widget\" data-widget_type=\"divider.default\">\n\t\t\t\t<div class=\"elementor-widget-container\">\n\t\t\t\t\t<div class=\"elementor-divider\">\n\t\t\t<span class=\"elementor-divider-separator\">\n\t\t\t\t\t\t\t<h2 class=\"elementor-divider__text elementor-divider__element\">\n\t\t\t\tAktiviteti shkencor\t\t\t\t<\/h2>\n\t\t\t\t\t\t<\/span>\n\t\t<\/div>\n\t\t\t\t<\/div>\n\t\t\t\t<\/div>\n\t\t\t\t<div class=\"elementor-element elementor-element-1af26d8 elementor-widget elementor-widget-text-editor\" data-id=\"1af26d8\" data-element_type=\"widget\" data-widget_type=\"text-editor.default\">\n\t\t\t\t<div class=\"elementor-widget-container\">\n\t\t\t\t\t\t\t<p>Ka nje pjesmarrje si autor i pare dhe bashkeautor ne rreth\u00a0 10 konferenca shkencore\u00a0 kombetare dhe nderkombetare\u00a0 dhe 10 botime ne revista shkencore nderkombetare.<\/p><p class=\"MsoNormal\"><strong>Fusha e kerkimit<\/strong> \u201c Analize Funksionale dhe Statistike.<\/p>\t\t\t\t\t\t<\/div>\n\t\t\t\t<\/div>\n\t\t\t\t<\/div>\n\t\t\t\t\t<\/div>\n\t\t\t\t<\/div>\n\t\t\t\t<\/div>","protected":false},"excerpt":{"rendered":"<p>Edukimi Anita Caushi, lindur ne Tirane\u00a0 1982, eshte\u00a0 diplomuar ne korrik 2007 ne Universitetin e Tiranes,Fakulteti i Shkencave te Natyres,Departamenti\u00a0 i\u00a0 Matematikes , Diploma \u201cMatematikan \u201c. Ne vitet 2011-2014 ndjek dhe perfundon shkollen Doktorale ne Fakultetetin e Inxhinierise Matematike e Fizike , Universiteti Politeknik i Tiranes ,Duke mbrojtur Dezertacionin me titull \u201cZbatime te konvergjesnces Statistikore [&hellip;]<\/p>","protected":false},"author":1,"featured_media":0,"parent":5466,"menu_order":0,"comment_status":"closed","ping_status":"closed","template":"","meta":{"footnotes":""},"class_list":["post-3576","page","type-page","status-publish","hentry"],"yoast_head":"<!-- This site is optimized with the Yoast SEO plugin v24.2 - https:\/\/yoast.com\/wordpress\/plugins\/seo\/ -->\n<title>CV Anita Caushi - Fakulteti i Inxhinieris\u00eb Matematike dhe Inxhinieris\u00eb Fizike<\/title>\n<meta name=\"robots\" content=\"index, follow, max-snippet:-1, max-image-preview:large, max-video-preview:-1\" \/>\n<link rel=\"canonical\" href=\"https:\/\/fimif.edu.al\/en\/departamentet\/departamenti-i-inxhinierise-matematike\/grupi-mesimor-kerkimor-matematike\/analiza-matematike\/cv-anita-caushi\/\" \/>\n<meta property=\"og:locale\" content=\"en_GB\" \/>\n<meta property=\"og:type\" content=\"article\" \/>\n<meta property=\"og:title\" content=\"CV Anita Caushi - Fakulteti i Inxhinieris\u00eb Matematike dhe Inxhinieris\u00eb Fizike\" \/>\n<meta property=\"og:description\" content=\"Edukimi Anita Caushi, lindur ne Tirane\u00a0 1982, eshte\u00a0 diplomuar ne korrik 2007 ne Universitetin e Tiranes,Fakulteti i Shkencave te Natyres,Departamenti\u00a0 i\u00a0 Matematikes , Diploma \u201cMatematikan \u201c. Ne vitet 2011-2014 ndjek dhe perfundon shkollen Doktorale ne Fakultetetin e Inxhinierise Matematike e Fizike , Universiteti Politeknik i Tiranes ,Duke mbrojtur Dezertacionin me titull \u201cZbatime te konvergjesnces Statistikore [&hellip;]\" \/>\n<meta property=\"og:url\" content=\"https:\/\/fimif.edu.al\/en\/departamentet\/departamenti-i-inxhinierise-matematike\/grupi-mesimor-kerkimor-matematike\/analiza-matematike\/cv-anita-caushi\/\" \/>\n<meta property=\"og:site_name\" content=\"Fakulteti i Inxhinieris\u00eb Matematike dhe Inxhinieris\u00eb Fizike\" \/>\n<meta property=\"article:publisher\" content=\"https:\/\/www.facebook.com\/p\/Departamenti-i-Inxhinierise-Matematike-FIMIF-UPT-100077435994252\/\" \/>\n<meta property=\"article:modified_time\" content=\"2025-01-14T16:23:38+00:00\" \/>\n<meta name=\"twitter:card\" content=\"summary_large_image\" \/>\n<meta name=\"twitter:label1\" content=\"Estimated reading time\" \/>\n\t<meta name=\"twitter:data1\" content=\"1 minute\" \/>\n<script type=\"application\/ld+json\" class=\"yoast-schema-graph\">{\"@context\":\"https:\/\/schema.org\",\"@graph\":[{\"@type\":\"WebPage\",\"@id\":\"https:\/\/fimif.edu.al\/departamentet\/departamenti-i-inxhinierise-matematike\/grupi-mesimor-kerkimor-matematike\/analiza-matematike\/cv-anita-caushi\/\",\"url\":\"https:\/\/fimif.edu.al\/departamentet\/departamenti-i-inxhinierise-matematike\/grupi-mesimor-kerkimor-matematike\/analiza-matematike\/cv-anita-caushi\/\",\"name\":\"CV Anita Caushi - Fakulteti i Inxhinieris\u00eb Matematike dhe Inxhinieris\u00eb Fizike\",\"isPartOf\":{\"@id\":\"https:\/\/fimif.edu.al\/#website\"},\"datePublished\":\"2024-10-09T13:13:55+00:00\",\"dateModified\":\"2025-01-14T16:23:38+00:00\",\"breadcrumb\":{\"@id\":\"https:\/\/fimif.edu.al\/departamentet\/departamenti-i-inxhinierise-matematike\/grupi-mesimor-kerkimor-matematike\/analiza-matematike\/cv-anita-caushi\/#breadcrumb\"},\"inLanguage\":\"en-GB\",\"potentialAction\":[{\"@type\":\"ReadAction\",\"target\":[\"https:\/\/fimif.edu.al\/departamentet\/departamenti-i-inxhinierise-matematike\/grupi-mesimor-kerkimor-matematike\/analiza-matematike\/cv-anita-caushi\/\"]}]},{\"@type\":\"BreadcrumbList\",\"@id\":\"https:\/\/fimif.edu.al\/departamentet\/departamenti-i-inxhinierise-matematike\/grupi-mesimor-kerkimor-matematike\/analiza-matematike\/cv-anita-caushi\/#breadcrumb\",\"itemListElement\":[{\"@type\":\"ListItem\",\"position\":1,\"name\":\"Home\",\"item\":\"https:\/\/fimif.edu.al\/\"},{\"@type\":\"ListItem\",\"position\":2,\"name\":\"Departamentet\",\"item\":\"https:\/\/fimif.edu.al\/departamentet\/\"},{\"@type\":\"ListItem\",\"position\":3,\"name\":\"Departamenti i Inxhinierise Matematike\",\"item\":\"https:\/\/fimif.edu.al\/departamentet\/departamenti-i-inxhinierise-matematike\/\"},{\"@type\":\"ListItem\",\"position\":4,\"name\":\"Grupi M\u00ebsimor K\u00ebrkimor Matematik\u00eb\",\"item\":\"https:\/\/fimif.edu.al\/departamentet\/departamenti-i-inxhinierise-matematike\/grupi-mesimor-kerkimor-matematike\/\"},{\"@type\":\"ListItem\",\"position\":5,\"name\":\"Analiza Matematike\",\"item\":\"https:\/\/fimif.edu.al\/departamentet\/departamenti-i-inxhinierise-matematike\/grupi-mesimor-kerkimor-matematike\/analiza-matematike\/\"},{\"@type\":\"ListItem\",\"position\":6,\"name\":\"CV Anita Caushi\"}]},{\"@type\":\"WebSite\",\"@id\":\"https:\/\/fimif.edu.al\/#website\",\"url\":\"https:\/\/fimif.edu.al\/\",\"name\":\"Fakulteti i Inxhinieris\u00eb Matematike dhe Inxhinieris\u00eb Fizike\",\"description\":\"FIMIF, UPT Tirane\",\"publisher\":{\"@id\":\"https:\/\/fimif.edu.al\/#organization\"},\"potentialAction\":[{\"@type\":\"SearchAction\",\"target\":{\"@type\":\"EntryPoint\",\"urlTemplate\":\"https:\/\/fimif.edu.al\/?s={search_term_string}\"},\"query-input\":{\"@type\":\"PropertyValueSpecification\",\"valueRequired\":true,\"valueName\":\"search_term_string\"}}],\"inLanguage\":\"en-GB\"},{\"@type\":\"Organization\",\"@id\":\"https:\/\/fimif.edu.al\/#organization\",\"name\":\"Fakulteti i Inxhinieris\u00eb Matematike dhe Inxhinieris\u00eb Fizike\",\"url\":\"https:\/\/fimif.edu.al\/\",\"logo\":{\"@type\":\"ImageObject\",\"inLanguage\":\"en-GB\",\"@id\":\"https:\/\/fimif.edu.al\/#\/schema\/logo\/image\/\",\"url\":\"https:\/\/fimif.edu.al\/wp-content\/uploads\/2024\/10\/Fimif-Logo.svg\",\"contentUrl\":\"https:\/\/fimif.edu.al\/wp-content\/uploads\/2024\/10\/Fimif-Logo.svg\",\"width\":653,\"height\":219,\"caption\":\"Fakulteti i Inxhinieris\u00eb Matematike dhe Inxhinieris\u00eb Fizike\"},\"image\":{\"@id\":\"https:\/\/fimif.edu.al\/#\/schema\/logo\/image\/\"},\"sameAs\":[\"https:\/\/www.facebook.com\/p\/Departamenti-i-Inxhinierise-Matematike-FIMIF-UPT-100077435994252\/\"]}]}<\/script>\n<!-- \/ Yoast SEO plugin. -->","yoast_head_json":{"title":"CV Anita Caushi - Fakulteti i Inxhinieris\u00eb Matematike dhe Inxhinieris\u00eb Fizike","robots":{"index":"index","follow":"follow","max-snippet":"max-snippet:-1","max-image-preview":"max-image-preview:large","max-video-preview":"max-video-preview:-1"},"canonical":"https:\/\/fimif.edu.al\/en\/departamentet\/departamenti-i-inxhinierise-matematike\/grupi-mesimor-kerkimor-matematike\/analiza-matematike\/cv-anita-caushi\/","og_locale":"en_GB","og_type":"article","og_title":"CV Anita Caushi - Fakulteti i Inxhinieris\u00eb Matematike dhe Inxhinieris\u00eb Fizike","og_description":"Edukimi Anita Caushi, lindur ne Tirane\u00a0 1982, eshte\u00a0 diplomuar ne korrik 2007 ne Universitetin e Tiranes,Fakulteti i Shkencave te Natyres,Departamenti\u00a0 i\u00a0 Matematikes , Diploma \u201cMatematikan \u201c. Ne vitet 2011-2014 ndjek dhe perfundon shkollen Doktorale ne Fakultetetin e Inxhinierise Matematike e Fizike , Universiteti Politeknik i Tiranes ,Duke mbrojtur Dezertacionin me titull \u201cZbatime te konvergjesnces Statistikore [&hellip;]","og_url":"https:\/\/fimif.edu.al\/en\/departamentet\/departamenti-i-inxhinierise-matematike\/grupi-mesimor-kerkimor-matematike\/analiza-matematike\/cv-anita-caushi\/","og_site_name":"Fakulteti i Inxhinieris\u00eb Matematike dhe Inxhinieris\u00eb Fizike","article_publisher":"https:\/\/www.facebook.com\/p\/Departamenti-i-Inxhinierise-Matematike-FIMIF-UPT-100077435994252\/","article_modified_time":"2025-01-14T16:23:38+00:00","twitter_card":"summary_large_image","twitter_misc":{"Estimated reading time":"1 minute"},"schema":{"@context":"https:\/\/schema.org","@graph":[{"@type":"WebPage","@id":"https:\/\/fimif.edu.al\/departamentet\/departamenti-i-inxhinierise-matematike\/grupi-mesimor-kerkimor-matematike\/analiza-matematike\/cv-anita-caushi\/","url":"https:\/\/fimif.edu.al\/departamentet\/departamenti-i-inxhinierise-matematike\/grupi-mesimor-kerkimor-matematike\/analiza-matematike\/cv-anita-caushi\/","name":"CV Anita Caushi - Fakulteti i Inxhinieris\u00eb Matematike dhe Inxhinieris\u00eb Fizike","isPartOf":{"@id":"https:\/\/fimif.edu.al\/#website"},"datePublished":"2024-10-09T13:13:55+00:00","dateModified":"2025-01-14T16:23:38+00:00","breadcrumb":{"@id":"https:\/\/fimif.edu.al\/departamentet\/departamenti-i-inxhinierise-matematike\/grupi-mesimor-kerkimor-matematike\/analiza-matematike\/cv-anita-caushi\/#breadcrumb"},"inLanguage":"en-GB","potentialAction":[{"@type":"ReadAction","target":["https:\/\/fimif.edu.al\/departamentet\/departamenti-i-inxhinierise-matematike\/grupi-mesimor-kerkimor-matematike\/analiza-matematike\/cv-anita-caushi\/"]}]},{"@type":"BreadcrumbList","@id":"https:\/\/fimif.edu.al\/departamentet\/departamenti-i-inxhinierise-matematike\/grupi-mesimor-kerkimor-matematike\/analiza-matematike\/cv-anita-caushi\/#breadcrumb","itemListElement":[{"@type":"ListItem","position":1,"name":"Home","item":"https:\/\/fimif.edu.al\/"},{"@type":"ListItem","position":2,"name":"Departamentet","item":"https:\/\/fimif.edu.al\/departamentet\/"},{"@type":"ListItem","position":3,"name":"Departamenti i Inxhinierise Matematike","item":"https:\/\/fimif.edu.al\/departamentet\/departamenti-i-inxhinierise-matematike\/"},{"@type":"ListItem","position":4,"name":"Grupi M\u00ebsimor K\u00ebrkimor Matematik\u00eb","item":"https:\/\/fimif.edu.al\/departamentet\/departamenti-i-inxhinierise-matematike\/grupi-mesimor-kerkimor-matematike\/"},{"@type":"ListItem","position":5,"name":"Analiza Matematike","item":"https:\/\/fimif.edu.al\/departamentet\/departamenti-i-inxhinierise-matematike\/grupi-mesimor-kerkimor-matematike\/analiza-matematike\/"},{"@type":"ListItem","position":6,"name":"CV Anita Caushi"}]},{"@type":"WebSite","@id":"https:\/\/fimif.edu.al\/#website","url":"https:\/\/fimif.edu.al\/","name":"Fakulteti i Inxhinieris\u00eb Matematike dhe Inxhinieris\u00eb Fizike","description":"FIMIF, UPT Tirane","publisher":{"@id":"https:\/\/fimif.edu.al\/#organization"},"potentialAction":[{"@type":"SearchAction","target":{"@type":"EntryPoint","urlTemplate":"https:\/\/fimif.edu.al\/?s={search_term_string}"},"query-input":{"@type":"PropertyValueSpecification","valueRequired":true,"valueName":"search_term_string"}}],"inLanguage":"en-GB"},{"@type":"Organization","@id":"https:\/\/fimif.edu.al\/#organization","name":"Fakulteti i Inxhinieris\u00eb Matematike dhe Inxhinieris\u00eb Fizike","url":"https:\/\/fimif.edu.al\/","logo":{"@type":"ImageObject","inLanguage":"en-GB","@id":"https:\/\/fimif.edu.al\/#\/schema\/logo\/image\/","url":"https:\/\/fimif.edu.al\/wp-content\/uploads\/2024\/10\/Fimif-Logo.svg","contentUrl":"https:\/\/fimif.edu.al\/wp-content\/uploads\/2024\/10\/Fimif-Logo.svg","width":653,"height":219,"caption":"Fakulteti i Inxhinieris\u00eb Matematike dhe Inxhinieris\u00eb Fizike"},"image":{"@id":"https:\/\/fimif.edu.al\/#\/schema\/logo\/image\/"},"sameAs":["https:\/\/www.facebook.com\/p\/Departamenti-i-Inxhinierise-Matematike-FIMIF-UPT-100077435994252\/"]}]}},"_links":{"self":[{"href":"https:\/\/fimif.edu.al\/en\/wp-json\/wp\/v2\/pages\/3576","targetHints":{"allow":["GET"]}}],"collection":[{"href":"https:\/\/fimif.edu.al\/en\/wp-json\/wp\/v2\/pages"}],"about":[{"href":"https:\/\/fimif.edu.al\/en\/wp-json\/wp\/v2\/types\/page"}],"author":[{"embeddable":true,"href":"https:\/\/fimif.edu.al\/en\/wp-json\/wp\/v2\/users\/1"}],"replies":[{"embeddable":true,"href":"https:\/\/fimif.edu.al\/en\/wp-json\/wp\/v2\/comments?post=3576"}],"version-history":[{"count":10,"href":"https:\/\/fimif.edu.al\/en\/wp-json\/wp\/v2\/pages\/3576\/revisions"}],"predecessor-version":[{"id":5977,"href":"https:\/\/fimif.edu.al\/en\/wp-json\/wp\/v2\/pages\/3576\/revisions\/5977"}],"up":[{"embeddable":true,"href":"https:\/\/fimif.edu.al\/en\/wp-json\/wp\/v2\/pages\/5466"}],"wp:attachment":[{"href":"https:\/\/fimif.edu.al\/en\/wp-json\/wp\/v2\/media?parent=3576"}],"curies":[{"name":"wp","href":"https:\/\/api.w.org\/{rel}","templated":true}]}}