{"id":3588,"date":"2024-10-09T16:00:27","date_gmt":"2024-10-09T14:00:27","guid":{"rendered":"https:\/\/fimif.farmaciferati.al\/?page_id=3588"},"modified":"2025-01-22T12:09:42","modified_gmt":"2025-01-22T11:09:42","slug":"cv-evgjeni-xhafaj","status":"publish","type":"page","link":"https:\/\/fimif.edu.al\/en\/departamentet\/departamenti-i-inxhinierise-matematike\/grupi-mesimor-kerkimor-matematike\/statistika\/cv-evgjeni-xhafaj\/","title":{"rendered":"CV Evgjeni XHAFAJ"},"content":{"rendered":"<div data-elementor-type=\"wp-page\" data-elementor-id=\"3588\" class=\"elementor elementor-3588\" data-elementor-post-type=\"page\">\n\t\t\t\t<div class=\"elementor-element elementor-element-1087fc3 e-con-full e-flex e-con e-parent\" data-id=\"1087fc3\" data-element_type=\"container\">\n\t\t\t\t<div class=\"elementor-element elementor-element-d65b559 elementor-widget elementor-widget-template\" data-id=\"d65b559\" data-element_type=\"widget\" data-widget_type=\"template.default\">\n\t\t\t\t<div class=\"elementor-widget-container\">\n\t\t\t\t\t<div class=\"elementor-template\">\n\t\t\t\t\t<div data-elementor-type=\"container\" data-elementor-id=\"3550\" class=\"elementor elementor-3550\" data-elementor-post-type=\"elementor_library\">\n\t\t\t\t<div class=\"elementor-element elementor-element-9293d27 e-flex e-con-boxed e-con e-parent\" data-id=\"9293d27\" data-element_type=\"container\" data-settings=\"{&quot;background_background&quot;:&quot;classic&quot;}\">\n\t\t\t\t\t<div class=\"e-con-inner\">\n\t\t\t\t\t<\/div>\n\t\t\t\t<\/div>\n\t\t\t\t<\/div>\n\t\t\t\t<\/div>\n\t\t\t\t<\/div>\n\t\t\t\t<\/div>\n\t\t\t\t<\/div>\n\t\t<div class=\"elementor-element elementor-element-3f13a8e e-flex e-con-boxed e-con e-parent\" data-id=\"3f13a8e\" data-element_type=\"container\">\n\t\t\t\t\t<div class=\"e-con-inner\">\n\t\t<div class=\"elementor-element elementor-element-cf78097 e-con-full e-flex e-con e-child\" data-id=\"cf78097\" data-element_type=\"container\" data-settings=\"{&quot;background_background&quot;:&quot;classic&quot;}\">\n\t\t\t\t<div class=\"elementor-element elementor-element-e93abdb elementor-widget-divider--view-line_text elementor-widget-divider--element-align-center elementor-widget elementor-widget-divider\" data-id=\"e93abdb\" data-element_type=\"widget\" data-widget_type=\"divider.default\">\n\t\t\t\t<div class=\"elementor-widget-container\">\n\t\t\t\t\t<div class=\"elementor-divider\">\n\t\t\t<span class=\"elementor-divider-separator\">\n\t\t\t\t\t\t\t<h2 class=\"elementor-divider__text elementor-divider__element\">\n\t\t\t\tEdukimi\t\t\t\t<\/h2>\n\t\t\t\t\t\t<\/span>\n\t\t<\/div>\n\t\t\t\t<\/div>\n\t\t\t\t<\/div>\n\t\t\t\t<div class=\"elementor-element elementor-element-bf80871 elementor-widget elementor-widget-text-editor\" data-id=\"bf80871\" data-element_type=\"widget\" data-widget_type=\"text-editor.default\">\n\t\t\t\t<div class=\"elementor-widget-container\">\n\t\t\t\t\t\t\t<p>Evgjeni XHAFAJ lindur n\u00eb Vlor\u00eb, ka p\u00ebrfunduar studimet universitare n\u00eb programin 5-vje\u00e7ar n\u00eb Matematik\u00eb (me titullin Matematikan), Universiteti i Tiran\u00ebs, Fakulteti i Shkencave t\u00eb Natyr\u00ebs, Departamenti i Matematik\u00ebs.<\/p><p>Gjat\u00eb viteve 2011-2015 ka ndjekur studimet e doktorat\u00ebs n\u00eb Metodat Probabilitare, Statistike dhe Metodat e Analiz\u00ebs Numerike. M\u00eb 23.11.2015 merr grad\u00ebn shkencore Doktor, Universiteti i Tiran\u00ebs, Fakulteti i Shkencave t\u00eb Natyr\u00ebs, Departamenti i Matematik\u00ebs.<\/p><p>N\u00eb dat\u00ebn 12.01.2023 ka fituar titullin Profesor i Asociuar n\u00eb Universitetin Politeknik t\u00eb Tiran\u00ebs, Fakulteti i Inxhinieris\u00eb Matematike dhe Inxhinieris\u00eb Fizike, Departamenti i Inxhinieris\u00eb Matematike<\/p>\t\t\t\t\t\t<\/div>\n\t\t\t\t<\/div>\n\t\t\t\t<div class=\"elementor-element elementor-element-c287e0a elementor-widget-divider--view-line_text elementor-widget-divider--element-align-center elementor-widget elementor-widget-divider\" data-id=\"c287e0a\" data-element_type=\"widget\" data-widget_type=\"divider.default\">\n\t\t\t\t<div class=\"elementor-widget-container\">\n\t\t\t\t\t<div class=\"elementor-divider\">\n\t\t\t<span class=\"elementor-divider-separator\">\n\t\t\t\t\t\t\t<h2 class=\"elementor-divider__text elementor-divider__element\">\n\t\t\t\tPun\u00ebsimi\t\t\t\t<\/h2>\n\t\t\t\t\t\t<\/span>\n\t\t<\/div>\n\t\t\t\t<\/div>\n\t\t\t\t<\/div>\n\t\t\t\t<div class=\"elementor-element elementor-element-1af26d8 elementor-widget elementor-widget-text-editor\" data-id=\"1af26d8\" data-element_type=\"widget\" data-widget_type=\"text-editor.default\">\n\t\t\t\t<div class=\"elementor-widget-container\">\n\t\t\t\t\t\t\t<p>Prej vitit 2018 e n\u00eb vazhdim lektore n\u00eb Universitetin Politeknik t\u00eb Tiran\u00ebs, Fakulteti i Inxhinieris\u00eb Matematike dhe Inxhinieris\u00eb Fizike, Departamenti i Inxhinieris\u00eb Matematike. Gjat\u00eb k\u00ebtyre viteve ka qen\u00eb titullare e l\u00ebnd\u00ebve: Statistik\u00eb e Aplikuar dhe Analiz\u00eb Matematike.<\/p>\t\t\t\t\t\t<\/div>\n\t\t\t\t<\/div>\n\t\t\t\t<div class=\"elementor-element elementor-element-f136d0c elementor-widget-divider--view-line_text elementor-widget-divider--element-align-center elementor-widget elementor-widget-divider\" data-id=\"f136d0c\" data-element_type=\"widget\" data-widget_type=\"divider.default\">\n\t\t\t\t<div class=\"elementor-widget-container\">\n\t\t\t\t\t<div class=\"elementor-divider\">\n\t\t\t<span class=\"elementor-divider-separator\">\n\t\t\t\t\t\t\t<h2 class=\"elementor-divider__text elementor-divider__element\">\n\t\t\t\tAktiviteti shkencor\t\t\t\t<\/h2>\n\t\t\t\t\t\t<\/span>\n\t\t<\/div>\n\t\t\t\t<\/div>\n\t\t\t\t<\/div>\n\t\t\t\t<div class=\"elementor-element elementor-element-d258f0d elementor-widget elementor-widget-text-editor\" data-id=\"d258f0d\" data-element_type=\"widget\" data-widget_type=\"text-editor.default\">\n\t\t\t\t<div class=\"elementor-widget-container\">\n\t\t\t\t\t\t\t<p>Esht\u00eb autore dhe bashk\u00ebautore e mbi 30 artikujve t\u00eb botuar n\u00eb revista shkencore komb\u00ebtare dhe nd\u00ebrkombetare. Ka referuar n\u00eb m\u00eb shum\u00eb se 25 konferenca shkencore komb\u00ebtare dhe nd\u00ebrkomb\u00ebtare.<\/p><p>Fusha e k\u00ebrkimit: Zbatime t\u00eb statistik\u00ebs shum\u00ebpermasore n\u00eb ekonomi, Machine Learning, Modelet e parashikimit n\u00eb industrin\u00eb e naft\u00ebs, Modele ekonometrike.<\/p>\t\t\t\t\t\t<\/div>\n\t\t\t\t<\/div>\n\t\t\t\t<\/div>\n\t\t\t\t\t<\/div>\n\t\t\t\t<\/div>\n\t\t\t\t<\/div>","protected":false},"excerpt":{"rendered":"<p>Edukimi Evgjeni XHAFAJ lindur n\u00eb Vlor\u00eb, ka p\u00ebrfunduar studimet universitare n\u00eb programin 5-vje\u00e7ar n\u00eb Matematik\u00eb (me titullin Matematikan), Universiteti i Tiran\u00ebs, Fakulteti i Shkencave t\u00eb Natyr\u00ebs, Departamenti i Matematik\u00ebs. Gjat\u00eb viteve 2011-2015 ka ndjekur studimet e doktorat\u00ebs n\u00eb Metodat Probabilitare, Statistike dhe Metodat e Analiz\u00ebs Numerike. M\u00eb 23.11.2015 merr grad\u00ebn shkencore Doktor, Universiteti i Tiran\u00ebs, [&hellip;]<\/p>","protected":false},"author":1,"featured_media":0,"parent":5523,"menu_order":0,"comment_status":"closed","ping_status":"closed","template":"","meta":{"footnotes":""},"class_list":["post-3588","page","type-page","status-publish","hentry"],"yoast_head":"<!-- This site is optimized with the Yoast SEO plugin v24.2 - https:\/\/yoast.com\/wordpress\/plugins\/seo\/ -->\n<title>CV Evgjeni XHAFAJ - Fakulteti i Inxhinieris\u00eb Matematike dhe Inxhinieris\u00eb Fizike<\/title>\n<meta name=\"robots\" content=\"index, follow, max-snippet:-1, max-image-preview:large, max-video-preview:-1\" \/>\n<link rel=\"canonical\" href=\"https:\/\/fimif.edu.al\/en\/departamentet\/departamenti-i-inxhinierise-matematike\/grupi-mesimor-kerkimor-matematike\/statistika\/cv-evgjeni-xhafaj\/\" \/>\n<meta property=\"og:locale\" content=\"en_GB\" \/>\n<meta property=\"og:type\" content=\"article\" \/>\n<meta property=\"og:title\" content=\"CV Evgjeni XHAFAJ - Fakulteti i Inxhinieris\u00eb Matematike dhe Inxhinieris\u00eb Fizike\" \/>\n<meta property=\"og:description\" content=\"Edukimi Evgjeni XHAFAJ lindur n\u00eb Vlor\u00eb, ka p\u00ebrfunduar studimet universitare n\u00eb programin 5-vje\u00e7ar n\u00eb Matematik\u00eb (me titullin Matematikan), Universiteti i Tiran\u00ebs, Fakulteti i Shkencave t\u00eb Natyr\u00ebs, Departamenti i Matematik\u00ebs. Gjat\u00eb viteve 2011-2015 ka ndjekur studimet e doktorat\u00ebs n\u00eb Metodat Probabilitare, Statistike dhe Metodat e Analiz\u00ebs Numerike. M\u00eb 23.11.2015 merr grad\u00ebn shkencore Doktor, Universiteti i Tiran\u00ebs, [&hellip;]\" \/>\n<meta property=\"og:url\" content=\"https:\/\/fimif.edu.al\/en\/departamentet\/departamenti-i-inxhinierise-matematike\/grupi-mesimor-kerkimor-matematike\/statistika\/cv-evgjeni-xhafaj\/\" \/>\n<meta property=\"og:site_name\" content=\"Fakulteti i Inxhinieris\u00eb Matematike dhe Inxhinieris\u00eb Fizike\" \/>\n<meta property=\"article:publisher\" content=\"https:\/\/www.facebook.com\/p\/Departamenti-i-Inxhinierise-Matematike-FIMIF-UPT-100077435994252\/\" \/>\n<meta property=\"article:modified_time\" content=\"2025-01-22T11:09:42+00:00\" \/>\n<meta name=\"twitter:card\" content=\"summary_large_image\" \/>\n<meta name=\"twitter:label1\" content=\"Estimated reading time\" \/>\n\t<meta name=\"twitter:data1\" content=\"1 minute\" \/>\n<script type=\"application\/ld+json\" class=\"yoast-schema-graph\">{\"@context\":\"https:\/\/schema.org\",\"@graph\":[{\"@type\":\"WebPage\",\"@id\":\"https:\/\/fimif.edu.al\/departamentet\/departamenti-i-inxhinierise-matematike\/grupi-mesimor-kerkimor-matematike\/statistika\/cv-evgjeni-xhafaj\/\",\"url\":\"https:\/\/fimif.edu.al\/departamentet\/departamenti-i-inxhinierise-matematike\/grupi-mesimor-kerkimor-matematike\/statistika\/cv-evgjeni-xhafaj\/\",\"name\":\"CV Evgjeni XHAFAJ - Fakulteti i Inxhinieris\u00eb Matematike dhe Inxhinieris\u00eb Fizike\",\"isPartOf\":{\"@id\":\"https:\/\/fimif.edu.al\/#website\"},\"datePublished\":\"2024-10-09T14:00:27+00:00\",\"dateModified\":\"2025-01-22T11:09:42+00:00\",\"breadcrumb\":{\"@id\":\"https:\/\/fimif.edu.al\/departamentet\/departamenti-i-inxhinierise-matematike\/grupi-mesimor-kerkimor-matematike\/statistika\/cv-evgjeni-xhafaj\/#breadcrumb\"},\"inLanguage\":\"en-GB\",\"potentialAction\":[{\"@type\":\"ReadAction\",\"target\":[\"https:\/\/fimif.edu.al\/departamentet\/departamenti-i-inxhinierise-matematike\/grupi-mesimor-kerkimor-matematike\/statistika\/cv-evgjeni-xhafaj\/\"]}]},{\"@type\":\"BreadcrumbList\",\"@id\":\"https:\/\/fimif.edu.al\/departamentet\/departamenti-i-inxhinierise-matematike\/grupi-mesimor-kerkimor-matematike\/statistika\/cv-evgjeni-xhafaj\/#breadcrumb\",\"itemListElement\":[{\"@type\":\"ListItem\",\"position\":1,\"name\":\"Home\",\"item\":\"https:\/\/fimif.edu.al\/\"},{\"@type\":\"ListItem\",\"position\":2,\"name\":\"Departamentet\",\"item\":\"https:\/\/fimif.edu.al\/departamentet\/\"},{\"@type\":\"ListItem\",\"position\":3,\"name\":\"Departamenti i Inxhinierise Matematike\",\"item\":\"https:\/\/fimif.edu.al\/departamentet\/departamenti-i-inxhinierise-matematike\/\"},{\"@type\":\"ListItem\",\"position\":4,\"name\":\"Grupi M\u00ebsimor K\u00ebrkimor Matematik\u00eb\",\"item\":\"https:\/\/fimif.edu.al\/departamentet\/departamenti-i-inxhinierise-matematike\/grupi-mesimor-kerkimor-matematike\/\"},{\"@type\":\"ListItem\",\"position\":5,\"name\":\"Statistika\",\"item\":\"https:\/\/fimif.edu.al\/departamentet\/departamenti-i-inxhinierise-matematike\/grupi-mesimor-kerkimor-matematike\/statistika\/\"},{\"@type\":\"ListItem\",\"position\":6,\"name\":\"CV Evgjeni XHAFAJ\"}]},{\"@type\":\"WebSite\",\"@id\":\"https:\/\/fimif.edu.al\/#website\",\"url\":\"https:\/\/fimif.edu.al\/\",\"name\":\"Fakulteti i Inxhinieris\u00eb Matematike dhe Inxhinieris\u00eb Fizike\",\"description\":\"FIMIF, UPT Tirane\",\"publisher\":{\"@id\":\"https:\/\/fimif.edu.al\/#organization\"},\"potentialAction\":[{\"@type\":\"SearchAction\",\"target\":{\"@type\":\"EntryPoint\",\"urlTemplate\":\"https:\/\/fimif.edu.al\/?s={search_term_string}\"},\"query-input\":{\"@type\":\"PropertyValueSpecification\",\"valueRequired\":true,\"valueName\":\"search_term_string\"}}],\"inLanguage\":\"en-GB\"},{\"@type\":\"Organization\",\"@id\":\"https:\/\/fimif.edu.al\/#organization\",\"name\":\"Fakulteti i Inxhinieris\u00eb Matematike dhe Inxhinieris\u00eb Fizike\",\"url\":\"https:\/\/fimif.edu.al\/\",\"logo\":{\"@type\":\"ImageObject\",\"inLanguage\":\"en-GB\",\"@id\":\"https:\/\/fimif.edu.al\/#\/schema\/logo\/image\/\",\"url\":\"https:\/\/fimif.edu.al\/wp-content\/uploads\/2024\/10\/Fimif-Logo.svg\",\"contentUrl\":\"https:\/\/fimif.edu.al\/wp-content\/uploads\/2024\/10\/Fimif-Logo.svg\",\"width\":653,\"height\":219,\"caption\":\"Fakulteti i Inxhinieris\u00eb Matematike dhe Inxhinieris\u00eb Fizike\"},\"image\":{\"@id\":\"https:\/\/fimif.edu.al\/#\/schema\/logo\/image\/\"},\"sameAs\":[\"https:\/\/www.facebook.com\/p\/Departamenti-i-Inxhinierise-Matematike-FIMIF-UPT-100077435994252\/\"]}]}<\/script>\n<!-- \/ Yoast SEO plugin. -->","yoast_head_json":{"title":"CV Evgjeni XHAFAJ - Fakulteti i Inxhinieris\u00eb Matematike dhe Inxhinieris\u00eb Fizike","robots":{"index":"index","follow":"follow","max-snippet":"max-snippet:-1","max-image-preview":"max-image-preview:large","max-video-preview":"max-video-preview:-1"},"canonical":"https:\/\/fimif.edu.al\/en\/departamentet\/departamenti-i-inxhinierise-matematike\/grupi-mesimor-kerkimor-matematike\/statistika\/cv-evgjeni-xhafaj\/","og_locale":"en_GB","og_type":"article","og_title":"CV Evgjeni XHAFAJ - Fakulteti i Inxhinieris\u00eb Matematike dhe Inxhinieris\u00eb Fizike","og_description":"Edukimi Evgjeni XHAFAJ lindur n\u00eb Vlor\u00eb, ka p\u00ebrfunduar studimet universitare n\u00eb programin 5-vje\u00e7ar n\u00eb Matematik\u00eb (me titullin Matematikan), Universiteti i Tiran\u00ebs, Fakulteti i Shkencave t\u00eb Natyr\u00ebs, Departamenti i Matematik\u00ebs. Gjat\u00eb viteve 2011-2015 ka ndjekur studimet e doktorat\u00ebs n\u00eb Metodat Probabilitare, Statistike dhe Metodat e Analiz\u00ebs Numerike. M\u00eb 23.11.2015 merr grad\u00ebn shkencore Doktor, Universiteti i Tiran\u00ebs, [&hellip;]","og_url":"https:\/\/fimif.edu.al\/en\/departamentet\/departamenti-i-inxhinierise-matematike\/grupi-mesimor-kerkimor-matematike\/statistika\/cv-evgjeni-xhafaj\/","og_site_name":"Fakulteti i Inxhinieris\u00eb Matematike dhe Inxhinieris\u00eb Fizike","article_publisher":"https:\/\/www.facebook.com\/p\/Departamenti-i-Inxhinierise-Matematike-FIMIF-UPT-100077435994252\/","article_modified_time":"2025-01-22T11:09:42+00:00","twitter_card":"summary_large_image","twitter_misc":{"Estimated reading time":"1 minute"},"schema":{"@context":"https:\/\/schema.org","@graph":[{"@type":"WebPage","@id":"https:\/\/fimif.edu.al\/departamentet\/departamenti-i-inxhinierise-matematike\/grupi-mesimor-kerkimor-matematike\/statistika\/cv-evgjeni-xhafaj\/","url":"https:\/\/fimif.edu.al\/departamentet\/departamenti-i-inxhinierise-matematike\/grupi-mesimor-kerkimor-matematike\/statistika\/cv-evgjeni-xhafaj\/","name":"CV Evgjeni XHAFAJ - Fakulteti i Inxhinieris\u00eb Matematike dhe Inxhinieris\u00eb Fizike","isPartOf":{"@id":"https:\/\/fimif.edu.al\/#website"},"datePublished":"2024-10-09T14:00:27+00:00","dateModified":"2025-01-22T11:09:42+00:00","breadcrumb":{"@id":"https:\/\/fimif.edu.al\/departamentet\/departamenti-i-inxhinierise-matematike\/grupi-mesimor-kerkimor-matematike\/statistika\/cv-evgjeni-xhafaj\/#breadcrumb"},"inLanguage":"en-GB","potentialAction":[{"@type":"ReadAction","target":["https:\/\/fimif.edu.al\/departamentet\/departamenti-i-inxhinierise-matematike\/grupi-mesimor-kerkimor-matematike\/statistika\/cv-evgjeni-xhafaj\/"]}]},{"@type":"BreadcrumbList","@id":"https:\/\/fimif.edu.al\/departamentet\/departamenti-i-inxhinierise-matematike\/grupi-mesimor-kerkimor-matematike\/statistika\/cv-evgjeni-xhafaj\/#breadcrumb","itemListElement":[{"@type":"ListItem","position":1,"name":"Home","item":"https:\/\/fimif.edu.al\/"},{"@type":"ListItem","position":2,"name":"Departamentet","item":"https:\/\/fimif.edu.al\/departamentet\/"},{"@type":"ListItem","position":3,"name":"Departamenti i Inxhinierise Matematike","item":"https:\/\/fimif.edu.al\/departamentet\/departamenti-i-inxhinierise-matematike\/"},{"@type":"ListItem","position":4,"name":"Grupi M\u00ebsimor K\u00ebrkimor Matematik\u00eb","item":"https:\/\/fimif.edu.al\/departamentet\/departamenti-i-inxhinierise-matematike\/grupi-mesimor-kerkimor-matematike\/"},{"@type":"ListItem","position":5,"name":"Statistika","item":"https:\/\/fimif.edu.al\/departamentet\/departamenti-i-inxhinierise-matematike\/grupi-mesimor-kerkimor-matematike\/statistika\/"},{"@type":"ListItem","position":6,"name":"CV Evgjeni XHAFAJ"}]},{"@type":"WebSite","@id":"https:\/\/fimif.edu.al\/#website","url":"https:\/\/fimif.edu.al\/","name":"Fakulteti i Inxhinieris\u00eb Matematike dhe Inxhinieris\u00eb Fizike","description":"FIMIF, UPT Tirane","publisher":{"@id":"https:\/\/fimif.edu.al\/#organization"},"potentialAction":[{"@type":"SearchAction","target":{"@type":"EntryPoint","urlTemplate":"https:\/\/fimif.edu.al\/?s={search_term_string}"},"query-input":{"@type":"PropertyValueSpecification","valueRequired":true,"valueName":"search_term_string"}}],"inLanguage":"en-GB"},{"@type":"Organization","@id":"https:\/\/fimif.edu.al\/#organization","name":"Fakulteti i Inxhinieris\u00eb Matematike dhe Inxhinieris\u00eb Fizike","url":"https:\/\/fimif.edu.al\/","logo":{"@type":"ImageObject","inLanguage":"en-GB","@id":"https:\/\/fimif.edu.al\/#\/schema\/logo\/image\/","url":"https:\/\/fimif.edu.al\/wp-content\/uploads\/2024\/10\/Fimif-Logo.svg","contentUrl":"https:\/\/fimif.edu.al\/wp-content\/uploads\/2024\/10\/Fimif-Logo.svg","width":653,"height":219,"caption":"Fakulteti i Inxhinieris\u00eb Matematike dhe Inxhinieris\u00eb Fizike"},"image":{"@id":"https:\/\/fimif.edu.al\/#\/schema\/logo\/image\/"},"sameAs":["https:\/\/www.facebook.com\/p\/Departamenti-i-Inxhinierise-Matematike-FIMIF-UPT-100077435994252\/"]}]}},"_links":{"self":[{"href":"https:\/\/fimif.edu.al\/en\/wp-json\/wp\/v2\/pages\/3588","targetHints":{"allow":["GET"]}}],"collection":[{"href":"https:\/\/fimif.edu.al\/en\/wp-json\/wp\/v2\/pages"}],"about":[{"href":"https:\/\/fimif.edu.al\/en\/wp-json\/wp\/v2\/types\/page"}],"author":[{"embeddable":true,"href":"https:\/\/fimif.edu.al\/en\/wp-json\/wp\/v2\/users\/1"}],"replies":[{"embeddable":true,"href":"https:\/\/fimif.edu.al\/en\/wp-json\/wp\/v2\/comments?post=3588"}],"version-history":[{"count":13,"href":"https:\/\/fimif.edu.al\/en\/wp-json\/wp\/v2\/pages\/3588\/revisions"}],"predecessor-version":[{"id":6965,"href":"https:\/\/fimif.edu.al\/en\/wp-json\/wp\/v2\/pages\/3588\/revisions\/6965"}],"up":[{"embeddable":true,"href":"https:\/\/fimif.edu.al\/en\/wp-json\/wp\/v2\/pages\/5523"}],"wp:attachment":[{"href":"https:\/\/fimif.edu.al\/en\/wp-json\/wp\/v2\/media?parent=3588"}],"curies":[{"name":"wp","href":"https:\/\/api.w.org\/{rel}","templated":true}]}}