{"id":3609,"date":"2024-10-09T16:43:07","date_gmt":"2024-10-09T14:43:07","guid":{"rendered":"https:\/\/fimif.farmaciferati.al\/?page_id=3609"},"modified":"2025-01-14T17:25:53","modified_gmt":"2025-01-14T16:25:53","slug":"cv-endri-raco","status":"publish","type":"page","link":"https:\/\/fimif.edu.al\/en\/departamentet\/departamenti-i-inxhinierise-matematike\/grupi-mesimor-kerkimor-matematike\/statistika\/cv-endri-raco\/","title":{"rendered":"CV Endri RACO"},"content":{"rendered":"<div data-elementor-type=\"wp-page\" data-elementor-id=\"3609\" class=\"elementor elementor-3609\" data-elementor-post-type=\"page\">\n\t\t\t\t<div class=\"elementor-element elementor-element-1087fc3 e-con-full e-flex e-con e-parent\" data-id=\"1087fc3\" data-element_type=\"container\">\n\t\t\t\t<div class=\"elementor-element elementor-element-d65b559 elementor-widget elementor-widget-template\" data-id=\"d65b559\" data-element_type=\"widget\" data-widget_type=\"template.default\">\n\t\t\t\t<div class=\"elementor-widget-container\">\n\t\t\t\t\t<div class=\"elementor-template\">\n\t\t\t\t\t<div data-elementor-type=\"container\" data-elementor-id=\"3550\" class=\"elementor elementor-3550\" data-elementor-post-type=\"elementor_library\">\n\t\t\t\t<div class=\"elementor-element elementor-element-9293d27 e-flex e-con-boxed e-con e-parent\" data-id=\"9293d27\" data-element_type=\"container\" data-settings=\"{&quot;background_background&quot;:&quot;classic&quot;}\">\n\t\t\t\t\t<div class=\"e-con-inner\">\n\t\t\t\t\t<\/div>\n\t\t\t\t<\/div>\n\t\t\t\t<\/div>\n\t\t\t\t<\/div>\n\t\t\t\t<\/div>\n\t\t\t\t<\/div>\n\t\t\t\t<\/div>\n\t\t<div class=\"elementor-element elementor-element-3f13a8e e-flex e-con-boxed e-con e-parent\" data-id=\"3f13a8e\" data-element_type=\"container\">\n\t\t\t\t\t<div class=\"e-con-inner\">\n\t\t<div class=\"elementor-element elementor-element-cf78097 e-con-full e-flex e-con e-child\" data-id=\"cf78097\" data-element_type=\"container\" data-settings=\"{&quot;background_background&quot;:&quot;classic&quot;}\">\n\t\t\t\t<div class=\"elementor-element elementor-element-e93abdb elementor-widget-divider--view-line_text elementor-widget-divider--element-align-center elementor-widget elementor-widget-divider\" data-id=\"e93abdb\" data-element_type=\"widget\" data-widget_type=\"divider.default\">\n\t\t\t\t<div class=\"elementor-widget-container\">\n\t\t\t\t\t<div class=\"elementor-divider\">\n\t\t\t<span class=\"elementor-divider-separator\">\n\t\t\t\t\t\t\t<h2 class=\"elementor-divider__text elementor-divider__element\">\n\t\t\t\tEdukimi\t\t\t\t<\/h2>\n\t\t\t\t\t\t<\/span>\n\t\t<\/div>\n\t\t\t\t<\/div>\n\t\t\t\t<\/div>\n\t\t\t\t<div class=\"elementor-element elementor-element-bf80871 elementor-widget elementor-widget-text-editor\" data-id=\"bf80871\" data-element_type=\"widget\" data-widget_type=\"text-editor.default\">\n\t\t\t\t<div class=\"elementor-widget-container\">\n\t\t\t\t\t\t\t<p><strong>Endri RA\u00c7O<\/strong>, i lindur n\u00eb Kor\u00e7\u00eb m\u00eb 1981, \u00ebsht\u00eb diplomuar n\u00eb Qershor 2004 n\u00eb Universitetin Shtet\u00ebror Politeknik t\u00eb Sh\u00ebn Petersburgut (SPbGPU), Fakulteti Teknik Kibernetik,<br \/><strong><span style=\"color: var( --e-global-color-text ); font-size: 1rem;\">Diploma: &#8220;Bachelor&#8221; drejtimi \u201cAnaliza dhe Kontrolli i Sistemeve\u201d<\/span><\/strong><\/p><p><span style=\"color: var( --e-global-color-text ); font-size: 1rem;\">N\u00eb vitet 2004-2006 ndjek dhe p\u00ebrfundon studimet pasuniversitare n\u00eb Universitetin Shtet\u00ebror Politeknik t\u00eb Sh\u00ebn Petersburgut, Fakulteti Teknik Kibernetik,<br \/><strong>Diploma &#8220;Master&#8221; (MSc) drejtimi \u201cAnaliza dhe Kontrolli i Sistemeve\u201d\u00a0<\/strong><\/span><\/p><p><span style=\"color: var( --e-global-color-text ); font-size: 1rem;\">N\u00eb vitet 2004-2006 ndjek dhe p\u00ebrfundon studimet pasuniversitare n\u00eb Universitetin Shtet\u00ebror Politeknik t\u00eb Sh\u00ebn Petersburgut, Fakulteti i P\u00ebrgatitjes t\u00eb Specialist\u00ebve,<br \/><strong>Diploma &#8220;Master&#8221; (MSc) drejtimi \u201cShkenca Informatike dhe Inxhinieri Kompjuterike\u201d<\/strong><\/span><\/p><p><span style=\"color: var( --e-global-color-text ); font-size: 1rem;\">N\u00eb vitet 2011-2013 ndjek studimet e doktorat\u00ebs n\u00eb Universitetin Politeknik t\u00eb Tiran\u00ebs, Fakulteti i Inxhinieris\u00eb Matematike dhe Inxhinieris\u00eb Fizike, Departamenti i Inxhinieris\u00eb Matematike dhe dhe kryen <strong>Mbrojtjen e grad\u00ebs \u201cDoktor\u201d<\/strong> n\u00eb 30.09.2013.<\/span><\/p><p><span style=\"color: var( --e-global-color-text ); font-size: 1rem;\">Merr titullin <strong>Profesor i Asociuar<\/strong> n\u00eb 13.02.2023<\/span><\/p>\t\t\t\t\t\t<\/div>\n\t\t\t\t<\/div>\n\t\t\t\t<div class=\"elementor-element elementor-element-6bd67f2 elementor-widget-divider--view-line_text elementor-widget-divider--element-align-center elementor-widget elementor-widget-divider\" data-id=\"6bd67f2\" data-element_type=\"widget\" data-widget_type=\"divider.default\">\n\t\t\t\t<div class=\"elementor-widget-container\">\n\t\t\t\t\t<div class=\"elementor-divider\">\n\t\t\t<span class=\"elementor-divider-separator\">\n\t\t\t\t\t\t\t<h2 class=\"elementor-divider__text elementor-divider__element\">\n\t\t\t\tPun\u00ebsimi dhe funksione akademike\t\t\t\t<\/h2>\n\t\t\t\t\t\t<\/span>\n\t\t<\/div>\n\t\t\t\t<\/div>\n\t\t\t\t<\/div>\n\t\t\t\t<div class=\"elementor-element elementor-element-0f1ea44 elementor-widget elementor-widget-text-editor\" data-id=\"0f1ea44\" data-element_type=\"widget\" data-widget_type=\"text-editor.default\">\n\t\t\t\t<div class=\"elementor-widget-container\">\n\t\t\t\t\t\t\t<p>N\u00eb Janar 2011 em\u00ebrohet Lektor n\u00eb Departamentin e Inxhinieris\u00eb Matematike, Seksioni i Statistik\u00ebs, pran\u00eb Fakultetit t\u00eb Inxhinieris\u00eb Matematike dhe Inxhinieris\u00eb Fizike, Universiteti Politeknik i Tiran\u00ebs. Prej asaj periudhe ka qen\u00eb lektor dhe m\u00eb von\u00eb titullar i l\u00ebnd\u00ebve t\u00eb ndryshme si: &#8220;Probabilitet&#8221;, \u201cStatistik\u00eb\u201d, &#8220;Statistik\u00eb e Aplikuar&#8221; etj.<\/p>\t\t\t\t\t\t<\/div>\n\t\t\t\t<\/div>\n\t\t\t\t<div class=\"elementor-element elementor-element-c287e0a elementor-widget-divider--view-line_text elementor-widget-divider--element-align-center elementor-widget elementor-widget-divider\" data-id=\"c287e0a\" data-element_type=\"widget\" data-widget_type=\"divider.default\">\n\t\t\t\t<div class=\"elementor-widget-container\">\n\t\t\t\t\t<div class=\"elementor-divider\">\n\t\t\t<span class=\"elementor-divider-separator\">\n\t\t\t\t\t\t\t<h2 class=\"elementor-divider__text elementor-divider__element\">\n\t\t\t\tAktiviteti shkencor\t\t\t\t<\/h2>\n\t\t\t\t\t\t<\/span>\n\t\t<\/div>\n\t\t\t\t<\/div>\n\t\t\t\t<\/div>\n\t\t\t\t<div class=\"elementor-element elementor-element-1af26d8 elementor-widget elementor-widget-text-editor\" data-id=\"1af26d8\" data-element_type=\"widget\" data-widget_type=\"text-editor.default\">\n\t\t\t\t<div class=\"elementor-widget-container\">\n\t\t\t\t\t\t\t<p>Ka nj\u00eb pjesmarrje si autor i par\u00eb dhe bashk\u00ebautor n\u00eb mbi 15 konferenca shkencore nd\u00ebrkomb\u00ebtare dhe rreth 12 botime si autor i par\u00eb dhe bashk\u00ebautor n\u00eb revista shkencore nd\u00ebrkomb\u00ebtare.<\/p><p><strong>Fusha e k\u00ebrkimit<\/strong> : Analiza e t\u00eb Dh\u00ebnave dhe Modelimi Statistikor, me theks t\u00eb ve\u00e7ant\u00eb n\u00eb p\u00ebrdorimin e teknologjive t\u00eb reja si Machine Learning dhe Inteligjenca Artificiale p\u00ebr parashikime dhe vendimmarrje.<\/p>\t\t\t\t\t\t<\/div>\n\t\t\t\t<\/div>\n\t\t\t\t<\/div>\n\t\t\t\t\t<\/div>\n\t\t\t\t<\/div>\n\t\t\t\t<\/div>","protected":false},"excerpt":{"rendered":"<p>Edukimi Endri RA\u00c7O, i lindur n\u00eb Kor\u00e7\u00eb m\u00eb 1981, \u00ebsht\u00eb diplomuar n\u00eb Qershor 2004 n\u00eb Universitetin Shtet\u00ebror Politeknik t\u00eb Sh\u00ebn Petersburgut (SPbGPU), Fakulteti Teknik Kibernetik,Diploma: &#8220;Bachelor&#8221; drejtimi \u201cAnaliza dhe Kontrolli i Sistemeve\u201d N\u00eb vitet 2004-2006 ndjek dhe p\u00ebrfundon studimet pasuniversitare n\u00eb Universitetin Shtet\u00ebror Politeknik t\u00eb Sh\u00ebn Petersburgut, Fakulteti Teknik Kibernetik,Diploma &#8220;Master&#8221; (MSc) drejtimi \u201cAnaliza dhe [&hellip;]<\/p>","protected":false},"author":1,"featured_media":0,"parent":5523,"menu_order":0,"comment_status":"closed","ping_status":"closed","template":"","meta":{"footnotes":""},"class_list":["post-3609","page","type-page","status-publish","hentry"],"yoast_head":"<!-- This site is optimized with the Yoast SEO plugin v24.2 - https:\/\/yoast.com\/wordpress\/plugins\/seo\/ -->\n<title>CV Endri RACO - Fakulteti i Inxhinieris\u00eb Matematike dhe Inxhinieris\u00eb Fizike<\/title>\n<meta name=\"robots\" content=\"index, follow, max-snippet:-1, max-image-preview:large, max-video-preview:-1\" \/>\n<link rel=\"canonical\" href=\"https:\/\/fimif.edu.al\/en\/departamentet\/departamenti-i-inxhinierise-matematike\/grupi-mesimor-kerkimor-matematike\/statistika\/cv-endri-raco\/\" \/>\n<meta property=\"og:locale\" content=\"en_GB\" \/>\n<meta property=\"og:type\" content=\"article\" \/>\n<meta property=\"og:title\" content=\"CV Endri RACO - Fakulteti i Inxhinieris\u00eb Matematike dhe Inxhinieris\u00eb Fizike\" \/>\n<meta property=\"og:description\" content=\"Edukimi Endri RA\u00c7O, i lindur n\u00eb Kor\u00e7\u00eb m\u00eb 1981, \u00ebsht\u00eb diplomuar n\u00eb Qershor 2004 n\u00eb Universitetin Shtet\u00ebror Politeknik t\u00eb Sh\u00ebn Petersburgut (SPbGPU), Fakulteti Teknik Kibernetik,Diploma: &#8220;Bachelor&#8221; drejtimi \u201cAnaliza dhe Kontrolli i Sistemeve\u201d N\u00eb vitet 2004-2006 ndjek dhe p\u00ebrfundon studimet pasuniversitare n\u00eb Universitetin Shtet\u00ebror Politeknik t\u00eb Sh\u00ebn Petersburgut, Fakulteti Teknik Kibernetik,Diploma &#8220;Master&#8221; (MSc) drejtimi \u201cAnaliza dhe [&hellip;]\" \/>\n<meta property=\"og:url\" content=\"https:\/\/fimif.edu.al\/en\/departamentet\/departamenti-i-inxhinierise-matematike\/grupi-mesimor-kerkimor-matematike\/statistika\/cv-endri-raco\/\" \/>\n<meta property=\"og:site_name\" content=\"Fakulteti i Inxhinieris\u00eb Matematike dhe Inxhinieris\u00eb Fizike\" \/>\n<meta property=\"article:publisher\" content=\"https:\/\/www.facebook.com\/p\/Departamenti-i-Inxhinierise-Matematike-FIMIF-UPT-100077435994252\/\" \/>\n<meta property=\"article:modified_time\" content=\"2025-01-14T16:25:53+00:00\" \/>\n<meta name=\"twitter:card\" content=\"summary_large_image\" \/>\n<meta name=\"twitter:label1\" content=\"Estimated reading time\" \/>\n\t<meta name=\"twitter:data1\" content=\"2 minutes\" \/>\n<script type=\"application\/ld+json\" class=\"yoast-schema-graph\">{\"@context\":\"https:\/\/schema.org\",\"@graph\":[{\"@type\":\"WebPage\",\"@id\":\"https:\/\/fimif.edu.al\/departamentet\/departamenti-i-inxhinierise-matematike\/grupi-mesimor-kerkimor-matematike\/statistika\/cv-endri-raco\/\",\"url\":\"https:\/\/fimif.edu.al\/departamentet\/departamenti-i-inxhinierise-matematike\/grupi-mesimor-kerkimor-matematike\/statistika\/cv-endri-raco\/\",\"name\":\"CV Endri RACO - Fakulteti i Inxhinieris\u00eb Matematike dhe Inxhinieris\u00eb Fizike\",\"isPartOf\":{\"@id\":\"https:\/\/fimif.edu.al\/#website\"},\"datePublished\":\"2024-10-09T14:43:07+00:00\",\"dateModified\":\"2025-01-14T16:25:53+00:00\",\"breadcrumb\":{\"@id\":\"https:\/\/fimif.edu.al\/departamentet\/departamenti-i-inxhinierise-matematike\/grupi-mesimor-kerkimor-matematike\/statistika\/cv-endri-raco\/#breadcrumb\"},\"inLanguage\":\"en-GB\",\"potentialAction\":[{\"@type\":\"ReadAction\",\"target\":[\"https:\/\/fimif.edu.al\/departamentet\/departamenti-i-inxhinierise-matematike\/grupi-mesimor-kerkimor-matematike\/statistika\/cv-endri-raco\/\"]}]},{\"@type\":\"BreadcrumbList\",\"@id\":\"https:\/\/fimif.edu.al\/departamentet\/departamenti-i-inxhinierise-matematike\/grupi-mesimor-kerkimor-matematike\/statistika\/cv-endri-raco\/#breadcrumb\",\"itemListElement\":[{\"@type\":\"ListItem\",\"position\":1,\"name\":\"Home\",\"item\":\"https:\/\/fimif.edu.al\/\"},{\"@type\":\"ListItem\",\"position\":2,\"name\":\"Departamentet\",\"item\":\"https:\/\/fimif.edu.al\/departamentet\/\"},{\"@type\":\"ListItem\",\"position\":3,\"name\":\"Departamenti i Inxhinierise Matematike\",\"item\":\"https:\/\/fimif.edu.al\/departamentet\/departamenti-i-inxhinierise-matematike\/\"},{\"@type\":\"ListItem\",\"position\":4,\"name\":\"Grupi M\u00ebsimor K\u00ebrkimor Matematik\u00eb\",\"item\":\"https:\/\/fimif.edu.al\/departamentet\/departamenti-i-inxhinierise-matematike\/grupi-mesimor-kerkimor-matematike\/\"},{\"@type\":\"ListItem\",\"position\":5,\"name\":\"Statistika\",\"item\":\"https:\/\/fimif.edu.al\/departamentet\/departamenti-i-inxhinierise-matematike\/grupi-mesimor-kerkimor-matematike\/statistika\/\"},{\"@type\":\"ListItem\",\"position\":6,\"name\":\"CV Endri RACO\"}]},{\"@type\":\"WebSite\",\"@id\":\"https:\/\/fimif.edu.al\/#website\",\"url\":\"https:\/\/fimif.edu.al\/\",\"name\":\"Fakulteti i Inxhinieris\u00eb Matematike dhe Inxhinieris\u00eb Fizike\",\"description\":\"FIMIF, UPT Tirane\",\"publisher\":{\"@id\":\"https:\/\/fimif.edu.al\/#organization\"},\"potentialAction\":[{\"@type\":\"SearchAction\",\"target\":{\"@type\":\"EntryPoint\",\"urlTemplate\":\"https:\/\/fimif.edu.al\/?s={search_term_string}\"},\"query-input\":{\"@type\":\"PropertyValueSpecification\",\"valueRequired\":true,\"valueName\":\"search_term_string\"}}],\"inLanguage\":\"en-GB\"},{\"@type\":\"Organization\",\"@id\":\"https:\/\/fimif.edu.al\/#organization\",\"name\":\"Fakulteti i Inxhinieris\u00eb Matematike dhe Inxhinieris\u00eb Fizike\",\"url\":\"https:\/\/fimif.edu.al\/\",\"logo\":{\"@type\":\"ImageObject\",\"inLanguage\":\"en-GB\",\"@id\":\"https:\/\/fimif.edu.al\/#\/schema\/logo\/image\/\",\"url\":\"https:\/\/fimif.edu.al\/wp-content\/uploads\/2024\/10\/Fimif-Logo.svg\",\"contentUrl\":\"https:\/\/fimif.edu.al\/wp-content\/uploads\/2024\/10\/Fimif-Logo.svg\",\"width\":653,\"height\":219,\"caption\":\"Fakulteti i Inxhinieris\u00eb Matematike dhe Inxhinieris\u00eb Fizike\"},\"image\":{\"@id\":\"https:\/\/fimif.edu.al\/#\/schema\/logo\/image\/\"},\"sameAs\":[\"https:\/\/www.facebook.com\/p\/Departamenti-i-Inxhinierise-Matematike-FIMIF-UPT-100077435994252\/\"]}]}<\/script>\n<!-- \/ Yoast SEO plugin. -->","yoast_head_json":{"title":"CV Endri RACO - Fakulteti i Inxhinieris\u00eb Matematike dhe Inxhinieris\u00eb Fizike","robots":{"index":"index","follow":"follow","max-snippet":"max-snippet:-1","max-image-preview":"max-image-preview:large","max-video-preview":"max-video-preview:-1"},"canonical":"https:\/\/fimif.edu.al\/en\/departamentet\/departamenti-i-inxhinierise-matematike\/grupi-mesimor-kerkimor-matematike\/statistika\/cv-endri-raco\/","og_locale":"en_GB","og_type":"article","og_title":"CV Endri RACO - Fakulteti i Inxhinieris\u00eb Matematike dhe Inxhinieris\u00eb Fizike","og_description":"Edukimi Endri RA\u00c7O, i lindur n\u00eb Kor\u00e7\u00eb m\u00eb 1981, \u00ebsht\u00eb diplomuar n\u00eb Qershor 2004 n\u00eb Universitetin Shtet\u00ebror Politeknik t\u00eb Sh\u00ebn Petersburgut (SPbGPU), Fakulteti Teknik Kibernetik,Diploma: &#8220;Bachelor&#8221; drejtimi \u201cAnaliza dhe Kontrolli i Sistemeve\u201d N\u00eb vitet 2004-2006 ndjek dhe p\u00ebrfundon studimet pasuniversitare n\u00eb Universitetin Shtet\u00ebror Politeknik t\u00eb Sh\u00ebn Petersburgut, Fakulteti Teknik Kibernetik,Diploma &#8220;Master&#8221; (MSc) drejtimi \u201cAnaliza dhe [&hellip;]","og_url":"https:\/\/fimif.edu.al\/en\/departamentet\/departamenti-i-inxhinierise-matematike\/grupi-mesimor-kerkimor-matematike\/statistika\/cv-endri-raco\/","og_site_name":"Fakulteti i Inxhinieris\u00eb Matematike dhe Inxhinieris\u00eb Fizike","article_publisher":"https:\/\/www.facebook.com\/p\/Departamenti-i-Inxhinierise-Matematike-FIMIF-UPT-100077435994252\/","article_modified_time":"2025-01-14T16:25:53+00:00","twitter_card":"summary_large_image","twitter_misc":{"Estimated reading time":"2 minutes"},"schema":{"@context":"https:\/\/schema.org","@graph":[{"@type":"WebPage","@id":"https:\/\/fimif.edu.al\/departamentet\/departamenti-i-inxhinierise-matematike\/grupi-mesimor-kerkimor-matematike\/statistika\/cv-endri-raco\/","url":"https:\/\/fimif.edu.al\/departamentet\/departamenti-i-inxhinierise-matematike\/grupi-mesimor-kerkimor-matematike\/statistika\/cv-endri-raco\/","name":"CV Endri RACO - Fakulteti i Inxhinieris\u00eb Matematike dhe Inxhinieris\u00eb Fizike","isPartOf":{"@id":"https:\/\/fimif.edu.al\/#website"},"datePublished":"2024-10-09T14:43:07+00:00","dateModified":"2025-01-14T16:25:53+00:00","breadcrumb":{"@id":"https:\/\/fimif.edu.al\/departamentet\/departamenti-i-inxhinierise-matematike\/grupi-mesimor-kerkimor-matematike\/statistika\/cv-endri-raco\/#breadcrumb"},"inLanguage":"en-GB","potentialAction":[{"@type":"ReadAction","target":["https:\/\/fimif.edu.al\/departamentet\/departamenti-i-inxhinierise-matematike\/grupi-mesimor-kerkimor-matematike\/statistika\/cv-endri-raco\/"]}]},{"@type":"BreadcrumbList","@id":"https:\/\/fimif.edu.al\/departamentet\/departamenti-i-inxhinierise-matematike\/grupi-mesimor-kerkimor-matematike\/statistika\/cv-endri-raco\/#breadcrumb","itemListElement":[{"@type":"ListItem","position":1,"name":"Home","item":"https:\/\/fimif.edu.al\/"},{"@type":"ListItem","position":2,"name":"Departamentet","item":"https:\/\/fimif.edu.al\/departamentet\/"},{"@type":"ListItem","position":3,"name":"Departamenti i Inxhinierise Matematike","item":"https:\/\/fimif.edu.al\/departamentet\/departamenti-i-inxhinierise-matematike\/"},{"@type":"ListItem","position":4,"name":"Grupi M\u00ebsimor K\u00ebrkimor Matematik\u00eb","item":"https:\/\/fimif.edu.al\/departamentet\/departamenti-i-inxhinierise-matematike\/grupi-mesimor-kerkimor-matematike\/"},{"@type":"ListItem","position":5,"name":"Statistika","item":"https:\/\/fimif.edu.al\/departamentet\/departamenti-i-inxhinierise-matematike\/grupi-mesimor-kerkimor-matematike\/statistika\/"},{"@type":"ListItem","position":6,"name":"CV Endri RACO"}]},{"@type":"WebSite","@id":"https:\/\/fimif.edu.al\/#website","url":"https:\/\/fimif.edu.al\/","name":"Fakulteti i Inxhinieris\u00eb Matematike dhe Inxhinieris\u00eb Fizike","description":"FIMIF, UPT Tirane","publisher":{"@id":"https:\/\/fimif.edu.al\/#organization"},"potentialAction":[{"@type":"SearchAction","target":{"@type":"EntryPoint","urlTemplate":"https:\/\/fimif.edu.al\/?s={search_term_string}"},"query-input":{"@type":"PropertyValueSpecification","valueRequired":true,"valueName":"search_term_string"}}],"inLanguage":"en-GB"},{"@type":"Organization","@id":"https:\/\/fimif.edu.al\/#organization","name":"Fakulteti i Inxhinieris\u00eb Matematike dhe Inxhinieris\u00eb Fizike","url":"https:\/\/fimif.edu.al\/","logo":{"@type":"ImageObject","inLanguage":"en-GB","@id":"https:\/\/fimif.edu.al\/#\/schema\/logo\/image\/","url":"https:\/\/fimif.edu.al\/wp-content\/uploads\/2024\/10\/Fimif-Logo.svg","contentUrl":"https:\/\/fimif.edu.al\/wp-content\/uploads\/2024\/10\/Fimif-Logo.svg","width":653,"height":219,"caption":"Fakulteti i Inxhinieris\u00eb Matematike dhe Inxhinieris\u00eb Fizike"},"image":{"@id":"https:\/\/fimif.edu.al\/#\/schema\/logo\/image\/"},"sameAs":["https:\/\/www.facebook.com\/p\/Departamenti-i-Inxhinierise-Matematike-FIMIF-UPT-100077435994252\/"]}]}},"_links":{"self":[{"href":"https:\/\/fimif.edu.al\/en\/wp-json\/wp\/v2\/pages\/3609","targetHints":{"allow":["GET"]}}],"collection":[{"href":"https:\/\/fimif.edu.al\/en\/wp-json\/wp\/v2\/pages"}],"about":[{"href":"https:\/\/fimif.edu.al\/en\/wp-json\/wp\/v2\/types\/page"}],"author":[{"embeddable":true,"href":"https:\/\/fimif.edu.al\/en\/wp-json\/wp\/v2\/users\/1"}],"replies":[{"embeddable":true,"href":"https:\/\/fimif.edu.al\/en\/wp-json\/wp\/v2\/comments?post=3609"}],"version-history":[{"count":10,"href":"https:\/\/fimif.edu.al\/en\/wp-json\/wp\/v2\/pages\/3609\/revisions"}],"predecessor-version":[{"id":5983,"href":"https:\/\/fimif.edu.al\/en\/wp-json\/wp\/v2\/pages\/3609\/revisions\/5983"}],"up":[{"embeddable":true,"href":"https:\/\/fimif.edu.al\/en\/wp-json\/wp\/v2\/pages\/5523"}],"wp:attachment":[{"href":"https:\/\/fimif.edu.al\/en\/wp-json\/wp\/v2\/media?parent=3609"}],"curies":[{"name":"wp","href":"https:\/\/api.w.org\/{rel}","templated":true}]}}