{"id":3611,"date":"2024-10-10T09:43:45","date_gmt":"2024-10-10T07:43:45","guid":{"rendered":"https:\/\/fimif.farmaciferati.al\/?page_id=3611"},"modified":"2025-01-14T17:33:14","modified_gmt":"2025-01-14T16:33:14","slug":"cv-albana-jano","status":"publish","type":"page","link":"https:\/\/fimif.edu.al\/en\/departamentet\/departamenti-i-inxhinierise-kimike\/grupi-mesimor-kerkimor-kimi\/cv-albana-jano\/","title":{"rendered":"CV Albana JANO"},"content":{"rendered":"<div data-elementor-type=\"wp-page\" data-elementor-id=\"3611\" class=\"elementor elementor-3611\" data-elementor-post-type=\"page\">\n\t\t\t\t<div class=\"elementor-element elementor-element-1087fc3 e-con-full e-flex e-con e-parent\" data-id=\"1087fc3\" data-element_type=\"container\">\n\t\t\t\t<div class=\"elementor-element elementor-element-d65b559 elementor-widget elementor-widget-template\" data-id=\"d65b559\" data-element_type=\"widget\" data-widget_type=\"template.default\">\n\t\t\t\t<div class=\"elementor-widget-container\">\n\t\t\t\t\t<div class=\"elementor-template\">\n\t\t\t\t\t<div data-elementor-type=\"container\" data-elementor-id=\"3550\" class=\"elementor elementor-3550\" data-elementor-post-type=\"elementor_library\">\n\t\t\t\t<div class=\"elementor-element elementor-element-9293d27 e-flex e-con-boxed e-con e-parent\" data-id=\"9293d27\" data-element_type=\"container\" data-settings=\"{&quot;background_background&quot;:&quot;classic&quot;}\">\n\t\t\t\t\t<div class=\"e-con-inner\">\n\t\t\t\t\t<\/div>\n\t\t\t\t<\/div>\n\t\t\t\t<\/div>\n\t\t\t\t<\/div>\n\t\t\t\t<\/div>\n\t\t\t\t<\/div>\n\t\t\t\t<\/div>\n\t\t<div class=\"elementor-element elementor-element-3f13a8e e-flex e-con-boxed e-con e-parent\" data-id=\"3f13a8e\" data-element_type=\"container\">\n\t\t\t\t\t<div class=\"e-con-inner\">\n\t\t<div class=\"elementor-element elementor-element-cf78097 e-con-full e-flex e-con e-child\" data-id=\"cf78097\" data-element_type=\"container\" data-settings=\"{&quot;background_background&quot;:&quot;classic&quot;}\">\n\t\t\t\t<div class=\"elementor-element elementor-element-06d9876 elementor-widget elementor-widget-image\" data-id=\"06d9876\" data-element_type=\"widget\" data-widget_type=\"image.default\">\n\t\t\t\t<div class=\"elementor-widget-container\">\n\t\t\t\t\t\t\t\t\t\t\t\t\t<img fetchpriority=\"high\" decoding=\"async\" width=\"600\" height=\"600\" src=\"https:\/\/fimif.edu.al\/wp-content\/uploads\/2024\/10\/albana-Jano.jpg\" class=\"attachment-full size-full wp-image-3640\" alt=\"\" srcset=\"https:\/\/fimif.edu.al\/wp-content\/uploads\/2024\/10\/albana-Jano.jpg 600w, https:\/\/fimif.edu.al\/wp-content\/uploads\/2024\/10\/albana-Jano-300x300.jpg 300w, https:\/\/fimif.edu.al\/wp-content\/uploads\/2024\/10\/albana-Jano-150x150.jpg 150w, https:\/\/fimif.edu.al\/wp-content\/uploads\/2024\/10\/albana-Jano-12x12.jpg 12w\" sizes=\"(max-width: 600px) 100vw, 600px\" \/>\t\t\t\t\t\t\t\t\t\t\t\t\t<\/div>\n\t\t\t\t<\/div>\n\t\t\t\t<div class=\"elementor-element elementor-element-e93abdb elementor-widget-divider--view-line_text elementor-widget-divider--element-align-center elementor-widget elementor-widget-divider\" data-id=\"e93abdb\" data-element_type=\"widget\" data-widget_type=\"divider.default\">\n\t\t\t\t<div class=\"elementor-widget-container\">\n\t\t\t\t\t<div class=\"elementor-divider\">\n\t\t\t<span class=\"elementor-divider-separator\">\n\t\t\t\t\t\t\t<h2 class=\"elementor-divider__text elementor-divider__element\">\n\t\t\t\tEdukimi\t\t\t\t<\/h2>\n\t\t\t\t\t\t<\/span>\n\t\t<\/div>\n\t\t\t\t<\/div>\n\t\t\t\t<\/div>\n\t\t\t\t<div class=\"elementor-element elementor-element-bf80871 elementor-widget elementor-widget-text-editor\" data-id=\"bf80871\" data-element_type=\"widget\" data-widget_type=\"text-editor.default\">\n\t\t\t\t<div class=\"elementor-widget-container\">\n\t\t\t\t\t\t\t<p>2023 &#8211; Titulli akademik Profesor i Asociuar.<\/p><p>2015 &#8211; Grada shkencore Doktor n\u00eb Elektrokimia e korrozionit, me punimin shkencor me tem\u00eb: \u201cMbrojtja e armaturave prej celiku me an\u00eb t\u00eb shtesave t\u00eb inhibitor\u00ebve migrues t\u00eb korrozionit n\u00eb beton.\u201d (Universiteti i Tiran\u00ebs).<\/p><p>2009-2012 &#8211; Shkolla pasuniversitare n\u00eb Kimi me drejtim elektrokimia e korrozionit dhe dukurit\u00eb sip\u00ebrfaq\u00ebsore (MND) (Fakulteti i Shkencave t\u00eb Natyr\u00ebs)<\/p><p>2004-2009 &#8211; Diplom\u00eb n\u00eb Kimi Industriale<\/p>\t\t\t\t\t\t<\/div>\n\t\t\t\t<\/div>\n\t\t\t\t<div class=\"elementor-element elementor-element-6bd67f2 elementor-widget-divider--view-line_text elementor-widget-divider--element-align-center elementor-widget elementor-widget-divider\" data-id=\"6bd67f2\" data-element_type=\"widget\" data-widget_type=\"divider.default\">\n\t\t\t\t<div class=\"elementor-widget-container\">\n\t\t\t\t\t<div class=\"elementor-divider\">\n\t\t\t<span class=\"elementor-divider-separator\">\n\t\t\t\t\t\t\t<h2 class=\"elementor-divider__text elementor-divider__element\">\n\t\t\t\tPun\u00ebsimi dhe funksione akademike\t\t\t\t<\/h2>\n\t\t\t\t\t\t<\/span>\n\t\t<\/div>\n\t\t\t\t<\/div>\n\t\t\t\t<\/div>\n\t\t\t\t<div class=\"elementor-element elementor-element-0f1ea44 elementor-widget elementor-widget-text-editor\" data-id=\"0f1ea44\" data-element_type=\"widget\" data-widget_type=\"text-editor.default\">\n\t\t\t\t<div class=\"elementor-widget-container\">\n\t\t\t\t\t\t\t<p>2014 n\u00eb vazhdim -Lektor pran\u00eb Universitetit Politeknik te\u0308 Tiran\u00ebs. L\u00ebnd\u00ebt: Kimi e p\u00ebrgjithshme, Kimi Organike, Fenomenet e mbartjes, Ndotja e ajrit<\/p><p>2012-2014 &#8211; Pedagoge e brendshme n\u00eb Fakulteti i Shkencave t\u00eb Aplikuara, Universiteti Planetar i Tiran\u00ebs<\/p><p>2011-2014 &#8211; Pedagoge e jashtme n\u00eb Departamentin e Kimis\u00eb s\u00eb P\u00ebrgjithshme, Fakulteti i Shkencave t\u00eb Natyr\u00ebs<\/p>\t\t\t\t\t\t<\/div>\n\t\t\t\t<\/div>\n\t\t\t\t<div class=\"elementor-element elementor-element-c287e0a elementor-widget-divider--view-line_text elementor-widget-divider--element-align-center elementor-widget elementor-widget-divider\" data-id=\"c287e0a\" data-element_type=\"widget\" data-widget_type=\"divider.default\">\n\t\t\t\t<div class=\"elementor-widget-container\">\n\t\t\t\t\t<div class=\"elementor-divider\">\n\t\t\t<span class=\"elementor-divider-separator\">\n\t\t\t\t\t\t\t<h2 class=\"elementor-divider__text elementor-divider__element\">\n\t\t\t\tAktiviteti shkencor\t\t\t\t<\/h2>\n\t\t\t\t\t\t<\/span>\n\t\t<\/div>\n\t\t\t\t<\/div>\n\t\t\t\t<\/div>\n\t\t\t\t<div class=\"elementor-element elementor-element-1af26d8 elementor-widget elementor-widget-text-editor\" data-id=\"1af26d8\" data-element_type=\"widget\" data-widget_type=\"text-editor.default\">\n\t\t\t\t<div class=\"elementor-widget-container\">\n\t\t\t\t\t\t\t<p>Prof. Asoc Albana JANO e ka zhvilluar veprimtarin\u00eb e vet k\u00ebrkimore shkencore kryesisht n\u00eb fush\u00ebn e korrozionit, studimin e efektit inhibues t\u00eb inhibitor\u00ebve t\u00eb gjelb\u00ebr dhe inhibitor\u00ebve migrues. Ajo ka prezantuar punimet e saj n\u00eb 22 Konferenca Komb\u00ebtare dhe Nd\u00ebrkomb\u00ebtare dhe \u00ebsht\u00eb autore e 17 artikujve t\u00eb botuar n\u00eb revista shkencore brenda dhe jasht\u00eb vendit. Ajo \u00ebsht\u00eb gjithashtu bashkautore n\u00eb tekstin e Kimis\u00eb p\u00ebr shkoll\u00ebn e lart\u00eb.<\/p>\t\t\t\t\t\t<\/div>\n\t\t\t\t<\/div>\n\t\t\t\t<\/div>\n\t\t\t\t\t<\/div>\n\t\t\t\t<\/div>\n\t\t\t\t<\/div>","protected":false},"excerpt":{"rendered":"<p>Edukimi 2023 &#8211; Titulli akademik Profesor i Asociuar. 2015 &#8211; Grada shkencore Doktor n\u00eb Elektrokimia e korrozionit, me punimin shkencor me tem\u00eb: \u201cMbrojtja e armaturave prej celiku me an\u00eb t\u00eb shtesave t\u00eb inhibitor\u00ebve migrues t\u00eb korrozionit n\u00eb beton.\u201d (Universiteti i Tiran\u00ebs). 2009-2012 &#8211; Shkolla pasuniversitare n\u00eb Kimi me drejtim elektrokimia e korrozionit dhe dukurit\u00eb sip\u00ebrfaq\u00ebsore [&hellip;]<\/p>","protected":false},"author":1,"featured_media":0,"parent":5003,"menu_order":0,"comment_status":"closed","ping_status":"closed","template":"","meta":{"footnotes":""},"class_list":["post-3611","page","type-page","status-publish","hentry"],"yoast_head":"<!-- This site is optimized with the Yoast SEO plugin v24.2 - https:\/\/yoast.com\/wordpress\/plugins\/seo\/ -->\n<title>CV Albana JANO - Fakulteti i Inxhinieris\u00eb Matematike dhe Inxhinieris\u00eb Fizike<\/title>\n<meta name=\"robots\" content=\"index, follow, max-snippet:-1, max-image-preview:large, max-video-preview:-1\" \/>\n<link rel=\"canonical\" href=\"https:\/\/fimif.edu.al\/en\/departamentet\/departamenti-i-inxhinierise-kimike\/grupi-mesimor-kerkimor-kimi\/cv-albana-jano\/\" \/>\n<meta property=\"og:locale\" content=\"en_GB\" \/>\n<meta property=\"og:type\" content=\"article\" \/>\n<meta property=\"og:title\" content=\"CV Albana JANO - Fakulteti i Inxhinieris\u00eb Matematike dhe Inxhinieris\u00eb Fizike\" \/>\n<meta property=\"og:description\" content=\"Edukimi 2023 &#8211; Titulli akademik Profesor i Asociuar. 2015 &#8211; Grada shkencore Doktor n\u00eb Elektrokimia e korrozionit, me punimin shkencor me tem\u00eb: \u201cMbrojtja e armaturave prej celiku me an\u00eb t\u00eb shtesave t\u00eb inhibitor\u00ebve migrues t\u00eb korrozionit n\u00eb beton.\u201d (Universiteti i Tiran\u00ebs). 2009-2012 &#8211; Shkolla pasuniversitare n\u00eb Kimi me drejtim elektrokimia e korrozionit dhe dukurit\u00eb sip\u00ebrfaq\u00ebsore [&hellip;]\" \/>\n<meta property=\"og:url\" content=\"https:\/\/fimif.edu.al\/en\/departamentet\/departamenti-i-inxhinierise-kimike\/grupi-mesimor-kerkimor-kimi\/cv-albana-jano\/\" \/>\n<meta property=\"og:site_name\" content=\"Fakulteti i Inxhinieris\u00eb Matematike dhe Inxhinieris\u00eb Fizike\" \/>\n<meta property=\"article:publisher\" content=\"https:\/\/www.facebook.com\/p\/Departamenti-i-Inxhinierise-Matematike-FIMIF-UPT-100077435994252\/\" \/>\n<meta property=\"article:modified_time\" content=\"2025-01-14T16:33:14+00:00\" \/>\n<meta property=\"og:image\" content=\"https:\/\/fimif.edu.al\/wp-content\/uploads\/2024\/10\/albana-Jano.jpg\" \/>\n\t<meta property=\"og:image:width\" content=\"600\" \/>\n\t<meta property=\"og:image:height\" content=\"600\" \/>\n\t<meta property=\"og:image:type\" content=\"image\/jpeg\" \/>\n<meta name=\"twitter:card\" content=\"summary_large_image\" \/>\n<meta name=\"twitter:label1\" content=\"Estimated reading time\" \/>\n\t<meta name=\"twitter:data1\" content=\"1 minute\" \/>\n<script type=\"application\/ld+json\" class=\"yoast-schema-graph\">{\"@context\":\"https:\/\/schema.org\",\"@graph\":[{\"@type\":\"WebPage\",\"@id\":\"https:\/\/fimif.edu.al\/departamentet\/departamenti-i-inxhinierise-kimike\/grupi-mesimor-kerkimor-kimi\/cv-albana-jano\/\",\"url\":\"https:\/\/fimif.edu.al\/departamentet\/departamenti-i-inxhinierise-kimike\/grupi-mesimor-kerkimor-kimi\/cv-albana-jano\/\",\"name\":\"CV Albana JANO - Fakulteti i Inxhinieris\u00eb Matematike dhe Inxhinieris\u00eb Fizike\",\"isPartOf\":{\"@id\":\"https:\/\/fimif.edu.al\/#website\"},\"primaryImageOfPage\":{\"@id\":\"https:\/\/fimif.edu.al\/departamentet\/departamenti-i-inxhinierise-kimike\/grupi-mesimor-kerkimor-kimi\/cv-albana-jano\/#primaryimage\"},\"image\":{\"@id\":\"https:\/\/fimif.edu.al\/departamentet\/departamenti-i-inxhinierise-kimike\/grupi-mesimor-kerkimor-kimi\/cv-albana-jano\/#primaryimage\"},\"thumbnailUrl\":\"https:\/\/fimif.edu.al\/wp-content\/uploads\/2024\/10\/albana-Jano.jpg\",\"datePublished\":\"2024-10-10T07:43:45+00:00\",\"dateModified\":\"2025-01-14T16:33:14+00:00\",\"breadcrumb\":{\"@id\":\"https:\/\/fimif.edu.al\/departamentet\/departamenti-i-inxhinierise-kimike\/grupi-mesimor-kerkimor-kimi\/cv-albana-jano\/#breadcrumb\"},\"inLanguage\":\"en-GB\",\"potentialAction\":[{\"@type\":\"ReadAction\",\"target\":[\"https:\/\/fimif.edu.al\/departamentet\/departamenti-i-inxhinierise-kimike\/grupi-mesimor-kerkimor-kimi\/cv-albana-jano\/\"]}]},{\"@type\":\"ImageObject\",\"inLanguage\":\"en-GB\",\"@id\":\"https:\/\/fimif.edu.al\/departamentet\/departamenti-i-inxhinierise-kimike\/grupi-mesimor-kerkimor-kimi\/cv-albana-jano\/#primaryimage\",\"url\":\"https:\/\/fimif.edu.al\/wp-content\/uploads\/2024\/10\/albana-Jano.jpg\",\"contentUrl\":\"https:\/\/fimif.edu.al\/wp-content\/uploads\/2024\/10\/albana-Jano.jpg\"},{\"@type\":\"BreadcrumbList\",\"@id\":\"https:\/\/fimif.edu.al\/departamentet\/departamenti-i-inxhinierise-kimike\/grupi-mesimor-kerkimor-kimi\/cv-albana-jano\/#breadcrumb\",\"itemListElement\":[{\"@type\":\"ListItem\",\"position\":1,\"name\":\"Home\",\"item\":\"https:\/\/fimif.edu.al\/\"},{\"@type\":\"ListItem\",\"position\":2,\"name\":\"Departamentet\",\"item\":\"https:\/\/fimif.edu.al\/departamentet\/\"},{\"@type\":\"ListItem\",\"position\":3,\"name\":\"Departamenti i Inxhinierise Kimike\",\"item\":\"https:\/\/fimif.edu.al\/departamentet\/departamenti-i-inxhinierise-kimike\/\"},{\"@type\":\"ListItem\",\"position\":4,\"name\":\"Grupi M\u00ebsimor K\u00ebrkimor Kimi\",\"item\":\"https:\/\/fimif.edu.al\/departamentet\/departamenti-i-inxhinierise-kimike\/grupi-mesimor-kerkimor-kimi\/\"},{\"@type\":\"ListItem\",\"position\":5,\"name\":\"CV Albana JANO\"}]},{\"@type\":\"WebSite\",\"@id\":\"https:\/\/fimif.edu.al\/#website\",\"url\":\"https:\/\/fimif.edu.al\/\",\"name\":\"Fakulteti i Inxhinieris\u00eb Matematike dhe Inxhinieris\u00eb Fizike\",\"description\":\"FIMIF, UPT Tirane\",\"publisher\":{\"@id\":\"https:\/\/fimif.edu.al\/#organization\"},\"potentialAction\":[{\"@type\":\"SearchAction\",\"target\":{\"@type\":\"EntryPoint\",\"urlTemplate\":\"https:\/\/fimif.edu.al\/?s={search_term_string}\"},\"query-input\":{\"@type\":\"PropertyValueSpecification\",\"valueRequired\":true,\"valueName\":\"search_term_string\"}}],\"inLanguage\":\"en-GB\"},{\"@type\":\"Organization\",\"@id\":\"https:\/\/fimif.edu.al\/#organization\",\"name\":\"Fakulteti i Inxhinieris\u00eb Matematike dhe Inxhinieris\u00eb Fizike\",\"url\":\"https:\/\/fimif.edu.al\/\",\"logo\":{\"@type\":\"ImageObject\",\"inLanguage\":\"en-GB\",\"@id\":\"https:\/\/fimif.edu.al\/#\/schema\/logo\/image\/\",\"url\":\"https:\/\/fimif.edu.al\/wp-content\/uploads\/2024\/10\/Fimif-Logo.svg\",\"contentUrl\":\"https:\/\/fimif.edu.al\/wp-content\/uploads\/2024\/10\/Fimif-Logo.svg\",\"width\":653,\"height\":219,\"caption\":\"Fakulteti i Inxhinieris\u00eb Matematike dhe Inxhinieris\u00eb Fizike\"},\"image\":{\"@id\":\"https:\/\/fimif.edu.al\/#\/schema\/logo\/image\/\"},\"sameAs\":[\"https:\/\/www.facebook.com\/p\/Departamenti-i-Inxhinierise-Matematike-FIMIF-UPT-100077435994252\/\"]}]}<\/script>\n<!-- \/ Yoast SEO plugin. -->","yoast_head_json":{"title":"CV Albana JANO - Fakulteti i Inxhinieris\u00eb Matematike dhe Inxhinieris\u00eb Fizike","robots":{"index":"index","follow":"follow","max-snippet":"max-snippet:-1","max-image-preview":"max-image-preview:large","max-video-preview":"max-video-preview:-1"},"canonical":"https:\/\/fimif.edu.al\/en\/departamentet\/departamenti-i-inxhinierise-kimike\/grupi-mesimor-kerkimor-kimi\/cv-albana-jano\/","og_locale":"en_GB","og_type":"article","og_title":"CV Albana JANO - Fakulteti i Inxhinieris\u00eb Matematike dhe Inxhinieris\u00eb Fizike","og_description":"Edukimi 2023 &#8211; Titulli akademik Profesor i Asociuar. 2015 &#8211; Grada shkencore Doktor n\u00eb Elektrokimia e korrozionit, me punimin shkencor me tem\u00eb: \u201cMbrojtja e armaturave prej celiku me an\u00eb t\u00eb shtesave t\u00eb inhibitor\u00ebve migrues t\u00eb korrozionit n\u00eb beton.\u201d (Universiteti i Tiran\u00ebs). 2009-2012 &#8211; Shkolla pasuniversitare n\u00eb Kimi me drejtim elektrokimia e korrozionit dhe dukurit\u00eb sip\u00ebrfaq\u00ebsore [&hellip;]","og_url":"https:\/\/fimif.edu.al\/en\/departamentet\/departamenti-i-inxhinierise-kimike\/grupi-mesimor-kerkimor-kimi\/cv-albana-jano\/","og_site_name":"Fakulteti i Inxhinieris\u00eb Matematike dhe Inxhinieris\u00eb Fizike","article_publisher":"https:\/\/www.facebook.com\/p\/Departamenti-i-Inxhinierise-Matematike-FIMIF-UPT-100077435994252\/","article_modified_time":"2025-01-14T16:33:14+00:00","og_image":[{"width":600,"height":600,"url":"https:\/\/fimif.edu.al\/wp-content\/uploads\/2024\/10\/albana-Jano.jpg","type":"image\/jpeg"}],"twitter_card":"summary_large_image","twitter_misc":{"Estimated reading time":"1 minute"},"schema":{"@context":"https:\/\/schema.org","@graph":[{"@type":"WebPage","@id":"https:\/\/fimif.edu.al\/departamentet\/departamenti-i-inxhinierise-kimike\/grupi-mesimor-kerkimor-kimi\/cv-albana-jano\/","url":"https:\/\/fimif.edu.al\/departamentet\/departamenti-i-inxhinierise-kimike\/grupi-mesimor-kerkimor-kimi\/cv-albana-jano\/","name":"CV Albana JANO - Fakulteti i Inxhinieris\u00eb Matematike dhe Inxhinieris\u00eb Fizike","isPartOf":{"@id":"https:\/\/fimif.edu.al\/#website"},"primaryImageOfPage":{"@id":"https:\/\/fimif.edu.al\/departamentet\/departamenti-i-inxhinierise-kimike\/grupi-mesimor-kerkimor-kimi\/cv-albana-jano\/#primaryimage"},"image":{"@id":"https:\/\/fimif.edu.al\/departamentet\/departamenti-i-inxhinierise-kimike\/grupi-mesimor-kerkimor-kimi\/cv-albana-jano\/#primaryimage"},"thumbnailUrl":"https:\/\/fimif.edu.al\/wp-content\/uploads\/2024\/10\/albana-Jano.jpg","datePublished":"2024-10-10T07:43:45+00:00","dateModified":"2025-01-14T16:33:14+00:00","breadcrumb":{"@id":"https:\/\/fimif.edu.al\/departamentet\/departamenti-i-inxhinierise-kimike\/grupi-mesimor-kerkimor-kimi\/cv-albana-jano\/#breadcrumb"},"inLanguage":"en-GB","potentialAction":[{"@type":"ReadAction","target":["https:\/\/fimif.edu.al\/departamentet\/departamenti-i-inxhinierise-kimike\/grupi-mesimor-kerkimor-kimi\/cv-albana-jano\/"]}]},{"@type":"ImageObject","inLanguage":"en-GB","@id":"https:\/\/fimif.edu.al\/departamentet\/departamenti-i-inxhinierise-kimike\/grupi-mesimor-kerkimor-kimi\/cv-albana-jano\/#primaryimage","url":"https:\/\/fimif.edu.al\/wp-content\/uploads\/2024\/10\/albana-Jano.jpg","contentUrl":"https:\/\/fimif.edu.al\/wp-content\/uploads\/2024\/10\/albana-Jano.jpg"},{"@type":"BreadcrumbList","@id":"https:\/\/fimif.edu.al\/departamentet\/departamenti-i-inxhinierise-kimike\/grupi-mesimor-kerkimor-kimi\/cv-albana-jano\/#breadcrumb","itemListElement":[{"@type":"ListItem","position":1,"name":"Home","item":"https:\/\/fimif.edu.al\/"},{"@type":"ListItem","position":2,"name":"Departamentet","item":"https:\/\/fimif.edu.al\/departamentet\/"},{"@type":"ListItem","position":3,"name":"Departamenti i Inxhinierise Kimike","item":"https:\/\/fimif.edu.al\/departamentet\/departamenti-i-inxhinierise-kimike\/"},{"@type":"ListItem","position":4,"name":"Grupi M\u00ebsimor K\u00ebrkimor Kimi","item":"https:\/\/fimif.edu.al\/departamentet\/departamenti-i-inxhinierise-kimike\/grupi-mesimor-kerkimor-kimi\/"},{"@type":"ListItem","position":5,"name":"CV Albana JANO"}]},{"@type":"WebSite","@id":"https:\/\/fimif.edu.al\/#website","url":"https:\/\/fimif.edu.al\/","name":"Fakulteti i Inxhinieris\u00eb Matematike dhe Inxhinieris\u00eb Fizike","description":"FIMIF, UPT Tirane","publisher":{"@id":"https:\/\/fimif.edu.al\/#organization"},"potentialAction":[{"@type":"SearchAction","target":{"@type":"EntryPoint","urlTemplate":"https:\/\/fimif.edu.al\/?s={search_term_string}"},"query-input":{"@type":"PropertyValueSpecification","valueRequired":true,"valueName":"search_term_string"}}],"inLanguage":"en-GB"},{"@type":"Organization","@id":"https:\/\/fimif.edu.al\/#organization","name":"Fakulteti i Inxhinieris\u00eb Matematike dhe Inxhinieris\u00eb Fizike","url":"https:\/\/fimif.edu.al\/","logo":{"@type":"ImageObject","inLanguage":"en-GB","@id":"https:\/\/fimif.edu.al\/#\/schema\/logo\/image\/","url":"https:\/\/fimif.edu.al\/wp-content\/uploads\/2024\/10\/Fimif-Logo.svg","contentUrl":"https:\/\/fimif.edu.al\/wp-content\/uploads\/2024\/10\/Fimif-Logo.svg","width":653,"height":219,"caption":"Fakulteti i Inxhinieris\u00eb Matematike dhe Inxhinieris\u00eb Fizike"},"image":{"@id":"https:\/\/fimif.edu.al\/#\/schema\/logo\/image\/"},"sameAs":["https:\/\/www.facebook.com\/p\/Departamenti-i-Inxhinierise-Matematike-FIMIF-UPT-100077435994252\/"]}]}},"_links":{"self":[{"href":"https:\/\/fimif.edu.al\/en\/wp-json\/wp\/v2\/pages\/3611","targetHints":{"allow":["GET"]}}],"collection":[{"href":"https:\/\/fimif.edu.al\/en\/wp-json\/wp\/v2\/pages"}],"about":[{"href":"https:\/\/fimif.edu.al\/en\/wp-json\/wp\/v2\/types\/page"}],"author":[{"embeddable":true,"href":"https:\/\/fimif.edu.al\/en\/wp-json\/wp\/v2\/users\/1"}],"replies":[{"embeddable":true,"href":"https:\/\/fimif.edu.al\/en\/wp-json\/wp\/v2\/comments?post=3611"}],"version-history":[{"count":13,"href":"https:\/\/fimif.edu.al\/en\/wp-json\/wp\/v2\/pages\/3611\/revisions"}],"predecessor-version":[{"id":6010,"href":"https:\/\/fimif.edu.al\/en\/wp-json\/wp\/v2\/pages\/3611\/revisions\/6010"}],"up":[{"embeddable":true,"href":"https:\/\/fimif.edu.al\/en\/wp-json\/wp\/v2\/pages\/5003"}],"wp:attachment":[{"href":"https:\/\/fimif.edu.al\/en\/wp-json\/wp\/v2\/media?parent=3611"}],"curies":[{"name":"wp","href":"https:\/\/api.w.org\/{rel}","templated":true}]}}