{"id":366,"date":"2020-10-06T09:18:04","date_gmt":"2020-10-06T08:18:04","guid":{"rendered":"https:\/\/fimif.edu.al\/?page_id=366"},"modified":"2024-10-07T11:24:56","modified_gmt":"2024-10-07T09:24:56","slug":"mp-ne-fizike","status":"publish","type":"page","link":"https:\/\/fimif.edu.al\/en\/mp-ne-fizike\/","title":{"rendered":"MP n\u00eb Fizik\u00eb"},"content":{"rendered":"<div data-elementor-type=\"wp-page\" data-elementor-id=\"366\" class=\"elementor elementor-366\" data-elementor-post-type=\"page\">\n\t\t\t\t<div class=\"elementor-element elementor-element-7f45167 e-flex e-con-boxed e-con e-parent\" data-id=\"7f45167\" data-element_type=\"container\">\n\t\t\t\t\t<div class=\"e-con-inner\">\n\t\t\t\t<div class=\"elementor-element elementor-element-e882bbf elementor-widget elementor-widget-shortcode\" data-id=\"e882bbf\" data-element_type=\"widget\" data-widget_type=\"shortcode.default\">\n\t\t\t\t<div class=\"elementor-widget-container\">\n\t\t\t\t\t<div class=\"elementor-shortcode\">\t\t<div data-elementor-type=\"container\" data-elementor-id=\"3255\" class=\"elementor elementor-3255\" data-elementor-post-type=\"elementor_library\">\n\t\t\t\t<div class=\"elementor-element elementor-element-ee0bc07 e-flex e-con-boxed e-con e-parent\" data-id=\"ee0bc07\" data-element_type=\"container\">\n\t\t\t\t\t<div class=\"e-con-inner\">\n\t\t\t\t<div class=\"elementor-element elementor-element-20ddba4 elementor-widget elementor-widget-heading\" data-id=\"20ddba4\" data-element_type=\"widget\" data-widget_type=\"heading.default\">\n\t\t\t\t<div class=\"elementor-widget-container\">\n\t\t\t<h2 class=\"elementor-heading-title elementor-size-default\">Processing!<\/h2>\t\t<\/div>\n\t\t\t\t<\/div>\n\t\t\t\t<div class=\"elementor-element elementor-element-79c08f6 elementor-widget elementor-widget-text-editor\" data-id=\"79c08f6\" data-element_type=\"widget\" data-widget_type=\"text-editor.default\">\n\t\t\t\t<div class=\"elementor-widget-container\">\n\t\t\t\t\t\t\t<p>This page is under development and will be updated soon.<\/p>\t\t\t\t\t\t<\/div>\n\t\t\t\t<\/div>\n\t\t\t\t<div class=\"elementor-element elementor-element-1090209 elementor-widget elementor-widget-html\" data-id=\"1090209\" data-element_type=\"widget\" data-widget_type=\"html.default\">\n\t\t\t\t<div class=\"elementor-widget-container\">\n\t\t\t<div class=\"container\">\r\n  <div class=\"loadingspinner\">\r\n    <div id=\"square1\"><\/div>\r\n    <div id=\"square2\"><\/div>\r\n    <div id=\"square3\"><\/div>\r\n    <div id=\"square4\"><\/div>\r\n    <div id=\"square5\"><\/div>\r\n  <\/div>\r\n<\/div>\t\t<\/div>\n\t\t\t\t<\/div>\n\t\t\t\t<div class=\"elementor-element elementor-element-a730ea3 elementor-widget elementor-widget-html\" data-id=\"a730ea3\" data-element_type=\"widget\" data-widget_type=\"html.default\">\n\t\t\t\t<div class=\"elementor-widget-container\">\n\t\t\t<!DOCTYPE html>\r\n<html lang=\"en\">\r\n<head>\r\n    <meta charset=\"UTF-8\">\r\n    <meta name=\"viewport\" content=\"width=device-width, initial-scale=1.0\">\r\n    <link href=\"https:\/\/fonts.googleapis.com\/css2?family=Open+Sans:wght@500&display=swap\" rel=\"stylesheet\">\r\n    <style>\r\n        .back-button {\r\n            background-color: #FFA726; \/* Similar orange color *\/\r\n            color: white;\r\n            border: none;\r\n            padding: 10px 20px;\r\n            font-size: 16px;\r\n            font-family: 'Open Sans', sans-serif; \/* Set font to Open Sans *\/\r\n            font-weight: 500; \r\n            border-radius: 5px;\r\n            display: inline-flex;\r\n            align-items: center;\r\n            cursor: pointer;\r\n            text-decoration: none;\r\n            transition: background-color 0.3s;\r\n        }\r\n\r\n        .back-button:hover {\r\n            background-color: #FF9800; \/* Darker orange on hover *\/\r\n        }\r\n\r\n        .back-button-icon {\r\n            margin-right: 8px;\r\n            font-size: 18px;\r\n        }\r\n    <\/style>\r\n<\/head>\r\n<body>\r\n\r\n<a href=\"javascript:history.back()\" class=\"back-button\">\r\n    <span class=\"back-button-icon\">&laquo;<\/span> Go back\r\n<\/a>\r\n\r\n<\/body>\r\n<\/html>\r\n\t\t<\/div>\n\t\t\t\t<\/div>\n\t\t\t\t\t<\/div>\n\t\t\t\t<\/div>\n\t\t\t\t<\/div>\n\t\t<\/div>\n\t\t\t\t<\/div>\n\t\t\t\t<\/div>\n\t\t\t\t\t<\/div>\n\t\t\t\t<\/div>\n\t\t\t\t<\/div>","protected":false},"excerpt":{"rendered":"","protected":false},"author":1,"featured_media":0,"parent":0,"menu_order":0,"comment_status":"closed","ping_status":"closed","template":"","meta":{"footnotes":""},"class_list":["post-366","page","type-page","status-publish","hentry"],"yoast_head":"<!-- This site is optimized with the Yoast SEO plugin v24.2 - https:\/\/yoast.com\/wordpress\/plugins\/seo\/ -->\n<title>MP n\u00eb Fizik\u00eb - Fakulteti i Inxhinieris\u00eb Matematike dhe Inxhinieris\u00eb Fizike<\/title>\n<meta name=\"robots\" content=\"index, follow, max-snippet:-1, max-image-preview:large, max-video-preview:-1\" \/>\n<link rel=\"canonical\" href=\"https:\/\/fimif.edu.al\/en\/mp-ne-fizike\/\" \/>\n<meta property=\"og:locale\" content=\"en_GB\" \/>\n<meta property=\"og:type\" content=\"article\" \/>\n<meta property=\"og:title\" content=\"MP n\u00eb Fizik\u00eb - Fakulteti i Inxhinieris\u00eb Matematike dhe Inxhinieris\u00eb Fizike\" \/>\n<meta property=\"og:url\" content=\"https:\/\/fimif.edu.al\/en\/mp-ne-fizike\/\" \/>\n<meta property=\"og:site_name\" content=\"Fakulteti i Inxhinieris\u00eb Matematike dhe Inxhinieris\u00eb Fizike\" \/>\n<meta property=\"article:publisher\" content=\"https:\/\/www.facebook.com\/p\/Departamenti-i-Inxhinierise-Matematike-FIMIF-UPT-100077435994252\/\" \/>\n<meta property=\"article:modified_time\" content=\"2024-10-07T09:24:56+00:00\" \/>\n<meta name=\"twitter:card\" content=\"summary_large_image\" \/>\n<script type=\"application\/ld+json\" class=\"yoast-schema-graph\">{\"@context\":\"https:\/\/schema.org\",\"@graph\":[{\"@type\":\"WebPage\",\"@id\":\"https:\/\/fimif.edu.al\/mp-ne-fizike\/\",\"url\":\"https:\/\/fimif.edu.al\/mp-ne-fizike\/\",\"name\":\"MP n\u00eb Fizik\u00eb - Fakulteti i Inxhinieris\u00eb Matematike dhe Inxhinieris\u00eb Fizike\",\"isPartOf\":{\"@id\":\"https:\/\/fimif.edu.al\/#website\"},\"datePublished\":\"2020-10-06T08:18:04+00:00\",\"dateModified\":\"2024-10-07T09:24:56+00:00\",\"breadcrumb\":{\"@id\":\"https:\/\/fimif.edu.al\/mp-ne-fizike\/#breadcrumb\"},\"inLanguage\":\"en-GB\",\"potentialAction\":[{\"@type\":\"ReadAction\",\"target\":[\"https:\/\/fimif.edu.al\/mp-ne-fizike\/\"]}]},{\"@type\":\"BreadcrumbList\",\"@id\":\"https:\/\/fimif.edu.al\/mp-ne-fizike\/#breadcrumb\",\"itemListElement\":[{\"@type\":\"ListItem\",\"position\":1,\"name\":\"Home\",\"item\":\"https:\/\/fimif.edu.al\/\"},{\"@type\":\"ListItem\",\"position\":2,\"name\":\"MP n\u00eb Fizik\u00eb\"}]},{\"@type\":\"WebSite\",\"@id\":\"https:\/\/fimif.edu.al\/#website\",\"url\":\"https:\/\/fimif.edu.al\/\",\"name\":\"Fakulteti i Inxhinieris\u00eb Matematike dhe Inxhinieris\u00eb Fizike\",\"description\":\"FIMIF, UPT Tirane\",\"publisher\":{\"@id\":\"https:\/\/fimif.edu.al\/#organization\"},\"potentialAction\":[{\"@type\":\"SearchAction\",\"target\":{\"@type\":\"EntryPoint\",\"urlTemplate\":\"https:\/\/fimif.edu.al\/?s={search_term_string}\"},\"query-input\":{\"@type\":\"PropertyValueSpecification\",\"valueRequired\":true,\"valueName\":\"search_term_string\"}}],\"inLanguage\":\"en-GB\"},{\"@type\":\"Organization\",\"@id\":\"https:\/\/fimif.edu.al\/#organization\",\"name\":\"Fakulteti i Inxhinieris\u00eb Matematike dhe Inxhinieris\u00eb Fizike\",\"url\":\"https:\/\/fimif.edu.al\/\",\"logo\":{\"@type\":\"ImageObject\",\"inLanguage\":\"en-GB\",\"@id\":\"https:\/\/fimif.edu.al\/#\/schema\/logo\/image\/\",\"url\":\"https:\/\/fimif.edu.al\/wp-content\/uploads\/2024\/10\/Fimif-Logo.svg\",\"contentUrl\":\"https:\/\/fimif.edu.al\/wp-content\/uploads\/2024\/10\/Fimif-Logo.svg\",\"width\":653,\"height\":219,\"caption\":\"Fakulteti i Inxhinieris\u00eb Matematike dhe Inxhinieris\u00eb Fizike\"},\"image\":{\"@id\":\"https:\/\/fimif.edu.al\/#\/schema\/logo\/image\/\"},\"sameAs\":[\"https:\/\/www.facebook.com\/p\/Departamenti-i-Inxhinierise-Matematike-FIMIF-UPT-100077435994252\/\"]}]}<\/script>\n<!-- \/ Yoast SEO plugin. -->","yoast_head_json":{"title":"MP n\u00eb Fizik\u00eb - Fakulteti i Inxhinieris\u00eb Matematike dhe Inxhinieris\u00eb Fizike","robots":{"index":"index","follow":"follow","max-snippet":"max-snippet:-1","max-image-preview":"max-image-preview:large","max-video-preview":"max-video-preview:-1"},"canonical":"https:\/\/fimif.edu.al\/en\/mp-ne-fizike\/","og_locale":"en_GB","og_type":"article","og_title":"MP n\u00eb Fizik\u00eb - Fakulteti i Inxhinieris\u00eb Matematike dhe Inxhinieris\u00eb Fizike","og_url":"https:\/\/fimif.edu.al\/en\/mp-ne-fizike\/","og_site_name":"Fakulteti i Inxhinieris\u00eb Matematike dhe Inxhinieris\u00eb Fizike","article_publisher":"https:\/\/www.facebook.com\/p\/Departamenti-i-Inxhinierise-Matematike-FIMIF-UPT-100077435994252\/","article_modified_time":"2024-10-07T09:24:56+00:00","twitter_card":"summary_large_image","schema":{"@context":"https:\/\/schema.org","@graph":[{"@type":"WebPage","@id":"https:\/\/fimif.edu.al\/mp-ne-fizike\/","url":"https:\/\/fimif.edu.al\/mp-ne-fizike\/","name":"MP n\u00eb Fizik\u00eb - Fakulteti i Inxhinieris\u00eb Matematike dhe Inxhinieris\u00eb Fizike","isPartOf":{"@id":"https:\/\/fimif.edu.al\/#website"},"datePublished":"2020-10-06T08:18:04+00:00","dateModified":"2024-10-07T09:24:56+00:00","breadcrumb":{"@id":"https:\/\/fimif.edu.al\/mp-ne-fizike\/#breadcrumb"},"inLanguage":"en-GB","potentialAction":[{"@type":"ReadAction","target":["https:\/\/fimif.edu.al\/mp-ne-fizike\/"]}]},{"@type":"BreadcrumbList","@id":"https:\/\/fimif.edu.al\/mp-ne-fizike\/#breadcrumb","itemListElement":[{"@type":"ListItem","position":1,"name":"Home","item":"https:\/\/fimif.edu.al\/"},{"@type":"ListItem","position":2,"name":"MP n\u00eb Fizik\u00eb"}]},{"@type":"WebSite","@id":"https:\/\/fimif.edu.al\/#website","url":"https:\/\/fimif.edu.al\/","name":"Fakulteti i Inxhinieris\u00eb Matematike dhe Inxhinieris\u00eb Fizike","description":"FIMIF, UPT Tirane","publisher":{"@id":"https:\/\/fimif.edu.al\/#organization"},"potentialAction":[{"@type":"SearchAction","target":{"@type":"EntryPoint","urlTemplate":"https:\/\/fimif.edu.al\/?s={search_term_string}"},"query-input":{"@type":"PropertyValueSpecification","valueRequired":true,"valueName":"search_term_string"}}],"inLanguage":"en-GB"},{"@type":"Organization","@id":"https:\/\/fimif.edu.al\/#organization","name":"Fakulteti i Inxhinieris\u00eb Matematike dhe Inxhinieris\u00eb Fizike","url":"https:\/\/fimif.edu.al\/","logo":{"@type":"ImageObject","inLanguage":"en-GB","@id":"https:\/\/fimif.edu.al\/#\/schema\/logo\/image\/","url":"https:\/\/fimif.edu.al\/wp-content\/uploads\/2024\/10\/Fimif-Logo.svg","contentUrl":"https:\/\/fimif.edu.al\/wp-content\/uploads\/2024\/10\/Fimif-Logo.svg","width":653,"height":219,"caption":"Fakulteti i Inxhinieris\u00eb Matematike dhe Inxhinieris\u00eb Fizike"},"image":{"@id":"https:\/\/fimif.edu.al\/#\/schema\/logo\/image\/"},"sameAs":["https:\/\/www.facebook.com\/p\/Departamenti-i-Inxhinierise-Matematike-FIMIF-UPT-100077435994252\/"]}]}},"_links":{"self":[{"href":"https:\/\/fimif.edu.al\/en\/wp-json\/wp\/v2\/pages\/366","targetHints":{"allow":["GET"]}}],"collection":[{"href":"https:\/\/fimif.edu.al\/en\/wp-json\/wp\/v2\/pages"}],"about":[{"href":"https:\/\/fimif.edu.al\/en\/wp-json\/wp\/v2\/types\/page"}],"author":[{"embeddable":true,"href":"https:\/\/fimif.edu.al\/en\/wp-json\/wp\/v2\/users\/1"}],"replies":[{"embeddable":true,"href":"https:\/\/fimif.edu.al\/en\/wp-json\/wp\/v2\/comments?post=366"}],"version-history":[{"count":3,"href":"https:\/\/fimif.edu.al\/en\/wp-json\/wp\/v2\/pages\/366\/revisions"}],"predecessor-version":[{"id":3435,"href":"https:\/\/fimif.edu.al\/en\/wp-json\/wp\/v2\/pages\/366\/revisions\/3435"}],"wp:attachment":[{"href":"https:\/\/fimif.edu.al\/en\/wp-json\/wp\/v2\/media?parent=366"}],"curies":[{"name":"wp","href":"https:\/\/api.w.org\/{rel}","templated":true}]}}