{"id":3674,"date":"2024-10-10T15:54:39","date_gmt":"2024-10-10T13:54:39","guid":{"rendered":"https:\/\/fimif.farmaciferati.al\/?page_id=3674"},"modified":"2025-01-14T17:36:51","modified_gmt":"2025-01-14T16:36:51","slug":"cv-raimonda-lilo","status":"publish","type":"page","link":"https:\/\/fimif.edu.al\/en\/departamentet\/departamenti-i-inxhinierise-kimike\/grupi-mesimor-kerkimor-kimi\/cv-raimonda-lilo\/","title":{"rendered":"CV Raimonda LILO"},"content":{"rendered":"<div data-elementor-type=\"wp-page\" data-elementor-id=\"3674\" class=\"elementor elementor-3674\" data-elementor-post-type=\"page\">\n\t\t\t\t<div class=\"elementor-element elementor-element-1087fc3 e-con-full e-flex e-con e-parent\" data-id=\"1087fc3\" data-element_type=\"container\">\n\t\t\t\t<div class=\"elementor-element elementor-element-d65b559 elementor-widget elementor-widget-template\" data-id=\"d65b559\" data-element_type=\"widget\" data-widget_type=\"template.default\">\n\t\t\t\t<div class=\"elementor-widget-container\">\n\t\t\t\t\t<div class=\"elementor-template\">\n\t\t\t\t\t<div data-elementor-type=\"container\" data-elementor-id=\"3550\" class=\"elementor elementor-3550\" data-elementor-post-type=\"elementor_library\">\n\t\t\t\t<div class=\"elementor-element elementor-element-9293d27 e-flex e-con-boxed e-con e-parent\" data-id=\"9293d27\" data-element_type=\"container\" data-settings=\"{&quot;background_background&quot;:&quot;classic&quot;}\">\n\t\t\t\t\t<div class=\"e-con-inner\">\n\t\t\t\t\t<\/div>\n\t\t\t\t<\/div>\n\t\t\t\t<\/div>\n\t\t\t\t<\/div>\n\t\t\t\t<\/div>\n\t\t\t\t<\/div>\n\t\t\t\t<\/div>\n\t\t<div class=\"elementor-element elementor-element-3f13a8e e-flex e-con-boxed e-con e-parent\" data-id=\"3f13a8e\" data-element_type=\"container\">\n\t\t\t\t\t<div class=\"e-con-inner\">\n\t\t<div class=\"elementor-element elementor-element-cf78097 e-con-full e-flex e-con e-child\" data-id=\"cf78097\" data-element_type=\"container\" data-settings=\"{&quot;background_background&quot;:&quot;classic&quot;}\">\n\t\t\t\t<div class=\"elementor-element elementor-element-9e84369 elementor-widget elementor-widget-image\" data-id=\"9e84369\" data-element_type=\"widget\" data-widget_type=\"image.default\">\n\t\t\t\t<div class=\"elementor-widget-container\">\n\t\t\t\t\t\t\t\t\t\t\t\t\t<img decoding=\"async\" width=\"185\" height=\"211\" src=\"https:\/\/fimif.edu.al\/wp-content\/uploads\/2024\/10\/Raimonda-LILO.png\" class=\"attachment-full size-full wp-image-3686\" alt=\"\" srcset=\"https:\/\/fimif.edu.al\/wp-content\/uploads\/2024\/10\/Raimonda-LILO.png 185w, https:\/\/fimif.edu.al\/wp-content\/uploads\/2024\/10\/Raimonda-LILO-11x12.png 11w\" sizes=\"(max-width: 185px) 100vw, 185px\" \/>\t\t\t\t\t\t\t\t\t\t\t\t\t<\/div>\n\t\t\t\t<\/div>\n\t\t\t\t<div class=\"elementor-element elementor-element-e93abdb elementor-widget-divider--view-line_text elementor-widget-divider--element-align-center elementor-widget elementor-widget-divider\" data-id=\"e93abdb\" data-element_type=\"widget\" data-widget_type=\"divider.default\">\n\t\t\t\t<div class=\"elementor-widget-container\">\n\t\t\t\t\t<div class=\"elementor-divider\">\n\t\t\t<span class=\"elementor-divider-separator\">\n\t\t\t\t\t\t\t<h2 class=\"elementor-divider__text elementor-divider__element\">\n\t\t\t\tEdukimi\t\t\t\t<\/h2>\n\t\t\t\t\t\t<\/span>\n\t\t<\/div>\n\t\t\t\t<\/div>\n\t\t\t\t<\/div>\n\t\t\t\t<div class=\"elementor-element elementor-element-bf80871 elementor-widget elementor-widget-text-editor\" data-id=\"bf80871\" data-element_type=\"widget\" data-widget_type=\"text-editor.default\">\n\t\t\t\t<div class=\"elementor-widget-container\">\n\t\t\t\t\t\t\t<p>2011 &#8211; Titulli akademik Profesor i Asociuar.<\/p>\n<p>2002 &#8211; Grada shkencore Doktor n\u00eb shkencat e Kimis\u00eb t\u00eb Mjedisit, me punimin shkencor me tem\u00eb \u201cVler\u00ebsimi i ndotje s\u00eb ajrit urban t\u00eb Tiran\u00ebn nga l\u00ebnda e grimcuar dhe metalet e r\u00ebnda\u201d (Universiteti i Tiran\u00ebs).<\/p>\n<p>1997-1998 &#8211; Shkolla doktorale \u201cAnalizat Kimike dhe Percaktimi i Strukturave Molekulare\u201d (Fakulteti i Shkencave t\u00eb Natyr\u00ebs)<\/p>\n<p>1990-1991 &#8211; Shkolla pasuniversitare n\u00eb Kimi Analitike (Fakulteti i Shkencave t\u00eb Natyr\u00ebs)<\/p>\n<p>1981-1986 &#8211; Diplom\u00eb n\u00eb Kimi Industriale<\/p>\t\t\t\t\t\t<\/div>\n\t\t\t\t<\/div>\n\t\t\t\t<div class=\"elementor-element elementor-element-6bd67f2 elementor-widget-divider--view-line_text elementor-widget-divider--element-align-center elementor-widget elementor-widget-divider\" data-id=\"6bd67f2\" data-element_type=\"widget\" data-widget_type=\"divider.default\">\n\t\t\t\t<div class=\"elementor-widget-container\">\n\t\t\t\t\t<div class=\"elementor-divider\">\n\t\t\t<span class=\"elementor-divider-separator\">\n\t\t\t\t\t\t\t<h2 class=\"elementor-divider__text elementor-divider__element\">\n\t\t\t\tPun\u00ebsimi dhe funksione akademike\t\t\t\t<\/h2>\n\t\t\t\t\t\t<\/span>\n\t\t<\/div>\n\t\t\t\t<\/div>\n\t\t\t\t<\/div>\n\t\t\t\t<div class=\"elementor-element elementor-element-0f1ea44 elementor-widget elementor-widget-text-editor\" data-id=\"0f1ea44\" data-element_type=\"widget\" data-widget_type=\"text-editor.default\">\n\t\t\t\t<div class=\"elementor-widget-container\">\n\t\t\t\t\t\t\t<p>2001 n\u00eb vazhdim &#8211; Lektor pran\u00eb Universitetit Politeknik te\u0308 Tiran\u00ebs<\/p><p>L\u00ebnd\u00ebt: Kimi e p\u00ebrgjithshme, Kimi Mjedisi, Metodat Instrumentale t\u00eb Analiz\u00ebs<\/p><p>2009-2020 &#8211; P\u00ebrgjegjese e Departamentit t\u00eb Kimis\u00eb<\/p><p>2000-2001 &#8211; Ekspert p\u00ebr cil\u00ebsin\u00eb e ajrit n\u00eb Agjensin\u00eb Komb\u00ebtare t\u00eb Mjedisit<\/p><p>1993-2000 &#8211; Punonj\u00ebs shkencor n\u00eb Departamentin e Mjedisit dhe Sh\u00ebndetit, Instituti I Sh\u00ebndetit Publik<\/p><p>1992-2001 &#8211; Pedagoge e jashtme n\u00eb Departamentin e Kimis\u00eb Analitike, Fakulteti i Shkencave t\u00eb Natyr\u00ebs,<\/p><p>1987-1992 &#8211; Inxhinier Kimist n\u00eb Laboratorin e Analizave kimike, Kombinati i Nd\u00ebrtimit \u201cJosif Pashko\u201d<\/p>\t\t\t\t\t\t<\/div>\n\t\t\t\t<\/div>\n\t\t\t\t<div class=\"elementor-element elementor-element-c287e0a elementor-widget-divider--view-line_text elementor-widget-divider--element-align-center elementor-widget elementor-widget-divider\" data-id=\"c287e0a\" data-element_type=\"widget\" data-widget_type=\"divider.default\">\n\t\t\t\t<div class=\"elementor-widget-container\">\n\t\t\t\t\t<div class=\"elementor-divider\">\n\t\t\t<span class=\"elementor-divider-separator\">\n\t\t\t\t\t\t\t<h2 class=\"elementor-divider__text elementor-divider__element\">\n\t\t\t\tAktiviteti shkencor\t\t\t\t<\/h2>\n\t\t\t\t\t\t<\/span>\n\t\t<\/div>\n\t\t\t\t<\/div>\n\t\t\t\t<\/div>\n\t\t\t\t<div class=\"elementor-element elementor-element-1af26d8 elementor-widget elementor-widget-text-editor\" data-id=\"1af26d8\" data-element_type=\"widget\" data-widget_type=\"text-editor.default\">\n\t\t\t\t<div class=\"elementor-widget-container\">\n\t\t\t\t\t\t\t<p>Prof. Asoc Raimonda Lilo e ka zhvilluar veprimtarin\u00eb e vet k\u00ebrkimore shkencore kryesisht n\u00eb fush\u00ebn e kimis\u00eb t\u00eb mjedisit, ve\u00e7an\u00ebrisht n\u00eb at\u00eb t\u00eb cil\u00ebsis\u00eb t\u00eb ajrit dhe ujit. Ajo \u00ebsht\u00eb autore e mbi 20 artikujve t\u00eb botuar n\u00eb revista shkencore brenda dhe jasht\u00eb vendit, si dhe ka prezantuar punimet e saj n\u00eb m\u00eb shum\u00eb se 30 Konferenca Komb\u00ebtare dhe Nd\u00ebrkomb\u00ebtare. Ajo \u00ebsht\u00eb gjithashtu bashkautore n\u00eb tre tekste t\u00eb Kimis\u00eb p\u00ebr shkoll\u00ebn e lart\u00eb, si dhe n\u00eb pes\u00eb tekste t\u00eb Kimis\u00eb p\u00ebr shkoll\u00ebn e mesme dhe at\u00eb 9-vje\u00e7are.<\/p><p>Raimonda Lilo ka drejtuar dhe ka marr\u00eb pjes\u00eb n\u00eb nj\u00eb s\u00ebr\u00eb projektesh komb\u00ebtare dhe nd\u00ebrkomb\u00ebtare. \u00a0si \u201cP\u00ebrmir\u00ebsimi i Cil\u00ebsis\u00eb s\u00eb Ujit t\u00eb Pijsh\u00ebm\u201d (OBSH), Projekti i Ruajtjes s\u00eb Liqenit t\u00eb Ohrit (BB), etj. Po k\u00ebshtu ajo ka drejtuar Projektet: \u201cVler\u00ebsimi i impaktit t\u00eb veprimtarive ekonomike n\u00eb cil\u00ebsisn\u00eb e ujit t\u00eb Lumit te Erzenit\u201d (2013-2014) dhe \u201cNj\u00eb studim p\u00ebrqas\u00ebs i sistemit t\u00eb monitorimit t\u00eb ujrave n\u00eb Shqip\u00ebri. Vler\u00ebsimi i gjendjes dhe identifikimi i nevojave n\u00eb k\u00ebndv\u00ebshtrimin e Direktivave t\u00eb Bashkimit Europian\u201d (2015-2017), t\u00eb realizuara nga Departamenti i Kimis\u00eb n\u00eb bashk\u00ebpunim me Universitin e Burimeve Natyrore dhe Shkencave Jet\u00ebsore, Vien\u00eb.<\/p>\t\t\t\t\t\t<\/div>\n\t\t\t\t<\/div>\n\t\t\t\t<\/div>\n\t\t\t\t\t<\/div>\n\t\t\t\t<\/div>\n\t\t\t\t<\/div>","protected":false},"excerpt":{"rendered":"<p>Edukimi 2011 &#8211; Titulli akademik Profesor i Asociuar. 2002 &#8211; Grada shkencore Doktor n\u00eb shkencat e Kimis\u00eb t\u00eb Mjedisit, me punimin shkencor me tem\u00eb \u201cVler\u00ebsimi i ndotje s\u00eb ajrit urban t\u00eb Tiran\u00ebn nga l\u00ebnda e grimcuar dhe metalet e r\u00ebnda\u201d (Universiteti i Tiran\u00ebs). 1997-1998 &#8211; Shkolla doktorale \u201cAnalizat Kimike dhe Percaktimi i Strukturave Molekulare\u201d (Fakulteti [&hellip;]<\/p>","protected":false},"author":1,"featured_media":0,"parent":5003,"menu_order":0,"comment_status":"closed","ping_status":"closed","template":"","meta":{"footnotes":""},"class_list":["post-3674","page","type-page","status-publish","hentry"],"yoast_head":"<!-- This site is optimized with the Yoast SEO plugin v24.2 - https:\/\/yoast.com\/wordpress\/plugins\/seo\/ -->\n<title>CV Raimonda LILO - Fakulteti i Inxhinieris\u00eb Matematike dhe Inxhinieris\u00eb Fizike<\/title>\n<meta name=\"robots\" content=\"index, follow, max-snippet:-1, max-image-preview:large, max-video-preview:-1\" \/>\n<link rel=\"canonical\" href=\"https:\/\/fimif.edu.al\/en\/departamentet\/departamenti-i-inxhinierise-kimike\/grupi-mesimor-kerkimor-kimi\/cv-raimonda-lilo\/\" \/>\n<meta property=\"og:locale\" content=\"en_GB\" \/>\n<meta property=\"og:type\" content=\"article\" \/>\n<meta property=\"og:title\" content=\"CV Raimonda LILO - Fakulteti i Inxhinieris\u00eb Matematike dhe Inxhinieris\u00eb Fizike\" \/>\n<meta property=\"og:description\" content=\"Edukimi 2011 &#8211; Titulli akademik Profesor i Asociuar. 2002 &#8211; Grada shkencore Doktor n\u00eb shkencat e Kimis\u00eb t\u00eb Mjedisit, me punimin shkencor me tem\u00eb \u201cVler\u00ebsimi i ndotje s\u00eb ajrit urban t\u00eb Tiran\u00ebn nga l\u00ebnda e grimcuar dhe metalet e r\u00ebnda\u201d (Universiteti i Tiran\u00ebs). 1997-1998 &#8211; Shkolla doktorale \u201cAnalizat Kimike dhe Percaktimi i Strukturave Molekulare\u201d (Fakulteti [&hellip;]\" \/>\n<meta property=\"og:url\" content=\"https:\/\/fimif.edu.al\/en\/departamentet\/departamenti-i-inxhinierise-kimike\/grupi-mesimor-kerkimor-kimi\/cv-raimonda-lilo\/\" \/>\n<meta property=\"og:site_name\" content=\"Fakulteti i Inxhinieris\u00eb Matematike dhe Inxhinieris\u00eb Fizike\" \/>\n<meta property=\"article:publisher\" content=\"https:\/\/www.facebook.com\/p\/Departamenti-i-Inxhinierise-Matematike-FIMIF-UPT-100077435994252\/\" \/>\n<meta property=\"article:modified_time\" content=\"2025-01-14T16:36:51+00:00\" \/>\n<meta property=\"og:image\" content=\"https:\/\/fimif.edu.al\/wp-content\/uploads\/2024\/10\/Raimonda-LILO.png\" \/>\n\t<meta property=\"og:image:width\" content=\"185\" \/>\n\t<meta property=\"og:image:height\" content=\"211\" \/>\n\t<meta property=\"og:image:type\" content=\"image\/png\" \/>\n<meta name=\"twitter:card\" content=\"summary_large_image\" \/>\n<meta name=\"twitter:label1\" content=\"Estimated reading time\" \/>\n\t<meta name=\"twitter:data1\" content=\"2 minutes\" \/>\n<script type=\"application\/ld+json\" class=\"yoast-schema-graph\">{\"@context\":\"https:\/\/schema.org\",\"@graph\":[{\"@type\":\"WebPage\",\"@id\":\"https:\/\/fimif.edu.al\/departamentet\/departamenti-i-inxhinierise-kimike\/grupi-mesimor-kerkimor-kimi\/cv-raimonda-lilo\/\",\"url\":\"https:\/\/fimif.edu.al\/departamentet\/departamenti-i-inxhinierise-kimike\/grupi-mesimor-kerkimor-kimi\/cv-raimonda-lilo\/\",\"name\":\"CV Raimonda LILO - Fakulteti i Inxhinieris\u00eb Matematike dhe Inxhinieris\u00eb Fizike\",\"isPartOf\":{\"@id\":\"https:\/\/fimif.edu.al\/#website\"},\"primaryImageOfPage\":{\"@id\":\"https:\/\/fimif.edu.al\/departamentet\/departamenti-i-inxhinierise-kimike\/grupi-mesimor-kerkimor-kimi\/cv-raimonda-lilo\/#primaryimage\"},\"image\":{\"@id\":\"https:\/\/fimif.edu.al\/departamentet\/departamenti-i-inxhinierise-kimike\/grupi-mesimor-kerkimor-kimi\/cv-raimonda-lilo\/#primaryimage\"},\"thumbnailUrl\":\"https:\/\/fimif.edu.al\/wp-content\/uploads\/2024\/10\/Raimonda-LILO.png\",\"datePublished\":\"2024-10-10T13:54:39+00:00\",\"dateModified\":\"2025-01-14T16:36:51+00:00\",\"breadcrumb\":{\"@id\":\"https:\/\/fimif.edu.al\/departamentet\/departamenti-i-inxhinierise-kimike\/grupi-mesimor-kerkimor-kimi\/cv-raimonda-lilo\/#breadcrumb\"},\"inLanguage\":\"en-GB\",\"potentialAction\":[{\"@type\":\"ReadAction\",\"target\":[\"https:\/\/fimif.edu.al\/departamentet\/departamenti-i-inxhinierise-kimike\/grupi-mesimor-kerkimor-kimi\/cv-raimonda-lilo\/\"]}]},{\"@type\":\"ImageObject\",\"inLanguage\":\"en-GB\",\"@id\":\"https:\/\/fimif.edu.al\/departamentet\/departamenti-i-inxhinierise-kimike\/grupi-mesimor-kerkimor-kimi\/cv-raimonda-lilo\/#primaryimage\",\"url\":\"https:\/\/fimif.edu.al\/wp-content\/uploads\/2024\/10\/Raimonda-LILO.png\",\"contentUrl\":\"https:\/\/fimif.edu.al\/wp-content\/uploads\/2024\/10\/Raimonda-LILO.png\"},{\"@type\":\"BreadcrumbList\",\"@id\":\"https:\/\/fimif.edu.al\/departamentet\/departamenti-i-inxhinierise-kimike\/grupi-mesimor-kerkimor-kimi\/cv-raimonda-lilo\/#breadcrumb\",\"itemListElement\":[{\"@type\":\"ListItem\",\"position\":1,\"name\":\"Home\",\"item\":\"https:\/\/fimif.edu.al\/\"},{\"@type\":\"ListItem\",\"position\":2,\"name\":\"Departamentet\",\"item\":\"https:\/\/fimif.edu.al\/departamentet\/\"},{\"@type\":\"ListItem\",\"position\":3,\"name\":\"Departamenti i Inxhinierise Kimike\",\"item\":\"https:\/\/fimif.edu.al\/departamentet\/departamenti-i-inxhinierise-kimike\/\"},{\"@type\":\"ListItem\",\"position\":4,\"name\":\"Grupi M\u00ebsimor K\u00ebrkimor Kimi\",\"item\":\"https:\/\/fimif.edu.al\/departamentet\/departamenti-i-inxhinierise-kimike\/grupi-mesimor-kerkimor-kimi\/\"},{\"@type\":\"ListItem\",\"position\":5,\"name\":\"CV Raimonda LILO\"}]},{\"@type\":\"WebSite\",\"@id\":\"https:\/\/fimif.edu.al\/#website\",\"url\":\"https:\/\/fimif.edu.al\/\",\"name\":\"Fakulteti i Inxhinieris\u00eb Matematike dhe Inxhinieris\u00eb Fizike\",\"description\":\"FIMIF, UPT Tirane\",\"publisher\":{\"@id\":\"https:\/\/fimif.edu.al\/#organization\"},\"potentialAction\":[{\"@type\":\"SearchAction\",\"target\":{\"@type\":\"EntryPoint\",\"urlTemplate\":\"https:\/\/fimif.edu.al\/?s={search_term_string}\"},\"query-input\":{\"@type\":\"PropertyValueSpecification\",\"valueRequired\":true,\"valueName\":\"search_term_string\"}}],\"inLanguage\":\"en-GB\"},{\"@type\":\"Organization\",\"@id\":\"https:\/\/fimif.edu.al\/#organization\",\"name\":\"Fakulteti i Inxhinieris\u00eb Matematike dhe Inxhinieris\u00eb Fizike\",\"url\":\"https:\/\/fimif.edu.al\/\",\"logo\":{\"@type\":\"ImageObject\",\"inLanguage\":\"en-GB\",\"@id\":\"https:\/\/fimif.edu.al\/#\/schema\/logo\/image\/\",\"url\":\"https:\/\/fimif.edu.al\/wp-content\/uploads\/2024\/10\/Fimif-Logo.svg\",\"contentUrl\":\"https:\/\/fimif.edu.al\/wp-content\/uploads\/2024\/10\/Fimif-Logo.svg\",\"width\":653,\"height\":219,\"caption\":\"Fakulteti i Inxhinieris\u00eb Matematike dhe Inxhinieris\u00eb Fizike\"},\"image\":{\"@id\":\"https:\/\/fimif.edu.al\/#\/schema\/logo\/image\/\"},\"sameAs\":[\"https:\/\/www.facebook.com\/p\/Departamenti-i-Inxhinierise-Matematike-FIMIF-UPT-100077435994252\/\"]}]}<\/script>\n<!-- \/ Yoast SEO plugin. -->","yoast_head_json":{"title":"CV Raimonda LILO - Fakulteti i Inxhinieris\u00eb Matematike dhe Inxhinieris\u00eb Fizike","robots":{"index":"index","follow":"follow","max-snippet":"max-snippet:-1","max-image-preview":"max-image-preview:large","max-video-preview":"max-video-preview:-1"},"canonical":"https:\/\/fimif.edu.al\/en\/departamentet\/departamenti-i-inxhinierise-kimike\/grupi-mesimor-kerkimor-kimi\/cv-raimonda-lilo\/","og_locale":"en_GB","og_type":"article","og_title":"CV Raimonda LILO - Fakulteti i Inxhinieris\u00eb Matematike dhe Inxhinieris\u00eb Fizike","og_description":"Edukimi 2011 &#8211; Titulli akademik Profesor i Asociuar. 2002 &#8211; Grada shkencore Doktor n\u00eb shkencat e Kimis\u00eb t\u00eb Mjedisit, me punimin shkencor me tem\u00eb \u201cVler\u00ebsimi i ndotje s\u00eb ajrit urban t\u00eb Tiran\u00ebn nga l\u00ebnda e grimcuar dhe metalet e r\u00ebnda\u201d (Universiteti i Tiran\u00ebs). 1997-1998 &#8211; Shkolla doktorale \u201cAnalizat Kimike dhe Percaktimi i Strukturave Molekulare\u201d (Fakulteti [&hellip;]","og_url":"https:\/\/fimif.edu.al\/en\/departamentet\/departamenti-i-inxhinierise-kimike\/grupi-mesimor-kerkimor-kimi\/cv-raimonda-lilo\/","og_site_name":"Fakulteti i Inxhinieris\u00eb Matematike dhe Inxhinieris\u00eb Fizike","article_publisher":"https:\/\/www.facebook.com\/p\/Departamenti-i-Inxhinierise-Matematike-FIMIF-UPT-100077435994252\/","article_modified_time":"2025-01-14T16:36:51+00:00","og_image":[{"width":185,"height":211,"url":"https:\/\/fimif.edu.al\/wp-content\/uploads\/2024\/10\/Raimonda-LILO.png","type":"image\/png"}],"twitter_card":"summary_large_image","twitter_misc":{"Estimated reading time":"2 minutes"},"schema":{"@context":"https:\/\/schema.org","@graph":[{"@type":"WebPage","@id":"https:\/\/fimif.edu.al\/departamentet\/departamenti-i-inxhinierise-kimike\/grupi-mesimor-kerkimor-kimi\/cv-raimonda-lilo\/","url":"https:\/\/fimif.edu.al\/departamentet\/departamenti-i-inxhinierise-kimike\/grupi-mesimor-kerkimor-kimi\/cv-raimonda-lilo\/","name":"CV Raimonda LILO - Fakulteti i Inxhinieris\u00eb Matematike dhe Inxhinieris\u00eb Fizike","isPartOf":{"@id":"https:\/\/fimif.edu.al\/#website"},"primaryImageOfPage":{"@id":"https:\/\/fimif.edu.al\/departamentet\/departamenti-i-inxhinierise-kimike\/grupi-mesimor-kerkimor-kimi\/cv-raimonda-lilo\/#primaryimage"},"image":{"@id":"https:\/\/fimif.edu.al\/departamentet\/departamenti-i-inxhinierise-kimike\/grupi-mesimor-kerkimor-kimi\/cv-raimonda-lilo\/#primaryimage"},"thumbnailUrl":"https:\/\/fimif.edu.al\/wp-content\/uploads\/2024\/10\/Raimonda-LILO.png","datePublished":"2024-10-10T13:54:39+00:00","dateModified":"2025-01-14T16:36:51+00:00","breadcrumb":{"@id":"https:\/\/fimif.edu.al\/departamentet\/departamenti-i-inxhinierise-kimike\/grupi-mesimor-kerkimor-kimi\/cv-raimonda-lilo\/#breadcrumb"},"inLanguage":"en-GB","potentialAction":[{"@type":"ReadAction","target":["https:\/\/fimif.edu.al\/departamentet\/departamenti-i-inxhinierise-kimike\/grupi-mesimor-kerkimor-kimi\/cv-raimonda-lilo\/"]}]},{"@type":"ImageObject","inLanguage":"en-GB","@id":"https:\/\/fimif.edu.al\/departamentet\/departamenti-i-inxhinierise-kimike\/grupi-mesimor-kerkimor-kimi\/cv-raimonda-lilo\/#primaryimage","url":"https:\/\/fimif.edu.al\/wp-content\/uploads\/2024\/10\/Raimonda-LILO.png","contentUrl":"https:\/\/fimif.edu.al\/wp-content\/uploads\/2024\/10\/Raimonda-LILO.png"},{"@type":"BreadcrumbList","@id":"https:\/\/fimif.edu.al\/departamentet\/departamenti-i-inxhinierise-kimike\/grupi-mesimor-kerkimor-kimi\/cv-raimonda-lilo\/#breadcrumb","itemListElement":[{"@type":"ListItem","position":1,"name":"Home","item":"https:\/\/fimif.edu.al\/"},{"@type":"ListItem","position":2,"name":"Departamentet","item":"https:\/\/fimif.edu.al\/departamentet\/"},{"@type":"ListItem","position":3,"name":"Departamenti i Inxhinierise Kimike","item":"https:\/\/fimif.edu.al\/departamentet\/departamenti-i-inxhinierise-kimike\/"},{"@type":"ListItem","position":4,"name":"Grupi M\u00ebsimor K\u00ebrkimor Kimi","item":"https:\/\/fimif.edu.al\/departamentet\/departamenti-i-inxhinierise-kimike\/grupi-mesimor-kerkimor-kimi\/"},{"@type":"ListItem","position":5,"name":"CV Raimonda LILO"}]},{"@type":"WebSite","@id":"https:\/\/fimif.edu.al\/#website","url":"https:\/\/fimif.edu.al\/","name":"Fakulteti i Inxhinieris\u00eb Matematike dhe Inxhinieris\u00eb Fizike","description":"FIMIF, UPT Tirane","publisher":{"@id":"https:\/\/fimif.edu.al\/#organization"},"potentialAction":[{"@type":"SearchAction","target":{"@type":"EntryPoint","urlTemplate":"https:\/\/fimif.edu.al\/?s={search_term_string}"},"query-input":{"@type":"PropertyValueSpecification","valueRequired":true,"valueName":"search_term_string"}}],"inLanguage":"en-GB"},{"@type":"Organization","@id":"https:\/\/fimif.edu.al\/#organization","name":"Fakulteti i Inxhinieris\u00eb Matematike dhe Inxhinieris\u00eb Fizike","url":"https:\/\/fimif.edu.al\/","logo":{"@type":"ImageObject","inLanguage":"en-GB","@id":"https:\/\/fimif.edu.al\/#\/schema\/logo\/image\/","url":"https:\/\/fimif.edu.al\/wp-content\/uploads\/2024\/10\/Fimif-Logo.svg","contentUrl":"https:\/\/fimif.edu.al\/wp-content\/uploads\/2024\/10\/Fimif-Logo.svg","width":653,"height":219,"caption":"Fakulteti i Inxhinieris\u00eb Matematike dhe Inxhinieris\u00eb Fizike"},"image":{"@id":"https:\/\/fimif.edu.al\/#\/schema\/logo\/image\/"},"sameAs":["https:\/\/www.facebook.com\/p\/Departamenti-i-Inxhinierise-Matematike-FIMIF-UPT-100077435994252\/"]}]}},"_links":{"self":[{"href":"https:\/\/fimif.edu.al\/en\/wp-json\/wp\/v2\/pages\/3674","targetHints":{"allow":["GET"]}}],"collection":[{"href":"https:\/\/fimif.edu.al\/en\/wp-json\/wp\/v2\/pages"}],"about":[{"href":"https:\/\/fimif.edu.al\/en\/wp-json\/wp\/v2\/types\/page"}],"author":[{"embeddable":true,"href":"https:\/\/fimif.edu.al\/en\/wp-json\/wp\/v2\/users\/1"}],"replies":[{"embeddable":true,"href":"https:\/\/fimif.edu.al\/en\/wp-json\/wp\/v2\/comments?post=3674"}],"version-history":[{"count":10,"href":"https:\/\/fimif.edu.al\/en\/wp-json\/wp\/v2\/pages\/3674\/revisions"}],"predecessor-version":[{"id":6031,"href":"https:\/\/fimif.edu.al\/en\/wp-json\/wp\/v2\/pages\/3674\/revisions\/6031"}],"up":[{"embeddable":true,"href":"https:\/\/fimif.edu.al\/en\/wp-json\/wp\/v2\/pages\/5003"}],"wp:attachment":[{"href":"https:\/\/fimif.edu.al\/en\/wp-json\/wp\/v2\/media?parent=3674"}],"curies":[{"name":"wp","href":"https:\/\/api.w.org\/{rel}","templated":true}]}}