{"id":3675,"date":"2024-10-10T15:46:57","date_gmt":"2024-10-10T13:46:57","guid":{"rendered":"https:\/\/fimif.farmaciferati.al\/?page_id=3675"},"modified":"2025-01-14T17:34:33","modified_gmt":"2025-01-14T16:34:33","slug":"cv-ilva-gjikaj","status":"publish","type":"page","link":"https:\/\/fimif.edu.al\/en\/departamentet\/departamenti-i-inxhinierise-kimike\/grupi-mesimor-kerkimor-kimi\/cv-ilva-gjikaj\/","title":{"rendered":"CV Ilva GJIKAJ"},"content":{"rendered":"<div data-elementor-type=\"wp-page\" data-elementor-id=\"3675\" class=\"elementor elementor-3675\" data-elementor-post-type=\"page\">\n\t\t\t\t<div class=\"elementor-element elementor-element-1087fc3 e-con-full e-flex e-con e-parent\" data-id=\"1087fc3\" data-element_type=\"container\">\n\t\t\t\t<div class=\"elementor-element elementor-element-d65b559 elementor-widget elementor-widget-template\" data-id=\"d65b559\" data-element_type=\"widget\" data-widget_type=\"template.default\">\n\t\t\t\t<div class=\"elementor-widget-container\">\n\t\t\t\t\t<div class=\"elementor-template\">\n\t\t\t\t\t<div data-elementor-type=\"container\" data-elementor-id=\"3550\" class=\"elementor elementor-3550\" data-elementor-post-type=\"elementor_library\">\n\t\t\t\t<div class=\"elementor-element elementor-element-9293d27 e-flex e-con-boxed e-con e-parent\" data-id=\"9293d27\" data-element_type=\"container\" data-settings=\"{&quot;background_background&quot;:&quot;classic&quot;}\">\n\t\t\t\t\t<div class=\"e-con-inner\">\n\t\t\t\t\t<\/div>\n\t\t\t\t<\/div>\n\t\t\t\t<\/div>\n\t\t\t\t<\/div>\n\t\t\t\t<\/div>\n\t\t\t\t<\/div>\n\t\t\t\t<\/div>\n\t\t<div class=\"elementor-element elementor-element-3f13a8e e-flex e-con-boxed e-con e-parent\" data-id=\"3f13a8e\" data-element_type=\"container\">\n\t\t\t\t\t<div class=\"e-con-inner\">\n\t\t<div class=\"elementor-element elementor-element-cf78097 e-con-full e-flex e-con e-child\" data-id=\"cf78097\" data-element_type=\"container\" data-settings=\"{&quot;background_background&quot;:&quot;classic&quot;}\">\n\t\t\t\t<div class=\"elementor-element elementor-element-9e84369 elementor-widget elementor-widget-image\" data-id=\"9e84369\" data-element_type=\"widget\" data-widget_type=\"image.default\">\n\t\t\t\t<div class=\"elementor-widget-container\">\n\t\t\t\t\t\t\t\t\t\t\t\t\t<img fetchpriority=\"high\" decoding=\"async\" width=\"374\" height=\"527\" src=\"https:\/\/fimif.edu.al\/wp-content\/uploads\/2024\/10\/Ilva-GJIKAJ.jpg\" class=\"attachment-full size-full wp-image-3679\" alt=\"\" srcset=\"https:\/\/fimif.edu.al\/wp-content\/uploads\/2024\/10\/Ilva-GJIKAJ.jpg 374w, https:\/\/fimif.edu.al\/wp-content\/uploads\/2024\/10\/Ilva-GJIKAJ-213x300.jpg 213w, https:\/\/fimif.edu.al\/wp-content\/uploads\/2024\/10\/Ilva-GJIKAJ-9x12.jpg 9w\" sizes=\"(max-width: 374px) 100vw, 374px\" \/>\t\t\t\t\t\t\t\t\t\t\t\t\t<\/div>\n\t\t\t\t<\/div>\n\t\t\t\t<div class=\"elementor-element elementor-element-e93abdb elementor-widget-divider--view-line_text elementor-widget-divider--element-align-center elementor-widget elementor-widget-divider\" data-id=\"e93abdb\" data-element_type=\"widget\" data-widget_type=\"divider.default\">\n\t\t\t\t<div class=\"elementor-widget-container\">\n\t\t\t\t\t<div class=\"elementor-divider\">\n\t\t\t<span class=\"elementor-divider-separator\">\n\t\t\t\t\t\t\t<h2 class=\"elementor-divider__text elementor-divider__element\">\n\t\t\t\tEdukimi\t\t\t\t<\/h2>\n\t\t\t\t\t\t<\/span>\n\t\t<\/div>\n\t\t\t\t<\/div>\n\t\t\t\t<\/div>\n\t\t\t\t<div class=\"elementor-element elementor-element-bf80871 elementor-widget elementor-widget-text-editor\" data-id=\"bf80871\" data-element_type=\"widget\" data-widget_type=\"text-editor.default\">\n\t\t\t\t<div class=\"elementor-widget-container\">\n\t\t\t\t\t\t\t<p>N\u00ebntor 2016 &#8211; \u201cProfesor i asociuar\u201d Universiteti Politeknik i Tiran\u00ebs Fakulteti i Gjeologjis\u00eb dhe Minierave<\/p><p>Janar 2010 \u2013 Shtator 2014 &#8211; \u201cDoktor\u201d \u201cAnaliza Kimike e L\u00ebnd\u00ebs dhe Mjedisit\u201d Universiteti i Tiran\u00ebs Fakulteti i Shkencave t\u00eb Natyr\u00ebs Departamenti i Kimis\u00eb<\/p><p>Tetor 2006 \u2013 Mars 2010 &#8211; Master \u201cAnaliza Kimike dhe Identifikimi i Struktur\u00ebs Molekulare me Metoda Instrumentale\u201d Universiteti i Tiran\u00ebs Fakulteti i Shkencave t\u00eb Natyr\u00ebs Departamenti i Kimis\u00eb<\/p><p>Tetor 2000 \u2013 Qershor 2005 &#8211; Diplom\u00eb \u2018Kimist i P\u00ebrgjithsh\u00ebm\u2019 Universiteti i Tiran\u00ebs Fakulteti i Shkencave t\u00eb Natyr\u00ebs Departamenti i Kimis\u00eb<\/p>\t\t\t\t\t\t<\/div>\n\t\t\t\t<\/div>\n\t\t\t\t<div class=\"elementor-element elementor-element-6bd67f2 elementor-widget-divider--view-line_text elementor-widget-divider--element-align-center elementor-widget elementor-widget-divider\" data-id=\"6bd67f2\" data-element_type=\"widget\" data-widget_type=\"divider.default\">\n\t\t\t\t<div class=\"elementor-widget-container\">\n\t\t\t\t\t<div class=\"elementor-divider\">\n\t\t\t<span class=\"elementor-divider-separator\">\n\t\t\t\t\t\t\t<h2 class=\"elementor-divider__text elementor-divider__element\">\n\t\t\t\tPun\u00ebsimi dhe funksione akademike\t\t\t\t<\/h2>\n\t\t\t\t\t\t<\/span>\n\t\t<\/div>\n\t\t\t\t<\/div>\n\t\t\t\t<\/div>\n\t\t\t\t<div class=\"elementor-element elementor-element-0f1ea44 elementor-widget elementor-widget-text-editor\" data-id=\"0f1ea44\" data-element_type=\"widget\" data-widget_type=\"text-editor.default\">\n\t\t\t\t<div class=\"elementor-widget-container\">\n\t\t\t\t\t\t\t<p>Janar 2011 \u2013 sot &#8211; Lektore &#8211; L\u00ebnd\u00ebt: Kimi e p\u00ebrgjithshme, Kimi organike &#8211; Universiteti Politeknik i Tiran\u00ebs Fakulteti i Inxhinieris\u00eb Matematike dhe Inxhinieris\u00eb Fizike Departamenti i Kimis\u00eb<\/p><p>Shtator 2006 &#8211; Janar 2011 &#8211; Specialiste Kimiste &#8211; Laboratori i analizave kimike t\u00eb l\u00ebnd\u00ebve t\u00eb para dhe produkteve n\u00eb fush\u00ebn e nd\u00ebrtimit &#8211; Instituti i Nd\u00ebrtimit, Tiran\u00eb<\/p><p>Gusht 2005 &#8211; Prill 2006 &#8211; Specialiste Kimiste &#8211; Laboratori i analizave kimike t\u00eb l\u00ebnd\u00ebve t\u00eb para dhe produkteve n\u00eb fush\u00ebn e nd\u00ebrtimit &#8211; Fabrika e \u00c7imentos Fush\u00eb \u2013 Kruj\u00eb\u00a0<\/p><p>\u00a0<\/p>\t\t\t\t\t\t<\/div>\n\t\t\t\t<\/div>\n\t\t\t\t<div class=\"elementor-element elementor-element-c287e0a elementor-widget-divider--view-line_text elementor-widget-divider--element-align-center elementor-widget elementor-widget-divider\" data-id=\"c287e0a\" data-element_type=\"widget\" data-widget_type=\"divider.default\">\n\t\t\t\t<div class=\"elementor-widget-container\">\n\t\t\t\t\t<div class=\"elementor-divider\">\n\t\t\t<span class=\"elementor-divider-separator\">\n\t\t\t\t\t\t\t<h2 class=\"elementor-divider__text elementor-divider__element\">\n\t\t\t\tAktiviteti shkencor\t\t\t\t<\/h2>\n\t\t\t\t\t\t<\/span>\n\t\t<\/div>\n\t\t\t\t<\/div>\n\t\t\t\t<\/div>\n\t\t\t\t<div class=\"elementor-element elementor-element-1af26d8 elementor-widget elementor-widget-text-editor\" data-id=\"1af26d8\" data-element_type=\"widget\" data-widget_type=\"text-editor.default\">\n\t\t\t\t<div class=\"elementor-widget-container\">\n\t\t\t\t\t\t\t<p>Prof. Asoc. Ilva Gjikaj e ka zhvilluar veprimtarin\u00eb k\u00ebrkimore shkencore n\u00eb fush\u00ebn e ndotjes s\u00eb ajrit nga metalet e r\u00ebnda n\u00ebp\u00ebrmjet biomonitorimit dhe teknikave analitike SAA dhe ICP-AES, n\u00eb studimin e cil\u00ebsis\u00eb s\u00eb uj\u00ebrave sip\u00ebrfaq\u00ebsor\u00eb n\u00eb lidhje me parametrat kimik\u00eb dhe biologjik\u00eb, si dhe n\u00eb vler\u00ebsimin dhe kontrollin e cil\u00ebsis\u00eb s\u00eb analizave kimike. \u00cbsht\u00eb autore dhe bashk\u00ebautore e disa artikujve shkencor\u00eb t\u00eb botuar n\u00eb revista t\u00eb njohura nd\u00ebrkomb\u00ebtare dhe komb\u00ebtare, si dhe pjes\u00ebmarr\u00ebse n\u00eb konferenca shkencore. \u00cbsht\u00eb bashk\u00ebautore e tekstit m\u00ebsimor \u201cKimi Organike\u201d p\u00ebr deg\u00ebt Inxhinierike.<\/p>\t\t\t\t\t\t<\/div>\n\t\t\t\t<\/div>\n\t\t\t\t<\/div>\n\t\t\t\t\t<\/div>\n\t\t\t\t<\/div>\n\t\t\t\t<\/div>","protected":false},"excerpt":{"rendered":"<p>Edukimi N\u00ebntor 2016 &#8211; \u201cProfesor i asociuar\u201d Universiteti Politeknik i Tiran\u00ebs Fakulteti i Gjeologjis\u00eb dhe Minierave Janar 2010 \u2013 Shtator 2014 &#8211; \u201cDoktor\u201d \u201cAnaliza Kimike e L\u00ebnd\u00ebs dhe Mjedisit\u201d Universiteti i Tiran\u00ebs Fakulteti i Shkencave t\u00eb Natyr\u00ebs Departamenti i Kimis\u00eb Tetor 2006 \u2013 Mars 2010 &#8211; Master \u201cAnaliza Kimike dhe Identifikimi i Struktur\u00ebs Molekulare me [&hellip;]<\/p>","protected":false},"author":1,"featured_media":0,"parent":5003,"menu_order":0,"comment_status":"closed","ping_status":"closed","template":"","meta":{"footnotes":""},"class_list":["post-3675","page","type-page","status-publish","hentry"],"yoast_head":"<!-- This site is optimized with the Yoast SEO plugin v24.2 - https:\/\/yoast.com\/wordpress\/plugins\/seo\/ -->\n<title>CV Ilva GJIKAJ - Fakulteti i Inxhinieris\u00eb Matematike dhe Inxhinieris\u00eb Fizike<\/title>\n<meta name=\"robots\" content=\"index, follow, max-snippet:-1, max-image-preview:large, max-video-preview:-1\" \/>\n<link rel=\"canonical\" href=\"https:\/\/fimif.edu.al\/en\/departamentet\/departamenti-i-inxhinierise-kimike\/grupi-mesimor-kerkimor-kimi\/cv-ilva-gjikaj\/\" \/>\n<meta property=\"og:locale\" content=\"en_GB\" \/>\n<meta property=\"og:type\" content=\"article\" \/>\n<meta property=\"og:title\" content=\"CV Ilva GJIKAJ - Fakulteti i Inxhinieris\u00eb Matematike dhe Inxhinieris\u00eb Fizike\" \/>\n<meta property=\"og:description\" content=\"Edukimi N\u00ebntor 2016 &#8211; \u201cProfesor i asociuar\u201d Universiteti Politeknik i Tiran\u00ebs Fakulteti i Gjeologjis\u00eb dhe Minierave Janar 2010 \u2013 Shtator 2014 &#8211; \u201cDoktor\u201d \u201cAnaliza Kimike e L\u00ebnd\u00ebs dhe Mjedisit\u201d Universiteti i Tiran\u00ebs Fakulteti i Shkencave t\u00eb Natyr\u00ebs Departamenti i Kimis\u00eb Tetor 2006 \u2013 Mars 2010 &#8211; Master \u201cAnaliza Kimike dhe Identifikimi i Struktur\u00ebs Molekulare me [&hellip;]\" \/>\n<meta property=\"og:url\" content=\"https:\/\/fimif.edu.al\/en\/departamentet\/departamenti-i-inxhinierise-kimike\/grupi-mesimor-kerkimor-kimi\/cv-ilva-gjikaj\/\" \/>\n<meta property=\"og:site_name\" content=\"Fakulteti i Inxhinieris\u00eb Matematike dhe Inxhinieris\u00eb Fizike\" \/>\n<meta property=\"article:publisher\" content=\"https:\/\/www.facebook.com\/p\/Departamenti-i-Inxhinierise-Matematike-FIMIF-UPT-100077435994252\/\" \/>\n<meta property=\"article:modified_time\" content=\"2025-01-14T16:34:33+00:00\" \/>\n<meta property=\"og:image\" content=\"https:\/\/fimif.edu.al\/wp-content\/uploads\/2024\/10\/Ilva-GJIKAJ.jpg\" \/>\n\t<meta property=\"og:image:width\" content=\"374\" \/>\n\t<meta property=\"og:image:height\" content=\"527\" \/>\n\t<meta property=\"og:image:type\" content=\"image\/jpeg\" \/>\n<meta name=\"twitter:card\" content=\"summary_large_image\" \/>\n<meta name=\"twitter:label1\" content=\"Estimated reading time\" \/>\n\t<meta name=\"twitter:data1\" content=\"2 minutes\" \/>\n<script type=\"application\/ld+json\" class=\"yoast-schema-graph\">{\"@context\":\"https:\/\/schema.org\",\"@graph\":[{\"@type\":\"WebPage\",\"@id\":\"https:\/\/fimif.edu.al\/departamentet\/departamenti-i-inxhinierise-kimike\/grupi-mesimor-kerkimor-kimi\/cv-ilva-gjikaj\/\",\"url\":\"https:\/\/fimif.edu.al\/departamentet\/departamenti-i-inxhinierise-kimike\/grupi-mesimor-kerkimor-kimi\/cv-ilva-gjikaj\/\",\"name\":\"CV Ilva GJIKAJ - Fakulteti i Inxhinieris\u00eb Matematike dhe Inxhinieris\u00eb Fizike\",\"isPartOf\":{\"@id\":\"https:\/\/fimif.edu.al\/#website\"},\"primaryImageOfPage\":{\"@id\":\"https:\/\/fimif.edu.al\/departamentet\/departamenti-i-inxhinierise-kimike\/grupi-mesimor-kerkimor-kimi\/cv-ilva-gjikaj\/#primaryimage\"},\"image\":{\"@id\":\"https:\/\/fimif.edu.al\/departamentet\/departamenti-i-inxhinierise-kimike\/grupi-mesimor-kerkimor-kimi\/cv-ilva-gjikaj\/#primaryimage\"},\"thumbnailUrl\":\"https:\/\/fimif.edu.al\/wp-content\/uploads\/2024\/10\/Ilva-GJIKAJ.jpg\",\"datePublished\":\"2024-10-10T13:46:57+00:00\",\"dateModified\":\"2025-01-14T16:34:33+00:00\",\"breadcrumb\":{\"@id\":\"https:\/\/fimif.edu.al\/departamentet\/departamenti-i-inxhinierise-kimike\/grupi-mesimor-kerkimor-kimi\/cv-ilva-gjikaj\/#breadcrumb\"},\"inLanguage\":\"en-GB\",\"potentialAction\":[{\"@type\":\"ReadAction\",\"target\":[\"https:\/\/fimif.edu.al\/departamentet\/departamenti-i-inxhinierise-kimike\/grupi-mesimor-kerkimor-kimi\/cv-ilva-gjikaj\/\"]}]},{\"@type\":\"ImageObject\",\"inLanguage\":\"en-GB\",\"@id\":\"https:\/\/fimif.edu.al\/departamentet\/departamenti-i-inxhinierise-kimike\/grupi-mesimor-kerkimor-kimi\/cv-ilva-gjikaj\/#primaryimage\",\"url\":\"https:\/\/fimif.edu.al\/wp-content\/uploads\/2024\/10\/Ilva-GJIKAJ.jpg\",\"contentUrl\":\"https:\/\/fimif.edu.al\/wp-content\/uploads\/2024\/10\/Ilva-GJIKAJ.jpg\"},{\"@type\":\"BreadcrumbList\",\"@id\":\"https:\/\/fimif.edu.al\/departamentet\/departamenti-i-inxhinierise-kimike\/grupi-mesimor-kerkimor-kimi\/cv-ilva-gjikaj\/#breadcrumb\",\"itemListElement\":[{\"@type\":\"ListItem\",\"position\":1,\"name\":\"Home\",\"item\":\"https:\/\/fimif.edu.al\/\"},{\"@type\":\"ListItem\",\"position\":2,\"name\":\"Departamentet\",\"item\":\"https:\/\/fimif.edu.al\/departamentet\/\"},{\"@type\":\"ListItem\",\"position\":3,\"name\":\"Departamenti i Inxhinierise Kimike\",\"item\":\"https:\/\/fimif.edu.al\/departamentet\/departamenti-i-inxhinierise-kimike\/\"},{\"@type\":\"ListItem\",\"position\":4,\"name\":\"Grupi M\u00ebsimor K\u00ebrkimor Kimi\",\"item\":\"https:\/\/fimif.edu.al\/departamentet\/departamenti-i-inxhinierise-kimike\/grupi-mesimor-kerkimor-kimi\/\"},{\"@type\":\"ListItem\",\"position\":5,\"name\":\"CV Ilva GJIKAJ\"}]},{\"@type\":\"WebSite\",\"@id\":\"https:\/\/fimif.edu.al\/#website\",\"url\":\"https:\/\/fimif.edu.al\/\",\"name\":\"Fakulteti i Inxhinieris\u00eb Matematike dhe Inxhinieris\u00eb Fizike\",\"description\":\"FIMIF, UPT Tirane\",\"publisher\":{\"@id\":\"https:\/\/fimif.edu.al\/#organization\"},\"potentialAction\":[{\"@type\":\"SearchAction\",\"target\":{\"@type\":\"EntryPoint\",\"urlTemplate\":\"https:\/\/fimif.edu.al\/?s={search_term_string}\"},\"query-input\":{\"@type\":\"PropertyValueSpecification\",\"valueRequired\":true,\"valueName\":\"search_term_string\"}}],\"inLanguage\":\"en-GB\"},{\"@type\":\"Organization\",\"@id\":\"https:\/\/fimif.edu.al\/#organization\",\"name\":\"Fakulteti i Inxhinieris\u00eb Matematike dhe Inxhinieris\u00eb Fizike\",\"url\":\"https:\/\/fimif.edu.al\/\",\"logo\":{\"@type\":\"ImageObject\",\"inLanguage\":\"en-GB\",\"@id\":\"https:\/\/fimif.edu.al\/#\/schema\/logo\/image\/\",\"url\":\"https:\/\/fimif.edu.al\/wp-content\/uploads\/2024\/10\/Fimif-Logo.svg\",\"contentUrl\":\"https:\/\/fimif.edu.al\/wp-content\/uploads\/2024\/10\/Fimif-Logo.svg\",\"width\":653,\"height\":219,\"caption\":\"Fakulteti i Inxhinieris\u00eb Matematike dhe Inxhinieris\u00eb Fizike\"},\"image\":{\"@id\":\"https:\/\/fimif.edu.al\/#\/schema\/logo\/image\/\"},\"sameAs\":[\"https:\/\/www.facebook.com\/p\/Departamenti-i-Inxhinierise-Matematike-FIMIF-UPT-100077435994252\/\"]}]}<\/script>\n<!-- \/ Yoast SEO plugin. -->","yoast_head_json":{"title":"CV Ilva GJIKAJ - Fakulteti i Inxhinieris\u00eb Matematike dhe Inxhinieris\u00eb Fizike","robots":{"index":"index","follow":"follow","max-snippet":"max-snippet:-1","max-image-preview":"max-image-preview:large","max-video-preview":"max-video-preview:-1"},"canonical":"https:\/\/fimif.edu.al\/en\/departamentet\/departamenti-i-inxhinierise-kimike\/grupi-mesimor-kerkimor-kimi\/cv-ilva-gjikaj\/","og_locale":"en_GB","og_type":"article","og_title":"CV Ilva GJIKAJ - Fakulteti i Inxhinieris\u00eb Matematike dhe Inxhinieris\u00eb Fizike","og_description":"Edukimi N\u00ebntor 2016 &#8211; \u201cProfesor i asociuar\u201d Universiteti Politeknik i Tiran\u00ebs Fakulteti i Gjeologjis\u00eb dhe Minierave Janar 2010 \u2013 Shtator 2014 &#8211; \u201cDoktor\u201d \u201cAnaliza Kimike e L\u00ebnd\u00ebs dhe Mjedisit\u201d Universiteti i Tiran\u00ebs Fakulteti i Shkencave t\u00eb Natyr\u00ebs Departamenti i Kimis\u00eb Tetor 2006 \u2013 Mars 2010 &#8211; Master \u201cAnaliza Kimike dhe Identifikimi i Struktur\u00ebs Molekulare me [&hellip;]","og_url":"https:\/\/fimif.edu.al\/en\/departamentet\/departamenti-i-inxhinierise-kimike\/grupi-mesimor-kerkimor-kimi\/cv-ilva-gjikaj\/","og_site_name":"Fakulteti i Inxhinieris\u00eb Matematike dhe Inxhinieris\u00eb Fizike","article_publisher":"https:\/\/www.facebook.com\/p\/Departamenti-i-Inxhinierise-Matematike-FIMIF-UPT-100077435994252\/","article_modified_time":"2025-01-14T16:34:33+00:00","og_image":[{"width":374,"height":527,"url":"https:\/\/fimif.edu.al\/wp-content\/uploads\/2024\/10\/Ilva-GJIKAJ.jpg","type":"image\/jpeg"}],"twitter_card":"summary_large_image","twitter_misc":{"Estimated reading time":"2 minutes"},"schema":{"@context":"https:\/\/schema.org","@graph":[{"@type":"WebPage","@id":"https:\/\/fimif.edu.al\/departamentet\/departamenti-i-inxhinierise-kimike\/grupi-mesimor-kerkimor-kimi\/cv-ilva-gjikaj\/","url":"https:\/\/fimif.edu.al\/departamentet\/departamenti-i-inxhinierise-kimike\/grupi-mesimor-kerkimor-kimi\/cv-ilva-gjikaj\/","name":"CV Ilva GJIKAJ - Fakulteti i Inxhinieris\u00eb Matematike dhe Inxhinieris\u00eb Fizike","isPartOf":{"@id":"https:\/\/fimif.edu.al\/#website"},"primaryImageOfPage":{"@id":"https:\/\/fimif.edu.al\/departamentet\/departamenti-i-inxhinierise-kimike\/grupi-mesimor-kerkimor-kimi\/cv-ilva-gjikaj\/#primaryimage"},"image":{"@id":"https:\/\/fimif.edu.al\/departamentet\/departamenti-i-inxhinierise-kimike\/grupi-mesimor-kerkimor-kimi\/cv-ilva-gjikaj\/#primaryimage"},"thumbnailUrl":"https:\/\/fimif.edu.al\/wp-content\/uploads\/2024\/10\/Ilva-GJIKAJ.jpg","datePublished":"2024-10-10T13:46:57+00:00","dateModified":"2025-01-14T16:34:33+00:00","breadcrumb":{"@id":"https:\/\/fimif.edu.al\/departamentet\/departamenti-i-inxhinierise-kimike\/grupi-mesimor-kerkimor-kimi\/cv-ilva-gjikaj\/#breadcrumb"},"inLanguage":"en-GB","potentialAction":[{"@type":"ReadAction","target":["https:\/\/fimif.edu.al\/departamentet\/departamenti-i-inxhinierise-kimike\/grupi-mesimor-kerkimor-kimi\/cv-ilva-gjikaj\/"]}]},{"@type":"ImageObject","inLanguage":"en-GB","@id":"https:\/\/fimif.edu.al\/departamentet\/departamenti-i-inxhinierise-kimike\/grupi-mesimor-kerkimor-kimi\/cv-ilva-gjikaj\/#primaryimage","url":"https:\/\/fimif.edu.al\/wp-content\/uploads\/2024\/10\/Ilva-GJIKAJ.jpg","contentUrl":"https:\/\/fimif.edu.al\/wp-content\/uploads\/2024\/10\/Ilva-GJIKAJ.jpg"},{"@type":"BreadcrumbList","@id":"https:\/\/fimif.edu.al\/departamentet\/departamenti-i-inxhinierise-kimike\/grupi-mesimor-kerkimor-kimi\/cv-ilva-gjikaj\/#breadcrumb","itemListElement":[{"@type":"ListItem","position":1,"name":"Home","item":"https:\/\/fimif.edu.al\/"},{"@type":"ListItem","position":2,"name":"Departamentet","item":"https:\/\/fimif.edu.al\/departamentet\/"},{"@type":"ListItem","position":3,"name":"Departamenti i Inxhinierise Kimike","item":"https:\/\/fimif.edu.al\/departamentet\/departamenti-i-inxhinierise-kimike\/"},{"@type":"ListItem","position":4,"name":"Grupi M\u00ebsimor K\u00ebrkimor Kimi","item":"https:\/\/fimif.edu.al\/departamentet\/departamenti-i-inxhinierise-kimike\/grupi-mesimor-kerkimor-kimi\/"},{"@type":"ListItem","position":5,"name":"CV Ilva GJIKAJ"}]},{"@type":"WebSite","@id":"https:\/\/fimif.edu.al\/#website","url":"https:\/\/fimif.edu.al\/","name":"Fakulteti i Inxhinieris\u00eb Matematike dhe Inxhinieris\u00eb Fizike","description":"FIMIF, UPT Tirane","publisher":{"@id":"https:\/\/fimif.edu.al\/#organization"},"potentialAction":[{"@type":"SearchAction","target":{"@type":"EntryPoint","urlTemplate":"https:\/\/fimif.edu.al\/?s={search_term_string}"},"query-input":{"@type":"PropertyValueSpecification","valueRequired":true,"valueName":"search_term_string"}}],"inLanguage":"en-GB"},{"@type":"Organization","@id":"https:\/\/fimif.edu.al\/#organization","name":"Fakulteti i Inxhinieris\u00eb Matematike dhe Inxhinieris\u00eb Fizike","url":"https:\/\/fimif.edu.al\/","logo":{"@type":"ImageObject","inLanguage":"en-GB","@id":"https:\/\/fimif.edu.al\/#\/schema\/logo\/image\/","url":"https:\/\/fimif.edu.al\/wp-content\/uploads\/2024\/10\/Fimif-Logo.svg","contentUrl":"https:\/\/fimif.edu.al\/wp-content\/uploads\/2024\/10\/Fimif-Logo.svg","width":653,"height":219,"caption":"Fakulteti i Inxhinieris\u00eb Matematike dhe Inxhinieris\u00eb Fizike"},"image":{"@id":"https:\/\/fimif.edu.al\/#\/schema\/logo\/image\/"},"sameAs":["https:\/\/www.facebook.com\/p\/Departamenti-i-Inxhinierise-Matematike-FIMIF-UPT-100077435994252\/"]}]}},"_links":{"self":[{"href":"https:\/\/fimif.edu.al\/en\/wp-json\/wp\/v2\/pages\/3675","targetHints":{"allow":["GET"]}}],"collection":[{"href":"https:\/\/fimif.edu.al\/en\/wp-json\/wp\/v2\/pages"}],"about":[{"href":"https:\/\/fimif.edu.al\/en\/wp-json\/wp\/v2\/types\/page"}],"author":[{"embeddable":true,"href":"https:\/\/fimif.edu.al\/en\/wp-json\/wp\/v2\/users\/1"}],"replies":[{"embeddable":true,"href":"https:\/\/fimif.edu.al\/en\/wp-json\/wp\/v2\/comments?post=3675"}],"version-history":[{"count":10,"href":"https:\/\/fimif.edu.al\/en\/wp-json\/wp\/v2\/pages\/3675\/revisions"}],"predecessor-version":[{"id":6019,"href":"https:\/\/fimif.edu.al\/en\/wp-json\/wp\/v2\/pages\/3675\/revisions\/6019"}],"up":[{"embeddable":true,"href":"https:\/\/fimif.edu.al\/en\/wp-json\/wp\/v2\/pages\/5003"}],"wp:attachment":[{"href":"https:\/\/fimif.edu.al\/en\/wp-json\/wp\/v2\/media?parent=3675"}],"curies":[{"name":"wp","href":"https:\/\/api.w.org\/{rel}","templated":true}]}}