{"id":3677,"date":"2024-10-10T15:58:18","date_gmt":"2024-10-10T13:58:18","guid":{"rendered":"https:\/\/fimif.farmaciferati.al\/?page_id=3677"},"modified":"2025-01-14T17:35:05","modified_gmt":"2025-01-14T16:35:05","slug":"cv-valbona-hoxha","status":"publish","type":"page","link":"https:\/\/fimif.edu.al\/en\/departamentet\/departamenti-i-inxhinierise-kimike\/grupi-mesimor-kerkimor-kimi\/cv-valbona-hoxha\/","title":{"rendered":"CV Valbona HOXHA"},"content":{"rendered":"<div data-elementor-type=\"wp-page\" data-elementor-id=\"3677\" class=\"elementor elementor-3677\" data-elementor-post-type=\"page\">\n\t\t\t\t<div class=\"elementor-element elementor-element-1087fc3 e-con-full e-flex e-con e-parent\" data-id=\"1087fc3\" data-element_type=\"container\" data-e-type=\"container\">\n\t\t\t\t<div class=\"elementor-element elementor-element-d65b559 elementor-widget elementor-widget-template\" data-id=\"d65b559\" data-element_type=\"widget\" data-e-type=\"widget\" data-widget_type=\"template.default\">\n\t\t\t\t<div class=\"elementor-widget-container\">\n\t\t\t\t\t\t\t<div class=\"elementor-template\">\n\t\t\t\t\t<div data-elementor-type=\"container\" data-elementor-id=\"3550\" class=\"elementor elementor-3550\" data-elementor-post-type=\"elementor_library\">\n\t\t\t\t<div class=\"elementor-element elementor-element-9293d27 e-flex e-con-boxed e-con e-parent\" data-id=\"9293d27\" data-element_type=\"container\" data-e-type=\"container\" data-settings=\"{&quot;background_background&quot;:&quot;classic&quot;}\">\n\t\t\t\t\t<div class=\"e-con-inner\">\n\t\t\t\t\t<\/div>\n\t\t\t\t<\/div>\n\t\t\t\t<\/div>\n\t\t\t\t<\/div>\n\t\t\t\t\t\t<\/div>\n\t\t\t\t<\/div>\n\t\t\t\t<\/div>\n\t\t<div class=\"elementor-element elementor-element-3f13a8e e-flex e-con-boxed e-con e-parent\" data-id=\"3f13a8e\" data-element_type=\"container\" data-e-type=\"container\">\n\t\t\t\t\t<div class=\"e-con-inner\">\n\t\t<div class=\"elementor-element elementor-element-cf78097 e-con-full e-flex e-con e-child\" data-id=\"cf78097\" data-element_type=\"container\" data-e-type=\"container\" data-settings=\"{&quot;background_background&quot;:&quot;classic&quot;}\">\n\t\t\t\t<div class=\"elementor-element elementor-element-9e84369 elementor-widget elementor-widget-image\" data-id=\"9e84369\" data-element_type=\"widget\" data-e-type=\"widget\" data-widget_type=\"image.default\">\n\t\t\t\t<div class=\"elementor-widget-container\">\n\t\t\t\t\t\t\t\t\t\t\t\t\t\t\t<img fetchpriority=\"high\" decoding=\"async\" width=\"285\" height=\"331\" src=\"https:\/\/fimif.edu.al\/wp-content\/uploads\/2024\/10\/Valbona-HOXHA.jpg\" class=\"attachment-full size-full wp-image-3691\" alt=\"\" srcset=\"https:\/\/fimif.edu.al\/wp-content\/uploads\/2024\/10\/Valbona-HOXHA.jpg 285w, https:\/\/fimif.edu.al\/wp-content\/uploads\/2024\/10\/Valbona-HOXHA-258x300.jpg 258w, https:\/\/fimif.edu.al\/wp-content\/uploads\/2024\/10\/Valbona-HOXHA-10x12.jpg 10w\" sizes=\"(max-width: 285px) 100vw, 285px\" \/>\t\t\t\t\t\t\t\t\t\t\t\t\t\t\t<\/div>\n\t\t\t\t<\/div>\n\t\t\t\t<div class=\"elementor-element elementor-element-e93abdb elementor-widget-divider--view-line_text elementor-widget-divider--element-align-center elementor-widget elementor-widget-divider\" data-id=\"e93abdb\" data-element_type=\"widget\" data-e-type=\"widget\" data-widget_type=\"divider.default\">\n\t\t\t\t<div class=\"elementor-widget-container\">\n\t\t\t\t\t\t\t<div class=\"elementor-divider\">\n\t\t\t<span class=\"elementor-divider-separator\">\n\t\t\t\t\t\t\t<h2 class=\"elementor-divider__text elementor-divider__element\">\n\t\t\t\tEdukimi\t\t\t\t<\/h2>\n\t\t\t\t\t\t<\/span>\n\t\t<\/div>\n\t\t\t\t\t\t<\/div>\n\t\t\t\t<\/div>\n\t\t\t\t<div class=\"elementor-element elementor-element-bf80871 elementor-widget elementor-widget-text-editor\" data-id=\"bf80871\" data-element_type=\"widget\" data-e-type=\"widget\" data-widget_type=\"text-editor.default\">\n\t\t\t\t<div class=\"elementor-widget-container\">\n\t\t\t\t\t\t\t\t\t<p><strong>Shtator 2023, Titulli <\/strong><strong>Akademi<\/strong><strong>k \u201c<\/strong><strong>Profesor i Asociuar\u201d<\/strong><\/p><p><strong>Dhjetor 2014<\/strong>, <strong>Grada Shkencore &#8220;Doktor&#8221;<\/strong><\/p><p><strong>Tetor<\/strong> <strong>2010 \u2013 Dhjetor 2014 <\/strong>Pun\u00eb shkencore p\u00ebr marrjen e grad\u00ebs shkencore Doktor me tem\u00eb:<\/p><p>\u00a0&#8220;Studimi i cil\u00ebsis\u00eb s\u00eb ajrit duke u nisur\u00a0 nga shkarkimi i l\u00ebnd\u00ebve ozonholluese\u00a0 n\u00eb qytetet kryesore t\u00eb Shqip\u00ebris\u00eb&#8221;, Programi \u2033Analiza kimike e l\u00ebnd\u00ebs dhe mjedisit\u2033, Fakulteti i Shkencave Natyrore, Universiteti i Tiranes<\/p><p><strong>2003- 2006, Master n\u00eb Kimi &#8211; <\/strong>Ndjekja e shkoll\u00ebs pasuniversitare n\u00eb programin\u00a0 \u2033Analiza Kimike dhe P\u00ebrcaktimi i Struktur\u00ebs Molekulare me Metoda Instrumentale \u2033.<\/p><p>Punimi i tem\u00ebs\u2033 Fund\u00ebrrimi i\u00a0 Arsenikut Me Metodat Kimike Nga Solucionet Arseniakale n\u00eb Uzin\u00ebn e Plehrave\u00a0\u00a0\u00a0\u00a0\u00a0 Kimike, Fier\u00a0 \u2033, Fakulteti i Shkencave Natyrore, Universiteti i Tiran\u00ebs<\/p><p><strong>1997 \u2013 2002\u00a0 &#8211; Kimist i p\u00ebrgjithsh\u00ebm, <\/strong>Fakulteti i Shkencave Natyrore, Universiteti i Tiran\u00ebs.<\/p><p><strong>1992 \u2013 1996\u00a0 &#8211; <\/strong>Shkolla\u00a0 e Mesme e P\u00ebrgjith\u00ebshme Janaq Kilica, Fier<\/p>\t\t\t\t\t\t\t\t<\/div>\n\t\t\t\t<\/div>\n\t\t\t\t<div class=\"elementor-element elementor-element-6bd67f2 elementor-widget-divider--view-line_text elementor-widget-divider--element-align-center elementor-widget elementor-widget-divider\" data-id=\"6bd67f2\" data-element_type=\"widget\" data-e-type=\"widget\" data-widget_type=\"divider.default\">\n\t\t\t\t<div class=\"elementor-widget-container\">\n\t\t\t\t\t\t\t<div class=\"elementor-divider\">\n\t\t\t<span class=\"elementor-divider-separator\">\n\t\t\t\t\t\t\t<h2 class=\"elementor-divider__text elementor-divider__element\">\n\t\t\t\tPun\u00ebsimi dhe funksione akademike\t\t\t\t<\/h2>\n\t\t\t\t\t\t<\/span>\n\t\t<\/div>\n\t\t\t\t\t\t<\/div>\n\t\t\t\t<\/div>\n\t\t\t\t<div class=\"elementor-element elementor-element-0f1ea44 elementor-widget elementor-widget-text-editor\" data-id=\"0f1ea44\" data-element_type=\"widget\" data-e-type=\"widget\" data-widget_type=\"text-editor.default\">\n\t\t\t\t<div class=\"elementor-widget-container\">\n\t\t\t\t\t\t\t\t\t<p><strong>Janar 2009 e ne vazhdim<\/strong><strong>:<\/strong> Lektor pran\u00eb Departamentit t\u00eb\u00a0 Kimis\u00eb, Fakulteti i Inxhinieris\u00eb Matematike dhe Inxhinieris\u00eb Fizike, Universiteti Politeknik i Tiran\u00ebs<\/p><p>L\u00ebnd\u00ebt Kimi e P\u00ebrgjith\u00ebshme dhe Kimi Inorganike.<\/p><p><strong>Qershor 2003 \u2013 Dhjetor 2008: <\/strong>Asistente &#8211; Nj\u00ebsia Komb\u00ebtare t\u00eb Ozonit dhe Implementimit t\u00eb Projekteve Ministria e Mjedisit.\u00a0 (Organizimi i seminareve komb\u00ebtare dhe nd\u00ebrkomb\u00ebtare, koordinimi i tyre, etj)<\/p><p><strong>Korrik 2002 \u2013 QERSHOR 2003: <\/strong>Kimiste Analiste &#8211; Laboratori Analitik,Prodentalfarma sh.p.k (Analiza cil\u00ebsore &#8211; Spektrofotomet\u00ebr Infra t\u00eb Kuqe, Kromatografi n\u00eb Shtres\u00eb\u00a0 t\u00eb holl\u00eb,\u00a0 dhe Analiza sasiore\u00a0 V\u00ebllimetri, Spektrofotomet\u00ebr UV \u2013 VIS, HPLC )<\/p>\t\t\t\t\t\t\t\t<\/div>\n\t\t\t\t<\/div>\n\t\t\t\t<div class=\"elementor-element elementor-element-c287e0a elementor-widget-divider--view-line_text elementor-widget-divider--element-align-center elementor-widget elementor-widget-divider\" data-id=\"c287e0a\" data-element_type=\"widget\" data-e-type=\"widget\" data-widget_type=\"divider.default\">\n\t\t\t\t<div class=\"elementor-widget-container\">\n\t\t\t\t\t\t\t<div class=\"elementor-divider\">\n\t\t\t<span class=\"elementor-divider-separator\">\n\t\t\t\t\t\t\t<h2 class=\"elementor-divider__text elementor-divider__element\">\n\t\t\t\tAktiviteti shkencor\t\t\t\t<\/h2>\n\t\t\t\t\t\t<\/span>\n\t\t<\/div>\n\t\t\t\t\t\t<\/div>\n\t\t\t\t<\/div>\n\t\t\t\t<div class=\"elementor-element elementor-element-1af26d8 elementor-widget elementor-widget-text-editor\" data-id=\"1af26d8\" data-element_type=\"widget\" data-e-type=\"widget\" data-widget_type=\"text-editor.default\">\n\t\t\t\t<div class=\"elementor-widget-container\">\n\t\t\t\t\t\t\t\t\t<p>Prof. Asoc Valbona HOXHA e ka zhvilluar veprimtarin\u00eb e vet k\u00ebrkimore shkencore kryesisht n\u00eb fush\u00ebn e kimis\u00eb t\u00eb mjedisit, ve\u00e7an\u00ebrisht n\u00eb monitorimin e cil\u00ebsis\u00eb s\u00eb ajrit, dhe cil\u00ebsis\u00eb s\u00eb uj\u00ebrave sip\u00ebrfaqesor\u00eb. Ajo \u00ebsht\u00eb autore e 16 artikujve t\u00eb botuar n\u00eb revista shkencore brenda dhe jasht\u00eb vendit, si dhe ka prezantuar punimet e saj n\u00eb m\u00eb shum\u00eb se 20 Konferenca Komb\u00ebtare dhe Nd\u00ebrkomb\u00ebtare. Ajo \u00ebsht\u00eb gjithashtu bashkautore n\u00eb tekstin e Kimis\u00eb s\u00eb P\u00ebrgjith\u00ebshme p\u00ebr student\u00ebt e deg\u00ebve inxhinierike<\/p><p>Prof.Asoc. Valbona Hoxha \u00a0ka qen\u00eb an\u00ebtare n\u00eb dy projekte: \u201cFuqizimi i infrastruktur\u00ebs s\u00eb k\u00ebrkimit shkencor n\u00eb Departamentin e Kimis\u00eb, FIMIF-UPT, si nj\u00eb domosdoshm\u00ebri p\u00ebr arritjen e standadeve n\u00eb m\u00ebsimdh\u00ebnie dhe k\u00ebrkim shkencor\u201d financuar nga AKKSH (Gusht 2022-Gusht 2023) dhe &#8220;Vler\u00ebsimi i cil\u00ebsis\u00eb s\u00eb ujit t\u00eb lumit Erzen n\u00eb Shqip\u00ebri dhe ndikimi i zhvillimeve ekonomike aty&#8221;\u00a0 realizuar nga Departamenti i Kimis\u00eb, FIMIF-UPT n\u00eb bashk\u00ebpunim me Universitin e Burimeve Natyrore dhe Shkencave Jet\u00ebsore, Vien\u00eb.(Shtator 2013 \u2013 Maj 2014)<\/p><p>Prof.Asoc. Valbona Hoxha\u00a0 \u00ebsht\u00eb an\u00ebtare e Shoqat\u00ebs Nd\u00ebrkomb\u00ebtare t\u00eb Inxhinierave dhe an\u00ebtare e \u00a0Bordi Editorial ne revist\u00ebn shkencore \u201c<strong><em>International Journal of Environmental<\/em><\/strong> <strong><em>Monitoring and Analysis\u201d (IJEMA); <\/em><\/strong>ISSN Print: 2328-7659; ISSN Online: 2328-7667; <a href=\"https:\/\/www.sciencepg.com\/j\/ijema\" target=\"_blank\" rel=\"noopener\">https:\/\/www.sciencepg.com\/j\/ijema<\/a><\/p>\t\t\t\t\t\t\t\t<\/div>\n\t\t\t\t<\/div>\n\t\t\t\t<\/div>\n\t\t\t\t\t<\/div>\n\t\t\t\t<\/div>\n\t\t\t\t<\/div>","protected":false},"excerpt":{"rendered":"<p>Edukimi Shtator 2023, Titulli Akademik \u201cProfesor i Asociuar\u201d Dhjetor 2014, Grada Shkencore &#8220;Doktor&#8221; Tetor 2010 \u2013 Dhjetor 2014 Pun\u00eb shkencore p\u00ebr marrjen e grad\u00ebs shkencore Doktor me tem\u00eb: \u00a0&#8220;Studimi i cil\u00ebsis\u00eb s\u00eb ajrit duke u nisur\u00a0 nga shkarkimi i l\u00ebnd\u00ebve ozonholluese\u00a0 n\u00eb qytetet kryesore t\u00eb Shqip\u00ebris\u00eb&#8221;, Programi \u2033Analiza kimike e l\u00ebnd\u00ebs dhe mjedisit\u2033, Fakulteti i [&hellip;]<\/p>\n","protected":false},"author":1,"featured_media":0,"parent":5003,"menu_order":0,"comment_status":"closed","ping_status":"closed","template":"","meta":{"footnotes":""},"class_list":["post-3677","page","type-page","status-publish","hentry"],"yoast_head":"<!-- This site is optimized with the Yoast SEO plugin v27.4 - https:\/\/yoast.com\/product\/yoast-seo-wordpress\/ -->\n<title>CV Valbona HOXHA - Fakulteti i Inxhinieris\u00eb Matematike dhe Inxhinieris\u00eb Fizike<\/title>\n<meta name=\"robots\" content=\"index, follow, max-snippet:-1, max-image-preview:large, max-video-preview:-1\" \/>\n<link rel=\"canonical\" href=\"https:\/\/fimif.edu.al\/en\/departamentet\/departamenti-i-inxhinierise-kimike\/grupi-mesimor-kerkimor-kimi\/cv-valbona-hoxha\/\" \/>\n<meta property=\"og:locale\" content=\"en_GB\" \/>\n<meta property=\"og:type\" content=\"article\" \/>\n<meta property=\"og:title\" content=\"CV Valbona HOXHA - Fakulteti i Inxhinieris\u00eb Matematike dhe Inxhinieris\u00eb Fizike\" \/>\n<meta property=\"og:description\" content=\"Edukimi Shtator 2023, Titulli Akademik \u201cProfesor i Asociuar\u201d Dhjetor 2014, Grada Shkencore &#8220;Doktor&#8221; Tetor 2010 \u2013 Dhjetor 2014 Pun\u00eb shkencore p\u00ebr marrjen e grad\u00ebs shkencore Doktor me tem\u00eb: \u00a0&#8220;Studimi i cil\u00ebsis\u00eb s\u00eb ajrit duke u nisur\u00a0 nga shkarkimi i l\u00ebnd\u00ebve ozonholluese\u00a0 n\u00eb qytetet kryesore t\u00eb Shqip\u00ebris\u00eb&#8221;, Programi \u2033Analiza kimike e l\u00ebnd\u00ebs dhe mjedisit\u2033, Fakulteti i [&hellip;]\" \/>\n<meta property=\"og:url\" content=\"https:\/\/fimif.edu.al\/en\/departamentet\/departamenti-i-inxhinierise-kimike\/grupi-mesimor-kerkimor-kimi\/cv-valbona-hoxha\/\" \/>\n<meta property=\"og:site_name\" content=\"Fakulteti i Inxhinieris\u00eb Matematike dhe Inxhinieris\u00eb Fizike\" \/>\n<meta property=\"article:publisher\" content=\"https:\/\/www.facebook.com\/p\/Departamenti-i-Inxhinierise-Matematike-FIMIF-UPT-100077435994252\/\" \/>\n<meta property=\"article:modified_time\" content=\"2025-01-14T16:35:05+00:00\" \/>\n<meta property=\"og:image\" content=\"https:\/\/fimif.edu.al\/wp-content\/uploads\/2024\/10\/Valbona-HOXHA.jpg\" \/>\n\t<meta property=\"og:image:width\" content=\"285\" \/>\n\t<meta property=\"og:image:height\" content=\"331\" \/>\n\t<meta property=\"og:image:type\" content=\"image\/jpeg\" \/>\n<meta name=\"twitter:card\" content=\"summary_large_image\" \/>\n<meta name=\"twitter:label1\" content=\"Estimated reading time\" \/>\n\t<meta name=\"twitter:data1\" content=\"2 minutes\" \/>\n<script type=\"application\/ld+json\" class=\"yoast-schema-graph\">{\"@context\":\"https:\\\/\\\/schema.org\",\"@graph\":[{\"@type\":\"WebPage\",\"@id\":\"https:\\\/\\\/fimif.edu.al\\\/departamentet\\\/departamenti-i-inxhinierise-kimike\\\/grupi-mesimor-kerkimor-kimi\\\/cv-valbona-hoxha\\\/\",\"url\":\"https:\\\/\\\/fimif.edu.al\\\/departamentet\\\/departamenti-i-inxhinierise-kimike\\\/grupi-mesimor-kerkimor-kimi\\\/cv-valbona-hoxha\\\/\",\"name\":\"CV Valbona HOXHA - Fakulteti i Inxhinieris\u00eb Matematike dhe Inxhinieris\u00eb Fizike\",\"isPartOf\":{\"@id\":\"https:\\\/\\\/fimif.edu.al\\\/#website\"},\"primaryImageOfPage\":{\"@id\":\"https:\\\/\\\/fimif.edu.al\\\/departamentet\\\/departamenti-i-inxhinierise-kimike\\\/grupi-mesimor-kerkimor-kimi\\\/cv-valbona-hoxha\\\/#primaryimage\"},\"image\":{\"@id\":\"https:\\\/\\\/fimif.edu.al\\\/departamentet\\\/departamenti-i-inxhinierise-kimike\\\/grupi-mesimor-kerkimor-kimi\\\/cv-valbona-hoxha\\\/#primaryimage\"},\"thumbnailUrl\":\"https:\\\/\\\/fimif.edu.al\\\/wp-content\\\/uploads\\\/2024\\\/10\\\/Valbona-HOXHA.jpg\",\"datePublished\":\"2024-10-10T13:58:18+00:00\",\"dateModified\":\"2025-01-14T16:35:05+00:00\",\"breadcrumb\":{\"@id\":\"https:\\\/\\\/fimif.edu.al\\\/departamentet\\\/departamenti-i-inxhinierise-kimike\\\/grupi-mesimor-kerkimor-kimi\\\/cv-valbona-hoxha\\\/#breadcrumb\"},\"inLanguage\":\"en-GB\",\"potentialAction\":[{\"@type\":\"ReadAction\",\"target\":[\"https:\\\/\\\/fimif.edu.al\\\/departamentet\\\/departamenti-i-inxhinierise-kimike\\\/grupi-mesimor-kerkimor-kimi\\\/cv-valbona-hoxha\\\/\"]}]},{\"@type\":\"ImageObject\",\"inLanguage\":\"en-GB\",\"@id\":\"https:\\\/\\\/fimif.edu.al\\\/departamentet\\\/departamenti-i-inxhinierise-kimike\\\/grupi-mesimor-kerkimor-kimi\\\/cv-valbona-hoxha\\\/#primaryimage\",\"url\":\"https:\\\/\\\/fimif.edu.al\\\/wp-content\\\/uploads\\\/2024\\\/10\\\/Valbona-HOXHA.jpg\",\"contentUrl\":\"https:\\\/\\\/fimif.edu.al\\\/wp-content\\\/uploads\\\/2024\\\/10\\\/Valbona-HOXHA.jpg\"},{\"@type\":\"BreadcrumbList\",\"@id\":\"https:\\\/\\\/fimif.edu.al\\\/departamentet\\\/departamenti-i-inxhinierise-kimike\\\/grupi-mesimor-kerkimor-kimi\\\/cv-valbona-hoxha\\\/#breadcrumb\",\"itemListElement\":[{\"@type\":\"ListItem\",\"position\":1,\"name\":\"Home\",\"item\":\"https:\\\/\\\/fimif.edu.al\\\/\"},{\"@type\":\"ListItem\",\"position\":2,\"name\":\"Departamentet\",\"item\":\"https:\\\/\\\/fimif.edu.al\\\/departamentet\\\/\"},{\"@type\":\"ListItem\",\"position\":3,\"name\":\"Departamenti i Inxhinierise Kimike\",\"item\":\"https:\\\/\\\/fimif.edu.al\\\/departamentet\\\/departamenti-i-inxhinierise-kimike\\\/\"},{\"@type\":\"ListItem\",\"position\":4,\"name\":\"Grupi M\u00ebsimor K\u00ebrkimor Kimi\",\"item\":\"https:\\\/\\\/fimif.edu.al\\\/departamentet\\\/departamenti-i-inxhinierise-kimike\\\/grupi-mesimor-kerkimor-kimi\\\/\"},{\"@type\":\"ListItem\",\"position\":5,\"name\":\"CV Valbona HOXHA\"}]},{\"@type\":\"WebSite\",\"@id\":\"https:\\\/\\\/fimif.edu.al\\\/#website\",\"url\":\"https:\\\/\\\/fimif.edu.al\\\/\",\"name\":\"Fakulteti i Inxhinieris\u00eb Matematike dhe Inxhinieris\u00eb Fizike\",\"description\":\"FIMIF, UPT Tirane\",\"publisher\":{\"@id\":\"https:\\\/\\\/fimif.edu.al\\\/#organization\"},\"potentialAction\":[{\"@type\":\"SearchAction\",\"target\":{\"@type\":\"EntryPoint\",\"urlTemplate\":\"https:\\\/\\\/fimif.edu.al\\\/?s={search_term_string}\"},\"query-input\":{\"@type\":\"PropertyValueSpecification\",\"valueRequired\":true,\"valueName\":\"search_term_string\"}}],\"inLanguage\":\"en-GB\"},{\"@type\":\"Organization\",\"@id\":\"https:\\\/\\\/fimif.edu.al\\\/#organization\",\"name\":\"Fakulteti i Inxhinieris\u00eb Matematike dhe Inxhinieris\u00eb Fizike\",\"url\":\"https:\\\/\\\/fimif.edu.al\\\/\",\"logo\":{\"@type\":\"ImageObject\",\"inLanguage\":\"en-GB\",\"@id\":\"https:\\\/\\\/fimif.edu.al\\\/#\\\/schema\\\/logo\\\/image\\\/\",\"url\":\"https:\\\/\\\/fimif.edu.al\\\/wp-content\\\/uploads\\\/2024\\\/10\\\/Fimif-Logo.svg\",\"contentUrl\":\"https:\\\/\\\/fimif.edu.al\\\/wp-content\\\/uploads\\\/2024\\\/10\\\/Fimif-Logo.svg\",\"width\":653,\"height\":219,\"caption\":\"Fakulteti i Inxhinieris\u00eb Matematike dhe Inxhinieris\u00eb Fizike\"},\"image\":{\"@id\":\"https:\\\/\\\/fimif.edu.al\\\/#\\\/schema\\\/logo\\\/image\\\/\"},\"sameAs\":[\"https:\\\/\\\/www.facebook.com\\\/p\\\/Departamenti-i-Inxhinierise-Matematike-FIMIF-UPT-100077435994252\\\/\"]}]}<\/script>\n<!-- \/ Yoast SEO plugin. -->","yoast_head_json":{"title":"CV Valbona HOXHA - Fakulteti i Inxhinieris\u00eb Matematike dhe Inxhinieris\u00eb Fizike","robots":{"index":"index","follow":"follow","max-snippet":"max-snippet:-1","max-image-preview":"max-image-preview:large","max-video-preview":"max-video-preview:-1"},"canonical":"https:\/\/fimif.edu.al\/en\/departamentet\/departamenti-i-inxhinierise-kimike\/grupi-mesimor-kerkimor-kimi\/cv-valbona-hoxha\/","og_locale":"en_GB","og_type":"article","og_title":"CV Valbona HOXHA - Fakulteti i Inxhinieris\u00eb Matematike dhe Inxhinieris\u00eb Fizike","og_description":"Edukimi Shtator 2023, Titulli Akademik \u201cProfesor i Asociuar\u201d Dhjetor 2014, Grada Shkencore &#8220;Doktor&#8221; Tetor 2010 \u2013 Dhjetor 2014 Pun\u00eb shkencore p\u00ebr marrjen e grad\u00ebs shkencore Doktor me tem\u00eb: \u00a0&#8220;Studimi i cil\u00ebsis\u00eb s\u00eb ajrit duke u nisur\u00a0 nga shkarkimi i l\u00ebnd\u00ebve ozonholluese\u00a0 n\u00eb qytetet kryesore t\u00eb Shqip\u00ebris\u00eb&#8221;, Programi \u2033Analiza kimike e l\u00ebnd\u00ebs dhe mjedisit\u2033, Fakulteti i [&hellip;]","og_url":"https:\/\/fimif.edu.al\/en\/departamentet\/departamenti-i-inxhinierise-kimike\/grupi-mesimor-kerkimor-kimi\/cv-valbona-hoxha\/","og_site_name":"Fakulteti i Inxhinieris\u00eb Matematike dhe Inxhinieris\u00eb Fizike","article_publisher":"https:\/\/www.facebook.com\/p\/Departamenti-i-Inxhinierise-Matematike-FIMIF-UPT-100077435994252\/","article_modified_time":"2025-01-14T16:35:05+00:00","og_image":[{"width":285,"height":331,"url":"https:\/\/fimif.edu.al\/wp-content\/uploads\/2024\/10\/Valbona-HOXHA.jpg","type":"image\/jpeg"}],"twitter_card":"summary_large_image","twitter_misc":{"Estimated reading time":"2 minutes"},"schema":{"@context":"https:\/\/schema.org","@graph":[{"@type":"WebPage","@id":"https:\/\/fimif.edu.al\/departamentet\/departamenti-i-inxhinierise-kimike\/grupi-mesimor-kerkimor-kimi\/cv-valbona-hoxha\/","url":"https:\/\/fimif.edu.al\/departamentet\/departamenti-i-inxhinierise-kimike\/grupi-mesimor-kerkimor-kimi\/cv-valbona-hoxha\/","name":"CV Valbona HOXHA - Fakulteti i Inxhinieris\u00eb Matematike dhe Inxhinieris\u00eb Fizike","isPartOf":{"@id":"https:\/\/fimif.edu.al\/#website"},"primaryImageOfPage":{"@id":"https:\/\/fimif.edu.al\/departamentet\/departamenti-i-inxhinierise-kimike\/grupi-mesimor-kerkimor-kimi\/cv-valbona-hoxha\/#primaryimage"},"image":{"@id":"https:\/\/fimif.edu.al\/departamentet\/departamenti-i-inxhinierise-kimike\/grupi-mesimor-kerkimor-kimi\/cv-valbona-hoxha\/#primaryimage"},"thumbnailUrl":"https:\/\/fimif.edu.al\/wp-content\/uploads\/2024\/10\/Valbona-HOXHA.jpg","datePublished":"2024-10-10T13:58:18+00:00","dateModified":"2025-01-14T16:35:05+00:00","breadcrumb":{"@id":"https:\/\/fimif.edu.al\/departamentet\/departamenti-i-inxhinierise-kimike\/grupi-mesimor-kerkimor-kimi\/cv-valbona-hoxha\/#breadcrumb"},"inLanguage":"en-GB","potentialAction":[{"@type":"ReadAction","target":["https:\/\/fimif.edu.al\/departamentet\/departamenti-i-inxhinierise-kimike\/grupi-mesimor-kerkimor-kimi\/cv-valbona-hoxha\/"]}]},{"@type":"ImageObject","inLanguage":"en-GB","@id":"https:\/\/fimif.edu.al\/departamentet\/departamenti-i-inxhinierise-kimike\/grupi-mesimor-kerkimor-kimi\/cv-valbona-hoxha\/#primaryimage","url":"https:\/\/fimif.edu.al\/wp-content\/uploads\/2024\/10\/Valbona-HOXHA.jpg","contentUrl":"https:\/\/fimif.edu.al\/wp-content\/uploads\/2024\/10\/Valbona-HOXHA.jpg"},{"@type":"BreadcrumbList","@id":"https:\/\/fimif.edu.al\/departamentet\/departamenti-i-inxhinierise-kimike\/grupi-mesimor-kerkimor-kimi\/cv-valbona-hoxha\/#breadcrumb","itemListElement":[{"@type":"ListItem","position":1,"name":"Home","item":"https:\/\/fimif.edu.al\/"},{"@type":"ListItem","position":2,"name":"Departamentet","item":"https:\/\/fimif.edu.al\/departamentet\/"},{"@type":"ListItem","position":3,"name":"Departamenti i Inxhinierise Kimike","item":"https:\/\/fimif.edu.al\/departamentet\/departamenti-i-inxhinierise-kimike\/"},{"@type":"ListItem","position":4,"name":"Grupi M\u00ebsimor K\u00ebrkimor Kimi","item":"https:\/\/fimif.edu.al\/departamentet\/departamenti-i-inxhinierise-kimike\/grupi-mesimor-kerkimor-kimi\/"},{"@type":"ListItem","position":5,"name":"CV Valbona HOXHA"}]},{"@type":"WebSite","@id":"https:\/\/fimif.edu.al\/#website","url":"https:\/\/fimif.edu.al\/","name":"Fakulteti i Inxhinieris\u00eb Matematike dhe Inxhinieris\u00eb Fizike","description":"FIMIF, UPT Tirane","publisher":{"@id":"https:\/\/fimif.edu.al\/#organization"},"potentialAction":[{"@type":"SearchAction","target":{"@type":"EntryPoint","urlTemplate":"https:\/\/fimif.edu.al\/?s={search_term_string}"},"query-input":{"@type":"PropertyValueSpecification","valueRequired":true,"valueName":"search_term_string"}}],"inLanguage":"en-GB"},{"@type":"Organization","@id":"https:\/\/fimif.edu.al\/#organization","name":"Fakulteti i Inxhinieris\u00eb Matematike dhe Inxhinieris\u00eb Fizike","url":"https:\/\/fimif.edu.al\/","logo":{"@type":"ImageObject","inLanguage":"en-GB","@id":"https:\/\/fimif.edu.al\/#\/schema\/logo\/image\/","url":"https:\/\/fimif.edu.al\/wp-content\/uploads\/2024\/10\/Fimif-Logo.svg","contentUrl":"https:\/\/fimif.edu.al\/wp-content\/uploads\/2024\/10\/Fimif-Logo.svg","width":653,"height":219,"caption":"Fakulteti i Inxhinieris\u00eb Matematike dhe Inxhinieris\u00eb Fizike"},"image":{"@id":"https:\/\/fimif.edu.al\/#\/schema\/logo\/image\/"},"sameAs":["https:\/\/www.facebook.com\/p\/Departamenti-i-Inxhinierise-Matematike-FIMIF-UPT-100077435994252\/"]}]}},"_links":{"self":[{"href":"https:\/\/fimif.edu.al\/en\/wp-json\/wp\/v2\/pages\/3677","targetHints":{"allow":["GET"]}}],"collection":[{"href":"https:\/\/fimif.edu.al\/en\/wp-json\/wp\/v2\/pages"}],"about":[{"href":"https:\/\/fimif.edu.al\/en\/wp-json\/wp\/v2\/types\/page"}],"author":[{"embeddable":true,"href":"https:\/\/fimif.edu.al\/en\/wp-json\/wp\/v2\/users\/1"}],"replies":[{"embeddable":true,"href":"https:\/\/fimif.edu.al\/en\/wp-json\/wp\/v2\/comments?post=3677"}],"version-history":[{"count":12,"href":"https:\/\/fimif.edu.al\/en\/wp-json\/wp\/v2\/pages\/3677\/revisions"}],"predecessor-version":[{"id":6022,"href":"https:\/\/fimif.edu.al\/en\/wp-json\/wp\/v2\/pages\/3677\/revisions\/6022"}],"up":[{"embeddable":true,"href":"https:\/\/fimif.edu.al\/en\/wp-json\/wp\/v2\/pages\/5003"}],"wp:attachment":[{"href":"https:\/\/fimif.edu.al\/en\/wp-json\/wp\/v2\/media?parent=3677"}],"curies":[{"name":"wp","href":"https:\/\/api.w.org\/{rel}","templated":true}]}}