{"id":3695,"date":"2024-10-11T09:31:22","date_gmt":"2024-10-11T07:31:22","guid":{"rendered":"https:\/\/fimif.farmaciferati.al\/?page_id=3695"},"modified":"2025-01-10T16:27:28","modified_gmt":"2025-01-10T15:27:28","slug":"cv-anjeza-brahja","status":"publish","type":"page","link":"https:\/\/fimif.edu.al\/en\/departamentet\/qendra-e-gjuheve-te-huaja\/grupi-mesimor-kerkimor-qendra-e-gjuheve-te-huaja\/gjuhe-angleze\/cv-anjeza-brahja\/","title":{"rendered":"CV Anjeza BRAHJA"},"content":{"rendered":"<div data-elementor-type=\"wp-page\" data-elementor-id=\"3695\" class=\"elementor elementor-3695\" data-elementor-post-type=\"page\">\n\t\t\t\t<div class=\"elementor-element elementor-element-1087fc3 e-con-full e-flex e-con e-parent\" data-id=\"1087fc3\" data-element_type=\"container\" data-e-type=\"container\">\n\t\t\t\t<div class=\"elementor-element elementor-element-d65b559 elementor-widget elementor-widget-template\" data-id=\"d65b559\" data-element_type=\"widget\" data-e-type=\"widget\" data-widget_type=\"template.default\">\n\t\t\t\t<div class=\"elementor-widget-container\">\n\t\t\t\t\t\t\t<div class=\"elementor-template\">\n\t\t\t\t\t<div data-elementor-type=\"container\" data-elementor-id=\"3550\" class=\"elementor elementor-3550\" data-elementor-post-type=\"elementor_library\">\n\t\t\t\t<div class=\"elementor-element elementor-element-9293d27 e-flex e-con-boxed e-con e-parent\" data-id=\"9293d27\" data-element_type=\"container\" data-e-type=\"container\" data-settings=\"{&quot;background_background&quot;:&quot;classic&quot;}\">\n\t\t\t\t\t<div class=\"e-con-inner\">\n\t\t\t\t\t<\/div>\n\t\t\t\t<\/div>\n\t\t\t\t<\/div>\n\t\t\t\t<\/div>\n\t\t\t\t\t\t<\/div>\n\t\t\t\t<\/div>\n\t\t\t\t<\/div>\n\t\t<div class=\"elementor-element elementor-element-3f13a8e e-flex e-con-boxed e-con e-parent\" data-id=\"3f13a8e\" data-element_type=\"container\" data-e-type=\"container\">\n\t\t\t\t\t<div class=\"e-con-inner\">\n\t\t<div class=\"elementor-element elementor-element-cf78097 e-con-full e-flex e-con e-child\" data-id=\"cf78097\" data-element_type=\"container\" data-e-type=\"container\" data-settings=\"{&quot;background_background&quot;:&quot;classic&quot;}\">\n\t\t\t\t<div class=\"elementor-element elementor-element-9e84369 elementor-widget elementor-widget-image\" data-id=\"9e84369\" data-element_type=\"widget\" data-e-type=\"widget\" data-widget_type=\"image.default\">\n\t\t\t\t<div class=\"elementor-widget-container\">\n\t\t\t\t\t\t\t\t\t\t\t\t\t\t\t<img fetchpriority=\"high\" decoding=\"async\" width=\"1024\" height=\"1280\" src=\"https:\/\/fimif.edu.al\/wp-content\/uploads\/2024\/10\/Anjeza-BRAHJA.jpg\" class=\"attachment-full size-full wp-image-3705\" alt=\"\" srcset=\"https:\/\/fimif.edu.al\/wp-content\/uploads\/2024\/10\/Anjeza-BRAHJA.jpg 1024w, https:\/\/fimif.edu.al\/wp-content\/uploads\/2024\/10\/Anjeza-BRAHJA-240x300.jpg 240w, https:\/\/fimif.edu.al\/wp-content\/uploads\/2024\/10\/Anjeza-BRAHJA-819x1024.jpg 819w, https:\/\/fimif.edu.al\/wp-content\/uploads\/2024\/10\/Anjeza-BRAHJA-768x960.jpg 768w, https:\/\/fimif.edu.al\/wp-content\/uploads\/2024\/10\/Anjeza-BRAHJA-10x12.jpg 10w\" sizes=\"(max-width: 1024px) 100vw, 1024px\" \/>\t\t\t\t\t\t\t\t\t\t\t\t\t\t\t<\/div>\n\t\t\t\t<\/div>\n\t\t\t\t<div class=\"elementor-element elementor-element-e93abdb elementor-widget-divider--view-line_text elementor-widget-divider--element-align-center elementor-widget elementor-widget-divider\" data-id=\"e93abdb\" data-element_type=\"widget\" data-e-type=\"widget\" data-widget_type=\"divider.default\">\n\t\t\t\t<div class=\"elementor-widget-container\">\n\t\t\t\t\t\t\t<div class=\"elementor-divider\">\n\t\t\t<span class=\"elementor-divider-separator\">\n\t\t\t\t\t\t\t<h2 class=\"elementor-divider__text elementor-divider__element\">\n\t\t\t\tEdukimi\t\t\t\t<\/h2>\n\t\t\t\t\t\t<\/span>\n\t\t<\/div>\n\t\t\t\t\t\t<\/div>\n\t\t\t\t<\/div>\n\t\t\t\t<div class=\"elementor-element elementor-element-bf80871 elementor-widget elementor-widget-text-editor\" data-id=\"bf80871\" data-element_type=\"widget\" data-e-type=\"widget\" data-widget_type=\"text-editor.default\">\n\t\t\t\t<div class=\"elementor-widget-container\">\n\t\t\t\t\t\t\t\t\t<p>Anjeza BRAHJA lindur n\u00eb Tiran\u00eb m\u00eb 21.06.1980, \u00ebsht\u00eb diplomuar n\u00eb 2003 n\u00eb Universitetin e Tiran\u00ebs, Fakulteti i Gjuh\u00ebve t\u00eb Huaja, Departamenti i Gjuh\u00ebs Angleze, ku ka kryer studimet n\u00eb vitet 1999-2003.<\/p><p>Diploma: \u201cM\u00ebsimdh\u00ebnie e Gjuh\u00ebs Angleze\u201d, Specialiteti \u201cM\u00ebsuesi\u201d.<\/p><p>N\u00eb vitet 2009-2012 ndjek dhe p\u00ebrfundon studimet pasuniversitare Master i Nivelit t\u00eb Dyt\u00eb (MND), fusha Gjuh\u00ebsi, me drejtim Didaktik\u00eb, me tem\u00eb \u201cM\u00ebsimdh\u00ebnia dhe nx\u00ebnia e gjuh\u00ebs s\u00eb huaj bazuar n\u00eb detyra t\u00eb caktuara\u201d, Fakulteti i Gjuh\u00ebve t\u00eb Huaja, Departamenti i Gjuh\u00ebs Angleze, Universiteti i Tiran\u00ebs.<\/p><p>N\u00eb vitet 2012-2016 ndjek studimet e doktorat\u00ebs n\u00eb Universitetin e Tiran\u00ebs, Fakulteti i Gjuh\u00ebve t\u00eb Huaja, Departamenti i Gjuh\u00ebs Angleze dhe kryen mbrojtjen e grad\u00ebs shkencore \u201cDoktor\u201d n\u00eb Gjuh\u00ebsi m\u00eb 21.09.2016 me tem\u00eb: \u201cM\u00ebsimdh\u00ebnia dhe p\u00ebrvet\u00ebsimi nga student\u00ebt i fjalorit t\u00eb gjuh\u00ebs angleze p\u00ebr q\u00ebllime specifike\u201d.<\/p>\t\t\t\t\t\t\t\t<\/div>\n\t\t\t\t<\/div>\n\t\t\t\t<div class=\"elementor-element elementor-element-6bd67f2 elementor-widget-divider--view-line_text elementor-widget-divider--element-align-center elementor-widget elementor-widget-divider\" data-id=\"6bd67f2\" data-element_type=\"widget\" data-e-type=\"widget\" data-widget_type=\"divider.default\">\n\t\t\t\t<div class=\"elementor-widget-container\">\n\t\t\t\t\t\t\t<div class=\"elementor-divider\">\n\t\t\t<span class=\"elementor-divider-separator\">\n\t\t\t\t\t\t\t<h2 class=\"elementor-divider__text elementor-divider__element\">\n\t\t\t\tPun\u00ebsimi dhe funksione akademike\t\t\t\t<\/h2>\n\t\t\t\t\t\t<\/span>\n\t\t<\/div>\n\t\t\t\t\t\t<\/div>\n\t\t\t\t<\/div>\n\t\t\t\t<div class=\"elementor-element elementor-element-0f1ea44 elementor-widget elementor-widget-text-editor\" data-id=\"0f1ea44\" data-element_type=\"widget\" data-e-type=\"widget\" data-widget_type=\"text-editor.default\">\n\t\t\t\t<div class=\"elementor-widget-container\">\n\t\t\t\t\t\t\t\t\t<p>Pas diplomimit pun\u00ebsohet si lektore me koh\u00eb t\u00eb pjesshme e gjuh\u00ebs angleze n\u00eb fakultete t\u00eb ndryshme t\u00eb Universitetit t\u00eb Tiran\u00ebs (n\u00eb Fakultetin e Gjuh\u00ebve t\u00eb Huaja, n\u00eb Fakultetin Ekonomik, n\u00eb Fakultetin e Shkencave Sociale) deri m\u00eb 2012. Gjat\u00eb periudh\u00ebs 2009-2012 \u00ebsht\u00eb lektore m\u00eb koh\u00eb t\u00eb pjesshme n\u00eb Universitetin e Sporteve, n\u00eb Fakultetin e Shkencave t\u00eb L\u00ebvizjes.<\/p><p>Angazhohet n\u00eb p\u00ebrgatitjen e student\u00ebve p\u00ebr provimet \u201cCambridge\u201d prej 2017 n\u00eb London Language Institute.<\/p><p>Prej vitit 2018 e n\u00eb vijim \u00ebsht\u00eb lektore me koh\u00eb t\u00eb pjesshme e gjuh\u00ebs angleze n\u00eb <em>Universitetin<\/em> Katolik <em>&#8220;<\/em><em>Zoja e K\u00ebshillit t\u00eb Mir\u00eb<\/em><em>&#8220;<\/em> dhe nga viti 2022 n\u00eb institucionin e arsimit t\u00eb lart\u00eb \u201cAkademia Ivodent\u201d.<\/p><p>Gjat\u00eb periudh\u00ebs 2019-2020 punon si eksperte e jashtme p\u00ebrkthimi, fusha redaktim, n\u00eb materialet e p\u00ebrkthyera t\u00eb legjislacionit t\u00eb BE-s\u00eb n\u00eb Ministrin\u00eb e Integrimit.<\/p><p>N\u00eb tetor t\u00eb vitit 2011 em\u00ebrohet lektore m\u00eb koh\u00eb t\u00eb plot\u00eb n\u00eb Universitetin Politeknik t\u00eb Tiran\u00ebs, Fakulteti i Inxhinieris\u00eb Matematike dhe Inxhinieris\u00eb Fizike, Qendra e Gjuh\u00ebve t\u00eb Huaja, Gjuha Angleze.<\/p><p>Vijon t\u00eb jet\u00eb lektore e gjuh\u00ebs angleze n\u00eb Fakultetin e Nd\u00ebrtimit dhe n\u00eb Fakultetin e Arkitektur\u00ebs dhe Urbanistik\u00ebs, n\u00eb t\u00eb cilin \u00ebsht\u00eb edhe p\u00ebrgjegj\u00ebse.<\/p><p>N\u00eb vitin 2023 caktohet lektore e studimeve Master n\u00eb Fakultetin e Nd\u00ebrtimit n\u00eb l\u00ebnd\u00ebn e gjuh\u00ebs angleze p\u00ebr student\u00ebt francez\u00eb t\u00eb programeve t\u00eb shk\u00ebmbimit ESTP Franc\u00eb.<\/p><p>Prej vitit 2017 vazhdon t\u00eb jet\u00eb e angazhuar me verifikimin e certifikimeve dhe p\u00ebrcaktimin e nivelit t\u00eb mbrojtjes s\u00eb gjuh\u00ebs angleze t\u00eb student\u00ebve t\u00eb UPT-s\u00eb. E angazhuar n\u00eb interpretim dhe p\u00ebrkthim gjat\u00eb akreditimit t\u00eb UPT-s\u00eb, si edhe moderatore e aktiviteteve t\u00eb organizuara nga QGJH me Ambasad\u00ebn Japoneze n\u00eb rang Universiteti n\u00eb UPT. \u00a0\u00a0<\/p>\t\t\t\t\t\t\t\t<\/div>\n\t\t\t\t<\/div>\n\t\t\t\t<div class=\"elementor-element elementor-element-c287e0a elementor-widget-divider--view-line_text elementor-widget-divider--element-align-center elementor-widget elementor-widget-divider\" data-id=\"c287e0a\" data-element_type=\"widget\" data-e-type=\"widget\" data-widget_type=\"divider.default\">\n\t\t\t\t<div class=\"elementor-widget-container\">\n\t\t\t\t\t\t\t<div class=\"elementor-divider\">\n\t\t\t<span class=\"elementor-divider-separator\">\n\t\t\t\t\t\t\t<h2 class=\"elementor-divider__text elementor-divider__element\">\n\t\t\t\tAktiviteti shkencor\t\t\t\t<\/h2>\n\t\t\t\t\t\t<\/span>\n\t\t<\/div>\n\t\t\t\t\t\t<\/div>\n\t\t\t\t<\/div>\n\t\t\t\t<div class=\"elementor-element elementor-element-1af26d8 elementor-widget elementor-widget-text-editor\" data-id=\"1af26d8\" data-element_type=\"widget\" data-e-type=\"widget\" data-widget_type=\"text-editor.default\">\n\t\t\t\t<div class=\"elementor-widget-container\">\n\t\t\t\t\t\t\t\t\t<p>Ka nj\u00eb pjes\u00ebmarrje si autor i par\u00eb dhe bashk\u00ebautor n\u00eb mbi 20 konferenca shkencore komb\u00ebtare dhe nd\u00ebrkomb\u00ebtare, rreth 10 botime n\u00eb revista shkencore nd\u00ebrkomb\u00ebtare, pjes\u00ebmarrje n\u00eb shum\u00eb trajnime, seminare, webinare n\u00eb fush\u00ebn e m\u00ebsimdh\u00ebnies dhe jo vet\u00ebm, t\u00eb organizuara nga British Council, Cambridge University Press, UPT, UT, ELTA etj. E ftuar si trajnuese n\u00eb konferencat e organizuara nga ELTA dhe drejtuese seancash prezantimesh.<\/p><p><em>Fushat e k\u00ebrkimit:<\/em> Didaktik\u00eb, ESP, Gjuh\u00ebsi, P\u00ebrkthim. <\/p>\t\t\t\t\t\t\t\t<\/div>\n\t\t\t\t<\/div>\n\t\t\t\t<\/div>\n\t\t\t\t\t<\/div>\n\t\t\t\t<\/div>\n\t\t\t\t<\/div>","protected":false},"excerpt":{"rendered":"<p>Edukimi Anjeza BRAHJA lindur n\u00eb Tiran\u00eb m\u00eb 21.06.1980, \u00ebsht\u00eb diplomuar n\u00eb 2003 n\u00eb Universitetin e Tiran\u00ebs, Fakulteti i Gjuh\u00ebve t\u00eb Huaja, Departamenti i Gjuh\u00ebs Angleze, ku ka kryer studimet n\u00eb vitet 1999-2003. Diploma: \u201cM\u00ebsimdh\u00ebnie e Gjuh\u00ebs Angleze\u201d, Specialiteti \u201cM\u00ebsuesi\u201d. N\u00eb vitet 2009-2012 ndjek dhe p\u00ebrfundon studimet pasuniversitare Master i Nivelit t\u00eb Dyt\u00eb (MND), fusha Gjuh\u00ebsi, [&hellip;]<\/p>\n","protected":false},"author":1,"featured_media":0,"parent":5695,"menu_order":0,"comment_status":"closed","ping_status":"closed","template":"","meta":{"footnotes":""},"class_list":["post-3695","page","type-page","status-publish","hentry"],"yoast_head":"<!-- This site is optimized with the Yoast SEO plugin v27.4 - https:\/\/yoast.com\/product\/yoast-seo-wordpress\/ -->\n<title>CV Anjeza BRAHJA - Fakulteti i Inxhinieris\u00eb Matematike dhe Inxhinieris\u00eb Fizike<\/title>\n<meta name=\"robots\" content=\"index, follow, max-snippet:-1, max-image-preview:large, max-video-preview:-1\" \/>\n<link rel=\"canonical\" href=\"https:\/\/fimif.edu.al\/en\/departamentet\/qendra-e-gjuheve-te-huaja\/grupi-mesimor-kerkimor-qendra-e-gjuheve-te-huaja\/gjuhe-angleze\/cv-anjeza-brahja\/\" \/>\n<meta property=\"og:locale\" content=\"en_GB\" \/>\n<meta property=\"og:type\" content=\"article\" \/>\n<meta property=\"og:title\" content=\"CV Anjeza BRAHJA - Fakulteti i Inxhinieris\u00eb Matematike dhe Inxhinieris\u00eb Fizike\" \/>\n<meta property=\"og:description\" content=\"Edukimi Anjeza BRAHJA lindur n\u00eb Tiran\u00eb m\u00eb 21.06.1980, \u00ebsht\u00eb diplomuar n\u00eb 2003 n\u00eb Universitetin e Tiran\u00ebs, Fakulteti i Gjuh\u00ebve t\u00eb Huaja, Departamenti i Gjuh\u00ebs Angleze, ku ka kryer studimet n\u00eb vitet 1999-2003. Diploma: \u201cM\u00ebsimdh\u00ebnie e Gjuh\u00ebs Angleze\u201d, Specialiteti \u201cM\u00ebsuesi\u201d. N\u00eb vitet 2009-2012 ndjek dhe p\u00ebrfundon studimet pasuniversitare Master i Nivelit t\u00eb Dyt\u00eb (MND), fusha Gjuh\u00ebsi, [&hellip;]\" \/>\n<meta property=\"og:url\" content=\"https:\/\/fimif.edu.al\/en\/departamentet\/qendra-e-gjuheve-te-huaja\/grupi-mesimor-kerkimor-qendra-e-gjuheve-te-huaja\/gjuhe-angleze\/cv-anjeza-brahja\/\" \/>\n<meta property=\"og:site_name\" content=\"Fakulteti i Inxhinieris\u00eb Matematike dhe Inxhinieris\u00eb Fizike\" \/>\n<meta property=\"article:publisher\" content=\"https:\/\/www.facebook.com\/p\/Departamenti-i-Inxhinierise-Matematike-FIMIF-UPT-100077435994252\/\" \/>\n<meta property=\"article:modified_time\" content=\"2025-01-10T15:27:28+00:00\" \/>\n<meta property=\"og:image\" content=\"https:\/\/fimif.edu.al\/wp-content\/uploads\/2024\/10\/Anjeza-BRAHJA.jpg\" \/>\n<meta name=\"twitter:card\" content=\"summary_large_image\" \/>\n<meta name=\"twitter:label1\" content=\"Estimated reading time\" \/>\n\t<meta name=\"twitter:data1\" content=\"3 minutes\" \/>\n<script type=\"application\/ld+json\" class=\"yoast-schema-graph\">{\"@context\":\"https:\\\/\\\/schema.org\",\"@graph\":[{\"@type\":\"WebPage\",\"@id\":\"https:\\\/\\\/fimif.edu.al\\\/departamentet\\\/qendra-e-gjuheve-te-huaja\\\/grupi-mesimor-kerkimor-qendra-e-gjuheve-te-huaja\\\/gjuhe-angleze\\\/cv-anjeza-brahja\\\/\",\"url\":\"https:\\\/\\\/fimif.edu.al\\\/departamentet\\\/qendra-e-gjuheve-te-huaja\\\/grupi-mesimor-kerkimor-qendra-e-gjuheve-te-huaja\\\/gjuhe-angleze\\\/cv-anjeza-brahja\\\/\",\"name\":\"CV Anjeza BRAHJA - Fakulteti i Inxhinieris\u00eb Matematike dhe Inxhinieris\u00eb Fizike\",\"isPartOf\":{\"@id\":\"https:\\\/\\\/fimif.edu.al\\\/#website\"},\"primaryImageOfPage\":{\"@id\":\"https:\\\/\\\/fimif.edu.al\\\/departamentet\\\/qendra-e-gjuheve-te-huaja\\\/grupi-mesimor-kerkimor-qendra-e-gjuheve-te-huaja\\\/gjuhe-angleze\\\/cv-anjeza-brahja\\\/#primaryimage\"},\"image\":{\"@id\":\"https:\\\/\\\/fimif.edu.al\\\/departamentet\\\/qendra-e-gjuheve-te-huaja\\\/grupi-mesimor-kerkimor-qendra-e-gjuheve-te-huaja\\\/gjuhe-angleze\\\/cv-anjeza-brahja\\\/#primaryimage\"},\"thumbnailUrl\":\"https:\\\/\\\/fimif.edu.al\\\/wp-content\\\/uploads\\\/2024\\\/10\\\/Anjeza-BRAHJA.jpg\",\"datePublished\":\"2024-10-11T07:31:22+00:00\",\"dateModified\":\"2025-01-10T15:27:28+00:00\",\"breadcrumb\":{\"@id\":\"https:\\\/\\\/fimif.edu.al\\\/departamentet\\\/qendra-e-gjuheve-te-huaja\\\/grupi-mesimor-kerkimor-qendra-e-gjuheve-te-huaja\\\/gjuhe-angleze\\\/cv-anjeza-brahja\\\/#breadcrumb\"},\"inLanguage\":\"en-GB\",\"potentialAction\":[{\"@type\":\"ReadAction\",\"target\":[\"https:\\\/\\\/fimif.edu.al\\\/departamentet\\\/qendra-e-gjuheve-te-huaja\\\/grupi-mesimor-kerkimor-qendra-e-gjuheve-te-huaja\\\/gjuhe-angleze\\\/cv-anjeza-brahja\\\/\"]}]},{\"@type\":\"ImageObject\",\"inLanguage\":\"en-GB\",\"@id\":\"https:\\\/\\\/fimif.edu.al\\\/departamentet\\\/qendra-e-gjuheve-te-huaja\\\/grupi-mesimor-kerkimor-qendra-e-gjuheve-te-huaja\\\/gjuhe-angleze\\\/cv-anjeza-brahja\\\/#primaryimage\",\"url\":\"https:\\\/\\\/fimif.edu.al\\\/wp-content\\\/uploads\\\/2024\\\/10\\\/Anjeza-BRAHJA.jpg\",\"contentUrl\":\"https:\\\/\\\/fimif.edu.al\\\/wp-content\\\/uploads\\\/2024\\\/10\\\/Anjeza-BRAHJA.jpg\"},{\"@type\":\"BreadcrumbList\",\"@id\":\"https:\\\/\\\/fimif.edu.al\\\/departamentet\\\/qendra-e-gjuheve-te-huaja\\\/grupi-mesimor-kerkimor-qendra-e-gjuheve-te-huaja\\\/gjuhe-angleze\\\/cv-anjeza-brahja\\\/#breadcrumb\",\"itemListElement\":[{\"@type\":\"ListItem\",\"position\":1,\"name\":\"Home\",\"item\":\"https:\\\/\\\/fimif.edu.al\\\/\"},{\"@type\":\"ListItem\",\"position\":2,\"name\":\"Departamentet\",\"item\":\"https:\\\/\\\/fimif.edu.al\\\/departamentet\\\/\"},{\"@type\":\"ListItem\",\"position\":3,\"name\":\"Qendra e Gjuh\u00ebve t\u00eb Huaja\",\"item\":\"https:\\\/\\\/fimif.edu.al\\\/departamentet\\\/qendra-e-gjuheve-te-huaja\\\/\"},{\"@type\":\"ListItem\",\"position\":4,\"name\":\"Grupi M\u00ebsimor K\u00ebrkimor Q\u00ebndra e Gjuh\u00ebve t\u00eb Huaja\",\"item\":\"https:\\\/\\\/fimif.edu.al\\\/departamentet\\\/qendra-e-gjuheve-te-huaja\\\/grupi-mesimor-kerkimor-qendra-e-gjuheve-te-huaja\\\/\"},{\"@type\":\"ListItem\",\"position\":5,\"name\":\"Gjuh\u00eb Angleze\",\"item\":\"https:\\\/\\\/fimif.edu.al\\\/departamentet\\\/qendra-e-gjuheve-te-huaja\\\/grupi-mesimor-kerkimor-qendra-e-gjuheve-te-huaja\\\/gjuhe-angleze\\\/\"},{\"@type\":\"ListItem\",\"position\":6,\"name\":\"CV Anjeza BRAHJA\"}]},{\"@type\":\"WebSite\",\"@id\":\"https:\\\/\\\/fimif.edu.al\\\/#website\",\"url\":\"https:\\\/\\\/fimif.edu.al\\\/\",\"name\":\"Fakulteti i Inxhinieris\u00eb Matematike dhe Inxhinieris\u00eb Fizike\",\"description\":\"FIMIF, UPT Tirane\",\"publisher\":{\"@id\":\"https:\\\/\\\/fimif.edu.al\\\/#organization\"},\"potentialAction\":[{\"@type\":\"SearchAction\",\"target\":{\"@type\":\"EntryPoint\",\"urlTemplate\":\"https:\\\/\\\/fimif.edu.al\\\/?s={search_term_string}\"},\"query-input\":{\"@type\":\"PropertyValueSpecification\",\"valueRequired\":true,\"valueName\":\"search_term_string\"}}],\"inLanguage\":\"en-GB\"},{\"@type\":\"Organization\",\"@id\":\"https:\\\/\\\/fimif.edu.al\\\/#organization\",\"name\":\"Fakulteti i Inxhinieris\u00eb Matematike dhe Inxhinieris\u00eb Fizike\",\"url\":\"https:\\\/\\\/fimif.edu.al\\\/\",\"logo\":{\"@type\":\"ImageObject\",\"inLanguage\":\"en-GB\",\"@id\":\"https:\\\/\\\/fimif.edu.al\\\/#\\\/schema\\\/logo\\\/image\\\/\",\"url\":\"https:\\\/\\\/fimif.edu.al\\\/wp-content\\\/uploads\\\/2024\\\/10\\\/Fimif-Logo.svg\",\"contentUrl\":\"https:\\\/\\\/fimif.edu.al\\\/wp-content\\\/uploads\\\/2024\\\/10\\\/Fimif-Logo.svg\",\"width\":653,\"height\":219,\"caption\":\"Fakulteti i Inxhinieris\u00eb Matematike dhe Inxhinieris\u00eb Fizike\"},\"image\":{\"@id\":\"https:\\\/\\\/fimif.edu.al\\\/#\\\/schema\\\/logo\\\/image\\\/\"},\"sameAs\":[\"https:\\\/\\\/www.facebook.com\\\/p\\\/Departamenti-i-Inxhinierise-Matematike-FIMIF-UPT-100077435994252\\\/\"]}]}<\/script>\n<!-- \/ Yoast SEO plugin. -->","yoast_head_json":{"title":"CV Anjeza BRAHJA - Fakulteti i Inxhinieris\u00eb Matematike dhe Inxhinieris\u00eb Fizike","robots":{"index":"index","follow":"follow","max-snippet":"max-snippet:-1","max-image-preview":"max-image-preview:large","max-video-preview":"max-video-preview:-1"},"canonical":"https:\/\/fimif.edu.al\/en\/departamentet\/qendra-e-gjuheve-te-huaja\/grupi-mesimor-kerkimor-qendra-e-gjuheve-te-huaja\/gjuhe-angleze\/cv-anjeza-brahja\/","og_locale":"en_GB","og_type":"article","og_title":"CV Anjeza BRAHJA - Fakulteti i Inxhinieris\u00eb Matematike dhe Inxhinieris\u00eb Fizike","og_description":"Edukimi Anjeza BRAHJA lindur n\u00eb Tiran\u00eb m\u00eb 21.06.1980, \u00ebsht\u00eb diplomuar n\u00eb 2003 n\u00eb Universitetin e Tiran\u00ebs, Fakulteti i Gjuh\u00ebve t\u00eb Huaja, Departamenti i Gjuh\u00ebs Angleze, ku ka kryer studimet n\u00eb vitet 1999-2003. Diploma: \u201cM\u00ebsimdh\u00ebnie e Gjuh\u00ebs Angleze\u201d, Specialiteti \u201cM\u00ebsuesi\u201d. N\u00eb vitet 2009-2012 ndjek dhe p\u00ebrfundon studimet pasuniversitare Master i Nivelit t\u00eb Dyt\u00eb (MND), fusha Gjuh\u00ebsi, [&hellip;]","og_url":"https:\/\/fimif.edu.al\/en\/departamentet\/qendra-e-gjuheve-te-huaja\/grupi-mesimor-kerkimor-qendra-e-gjuheve-te-huaja\/gjuhe-angleze\/cv-anjeza-brahja\/","og_site_name":"Fakulteti i Inxhinieris\u00eb Matematike dhe Inxhinieris\u00eb Fizike","article_publisher":"https:\/\/www.facebook.com\/p\/Departamenti-i-Inxhinierise-Matematike-FIMIF-UPT-100077435994252\/","article_modified_time":"2025-01-10T15:27:28+00:00","og_image":[{"url":"https:\/\/fimif.edu.al\/wp-content\/uploads\/2024\/10\/Anjeza-BRAHJA.jpg","type":"","width":"","height":""}],"twitter_card":"summary_large_image","twitter_misc":{"Estimated reading time":"3 minutes"},"schema":{"@context":"https:\/\/schema.org","@graph":[{"@type":"WebPage","@id":"https:\/\/fimif.edu.al\/departamentet\/qendra-e-gjuheve-te-huaja\/grupi-mesimor-kerkimor-qendra-e-gjuheve-te-huaja\/gjuhe-angleze\/cv-anjeza-brahja\/","url":"https:\/\/fimif.edu.al\/departamentet\/qendra-e-gjuheve-te-huaja\/grupi-mesimor-kerkimor-qendra-e-gjuheve-te-huaja\/gjuhe-angleze\/cv-anjeza-brahja\/","name":"CV Anjeza BRAHJA - Fakulteti i Inxhinieris\u00eb Matematike dhe Inxhinieris\u00eb Fizike","isPartOf":{"@id":"https:\/\/fimif.edu.al\/#website"},"primaryImageOfPage":{"@id":"https:\/\/fimif.edu.al\/departamentet\/qendra-e-gjuheve-te-huaja\/grupi-mesimor-kerkimor-qendra-e-gjuheve-te-huaja\/gjuhe-angleze\/cv-anjeza-brahja\/#primaryimage"},"image":{"@id":"https:\/\/fimif.edu.al\/departamentet\/qendra-e-gjuheve-te-huaja\/grupi-mesimor-kerkimor-qendra-e-gjuheve-te-huaja\/gjuhe-angleze\/cv-anjeza-brahja\/#primaryimage"},"thumbnailUrl":"https:\/\/fimif.edu.al\/wp-content\/uploads\/2024\/10\/Anjeza-BRAHJA.jpg","datePublished":"2024-10-11T07:31:22+00:00","dateModified":"2025-01-10T15:27:28+00:00","breadcrumb":{"@id":"https:\/\/fimif.edu.al\/departamentet\/qendra-e-gjuheve-te-huaja\/grupi-mesimor-kerkimor-qendra-e-gjuheve-te-huaja\/gjuhe-angleze\/cv-anjeza-brahja\/#breadcrumb"},"inLanguage":"en-GB","potentialAction":[{"@type":"ReadAction","target":["https:\/\/fimif.edu.al\/departamentet\/qendra-e-gjuheve-te-huaja\/grupi-mesimor-kerkimor-qendra-e-gjuheve-te-huaja\/gjuhe-angleze\/cv-anjeza-brahja\/"]}]},{"@type":"ImageObject","inLanguage":"en-GB","@id":"https:\/\/fimif.edu.al\/departamentet\/qendra-e-gjuheve-te-huaja\/grupi-mesimor-kerkimor-qendra-e-gjuheve-te-huaja\/gjuhe-angleze\/cv-anjeza-brahja\/#primaryimage","url":"https:\/\/fimif.edu.al\/wp-content\/uploads\/2024\/10\/Anjeza-BRAHJA.jpg","contentUrl":"https:\/\/fimif.edu.al\/wp-content\/uploads\/2024\/10\/Anjeza-BRAHJA.jpg"},{"@type":"BreadcrumbList","@id":"https:\/\/fimif.edu.al\/departamentet\/qendra-e-gjuheve-te-huaja\/grupi-mesimor-kerkimor-qendra-e-gjuheve-te-huaja\/gjuhe-angleze\/cv-anjeza-brahja\/#breadcrumb","itemListElement":[{"@type":"ListItem","position":1,"name":"Home","item":"https:\/\/fimif.edu.al\/"},{"@type":"ListItem","position":2,"name":"Departamentet","item":"https:\/\/fimif.edu.al\/departamentet\/"},{"@type":"ListItem","position":3,"name":"Qendra e Gjuh\u00ebve t\u00eb Huaja","item":"https:\/\/fimif.edu.al\/departamentet\/qendra-e-gjuheve-te-huaja\/"},{"@type":"ListItem","position":4,"name":"Grupi M\u00ebsimor K\u00ebrkimor Q\u00ebndra e Gjuh\u00ebve t\u00eb Huaja","item":"https:\/\/fimif.edu.al\/departamentet\/qendra-e-gjuheve-te-huaja\/grupi-mesimor-kerkimor-qendra-e-gjuheve-te-huaja\/"},{"@type":"ListItem","position":5,"name":"Gjuh\u00eb Angleze","item":"https:\/\/fimif.edu.al\/departamentet\/qendra-e-gjuheve-te-huaja\/grupi-mesimor-kerkimor-qendra-e-gjuheve-te-huaja\/gjuhe-angleze\/"},{"@type":"ListItem","position":6,"name":"CV Anjeza BRAHJA"}]},{"@type":"WebSite","@id":"https:\/\/fimif.edu.al\/#website","url":"https:\/\/fimif.edu.al\/","name":"Fakulteti i Inxhinieris\u00eb Matematike dhe Inxhinieris\u00eb Fizike","description":"FIMIF, UPT Tirane","publisher":{"@id":"https:\/\/fimif.edu.al\/#organization"},"potentialAction":[{"@type":"SearchAction","target":{"@type":"EntryPoint","urlTemplate":"https:\/\/fimif.edu.al\/?s={search_term_string}"},"query-input":{"@type":"PropertyValueSpecification","valueRequired":true,"valueName":"search_term_string"}}],"inLanguage":"en-GB"},{"@type":"Organization","@id":"https:\/\/fimif.edu.al\/#organization","name":"Fakulteti i Inxhinieris\u00eb Matematike dhe Inxhinieris\u00eb Fizike","url":"https:\/\/fimif.edu.al\/","logo":{"@type":"ImageObject","inLanguage":"en-GB","@id":"https:\/\/fimif.edu.al\/#\/schema\/logo\/image\/","url":"https:\/\/fimif.edu.al\/wp-content\/uploads\/2024\/10\/Fimif-Logo.svg","contentUrl":"https:\/\/fimif.edu.al\/wp-content\/uploads\/2024\/10\/Fimif-Logo.svg","width":653,"height":219,"caption":"Fakulteti i Inxhinieris\u00eb Matematike dhe Inxhinieris\u00eb Fizike"},"image":{"@id":"https:\/\/fimif.edu.al\/#\/schema\/logo\/image\/"},"sameAs":["https:\/\/www.facebook.com\/p\/Departamenti-i-Inxhinierise-Matematike-FIMIF-UPT-100077435994252\/"]}]}},"_links":{"self":[{"href":"https:\/\/fimif.edu.al\/en\/wp-json\/wp\/v2\/pages\/3695","targetHints":{"allow":["GET"]}}],"collection":[{"href":"https:\/\/fimif.edu.al\/en\/wp-json\/wp\/v2\/pages"}],"about":[{"href":"https:\/\/fimif.edu.al\/en\/wp-json\/wp\/v2\/types\/page"}],"author":[{"embeddable":true,"href":"https:\/\/fimif.edu.al\/en\/wp-json\/wp\/v2\/users\/1"}],"replies":[{"embeddable":true,"href":"https:\/\/fimif.edu.al\/en\/wp-json\/wp\/v2\/comments?post=3695"}],"version-history":[{"count":10,"href":"https:\/\/fimif.edu.al\/en\/wp-json\/wp\/v2\/pages\/3695\/revisions"}],"predecessor-version":[{"id":3915,"href":"https:\/\/fimif.edu.al\/en\/wp-json\/wp\/v2\/pages\/3695\/revisions\/3915"}],"up":[{"embeddable":true,"href":"https:\/\/fimif.edu.al\/en\/wp-json\/wp\/v2\/pages\/5695"}],"wp:attachment":[{"href":"https:\/\/fimif.edu.al\/en\/wp-json\/wp\/v2\/media?parent=3695"}],"curies":[{"name":"wp","href":"https:\/\/api.w.org\/{rel}","templated":true}]}}