{"id":3731,"date":"2024-10-11T09:43:58","date_gmt":"2024-10-11T07:43:58","guid":{"rendered":"https:\/\/fimif.farmaciferati.al\/?page_id=3731"},"modified":"2025-01-10T16:27:00","modified_gmt":"2025-01-10T15:27:00","slug":"cv-ledjana-beshaj","status":"publish","type":"page","link":"https:\/\/fimif.edu.al\/en\/departamentet\/qendra-e-gjuheve-te-huaja\/grupi-mesimor-kerkimor-qendra-e-gjuheve-te-huaja\/gjuhe-angleze\/cv-ledjana-beshaj\/","title":{"rendered":"CV Ledjana BESHAJ"},"content":{"rendered":"<div data-elementor-type=\"wp-page\" data-elementor-id=\"3731\" class=\"elementor elementor-3731\" data-elementor-post-type=\"page\">\n\t\t\t\t<div class=\"elementor-element elementor-element-1087fc3 e-con-full e-flex e-con e-parent\" data-id=\"1087fc3\" data-element_type=\"container\" data-e-type=\"container\">\n\t\t\t\t<div class=\"elementor-element elementor-element-d65b559 elementor-widget elementor-widget-template\" data-id=\"d65b559\" data-element_type=\"widget\" data-e-type=\"widget\" data-widget_type=\"template.default\">\n\t\t\t\t<div class=\"elementor-widget-container\">\n\t\t\t\t\t\t\t<div class=\"elementor-template\">\n\t\t\t\t\t<div data-elementor-type=\"container\" data-elementor-id=\"3550\" class=\"elementor elementor-3550\" data-elementor-post-type=\"elementor_library\">\n\t\t\t\t<div class=\"elementor-element elementor-element-9293d27 e-flex e-con-boxed e-con e-parent\" data-id=\"9293d27\" data-element_type=\"container\" data-e-type=\"container\" data-settings=\"{&quot;background_background&quot;:&quot;classic&quot;}\">\n\t\t\t\t\t<div class=\"e-con-inner\">\n\t\t\t\t\t<\/div>\n\t\t\t\t<\/div>\n\t\t\t\t<\/div>\n\t\t\t\t<\/div>\n\t\t\t\t\t\t<\/div>\n\t\t\t\t<\/div>\n\t\t\t\t<\/div>\n\t\t<div class=\"elementor-element elementor-element-3f13a8e e-flex e-con-boxed e-con e-parent\" data-id=\"3f13a8e\" data-element_type=\"container\" data-e-type=\"container\">\n\t\t\t\t\t<div class=\"e-con-inner\">\n\t\t<div class=\"elementor-element elementor-element-cf78097 e-con-full e-flex e-con e-child\" data-id=\"cf78097\" data-element_type=\"container\" data-e-type=\"container\" data-settings=\"{&quot;background_background&quot;:&quot;classic&quot;}\">\n\t\t\t\t<div class=\"elementor-element elementor-element-9e84369 elementor-widget elementor-widget-image\" data-id=\"9e84369\" data-element_type=\"widget\" data-e-type=\"widget\" data-widget_type=\"image.default\">\n\t\t\t\t<div class=\"elementor-widget-container\">\n\t\t\t\t\t\t\t\t\t\t\t\t\t\t\t<img fetchpriority=\"high\" decoding=\"async\" width=\"247\" height=\"269\" src=\"https:\/\/fimif.edu.al\/wp-content\/uploads\/2024\/10\/LEDIANA-BESHAJ.jpg\" class=\"attachment-full size-full wp-image-3737\" alt=\"\" srcset=\"https:\/\/fimif.edu.al\/wp-content\/uploads\/2024\/10\/LEDIANA-BESHAJ.jpg 247w, https:\/\/fimif.edu.al\/wp-content\/uploads\/2024\/10\/LEDIANA-BESHAJ-11x12.jpg 11w\" sizes=\"(max-width: 247px) 100vw, 247px\" \/>\t\t\t\t\t\t\t\t\t\t\t\t\t\t\t<\/div>\n\t\t\t\t<\/div>\n\t\t\t\t<div class=\"elementor-element elementor-element-e93abdb elementor-widget-divider--view-line_text elementor-widget-divider--element-align-center elementor-widget elementor-widget-divider\" data-id=\"e93abdb\" data-element_type=\"widget\" data-e-type=\"widget\" data-widget_type=\"divider.default\">\n\t\t\t\t<div class=\"elementor-widget-container\">\n\t\t\t\t\t\t\t<div class=\"elementor-divider\">\n\t\t\t<span class=\"elementor-divider-separator\">\n\t\t\t\t\t\t\t<h2 class=\"elementor-divider__text elementor-divider__element\">\n\t\t\t\tEdukimi\t\t\t\t<\/h2>\n\t\t\t\t\t\t<\/span>\n\t\t<\/div>\n\t\t\t\t\t\t<\/div>\n\t\t\t\t<\/div>\n\t\t\t\t<div class=\"elementor-element elementor-element-bf80871 elementor-widget elementor-widget-text-editor\" data-id=\"bf80871\" data-element_type=\"widget\" data-e-type=\"widget\" data-widget_type=\"text-editor.default\">\n\t\t\t\t<div class=\"elementor-widget-container\">\n\t\t\t\t\t\t\t\t\t<p>Lediana Beshaj ka kryer studimet e larta n\u00eb ciklin e par\u00eb Bachelor n\u00eb Universitetin e Tiran\u00ebs, pran\u00eb Fakultetit t\u00eb Gjuh\u00ebve t\u00eb Huaja, p\u00ebr Gjuh\u00eb t\u00eb Huaj, \u00a0Anglisht nga 1997 deri 2001. N\u00eb 2007 deri ne 2010 p\u00ebrfundon\u00a0 studime t\u00eb larta t\u00eb ciklit t\u00eb dyt\u00eb, Master I Shkencave pran\u00eb Fakultetit t\u00eb Gjuh\u00ebve t\u00eb Huaja, n\u00eb Linguistik\u00eb me drejtim Didaktik me tem\u00eb \u201cDomosdoshm\u00ebria e komunikimit nd\u00ebrkulturor n\u00eb m\u00ebsimdh\u00ebnien e gjuh\u00ebs s\u00eb huaj dhe efektshm\u00ebria e p\u00ebrdorimit t\u00eb saj n\u00eb mjedis shkollor\u201d N\u00eb 2014 p\u00ebrfundon studime t\u00eb larta t\u00eb ciklit t\u00eb tret\u00eb \u201cDoktoratur\u00eb\u201d me tem\u00eb \u201cVe\u00e7orit\u00eb e nj\u00ebsive frazeologjike me prejardhje mbiemerore n\u00eb gjuh\u00ebn angleze n\u00eb perqasje me ato t\u00eb gjuh\u00ebs shqipe\u201d dhe n\u00eb 2021 fiton titullin akademik \u201cProfesor i asociuar\u201d me vendim t\u00eb dat\u00ebs 02.06.2021 t\u00eb KPPA, t\u00eb Universitetit t\u00eb Tiran\u00ebs.<\/p>\t\t\t\t\t\t\t\t<\/div>\n\t\t\t\t<\/div>\n\t\t\t\t<div class=\"elementor-element elementor-element-6bd67f2 elementor-widget-divider--view-line_text elementor-widget-divider--element-align-center elementor-widget elementor-widget-divider\" data-id=\"6bd67f2\" data-element_type=\"widget\" data-e-type=\"widget\" data-widget_type=\"divider.default\">\n\t\t\t\t<div class=\"elementor-widget-container\">\n\t\t\t\t\t\t\t<div class=\"elementor-divider\">\n\t\t\t<span class=\"elementor-divider-separator\">\n\t\t\t\t\t\t\t<h2 class=\"elementor-divider__text elementor-divider__element\">\n\t\t\t\tPun\u00ebsimi dhe funksione akademike\t\t\t\t<\/h2>\n\t\t\t\t\t\t<\/span>\n\t\t<\/div>\n\t\t\t\t\t\t<\/div>\n\t\t\t\t<\/div>\n\t\t\t\t<div class=\"elementor-element elementor-element-0f1ea44 elementor-widget elementor-widget-text-editor\" data-id=\"0f1ea44\" data-element_type=\"widget\" data-e-type=\"widget\" data-widget_type=\"text-editor.default\">\n\t\t\t\t<div class=\"elementor-widget-container\">\n\t\t\t\t\t\t\t\t\t<p>Lediana Beshaj ka punuar si lektore e jashtme e gjuh\u00ebs Angleze n\u00eb Fakultetin e Gjuh\u00ebve t\u00eb huaja, ne Fakultetin e Ekonomis\u00eb dhe n\u00eb Fakultetin e Shkencave t\u00eb Natyr\u00ebs dhe UPT dhe si pedagoge e bred\u00ebshme n\u00eb Kolegjin Universitar Beder dhe me pas n\u00eb Kolegjin Univeritar Wisdom si dhe p\u00ebrgjegj\u00ebse e departamentit t\u00eb Nj\u00ebsis\u00eb s\u00eb K\u00ebrkimit Shkencor dhe Marr\u00ebdh\u00ebnieve me Jasht\u00eb, kordinatore me Agjensin\u00eb e Sigurimit t\u00eb cil\u00ebsis\u00eb n\u00eb Arsimin e Lart\u00eb dhe si administrator e provimit nd\u00ebrkomb\u00ebtar t\u00eb gjuh\u00ebs Angleze TOEFL. Gjithashtu q\u00eb nga 2015 \u00ebsht\u00eb p\u00ebrkthyese ligjore pran\u00eb Ministris\u00eb s\u00eb Drejt\u00ebsis\u00eb.<\/p>\t\t\t\t\t\t\t\t<\/div>\n\t\t\t\t<\/div>\n\t\t\t\t<div class=\"elementor-element elementor-element-c287e0a elementor-widget-divider--view-line_text elementor-widget-divider--element-align-center elementor-widget elementor-widget-divider\" data-id=\"c287e0a\" data-element_type=\"widget\" data-e-type=\"widget\" data-widget_type=\"divider.default\">\n\t\t\t\t<div class=\"elementor-widget-container\">\n\t\t\t\t\t\t\t<div class=\"elementor-divider\">\n\t\t\t<span class=\"elementor-divider-separator\">\n\t\t\t\t\t\t\t<h2 class=\"elementor-divider__text elementor-divider__element\">\n\t\t\t\tAktiviteti shkencor\t\t\t\t<\/h2>\n\t\t\t\t\t\t<\/span>\n\t\t<\/div>\n\t\t\t\t\t\t<\/div>\n\t\t\t\t<\/div>\n\t\t\t\t<div class=\"elementor-element elementor-element-1af26d8 elementor-widget elementor-widget-text-editor\" data-id=\"1af26d8\" data-element_type=\"widget\" data-e-type=\"widget\" data-widget_type=\"text-editor.default\">\n\t\t\t\t<div class=\"elementor-widget-container\">\n\t\t\t\t\t\t\t\t\t<p>Znj. Beshaj ka marr\u00eb pjes\u00eb n\u00eb shum\u00eb konferenca komb\u00ebtare dhe nd\u00ebrkomb\u00ebtare si dhe ka b\u00ebr\u00eb botime shkencore n\u00eb revista me indeksim t\u00eb lart\u00eb dhe me Scopus. Ka b\u00ebr\u00eb nj\u00eb cik\u00ebl leksionesh me Prof.dr Arjan Shumeli dhe Dr Elton Sk\u00ebndaj n\u00eb ESP p\u00ebr student\u00ebt e FSHN p\u00ebr programet Master Shkencor si dhe nj\u00eb cik\u00ebl leksionesh ESP p\u00ebr student\u00ebt e psikologjis\u00eb ne Kolegjin Universitar Wisdom. \u00cbsht\u00eb pjes\u00eb e Bordit Shkencor t\u00eb Wisodm Journal si dhe e revist\u00ebs ATINER n\u00eb Greqi. Ka shkruar projekte komb\u00ebtare dhe nd\u00ebrkomb\u00ebtare dhe ka zbatuar projekte ku p\u00ebrmendim \u201cCultural studies in Business\u201d I udh\u00ebhequr nga Sapienza University, YouCOME I udh\u00ebhequr nga Maqedonia e Veriut dhe Jean Monnet, t\u00eb gjitha t\u00eb financuara nga Erasmus + dhe Bashkimi Europian si dhe projekte komb\u00ebtare t\u00eb finacuara nga Save the children, UNDP etj. N\u00eb dhjetor t\u00eb 2023 pun\u00ebsohet si perdagoge efektive pran\u00eb Qendr\u00ebs s\u00eb Gjuh\u00ebve te Huaja pran\u00eb FIMIF t\u00eb UPT.<\/p>\t\t\t\t\t\t\t\t<\/div>\n\t\t\t\t<\/div>\n\t\t\t\t<\/div>\n\t\t\t\t\t<\/div>\n\t\t\t\t<\/div>\n\t\t\t\t<\/div>","protected":false},"excerpt":{"rendered":"<p>Edukimi Lediana Beshaj ka kryer studimet e larta n\u00eb ciklin e par\u00eb Bachelor n\u00eb Universitetin e Tiran\u00ebs, pran\u00eb Fakultetit t\u00eb Gjuh\u00ebve t\u00eb Huaja, p\u00ebr Gjuh\u00eb t\u00eb Huaj, \u00a0Anglisht nga 1997 deri 2001. N\u00eb 2007 deri ne 2010 p\u00ebrfundon\u00a0 studime t\u00eb larta t\u00eb ciklit t\u00eb dyt\u00eb, Master I Shkencave pran\u00eb Fakultetit t\u00eb Gjuh\u00ebve t\u00eb Huaja, n\u00eb [&hellip;]<\/p>\n","protected":false},"author":1,"featured_media":0,"parent":5695,"menu_order":0,"comment_status":"closed","ping_status":"closed","template":"","meta":{"footnotes":""},"class_list":["post-3731","page","type-page","status-publish","hentry"],"yoast_head":"<!-- This site is optimized with the Yoast SEO plugin v27.4 - https:\/\/yoast.com\/product\/yoast-seo-wordpress\/ -->\n<title>CV Ledjana BESHAJ - Fakulteti i Inxhinieris\u00eb Matematike dhe Inxhinieris\u00eb Fizike<\/title>\n<meta name=\"robots\" content=\"index, follow, max-snippet:-1, max-image-preview:large, max-video-preview:-1\" \/>\n<link rel=\"canonical\" href=\"https:\/\/fimif.edu.al\/en\/departamentet\/qendra-e-gjuheve-te-huaja\/grupi-mesimor-kerkimor-qendra-e-gjuheve-te-huaja\/gjuhe-angleze\/cv-ledjana-beshaj\/\" \/>\n<meta property=\"og:locale\" content=\"en_GB\" \/>\n<meta property=\"og:type\" content=\"article\" \/>\n<meta property=\"og:title\" content=\"CV Ledjana BESHAJ - Fakulteti i Inxhinieris\u00eb Matematike dhe Inxhinieris\u00eb Fizike\" \/>\n<meta property=\"og:description\" content=\"Edukimi Lediana Beshaj ka kryer studimet e larta n\u00eb ciklin e par\u00eb Bachelor n\u00eb Universitetin e Tiran\u00ebs, pran\u00eb Fakultetit t\u00eb Gjuh\u00ebve t\u00eb Huaja, p\u00ebr Gjuh\u00eb t\u00eb Huaj, \u00a0Anglisht nga 1997 deri 2001. N\u00eb 2007 deri ne 2010 p\u00ebrfundon\u00a0 studime t\u00eb larta t\u00eb ciklit t\u00eb dyt\u00eb, Master I Shkencave pran\u00eb Fakultetit t\u00eb Gjuh\u00ebve t\u00eb Huaja, n\u00eb [&hellip;]\" \/>\n<meta property=\"og:url\" content=\"https:\/\/fimif.edu.al\/en\/departamentet\/qendra-e-gjuheve-te-huaja\/grupi-mesimor-kerkimor-qendra-e-gjuheve-te-huaja\/gjuhe-angleze\/cv-ledjana-beshaj\/\" \/>\n<meta property=\"og:site_name\" content=\"Fakulteti i Inxhinieris\u00eb Matematike dhe Inxhinieris\u00eb Fizike\" \/>\n<meta property=\"article:publisher\" content=\"https:\/\/www.facebook.com\/p\/Departamenti-i-Inxhinierise-Matematike-FIMIF-UPT-100077435994252\/\" \/>\n<meta property=\"article:modified_time\" content=\"2025-01-10T15:27:00+00:00\" \/>\n<meta property=\"og:image\" content=\"https:\/\/fimif.edu.al\/wp-content\/uploads\/2024\/10\/LEDIANA-BESHAJ.jpg\" \/>\n<meta name=\"twitter:card\" content=\"summary_large_image\" \/>\n<meta name=\"twitter:label1\" content=\"Estimated reading time\" \/>\n\t<meta name=\"twitter:data1\" content=\"2 minutes\" \/>\n<script type=\"application\/ld+json\" class=\"yoast-schema-graph\">{\"@context\":\"https:\\\/\\\/schema.org\",\"@graph\":[{\"@type\":\"WebPage\",\"@id\":\"https:\\\/\\\/fimif.edu.al\\\/departamentet\\\/qendra-e-gjuheve-te-huaja\\\/grupi-mesimor-kerkimor-qendra-e-gjuheve-te-huaja\\\/gjuhe-angleze\\\/cv-ledjana-beshaj\\\/\",\"url\":\"https:\\\/\\\/fimif.edu.al\\\/departamentet\\\/qendra-e-gjuheve-te-huaja\\\/grupi-mesimor-kerkimor-qendra-e-gjuheve-te-huaja\\\/gjuhe-angleze\\\/cv-ledjana-beshaj\\\/\",\"name\":\"CV Ledjana BESHAJ - Fakulteti i Inxhinieris\u00eb Matematike dhe Inxhinieris\u00eb Fizike\",\"isPartOf\":{\"@id\":\"https:\\\/\\\/fimif.edu.al\\\/#website\"},\"primaryImageOfPage\":{\"@id\":\"https:\\\/\\\/fimif.edu.al\\\/departamentet\\\/qendra-e-gjuheve-te-huaja\\\/grupi-mesimor-kerkimor-qendra-e-gjuheve-te-huaja\\\/gjuhe-angleze\\\/cv-ledjana-beshaj\\\/#primaryimage\"},\"image\":{\"@id\":\"https:\\\/\\\/fimif.edu.al\\\/departamentet\\\/qendra-e-gjuheve-te-huaja\\\/grupi-mesimor-kerkimor-qendra-e-gjuheve-te-huaja\\\/gjuhe-angleze\\\/cv-ledjana-beshaj\\\/#primaryimage\"},\"thumbnailUrl\":\"https:\\\/\\\/fimif.edu.al\\\/wp-content\\\/uploads\\\/2024\\\/10\\\/LEDIANA-BESHAJ.jpg\",\"datePublished\":\"2024-10-11T07:43:58+00:00\",\"dateModified\":\"2025-01-10T15:27:00+00:00\",\"breadcrumb\":{\"@id\":\"https:\\\/\\\/fimif.edu.al\\\/departamentet\\\/qendra-e-gjuheve-te-huaja\\\/grupi-mesimor-kerkimor-qendra-e-gjuheve-te-huaja\\\/gjuhe-angleze\\\/cv-ledjana-beshaj\\\/#breadcrumb\"},\"inLanguage\":\"en-GB\",\"potentialAction\":[{\"@type\":\"ReadAction\",\"target\":[\"https:\\\/\\\/fimif.edu.al\\\/departamentet\\\/qendra-e-gjuheve-te-huaja\\\/grupi-mesimor-kerkimor-qendra-e-gjuheve-te-huaja\\\/gjuhe-angleze\\\/cv-ledjana-beshaj\\\/\"]}]},{\"@type\":\"ImageObject\",\"inLanguage\":\"en-GB\",\"@id\":\"https:\\\/\\\/fimif.edu.al\\\/departamentet\\\/qendra-e-gjuheve-te-huaja\\\/grupi-mesimor-kerkimor-qendra-e-gjuheve-te-huaja\\\/gjuhe-angleze\\\/cv-ledjana-beshaj\\\/#primaryimage\",\"url\":\"https:\\\/\\\/fimif.edu.al\\\/wp-content\\\/uploads\\\/2024\\\/10\\\/LEDIANA-BESHAJ.jpg\",\"contentUrl\":\"https:\\\/\\\/fimif.edu.al\\\/wp-content\\\/uploads\\\/2024\\\/10\\\/LEDIANA-BESHAJ.jpg\"},{\"@type\":\"BreadcrumbList\",\"@id\":\"https:\\\/\\\/fimif.edu.al\\\/departamentet\\\/qendra-e-gjuheve-te-huaja\\\/grupi-mesimor-kerkimor-qendra-e-gjuheve-te-huaja\\\/gjuhe-angleze\\\/cv-ledjana-beshaj\\\/#breadcrumb\",\"itemListElement\":[{\"@type\":\"ListItem\",\"position\":1,\"name\":\"Home\",\"item\":\"https:\\\/\\\/fimif.edu.al\\\/\"},{\"@type\":\"ListItem\",\"position\":2,\"name\":\"Departamentet\",\"item\":\"https:\\\/\\\/fimif.edu.al\\\/departamentet\\\/\"},{\"@type\":\"ListItem\",\"position\":3,\"name\":\"Qendra e Gjuh\u00ebve t\u00eb Huaja\",\"item\":\"https:\\\/\\\/fimif.edu.al\\\/departamentet\\\/qendra-e-gjuheve-te-huaja\\\/\"},{\"@type\":\"ListItem\",\"position\":4,\"name\":\"Grupi M\u00ebsimor K\u00ebrkimor Q\u00ebndra e Gjuh\u00ebve t\u00eb Huaja\",\"item\":\"https:\\\/\\\/fimif.edu.al\\\/departamentet\\\/qendra-e-gjuheve-te-huaja\\\/grupi-mesimor-kerkimor-qendra-e-gjuheve-te-huaja\\\/\"},{\"@type\":\"ListItem\",\"position\":5,\"name\":\"Gjuh\u00eb Angleze\",\"item\":\"https:\\\/\\\/fimif.edu.al\\\/departamentet\\\/qendra-e-gjuheve-te-huaja\\\/grupi-mesimor-kerkimor-qendra-e-gjuheve-te-huaja\\\/gjuhe-angleze\\\/\"},{\"@type\":\"ListItem\",\"position\":6,\"name\":\"CV Ledjana BESHAJ\"}]},{\"@type\":\"WebSite\",\"@id\":\"https:\\\/\\\/fimif.edu.al\\\/#website\",\"url\":\"https:\\\/\\\/fimif.edu.al\\\/\",\"name\":\"Fakulteti i Inxhinieris\u00eb Matematike dhe Inxhinieris\u00eb Fizike\",\"description\":\"FIMIF, UPT Tirane\",\"publisher\":{\"@id\":\"https:\\\/\\\/fimif.edu.al\\\/#organization\"},\"potentialAction\":[{\"@type\":\"SearchAction\",\"target\":{\"@type\":\"EntryPoint\",\"urlTemplate\":\"https:\\\/\\\/fimif.edu.al\\\/?s={search_term_string}\"},\"query-input\":{\"@type\":\"PropertyValueSpecification\",\"valueRequired\":true,\"valueName\":\"search_term_string\"}}],\"inLanguage\":\"en-GB\"},{\"@type\":\"Organization\",\"@id\":\"https:\\\/\\\/fimif.edu.al\\\/#organization\",\"name\":\"Fakulteti i Inxhinieris\u00eb Matematike dhe Inxhinieris\u00eb Fizike\",\"url\":\"https:\\\/\\\/fimif.edu.al\\\/\",\"logo\":{\"@type\":\"ImageObject\",\"inLanguage\":\"en-GB\",\"@id\":\"https:\\\/\\\/fimif.edu.al\\\/#\\\/schema\\\/logo\\\/image\\\/\",\"url\":\"https:\\\/\\\/fimif.edu.al\\\/wp-content\\\/uploads\\\/2024\\\/10\\\/Fimif-Logo.svg\",\"contentUrl\":\"https:\\\/\\\/fimif.edu.al\\\/wp-content\\\/uploads\\\/2024\\\/10\\\/Fimif-Logo.svg\",\"width\":653,\"height\":219,\"caption\":\"Fakulteti i Inxhinieris\u00eb Matematike dhe Inxhinieris\u00eb Fizike\"},\"image\":{\"@id\":\"https:\\\/\\\/fimif.edu.al\\\/#\\\/schema\\\/logo\\\/image\\\/\"},\"sameAs\":[\"https:\\\/\\\/www.facebook.com\\\/p\\\/Departamenti-i-Inxhinierise-Matematike-FIMIF-UPT-100077435994252\\\/\"]}]}<\/script>\n<!-- \/ Yoast SEO plugin. -->","yoast_head_json":{"title":"CV Ledjana BESHAJ - Fakulteti i Inxhinieris\u00eb Matematike dhe Inxhinieris\u00eb Fizike","robots":{"index":"index","follow":"follow","max-snippet":"max-snippet:-1","max-image-preview":"max-image-preview:large","max-video-preview":"max-video-preview:-1"},"canonical":"https:\/\/fimif.edu.al\/en\/departamentet\/qendra-e-gjuheve-te-huaja\/grupi-mesimor-kerkimor-qendra-e-gjuheve-te-huaja\/gjuhe-angleze\/cv-ledjana-beshaj\/","og_locale":"en_GB","og_type":"article","og_title":"CV Ledjana BESHAJ - Fakulteti i Inxhinieris\u00eb Matematike dhe Inxhinieris\u00eb Fizike","og_description":"Edukimi Lediana Beshaj ka kryer studimet e larta n\u00eb ciklin e par\u00eb Bachelor n\u00eb Universitetin e Tiran\u00ebs, pran\u00eb Fakultetit t\u00eb Gjuh\u00ebve t\u00eb Huaja, p\u00ebr Gjuh\u00eb t\u00eb Huaj, \u00a0Anglisht nga 1997 deri 2001. N\u00eb 2007 deri ne 2010 p\u00ebrfundon\u00a0 studime t\u00eb larta t\u00eb ciklit t\u00eb dyt\u00eb, Master I Shkencave pran\u00eb Fakultetit t\u00eb Gjuh\u00ebve t\u00eb Huaja, n\u00eb [&hellip;]","og_url":"https:\/\/fimif.edu.al\/en\/departamentet\/qendra-e-gjuheve-te-huaja\/grupi-mesimor-kerkimor-qendra-e-gjuheve-te-huaja\/gjuhe-angleze\/cv-ledjana-beshaj\/","og_site_name":"Fakulteti i Inxhinieris\u00eb Matematike dhe Inxhinieris\u00eb Fizike","article_publisher":"https:\/\/www.facebook.com\/p\/Departamenti-i-Inxhinierise-Matematike-FIMIF-UPT-100077435994252\/","article_modified_time":"2025-01-10T15:27:00+00:00","og_image":[{"url":"https:\/\/fimif.edu.al\/wp-content\/uploads\/2024\/10\/LEDIANA-BESHAJ.jpg","type":"","width":"","height":""}],"twitter_card":"summary_large_image","twitter_misc":{"Estimated reading time":"2 minutes"},"schema":{"@context":"https:\/\/schema.org","@graph":[{"@type":"WebPage","@id":"https:\/\/fimif.edu.al\/departamentet\/qendra-e-gjuheve-te-huaja\/grupi-mesimor-kerkimor-qendra-e-gjuheve-te-huaja\/gjuhe-angleze\/cv-ledjana-beshaj\/","url":"https:\/\/fimif.edu.al\/departamentet\/qendra-e-gjuheve-te-huaja\/grupi-mesimor-kerkimor-qendra-e-gjuheve-te-huaja\/gjuhe-angleze\/cv-ledjana-beshaj\/","name":"CV Ledjana BESHAJ - Fakulteti i Inxhinieris\u00eb Matematike dhe Inxhinieris\u00eb Fizike","isPartOf":{"@id":"https:\/\/fimif.edu.al\/#website"},"primaryImageOfPage":{"@id":"https:\/\/fimif.edu.al\/departamentet\/qendra-e-gjuheve-te-huaja\/grupi-mesimor-kerkimor-qendra-e-gjuheve-te-huaja\/gjuhe-angleze\/cv-ledjana-beshaj\/#primaryimage"},"image":{"@id":"https:\/\/fimif.edu.al\/departamentet\/qendra-e-gjuheve-te-huaja\/grupi-mesimor-kerkimor-qendra-e-gjuheve-te-huaja\/gjuhe-angleze\/cv-ledjana-beshaj\/#primaryimage"},"thumbnailUrl":"https:\/\/fimif.edu.al\/wp-content\/uploads\/2024\/10\/LEDIANA-BESHAJ.jpg","datePublished":"2024-10-11T07:43:58+00:00","dateModified":"2025-01-10T15:27:00+00:00","breadcrumb":{"@id":"https:\/\/fimif.edu.al\/departamentet\/qendra-e-gjuheve-te-huaja\/grupi-mesimor-kerkimor-qendra-e-gjuheve-te-huaja\/gjuhe-angleze\/cv-ledjana-beshaj\/#breadcrumb"},"inLanguage":"en-GB","potentialAction":[{"@type":"ReadAction","target":["https:\/\/fimif.edu.al\/departamentet\/qendra-e-gjuheve-te-huaja\/grupi-mesimor-kerkimor-qendra-e-gjuheve-te-huaja\/gjuhe-angleze\/cv-ledjana-beshaj\/"]}]},{"@type":"ImageObject","inLanguage":"en-GB","@id":"https:\/\/fimif.edu.al\/departamentet\/qendra-e-gjuheve-te-huaja\/grupi-mesimor-kerkimor-qendra-e-gjuheve-te-huaja\/gjuhe-angleze\/cv-ledjana-beshaj\/#primaryimage","url":"https:\/\/fimif.edu.al\/wp-content\/uploads\/2024\/10\/LEDIANA-BESHAJ.jpg","contentUrl":"https:\/\/fimif.edu.al\/wp-content\/uploads\/2024\/10\/LEDIANA-BESHAJ.jpg"},{"@type":"BreadcrumbList","@id":"https:\/\/fimif.edu.al\/departamentet\/qendra-e-gjuheve-te-huaja\/grupi-mesimor-kerkimor-qendra-e-gjuheve-te-huaja\/gjuhe-angleze\/cv-ledjana-beshaj\/#breadcrumb","itemListElement":[{"@type":"ListItem","position":1,"name":"Home","item":"https:\/\/fimif.edu.al\/"},{"@type":"ListItem","position":2,"name":"Departamentet","item":"https:\/\/fimif.edu.al\/departamentet\/"},{"@type":"ListItem","position":3,"name":"Qendra e Gjuh\u00ebve t\u00eb Huaja","item":"https:\/\/fimif.edu.al\/departamentet\/qendra-e-gjuheve-te-huaja\/"},{"@type":"ListItem","position":4,"name":"Grupi M\u00ebsimor K\u00ebrkimor Q\u00ebndra e Gjuh\u00ebve t\u00eb Huaja","item":"https:\/\/fimif.edu.al\/departamentet\/qendra-e-gjuheve-te-huaja\/grupi-mesimor-kerkimor-qendra-e-gjuheve-te-huaja\/"},{"@type":"ListItem","position":5,"name":"Gjuh\u00eb Angleze","item":"https:\/\/fimif.edu.al\/departamentet\/qendra-e-gjuheve-te-huaja\/grupi-mesimor-kerkimor-qendra-e-gjuheve-te-huaja\/gjuhe-angleze\/"},{"@type":"ListItem","position":6,"name":"CV Ledjana BESHAJ"}]},{"@type":"WebSite","@id":"https:\/\/fimif.edu.al\/#website","url":"https:\/\/fimif.edu.al\/","name":"Fakulteti i Inxhinieris\u00eb Matematike dhe Inxhinieris\u00eb Fizike","description":"FIMIF, UPT Tirane","publisher":{"@id":"https:\/\/fimif.edu.al\/#organization"},"potentialAction":[{"@type":"SearchAction","target":{"@type":"EntryPoint","urlTemplate":"https:\/\/fimif.edu.al\/?s={search_term_string}"},"query-input":{"@type":"PropertyValueSpecification","valueRequired":true,"valueName":"search_term_string"}}],"inLanguage":"en-GB"},{"@type":"Organization","@id":"https:\/\/fimif.edu.al\/#organization","name":"Fakulteti i Inxhinieris\u00eb Matematike dhe Inxhinieris\u00eb Fizike","url":"https:\/\/fimif.edu.al\/","logo":{"@type":"ImageObject","inLanguage":"en-GB","@id":"https:\/\/fimif.edu.al\/#\/schema\/logo\/image\/","url":"https:\/\/fimif.edu.al\/wp-content\/uploads\/2024\/10\/Fimif-Logo.svg","contentUrl":"https:\/\/fimif.edu.al\/wp-content\/uploads\/2024\/10\/Fimif-Logo.svg","width":653,"height":219,"caption":"Fakulteti i Inxhinieris\u00eb Matematike dhe Inxhinieris\u00eb Fizike"},"image":{"@id":"https:\/\/fimif.edu.al\/#\/schema\/logo\/image\/"},"sameAs":["https:\/\/www.facebook.com\/p\/Departamenti-i-Inxhinierise-Matematike-FIMIF-UPT-100077435994252\/"]}]}},"_links":{"self":[{"href":"https:\/\/fimif.edu.al\/en\/wp-json\/wp\/v2\/pages\/3731","targetHints":{"allow":["GET"]}}],"collection":[{"href":"https:\/\/fimif.edu.al\/en\/wp-json\/wp\/v2\/pages"}],"about":[{"href":"https:\/\/fimif.edu.al\/en\/wp-json\/wp\/v2\/types\/page"}],"author":[{"embeddable":true,"href":"https:\/\/fimif.edu.al\/en\/wp-json\/wp\/v2\/users\/1"}],"replies":[{"embeddable":true,"href":"https:\/\/fimif.edu.al\/en\/wp-json\/wp\/v2\/comments?post=3731"}],"version-history":[{"count":8,"href":"https:\/\/fimif.edu.al\/en\/wp-json\/wp\/v2\/pages\/3731\/revisions"}],"predecessor-version":[{"id":5701,"href":"https:\/\/fimif.edu.al\/en\/wp-json\/wp\/v2\/pages\/3731\/revisions\/5701"}],"up":[{"embeddable":true,"href":"https:\/\/fimif.edu.al\/en\/wp-json\/wp\/v2\/pages\/5695"}],"wp:attachment":[{"href":"https:\/\/fimif.edu.al\/en\/wp-json\/wp\/v2\/media?parent=3731"}],"curies":[{"name":"wp","href":"https:\/\/api.w.org\/{rel}","templated":true}]}}