{"id":3732,"date":"2024-10-11T09:50:27","date_gmt":"2024-10-11T07:50:27","guid":{"rendered":"https:\/\/fimif.farmaciferati.al\/?page_id=3732"},"modified":"2025-01-10T16:27:08","modified_gmt":"2025-01-10T15:27:08","slug":"cv-miranda-enesi","status":"publish","type":"page","link":"https:\/\/fimif.edu.al\/en\/departamentet\/qendra-e-gjuheve-te-huaja\/grupi-mesimor-kerkimor-qendra-e-gjuheve-te-huaja\/gjuhe-angleze\/cv-miranda-enesi\/","title":{"rendered":"CV Miranda ENESI"},"content":{"rendered":"<div data-elementor-type=\"wp-page\" data-elementor-id=\"3732\" class=\"elementor elementor-3732\" data-elementor-post-type=\"page\">\n\t\t\t\t<div class=\"elementor-element elementor-element-1087fc3 e-con-full e-flex e-con e-parent\" data-id=\"1087fc3\" data-element_type=\"container\" data-e-type=\"container\">\n\t\t\t\t<div class=\"elementor-element elementor-element-d65b559 elementor-widget elementor-widget-template\" data-id=\"d65b559\" data-element_type=\"widget\" data-e-type=\"widget\" data-widget_type=\"template.default\">\n\t\t\t\t<div class=\"elementor-widget-container\">\n\t\t\t\t\t\t\t<div class=\"elementor-template\">\n\t\t\t\t\t<div data-elementor-type=\"container\" data-elementor-id=\"3550\" class=\"elementor elementor-3550\" data-elementor-post-type=\"elementor_library\">\n\t\t\t\t<div class=\"elementor-element elementor-element-9293d27 e-flex e-con-boxed e-con e-parent\" data-id=\"9293d27\" data-element_type=\"container\" data-e-type=\"container\" data-settings=\"{&quot;background_background&quot;:&quot;classic&quot;}\">\n\t\t\t\t\t<div class=\"e-con-inner\">\n\t\t\t\t\t<\/div>\n\t\t\t\t<\/div>\n\t\t\t\t<\/div>\n\t\t\t\t<\/div>\n\t\t\t\t\t\t<\/div>\n\t\t\t\t<\/div>\n\t\t\t\t<\/div>\n\t\t<div class=\"elementor-element elementor-element-3f13a8e e-flex e-con-boxed e-con e-parent\" data-id=\"3f13a8e\" data-element_type=\"container\" data-e-type=\"container\">\n\t\t\t\t\t<div class=\"e-con-inner\">\n\t\t<div class=\"elementor-element elementor-element-cf78097 e-con-full e-flex e-con e-child\" data-id=\"cf78097\" data-element_type=\"container\" data-e-type=\"container\" data-settings=\"{&quot;background_background&quot;:&quot;classic&quot;}\">\n\t\t\t\t<div class=\"elementor-element elementor-element-9e84369 elementor-widget elementor-widget-image\" data-id=\"9e84369\" data-element_type=\"widget\" data-e-type=\"widget\" data-widget_type=\"image.default\">\n\t\t\t\t<div class=\"elementor-widget-container\">\n\t\t\t\t\t\t\t\t\t\t\t\t\t\t\t<img decoding=\"async\" width=\"148\" height=\"148\" src=\"https:\/\/fimif.edu.al\/wp-content\/uploads\/2024\/10\/MIRANDA-ENESI.jpg\" class=\"attachment-full size-full wp-image-3751\" alt=\"\" srcset=\"https:\/\/fimif.edu.al\/wp-content\/uploads\/2024\/10\/MIRANDA-ENESI.jpg 148w, https:\/\/fimif.edu.al\/wp-content\/uploads\/2024\/10\/MIRANDA-ENESI-12x12.jpg 12w\" sizes=\"(max-width: 148px) 100vw, 148px\" \/>\t\t\t\t\t\t\t\t\t\t\t\t\t\t\t<\/div>\n\t\t\t\t<\/div>\n\t\t\t\t<div class=\"elementor-element elementor-element-e93abdb elementor-widget-divider--view-line_text elementor-widget-divider--element-align-center elementor-widget elementor-widget-divider\" data-id=\"e93abdb\" data-element_type=\"widget\" data-e-type=\"widget\" data-widget_type=\"divider.default\">\n\t\t\t\t<div class=\"elementor-widget-container\">\n\t\t\t\t\t\t\t<div class=\"elementor-divider\">\n\t\t\t<span class=\"elementor-divider-separator\">\n\t\t\t\t\t\t\t<h2 class=\"elementor-divider__text elementor-divider__element\">\n\t\t\t\tEdukimi\t\t\t\t<\/h2>\n\t\t\t\t\t\t<\/span>\n\t\t<\/div>\n\t\t\t\t\t\t<\/div>\n\t\t\t\t<\/div>\n\t\t\t\t<div class=\"elementor-element elementor-element-bf80871 elementor-widget elementor-widget-text-editor\" data-id=\"bf80871\" data-element_type=\"widget\" data-e-type=\"widget\" data-widget_type=\"text-editor.default\">\n\t\t\t\t<div class=\"elementor-widget-container\">\n\t\t\t\t\t\t\t\t\t<p>Dr. Miranda Enesi lindur n\u00eb Durr\u00ebs m\u00eb 20 shkurt 1980, \u00ebsht\u00eb diplomuar n\u00eb vitin 2003 n\u00eb Universitetin e Tiran\u00ebs, Fakulteti i Gjuh\u00ebve t\u00eb Huaja, departamenti i Gjuh\u00ebs Angleze, Diploma: \u201cP\u00ebrkthyes dhe Interpret i Gjuh\u00ebs Angleze\u201d.<\/p><p>N\u00eb vitet 2006-2008 ndjek dhe p\u00ebrfundon studimet pasuniversitare n\u00eb \u201cGjuh\u00ebsi\u201c drejtimi \u201cLeksikologji\u201c, \u00a0n\u00eb Universiteti i Tiran\u00ebs, Fakulteti i Gjuh\u00ebve t\u00eb huaja\u200b\u200b, Departamenti i Gjuh\u00ebs Angleze.<\/p><p>N\u00eb vitin vitet 2009-2013 ndjek studimet e doktorat\u00ebs n\u00eb Universitetin e Tiran\u00ebs, Fakulteti i\u00a0 Gjuh\u00ebve t\u00eb huaja, Departamenti i Gjuh\u00ebs Angleze dhe kryen mbrojtjen e doktorat\u00ebs n\u00eb shkenca Gjuh\u00ebsore, drejtimi Morfologji dhe Semantik\u00eb dat\u00eb 09.07.2013.\u200b<\/p><p>N\u00eb vitin 2023 i jepet titulli Profesor i Asociuar me Vendim nr. 163, t\u00eb KPPA dat\u00eb 23.10.2023 n\u00eb Universitetin Politeknik T\u00eb Tiran\u00ebs.<\/p>\t\t\t\t\t\t\t\t<\/div>\n\t\t\t\t<\/div>\n\t\t\t\t<div class=\"elementor-element elementor-element-6bd67f2 elementor-widget-divider--view-line_text elementor-widget-divider--element-align-center elementor-widget elementor-widget-divider\" data-id=\"6bd67f2\" data-element_type=\"widget\" data-e-type=\"widget\" data-widget_type=\"divider.default\">\n\t\t\t\t<div class=\"elementor-widget-container\">\n\t\t\t\t\t\t\t<div class=\"elementor-divider\">\n\t\t\t<span class=\"elementor-divider-separator\">\n\t\t\t\t\t\t\t<h2 class=\"elementor-divider__text elementor-divider__element\">\n\t\t\t\tPun\u00ebsimi dhe funksione akademike\t\t\t\t<\/h2>\n\t\t\t\t\t\t<\/span>\n\t\t<\/div>\n\t\t\t\t\t\t<\/div>\n\t\t\t\t<\/div>\n\t\t\t\t<div class=\"elementor-element elementor-element-0f1ea44 elementor-widget elementor-widget-text-editor\" data-id=\"0f1ea44\" data-element_type=\"widget\" data-e-type=\"widget\" data-widget_type=\"text-editor.default\">\n\t\t\t\t<div class=\"elementor-widget-container\">\n\t\t\t\t\t\t\t\t\t<p>N\u00eb\u00a0 vitet 2008-2021 ka punuar si lektore e gjuh\u00ebs Angleze me koh\u00eb t\u00eb plot\u00eb pran\u00eb Departamentit t\u00eb Gjuh\u00ebve t\u00eb Huaja, Fakulteti i Edukimit, Universiteti Aleksand\u00ebr Moisiu, Durr\u00ebs.<\/p><p>N\u00eb vitin 2021 em\u00ebrohet Lektore e gjuh\u00ebs angleze, me koh\u00eb t\u00eb plot\u00eb, pran\u00eb Universitetit Politeknik T\u00eb Tiran\u00ebs, Fakulteti i Inxhinieris\u00eb Matematike e Fizike, Qendra e Gjuh\u00ebve T\u00eb Huaja.<\/p>\t\t\t\t\t\t\t\t<\/div>\n\t\t\t\t<\/div>\n\t\t\t\t<div class=\"elementor-element elementor-element-c287e0a elementor-widget-divider--view-line_text elementor-widget-divider--element-align-center elementor-widget elementor-widget-divider\" data-id=\"c287e0a\" data-element_type=\"widget\" data-e-type=\"widget\" data-widget_type=\"divider.default\">\n\t\t\t\t<div class=\"elementor-widget-container\">\n\t\t\t\t\t\t\t<div class=\"elementor-divider\">\n\t\t\t<span class=\"elementor-divider-separator\">\n\t\t\t\t\t\t\t<h2 class=\"elementor-divider__text elementor-divider__element\">\n\t\t\t\tAktiviteti shkencor\t\t\t\t<\/h2>\n\t\t\t\t\t\t<\/span>\n\t\t<\/div>\n\t\t\t\t\t\t<\/div>\n\t\t\t\t<\/div>\n\t\t\t\t<div class=\"elementor-element elementor-element-1af26d8 elementor-widget elementor-widget-text-editor\" data-id=\"1af26d8\" data-element_type=\"widget\" data-e-type=\"widget\" data-widget_type=\"text-editor.default\">\n\t\t\t\t<div class=\"elementor-widget-container\">\n\t\t\t\t\t\t\t\t\t<p>Prof. Asoc. Dr. Miranda Enesi \u00ebsht\u00eb autore e par\u00eb dhe bashk\u00ebautore e rreth 16 publikimeve dhe rreth 30 referimeve n\u00eb konferenca e komb\u00ebtare e nd\u00ebrkomb\u00ebtare n\u00eb fush\u00ebn e Gjuh\u00ebsis\u00eb e m\u00ebsimdh\u00ebnies s\u00eb Gjuh\u00ebn Angleze.<\/p>\t\t\t\t\t\t\t\t<\/div>\n\t\t\t\t<\/div>\n\t\t\t\t<\/div>\n\t\t\t\t\t<\/div>\n\t\t\t\t<\/div>\n\t\t\t\t<\/div>","protected":false},"excerpt":{"rendered":"<p>Edukimi Dr. Miranda Enesi lindur n\u00eb Durr\u00ebs m\u00eb 20 shkurt 1980, \u00ebsht\u00eb diplomuar n\u00eb vitin 2003 n\u00eb Universitetin e Tiran\u00ebs, Fakulteti i Gjuh\u00ebve t\u00eb Huaja, departamenti i Gjuh\u00ebs Angleze, Diploma: \u201cP\u00ebrkthyes dhe Interpret i Gjuh\u00ebs Angleze\u201d. N\u00eb vitet 2006-2008 ndjek dhe p\u00ebrfundon studimet pasuniversitare n\u00eb \u201cGjuh\u00ebsi\u201c drejtimi \u201cLeksikologji\u201c, \u00a0n\u00eb Universiteti i Tiran\u00ebs, Fakulteti i Gjuh\u00ebve [&hellip;]<\/p>\n","protected":false},"author":1,"featured_media":0,"parent":5695,"menu_order":0,"comment_status":"closed","ping_status":"closed","template":"","meta":{"footnotes":""},"class_list":["post-3732","page","type-page","status-publish","hentry"],"yoast_head":"<!-- This site is optimized with the Yoast SEO plugin v27.4 - https:\/\/yoast.com\/product\/yoast-seo-wordpress\/ -->\n<title>CV Miranda ENESI - Fakulteti i Inxhinieris\u00eb Matematike dhe Inxhinieris\u00eb Fizike<\/title>\n<meta name=\"robots\" content=\"index, follow, max-snippet:-1, max-image-preview:large, max-video-preview:-1\" \/>\n<link rel=\"canonical\" href=\"https:\/\/fimif.edu.al\/en\/departamentet\/qendra-e-gjuheve-te-huaja\/grupi-mesimor-kerkimor-qendra-e-gjuheve-te-huaja\/gjuhe-angleze\/cv-miranda-enesi\/\" \/>\n<meta property=\"og:locale\" content=\"en_GB\" \/>\n<meta property=\"og:type\" content=\"article\" \/>\n<meta property=\"og:title\" content=\"CV Miranda ENESI - Fakulteti i Inxhinieris\u00eb Matematike dhe Inxhinieris\u00eb Fizike\" \/>\n<meta property=\"og:description\" content=\"Edukimi Dr. Miranda Enesi lindur n\u00eb Durr\u00ebs m\u00eb 20 shkurt 1980, \u00ebsht\u00eb diplomuar n\u00eb vitin 2003 n\u00eb Universitetin e Tiran\u00ebs, Fakulteti i Gjuh\u00ebve t\u00eb Huaja, departamenti i Gjuh\u00ebs Angleze, Diploma: \u201cP\u00ebrkthyes dhe Interpret i Gjuh\u00ebs Angleze\u201d. N\u00eb vitet 2006-2008 ndjek dhe p\u00ebrfundon studimet pasuniversitare n\u00eb \u201cGjuh\u00ebsi\u201c drejtimi \u201cLeksikologji\u201c, \u00a0n\u00eb Universiteti i Tiran\u00ebs, Fakulteti i Gjuh\u00ebve [&hellip;]\" \/>\n<meta property=\"og:url\" content=\"https:\/\/fimif.edu.al\/en\/departamentet\/qendra-e-gjuheve-te-huaja\/grupi-mesimor-kerkimor-qendra-e-gjuheve-te-huaja\/gjuhe-angleze\/cv-miranda-enesi\/\" \/>\n<meta property=\"og:site_name\" content=\"Fakulteti i Inxhinieris\u00eb Matematike dhe Inxhinieris\u00eb Fizike\" \/>\n<meta property=\"article:publisher\" content=\"https:\/\/www.facebook.com\/p\/Departamenti-i-Inxhinierise-Matematike-FIMIF-UPT-100077435994252\/\" \/>\n<meta property=\"article:modified_time\" content=\"2025-01-10T15:27:08+00:00\" \/>\n<meta property=\"og:image\" content=\"https:\/\/fimif.edu.al\/wp-content\/uploads\/2024\/10\/MIRANDA-ENESI.jpg\" \/>\n<meta name=\"twitter:card\" content=\"summary_large_image\" \/>\n<meta name=\"twitter:label1\" content=\"Estimated reading time\" \/>\n\t<meta name=\"twitter:data1\" content=\"2 minutes\" \/>\n<script type=\"application\/ld+json\" class=\"yoast-schema-graph\">{\"@context\":\"https:\\\/\\\/schema.org\",\"@graph\":[{\"@type\":\"WebPage\",\"@id\":\"https:\\\/\\\/fimif.edu.al\\\/departamentet\\\/qendra-e-gjuheve-te-huaja\\\/grupi-mesimor-kerkimor-qendra-e-gjuheve-te-huaja\\\/gjuhe-angleze\\\/cv-miranda-enesi\\\/\",\"url\":\"https:\\\/\\\/fimif.edu.al\\\/departamentet\\\/qendra-e-gjuheve-te-huaja\\\/grupi-mesimor-kerkimor-qendra-e-gjuheve-te-huaja\\\/gjuhe-angleze\\\/cv-miranda-enesi\\\/\",\"name\":\"CV Miranda ENESI - Fakulteti i Inxhinieris\u00eb Matematike dhe Inxhinieris\u00eb Fizike\",\"isPartOf\":{\"@id\":\"https:\\\/\\\/fimif.edu.al\\\/#website\"},\"primaryImageOfPage\":{\"@id\":\"https:\\\/\\\/fimif.edu.al\\\/departamentet\\\/qendra-e-gjuheve-te-huaja\\\/grupi-mesimor-kerkimor-qendra-e-gjuheve-te-huaja\\\/gjuhe-angleze\\\/cv-miranda-enesi\\\/#primaryimage\"},\"image\":{\"@id\":\"https:\\\/\\\/fimif.edu.al\\\/departamentet\\\/qendra-e-gjuheve-te-huaja\\\/grupi-mesimor-kerkimor-qendra-e-gjuheve-te-huaja\\\/gjuhe-angleze\\\/cv-miranda-enesi\\\/#primaryimage\"},\"thumbnailUrl\":\"https:\\\/\\\/fimif.edu.al\\\/wp-content\\\/uploads\\\/2024\\\/10\\\/MIRANDA-ENESI.jpg\",\"datePublished\":\"2024-10-11T07:50:27+00:00\",\"dateModified\":\"2025-01-10T15:27:08+00:00\",\"breadcrumb\":{\"@id\":\"https:\\\/\\\/fimif.edu.al\\\/departamentet\\\/qendra-e-gjuheve-te-huaja\\\/grupi-mesimor-kerkimor-qendra-e-gjuheve-te-huaja\\\/gjuhe-angleze\\\/cv-miranda-enesi\\\/#breadcrumb\"},\"inLanguage\":\"en-GB\",\"potentialAction\":[{\"@type\":\"ReadAction\",\"target\":[\"https:\\\/\\\/fimif.edu.al\\\/departamentet\\\/qendra-e-gjuheve-te-huaja\\\/grupi-mesimor-kerkimor-qendra-e-gjuheve-te-huaja\\\/gjuhe-angleze\\\/cv-miranda-enesi\\\/\"]}]},{\"@type\":\"ImageObject\",\"inLanguage\":\"en-GB\",\"@id\":\"https:\\\/\\\/fimif.edu.al\\\/departamentet\\\/qendra-e-gjuheve-te-huaja\\\/grupi-mesimor-kerkimor-qendra-e-gjuheve-te-huaja\\\/gjuhe-angleze\\\/cv-miranda-enesi\\\/#primaryimage\",\"url\":\"https:\\\/\\\/fimif.edu.al\\\/wp-content\\\/uploads\\\/2024\\\/10\\\/MIRANDA-ENESI.jpg\",\"contentUrl\":\"https:\\\/\\\/fimif.edu.al\\\/wp-content\\\/uploads\\\/2024\\\/10\\\/MIRANDA-ENESI.jpg\"},{\"@type\":\"BreadcrumbList\",\"@id\":\"https:\\\/\\\/fimif.edu.al\\\/departamentet\\\/qendra-e-gjuheve-te-huaja\\\/grupi-mesimor-kerkimor-qendra-e-gjuheve-te-huaja\\\/gjuhe-angleze\\\/cv-miranda-enesi\\\/#breadcrumb\",\"itemListElement\":[{\"@type\":\"ListItem\",\"position\":1,\"name\":\"Home\",\"item\":\"https:\\\/\\\/fimif.edu.al\\\/\"},{\"@type\":\"ListItem\",\"position\":2,\"name\":\"Departamentet\",\"item\":\"https:\\\/\\\/fimif.edu.al\\\/departamentet\\\/\"},{\"@type\":\"ListItem\",\"position\":3,\"name\":\"Qendra e Gjuh\u00ebve t\u00eb Huaja\",\"item\":\"https:\\\/\\\/fimif.edu.al\\\/departamentet\\\/qendra-e-gjuheve-te-huaja\\\/\"},{\"@type\":\"ListItem\",\"position\":4,\"name\":\"Grupi M\u00ebsimor K\u00ebrkimor Q\u00ebndra e Gjuh\u00ebve t\u00eb Huaja\",\"item\":\"https:\\\/\\\/fimif.edu.al\\\/departamentet\\\/qendra-e-gjuheve-te-huaja\\\/grupi-mesimor-kerkimor-qendra-e-gjuheve-te-huaja\\\/\"},{\"@type\":\"ListItem\",\"position\":5,\"name\":\"Gjuh\u00eb Angleze\",\"item\":\"https:\\\/\\\/fimif.edu.al\\\/departamentet\\\/qendra-e-gjuheve-te-huaja\\\/grupi-mesimor-kerkimor-qendra-e-gjuheve-te-huaja\\\/gjuhe-angleze\\\/\"},{\"@type\":\"ListItem\",\"position\":6,\"name\":\"CV Miranda ENESI\"}]},{\"@type\":\"WebSite\",\"@id\":\"https:\\\/\\\/fimif.edu.al\\\/#website\",\"url\":\"https:\\\/\\\/fimif.edu.al\\\/\",\"name\":\"Fakulteti i Inxhinieris\u00eb Matematike dhe Inxhinieris\u00eb Fizike\",\"description\":\"FIMIF, UPT Tirane\",\"publisher\":{\"@id\":\"https:\\\/\\\/fimif.edu.al\\\/#organization\"},\"potentialAction\":[{\"@type\":\"SearchAction\",\"target\":{\"@type\":\"EntryPoint\",\"urlTemplate\":\"https:\\\/\\\/fimif.edu.al\\\/?s={search_term_string}\"},\"query-input\":{\"@type\":\"PropertyValueSpecification\",\"valueRequired\":true,\"valueName\":\"search_term_string\"}}],\"inLanguage\":\"en-GB\"},{\"@type\":\"Organization\",\"@id\":\"https:\\\/\\\/fimif.edu.al\\\/#organization\",\"name\":\"Fakulteti i Inxhinieris\u00eb Matematike dhe Inxhinieris\u00eb Fizike\",\"url\":\"https:\\\/\\\/fimif.edu.al\\\/\",\"logo\":{\"@type\":\"ImageObject\",\"inLanguage\":\"en-GB\",\"@id\":\"https:\\\/\\\/fimif.edu.al\\\/#\\\/schema\\\/logo\\\/image\\\/\",\"url\":\"https:\\\/\\\/fimif.edu.al\\\/wp-content\\\/uploads\\\/2024\\\/10\\\/Fimif-Logo.svg\",\"contentUrl\":\"https:\\\/\\\/fimif.edu.al\\\/wp-content\\\/uploads\\\/2024\\\/10\\\/Fimif-Logo.svg\",\"width\":653,\"height\":219,\"caption\":\"Fakulteti i Inxhinieris\u00eb Matematike dhe Inxhinieris\u00eb Fizike\"},\"image\":{\"@id\":\"https:\\\/\\\/fimif.edu.al\\\/#\\\/schema\\\/logo\\\/image\\\/\"},\"sameAs\":[\"https:\\\/\\\/www.facebook.com\\\/p\\\/Departamenti-i-Inxhinierise-Matematike-FIMIF-UPT-100077435994252\\\/\"]}]}<\/script>\n<!-- \/ Yoast SEO plugin. -->","yoast_head_json":{"title":"CV Miranda ENESI - Fakulteti i Inxhinieris\u00eb Matematike dhe Inxhinieris\u00eb Fizike","robots":{"index":"index","follow":"follow","max-snippet":"max-snippet:-1","max-image-preview":"max-image-preview:large","max-video-preview":"max-video-preview:-1"},"canonical":"https:\/\/fimif.edu.al\/en\/departamentet\/qendra-e-gjuheve-te-huaja\/grupi-mesimor-kerkimor-qendra-e-gjuheve-te-huaja\/gjuhe-angleze\/cv-miranda-enesi\/","og_locale":"en_GB","og_type":"article","og_title":"CV Miranda ENESI - Fakulteti i Inxhinieris\u00eb Matematike dhe Inxhinieris\u00eb Fizike","og_description":"Edukimi Dr. Miranda Enesi lindur n\u00eb Durr\u00ebs m\u00eb 20 shkurt 1980, \u00ebsht\u00eb diplomuar n\u00eb vitin 2003 n\u00eb Universitetin e Tiran\u00ebs, Fakulteti i Gjuh\u00ebve t\u00eb Huaja, departamenti i Gjuh\u00ebs Angleze, Diploma: \u201cP\u00ebrkthyes dhe Interpret i Gjuh\u00ebs Angleze\u201d. N\u00eb vitet 2006-2008 ndjek dhe p\u00ebrfundon studimet pasuniversitare n\u00eb \u201cGjuh\u00ebsi\u201c drejtimi \u201cLeksikologji\u201c, \u00a0n\u00eb Universiteti i Tiran\u00ebs, Fakulteti i Gjuh\u00ebve [&hellip;]","og_url":"https:\/\/fimif.edu.al\/en\/departamentet\/qendra-e-gjuheve-te-huaja\/grupi-mesimor-kerkimor-qendra-e-gjuheve-te-huaja\/gjuhe-angleze\/cv-miranda-enesi\/","og_site_name":"Fakulteti i Inxhinieris\u00eb Matematike dhe Inxhinieris\u00eb Fizike","article_publisher":"https:\/\/www.facebook.com\/p\/Departamenti-i-Inxhinierise-Matematike-FIMIF-UPT-100077435994252\/","article_modified_time":"2025-01-10T15:27:08+00:00","og_image":[{"url":"https:\/\/fimif.edu.al\/wp-content\/uploads\/2024\/10\/MIRANDA-ENESI.jpg","type":"","width":"","height":""}],"twitter_card":"summary_large_image","twitter_misc":{"Estimated reading time":"2 minutes"},"schema":{"@context":"https:\/\/schema.org","@graph":[{"@type":"WebPage","@id":"https:\/\/fimif.edu.al\/departamentet\/qendra-e-gjuheve-te-huaja\/grupi-mesimor-kerkimor-qendra-e-gjuheve-te-huaja\/gjuhe-angleze\/cv-miranda-enesi\/","url":"https:\/\/fimif.edu.al\/departamentet\/qendra-e-gjuheve-te-huaja\/grupi-mesimor-kerkimor-qendra-e-gjuheve-te-huaja\/gjuhe-angleze\/cv-miranda-enesi\/","name":"CV Miranda ENESI - Fakulteti i Inxhinieris\u00eb Matematike dhe Inxhinieris\u00eb Fizike","isPartOf":{"@id":"https:\/\/fimif.edu.al\/#website"},"primaryImageOfPage":{"@id":"https:\/\/fimif.edu.al\/departamentet\/qendra-e-gjuheve-te-huaja\/grupi-mesimor-kerkimor-qendra-e-gjuheve-te-huaja\/gjuhe-angleze\/cv-miranda-enesi\/#primaryimage"},"image":{"@id":"https:\/\/fimif.edu.al\/departamentet\/qendra-e-gjuheve-te-huaja\/grupi-mesimor-kerkimor-qendra-e-gjuheve-te-huaja\/gjuhe-angleze\/cv-miranda-enesi\/#primaryimage"},"thumbnailUrl":"https:\/\/fimif.edu.al\/wp-content\/uploads\/2024\/10\/MIRANDA-ENESI.jpg","datePublished":"2024-10-11T07:50:27+00:00","dateModified":"2025-01-10T15:27:08+00:00","breadcrumb":{"@id":"https:\/\/fimif.edu.al\/departamentet\/qendra-e-gjuheve-te-huaja\/grupi-mesimor-kerkimor-qendra-e-gjuheve-te-huaja\/gjuhe-angleze\/cv-miranda-enesi\/#breadcrumb"},"inLanguage":"en-GB","potentialAction":[{"@type":"ReadAction","target":["https:\/\/fimif.edu.al\/departamentet\/qendra-e-gjuheve-te-huaja\/grupi-mesimor-kerkimor-qendra-e-gjuheve-te-huaja\/gjuhe-angleze\/cv-miranda-enesi\/"]}]},{"@type":"ImageObject","inLanguage":"en-GB","@id":"https:\/\/fimif.edu.al\/departamentet\/qendra-e-gjuheve-te-huaja\/grupi-mesimor-kerkimor-qendra-e-gjuheve-te-huaja\/gjuhe-angleze\/cv-miranda-enesi\/#primaryimage","url":"https:\/\/fimif.edu.al\/wp-content\/uploads\/2024\/10\/MIRANDA-ENESI.jpg","contentUrl":"https:\/\/fimif.edu.al\/wp-content\/uploads\/2024\/10\/MIRANDA-ENESI.jpg"},{"@type":"BreadcrumbList","@id":"https:\/\/fimif.edu.al\/departamentet\/qendra-e-gjuheve-te-huaja\/grupi-mesimor-kerkimor-qendra-e-gjuheve-te-huaja\/gjuhe-angleze\/cv-miranda-enesi\/#breadcrumb","itemListElement":[{"@type":"ListItem","position":1,"name":"Home","item":"https:\/\/fimif.edu.al\/"},{"@type":"ListItem","position":2,"name":"Departamentet","item":"https:\/\/fimif.edu.al\/departamentet\/"},{"@type":"ListItem","position":3,"name":"Qendra e Gjuh\u00ebve t\u00eb Huaja","item":"https:\/\/fimif.edu.al\/departamentet\/qendra-e-gjuheve-te-huaja\/"},{"@type":"ListItem","position":4,"name":"Grupi M\u00ebsimor K\u00ebrkimor Q\u00ebndra e Gjuh\u00ebve t\u00eb Huaja","item":"https:\/\/fimif.edu.al\/departamentet\/qendra-e-gjuheve-te-huaja\/grupi-mesimor-kerkimor-qendra-e-gjuheve-te-huaja\/"},{"@type":"ListItem","position":5,"name":"Gjuh\u00eb Angleze","item":"https:\/\/fimif.edu.al\/departamentet\/qendra-e-gjuheve-te-huaja\/grupi-mesimor-kerkimor-qendra-e-gjuheve-te-huaja\/gjuhe-angleze\/"},{"@type":"ListItem","position":6,"name":"CV Miranda ENESI"}]},{"@type":"WebSite","@id":"https:\/\/fimif.edu.al\/#website","url":"https:\/\/fimif.edu.al\/","name":"Fakulteti i Inxhinieris\u00eb Matematike dhe Inxhinieris\u00eb Fizike","description":"FIMIF, UPT Tirane","publisher":{"@id":"https:\/\/fimif.edu.al\/#organization"},"potentialAction":[{"@type":"SearchAction","target":{"@type":"EntryPoint","urlTemplate":"https:\/\/fimif.edu.al\/?s={search_term_string}"},"query-input":{"@type":"PropertyValueSpecification","valueRequired":true,"valueName":"search_term_string"}}],"inLanguage":"en-GB"},{"@type":"Organization","@id":"https:\/\/fimif.edu.al\/#organization","name":"Fakulteti i Inxhinieris\u00eb Matematike dhe Inxhinieris\u00eb Fizike","url":"https:\/\/fimif.edu.al\/","logo":{"@type":"ImageObject","inLanguage":"en-GB","@id":"https:\/\/fimif.edu.al\/#\/schema\/logo\/image\/","url":"https:\/\/fimif.edu.al\/wp-content\/uploads\/2024\/10\/Fimif-Logo.svg","contentUrl":"https:\/\/fimif.edu.al\/wp-content\/uploads\/2024\/10\/Fimif-Logo.svg","width":653,"height":219,"caption":"Fakulteti i Inxhinieris\u00eb Matematike dhe Inxhinieris\u00eb Fizike"},"image":{"@id":"https:\/\/fimif.edu.al\/#\/schema\/logo\/image\/"},"sameAs":["https:\/\/www.facebook.com\/p\/Departamenti-i-Inxhinierise-Matematike-FIMIF-UPT-100077435994252\/"]}]}},"_links":{"self":[{"href":"https:\/\/fimif.edu.al\/en\/wp-json\/wp\/v2\/pages\/3732","targetHints":{"allow":["GET"]}}],"collection":[{"href":"https:\/\/fimif.edu.al\/en\/wp-json\/wp\/v2\/pages"}],"about":[{"href":"https:\/\/fimif.edu.al\/en\/wp-json\/wp\/v2\/types\/page"}],"author":[{"embeddable":true,"href":"https:\/\/fimif.edu.al\/en\/wp-json\/wp\/v2\/users\/1"}],"replies":[{"embeddable":true,"href":"https:\/\/fimif.edu.al\/en\/wp-json\/wp\/v2\/comments?post=3732"}],"version-history":[{"count":7,"href":"https:\/\/fimif.edu.al\/en\/wp-json\/wp\/v2\/pages\/3732\/revisions"}],"predecessor-version":[{"id":3894,"href":"https:\/\/fimif.edu.al\/en\/wp-json\/wp\/v2\/pages\/3732\/revisions\/3894"}],"up":[{"embeddable":true,"href":"https:\/\/fimif.edu.al\/en\/wp-json\/wp\/v2\/pages\/5695"}],"wp:attachment":[{"href":"https:\/\/fimif.edu.al\/en\/wp-json\/wp\/v2\/media?parent=3732"}],"curies":[{"name":"wp","href":"https:\/\/api.w.org\/{rel}","templated":true}]}}