{"id":4023,"date":"2024-11-07T12:19:44","date_gmt":"2024-11-07T11:19:44","guid":{"rendered":"https:\/\/fimif.farmaciferati.al\/?page_id=4023"},"modified":"2024-11-20T16:06:34","modified_gmt":"2024-11-20T15:06:34","slug":"bachelor-ne-inxhinieri-kimike","status":"publish","type":"page","link":"https:\/\/fimif.edu.al\/en\/programet-e-studimit\/cikli-i-i-studimeve\/bachelor-ne-inxhinieri-kimike\/","title":{"rendered":"Bachelor in Chemical Engineering"},"content":{"rendered":"\t\t<div data-elementor-type=\"wp-page\" data-elementor-id=\"4023\" class=\"elementor elementor-4023\" data-elementor-post-type=\"page\">\n\t\t\t\t<div class=\"elementor-element elementor-element-e772a5e e-flex e-con-boxed e-con e-parent\" data-id=\"e772a5e\" data-element_type=\"container\" data-e-type=\"container\">\n\t\t\t\t\t<div class=\"e-con-inner\">\n\t\t<div class=\"elementor-element elementor-element-af3306d e-con-full e-flex e-con e-child\" data-id=\"af3306d\" data-element_type=\"container\" data-e-type=\"container\" data-settings=\"{&quot;sticky&quot;:&quot;top&quot;,&quot;sticky_on&quot;:[&quot;desktop&quot;,&quot;laptop&quot;,&quot;tablet&quot;],&quot;sticky_offset&quot;:80,&quot;sticky_parent&quot;:&quot;yes&quot;,&quot;sticky_effects_offset&quot;:0,&quot;sticky_anchor_link_offset&quot;:0}\">\n\t\t\t\t<div class=\"elementor-element elementor-element-4ecdfe0 elementor-widget elementor-widget-template\" data-id=\"4ecdfe0\" data-element_type=\"widget\" data-e-type=\"widget\" data-widget_type=\"template.default\">\n\t\t\t\t<div class=\"elementor-widget-container\">\n\t\t\t\t\t\t\t<div class=\"elementor-template\">\n\t\t\t\t\t<div data-elementor-type=\"container\" data-elementor-id=\"4511\" class=\"elementor elementor-4511\" data-elementor-post-type=\"elementor_library\">\n\t\t\t\t<div class=\"elementor-element elementor-element-975ae01 e-flex e-con-boxed e-con e-parent\" data-id=\"975ae01\" data-element_type=\"container\" data-e-type=\"container\">\n\t\t\t\t\t<div class=\"e-con-inner\">\n\t\t\t\t<div class=\"elementor-element elementor-element-5a80bd9 elementor-nav-menu__text-align-aside elementor-widget elementor-widget-nav-menu\" data-id=\"5a80bd9\" data-element_type=\"widget\" data-e-type=\"widget\" data-settings=\"{&quot;layout&quot;:&quot;dropdown&quot;,&quot;submenu_icon&quot;:{&quot;value&quot;:&quot;&lt;svg aria-hidden=\\&quot;true\\&quot; class=\\&quot;e-font-icon-svg e-fas-caret-down\\&quot; viewBox=\\&quot;0 0 320 512\\&quot; xmlns=\\&quot;http:\\\/\\\/www.w3.org\\\/2000\\\/svg\\&quot;&gt;&lt;path d=\\&quot;M31.3 192h257.3c17.8 0 26.7 21.5 14.1 34.1L174.1 354.8c-7.8 7.8-20.5 7.8-28.3 0L17.2 226.1C4.6 213.5 13.5 192 31.3 192z\\&quot;&gt;&lt;\\\/path&gt;&lt;\\\/svg&gt;&quot;,&quot;library&quot;:&quot;fa-solid&quot;}}\" data-widget_type=\"nav-menu.default\">\n\t\t\t\t<div class=\"elementor-widget-container\">\n\t\t\t\t\t\t\t\t<nav class=\"elementor-nav-menu--dropdown elementor-nav-menu__container\" aria-hidden=\"true\">\n\t\t\t\t<ul id=\"menu-2-5a80bd9\" class=\"elementor-nav-menu\"><li class=\"menu-item menu-item-type-post_type menu-item-object-page menu-item-has-children menu-item-4505\"><a href=\"https:\/\/fimif.edu.al\/en\/programet-e-studimit\/cikli-i-i-studimeve\/bachelor-ne-inxhinieri-matematike\/\" class=\"elementor-item\" tabindex=\"-1\">Bachelor n\u00eb Inxhinieri Matematike<\/a>\n<ul class=\"sub-menu elementor-nav-menu--dropdown\">\n\t<li class=\"menu-item menu-item-type-post_type menu-item-object-page menu-item-4507\"><a href=\"https:\/\/fimif.edu.al\/en\/departamentet\/departamenti-i-inxhinierise-matematike\/plani-mesimor-bach-im\/\" class=\"elementor-sub-item\" tabindex=\"-1\">Plani M\u00ebsimor<\/a><\/li>\n\t<li class=\"menu-item menu-item-type-post_type menu-item-object-page menu-item-4509\"><a href=\"https:\/\/fimif.edu.al\/en\/programet-e-studimit\/cikli-i-i-studimeve\/bachelor-ne-inxhinieri-matematike\/rregullore-bach-im\/\" class=\"elementor-sub-item\" tabindex=\"-1\">Rregullore Bach-IM<\/a><\/li>\n<\/ul>\n<\/li>\n<li class=\"menu-item menu-item-type-post_type menu-item-object-page menu-item-has-children menu-item-4500\"><a href=\"https:\/\/fimif.edu.al\/en\/programet-e-studimit\/cikli-i-i-studimeve\/bachelor-ne-inxhinieri-fizike\/\" class=\"elementor-item\" tabindex=\"-1\">Bachelor n\u00eb Inxhinieri Fizike<\/a>\n<ul class=\"sub-menu elementor-nav-menu--dropdown\">\n\t<li class=\"menu-item menu-item-type-post_type menu-item-object-page menu-item-4504\"><a href=\"https:\/\/fimif.edu.al\/en\/programet-e-studimit\/cikli-i-i-studimeve\/bachelor-ne-inxhinieri-fizike\/plani-mesimor-bach-if\/\" class=\"elementor-sub-item\" tabindex=\"-1\">Plani M\u00ebsimor<\/a><\/li>\n\t<li class=\"menu-item menu-item-type-post_type menu-item-object-page menu-item-4503\"><a href=\"https:\/\/fimif.edu.al\/en\/programet-e-studimit\/cikli-i-i-studimeve\/bachelor-ne-inxhinieri-fizike\/rregullore-bach-if\/\" class=\"elementor-sub-item\" tabindex=\"-1\">Rregullore Bach-IF<\/a><\/li>\n<\/ul>\n<\/li>\n<li class=\"menu-item menu-item-type-post_type menu-item-object-page menu-item-has-children menu-item-4646\"><a href=\"https:\/\/fimif.edu.al\/en\/programet-e-studimit\/cikli-i-i-studimeve\/bachelor-ne-inxhinieri-kimike\/\" class=\"elementor-item\" tabindex=\"-1\">Bachelor n\u00eb Inxhinieri Kimike<\/a>\n<ul class=\"sub-menu elementor-nav-menu--dropdown\">\n\t<li class=\"menu-item menu-item-type-post_type menu-item-object-page menu-item-4508\"><a href=\"https:\/\/fimif.edu.al\/en\/programet-e-studimit\/cikli-i-i-studimeve\/bachelor-ne-inxhinieri-kimike\/plani-mesimor-bach-ik\/\" class=\"elementor-sub-item\" tabindex=\"-1\">Plani M\u00ebsimor<\/a><\/li>\n\t<li class=\"menu-item menu-item-type-post_type menu-item-object-page menu-item-4510\"><a href=\"https:\/\/fimif.edu.al\/en\/programet-e-studimit\/cikli-i-i-studimeve\/bachelor-ne-inxhinieri-kimike\/rregullore-bach-ik\/\" class=\"elementor-sub-item\" tabindex=\"-1\">Rregullore Bach-IK<\/a><\/li>\n<\/ul>\n<\/li>\n<\/ul>\t\t\t<\/nav>\n\t\t\t\t\t\t<\/div>\n\t\t\t\t<\/div>\n\t\t\t\t\t<\/div>\n\t\t\t\t<\/div>\n\t\t\t\t<\/div>\n\t\t\t\t<\/div>\n\t\t\t\t\t\t<\/div>\n\t\t\t\t<\/div>\n\t\t\t\t<\/div>\n\t\t<div class=\"elementor-element elementor-element-60c4930 e-con-full e-flex e-con e-child\" data-id=\"60c4930\" data-element_type=\"container\" data-e-type=\"container\" data-settings=\"{&quot;background_background&quot;:&quot;classic&quot;}\">\n\t\t\t\t<div class=\"elementor-element elementor-element-68a70e8 elementor-widget__width-inherit elementor-widget elementor-widget-heading\" data-id=\"68a70e8\" data-element_type=\"widget\" data-e-type=\"widget\" data-widget_type=\"heading.default\">\n\t\t\t\t<div class=\"elementor-widget-container\">\n\t\t\t\t\t<h1 class=\"elementor-heading-title elementor-size-default\">Programet e Studimit - Departamenti i Inxhinieris\u00eb Kimike<\/h1>\t\t\t\t<\/div>\n\t\t\t\t<\/div>\n\t\t\t\t<div class=\"elementor-element elementor-element-7e4a3ee elementor-widget__width-inherit elementor-widget elementor-widget-heading\" data-id=\"7e4a3ee\" data-element_type=\"widget\" data-e-type=\"widget\" data-widget_type=\"heading.default\">\n\t\t\t\t<div class=\"elementor-widget-container\">\n\t\t\t\t\t<h2 class=\"elementor-heading-title elementor-size-default\">Misioni i Departamentit t\u00eb Inxhinieris\u00eb Kimike<\/h2>\t\t\t\t<\/div>\n\t\t\t\t<\/div>\n\t\t\t\t<div class=\"elementor-element elementor-element-972cad0 elementor-widget elementor-widget-text-editor\" data-id=\"972cad0\" data-element_type=\"widget\" data-e-type=\"widget\" data-widget_type=\"text-editor.default\">\n\t\t\t\t<div class=\"elementor-widget-container\">\n\t\t\t\t\t\t\t\t\t<p>Kursi i studimeve i ciklit t\u00eb par\u00eb Bachelor n\u00eb Inxhinieri Kimike, i cili zgjat 3 (tre) vite<br \/>Akademike dhe 180 kredite ETC, ka si objektiv t\u00eb formoj\u00eb profesionist\u00eb t\u00eb pajisur me shprehit\u00eb baz\u00eb<br \/>(shkencore dhe inxhinierike) n\u00eb fush\u00ebn e projektimit dhe menaxhimit t\u00eb prodhimit kimik.<\/p><p>Bachelor n\u00eb Inxhinieri Kimike \u00ebsht\u00eb cikli i par\u00eb i studimeve q\u00eb mb\u00ebshtetet n\u00eb formimin inxhinierik dhe n\u00eb<br \/>njohurite themelore dhe moderne te zbatimeve t\u00eb saj sot. Ky profesion i listuar ne grupin profesional<br \/>me kod 2145, i p\u00ebrket nivelit t\u00eb kat\u00ebrt t\u00eb List\u00ebs Kombetare t\u00eb Profesioneve.<\/p><p>Studimet e ciklit t\u00eb par\u00eb \u201cBachelor n\u00eb Inxhinieri Kimike synojne t\u00eb formoj\u00eb studente q\u00eb t\u00eb jen\u00eb n\u00eb<br \/>gjendje t\u00eb g\u00ebrshetojn\u00eb njohuri t\u00eb avancuara t\u00eb matematikes, fizikes dhe kimis\u00eb, n\u00eb teori dhe programim<br \/>dhe t\u00eb kryejn\u00eb k\u00ebrkime dhe zhvillojn\u00eb, k\u00ebshillojn\u00eb ose drejtojn\u00eb proceset kimike komerciale dhe prodhimin e nje sere substancash dhe produktesh t\u00eb tilla si nafta dhe derivatet e saj, produktet ushqimore dhe pije, materiale farmaceutike, ila\u00e7e apo produkte sintetike.<\/p><p>Inxhinieri kimist, si profesion, drejton mir\u00ebmbajtjen dhe riparimin e impjanteve dhe paisjeve<br \/>kimike. Gjithashtu aft\u00ebsohet n\u00eb p\u00ebrdorimin e teknologjis\u00eb kompjuterike dhe softeve komplekse<br \/>modern per skicimin, modelimin, llogaritjen dhe projektimin e proceseve te industris\u00eb kimike.<\/p>\t\t\t\t\t\t\t\t<\/div>\n\t\t\t\t<\/div>\n\t\t\t\t<div class=\"elementor-element elementor-element-b5003a5 elementor-widget__width-inherit elementor-widget elementor-widget-heading\" data-id=\"b5003a5\" data-element_type=\"widget\" data-e-type=\"widget\" data-widget_type=\"heading.default\">\n\t\t\t\t<div class=\"elementor-widget-container\">\n\t\t\t\t\t<h2 class=\"elementor-heading-title elementor-size-default\">Njohurit\u00eb dhe kompetencat e student\u00ebve n\u00eb p\u00ebrfundim t\u00eb programit m\u00ebsimor<\/h2>\t\t\t\t<\/div>\n\t\t\t\t<\/div>\n\t\t\t\t<div class=\"elementor-element elementor-element-ec3fa3a elementor-widget elementor-widget-text-editor\" data-id=\"ec3fa3a\" data-element_type=\"widget\" data-e-type=\"widget\" data-widget_type=\"text-editor.default\">\n\t\t\t\t<div class=\"elementor-widget-container\">\n\t\t\t\t\t\t\t\t\t<p>N\u00eb p\u00ebrfundim t\u00eb programit t\u00eb studimit inxhinieri i ardhsh\u00ebm pajiset me njohuri p\u00ebr:<\/p><p>1) Metodologjit\u00eb bashkohore te projektimit dhe funksionimit te teknologjive industriale te<br \/>prodhimeve kimike inorganike, organike, ushqimore, etj;<br \/>2) Zgjidhjen e problemeve konkrete t\u00eb projektimit dhe menaxhimit;<br \/>3) Metodat e prodhimit kimik, materialeve dhe standardeve te cilesise dhe specifikimeve teknike;<br \/>4) Projektimin e paisjeve te impjanteve kimike dhe hartimin e proceseve te prodhimit;<br \/>5) Prova dhe kontrolle per nivelin e kontrollit te procesit te prodhimit kimik;<br \/>6) Llogarisin kostot e prodhimit dhe progres raporte te prodhimit dhe menaxhimit;<br \/>7) Zhvillojne procedurat e sigurimit teknik dhe mbrojtjes se mjedisit ne prodhimin kimik, etj;<\/p>\t\t\t\t\t\t\t\t<\/div>\n\t\t\t\t<\/div>\n\t\t\t\t<\/div>\n\t\t\t\t\t<\/div>\n\t\t\t\t<\/div>\n\t\t\t\t<\/div>\n\t\t","protected":false},"excerpt":{"rendered":"<p>Programet e Studimit &#8211; Departamenti i Inxhinieris\u00eb Kimike Misioni i Departamentit t\u00eb Inxhinieris\u00eb Kimike Kursi i studimeve i ciklit t\u00eb par\u00eb Bachelor n\u00eb Inxhinieri Kimike, i cili zgjat 3 (tre) viteAkademike dhe 180 kredite ETC, ka si objektiv t\u00eb formoj\u00eb profesionist\u00eb t\u00eb pajisur me shprehit\u00eb baz\u00eb(shkencore dhe inxhinierike) n\u00eb fush\u00ebn e projektimit dhe menaxhimit t\u00eb [&hellip;]<\/p>\n","protected":false},"author":1,"featured_media":0,"parent":4139,"menu_order":0,"comment_status":"closed","ping_status":"closed","template":"","meta":{"footnotes":""},"class_list":["post-4023","page","type-page","status-publish","hentry"],"yoast_head":"<!-- This site is optimized with the Yoast SEO plugin v27.4 - https:\/\/yoast.com\/product\/yoast-seo-wordpress\/ -->\n<title>Bachelor ne Inxhinieri Kimike - Fakulteti i Inxhinieris\u00eb Matematike dhe Inxhinieris\u00eb Fizike<\/title>\n<meta name=\"robots\" content=\"index, follow, max-snippet:-1, max-image-preview:large, max-video-preview:-1\" \/>\n<link rel=\"canonical\" href=\"https:\/\/fimif.edu.al\/en\/programet-e-studimit\/cikli-i-i-studimeve\/bachelor-ne-inxhinieri-kimike\/\" \/>\n<meta property=\"og:locale\" content=\"en_GB\" \/>\n<meta property=\"og:type\" content=\"article\" \/>\n<meta property=\"og:title\" content=\"Bachelor ne Inxhinieri Kimike - Fakulteti i Inxhinieris\u00eb Matematike dhe Inxhinieris\u00eb Fizike\" \/>\n<meta property=\"og:description\" content=\"Programet e Studimit &#8211; Departamenti i Inxhinieris\u00eb Kimike Misioni i Departamentit t\u00eb Inxhinieris\u00eb Kimike Kursi i studimeve i ciklit t\u00eb par\u00eb Bachelor n\u00eb Inxhinieri Kimike, i cili zgjat 3 (tre) viteAkademike dhe 180 kredite ETC, ka si objektiv t\u00eb formoj\u00eb profesionist\u00eb t\u00eb pajisur me shprehit\u00eb baz\u00eb(shkencore dhe inxhinierike) n\u00eb fush\u00ebn e projektimit dhe menaxhimit t\u00eb [&hellip;]\" \/>\n<meta property=\"og:url\" content=\"https:\/\/fimif.edu.al\/en\/programet-e-studimit\/cikli-i-i-studimeve\/bachelor-ne-inxhinieri-kimike\/\" \/>\n<meta property=\"og:site_name\" content=\"Fakulteti i Inxhinieris\u00eb Matematike dhe Inxhinieris\u00eb Fizike\" \/>\n<meta property=\"article:publisher\" content=\"https:\/\/www.facebook.com\/p\/Departamenti-i-Inxhinierise-Matematike-FIMIF-UPT-100077435994252\/\" \/>\n<meta property=\"article:modified_time\" content=\"2024-11-20T15:06:34+00:00\" \/>\n<meta name=\"twitter:card\" content=\"summary_large_image\" \/>\n<meta name=\"twitter:label1\" content=\"Estimated reading time\" \/>\n\t<meta name=\"twitter:data1\" content=\"2 minutes\" \/>\n<script type=\"application\/ld+json\" class=\"yoast-schema-graph\">{\"@context\":\"https:\\\/\\\/schema.org\",\"@graph\":[{\"@type\":\"WebPage\",\"@id\":\"https:\\\/\\\/fimif.edu.al\\\/programet-e-studimit\\\/cikli-i-i-studimeve\\\/bachelor-ne-inxhinieri-kimike\\\/\",\"url\":\"https:\\\/\\\/fimif.edu.al\\\/programet-e-studimit\\\/cikli-i-i-studimeve\\\/bachelor-ne-inxhinieri-kimike\\\/\",\"name\":\"Bachelor ne Inxhinieri Kimike - Fakulteti i Inxhinieris\u00eb Matematike dhe Inxhinieris\u00eb Fizike\",\"isPartOf\":{\"@id\":\"https:\\\/\\\/fimif.edu.al\\\/#website\"},\"datePublished\":\"2024-11-07T11:19:44+00:00\",\"dateModified\":\"2024-11-20T15:06:34+00:00\",\"breadcrumb\":{\"@id\":\"https:\\\/\\\/fimif.edu.al\\\/programet-e-studimit\\\/cikli-i-i-studimeve\\\/bachelor-ne-inxhinieri-kimike\\\/#breadcrumb\"},\"inLanguage\":\"en-GB\",\"potentialAction\":[{\"@type\":\"ReadAction\",\"target\":[\"https:\\\/\\\/fimif.edu.al\\\/programet-e-studimit\\\/cikli-i-i-studimeve\\\/bachelor-ne-inxhinieri-kimike\\\/\"]}]},{\"@type\":\"BreadcrumbList\",\"@id\":\"https:\\\/\\\/fimif.edu.al\\\/programet-e-studimit\\\/cikli-i-i-studimeve\\\/bachelor-ne-inxhinieri-kimike\\\/#breadcrumb\",\"itemListElement\":[{\"@type\":\"ListItem\",\"position\":1,\"name\":\"Home\",\"item\":\"https:\\\/\\\/fimif.edu.al\\\/\"},{\"@type\":\"ListItem\",\"position\":2,\"name\":\"Programet e Studimit\",\"item\":\"https:\\\/\\\/fimif.edu.al\\\/programet-e-studimit\\\/\"},{\"@type\":\"ListItem\",\"position\":3,\"name\":\"Cikli I i Studimeve\",\"item\":\"https:\\\/\\\/fimif.edu.al\\\/programet-e-studimit\\\/cikli-i-i-studimeve\\\/\"},{\"@type\":\"ListItem\",\"position\":4,\"name\":\"Bachelor ne Inxhinieri Kimike\"}]},{\"@type\":\"WebSite\",\"@id\":\"https:\\\/\\\/fimif.edu.al\\\/#website\",\"url\":\"https:\\\/\\\/fimif.edu.al\\\/\",\"name\":\"Fakulteti i Inxhinieris\u00eb Matematike dhe Inxhinieris\u00eb Fizike\",\"description\":\"FIMIF, UPT Tirane\",\"publisher\":{\"@id\":\"https:\\\/\\\/fimif.edu.al\\\/#organization\"},\"potentialAction\":[{\"@type\":\"SearchAction\",\"target\":{\"@type\":\"EntryPoint\",\"urlTemplate\":\"https:\\\/\\\/fimif.edu.al\\\/?s={search_term_string}\"},\"query-input\":{\"@type\":\"PropertyValueSpecification\",\"valueRequired\":true,\"valueName\":\"search_term_string\"}}],\"inLanguage\":\"en-GB\"},{\"@type\":\"Organization\",\"@id\":\"https:\\\/\\\/fimif.edu.al\\\/#organization\",\"name\":\"Fakulteti i Inxhinieris\u00eb Matematike dhe Inxhinieris\u00eb Fizike\",\"url\":\"https:\\\/\\\/fimif.edu.al\\\/\",\"logo\":{\"@type\":\"ImageObject\",\"inLanguage\":\"en-GB\",\"@id\":\"https:\\\/\\\/fimif.edu.al\\\/#\\\/schema\\\/logo\\\/image\\\/\",\"url\":\"https:\\\/\\\/fimif.edu.al\\\/wp-content\\\/uploads\\\/2024\\\/10\\\/Fimif-Logo.svg\",\"contentUrl\":\"https:\\\/\\\/fimif.edu.al\\\/wp-content\\\/uploads\\\/2024\\\/10\\\/Fimif-Logo.svg\",\"width\":653,\"height\":219,\"caption\":\"Fakulteti i Inxhinieris\u00eb Matematike dhe Inxhinieris\u00eb Fizike\"},\"image\":{\"@id\":\"https:\\\/\\\/fimif.edu.al\\\/#\\\/schema\\\/logo\\\/image\\\/\"},\"sameAs\":[\"https:\\\/\\\/www.facebook.com\\\/p\\\/Departamenti-i-Inxhinierise-Matematike-FIMIF-UPT-100077435994252\\\/\"]}]}<\/script>\n<!-- \/ Yoast SEO plugin. -->","yoast_head_json":{"title":"Bachelor ne Inxhinieri Kimike - Fakulteti i Inxhinieris\u00eb Matematike dhe Inxhinieris\u00eb Fizike","robots":{"index":"index","follow":"follow","max-snippet":"max-snippet:-1","max-image-preview":"max-image-preview:large","max-video-preview":"max-video-preview:-1"},"canonical":"https:\/\/fimif.edu.al\/en\/programet-e-studimit\/cikli-i-i-studimeve\/bachelor-ne-inxhinieri-kimike\/","og_locale":"en_GB","og_type":"article","og_title":"Bachelor ne Inxhinieri Kimike - Fakulteti i Inxhinieris\u00eb Matematike dhe Inxhinieris\u00eb Fizike","og_description":"Programet e Studimit &#8211; Departamenti i Inxhinieris\u00eb Kimike Misioni i Departamentit t\u00eb Inxhinieris\u00eb Kimike Kursi i studimeve i ciklit t\u00eb par\u00eb Bachelor n\u00eb Inxhinieri Kimike, i cili zgjat 3 (tre) viteAkademike dhe 180 kredite ETC, ka si objektiv t\u00eb formoj\u00eb profesionist\u00eb t\u00eb pajisur me shprehit\u00eb baz\u00eb(shkencore dhe inxhinierike) n\u00eb fush\u00ebn e projektimit dhe menaxhimit t\u00eb [&hellip;]","og_url":"https:\/\/fimif.edu.al\/en\/programet-e-studimit\/cikli-i-i-studimeve\/bachelor-ne-inxhinieri-kimike\/","og_site_name":"Fakulteti i Inxhinieris\u00eb Matematike dhe Inxhinieris\u00eb Fizike","article_publisher":"https:\/\/www.facebook.com\/p\/Departamenti-i-Inxhinierise-Matematike-FIMIF-UPT-100077435994252\/","article_modified_time":"2024-11-20T15:06:34+00:00","twitter_card":"summary_large_image","twitter_misc":{"Estimated reading time":"2 minutes"},"schema":{"@context":"https:\/\/schema.org","@graph":[{"@type":"WebPage","@id":"https:\/\/fimif.edu.al\/programet-e-studimit\/cikli-i-i-studimeve\/bachelor-ne-inxhinieri-kimike\/","url":"https:\/\/fimif.edu.al\/programet-e-studimit\/cikli-i-i-studimeve\/bachelor-ne-inxhinieri-kimike\/","name":"Bachelor ne Inxhinieri Kimike - Fakulteti i Inxhinieris\u00eb Matematike dhe Inxhinieris\u00eb Fizike","isPartOf":{"@id":"https:\/\/fimif.edu.al\/#website"},"datePublished":"2024-11-07T11:19:44+00:00","dateModified":"2024-11-20T15:06:34+00:00","breadcrumb":{"@id":"https:\/\/fimif.edu.al\/programet-e-studimit\/cikli-i-i-studimeve\/bachelor-ne-inxhinieri-kimike\/#breadcrumb"},"inLanguage":"en-GB","potentialAction":[{"@type":"ReadAction","target":["https:\/\/fimif.edu.al\/programet-e-studimit\/cikli-i-i-studimeve\/bachelor-ne-inxhinieri-kimike\/"]}]},{"@type":"BreadcrumbList","@id":"https:\/\/fimif.edu.al\/programet-e-studimit\/cikli-i-i-studimeve\/bachelor-ne-inxhinieri-kimike\/#breadcrumb","itemListElement":[{"@type":"ListItem","position":1,"name":"Home","item":"https:\/\/fimif.edu.al\/"},{"@type":"ListItem","position":2,"name":"Programet e Studimit","item":"https:\/\/fimif.edu.al\/programet-e-studimit\/"},{"@type":"ListItem","position":3,"name":"Cikli I i Studimeve","item":"https:\/\/fimif.edu.al\/programet-e-studimit\/cikli-i-i-studimeve\/"},{"@type":"ListItem","position":4,"name":"Bachelor ne Inxhinieri Kimike"}]},{"@type":"WebSite","@id":"https:\/\/fimif.edu.al\/#website","url":"https:\/\/fimif.edu.al\/","name":"Fakulteti i Inxhinieris\u00eb Matematike dhe Inxhinieris\u00eb Fizike","description":"FIMIF, UPT Tirane","publisher":{"@id":"https:\/\/fimif.edu.al\/#organization"},"potentialAction":[{"@type":"SearchAction","target":{"@type":"EntryPoint","urlTemplate":"https:\/\/fimif.edu.al\/?s={search_term_string}"},"query-input":{"@type":"PropertyValueSpecification","valueRequired":true,"valueName":"search_term_string"}}],"inLanguage":"en-GB"},{"@type":"Organization","@id":"https:\/\/fimif.edu.al\/#organization","name":"Fakulteti i Inxhinieris\u00eb Matematike dhe Inxhinieris\u00eb Fizike","url":"https:\/\/fimif.edu.al\/","logo":{"@type":"ImageObject","inLanguage":"en-GB","@id":"https:\/\/fimif.edu.al\/#\/schema\/logo\/image\/","url":"https:\/\/fimif.edu.al\/wp-content\/uploads\/2024\/10\/Fimif-Logo.svg","contentUrl":"https:\/\/fimif.edu.al\/wp-content\/uploads\/2024\/10\/Fimif-Logo.svg","width":653,"height":219,"caption":"Fakulteti i Inxhinieris\u00eb Matematike dhe Inxhinieris\u00eb Fizike"},"image":{"@id":"https:\/\/fimif.edu.al\/#\/schema\/logo\/image\/"},"sameAs":["https:\/\/www.facebook.com\/p\/Departamenti-i-Inxhinierise-Matematike-FIMIF-UPT-100077435994252\/"]}]}},"_links":{"self":[{"href":"https:\/\/fimif.edu.al\/en\/wp-json\/wp\/v2\/pages\/4023","targetHints":{"allow":["GET"]}}],"collection":[{"href":"https:\/\/fimif.edu.al\/en\/wp-json\/wp\/v2\/pages"}],"about":[{"href":"https:\/\/fimif.edu.al\/en\/wp-json\/wp\/v2\/types\/page"}],"author":[{"embeddable":true,"href":"https:\/\/fimif.edu.al\/en\/wp-json\/wp\/v2\/users\/1"}],"replies":[{"embeddable":true,"href":"https:\/\/fimif.edu.al\/en\/wp-json\/wp\/v2\/comments?post=4023"}],"version-history":[{"count":7,"href":"https:\/\/fimif.edu.al\/en\/wp-json\/wp\/v2\/pages\/4023\/revisions"}],"predecessor-version":[{"id":4649,"href":"https:\/\/fimif.edu.al\/en\/wp-json\/wp\/v2\/pages\/4023\/revisions\/4649"}],"up":[{"embeddable":true,"href":"https:\/\/fimif.edu.al\/en\/wp-json\/wp\/v2\/pages\/4139"}],"wp:attachment":[{"href":"https:\/\/fimif.edu.al\/en\/wp-json\/wp\/v2\/media?parent=4023"}],"curies":[{"name":"wp","href":"https:\/\/api.w.org\/{rel}","templated":true}]}}