{"id":4024,"date":"2024-11-07T12:19:58","date_gmt":"2024-11-07T11:19:58","guid":{"rendered":"https:\/\/fimif.farmaciferati.al\/?page_id=4024"},"modified":"2024-11-21T14:15:34","modified_gmt":"2024-11-21T13:15:34","slug":"master-shkencor-ne-inxhinierine-matematike","status":"publish","type":"page","link":"https:\/\/fimif.edu.al\/en\/programet-e-studimit\/cikli-ii-i-studimeve\/master-shkencor-ne-inxhinierine-matematike\/","title":{"rendered":"Master Shkencor ne Inxhinierine Matematike"},"content":{"rendered":"\t\t<div data-elementor-type=\"wp-page\" data-elementor-id=\"4024\" class=\"elementor elementor-4024\" data-elementor-post-type=\"page\">\n\t\t\t\t<div class=\"elementor-element elementor-element-390e51b e-flex e-con-boxed e-con e-parent\" data-id=\"390e51b\" data-element_type=\"container\" data-e-type=\"container\">\n\t\t\t\t\t<div class=\"e-con-inner\">\n\t\t<div class=\"elementor-element elementor-element-50fbc35 e-con-full e-flex e-con e-child\" data-id=\"50fbc35\" data-element_type=\"container\" data-e-type=\"container\" data-settings=\"{&quot;sticky&quot;:&quot;top&quot;,&quot;sticky_on&quot;:[&quot;desktop&quot;,&quot;laptop&quot;,&quot;tablet&quot;],&quot;sticky_offset&quot;:80,&quot;sticky_parent&quot;:&quot;yes&quot;,&quot;sticky_effects_offset&quot;:0,&quot;sticky_anchor_link_offset&quot;:0}\">\n\t\t\t\t<div class=\"elementor-element elementor-element-088e46c elementor-widget elementor-widget-template\" data-id=\"088e46c\" data-element_type=\"widget\" data-e-type=\"widget\" data-widget_type=\"template.default\">\n\t\t\t\t<div class=\"elementor-widget-container\">\n\t\t\t\t\t\t\t<div class=\"elementor-template\">\n\t\t\t\t\t<div data-elementor-type=\"container\" data-elementor-id=\"4762\" class=\"elementor elementor-4762\" data-elementor-post-type=\"elementor_library\">\n\t\t\t\t<div class=\"elementor-element elementor-element-975ae01 e-flex e-con-boxed e-con e-parent\" data-id=\"975ae01\" data-element_type=\"container\" data-e-type=\"container\">\n\t\t\t\t\t<div class=\"e-con-inner\">\n\t\t\t\t<div class=\"elementor-element elementor-element-5a80bd9 elementor-nav-menu__text-align-aside elementor-widget elementor-widget-nav-menu\" data-id=\"5a80bd9\" data-element_type=\"widget\" data-e-type=\"widget\" data-settings=\"{&quot;layout&quot;:&quot;dropdown&quot;,&quot;submenu_icon&quot;:{&quot;value&quot;:&quot;&lt;svg aria-hidden=\\&quot;true\\&quot; class=\\&quot;e-font-icon-svg e-fas-caret-down\\&quot; viewBox=\\&quot;0 0 320 512\\&quot; xmlns=\\&quot;http:\\\/\\\/www.w3.org\\\/2000\\\/svg\\&quot;&gt;&lt;path d=\\&quot;M31.3 192h257.3c17.8 0 26.7 21.5 14.1 34.1L174.1 354.8c-7.8 7.8-20.5 7.8-28.3 0L17.2 226.1C4.6 213.5 13.5 192 31.3 192z\\&quot;&gt;&lt;\\\/path&gt;&lt;\\\/svg&gt;&quot;,&quot;library&quot;:&quot;fa-solid&quot;}}\" data-widget_type=\"nav-menu.default\">\n\t\t\t\t<div class=\"elementor-widget-container\">\n\t\t\t\t\t\t\t\t<nav class=\"elementor-nav-menu--dropdown elementor-nav-menu__container\" aria-hidden=\"true\">\n\t\t\t\t<ul id=\"menu-2-5a80bd9\" class=\"elementor-nav-menu\"><li class=\"menu-item menu-item-type-post_type menu-item-object-page menu-item-has-children menu-item-4835\"><a href=\"https:\/\/fimif.edu.al\/en\/programet-e-studimit\/cikli-ii-i-studimeve\/master-shkencor-ne-inxhinierine-matematike\/\" class=\"elementor-item\" tabindex=\"-1\">Master Shkencor n\u00eb Inxhinierin\u00eb Matematike<\/a>\n<ul class=\"sub-menu elementor-nav-menu--dropdown\">\n\t<li class=\"menu-item menu-item-type-post_type menu-item-object-page menu-item-4844\"><a href=\"https:\/\/fimif.edu.al\/en\/programet-e-studimit\/cikli-ii-i-studimeve\/master-shkencor-ne-inxhinierine-matematike\/plan-mesimor-msh-im\/\" class=\"elementor-sub-item\" tabindex=\"-1\">Plan M\u00ebsimor MSH, IM<\/a><\/li>\n\t<li class=\"menu-item menu-item-type-post_type menu-item-object-page menu-item-4847\"><a href=\"https:\/\/fimif.edu.al\/en\/programet-e-studimit\/cikli-ii-i-studimeve\/master-shkencor-ne-inxhinierine-matematike\/rregullore-msh-im\/\" class=\"elementor-sub-item\" tabindex=\"-1\">Rregullore MSH, IM<\/a><\/li>\n<\/ul>\n<\/li>\n<li class=\"menu-item menu-item-type-post_type menu-item-object-page menu-item-has-children menu-item-4836\"><a href=\"https:\/\/fimif.edu.al\/en\/programet-e-studimit\/cikli-ii-i-studimeve\/master-profesional-ne-analiza-sistemesh\/\" class=\"elementor-item\" tabindex=\"-1\">Master Profesional n\u00eb Analiza Sistemesh<\/a>\n<ul class=\"sub-menu elementor-nav-menu--dropdown\">\n\t<li class=\"menu-item menu-item-type-post_type menu-item-object-page menu-item-4840\"><a href=\"https:\/\/fimif.edu.al\/en\/programet-e-studimit\/cikli-ii-i-studimeve\/master-profesional-ne-analiza-sistemesh\/plan-mesimor-mp-as-im\/\" class=\"elementor-sub-item\" tabindex=\"-1\">Plan M\u00ebsimor MP AS, IM<\/a><\/li>\n\t<li class=\"menu-item menu-item-type-post_type menu-item-object-page menu-item-4848\"><a href=\"https:\/\/fimif.edu.al\/en\/programet-e-studimit\/cikli-ii-i-studimeve\/master-profesional-ne-analiza-sistemesh\/rregullore-mp-as-im\/\" class=\"elementor-sub-item\" tabindex=\"-1\">Rregullore MP AS, IM<\/a><\/li>\n<\/ul>\n<\/li>\n<li class=\"menu-item menu-item-type-post_type menu-item-object-page menu-item-has-children menu-item-4838\"><a href=\"https:\/\/fimif.edu.al\/en\/programet-e-studimit\/cikli-ii-i-studimeve\/master-shkencor-ne-inxhinierine-fizike\/\" class=\"elementor-item\" tabindex=\"-1\">Master Shkencor n\u00eb Inxhinierin\u00eb Fizike<\/a>\n<ul class=\"sub-menu elementor-nav-menu--dropdown\">\n\t<li class=\"menu-item menu-item-type-post_type menu-item-object-page menu-item-4841\"><a href=\"https:\/\/fimif.edu.al\/en\/programet-e-studimit\/cikli-ii-i-studimeve\/master-shkencor-ne-inxhinierine-fizike\/plan-mesimor-msh-if-if\/\" class=\"elementor-sub-item\" tabindex=\"-1\">Plan M\u00ebsimor MSH IF, IF<\/a><\/li>\n\t<li class=\"menu-item menu-item-type-post_type menu-item-object-page menu-item-4849\"><a href=\"https:\/\/fimif.edu.al\/en\/programet-e-studimit\/cikli-ii-i-studimeve\/master-shkencor-ne-inxhinierine-fizike\/rregullore-msh-if-if\/\" class=\"elementor-sub-item\" tabindex=\"-1\">Rregullore MSH IF, IF<\/a><\/li>\n<\/ul>\n<\/li>\n<li class=\"menu-item menu-item-type-post_type menu-item-object-page menu-item-has-children menu-item-4837\"><a href=\"https:\/\/fimif.edu.al\/en\/programet-e-studimit\/cikli-ii-i-studimeve\/master-shkencor-ne-inxhinierine-fizike-profili-fizikan-mjekesor\/\" class=\"elementor-item\" tabindex=\"-1\">Master Shkencor n\u00eb Inxhinierin\u00eb Fizike-Profili Fizikan Mjek\u00ebsor<\/a>\n<ul class=\"sub-menu elementor-nav-menu--dropdown\">\n\t<li class=\"menu-item menu-item-type-post_type menu-item-object-page menu-item-4846\"><a href=\"https:\/\/fimif.edu.al\/en\/programet-e-studimit\/cikli-ii-i-studimeve\/master-shkencor-ne-inxhinierine-fizike-profili-fizikan-mjekesor\/plan-mesimor-msh-fm-if\/\" class=\"elementor-sub-item\" tabindex=\"-1\">Plan M\u00ebsimor MSH FM, IF,<\/a><\/li>\n\t<li class=\"menu-item menu-item-type-post_type menu-item-object-page menu-item-4843\"><a href=\"https:\/\/fimif.edu.al\/en\/programet-e-studimit\/cikli-ii-i-studimeve\/master-shkencor-ne-inxhinierine-fizike-profili-fizikan-mjekesor\/rregullore-msh-fm-if\/\" class=\"elementor-sub-item\" tabindex=\"-1\">Rregullore MSH FM, IF<\/a><\/li>\n\t<li class=\"menu-item menu-item-type-post_type menu-item-object-page menu-item-4872\"><a href=\"https:\/\/fimif.edu.al\/en\/programet-e-studimit\/cikli-ii-i-studimeve\/master-shkencor-ne-inxhinierine-fizike\/rregullore-msh-if-if\/\" class=\"elementor-sub-item\" tabindex=\"-1\">Rregullore MSH IF, IF<\/a><\/li>\n<\/ul>\n<\/li>\n<\/ul>\t\t\t<\/nav>\n\t\t\t\t\t\t<\/div>\n\t\t\t\t<\/div>\n\t\t\t\t\t<\/div>\n\t\t\t\t<\/div>\n\t\t\t\t<\/div>\n\t\t\t\t<\/div>\n\t\t\t\t\t\t<\/div>\n\t\t\t\t<\/div>\n\t\t\t\t<\/div>\n\t\t<div class=\"elementor-element elementor-element-d600cf1 e-con-full e-flex e-con e-child\" data-id=\"d600cf1\" data-element_type=\"container\" data-e-type=\"container\" data-settings=\"{&quot;background_background&quot;:&quot;classic&quot;}\">\n\t\t\t\t<div class=\"elementor-element elementor-element-df21d20 elementor-widget__width-inherit elementor-widget elementor-widget-heading\" data-id=\"df21d20\" data-element_type=\"widget\" data-e-type=\"widget\" data-widget_type=\"heading.default\">\n\t\t\t\t<div class=\"elementor-widget-container\">\n\t\t\t\t\t<h1 class=\"elementor-heading-title elementor-size-default\">Master Shkencor ne Inxhinierine Matematike<\/h1>\t\t\t\t<\/div>\n\t\t\t\t<\/div>\n\t\t\t\t<div class=\"elementor-element elementor-element-e6ebdfd elementor-widget__width-inherit elementor-widget elementor-widget-heading\" data-id=\"e6ebdfd\" data-element_type=\"widget\" data-e-type=\"widget\" data-widget_type=\"heading.default\">\n\t\t\t\t<div class=\"elementor-widget-container\">\n\t\t\t\t\t<h2 class=\"elementor-heading-title elementor-size-default\">Objektivat formuese t\u00eb programit t\u00eb studimit<\/h2>\t\t\t\t<\/div>\n\t\t\t\t<\/div>\n\t\t\t\t<div class=\"elementor-element elementor-element-2f57182 elementor-widget elementor-widget-text-editor\" data-id=\"2f57182\" data-element_type=\"widget\" data-e-type=\"widget\" data-widget_type=\"text-editor.default\">\n\t\t\t\t<div class=\"elementor-widget-container\">\n\t\t\t\t\t\t\t\t\t<p><em>Inxhinieria Matematike<\/em> \u00ebsht\u00eb nj\u00eb profesion i ri q\u00eb mb\u00ebshtetet n\u00eb botkuptimin inxhinierik dhe n\u00eb nj\u00eb spekt\u00ebr t\u00eb gj\u00ebr\u00eb njohurish t\u00eb avancuara t\u00eb matematik\u00ebs.\u00a0<br \/>Kursi i studimeve i ciklit t\u00eb dyt\u00eb <em>Master i Shkencave n\u00eb Inxhinieri Matematike,<\/em> i cili zgjat 2 (dy) vite akademike, ka si objektiv plot\u00ebsimin dhe thellimin e formimit t\u00eb t\u00eb diplomuarve Bachelor me shprehi baz\u00eb (shkencore dhe inxhinierike) t\u00eb avancuara dhe m\u00eb tej me njohuri t\u00eb avancuara n\u00eb fush\u00ebn e matematik\u00ebs s\u00eb zbatuar dhe asaj inxhinierike.\u00a0<\/p><p>Programi operon dhe mb\u00ebshteteT n\u00eb kat\u00ebr kolona baz\u00eb.\u00a0<\/p><p>1. Njohuri baz\u00eb teorike ne fushat Analize Reale dhe Funksionale, Algjeber dhe Logjike Matematike, q\u00eb p\u00ebrb\u00ebjn\u00eb gjuh\u00ebn e p\u00ebrbashk\u00ebt t\u00eb kurseve t\u00eb avancuara t\u00eb matematikes inxhinierike dhe leht\u00ebsojne komunikimin midis tyre.<\/p><p>2. Nj\u00eb grupim Kursesh t\u00eb fush\u00ebs Statistikore-Operacionale<\/p><p>3. Nj\u00eb grupim Kursesh te modelimeve ne Ekuacionet Diferenciale dhe te trajtimit numerik-kompjuterik te tyre<\/p><p>4. Nj\u00eb grup te gj\u00ebr\u00eb kursesh inxhinierike te lidhura me zbatime te shumta ne Inxhinieri, q\u00eb kan\u00eb nevoje per njohurite baze teorike t\u00eb ketij programi dhe q\u00eb mbeshteten nga kurset e grupimeve II) dhe III) m\u00eb sip\u00ebr.<\/p><p>Viti i par\u00eb konsiston n\u00eb dh\u00ebnien dhe konsolidimin e njohurive baz\u00eb I) dhe vazdon me kurset e 3 grupimeve t\u00eb tjera sipas nje rradhe q\u00eb respekton p\u00ebrmbajtjen dhe var\u00ebsin\u00eb e tyre nga nj\u00ebri tjetri.\u00a0 \u00a0Edukimi vazhdon me zbatimin njohurive t\u00eb fituara n\u00eb praktik\u00ebn profesionale dhe punimin e tez\u00ebs s\u00eb diplomimit. Si rregull teza e diplomimit \u00ebsht\u00eb e lidhur me kurset e grupimeve II) dhe III) dhe n\u00eb raste t\u00eb vecanta me ato t\u00eb grupimit IV), kur punimi ka karakter t\u00eb mir\u00ebfillt\u00eb zbatues dhe \u00ebsht\u00eb i lidhur me nj\u00eb zbatim specifik e konkret t\u00eb lidhur me Inxhinierin\u00eb Matematike.<\/p><p>\u00a0Programi synon t\u00eb aft\u00ebsoj\u00eb student\u00ebt me teknikat moderne t\u00eb matematik\u00ebs p\u00ebr modelimin dhe zgjidhjen e problemeve inxhinierike, t\u00eb cilat nuk mund t\u00eb b\u00ebhen me an\u00ebn e programeve te matematikes standarde. Synohet q\u00eb student\u00ebt t\u00eb zhvillojn\u00eb idet\u00eb dh\u00eb aft\u00ebsit\u00eb e tyre n\u00eb p\u00ebrballje t\u00eb drejtp\u00ebrdrejt\u00eb me zgjidhjen e problemeve inxhinierike t\u00eb jet\u00ebs reale. Nj\u00eb pesh\u00eb t\u00eb ndieshme n\u00eb program z\u00eb puna e pavarur e studenteve, projektet, detyrat e kursit, laboratoret, praktikat profesionale, etj. Synohet dhe shpresohet q\u00eb diplomant\u00ebt\u00a0 t\u00eb jen\u00eb t\u00eb suksesh\u00ebm n\u00eb nj\u00eb treg t\u00eb gj\u00ebr\u00eb pun\u00ebsh.<\/p>\t\t\t\t\t\t\t\t<\/div>\n\t\t\t\t<\/div>\n\t\t\t\t<div class=\"elementor-element elementor-element-8751e30 elementor-widget__width-inherit elementor-widget elementor-widget-heading\" data-id=\"8751e30\" data-element_type=\"widget\" data-e-type=\"widget\" data-widget_type=\"heading.default\">\n\t\t\t\t<div class=\"elementor-widget-container\">\n\t\t\t\t\t<h2 class=\"elementor-heading-title elementor-size-default\">Njohurit\u00eb dhe aft\u00ebsit\u00eb e student\u00ebve n\u00eb p\u00ebrfundim t\u00eb programit t\u00eb studimit<\/h2>\t\t\t\t<\/div>\n\t\t\t\t<\/div>\n\t\t\t\t<div class=\"elementor-element elementor-element-d4dc630 elementor-widget elementor-widget-text-editor\" data-id=\"d4dc630\" data-element_type=\"widget\" data-e-type=\"widget\" data-widget_type=\"text-editor.default\">\n\t\t\t\t<div class=\"elementor-widget-container\">\n\t\t\t\t\t\t\t\t\t<p>Studenti m\u00ebson dhe zhvillon idet\u00eb e tij n\u00eb teknikat m\u00eb t\u00eb r\u00ebndesishme t\u00eb matematik\u00ebs inxhinierike dhe asaj t\u00eb zbatuar.<\/p><p>Disa l\u00ebnd\u00eb baz\u00eb t\u00eb inxhinieris\u00eb, fizik\u00ebs, informatikes dhe ekonomise e paisin studentin me njohurite tipike te inxhinierit dhe me sensin e gjykimin teknologjik per te analizuar sisteme dhe probleme komplekse inxhinierike.<\/p><p>Studenti aft\u00ebsohet te formuloje dhe te zgjidhe nje sere problemesh dhe modelesh inxhinierike me anen e njohurive teorike te fituara.<\/p><p>Studenti aft\u00ebsohet n\u00eb modelimin dhe formulimin matematik te problemeve inxhinierike qe modelohen si probleme optimizimi.<\/p><p>Studenti aftesohet ne perdorimin e teknologjive kompjuterike dhe softeve matematike, n\u00eb algoritmimin, programimin dhe implementimin e teknikave numerike te avancuara si dhe n\u00eb njohjen e perdorimin e Toolbox-ve t\u00eb dobishme<\/p><p>Studenti ekselent aft\u00ebsohet dhe mund t\u00eb vazhdoj\u00eb studimet n\u00eb programet e ciklit t\u00eb tret\u00eb n\u00eb Inxhinieri Matematike ose fusha t\u00eb af\u00ebrta me t\u00eb.<\/p><p>Studenti aft\u00ebsohet dhe mund t\u00eb punoj\u00eb n\u00eb laboratore shkencore ku zbatohet teoria e eksperimenteve, teoria e sinjaleve dhe e siguris\u00eb s\u00eb funksionimit, programimit dinamik, teoria e rrezikut, studimet e ambjentit, metodat GIS, matjet antropometrike, studimi i tendecave te zhvillimit, parashikimet e zhvillimit te investimeve, llogaritjen e rezervave t\u00eb burimeve t\u00eb energjis\u00eb, etj.<\/p><p>Studenti aft\u00ebsohet dhe mund t\u00eb punoj\u00eb n\u00eb industrine e software : hartimi i programeve specifik per te gjithe sistemet e sherbimit, ne banka, kompanite e sigurimeve, ne auditim, n\u00eb optimizimin, planifikimin dhe shperndarjen e produkteve.<\/p>\t\t\t\t\t\t\t\t<\/div>\n\t\t\t\t<\/div>\n\t\t\t\t<\/div>\n\t\t\t\t\t<\/div>\n\t\t\t\t<\/div>\n\t\t\t\t<\/div>\n\t\t","protected":false},"excerpt":{"rendered":"<p>Master Shkencor ne Inxhinierine Matematike Objektivat formuese t\u00eb programit t\u00eb studimit Inxhinieria Matematike \u00ebsht\u00eb nj\u00eb profesion i ri q\u00eb mb\u00ebshtetet n\u00eb botkuptimin inxhinierik dhe n\u00eb nj\u00eb spekt\u00ebr t\u00eb gj\u00ebr\u00eb njohurish t\u00eb avancuara t\u00eb matematik\u00ebs.\u00a0Kursi i studimeve i ciklit t\u00eb dyt\u00eb Master i Shkencave n\u00eb Inxhinieri Matematike, i cili zgjat 2 (dy) vite akademike, ka si [&hellip;]<\/p>\n","protected":false},"author":1,"featured_media":0,"parent":4141,"menu_order":0,"comment_status":"closed","ping_status":"closed","template":"","meta":{"footnotes":""},"class_list":["post-4024","page","type-page","status-publish","hentry"],"yoast_head":"<!-- This site is optimized with the Yoast SEO plugin v27.4 - https:\/\/yoast.com\/product\/yoast-seo-wordpress\/ -->\n<title>Master Shkencor ne Inxhinierine Matematike - Fakulteti i Inxhinieris\u00eb Matematike dhe Inxhinieris\u00eb Fizike<\/title>\n<meta name=\"robots\" content=\"index, follow, max-snippet:-1, max-image-preview:large, max-video-preview:-1\" \/>\n<link rel=\"canonical\" href=\"https:\/\/fimif.edu.al\/en\/programet-e-studimit\/cikli-ii-i-studimeve\/master-shkencor-ne-inxhinierine-matematike\/\" \/>\n<meta property=\"og:locale\" content=\"en_GB\" \/>\n<meta property=\"og:type\" content=\"article\" \/>\n<meta property=\"og:title\" content=\"Master Shkencor ne Inxhinierine Matematike - Fakulteti i Inxhinieris\u00eb Matematike dhe Inxhinieris\u00eb Fizike\" \/>\n<meta property=\"og:description\" content=\"Master Shkencor ne Inxhinierine Matematike Objektivat formuese t\u00eb programit t\u00eb studimit Inxhinieria Matematike \u00ebsht\u00eb nj\u00eb profesion i ri q\u00eb mb\u00ebshtetet n\u00eb botkuptimin inxhinierik dhe n\u00eb nj\u00eb spekt\u00ebr t\u00eb gj\u00ebr\u00eb njohurish t\u00eb avancuara t\u00eb matematik\u00ebs.\u00a0Kursi i studimeve i ciklit t\u00eb dyt\u00eb Master i Shkencave n\u00eb Inxhinieri Matematike, i cili zgjat 2 (dy) vite akademike, ka si [&hellip;]\" \/>\n<meta property=\"og:url\" content=\"https:\/\/fimif.edu.al\/en\/programet-e-studimit\/cikli-ii-i-studimeve\/master-shkencor-ne-inxhinierine-matematike\/\" \/>\n<meta property=\"og:site_name\" content=\"Fakulteti i Inxhinieris\u00eb Matematike dhe Inxhinieris\u00eb Fizike\" \/>\n<meta property=\"article:publisher\" content=\"https:\/\/www.facebook.com\/p\/Departamenti-i-Inxhinierise-Matematike-FIMIF-UPT-100077435994252\/\" \/>\n<meta property=\"article:modified_time\" content=\"2024-11-21T13:15:34+00:00\" \/>\n<meta name=\"twitter:card\" content=\"summary_large_image\" \/>\n<meta name=\"twitter:label1\" content=\"Estimated reading time\" \/>\n\t<meta name=\"twitter:data1\" content=\"3 minutes\" \/>\n<script type=\"application\/ld+json\" class=\"yoast-schema-graph\">{\"@context\":\"https:\\\/\\\/schema.org\",\"@graph\":[{\"@type\":\"WebPage\",\"@id\":\"https:\\\/\\\/fimif.edu.al\\\/programet-e-studimit\\\/cikli-ii-i-studimeve\\\/master-shkencor-ne-inxhinierine-matematike\\\/\",\"url\":\"https:\\\/\\\/fimif.edu.al\\\/programet-e-studimit\\\/cikli-ii-i-studimeve\\\/master-shkencor-ne-inxhinierine-matematike\\\/\",\"name\":\"Master Shkencor ne Inxhinierine Matematike - Fakulteti i Inxhinieris\u00eb Matematike dhe Inxhinieris\u00eb Fizike\",\"isPartOf\":{\"@id\":\"https:\\\/\\\/fimif.edu.al\\\/#website\"},\"datePublished\":\"2024-11-07T11:19:58+00:00\",\"dateModified\":\"2024-11-21T13:15:34+00:00\",\"breadcrumb\":{\"@id\":\"https:\\\/\\\/fimif.edu.al\\\/programet-e-studimit\\\/cikli-ii-i-studimeve\\\/master-shkencor-ne-inxhinierine-matematike\\\/#breadcrumb\"},\"inLanguage\":\"en-GB\",\"potentialAction\":[{\"@type\":\"ReadAction\",\"target\":[\"https:\\\/\\\/fimif.edu.al\\\/programet-e-studimit\\\/cikli-ii-i-studimeve\\\/master-shkencor-ne-inxhinierine-matematike\\\/\"]}]},{\"@type\":\"BreadcrumbList\",\"@id\":\"https:\\\/\\\/fimif.edu.al\\\/programet-e-studimit\\\/cikli-ii-i-studimeve\\\/master-shkencor-ne-inxhinierine-matematike\\\/#breadcrumb\",\"itemListElement\":[{\"@type\":\"ListItem\",\"position\":1,\"name\":\"Home\",\"item\":\"https:\\\/\\\/fimif.edu.al\\\/\"},{\"@type\":\"ListItem\",\"position\":2,\"name\":\"Programet e Studimit\",\"item\":\"https:\\\/\\\/fimif.edu.al\\\/programet-e-studimit\\\/\"},{\"@type\":\"ListItem\",\"position\":3,\"name\":\"Cikli II i Studimeve\",\"item\":\"https:\\\/\\\/fimif.edu.al\\\/programet-e-studimit\\\/cikli-ii-i-studimeve\\\/\"},{\"@type\":\"ListItem\",\"position\":4,\"name\":\"Master Shkencor ne Inxhinierine Matematike\"}]},{\"@type\":\"WebSite\",\"@id\":\"https:\\\/\\\/fimif.edu.al\\\/#website\",\"url\":\"https:\\\/\\\/fimif.edu.al\\\/\",\"name\":\"Fakulteti i Inxhinieris\u00eb Matematike dhe Inxhinieris\u00eb Fizike\",\"description\":\"FIMIF, UPT Tirane\",\"publisher\":{\"@id\":\"https:\\\/\\\/fimif.edu.al\\\/#organization\"},\"potentialAction\":[{\"@type\":\"SearchAction\",\"target\":{\"@type\":\"EntryPoint\",\"urlTemplate\":\"https:\\\/\\\/fimif.edu.al\\\/?s={search_term_string}\"},\"query-input\":{\"@type\":\"PropertyValueSpecification\",\"valueRequired\":true,\"valueName\":\"search_term_string\"}}],\"inLanguage\":\"en-GB\"},{\"@type\":\"Organization\",\"@id\":\"https:\\\/\\\/fimif.edu.al\\\/#organization\",\"name\":\"Fakulteti i Inxhinieris\u00eb Matematike dhe Inxhinieris\u00eb Fizike\",\"url\":\"https:\\\/\\\/fimif.edu.al\\\/\",\"logo\":{\"@type\":\"ImageObject\",\"inLanguage\":\"en-GB\",\"@id\":\"https:\\\/\\\/fimif.edu.al\\\/#\\\/schema\\\/logo\\\/image\\\/\",\"url\":\"https:\\\/\\\/fimif.edu.al\\\/wp-content\\\/uploads\\\/2024\\\/10\\\/Fimif-Logo.svg\",\"contentUrl\":\"https:\\\/\\\/fimif.edu.al\\\/wp-content\\\/uploads\\\/2024\\\/10\\\/Fimif-Logo.svg\",\"width\":653,\"height\":219,\"caption\":\"Fakulteti i Inxhinieris\u00eb Matematike dhe Inxhinieris\u00eb Fizike\"},\"image\":{\"@id\":\"https:\\\/\\\/fimif.edu.al\\\/#\\\/schema\\\/logo\\\/image\\\/\"},\"sameAs\":[\"https:\\\/\\\/www.facebook.com\\\/p\\\/Departamenti-i-Inxhinierise-Matematike-FIMIF-UPT-100077435994252\\\/\"]}]}<\/script>\n<!-- \/ Yoast SEO plugin. -->","yoast_head_json":{"title":"Master Shkencor ne Inxhinierine Matematike - Fakulteti i Inxhinieris\u00eb Matematike dhe Inxhinieris\u00eb Fizike","robots":{"index":"index","follow":"follow","max-snippet":"max-snippet:-1","max-image-preview":"max-image-preview:large","max-video-preview":"max-video-preview:-1"},"canonical":"https:\/\/fimif.edu.al\/en\/programet-e-studimit\/cikli-ii-i-studimeve\/master-shkencor-ne-inxhinierine-matematike\/","og_locale":"en_GB","og_type":"article","og_title":"Master Shkencor ne Inxhinierine Matematike - Fakulteti i Inxhinieris\u00eb Matematike dhe Inxhinieris\u00eb Fizike","og_description":"Master Shkencor ne Inxhinierine Matematike Objektivat formuese t\u00eb programit t\u00eb studimit Inxhinieria Matematike \u00ebsht\u00eb nj\u00eb profesion i ri q\u00eb mb\u00ebshtetet n\u00eb botkuptimin inxhinierik dhe n\u00eb nj\u00eb spekt\u00ebr t\u00eb gj\u00ebr\u00eb njohurish t\u00eb avancuara t\u00eb matematik\u00ebs.\u00a0Kursi i studimeve i ciklit t\u00eb dyt\u00eb Master i Shkencave n\u00eb Inxhinieri Matematike, i cili zgjat 2 (dy) vite akademike, ka si [&hellip;]","og_url":"https:\/\/fimif.edu.al\/en\/programet-e-studimit\/cikli-ii-i-studimeve\/master-shkencor-ne-inxhinierine-matematike\/","og_site_name":"Fakulteti i Inxhinieris\u00eb Matematike dhe Inxhinieris\u00eb Fizike","article_publisher":"https:\/\/www.facebook.com\/p\/Departamenti-i-Inxhinierise-Matematike-FIMIF-UPT-100077435994252\/","article_modified_time":"2024-11-21T13:15:34+00:00","twitter_card":"summary_large_image","twitter_misc":{"Estimated reading time":"3 minutes"},"schema":{"@context":"https:\/\/schema.org","@graph":[{"@type":"WebPage","@id":"https:\/\/fimif.edu.al\/programet-e-studimit\/cikli-ii-i-studimeve\/master-shkencor-ne-inxhinierine-matematike\/","url":"https:\/\/fimif.edu.al\/programet-e-studimit\/cikli-ii-i-studimeve\/master-shkencor-ne-inxhinierine-matematike\/","name":"Master Shkencor ne Inxhinierine Matematike - Fakulteti i Inxhinieris\u00eb Matematike dhe Inxhinieris\u00eb Fizike","isPartOf":{"@id":"https:\/\/fimif.edu.al\/#website"},"datePublished":"2024-11-07T11:19:58+00:00","dateModified":"2024-11-21T13:15:34+00:00","breadcrumb":{"@id":"https:\/\/fimif.edu.al\/programet-e-studimit\/cikli-ii-i-studimeve\/master-shkencor-ne-inxhinierine-matematike\/#breadcrumb"},"inLanguage":"en-GB","potentialAction":[{"@type":"ReadAction","target":["https:\/\/fimif.edu.al\/programet-e-studimit\/cikli-ii-i-studimeve\/master-shkencor-ne-inxhinierine-matematike\/"]}]},{"@type":"BreadcrumbList","@id":"https:\/\/fimif.edu.al\/programet-e-studimit\/cikli-ii-i-studimeve\/master-shkencor-ne-inxhinierine-matematike\/#breadcrumb","itemListElement":[{"@type":"ListItem","position":1,"name":"Home","item":"https:\/\/fimif.edu.al\/"},{"@type":"ListItem","position":2,"name":"Programet e Studimit","item":"https:\/\/fimif.edu.al\/programet-e-studimit\/"},{"@type":"ListItem","position":3,"name":"Cikli II i Studimeve","item":"https:\/\/fimif.edu.al\/programet-e-studimit\/cikli-ii-i-studimeve\/"},{"@type":"ListItem","position":4,"name":"Master Shkencor ne Inxhinierine Matematike"}]},{"@type":"WebSite","@id":"https:\/\/fimif.edu.al\/#website","url":"https:\/\/fimif.edu.al\/","name":"Fakulteti i Inxhinieris\u00eb Matematike dhe Inxhinieris\u00eb Fizike","description":"FIMIF, UPT Tirane","publisher":{"@id":"https:\/\/fimif.edu.al\/#organization"},"potentialAction":[{"@type":"SearchAction","target":{"@type":"EntryPoint","urlTemplate":"https:\/\/fimif.edu.al\/?s={search_term_string}"},"query-input":{"@type":"PropertyValueSpecification","valueRequired":true,"valueName":"search_term_string"}}],"inLanguage":"en-GB"},{"@type":"Organization","@id":"https:\/\/fimif.edu.al\/#organization","name":"Fakulteti i Inxhinieris\u00eb Matematike dhe Inxhinieris\u00eb Fizike","url":"https:\/\/fimif.edu.al\/","logo":{"@type":"ImageObject","inLanguage":"en-GB","@id":"https:\/\/fimif.edu.al\/#\/schema\/logo\/image\/","url":"https:\/\/fimif.edu.al\/wp-content\/uploads\/2024\/10\/Fimif-Logo.svg","contentUrl":"https:\/\/fimif.edu.al\/wp-content\/uploads\/2024\/10\/Fimif-Logo.svg","width":653,"height":219,"caption":"Fakulteti i Inxhinieris\u00eb Matematike dhe Inxhinieris\u00eb Fizike"},"image":{"@id":"https:\/\/fimif.edu.al\/#\/schema\/logo\/image\/"},"sameAs":["https:\/\/www.facebook.com\/p\/Departamenti-i-Inxhinierise-Matematike-FIMIF-UPT-100077435994252\/"]}]}},"_links":{"self":[{"href":"https:\/\/fimif.edu.al\/en\/wp-json\/wp\/v2\/pages\/4024","targetHints":{"allow":["GET"]}}],"collection":[{"href":"https:\/\/fimif.edu.al\/en\/wp-json\/wp\/v2\/pages"}],"about":[{"href":"https:\/\/fimif.edu.al\/en\/wp-json\/wp\/v2\/types\/page"}],"author":[{"embeddable":true,"href":"https:\/\/fimif.edu.al\/en\/wp-json\/wp\/v2\/users\/1"}],"replies":[{"embeddable":true,"href":"https:\/\/fimif.edu.al\/en\/wp-json\/wp\/v2\/comments?post=4024"}],"version-history":[{"count":4,"href":"https:\/\/fimif.edu.al\/en\/wp-json\/wp\/v2\/pages\/4024\/revisions"}],"predecessor-version":[{"id":4767,"href":"https:\/\/fimif.edu.al\/en\/wp-json\/wp\/v2\/pages\/4024\/revisions\/4767"}],"up":[{"embeddable":true,"href":"https:\/\/fimif.edu.al\/en\/wp-json\/wp\/v2\/pages\/4141"}],"wp:attachment":[{"href":"https:\/\/fimif.edu.al\/en\/wp-json\/wp\/v2\/media?parent=4024"}],"curies":[{"name":"wp","href":"https:\/\/api.w.org\/{rel}","templated":true}]}}