{"id":4025,"date":"2024-11-07T12:21:44","date_gmt":"2024-11-07T11:21:44","guid":{"rendered":"https:\/\/fimif.farmaciferati.al\/?page_id=4025"},"modified":"2024-11-21T15:51:40","modified_gmt":"2024-11-21T14:51:40","slug":"master-profesional-ne-analiza-sistemesh","status":"publish","type":"page","link":"https:\/\/fimif.edu.al\/en\/programet-e-studimit\/cikli-ii-i-studimeve\/master-profesional-ne-analiza-sistemesh\/","title":{"rendered":"Master Profesional ne Analiza Sistemesh"},"content":{"rendered":"\t\t<div data-elementor-type=\"wp-page\" data-elementor-id=\"4025\" class=\"elementor elementor-4025\" data-elementor-post-type=\"page\">\n\t\t\t\t<div class=\"elementor-element elementor-element-17bdde2 e-flex e-con-boxed e-con e-parent\" data-id=\"17bdde2\" data-element_type=\"container\" data-e-type=\"container\">\n\t\t\t\t\t<div class=\"e-con-inner\">\n\t\t<div class=\"elementor-element elementor-element-39bf03d e-con-full e-flex e-con e-child\" data-id=\"39bf03d\" data-element_type=\"container\" data-e-type=\"container\" data-settings=\"{&quot;sticky&quot;:&quot;top&quot;,&quot;sticky_on&quot;:[&quot;desktop&quot;,&quot;laptop&quot;,&quot;tablet&quot;],&quot;sticky_offset&quot;:80,&quot;sticky_parent&quot;:&quot;yes&quot;,&quot;sticky_effects_offset&quot;:0,&quot;sticky_anchor_link_offset&quot;:0}\">\n\t\t\t\t<div class=\"elementor-element elementor-element-b77bb93 elementor-widget elementor-widget-template\" data-id=\"b77bb93\" data-element_type=\"widget\" data-e-type=\"widget\" data-widget_type=\"template.default\">\n\t\t\t\t<div class=\"elementor-widget-container\">\n\t\t\t\t\t\t\t<div class=\"elementor-template\">\n\t\t\t\t\t<div data-elementor-type=\"container\" data-elementor-id=\"4762\" class=\"elementor elementor-4762\" data-elementor-post-type=\"elementor_library\">\n\t\t\t\t<div class=\"elementor-element elementor-element-975ae01 e-flex e-con-boxed e-con e-parent\" data-id=\"975ae01\" data-element_type=\"container\" data-e-type=\"container\">\n\t\t\t\t\t<div class=\"e-con-inner\">\n\t\t\t\t<div class=\"elementor-element elementor-element-5a80bd9 elementor-nav-menu__text-align-aside elementor-widget elementor-widget-nav-menu\" data-id=\"5a80bd9\" data-element_type=\"widget\" data-e-type=\"widget\" data-settings=\"{&quot;layout&quot;:&quot;dropdown&quot;,&quot;submenu_icon&quot;:{&quot;value&quot;:&quot;&lt;svg aria-hidden=\\&quot;true\\&quot; class=\\&quot;e-font-icon-svg e-fas-caret-down\\&quot; viewBox=\\&quot;0 0 320 512\\&quot; xmlns=\\&quot;http:\\\/\\\/www.w3.org\\\/2000\\\/svg\\&quot;&gt;&lt;path d=\\&quot;M31.3 192h257.3c17.8 0 26.7 21.5 14.1 34.1L174.1 354.8c-7.8 7.8-20.5 7.8-28.3 0L17.2 226.1C4.6 213.5 13.5 192 31.3 192z\\&quot;&gt;&lt;\\\/path&gt;&lt;\\\/svg&gt;&quot;,&quot;library&quot;:&quot;fa-solid&quot;}}\" data-widget_type=\"nav-menu.default\">\n\t\t\t\t<div class=\"elementor-widget-container\">\n\t\t\t\t\t\t\t\t<nav class=\"elementor-nav-menu--dropdown elementor-nav-menu__container\" aria-hidden=\"true\">\n\t\t\t\t<ul id=\"menu-2-5a80bd9\" class=\"elementor-nav-menu\"><li class=\"menu-item menu-item-type-post_type menu-item-object-page menu-item-has-children menu-item-4835\"><a href=\"https:\/\/fimif.edu.al\/en\/programet-e-studimit\/cikli-ii-i-studimeve\/master-shkencor-ne-inxhinierine-matematike\/\" class=\"elementor-item\" tabindex=\"-1\">Master Shkencor n\u00eb Inxhinierin\u00eb Matematike<\/a>\n<ul class=\"sub-menu elementor-nav-menu--dropdown\">\n\t<li class=\"menu-item menu-item-type-post_type menu-item-object-page menu-item-4844\"><a href=\"https:\/\/fimif.edu.al\/en\/programet-e-studimit\/cikli-ii-i-studimeve\/master-shkencor-ne-inxhinierine-matematike\/plan-mesimor-msh-im\/\" class=\"elementor-sub-item\" tabindex=\"-1\">Plan M\u00ebsimor MSH, IM<\/a><\/li>\n\t<li class=\"menu-item menu-item-type-post_type menu-item-object-page menu-item-4847\"><a href=\"https:\/\/fimif.edu.al\/en\/programet-e-studimit\/cikli-ii-i-studimeve\/master-shkencor-ne-inxhinierine-matematike\/rregullore-msh-im\/\" class=\"elementor-sub-item\" tabindex=\"-1\">Rregullore MSH, IM<\/a><\/li>\n<\/ul>\n<\/li>\n<li class=\"menu-item menu-item-type-post_type menu-item-object-page menu-item-has-children menu-item-4836\"><a href=\"https:\/\/fimif.edu.al\/en\/programet-e-studimit\/cikli-ii-i-studimeve\/master-profesional-ne-analiza-sistemesh\/\" class=\"elementor-item\" tabindex=\"-1\">Master Profesional n\u00eb Analiza Sistemesh<\/a>\n<ul class=\"sub-menu elementor-nav-menu--dropdown\">\n\t<li class=\"menu-item menu-item-type-post_type menu-item-object-page menu-item-4840\"><a href=\"https:\/\/fimif.edu.al\/en\/programet-e-studimit\/cikli-ii-i-studimeve\/master-profesional-ne-analiza-sistemesh\/plan-mesimor-mp-as-im\/\" class=\"elementor-sub-item\" tabindex=\"-1\">Plan M\u00ebsimor MP AS, IM<\/a><\/li>\n\t<li class=\"menu-item menu-item-type-post_type menu-item-object-page menu-item-4848\"><a href=\"https:\/\/fimif.edu.al\/en\/programet-e-studimit\/cikli-ii-i-studimeve\/master-profesional-ne-analiza-sistemesh\/rregullore-mp-as-im\/\" class=\"elementor-sub-item\" tabindex=\"-1\">Rregullore MP AS, IM<\/a><\/li>\n<\/ul>\n<\/li>\n<li class=\"menu-item menu-item-type-post_type menu-item-object-page menu-item-has-children menu-item-4838\"><a href=\"https:\/\/fimif.edu.al\/en\/programet-e-studimit\/cikli-ii-i-studimeve\/master-shkencor-ne-inxhinierine-fizike\/\" class=\"elementor-item\" tabindex=\"-1\">Master Shkencor n\u00eb Inxhinierin\u00eb Fizike<\/a>\n<ul class=\"sub-menu elementor-nav-menu--dropdown\">\n\t<li class=\"menu-item menu-item-type-post_type menu-item-object-page menu-item-4841\"><a href=\"https:\/\/fimif.edu.al\/en\/programet-e-studimit\/cikli-ii-i-studimeve\/master-shkencor-ne-inxhinierine-fizike\/plan-mesimor-msh-if-if\/\" class=\"elementor-sub-item\" tabindex=\"-1\">Plan M\u00ebsimor MSH IF, IF<\/a><\/li>\n\t<li class=\"menu-item menu-item-type-post_type menu-item-object-page menu-item-4849\"><a href=\"https:\/\/fimif.edu.al\/en\/programet-e-studimit\/cikli-ii-i-studimeve\/master-shkencor-ne-inxhinierine-fizike\/rregullore-msh-if-if\/\" class=\"elementor-sub-item\" tabindex=\"-1\">Rregullore MSH IF, IF<\/a><\/li>\n<\/ul>\n<\/li>\n<li class=\"menu-item menu-item-type-post_type menu-item-object-page menu-item-has-children menu-item-4837\"><a href=\"https:\/\/fimif.edu.al\/en\/programet-e-studimit\/cikli-ii-i-studimeve\/master-shkencor-ne-inxhinierine-fizike-profili-fizikan-mjekesor\/\" class=\"elementor-item\" tabindex=\"-1\">Master Shkencor n\u00eb Inxhinierin\u00eb Fizike-Profili Fizikan Mjek\u00ebsor<\/a>\n<ul class=\"sub-menu elementor-nav-menu--dropdown\">\n\t<li class=\"menu-item menu-item-type-post_type menu-item-object-page menu-item-4846\"><a href=\"https:\/\/fimif.edu.al\/en\/programet-e-studimit\/cikli-ii-i-studimeve\/master-shkencor-ne-inxhinierine-fizike-profili-fizikan-mjekesor\/plan-mesimor-msh-fm-if\/\" class=\"elementor-sub-item\" tabindex=\"-1\">Plan M\u00ebsimor MSH FM, IF,<\/a><\/li>\n\t<li class=\"menu-item menu-item-type-post_type menu-item-object-page menu-item-4843\"><a href=\"https:\/\/fimif.edu.al\/en\/programet-e-studimit\/cikli-ii-i-studimeve\/master-shkencor-ne-inxhinierine-fizike-profili-fizikan-mjekesor\/rregullore-msh-fm-if\/\" class=\"elementor-sub-item\" tabindex=\"-1\">Rregullore MSH FM, IF<\/a><\/li>\n\t<li class=\"menu-item menu-item-type-post_type menu-item-object-page menu-item-4872\"><a href=\"https:\/\/fimif.edu.al\/en\/programet-e-studimit\/cikli-ii-i-studimeve\/master-shkencor-ne-inxhinierine-fizike\/rregullore-msh-if-if\/\" class=\"elementor-sub-item\" tabindex=\"-1\">Rregullore MSH IF, IF<\/a><\/li>\n<\/ul>\n<\/li>\n<\/ul>\t\t\t<\/nav>\n\t\t\t\t\t\t<\/div>\n\t\t\t\t<\/div>\n\t\t\t\t\t<\/div>\n\t\t\t\t<\/div>\n\t\t\t\t<\/div>\n\t\t\t\t<\/div>\n\t\t\t\t\t\t<\/div>\n\t\t\t\t<\/div>\n\t\t\t\t<\/div>\n\t\t<div class=\"elementor-element elementor-element-4311179 e-con-full e-flex e-con e-child\" data-id=\"4311179\" data-element_type=\"container\" data-e-type=\"container\" data-settings=\"{&quot;background_background&quot;:&quot;classic&quot;}\">\n\t\t\t\t<div class=\"elementor-element elementor-element-a8a68cb elementor-widget__width-inherit elementor-widget elementor-widget-heading\" data-id=\"a8a68cb\" data-element_type=\"widget\" data-e-type=\"widget\" data-widget_type=\"heading.default\">\n\t\t\t\t<div class=\"elementor-widget-container\">\n\t\t\t\t\t<h1 class=\"elementor-heading-title elementor-size-default\">Master Profesional ne Analiza Sistemesh<\/h1>\t\t\t\t<\/div>\n\t\t\t\t<\/div>\n\t\t\t\t<div class=\"elementor-element elementor-element-32aa79b elementor-widget__width-inherit elementor-widget elementor-widget-heading\" data-id=\"32aa79b\" data-element_type=\"widget\" data-e-type=\"widget\" data-widget_type=\"heading.default\">\n\t\t\t\t<div class=\"elementor-widget-container\">\n\t\t\t\t\t<h2 class=\"elementor-heading-title elementor-size-default\">Objektivat formuese t\u00eb programit t\u00eb studimit<\/h2>\t\t\t\t<\/div>\n\t\t\t\t<\/div>\n\t\t\t\t<div class=\"elementor-element elementor-element-8179383 elementor-widget elementor-widget-text-editor\" data-id=\"8179383\" data-element_type=\"widget\" data-e-type=\"widget\" data-widget_type=\"text-editor.default\">\n\t\t\t\t<div class=\"elementor-widget-container\">\n\t\t\t\t\t\t\t\t\t<p>Drejtimi <strong>\u201c<\/strong>Inxhinieri Matematike n\u00eb Analiz\u00eb Sistemesh<strong>\u201d<\/strong> \u00ebsht\u00eb nj\u00eb drejtim q\u00eb nuk p\u00ebrmbahet n\u00eb grupin e specializimeve tradicionale t\u00eb inxhinieris\u00eb.<\/p><p>Deri koh\u00ebt e fundit ka pasur nj\u00eb mendim se themelet e edukimit modern p\u00ebrcaktohen, kryesisht, n\u00eb bazat e studimit t\u00eb fizik\u00ebs, matematik\u00ebs, kimis\u00eb, biologjis\u00eb dhe shkencave humane. Megjithat\u00eb, zhvillimi i qytet\u00ebrimit modern ka treguar se kjo nuk \u00ebsht\u00eb plot\u00ebsisht e mjaftueshme, dhe k\u00ebrkon nj\u00eb v\u00ebshtrim t\u00eb ri, bashk\u00ebkohor, thelbi i t\u00eb cil\u00ebs \u00ebsht\u00eb q\u00eb t\u00eb edukoj\u00eb student\u00ebt n\u00eb m\u00ebnyr\u00ebn e t\u00eb menduarit t\u00eb orientuar drejt sistemeve.<\/p><p>Shkenca moderne pranon se bota jon\u00eb &#8211; nga kozmosi deri tek atomet &#8211; \u00ebsht\u00eb nj\u00eb sistem i vet\u00ebm dhe\u00a0 i integruar q\u00eb vepron me ligjet e veta. Mjedisi yn\u00eb: ekologjik, social-ekonomik, teknologjik &#8211; \u00ebsht\u00eb nj\u00eb bot\u00eb e sistemeve komplekse t\u00eb natyrave t\u00eb ndryshme, t\u00eb cilat duhet t\u00eb analizohen n\u00eb m\u00ebnyr\u00eb q\u00eb t\u00eb mund\u00ebsohet\u00a0 menaxhimi i tyre efektiv. N\u00eb hartimin e k\u00ebsaj kurrikule, jan\u00eb pasur parasysh nevojat e reja t\u00eb tregut t\u00eb pun\u00ebs p\u00ebr profesionist\u00eb, t\u00eb cil\u00ebve do tu duhet t\u00eb p\u00ebrballen me koncepte inxhinierike bashk\u00ebkohore, apo probleme q\u00eb lidhen me sisteme komplekse. Menaxhimi i k\u00ebtyre sistemeve apo zgjidhja e problemeve t\u00eb lidhura me to nuk mund t\u00eb b\u00ebhet pa njohjen e teknologjive t\u00eb reja si edhe metodologjive q\u00eb ofrojn\u00eb disiplina t\u00eb ve\u00e7anta apo grupe disiplinash t\u00eb Matematik\u00ebs s\u00eb Zbatuar dhe Informatik\u00ebs.\u00a0\u00a0<\/p><p>Student\u00ebt q\u00eb kan\u00eb kaluar me sukses procesin m\u00ebsimor, fitojn\u00eb njohuri dhe aft\u00ebsi p\u00ebr p\u00ebrdorimin e metodave dhe teknologjive t\u00eb reja p\u00ebr p\u00ebrpunimin dhe analiz\u00ebn e informacionit, menaxhimin e sistemeve komplekse teknike, ekonomike dhe sociale.<\/p>\t\t\t\t\t\t\t\t<\/div>\n\t\t\t\t<\/div>\n\t\t\t\t<div class=\"elementor-element elementor-element-1d403b5 elementor-widget__width-inherit elementor-widget elementor-widget-heading\" data-id=\"1d403b5\" data-element_type=\"widget\" data-e-type=\"widget\" data-widget_type=\"heading.default\">\n\t\t\t\t<div class=\"elementor-widget-container\">\n\t\t\t\t\t<h2 class=\"elementor-heading-title elementor-size-default\">Njohurit\u00eb dhe aft\u00ebsit\u00eb e student\u00ebve n\u00eb p\u00ebrfundim t\u00eb programit t\u00eb studimit<\/h2>\t\t\t\t<\/div>\n\t\t\t\t<\/div>\n\t\t\t\t<div class=\"elementor-element elementor-element-0545f53 elementor-widget elementor-widget-text-editor\" data-id=\"0545f53\" data-element_type=\"widget\" data-e-type=\"widget\" data-widget_type=\"text-editor.default\">\n\t\t\t\t<div class=\"elementor-widget-container\">\n\t\t\t\t\t\t\t\t\t<p>Ky kurs \u00ebsht\u00eb nj\u00eb disiplin\u00eb relativisht e re e cila n\u00eb p\u00ebrfundim t\u00eb programit t\u00eb studimit e pajis inxhinierin e ardhsh\u00ebm me njohuri p\u00ebr:<\/p><ul><li>lidhjet e ngushta t\u00eb matematik\u00ebs me problemet problemet financiare;<\/li><li>softe t\u00eb ndryshme matematike, t\u00eb cilat leht\u00ebsojn\u00eb ndjesh\u00ebm p\u00ebrdorimin e njehsimeve t\u00eb ndryshme matematike;<\/li><li>metoda t\u00eb ndryshme optimizmi q\u00eb lidhen me koston, koh\u00ebn e pun\u00ebs, fitimin dhe konkurrenc\u00ebn;<\/li><li>analiz\u00ebn spektrale t\u00eb sistemeve t\u00eb \u00e7far\u00ebdoshme t\u00eb t\u00eb dh\u00ebnave (sinjaleve);<\/li><li>metoda bashk\u00ebkohore n\u00eb analiz\u00ebn, kontrollin dhe p\u00ebrpunimin e informacionit p\u00ebr t\u00eb zgjidhur problemet praktike;<\/li><li>strategji t\u00eb vendimmarrjes;<\/li><li>krijimin e nj\u00eb \u201cbaze t\u00eb dh\u00ebnash\u201d si dhe mbledhjen e tyre nga burime te ndryshme;<\/li><li>karakteristikat dhe teknikat e menaxhimit t\u00eb projekteve;<\/li><li>normat etike dhe ligjore q\u00eb rregullojn\u00eb marr\u00ebdh\u00ebniet e njeriut me shoq\u00ebrin\u00eb,\u00a0\u00a0\u00a0\u00a0\u00a0 mjedisin, ligjet themelore dhe format e rregullimit t\u00eb sjelljes shoq\u00ebrore, t\u00eb drejtave dhe lirive t\u00eb qytetar\u00ebve.\u00a0<\/li><\/ul>\t\t\t\t\t\t\t\t<\/div>\n\t\t\t\t<\/div>\n\t\t\t\t<\/div>\n\t\t\t\t\t<\/div>\n\t\t\t\t<\/div>\n\t\t\t\t<\/div>\n\t\t","protected":false},"excerpt":{"rendered":"<p>Master Profesional ne Analiza Sistemesh Objektivat formuese t\u00eb programit t\u00eb studimit Drejtimi \u201cInxhinieri Matematike n\u00eb Analiz\u00eb Sistemesh\u201d \u00ebsht\u00eb nj\u00eb drejtim q\u00eb nuk p\u00ebrmbahet n\u00eb grupin e specializimeve tradicionale t\u00eb inxhinieris\u00eb. Deri koh\u00ebt e fundit ka pasur nj\u00eb mendim se themelet e edukimit modern p\u00ebrcaktohen, kryesisht, n\u00eb bazat e studimit t\u00eb fizik\u00ebs, matematik\u00ebs, kimis\u00eb, biologjis\u00eb dhe [&hellip;]<\/p>\n","protected":false},"author":1,"featured_media":0,"parent":4141,"menu_order":0,"comment_status":"closed","ping_status":"closed","template":"","meta":{"footnotes":""},"class_list":["post-4025","page","type-page","status-publish","hentry"],"yoast_head":"<!-- This site is optimized with the Yoast SEO plugin v27.4 - https:\/\/yoast.com\/product\/yoast-seo-wordpress\/ -->\n<title>Master Profesional ne Analiza Sistemesh - Fakulteti i Inxhinieris\u00eb Matematike dhe Inxhinieris\u00eb Fizike<\/title>\n<meta name=\"robots\" content=\"index, follow, max-snippet:-1, max-image-preview:large, max-video-preview:-1\" \/>\n<link rel=\"canonical\" href=\"https:\/\/fimif.edu.al\/en\/programet-e-studimit\/cikli-ii-i-studimeve\/master-profesional-ne-analiza-sistemesh\/\" \/>\n<meta property=\"og:locale\" content=\"en_GB\" \/>\n<meta property=\"og:type\" content=\"article\" \/>\n<meta property=\"og:title\" content=\"Master Profesional ne Analiza Sistemesh - Fakulteti i Inxhinieris\u00eb Matematike dhe Inxhinieris\u00eb Fizike\" \/>\n<meta property=\"og:description\" content=\"Master Profesional ne Analiza Sistemesh Objektivat formuese t\u00eb programit t\u00eb studimit Drejtimi \u201cInxhinieri Matematike n\u00eb Analiz\u00eb Sistemesh\u201d \u00ebsht\u00eb nj\u00eb drejtim q\u00eb nuk p\u00ebrmbahet n\u00eb grupin e specializimeve tradicionale t\u00eb inxhinieris\u00eb. Deri koh\u00ebt e fundit ka pasur nj\u00eb mendim se themelet e edukimit modern p\u00ebrcaktohen, kryesisht, n\u00eb bazat e studimit t\u00eb fizik\u00ebs, matematik\u00ebs, kimis\u00eb, biologjis\u00eb dhe [&hellip;]\" \/>\n<meta property=\"og:url\" content=\"https:\/\/fimif.edu.al\/en\/programet-e-studimit\/cikli-ii-i-studimeve\/master-profesional-ne-analiza-sistemesh\/\" \/>\n<meta property=\"og:site_name\" content=\"Fakulteti i Inxhinieris\u00eb Matematike dhe Inxhinieris\u00eb Fizike\" \/>\n<meta property=\"article:publisher\" content=\"https:\/\/www.facebook.com\/p\/Departamenti-i-Inxhinierise-Matematike-FIMIF-UPT-100077435994252\/\" \/>\n<meta property=\"article:modified_time\" content=\"2024-11-21T14:51:40+00:00\" \/>\n<meta name=\"twitter:card\" content=\"summary_large_image\" \/>\n<meta name=\"twitter:label1\" content=\"Estimated reading time\" \/>\n\t<meta name=\"twitter:data1\" content=\"2 minutes\" \/>\n<script type=\"application\/ld+json\" class=\"yoast-schema-graph\">{\"@context\":\"https:\\\/\\\/schema.org\",\"@graph\":[{\"@type\":\"WebPage\",\"@id\":\"https:\\\/\\\/fimif.edu.al\\\/programet-e-studimit\\\/cikli-ii-i-studimeve\\\/master-profesional-ne-analiza-sistemesh\\\/\",\"url\":\"https:\\\/\\\/fimif.edu.al\\\/programet-e-studimit\\\/cikli-ii-i-studimeve\\\/master-profesional-ne-analiza-sistemesh\\\/\",\"name\":\"Master Profesional ne Analiza Sistemesh - Fakulteti i Inxhinieris\u00eb Matematike dhe Inxhinieris\u00eb Fizike\",\"isPartOf\":{\"@id\":\"https:\\\/\\\/fimif.edu.al\\\/#website\"},\"datePublished\":\"2024-11-07T11:21:44+00:00\",\"dateModified\":\"2024-11-21T14:51:40+00:00\",\"breadcrumb\":{\"@id\":\"https:\\\/\\\/fimif.edu.al\\\/programet-e-studimit\\\/cikli-ii-i-studimeve\\\/master-profesional-ne-analiza-sistemesh\\\/#breadcrumb\"},\"inLanguage\":\"en-GB\",\"potentialAction\":[{\"@type\":\"ReadAction\",\"target\":[\"https:\\\/\\\/fimif.edu.al\\\/programet-e-studimit\\\/cikli-ii-i-studimeve\\\/master-profesional-ne-analiza-sistemesh\\\/\"]}]},{\"@type\":\"BreadcrumbList\",\"@id\":\"https:\\\/\\\/fimif.edu.al\\\/programet-e-studimit\\\/cikli-ii-i-studimeve\\\/master-profesional-ne-analiza-sistemesh\\\/#breadcrumb\",\"itemListElement\":[{\"@type\":\"ListItem\",\"position\":1,\"name\":\"Home\",\"item\":\"https:\\\/\\\/fimif.edu.al\\\/\"},{\"@type\":\"ListItem\",\"position\":2,\"name\":\"Programet e Studimit\",\"item\":\"https:\\\/\\\/fimif.edu.al\\\/programet-e-studimit\\\/\"},{\"@type\":\"ListItem\",\"position\":3,\"name\":\"Cikli II i Studimeve\",\"item\":\"https:\\\/\\\/fimif.edu.al\\\/programet-e-studimit\\\/cikli-ii-i-studimeve\\\/\"},{\"@type\":\"ListItem\",\"position\":4,\"name\":\"Master Profesional ne Analiza Sistemesh\"}]},{\"@type\":\"WebSite\",\"@id\":\"https:\\\/\\\/fimif.edu.al\\\/#website\",\"url\":\"https:\\\/\\\/fimif.edu.al\\\/\",\"name\":\"Fakulteti i Inxhinieris\u00eb Matematike dhe Inxhinieris\u00eb Fizike\",\"description\":\"FIMIF, UPT Tirane\",\"publisher\":{\"@id\":\"https:\\\/\\\/fimif.edu.al\\\/#organization\"},\"potentialAction\":[{\"@type\":\"SearchAction\",\"target\":{\"@type\":\"EntryPoint\",\"urlTemplate\":\"https:\\\/\\\/fimif.edu.al\\\/?s={search_term_string}\"},\"query-input\":{\"@type\":\"PropertyValueSpecification\",\"valueRequired\":true,\"valueName\":\"search_term_string\"}}],\"inLanguage\":\"en-GB\"},{\"@type\":\"Organization\",\"@id\":\"https:\\\/\\\/fimif.edu.al\\\/#organization\",\"name\":\"Fakulteti i Inxhinieris\u00eb Matematike dhe Inxhinieris\u00eb Fizike\",\"url\":\"https:\\\/\\\/fimif.edu.al\\\/\",\"logo\":{\"@type\":\"ImageObject\",\"inLanguage\":\"en-GB\",\"@id\":\"https:\\\/\\\/fimif.edu.al\\\/#\\\/schema\\\/logo\\\/image\\\/\",\"url\":\"https:\\\/\\\/fimif.edu.al\\\/wp-content\\\/uploads\\\/2024\\\/10\\\/Fimif-Logo.svg\",\"contentUrl\":\"https:\\\/\\\/fimif.edu.al\\\/wp-content\\\/uploads\\\/2024\\\/10\\\/Fimif-Logo.svg\",\"width\":653,\"height\":219,\"caption\":\"Fakulteti i Inxhinieris\u00eb Matematike dhe Inxhinieris\u00eb Fizike\"},\"image\":{\"@id\":\"https:\\\/\\\/fimif.edu.al\\\/#\\\/schema\\\/logo\\\/image\\\/\"},\"sameAs\":[\"https:\\\/\\\/www.facebook.com\\\/p\\\/Departamenti-i-Inxhinierise-Matematike-FIMIF-UPT-100077435994252\\\/\"]}]}<\/script>\n<!-- \/ Yoast SEO plugin. -->","yoast_head_json":{"title":"Master Profesional ne Analiza Sistemesh - Fakulteti i Inxhinieris\u00eb Matematike dhe Inxhinieris\u00eb Fizike","robots":{"index":"index","follow":"follow","max-snippet":"max-snippet:-1","max-image-preview":"max-image-preview:large","max-video-preview":"max-video-preview:-1"},"canonical":"https:\/\/fimif.edu.al\/en\/programet-e-studimit\/cikli-ii-i-studimeve\/master-profesional-ne-analiza-sistemesh\/","og_locale":"en_GB","og_type":"article","og_title":"Master Profesional ne Analiza Sistemesh - Fakulteti i Inxhinieris\u00eb Matematike dhe Inxhinieris\u00eb Fizike","og_description":"Master Profesional ne Analiza Sistemesh Objektivat formuese t\u00eb programit t\u00eb studimit Drejtimi \u201cInxhinieri Matematike n\u00eb Analiz\u00eb Sistemesh\u201d \u00ebsht\u00eb nj\u00eb drejtim q\u00eb nuk p\u00ebrmbahet n\u00eb grupin e specializimeve tradicionale t\u00eb inxhinieris\u00eb. Deri koh\u00ebt e fundit ka pasur nj\u00eb mendim se themelet e edukimit modern p\u00ebrcaktohen, kryesisht, n\u00eb bazat e studimit t\u00eb fizik\u00ebs, matematik\u00ebs, kimis\u00eb, biologjis\u00eb dhe [&hellip;]","og_url":"https:\/\/fimif.edu.al\/en\/programet-e-studimit\/cikli-ii-i-studimeve\/master-profesional-ne-analiza-sistemesh\/","og_site_name":"Fakulteti i Inxhinieris\u00eb Matematike dhe Inxhinieris\u00eb Fizike","article_publisher":"https:\/\/www.facebook.com\/p\/Departamenti-i-Inxhinierise-Matematike-FIMIF-UPT-100077435994252\/","article_modified_time":"2024-11-21T14:51:40+00:00","twitter_card":"summary_large_image","twitter_misc":{"Estimated reading time":"2 minutes"},"schema":{"@context":"https:\/\/schema.org","@graph":[{"@type":"WebPage","@id":"https:\/\/fimif.edu.al\/programet-e-studimit\/cikli-ii-i-studimeve\/master-profesional-ne-analiza-sistemesh\/","url":"https:\/\/fimif.edu.al\/programet-e-studimit\/cikli-ii-i-studimeve\/master-profesional-ne-analiza-sistemesh\/","name":"Master Profesional ne Analiza Sistemesh - Fakulteti i Inxhinieris\u00eb Matematike dhe Inxhinieris\u00eb Fizike","isPartOf":{"@id":"https:\/\/fimif.edu.al\/#website"},"datePublished":"2024-11-07T11:21:44+00:00","dateModified":"2024-11-21T14:51:40+00:00","breadcrumb":{"@id":"https:\/\/fimif.edu.al\/programet-e-studimit\/cikli-ii-i-studimeve\/master-profesional-ne-analiza-sistemesh\/#breadcrumb"},"inLanguage":"en-GB","potentialAction":[{"@type":"ReadAction","target":["https:\/\/fimif.edu.al\/programet-e-studimit\/cikli-ii-i-studimeve\/master-profesional-ne-analiza-sistemesh\/"]}]},{"@type":"BreadcrumbList","@id":"https:\/\/fimif.edu.al\/programet-e-studimit\/cikli-ii-i-studimeve\/master-profesional-ne-analiza-sistemesh\/#breadcrumb","itemListElement":[{"@type":"ListItem","position":1,"name":"Home","item":"https:\/\/fimif.edu.al\/"},{"@type":"ListItem","position":2,"name":"Programet e Studimit","item":"https:\/\/fimif.edu.al\/programet-e-studimit\/"},{"@type":"ListItem","position":3,"name":"Cikli II i Studimeve","item":"https:\/\/fimif.edu.al\/programet-e-studimit\/cikli-ii-i-studimeve\/"},{"@type":"ListItem","position":4,"name":"Master Profesional ne Analiza Sistemesh"}]},{"@type":"WebSite","@id":"https:\/\/fimif.edu.al\/#website","url":"https:\/\/fimif.edu.al\/","name":"Fakulteti i Inxhinieris\u00eb Matematike dhe Inxhinieris\u00eb Fizike","description":"FIMIF, UPT Tirane","publisher":{"@id":"https:\/\/fimif.edu.al\/#organization"},"potentialAction":[{"@type":"SearchAction","target":{"@type":"EntryPoint","urlTemplate":"https:\/\/fimif.edu.al\/?s={search_term_string}"},"query-input":{"@type":"PropertyValueSpecification","valueRequired":true,"valueName":"search_term_string"}}],"inLanguage":"en-GB"},{"@type":"Organization","@id":"https:\/\/fimif.edu.al\/#organization","name":"Fakulteti i Inxhinieris\u00eb Matematike dhe Inxhinieris\u00eb Fizike","url":"https:\/\/fimif.edu.al\/","logo":{"@type":"ImageObject","inLanguage":"en-GB","@id":"https:\/\/fimif.edu.al\/#\/schema\/logo\/image\/","url":"https:\/\/fimif.edu.al\/wp-content\/uploads\/2024\/10\/Fimif-Logo.svg","contentUrl":"https:\/\/fimif.edu.al\/wp-content\/uploads\/2024\/10\/Fimif-Logo.svg","width":653,"height":219,"caption":"Fakulteti i Inxhinieris\u00eb Matematike dhe Inxhinieris\u00eb Fizike"},"image":{"@id":"https:\/\/fimif.edu.al\/#\/schema\/logo\/image\/"},"sameAs":["https:\/\/www.facebook.com\/p\/Departamenti-i-Inxhinierise-Matematike-FIMIF-UPT-100077435994252\/"]}]}},"_links":{"self":[{"href":"https:\/\/fimif.edu.al\/en\/wp-json\/wp\/v2\/pages\/4025","targetHints":{"allow":["GET"]}}],"collection":[{"href":"https:\/\/fimif.edu.al\/en\/wp-json\/wp\/v2\/pages"}],"about":[{"href":"https:\/\/fimif.edu.al\/en\/wp-json\/wp\/v2\/types\/page"}],"author":[{"embeddable":true,"href":"https:\/\/fimif.edu.al\/en\/wp-json\/wp\/v2\/users\/1"}],"replies":[{"embeddable":true,"href":"https:\/\/fimif.edu.al\/en\/wp-json\/wp\/v2\/comments?post=4025"}],"version-history":[{"count":4,"href":"https:\/\/fimif.edu.al\/en\/wp-json\/wp\/v2\/pages\/4025\/revisions"}],"predecessor-version":[{"id":4787,"href":"https:\/\/fimif.edu.al\/en\/wp-json\/wp\/v2\/pages\/4025\/revisions\/4787"}],"up":[{"embeddable":true,"href":"https:\/\/fimif.edu.al\/en\/wp-json\/wp\/v2\/pages\/4141"}],"wp:attachment":[{"href":"https:\/\/fimif.edu.al\/en\/wp-json\/wp\/v2\/media?parent=4025"}],"curies":[{"name":"wp","href":"https:\/\/api.w.org\/{rel}","templated":true}]}}