{"id":4026,"date":"2024-11-07T12:21:51","date_gmt":"2024-11-07T11:21:51","guid":{"rendered":"https:\/\/fimif.farmaciferati.al\/?page_id=4026"},"modified":"2024-11-21T15:58:20","modified_gmt":"2024-11-21T14:58:20","slug":"master-shkencor-ne-inxhinierine-fizike","status":"publish","type":"page","link":"https:\/\/fimif.edu.al\/en\/programet-e-studimit\/cikli-ii-i-studimeve\/master-shkencor-ne-inxhinierine-fizike\/","title":{"rendered":"Master Shkencor ne Inxhinierine Fizike"},"content":{"rendered":"\t\t<div data-elementor-type=\"wp-page\" data-elementor-id=\"4026\" class=\"elementor elementor-4026\" data-elementor-post-type=\"page\">\n\t\t\t\t<div class=\"elementor-element elementor-element-936b478 e-flex e-con-boxed e-con e-parent\" data-id=\"936b478\" data-element_type=\"container\" data-e-type=\"container\">\n\t\t\t\t\t<div class=\"e-con-inner\">\n\t\t<div class=\"elementor-element elementor-element-160d5ef e-con-full e-flex e-con e-child\" data-id=\"160d5ef\" data-element_type=\"container\" data-e-type=\"container\" data-settings=\"{&quot;sticky&quot;:&quot;top&quot;,&quot;sticky_on&quot;:[&quot;desktop&quot;,&quot;laptop&quot;,&quot;tablet&quot;],&quot;sticky_offset&quot;:80,&quot;sticky_parent&quot;:&quot;yes&quot;,&quot;sticky_effects_offset&quot;:0,&quot;sticky_anchor_link_offset&quot;:0}\">\n\t\t\t\t<div class=\"elementor-element elementor-element-c35b6c8 elementor-widget elementor-widget-template\" data-id=\"c35b6c8\" data-element_type=\"widget\" data-e-type=\"widget\" data-widget_type=\"template.default\">\n\t\t\t\t<div class=\"elementor-widget-container\">\n\t\t\t\t\t\t\t<div class=\"elementor-template\">\n\t\t\t\t\t<div data-elementor-type=\"container\" data-elementor-id=\"4762\" class=\"elementor elementor-4762\" data-elementor-post-type=\"elementor_library\">\n\t\t\t\t<div class=\"elementor-element elementor-element-975ae01 e-flex e-con-boxed e-con e-parent\" data-id=\"975ae01\" data-element_type=\"container\" data-e-type=\"container\">\n\t\t\t\t\t<div class=\"e-con-inner\">\n\t\t\t\t<div class=\"elementor-element elementor-element-5a80bd9 elementor-nav-menu__text-align-aside elementor-widget elementor-widget-nav-menu\" data-id=\"5a80bd9\" data-element_type=\"widget\" data-e-type=\"widget\" data-settings=\"{&quot;layout&quot;:&quot;dropdown&quot;,&quot;submenu_icon&quot;:{&quot;value&quot;:&quot;&lt;svg aria-hidden=\\&quot;true\\&quot; class=\\&quot;e-font-icon-svg e-fas-caret-down\\&quot; viewBox=\\&quot;0 0 320 512\\&quot; xmlns=\\&quot;http:\\\/\\\/www.w3.org\\\/2000\\\/svg\\&quot;&gt;&lt;path d=\\&quot;M31.3 192h257.3c17.8 0 26.7 21.5 14.1 34.1L174.1 354.8c-7.8 7.8-20.5 7.8-28.3 0L17.2 226.1C4.6 213.5 13.5 192 31.3 192z\\&quot;&gt;&lt;\\\/path&gt;&lt;\\\/svg&gt;&quot;,&quot;library&quot;:&quot;fa-solid&quot;}}\" data-widget_type=\"nav-menu.default\">\n\t\t\t\t<div class=\"elementor-widget-container\">\n\t\t\t\t\t\t\t\t<nav class=\"elementor-nav-menu--dropdown elementor-nav-menu__container\" aria-hidden=\"true\">\n\t\t\t\t<ul id=\"menu-2-5a80bd9\" class=\"elementor-nav-menu\"><li class=\"menu-item menu-item-type-post_type menu-item-object-page menu-item-has-children menu-item-4835\"><a href=\"https:\/\/fimif.edu.al\/en\/programet-e-studimit\/cikli-ii-i-studimeve\/master-shkencor-ne-inxhinierine-matematike\/\" class=\"elementor-item\" tabindex=\"-1\">Master Shkencor n\u00eb Inxhinierin\u00eb Matematike<\/a>\n<ul class=\"sub-menu elementor-nav-menu--dropdown\">\n\t<li class=\"menu-item menu-item-type-post_type menu-item-object-page menu-item-4844\"><a href=\"https:\/\/fimif.edu.al\/en\/programet-e-studimit\/cikli-ii-i-studimeve\/master-shkencor-ne-inxhinierine-matematike\/plan-mesimor-msh-im\/\" class=\"elementor-sub-item\" tabindex=\"-1\">Plan M\u00ebsimor MSH, IM<\/a><\/li>\n\t<li class=\"menu-item menu-item-type-post_type menu-item-object-page menu-item-4847\"><a href=\"https:\/\/fimif.edu.al\/en\/programet-e-studimit\/cikli-ii-i-studimeve\/master-shkencor-ne-inxhinierine-matematike\/rregullore-msh-im\/\" class=\"elementor-sub-item\" tabindex=\"-1\">Rregullore MSH, IM<\/a><\/li>\n<\/ul>\n<\/li>\n<li class=\"menu-item menu-item-type-post_type menu-item-object-page menu-item-has-children menu-item-4836\"><a href=\"https:\/\/fimif.edu.al\/en\/programet-e-studimit\/cikli-ii-i-studimeve\/master-profesional-ne-analiza-sistemesh\/\" class=\"elementor-item\" tabindex=\"-1\">Master Profesional n\u00eb Analiza Sistemesh<\/a>\n<ul class=\"sub-menu elementor-nav-menu--dropdown\">\n\t<li class=\"menu-item menu-item-type-post_type menu-item-object-page menu-item-4840\"><a href=\"https:\/\/fimif.edu.al\/en\/programet-e-studimit\/cikli-ii-i-studimeve\/master-profesional-ne-analiza-sistemesh\/plan-mesimor-mp-as-im\/\" class=\"elementor-sub-item\" tabindex=\"-1\">Plan M\u00ebsimor MP AS, IM<\/a><\/li>\n\t<li class=\"menu-item menu-item-type-post_type menu-item-object-page menu-item-4848\"><a href=\"https:\/\/fimif.edu.al\/en\/programet-e-studimit\/cikli-ii-i-studimeve\/master-profesional-ne-analiza-sistemesh\/rregullore-mp-as-im\/\" class=\"elementor-sub-item\" tabindex=\"-1\">Rregullore MP AS, IM<\/a><\/li>\n<\/ul>\n<\/li>\n<li class=\"menu-item menu-item-type-post_type menu-item-object-page menu-item-has-children menu-item-4838\"><a href=\"https:\/\/fimif.edu.al\/en\/programet-e-studimit\/cikli-ii-i-studimeve\/master-shkencor-ne-inxhinierine-fizike\/\" class=\"elementor-item\" tabindex=\"-1\">Master Shkencor n\u00eb Inxhinierin\u00eb Fizike<\/a>\n<ul class=\"sub-menu elementor-nav-menu--dropdown\">\n\t<li class=\"menu-item menu-item-type-post_type menu-item-object-page menu-item-4841\"><a href=\"https:\/\/fimif.edu.al\/en\/programet-e-studimit\/cikli-ii-i-studimeve\/master-shkencor-ne-inxhinierine-fizike\/plan-mesimor-msh-if-if\/\" class=\"elementor-sub-item\" tabindex=\"-1\">Plan M\u00ebsimor MSH IF, IF<\/a><\/li>\n\t<li class=\"menu-item menu-item-type-post_type menu-item-object-page menu-item-4849\"><a href=\"https:\/\/fimif.edu.al\/en\/programet-e-studimit\/cikli-ii-i-studimeve\/master-shkencor-ne-inxhinierine-fizike\/rregullore-msh-if-if\/\" class=\"elementor-sub-item\" tabindex=\"-1\">Rregullore MSH IF, IF<\/a><\/li>\n<\/ul>\n<\/li>\n<li class=\"menu-item menu-item-type-post_type menu-item-object-page menu-item-has-children menu-item-4837\"><a href=\"https:\/\/fimif.edu.al\/en\/programet-e-studimit\/cikli-ii-i-studimeve\/master-shkencor-ne-inxhinierine-fizike-profili-fizikan-mjekesor\/\" class=\"elementor-item\" tabindex=\"-1\">Master Shkencor n\u00eb Inxhinierin\u00eb Fizike-Profili Fizikan Mjek\u00ebsor<\/a>\n<ul class=\"sub-menu elementor-nav-menu--dropdown\">\n\t<li class=\"menu-item menu-item-type-post_type menu-item-object-page menu-item-4846\"><a href=\"https:\/\/fimif.edu.al\/en\/programet-e-studimit\/cikli-ii-i-studimeve\/master-shkencor-ne-inxhinierine-fizike-profili-fizikan-mjekesor\/plan-mesimor-msh-fm-if\/\" class=\"elementor-sub-item\" tabindex=\"-1\">Plan M\u00ebsimor MSH FM, IF,<\/a><\/li>\n\t<li class=\"menu-item menu-item-type-post_type menu-item-object-page menu-item-4843\"><a href=\"https:\/\/fimif.edu.al\/en\/programet-e-studimit\/cikli-ii-i-studimeve\/master-shkencor-ne-inxhinierine-fizike-profili-fizikan-mjekesor\/rregullore-msh-fm-if\/\" class=\"elementor-sub-item\" tabindex=\"-1\">Rregullore MSH FM, IF<\/a><\/li>\n\t<li class=\"menu-item menu-item-type-post_type menu-item-object-page menu-item-4872\"><a href=\"https:\/\/fimif.edu.al\/en\/programet-e-studimit\/cikli-ii-i-studimeve\/master-shkencor-ne-inxhinierine-fizike\/rregullore-msh-if-if\/\" class=\"elementor-sub-item\" tabindex=\"-1\">Rregullore MSH IF, IF<\/a><\/li>\n<\/ul>\n<\/li>\n<\/ul>\t\t\t<\/nav>\n\t\t\t\t\t\t<\/div>\n\t\t\t\t<\/div>\n\t\t\t\t\t<\/div>\n\t\t\t\t<\/div>\n\t\t\t\t<\/div>\n\t\t\t\t<\/div>\n\t\t\t\t\t\t<\/div>\n\t\t\t\t<\/div>\n\t\t\t\t<\/div>\n\t\t<div class=\"elementor-element elementor-element-764d054 e-con-full e-flex e-con e-child\" data-id=\"764d054\" data-element_type=\"container\" data-e-type=\"container\" data-settings=\"{&quot;background_background&quot;:&quot;classic&quot;}\">\n\t\t\t\t<div class=\"elementor-element elementor-element-a36f2e2 elementor-widget__width-inherit elementor-widget elementor-widget-heading\" data-id=\"a36f2e2\" data-element_type=\"widget\" data-e-type=\"widget\" data-widget_type=\"heading.default\">\n\t\t\t\t<div class=\"elementor-widget-container\">\n\t\t\t\t\t<h1 class=\"elementor-heading-title elementor-size-default\">Mashter Shkencor ne Inxhinierine Fizike<\/h1>\t\t\t\t<\/div>\n\t\t\t\t<\/div>\n\t\t\t\t<div class=\"elementor-element elementor-element-d34ed00 elementor-widget__width-inherit elementor-widget elementor-widget-heading\" data-id=\"d34ed00\" data-element_type=\"widget\" data-e-type=\"widget\" data-widget_type=\"heading.default\">\n\t\t\t\t<div class=\"elementor-widget-container\">\n\t\t\t\t\t<h2 class=\"elementor-heading-title elementor-size-default\">Objektivat formuese t\u00eb programit t\u00eb studimit<\/h2>\t\t\t\t<\/div>\n\t\t\t\t<\/div>\n\t\t\t\t<div class=\"elementor-element elementor-element-a67d11a elementor-widget elementor-widget-text-editor\" data-id=\"a67d11a\" data-element_type=\"widget\" data-e-type=\"widget\" data-widget_type=\"text-editor.default\">\n\t\t\t\t<div class=\"elementor-widget-container\">\n\t\t\t\t\t\t\t\t\t<p>Kursi i studimeve i ciklit t\u00eb dyt\u00eb Master i Shkencave n\u00eb Inxhinieri Fizike <em>Profili Inxhinier Fizike,<\/em> i cili zgjat 2 (dy) vite akademike, ka si objektiv plot\u00ebsimin dhe thellimin e formimit t\u00eb t\u00eb diplomuarve n\u00eb nivelin e par\u00eb, si me shprehit\u00eb baz\u00eb (shkencore dhe inxhinierike).\u00a0<\/p><p>Dega e inxhinieris\u00eb fizike apo inxhinieris\u00eb s\u00eb shkenc\u00ebs \u00ebsht\u00eb deg\u00eb q\u00eb zhvillohet n\u00eb shum\u00eb vende e universitete t\u00eb bot\u00ebs. Nd\u00ebrkoh\u00eb q\u00eb programet e ciklit t\u00eb par\u00eb n\u00eb deg\u00ebt inxhinierike fokusohen n\u00eb zbatimet e metodave t\u00eb njohura dhe standarde p\u00ebr t\u00eb projektuar apo dhe dh\u00ebn\u00eb zgjidhje inxhinierike, programet e inxhinieris\u00eb fizike fokusohen n\u00eb krijimin dhe p\u00ebrdorimin e teknikave t\u00eb zhvilluara kompjuterike aty ku trajtimet standarde jan\u00eb t\u00eb pap\u00ebrshtatshme (mund te p\u00ebrmendim zhvillimin e zgjidhjeve inxhinierike p\u00ebr probleme bashk\u00ebkohore n\u00eb shkencat fizike, teknike, ekonomike dhe t\u00eb bot\u00ebs s\u00eb gjall\u00eb duke shfryt\u00ebzuar ligjet themelore t\u00eb fizik\u00ebs)<\/p><p>Viti i par\u00eb konsiston n\u00eb konsolidimin e njohurive n\u00eb l\u00ebnd\u00ebt fizike dhe inxhinierike. Viti i dyt\u00eb, semestri i par\u00eb, i dedikohet thellimit n\u00eb fush\u00ebn e orientimeve p\u00ebrkat\u00ebse, nd\u00ebrsa semestri i dyt\u00eb pothuaj i dedikohet plot\u00ebsisht punimit t\u00eb tez\u00ebs s\u00eb diplomimit. N\u00eb k\u00ebt\u00eb m\u00ebnyr\u00eb, n\u00eb kuadrin e tez\u00ebs, duhet ti jepet studentit mund\u00ebsia p\u00ebr t\u00eb p\u00ebrfituar nj\u00eb p\u00ebrvoj\u00eb dhe pavar\u00ebsi, q\u00eb e p\u00ebrgatit at\u00eb p\u00ebr ecjen p\u00ebrpara profesionale.<\/p>\t\t\t\t\t\t\t\t<\/div>\n\t\t\t\t<\/div>\n\t\t\t\t<div class=\"elementor-element elementor-element-dc131b5 elementor-widget__width-inherit elementor-widget elementor-widget-heading\" data-id=\"dc131b5\" data-element_type=\"widget\" data-e-type=\"widget\" data-widget_type=\"heading.default\">\n\t\t\t\t<div class=\"elementor-widget-container\">\n\t\t\t\t\t<h2 class=\"elementor-heading-title elementor-size-default\">Njohurit\u00eb dhe aft\u00ebsit\u00eb e student\u00ebve n\u00eb p\u00ebrfundim t\u00eb programit t\u00eb studimit<\/h2>\t\t\t\t<\/div>\n\t\t\t\t<\/div>\n\t\t\t\t<div class=\"elementor-element elementor-element-19a39cc elementor-widget elementor-widget-text-editor\" data-id=\"19a39cc\" data-element_type=\"widget\" data-e-type=\"widget\" data-widget_type=\"text-editor.default\">\n\t\t\t\t<div class=\"elementor-widget-container\">\n\t\t\t\t\t\t\t\t\t<p>Ky kurs \u00ebsht\u00eb nj\u00eb disiplin\u00eb relativisht e re nd\u00ebrdisiplinore, ku programi nd\u00ebrthur fizik\u00ebn klasike dhe moderne, kimin\u00eb dhe matematik\u00ebn me zbatimet e tyre inxhinierike. Bazat e q\u00ebndrueshme fizike dhe matematike p\u00ebrforcohen me p\u00ebrzgjedhjen e kurseve me zgjedhje n\u00eb l\u00ebnd\u00ebt inxhinierike t\u00eb cilat e p\u00ebrgatisin studentin me aft\u00ebsit\u00eb e nevojshme p\u00ebr t\u2019u ballafaquar me problemet komplekse me t\u00eb cilat p\u00ebrballet shoq\u00ebria. Meqen\u00ebse programi e v\u00eb theksin tek shkenca dhe matematika, studentet fitojn\u00eb aft\u00ebsi t\u00eb plota p\u00ebr t\u00eb vazhduar studime t\u00eb m\u00ebtejshme n\u00eb doktorat\u00eb n\u00eb fizik\u00eb apo inxhinieri.<\/p><p>Programi i Inxhinieris\u00eb Fizike, i cili pajis studentet me dije t\u00eb thella fizike, me aft\u00ebsi t\u00eb shtrimit dhe zgjidhjes s\u00eb problemeve dhe me njohuri baz\u00eb inxhinierike, \u00ebsht\u00eb nd\u00ebrtuar n\u00eb m\u00ebnyre t\u00eb till\u00eb q\u00eb t\u00eb plot\u00ebsoj\u00eb k\u00ebrkesat e studenteve q\u00eb synojn\u00eb karrier\u00eb profesionale novatore n\u00eb epok\u00ebn e sotme teknologjike. P\u00ebr m\u00eb tep\u00ebr, ai i lejon student\u00ebt t\u00eb mbajn\u00eb t\u00eb hapur mund\u00ebsin e p\u00ebrzgjedhjes nd\u00ebrmjet fizikes dhe inxhinieris\u00eb. <\/p>\t\t\t\t\t\t\t\t<\/div>\n\t\t\t\t<\/div>\n\t\t\t\t<\/div>\n\t\t\t\t\t<\/div>\n\t\t\t\t<\/div>\n\t\t\t\t<\/div>\n\t\t","protected":false},"excerpt":{"rendered":"<p>Mashter Shkencor ne Inxhinierine Fizike Objektivat formuese t\u00eb programit t\u00eb studimit Kursi i studimeve i ciklit t\u00eb dyt\u00eb Master i Shkencave n\u00eb Inxhinieri Fizike Profili Inxhinier Fizike, i cili zgjat 2 (dy) vite akademike, ka si objektiv plot\u00ebsimin dhe thellimin e formimit t\u00eb t\u00eb diplomuarve n\u00eb nivelin e par\u00eb, si me shprehit\u00eb baz\u00eb (shkencore dhe [&hellip;]<\/p>\n","protected":false},"author":1,"featured_media":0,"parent":4141,"menu_order":0,"comment_status":"closed","ping_status":"closed","template":"","meta":{"footnotes":""},"class_list":["post-4026","page","type-page","status-publish","hentry"],"yoast_head":"<!-- This site is optimized with the Yoast SEO plugin v27.4 - https:\/\/yoast.com\/product\/yoast-seo-wordpress\/ -->\n<title>Master Shkencor ne Inxhinierine Fizike - Fakulteti i Inxhinieris\u00eb Matematike dhe Inxhinieris\u00eb Fizike<\/title>\n<meta name=\"robots\" content=\"index, follow, max-snippet:-1, max-image-preview:large, max-video-preview:-1\" \/>\n<link rel=\"canonical\" href=\"https:\/\/fimif.edu.al\/en\/programet-e-studimit\/cikli-ii-i-studimeve\/master-shkencor-ne-inxhinierine-fizike\/\" \/>\n<meta property=\"og:locale\" content=\"en_GB\" \/>\n<meta property=\"og:type\" content=\"article\" \/>\n<meta property=\"og:title\" content=\"Master Shkencor ne Inxhinierine Fizike - Fakulteti i Inxhinieris\u00eb Matematike dhe Inxhinieris\u00eb Fizike\" \/>\n<meta property=\"og:description\" content=\"Mashter Shkencor ne Inxhinierine Fizike Objektivat formuese t\u00eb programit t\u00eb studimit Kursi i studimeve i ciklit t\u00eb dyt\u00eb Master i Shkencave n\u00eb Inxhinieri Fizike Profili Inxhinier Fizike, i cili zgjat 2 (dy) vite akademike, ka si objektiv plot\u00ebsimin dhe thellimin e formimit t\u00eb t\u00eb diplomuarve n\u00eb nivelin e par\u00eb, si me shprehit\u00eb baz\u00eb (shkencore dhe [&hellip;]\" \/>\n<meta property=\"og:url\" content=\"https:\/\/fimif.edu.al\/en\/programet-e-studimit\/cikli-ii-i-studimeve\/master-shkencor-ne-inxhinierine-fizike\/\" \/>\n<meta property=\"og:site_name\" content=\"Fakulteti i Inxhinieris\u00eb Matematike dhe Inxhinieris\u00eb Fizike\" \/>\n<meta property=\"article:publisher\" content=\"https:\/\/www.facebook.com\/p\/Departamenti-i-Inxhinierise-Matematike-FIMIF-UPT-100077435994252\/\" \/>\n<meta property=\"article:modified_time\" content=\"2024-11-21T14:58:20+00:00\" \/>\n<meta name=\"twitter:card\" content=\"summary_large_image\" \/>\n<meta name=\"twitter:label1\" content=\"Estimated reading time\" \/>\n\t<meta name=\"twitter:data1\" content=\"2 minutes\" \/>\n<script type=\"application\/ld+json\" class=\"yoast-schema-graph\">{\"@context\":\"https:\\\/\\\/schema.org\",\"@graph\":[{\"@type\":\"WebPage\",\"@id\":\"https:\\\/\\\/fimif.edu.al\\\/programet-e-studimit\\\/cikli-ii-i-studimeve\\\/master-shkencor-ne-inxhinierine-fizike\\\/\",\"url\":\"https:\\\/\\\/fimif.edu.al\\\/programet-e-studimit\\\/cikli-ii-i-studimeve\\\/master-shkencor-ne-inxhinierine-fizike\\\/\",\"name\":\"Master Shkencor ne Inxhinierine Fizike - Fakulteti i Inxhinieris\u00eb Matematike dhe Inxhinieris\u00eb Fizike\",\"isPartOf\":{\"@id\":\"https:\\\/\\\/fimif.edu.al\\\/#website\"},\"datePublished\":\"2024-11-07T11:21:51+00:00\",\"dateModified\":\"2024-11-21T14:58:20+00:00\",\"breadcrumb\":{\"@id\":\"https:\\\/\\\/fimif.edu.al\\\/programet-e-studimit\\\/cikli-ii-i-studimeve\\\/master-shkencor-ne-inxhinierine-fizike\\\/#breadcrumb\"},\"inLanguage\":\"en-GB\",\"potentialAction\":[{\"@type\":\"ReadAction\",\"target\":[\"https:\\\/\\\/fimif.edu.al\\\/programet-e-studimit\\\/cikli-ii-i-studimeve\\\/master-shkencor-ne-inxhinierine-fizike\\\/\"]}]},{\"@type\":\"BreadcrumbList\",\"@id\":\"https:\\\/\\\/fimif.edu.al\\\/programet-e-studimit\\\/cikli-ii-i-studimeve\\\/master-shkencor-ne-inxhinierine-fizike\\\/#breadcrumb\",\"itemListElement\":[{\"@type\":\"ListItem\",\"position\":1,\"name\":\"Home\",\"item\":\"https:\\\/\\\/fimif.edu.al\\\/\"},{\"@type\":\"ListItem\",\"position\":2,\"name\":\"Programet e Studimit\",\"item\":\"https:\\\/\\\/fimif.edu.al\\\/programet-e-studimit\\\/\"},{\"@type\":\"ListItem\",\"position\":3,\"name\":\"Cikli II i Studimeve\",\"item\":\"https:\\\/\\\/fimif.edu.al\\\/programet-e-studimit\\\/cikli-ii-i-studimeve\\\/\"},{\"@type\":\"ListItem\",\"position\":4,\"name\":\"Master Shkencor ne Inxhinierine Fizike\"}]},{\"@type\":\"WebSite\",\"@id\":\"https:\\\/\\\/fimif.edu.al\\\/#website\",\"url\":\"https:\\\/\\\/fimif.edu.al\\\/\",\"name\":\"Fakulteti i Inxhinieris\u00eb Matematike dhe Inxhinieris\u00eb Fizike\",\"description\":\"FIMIF, UPT Tirane\",\"publisher\":{\"@id\":\"https:\\\/\\\/fimif.edu.al\\\/#organization\"},\"potentialAction\":[{\"@type\":\"SearchAction\",\"target\":{\"@type\":\"EntryPoint\",\"urlTemplate\":\"https:\\\/\\\/fimif.edu.al\\\/?s={search_term_string}\"},\"query-input\":{\"@type\":\"PropertyValueSpecification\",\"valueRequired\":true,\"valueName\":\"search_term_string\"}}],\"inLanguage\":\"en-GB\"},{\"@type\":\"Organization\",\"@id\":\"https:\\\/\\\/fimif.edu.al\\\/#organization\",\"name\":\"Fakulteti i Inxhinieris\u00eb Matematike dhe Inxhinieris\u00eb Fizike\",\"url\":\"https:\\\/\\\/fimif.edu.al\\\/\",\"logo\":{\"@type\":\"ImageObject\",\"inLanguage\":\"en-GB\",\"@id\":\"https:\\\/\\\/fimif.edu.al\\\/#\\\/schema\\\/logo\\\/image\\\/\",\"url\":\"https:\\\/\\\/fimif.edu.al\\\/wp-content\\\/uploads\\\/2024\\\/10\\\/Fimif-Logo.svg\",\"contentUrl\":\"https:\\\/\\\/fimif.edu.al\\\/wp-content\\\/uploads\\\/2024\\\/10\\\/Fimif-Logo.svg\",\"width\":653,\"height\":219,\"caption\":\"Fakulteti i Inxhinieris\u00eb Matematike dhe Inxhinieris\u00eb Fizike\"},\"image\":{\"@id\":\"https:\\\/\\\/fimif.edu.al\\\/#\\\/schema\\\/logo\\\/image\\\/\"},\"sameAs\":[\"https:\\\/\\\/www.facebook.com\\\/p\\\/Departamenti-i-Inxhinierise-Matematike-FIMIF-UPT-100077435994252\\\/\"]}]}<\/script>\n<!-- \/ Yoast SEO plugin. -->","yoast_head_json":{"title":"Master Shkencor ne Inxhinierine Fizike - Fakulteti i Inxhinieris\u00eb Matematike dhe Inxhinieris\u00eb Fizike","robots":{"index":"index","follow":"follow","max-snippet":"max-snippet:-1","max-image-preview":"max-image-preview:large","max-video-preview":"max-video-preview:-1"},"canonical":"https:\/\/fimif.edu.al\/en\/programet-e-studimit\/cikli-ii-i-studimeve\/master-shkencor-ne-inxhinierine-fizike\/","og_locale":"en_GB","og_type":"article","og_title":"Master Shkencor ne Inxhinierine Fizike - Fakulteti i Inxhinieris\u00eb Matematike dhe Inxhinieris\u00eb Fizike","og_description":"Mashter Shkencor ne Inxhinierine Fizike Objektivat formuese t\u00eb programit t\u00eb studimit Kursi i studimeve i ciklit t\u00eb dyt\u00eb Master i Shkencave n\u00eb Inxhinieri Fizike Profili Inxhinier Fizike, i cili zgjat 2 (dy) vite akademike, ka si objektiv plot\u00ebsimin dhe thellimin e formimit t\u00eb t\u00eb diplomuarve n\u00eb nivelin e par\u00eb, si me shprehit\u00eb baz\u00eb (shkencore dhe [&hellip;]","og_url":"https:\/\/fimif.edu.al\/en\/programet-e-studimit\/cikli-ii-i-studimeve\/master-shkencor-ne-inxhinierine-fizike\/","og_site_name":"Fakulteti i Inxhinieris\u00eb Matematike dhe Inxhinieris\u00eb Fizike","article_publisher":"https:\/\/www.facebook.com\/p\/Departamenti-i-Inxhinierise-Matematike-FIMIF-UPT-100077435994252\/","article_modified_time":"2024-11-21T14:58:20+00:00","twitter_card":"summary_large_image","twitter_misc":{"Estimated reading time":"2 minutes"},"schema":{"@context":"https:\/\/schema.org","@graph":[{"@type":"WebPage","@id":"https:\/\/fimif.edu.al\/programet-e-studimit\/cikli-ii-i-studimeve\/master-shkencor-ne-inxhinierine-fizike\/","url":"https:\/\/fimif.edu.al\/programet-e-studimit\/cikli-ii-i-studimeve\/master-shkencor-ne-inxhinierine-fizike\/","name":"Master Shkencor ne Inxhinierine Fizike - Fakulteti i Inxhinieris\u00eb Matematike dhe Inxhinieris\u00eb Fizike","isPartOf":{"@id":"https:\/\/fimif.edu.al\/#website"},"datePublished":"2024-11-07T11:21:51+00:00","dateModified":"2024-11-21T14:58:20+00:00","breadcrumb":{"@id":"https:\/\/fimif.edu.al\/programet-e-studimit\/cikli-ii-i-studimeve\/master-shkencor-ne-inxhinierine-fizike\/#breadcrumb"},"inLanguage":"en-GB","potentialAction":[{"@type":"ReadAction","target":["https:\/\/fimif.edu.al\/programet-e-studimit\/cikli-ii-i-studimeve\/master-shkencor-ne-inxhinierine-fizike\/"]}]},{"@type":"BreadcrumbList","@id":"https:\/\/fimif.edu.al\/programet-e-studimit\/cikli-ii-i-studimeve\/master-shkencor-ne-inxhinierine-fizike\/#breadcrumb","itemListElement":[{"@type":"ListItem","position":1,"name":"Home","item":"https:\/\/fimif.edu.al\/"},{"@type":"ListItem","position":2,"name":"Programet e Studimit","item":"https:\/\/fimif.edu.al\/programet-e-studimit\/"},{"@type":"ListItem","position":3,"name":"Cikli II i Studimeve","item":"https:\/\/fimif.edu.al\/programet-e-studimit\/cikli-ii-i-studimeve\/"},{"@type":"ListItem","position":4,"name":"Master Shkencor ne Inxhinierine Fizike"}]},{"@type":"WebSite","@id":"https:\/\/fimif.edu.al\/#website","url":"https:\/\/fimif.edu.al\/","name":"Fakulteti i Inxhinieris\u00eb Matematike dhe Inxhinieris\u00eb Fizike","description":"FIMIF, UPT Tirane","publisher":{"@id":"https:\/\/fimif.edu.al\/#organization"},"potentialAction":[{"@type":"SearchAction","target":{"@type":"EntryPoint","urlTemplate":"https:\/\/fimif.edu.al\/?s={search_term_string}"},"query-input":{"@type":"PropertyValueSpecification","valueRequired":true,"valueName":"search_term_string"}}],"inLanguage":"en-GB"},{"@type":"Organization","@id":"https:\/\/fimif.edu.al\/#organization","name":"Fakulteti i Inxhinieris\u00eb Matematike dhe Inxhinieris\u00eb Fizike","url":"https:\/\/fimif.edu.al\/","logo":{"@type":"ImageObject","inLanguage":"en-GB","@id":"https:\/\/fimif.edu.al\/#\/schema\/logo\/image\/","url":"https:\/\/fimif.edu.al\/wp-content\/uploads\/2024\/10\/Fimif-Logo.svg","contentUrl":"https:\/\/fimif.edu.al\/wp-content\/uploads\/2024\/10\/Fimif-Logo.svg","width":653,"height":219,"caption":"Fakulteti i Inxhinieris\u00eb Matematike dhe Inxhinieris\u00eb Fizike"},"image":{"@id":"https:\/\/fimif.edu.al\/#\/schema\/logo\/image\/"},"sameAs":["https:\/\/www.facebook.com\/p\/Departamenti-i-Inxhinierise-Matematike-FIMIF-UPT-100077435994252\/"]}]}},"_links":{"self":[{"href":"https:\/\/fimif.edu.al\/en\/wp-json\/wp\/v2\/pages\/4026","targetHints":{"allow":["GET"]}}],"collection":[{"href":"https:\/\/fimif.edu.al\/en\/wp-json\/wp\/v2\/pages"}],"about":[{"href":"https:\/\/fimif.edu.al\/en\/wp-json\/wp\/v2\/types\/page"}],"author":[{"embeddable":true,"href":"https:\/\/fimif.edu.al\/en\/wp-json\/wp\/v2\/users\/1"}],"replies":[{"embeddable":true,"href":"https:\/\/fimif.edu.al\/en\/wp-json\/wp\/v2\/comments?post=4026"}],"version-history":[{"count":5,"href":"https:\/\/fimif.edu.al\/en\/wp-json\/wp\/v2\/pages\/4026\/revisions"}],"predecessor-version":[{"id":4791,"href":"https:\/\/fimif.edu.al\/en\/wp-json\/wp\/v2\/pages\/4026\/revisions\/4791"}],"up":[{"embeddable":true,"href":"https:\/\/fimif.edu.al\/en\/wp-json\/wp\/v2\/pages\/4141"}],"wp:attachment":[{"href":"https:\/\/fimif.edu.al\/en\/wp-json\/wp\/v2\/media?parent=4026"}],"curies":[{"name":"wp","href":"https:\/\/api.w.org\/{rel}","templated":true}]}}