{"id":4027,"date":"2024-11-07T12:22:21","date_gmt":"2024-11-07T11:22:21","guid":{"rendered":"https:\/\/fimif.farmaciferati.al\/?page_id=4027"},"modified":"2024-11-22T10:16:03","modified_gmt":"2024-11-22T09:16:03","slug":"master-shkencor-ne-inxhinierine-fizike-profili-fizikan-mjekesor","status":"publish","type":"page","link":"https:\/\/fimif.edu.al\/en\/programet-e-studimit\/cikli-ii-i-studimeve\/master-shkencor-ne-inxhinierine-fizike-profili-fizikan-mjekesor\/","title":{"rendered":"Master Shkencor ne Inxhinierine Fizike-Profili Fizikan Mjekesor"},"content":{"rendered":"\t\t<div data-elementor-type=\"wp-page\" data-elementor-id=\"4027\" class=\"elementor elementor-4027\" data-elementor-post-type=\"page\">\n\t\t\t\t<div class=\"elementor-element elementor-element-1442c44 e-flex e-con-boxed e-con e-parent\" data-id=\"1442c44\" data-element_type=\"container\" data-e-type=\"container\">\n\t\t\t\t\t<div class=\"e-con-inner\">\n\t\t<div class=\"elementor-element elementor-element-994cfcb e-con-full e-flex e-con e-child\" data-id=\"994cfcb\" data-element_type=\"container\" data-e-type=\"container\" data-settings=\"{&quot;sticky&quot;:&quot;top&quot;,&quot;sticky_on&quot;:[&quot;desktop&quot;,&quot;laptop&quot;,&quot;tablet&quot;],&quot;sticky_offset&quot;:80,&quot;sticky_parent&quot;:&quot;yes&quot;,&quot;sticky_effects_offset&quot;:0,&quot;sticky_anchor_link_offset&quot;:0}\">\n\t\t\t\t<div class=\"elementor-element elementor-element-88b7720 elementor-widget elementor-widget-template\" data-id=\"88b7720\" data-element_type=\"widget\" data-e-type=\"widget\" data-widget_type=\"template.default\">\n\t\t\t\t<div class=\"elementor-widget-container\">\n\t\t\t\t\t\t\t<div class=\"elementor-template\">\n\t\t\t\t\t<div data-elementor-type=\"container\" data-elementor-id=\"4762\" class=\"elementor elementor-4762\" data-elementor-post-type=\"elementor_library\">\n\t\t\t\t<div class=\"elementor-element elementor-element-975ae01 e-flex e-con-boxed e-con e-parent\" data-id=\"975ae01\" data-element_type=\"container\" data-e-type=\"container\">\n\t\t\t\t\t<div class=\"e-con-inner\">\n\t\t\t\t<div class=\"elementor-element elementor-element-5a80bd9 elementor-nav-menu__text-align-aside elementor-widget elementor-widget-nav-menu\" data-id=\"5a80bd9\" data-element_type=\"widget\" data-e-type=\"widget\" data-settings=\"{&quot;layout&quot;:&quot;dropdown&quot;,&quot;submenu_icon&quot;:{&quot;value&quot;:&quot;&lt;svg aria-hidden=\\&quot;true\\&quot; class=\\&quot;e-font-icon-svg e-fas-caret-down\\&quot; viewBox=\\&quot;0 0 320 512\\&quot; xmlns=\\&quot;http:\\\/\\\/www.w3.org\\\/2000\\\/svg\\&quot;&gt;&lt;path d=\\&quot;M31.3 192h257.3c17.8 0 26.7 21.5 14.1 34.1L174.1 354.8c-7.8 7.8-20.5 7.8-28.3 0L17.2 226.1C4.6 213.5 13.5 192 31.3 192z\\&quot;&gt;&lt;\\\/path&gt;&lt;\\\/svg&gt;&quot;,&quot;library&quot;:&quot;fa-solid&quot;}}\" data-widget_type=\"nav-menu.default\">\n\t\t\t\t<div class=\"elementor-widget-container\">\n\t\t\t\t\t\t\t\t<nav class=\"elementor-nav-menu--dropdown elementor-nav-menu__container\" aria-hidden=\"true\">\n\t\t\t\t<ul id=\"menu-2-5a80bd9\" class=\"elementor-nav-menu\"><li class=\"menu-item menu-item-type-post_type menu-item-object-page menu-item-has-children menu-item-4835\"><a href=\"https:\/\/fimif.edu.al\/en\/programet-e-studimit\/cikli-ii-i-studimeve\/master-shkencor-ne-inxhinierine-matematike\/\" class=\"elementor-item\" tabindex=\"-1\">Master Shkencor n\u00eb Inxhinierin\u00eb Matematike<\/a>\n<ul class=\"sub-menu elementor-nav-menu--dropdown\">\n\t<li class=\"menu-item menu-item-type-post_type menu-item-object-page menu-item-4844\"><a href=\"https:\/\/fimif.edu.al\/en\/programet-e-studimit\/cikli-ii-i-studimeve\/master-shkencor-ne-inxhinierine-matematike\/plan-mesimor-msh-im\/\" class=\"elementor-sub-item\" tabindex=\"-1\">Plan M\u00ebsimor MSH, IM<\/a><\/li>\n\t<li class=\"menu-item menu-item-type-post_type menu-item-object-page menu-item-4847\"><a href=\"https:\/\/fimif.edu.al\/en\/programet-e-studimit\/cikli-ii-i-studimeve\/master-shkencor-ne-inxhinierine-matematike\/rregullore-msh-im\/\" class=\"elementor-sub-item\" tabindex=\"-1\">Rregullore MSH, IM<\/a><\/li>\n<\/ul>\n<\/li>\n<li class=\"menu-item menu-item-type-post_type menu-item-object-page menu-item-has-children menu-item-4836\"><a href=\"https:\/\/fimif.edu.al\/en\/programet-e-studimit\/cikli-ii-i-studimeve\/master-profesional-ne-analiza-sistemesh\/\" class=\"elementor-item\" tabindex=\"-1\">Master Profesional n\u00eb Analiza Sistemesh<\/a>\n<ul class=\"sub-menu elementor-nav-menu--dropdown\">\n\t<li class=\"menu-item menu-item-type-post_type menu-item-object-page menu-item-4840\"><a href=\"https:\/\/fimif.edu.al\/en\/programet-e-studimit\/cikli-ii-i-studimeve\/master-profesional-ne-analiza-sistemesh\/plan-mesimor-mp-as-im\/\" class=\"elementor-sub-item\" tabindex=\"-1\">Plan M\u00ebsimor MP AS, IM<\/a><\/li>\n\t<li class=\"menu-item menu-item-type-post_type menu-item-object-page menu-item-4848\"><a href=\"https:\/\/fimif.edu.al\/en\/programet-e-studimit\/cikli-ii-i-studimeve\/master-profesional-ne-analiza-sistemesh\/rregullore-mp-as-im\/\" class=\"elementor-sub-item\" tabindex=\"-1\">Rregullore MP AS, IM<\/a><\/li>\n<\/ul>\n<\/li>\n<li class=\"menu-item menu-item-type-post_type menu-item-object-page menu-item-has-children menu-item-4838\"><a href=\"https:\/\/fimif.edu.al\/en\/programet-e-studimit\/cikli-ii-i-studimeve\/master-shkencor-ne-inxhinierine-fizike\/\" class=\"elementor-item\" tabindex=\"-1\">Master Shkencor n\u00eb Inxhinierin\u00eb Fizike<\/a>\n<ul class=\"sub-menu elementor-nav-menu--dropdown\">\n\t<li class=\"menu-item menu-item-type-post_type menu-item-object-page menu-item-4841\"><a href=\"https:\/\/fimif.edu.al\/en\/programet-e-studimit\/cikli-ii-i-studimeve\/master-shkencor-ne-inxhinierine-fizike\/plan-mesimor-msh-if-if\/\" class=\"elementor-sub-item\" tabindex=\"-1\">Plan M\u00ebsimor MSH IF, IF<\/a><\/li>\n\t<li class=\"menu-item menu-item-type-post_type menu-item-object-page menu-item-4849\"><a href=\"https:\/\/fimif.edu.al\/en\/programet-e-studimit\/cikli-ii-i-studimeve\/master-shkencor-ne-inxhinierine-fizike\/rregullore-msh-if-if\/\" class=\"elementor-sub-item\" tabindex=\"-1\">Rregullore MSH IF, IF<\/a><\/li>\n<\/ul>\n<\/li>\n<li class=\"menu-item menu-item-type-post_type menu-item-object-page menu-item-has-children menu-item-4837\"><a href=\"https:\/\/fimif.edu.al\/en\/programet-e-studimit\/cikli-ii-i-studimeve\/master-shkencor-ne-inxhinierine-fizike-profili-fizikan-mjekesor\/\" class=\"elementor-item\" tabindex=\"-1\">Master Shkencor n\u00eb Inxhinierin\u00eb Fizike-Profili Fizikan Mjek\u00ebsor<\/a>\n<ul class=\"sub-menu elementor-nav-menu--dropdown\">\n\t<li class=\"menu-item menu-item-type-post_type menu-item-object-page menu-item-4846\"><a href=\"https:\/\/fimif.edu.al\/en\/programet-e-studimit\/cikli-ii-i-studimeve\/master-shkencor-ne-inxhinierine-fizike-profili-fizikan-mjekesor\/plan-mesimor-msh-fm-if\/\" class=\"elementor-sub-item\" tabindex=\"-1\">Plan M\u00ebsimor MSH FM, IF,<\/a><\/li>\n\t<li class=\"menu-item menu-item-type-post_type menu-item-object-page menu-item-4843\"><a href=\"https:\/\/fimif.edu.al\/en\/programet-e-studimit\/cikli-ii-i-studimeve\/master-shkencor-ne-inxhinierine-fizike-profili-fizikan-mjekesor\/rregullore-msh-fm-if\/\" class=\"elementor-sub-item\" tabindex=\"-1\">Rregullore MSH FM, IF<\/a><\/li>\n\t<li class=\"menu-item menu-item-type-post_type menu-item-object-page menu-item-4872\"><a href=\"https:\/\/fimif.edu.al\/en\/programet-e-studimit\/cikli-ii-i-studimeve\/master-shkencor-ne-inxhinierine-fizike\/rregullore-msh-if-if\/\" class=\"elementor-sub-item\" tabindex=\"-1\">Rregullore MSH IF, IF<\/a><\/li>\n<\/ul>\n<\/li>\n<\/ul>\t\t\t<\/nav>\n\t\t\t\t\t\t<\/div>\n\t\t\t\t<\/div>\n\t\t\t\t\t<\/div>\n\t\t\t\t<\/div>\n\t\t\t\t<\/div>\n\t\t\t\t<\/div>\n\t\t\t\t\t\t<\/div>\n\t\t\t\t<\/div>\n\t\t\t\t<\/div>\n\t\t<div class=\"elementor-element elementor-element-82228b2 e-con-full e-flex e-con e-child\" data-id=\"82228b2\" data-element_type=\"container\" data-e-type=\"container\" data-settings=\"{&quot;background_background&quot;:&quot;classic&quot;}\">\n\t\t\t\t<div class=\"elementor-element elementor-element-c6d33d9 elementor-widget__width-inherit elementor-widget elementor-widget-heading\" data-id=\"c6d33d9\" data-element_type=\"widget\" data-e-type=\"widget\" data-widget_type=\"heading.default\">\n\t\t\t\t<div class=\"elementor-widget-container\">\n\t\t\t\t\t<h1 class=\"elementor-heading-title elementor-size-default\">Mashter Shkencor ne Inxhinierine Fizike-Profili Fizikan Mjekesor<\/h1>\t\t\t\t<\/div>\n\t\t\t\t<\/div>\n\t\t\t\t<div class=\"elementor-element elementor-element-68d1bc0 elementor-widget-divider--view-line elementor-widget elementor-widget-divider\" data-id=\"68d1bc0\" data-element_type=\"widget\" data-e-type=\"widget\" data-widget_type=\"divider.default\">\n\t\t\t\t<div class=\"elementor-widget-container\">\n\t\t\t\t\t\t\t<div class=\"elementor-divider\">\n\t\t\t<span class=\"elementor-divider-separator\">\n\t\t\t\t\t\t<\/span>\n\t\t<\/div>\n\t\t\t\t\t\t<\/div>\n\t\t\t\t<\/div>\n\t\t\t\t<div class=\"elementor-element elementor-element-6098c24 elementor-widget__width-inherit elementor-widget elementor-widget-heading\" data-id=\"6098c24\" data-element_type=\"widget\" data-e-type=\"widget\" data-widget_type=\"heading.default\">\n\t\t\t\t<div class=\"elementor-widget-container\">\n\t\t\t\t\t<h2 class=\"elementor-heading-title elementor-size-default\">Objektivat formuese t\u00eb programit t\u00eb studimit<\/h2>\t\t\t\t<\/div>\n\t\t\t\t<\/div>\n\t\t\t\t<div class=\"elementor-element elementor-element-f1a858a elementor-widget elementor-widget-text-editor\" data-id=\"f1a858a\" data-element_type=\"widget\" data-e-type=\"widget\" data-widget_type=\"text-editor.default\">\n\t\t\t\t<div class=\"elementor-widget-container\">\n\t\t\t\t\t\t\t\t\t<p>Kursi i studimeve i ciklit t\u00eb dyt\u00eb <em>Master i Shkencave n\u00eb Inxhinieri Fizike<\/em> <em>Profili Fizikan Mjek\u00ebsor,<\/em> i cili zgjat 2 (dy) vite akademike, ka si objektiv plot\u00ebsimin dhe thellimin e formimit t\u00eb t\u00eb diplomuarve n\u00eb nivelin e par\u00eb, si me shprehit\u00eb baz\u00eb (shkencore dhe inxhinierike) ashtu edhe me njohurit\u00eb e p\u00ebrparuara n\u00eb fush\u00ebn e teknologjive si dhe t\u00eb instrumenteve fizik\u00eb e optik\u00eb.\u00a0 Ajo operon n\u00eb kuadrin e trajtimeve klinike, si dhe t\u00eb kontrollit t\u00eb cil\u00ebsis\u00eb s\u00eb pajisjeve mjek\u00ebsore. Objektivi i saj \u00ebsht\u00eb: shfryt\u00ebzimi i njohurive fizike n\u00eb sistemet biologjike dhe p\u00ebrdorimi i metodologjive dhe pajisjeve t\u00eb reja me karakter diagnostikues, terapeutik dhe rehabilitues, etj. <em>Inxhinieri Fizike Profili Fizikani Mjek\u00ebsor<\/em> \u00ebsht\u00eb nj\u00eb specialitet q\u00eb shfryt\u00ebzon metodologji dhe teknologji fizike, elektronike, informatike, etj, p\u00ebr t\u00eb zgjidhur probleme n\u00eb fush\u00ebn e mjek\u00ebsis\u00eb. N\u00eb k\u00ebt\u00eb kuad\u00ebr ajo p\u00ebrdor k\u00ebto metoda kuantitave p\u00ebr studimin e sistemeve biologjik\u00eb: 1) Metoda t\u00eb analiz\u00ebs s\u00eb t\u00eb dh\u00ebnave biologjike, 2) metoda t\u00eb p\u00ebrpunimit t\u00eb sinjaleve biologjik\u00eb dhe mjek\u00ebsor\u00eb, 3) Metoda t\u00eb p\u00ebrpunimit t\u00eb imazheve biologjik\u00eb dhe mjek\u00ebsor\u00eb.\u00a0<\/p><p>Viti i par\u00eb konsiston n\u00eb konsolidimin e njohurive fizike dhe aplikimi i tyre n\u00eb sistemet biologjike. Viti i dyt\u00eb, i dedikohet thellimit teorik, kryesisht n\u00eb metodat e diagnostikimit q\u00eb p\u00ebrdoren n\u00eb mjek\u00ebsi, n\u00eb m\u00ebnyr\u00ebn dhe metodat p\u00ebr hartimin e planeve t\u00eb trajnimit, si dhe aplikimit t\u00eb njohurive te fituara n\u00eb fush\u00ebn e p\u00ebrkat\u00ebse n\u00eb praktik\u00ebn profesionale, si dhe punimit t\u00eb tez\u00ebs s\u00eb diplomimit. N\u00eb k\u00ebt\u00eb m\u00ebnyr\u00eb, n\u00eb kuadrin e tez\u00ebs, duhet ti jepet studentit mund\u00ebsia p\u00ebr t\u00eb p\u00ebrfituar nj\u00eb p\u00ebrvoj\u00eb dhe pavar\u00ebsi, q\u00eb e p\u00ebrgatit at\u00eb p\u00ebr ecjen p\u00ebrpara profesionale.<\/p>\t\t\t\t\t\t\t\t<\/div>\n\t\t\t\t<\/div>\n\t\t\t\t<div class=\"elementor-element elementor-element-26f46b6 elementor-widget__width-inherit elementor-widget elementor-widget-heading\" data-id=\"26f46b6\" data-element_type=\"widget\" data-e-type=\"widget\" data-widget_type=\"heading.default\">\n\t\t\t\t<div class=\"elementor-widget-container\">\n\t\t\t\t\t<h2 class=\"elementor-heading-title elementor-size-default\">Njohurit\u00eb dhe aft\u00ebsit\u00eb e student\u00ebve n\u00eb p\u00ebrfundim t\u00eb programit t\u00eb studimit<\/h2>\t\t\t\t<\/div>\n\t\t\t\t<\/div>\n\t\t\t\t<div class=\"elementor-element elementor-element-1ec6819 elementor-widget elementor-widget-text-editor\" data-id=\"1ec6819\" data-element_type=\"widget\" data-e-type=\"widget\" data-widget_type=\"text-editor.default\">\n\t\t\t\t<div class=\"elementor-widget-container\">\n\t\t\t\t\t\t\t\t\t<p>Ky kurs \u00ebsht\u00eb\u00a0 nj\u00eb disiplin\u00eb relativisht e re e cila n\u00eb p\u00ebrfundim t\u00eb programit t\u00eb studimit e pajis inxhinierin e ardhsh\u00ebm me njohuri p\u00ebr:<\/p><ol><li>fenomenet fizike t\u00eb cilat zbatohet n\u00eb mjek\u00ebsi, kryesisht n\u00eb bashk\u00ebveprimin e rrezatimit grimcor t\u00eb ngarkuar dhe neutral me l\u00ebnd\u00ebn, t\u00eb domosdoshme p\u00ebr trajtimet klinike;<\/li><li>bazat e Radiobiologjis\u00eb, nj\u00eb fush\u00eb e shkencave klinike dhe mjek\u00ebsore themelore q\u00eb p\u00ebrfshin veprimin e rrezatimit jonizues n\u00eb qeniet e gjalla, me thellimin e njohurive n\u00eb fush\u00ebn e mbrojtjes nga rrezatimi duke u fokusuar n\u00eb teknikat e dedektimit t\u00eb rrezatimit jonizues, menaxhimin e emergjencave, transportin dhe menaxhimin e mbetjeve radioaktive si dhe n\u00eb aspektet ligjore t\u00eb lidhura me p\u00ebrdorimin dhe mbrojtjen nga radioaktiviteti.<\/li><li>teknikat e p\u00ebrpunimit t\u00eb imazhit dhe t\u2019i pajis\u00eb student\u00ebt me njohurit\u00eb baz\u00eb mbi imazhin mjek\u00ebsore dhe p\u00ebrpunimin e sinjalit, t\u00eb zhvillimit t\u00eb aft\u00ebsive t\u00eb student\u00ebve n\u00eb p\u00ebrdorimin e metodave numerike n\u00eb p\u00ebrpunimin e imazhit dixhital, n\u00eb nd\u00ebrtimin e imazheve 3D, simulimet imazherike etj.<\/li><li>metodat q\u00eb p\u00ebrdoren n\u00eb mjek\u00ebsi p\u00ebr p\u00ebrftimin e imazheve, duke p\u00ebrfshir\u00eb marrjen e imazhit me an\u00eb t\u00eb rreze X, (radiografia, mamografia, tomografia e kompjuterizuar <strong>C<\/strong>omputer <strong>T<\/strong>omography); me an\u00eb t\u00eb ultartingujve, (ekografia), me an\u00eb t\u00eb rezonanc\u00ebs magnetike b\u00ebrthamore, shentilimit (Gama kamera), si dhe me parimet e menaxhimit t\u00eb cil\u00ebsis\u00eb n\u00eb radiologji; masat mbrojt\u00ebse t\u00eb sh\u00ebndetit, p\u00ebrcaktimin e kufirit t\u00eb lejuar ndaj rrezatimit ekspozues, sidomos n\u00eb mjedise klinike.<\/li><\/ol>\t\t\t\t\t\t\t\t<\/div>\n\t\t\t\t<\/div>\n\t\t\t\t<\/div>\n\t\t\t\t\t<\/div>\n\t\t\t\t<\/div>\n\t\t\t\t<\/div>\n\t\t","protected":false},"excerpt":{"rendered":"<p>Mashter Shkencor ne Inxhinierine Fizike-Profili Fizikan Mjekesor Objektivat formuese t\u00eb programit t\u00eb studimit Kursi i studimeve i ciklit t\u00eb dyt\u00eb Master i Shkencave n\u00eb Inxhinieri Fizike Profili Fizikan Mjek\u00ebsor, i cili zgjat 2 (dy) vite akademike, ka si objektiv plot\u00ebsimin dhe thellimin e formimit t\u00eb t\u00eb diplomuarve n\u00eb nivelin e par\u00eb, si me shprehit\u00eb baz\u00eb [&hellip;]<\/p>\n","protected":false},"author":1,"featured_media":0,"parent":4141,"menu_order":0,"comment_status":"closed","ping_status":"closed","template":"","meta":{"footnotes":""},"class_list":["post-4027","page","type-page","status-publish","hentry"],"yoast_head":"<!-- This site is optimized with the Yoast SEO plugin v27.4 - https:\/\/yoast.com\/product\/yoast-seo-wordpress\/ -->\n<title>Master Shkencor ne Inxhinierine Fizike-Profili Fizikan Mjekesor - Fakulteti i Inxhinieris\u00eb Matematike dhe Inxhinieris\u00eb Fizike<\/title>\n<meta name=\"robots\" content=\"index, follow, max-snippet:-1, max-image-preview:large, max-video-preview:-1\" \/>\n<link rel=\"canonical\" href=\"https:\/\/fimif.edu.al\/en\/programet-e-studimit\/cikli-ii-i-studimeve\/master-shkencor-ne-inxhinierine-fizike-profili-fizikan-mjekesor\/\" \/>\n<meta property=\"og:locale\" content=\"en_GB\" \/>\n<meta property=\"og:type\" content=\"article\" \/>\n<meta property=\"og:title\" content=\"Master Shkencor ne Inxhinierine Fizike-Profili Fizikan Mjekesor - Fakulteti i Inxhinieris\u00eb Matematike dhe Inxhinieris\u00eb Fizike\" \/>\n<meta property=\"og:description\" content=\"Mashter Shkencor ne Inxhinierine Fizike-Profili Fizikan Mjekesor Objektivat formuese t\u00eb programit t\u00eb studimit Kursi i studimeve i ciklit t\u00eb dyt\u00eb Master i Shkencave n\u00eb Inxhinieri Fizike Profili Fizikan Mjek\u00ebsor, i cili zgjat 2 (dy) vite akademike, ka si objektiv plot\u00ebsimin dhe thellimin e formimit t\u00eb t\u00eb diplomuarve n\u00eb nivelin e par\u00eb, si me shprehit\u00eb baz\u00eb [&hellip;]\" \/>\n<meta property=\"og:url\" content=\"https:\/\/fimif.edu.al\/en\/programet-e-studimit\/cikli-ii-i-studimeve\/master-shkencor-ne-inxhinierine-fizike-profili-fizikan-mjekesor\/\" \/>\n<meta property=\"og:site_name\" content=\"Fakulteti i Inxhinieris\u00eb Matematike dhe Inxhinieris\u00eb Fizike\" \/>\n<meta property=\"article:publisher\" content=\"https:\/\/www.facebook.com\/p\/Departamenti-i-Inxhinierise-Matematike-FIMIF-UPT-100077435994252\/\" \/>\n<meta property=\"article:modified_time\" content=\"2024-11-22T09:16:03+00:00\" \/>\n<meta name=\"twitter:card\" content=\"summary_large_image\" \/>\n<meta name=\"twitter:label1\" content=\"Estimated reading time\" \/>\n\t<meta name=\"twitter:data1\" content=\"3 minutes\" \/>\n<script type=\"application\/ld+json\" class=\"yoast-schema-graph\">{\"@context\":\"https:\\\/\\\/schema.org\",\"@graph\":[{\"@type\":\"WebPage\",\"@id\":\"https:\\\/\\\/fimif.edu.al\\\/programet-e-studimit\\\/cikli-ii-i-studimeve\\\/master-shkencor-ne-inxhinierine-fizike-profili-fizikan-mjekesor\\\/\",\"url\":\"https:\\\/\\\/fimif.edu.al\\\/programet-e-studimit\\\/cikli-ii-i-studimeve\\\/master-shkencor-ne-inxhinierine-fizike-profili-fizikan-mjekesor\\\/\",\"name\":\"Master Shkencor ne Inxhinierine Fizike-Profili Fizikan Mjekesor - Fakulteti i Inxhinieris\u00eb Matematike dhe Inxhinieris\u00eb Fizike\",\"isPartOf\":{\"@id\":\"https:\\\/\\\/fimif.edu.al\\\/#website\"},\"datePublished\":\"2024-11-07T11:22:21+00:00\",\"dateModified\":\"2024-11-22T09:16:03+00:00\",\"breadcrumb\":{\"@id\":\"https:\\\/\\\/fimif.edu.al\\\/programet-e-studimit\\\/cikli-ii-i-studimeve\\\/master-shkencor-ne-inxhinierine-fizike-profili-fizikan-mjekesor\\\/#breadcrumb\"},\"inLanguage\":\"en-GB\",\"potentialAction\":[{\"@type\":\"ReadAction\",\"target\":[\"https:\\\/\\\/fimif.edu.al\\\/programet-e-studimit\\\/cikli-ii-i-studimeve\\\/master-shkencor-ne-inxhinierine-fizike-profili-fizikan-mjekesor\\\/\"]}]},{\"@type\":\"BreadcrumbList\",\"@id\":\"https:\\\/\\\/fimif.edu.al\\\/programet-e-studimit\\\/cikli-ii-i-studimeve\\\/master-shkencor-ne-inxhinierine-fizike-profili-fizikan-mjekesor\\\/#breadcrumb\",\"itemListElement\":[{\"@type\":\"ListItem\",\"position\":1,\"name\":\"Home\",\"item\":\"https:\\\/\\\/fimif.edu.al\\\/\"},{\"@type\":\"ListItem\",\"position\":2,\"name\":\"Programet e Studimit\",\"item\":\"https:\\\/\\\/fimif.edu.al\\\/programet-e-studimit\\\/\"},{\"@type\":\"ListItem\",\"position\":3,\"name\":\"Cikli II i Studimeve\",\"item\":\"https:\\\/\\\/fimif.edu.al\\\/programet-e-studimit\\\/cikli-ii-i-studimeve\\\/\"},{\"@type\":\"ListItem\",\"position\":4,\"name\":\"Master Shkencor ne Inxhinierine Fizike-Profili Fizikan Mjekesor\"}]},{\"@type\":\"WebSite\",\"@id\":\"https:\\\/\\\/fimif.edu.al\\\/#website\",\"url\":\"https:\\\/\\\/fimif.edu.al\\\/\",\"name\":\"Fakulteti i Inxhinieris\u00eb Matematike dhe Inxhinieris\u00eb Fizike\",\"description\":\"FIMIF, UPT Tirane\",\"publisher\":{\"@id\":\"https:\\\/\\\/fimif.edu.al\\\/#organization\"},\"potentialAction\":[{\"@type\":\"SearchAction\",\"target\":{\"@type\":\"EntryPoint\",\"urlTemplate\":\"https:\\\/\\\/fimif.edu.al\\\/?s={search_term_string}\"},\"query-input\":{\"@type\":\"PropertyValueSpecification\",\"valueRequired\":true,\"valueName\":\"search_term_string\"}}],\"inLanguage\":\"en-GB\"},{\"@type\":\"Organization\",\"@id\":\"https:\\\/\\\/fimif.edu.al\\\/#organization\",\"name\":\"Fakulteti i Inxhinieris\u00eb Matematike dhe Inxhinieris\u00eb Fizike\",\"url\":\"https:\\\/\\\/fimif.edu.al\\\/\",\"logo\":{\"@type\":\"ImageObject\",\"inLanguage\":\"en-GB\",\"@id\":\"https:\\\/\\\/fimif.edu.al\\\/#\\\/schema\\\/logo\\\/image\\\/\",\"url\":\"https:\\\/\\\/fimif.edu.al\\\/wp-content\\\/uploads\\\/2024\\\/10\\\/Fimif-Logo.svg\",\"contentUrl\":\"https:\\\/\\\/fimif.edu.al\\\/wp-content\\\/uploads\\\/2024\\\/10\\\/Fimif-Logo.svg\",\"width\":653,\"height\":219,\"caption\":\"Fakulteti i Inxhinieris\u00eb Matematike dhe Inxhinieris\u00eb Fizike\"},\"image\":{\"@id\":\"https:\\\/\\\/fimif.edu.al\\\/#\\\/schema\\\/logo\\\/image\\\/\"},\"sameAs\":[\"https:\\\/\\\/www.facebook.com\\\/p\\\/Departamenti-i-Inxhinierise-Matematike-FIMIF-UPT-100077435994252\\\/\"]}]}<\/script>\n<!-- \/ Yoast SEO plugin. -->","yoast_head_json":{"title":"Master Shkencor ne Inxhinierine Fizike-Profili Fizikan Mjekesor - Fakulteti i Inxhinieris\u00eb Matematike dhe Inxhinieris\u00eb Fizike","robots":{"index":"index","follow":"follow","max-snippet":"max-snippet:-1","max-image-preview":"max-image-preview:large","max-video-preview":"max-video-preview:-1"},"canonical":"https:\/\/fimif.edu.al\/en\/programet-e-studimit\/cikli-ii-i-studimeve\/master-shkencor-ne-inxhinierine-fizike-profili-fizikan-mjekesor\/","og_locale":"en_GB","og_type":"article","og_title":"Master Shkencor ne Inxhinierine Fizike-Profili Fizikan Mjekesor - Fakulteti i Inxhinieris\u00eb Matematike dhe Inxhinieris\u00eb Fizike","og_description":"Mashter Shkencor ne Inxhinierine Fizike-Profili Fizikan Mjekesor Objektivat formuese t\u00eb programit t\u00eb studimit Kursi i studimeve i ciklit t\u00eb dyt\u00eb Master i Shkencave n\u00eb Inxhinieri Fizike Profili Fizikan Mjek\u00ebsor, i cili zgjat 2 (dy) vite akademike, ka si objektiv plot\u00ebsimin dhe thellimin e formimit t\u00eb t\u00eb diplomuarve n\u00eb nivelin e par\u00eb, si me shprehit\u00eb baz\u00eb [&hellip;]","og_url":"https:\/\/fimif.edu.al\/en\/programet-e-studimit\/cikli-ii-i-studimeve\/master-shkencor-ne-inxhinierine-fizike-profili-fizikan-mjekesor\/","og_site_name":"Fakulteti i Inxhinieris\u00eb Matematike dhe Inxhinieris\u00eb Fizike","article_publisher":"https:\/\/www.facebook.com\/p\/Departamenti-i-Inxhinierise-Matematike-FIMIF-UPT-100077435994252\/","article_modified_time":"2024-11-22T09:16:03+00:00","twitter_card":"summary_large_image","twitter_misc":{"Estimated reading time":"3 minutes"},"schema":{"@context":"https:\/\/schema.org","@graph":[{"@type":"WebPage","@id":"https:\/\/fimif.edu.al\/programet-e-studimit\/cikli-ii-i-studimeve\/master-shkencor-ne-inxhinierine-fizike-profili-fizikan-mjekesor\/","url":"https:\/\/fimif.edu.al\/programet-e-studimit\/cikli-ii-i-studimeve\/master-shkencor-ne-inxhinierine-fizike-profili-fizikan-mjekesor\/","name":"Master Shkencor ne Inxhinierine Fizike-Profili Fizikan Mjekesor - Fakulteti i Inxhinieris\u00eb Matematike dhe Inxhinieris\u00eb Fizike","isPartOf":{"@id":"https:\/\/fimif.edu.al\/#website"},"datePublished":"2024-11-07T11:22:21+00:00","dateModified":"2024-11-22T09:16:03+00:00","breadcrumb":{"@id":"https:\/\/fimif.edu.al\/programet-e-studimit\/cikli-ii-i-studimeve\/master-shkencor-ne-inxhinierine-fizike-profili-fizikan-mjekesor\/#breadcrumb"},"inLanguage":"en-GB","potentialAction":[{"@type":"ReadAction","target":["https:\/\/fimif.edu.al\/programet-e-studimit\/cikli-ii-i-studimeve\/master-shkencor-ne-inxhinierine-fizike-profili-fizikan-mjekesor\/"]}]},{"@type":"BreadcrumbList","@id":"https:\/\/fimif.edu.al\/programet-e-studimit\/cikli-ii-i-studimeve\/master-shkencor-ne-inxhinierine-fizike-profili-fizikan-mjekesor\/#breadcrumb","itemListElement":[{"@type":"ListItem","position":1,"name":"Home","item":"https:\/\/fimif.edu.al\/"},{"@type":"ListItem","position":2,"name":"Programet e Studimit","item":"https:\/\/fimif.edu.al\/programet-e-studimit\/"},{"@type":"ListItem","position":3,"name":"Cikli II i Studimeve","item":"https:\/\/fimif.edu.al\/programet-e-studimit\/cikli-ii-i-studimeve\/"},{"@type":"ListItem","position":4,"name":"Master Shkencor ne Inxhinierine Fizike-Profili Fizikan Mjekesor"}]},{"@type":"WebSite","@id":"https:\/\/fimif.edu.al\/#website","url":"https:\/\/fimif.edu.al\/","name":"Fakulteti i Inxhinieris\u00eb Matematike dhe Inxhinieris\u00eb Fizike","description":"FIMIF, UPT Tirane","publisher":{"@id":"https:\/\/fimif.edu.al\/#organization"},"potentialAction":[{"@type":"SearchAction","target":{"@type":"EntryPoint","urlTemplate":"https:\/\/fimif.edu.al\/?s={search_term_string}"},"query-input":{"@type":"PropertyValueSpecification","valueRequired":true,"valueName":"search_term_string"}}],"inLanguage":"en-GB"},{"@type":"Organization","@id":"https:\/\/fimif.edu.al\/#organization","name":"Fakulteti i Inxhinieris\u00eb Matematike dhe Inxhinieris\u00eb Fizike","url":"https:\/\/fimif.edu.al\/","logo":{"@type":"ImageObject","inLanguage":"en-GB","@id":"https:\/\/fimif.edu.al\/#\/schema\/logo\/image\/","url":"https:\/\/fimif.edu.al\/wp-content\/uploads\/2024\/10\/Fimif-Logo.svg","contentUrl":"https:\/\/fimif.edu.al\/wp-content\/uploads\/2024\/10\/Fimif-Logo.svg","width":653,"height":219,"caption":"Fakulteti i Inxhinieris\u00eb Matematike dhe Inxhinieris\u00eb Fizike"},"image":{"@id":"https:\/\/fimif.edu.al\/#\/schema\/logo\/image\/"},"sameAs":["https:\/\/www.facebook.com\/p\/Departamenti-i-Inxhinierise-Matematike-FIMIF-UPT-100077435994252\/"]}]}},"_links":{"self":[{"href":"https:\/\/fimif.edu.al\/en\/wp-json\/wp\/v2\/pages\/4027","targetHints":{"allow":["GET"]}}],"collection":[{"href":"https:\/\/fimif.edu.al\/en\/wp-json\/wp\/v2\/pages"}],"about":[{"href":"https:\/\/fimif.edu.al\/en\/wp-json\/wp\/v2\/types\/page"}],"author":[{"embeddable":true,"href":"https:\/\/fimif.edu.al\/en\/wp-json\/wp\/v2\/users\/1"}],"replies":[{"embeddable":true,"href":"https:\/\/fimif.edu.al\/en\/wp-json\/wp\/v2\/comments?post=4027"}],"version-history":[{"count":8,"href":"https:\/\/fimif.edu.al\/en\/wp-json\/wp\/v2\/pages\/4027\/revisions"}],"predecessor-version":[{"id":4805,"href":"https:\/\/fimif.edu.al\/en\/wp-json\/wp\/v2\/pages\/4027\/revisions\/4805"}],"up":[{"embeddable":true,"href":"https:\/\/fimif.edu.al\/en\/wp-json\/wp\/v2\/pages\/4141"}],"wp:attachment":[{"href":"https:\/\/fimif.edu.al\/en\/wp-json\/wp\/v2\/media?parent=4027"}],"curies":[{"name":"wp","href":"https:\/\/api.w.org\/{rel}","templated":true}]}}