{"id":4185,"date":"2024-11-08T15:27:01","date_gmt":"2024-11-08T14:27:01","guid":{"rendered":"https:\/\/fimif.farmaciferati.al\/?page_id=4185"},"modified":"2025-02-23T11:15:17","modified_gmt":"2025-02-23T10:15:17","slug":"edukim-ne-vazhdim","status":"publish","type":"page","link":"https:\/\/fimif.edu.al\/en\/alumni\/ofertat-per-te-diplomuarit\/edukim-ne-vazhdim\/","title":{"rendered":"Continuing Education"},"content":{"rendered":"<div data-elementor-type=\"wp-page\" data-elementor-id=\"4185\" class=\"elementor elementor-4185\" data-elementor-post-type=\"page\">\n\t\t\t\t<div class=\"elementor-element elementor-element-fe10037 e-flex e-con-boxed e-con e-parent\" data-id=\"fe10037\" data-element_type=\"container\">\n\t\t\t\t\t<div class=\"e-con-inner\">\n\t\t<div class=\"elementor-element elementor-element-42460c9 e-con-full e-flex e-con e-child\" data-id=\"42460c9\" data-element_type=\"container\" data-settings=\"{&quot;sticky&quot;:&quot;top&quot;,&quot;sticky_on&quot;:[&quot;desktop&quot;,&quot;laptop&quot;],&quot;sticky_offset&quot;:73,&quot;sticky_parent&quot;:&quot;yes&quot;,&quot;sticky_effects_offset&quot;:0}\">\n\t\t\t\t<div class=\"elementor-element elementor-element-54ebb5d elementor-widget elementor-widget-shortcode\" data-id=\"54ebb5d\" data-element_type=\"widget\" data-widget_type=\"shortcode.default\">\n\t\t\t\t<div class=\"elementor-widget-container\">\n\t\t\t\t\t<div class=\"elementor-shortcode\">\t\t<div data-elementor-type=\"container\" data-elementor-id=\"3841\" class=\"elementor elementor-3841\" data-elementor-post-type=\"elementor_library\">\n\t\t\t\t<div class=\"elementor-element elementor-element-1e5904f e-flex e-con-boxed e-con e-parent\" data-id=\"1e5904f\" data-element_type=\"container\">\n\t\t\t\t\t<div class=\"e-con-inner\">\n\t\t\t\t<div class=\"elementor-element elementor-element-9f28d2f elementor-widget elementor-widget-nav-menu\" data-id=\"9f28d2f\" data-element_type=\"widget\" data-settings=\"{&quot;layout&quot;:&quot;dropdown&quot;,&quot;submenu_icon&quot;:{&quot;value&quot;:&quot;&lt;svg class=\\&quot;fa-svg-chevron-down e-font-icon-svg e-fas-chevron-down\\&quot; viewBox=\\&quot;0 0 448 512\\&quot; xmlns=\\&quot;http:\\\/\\\/www.w3.org\\\/2000\\\/svg\\&quot;&gt;&lt;path d=\\&quot;M207.029 381.476L12.686 187.132c-9.373-9.373-9.373-24.569 0-33.941l22.667-22.667c9.357-9.357 24.522-9.375 33.901-.04L224 284.505l154.745-154.021c9.379-9.335 24.544-9.317 33.901.04l22.667 22.667c9.373 9.373 9.373 24.569 0 33.941L240.971 381.476c-9.373 9.372-24.569 9.372-33.942 0z\\&quot;&gt;&lt;\\\/path&gt;&lt;\\\/svg&gt;&quot;,&quot;library&quot;:&quot;fa-solid&quot;}}\" data-widget_type=\"nav-menu.default\">\n\t\t\t\t<div class=\"elementor-widget-container\">\n\t\t\t\t\t\t<nav class=\"elementor-nav-menu--dropdown elementor-nav-menu__container\" aria-hidden=\"true\">\n\t\t\t\t<ul id=\"menu-2-9f28d2f\" class=\"elementor-nav-menu\"><li class=\"menu-item menu-item-type-post_type menu-item-object-page menu-item-3875\"><a href=\"https:\/\/fimif.edu.al\/en\/alumni\/\" class=\"elementor-item\" tabindex=\"-1\">Alumni<\/a><\/li>\n<li class=\"menu-item menu-item-type-post_type menu-item-object-page menu-item-has-children menu-item-3876\"><a href=\"https:\/\/fimif.edu.al\/en\/alumni\/rrjeti-i-alumni\/\" class=\"elementor-item\" tabindex=\"-1\">Alumni Network<\/a>\n<ul class=\"sub-menu elementor-nav-menu--dropdown\">\n\t<li class=\"menu-item menu-item-type-post_type menu-item-object-page menu-item-4190\"><a href=\"https:\/\/fimif.edu.al\/en\/alumni\/rrjeti-i-alumni\/shoqatat-dhe-iniciativat\/\" class=\"elementor-sub-item\" tabindex=\"-1\">Associations and Initiatives<\/a><\/li>\n\t<li class=\"menu-item menu-item-type-post_type menu-item-object-page menu-item-4198\"><a href=\"https:\/\/fimif.edu.al\/en\/alumni\/rrjeti-i-alumni\/takime-dhe-turne-te-alumnive\/\" class=\"elementor-sub-item\" tabindex=\"-1\">Alumni Meetings and Tours<\/a><\/li>\n<\/ul>\n<\/li>\n<li class=\"menu-item menu-item-type-post_type menu-item-object-page menu-item-has-children menu-item-4191\"><a href=\"https:\/\/fimif.edu.al\/en\/alumni\/ofertat-per-te-diplomuarit\/\" class=\"elementor-item\" tabindex=\"-1\">Ofertat p\u00ebr t\u00eb diplomuarit<\/a>\n<ul class=\"sub-menu elementor-nav-menu--dropdown\">\n\t<li class=\"menu-item menu-item-type-post_type menu-item-object-page menu-item-4192\"><a href=\"https:\/\/fimif.edu.al\/en\/alumni\/ofertat-per-te-diplomuarit\/edukim-ne-vazhdim\/\" class=\"elementor-sub-item\" tabindex=\"-1\">Continuing Education<\/a><\/li>\n<\/ul>\n<\/li>\n<li class=\"menu-item menu-item-type-post_type menu-item-object-page menu-item-4193\"><a href=\"https:\/\/fimif.edu.al\/en\/alumni\/angazhimet-e-ish-studenteve\/\" class=\"elementor-item\" tabindex=\"-1\">Alumni Engagements<\/a><\/li>\n<li class=\"menu-item menu-item-type-post_type menu-item-object-page menu-item-4194\"><a href=\"https:\/\/fimif.edu.al\/en\/alumni\/kontakt-zyra-e-karrieres-alumnit\/\" class=\"elementor-item\" tabindex=\"-1\">Contact<\/a><\/li>\n<\/ul>\t\t\t<\/nav>\n\t\t\t\t<\/div>\n\t\t\t\t<\/div>\n\t\t\t\t\t<\/div>\n\t\t\t\t<\/div>\n\t\t\t\t<\/div>\n\t\t<\/div>\n\t\t\t\t<\/div>\n\t\t\t\t<\/div>\n\t\t\t\t<\/div>\n\t\t<div class=\"elementor-element elementor-element-1e0ea01 e-con-full e-flex e-con e-child\" data-id=\"1e0ea01\" data-element_type=\"container\">\n\t\t\t\t<div class=\"elementor-element elementor-element-b9cd3fe elementor-widget elementor-widget-heading\" data-id=\"b9cd3fe\" data-element_type=\"widget\" data-widget_type=\"heading.default\">\n\t\t\t\t<div class=\"elementor-widget-container\">\n\t\t\t<h2 class=\"elementor-heading-title elementor-size-default\">Continuing education<\/h2>\t\t<\/div>\n\t\t\t\t<\/div>\n\t\t\t\t<div class=\"elementor-element elementor-element-f7b438a elementor-widget elementor-widget-text-editor\" data-id=\"f7b438a\" data-element_type=\"widget\" data-widget_type=\"text-editor.default\">\n\t\t\t\t<div class=\"elementor-widget-container\">\n\t\t\t\t\t\t\t<p class=\"translation-block\"><strong>Offers for further training<br><\/strong><em>Further education, scientific careers and lifelong learning<\/em><\/p>\t\t\t\t\t\t<\/div>\n\t\t\t\t<\/div>\n\t\t\t\t<div class=\"elementor-element elementor-element-fa408d6 elementor-widget elementor-widget-image\" data-id=\"fa408d6\" data-element_type=\"widget\" data-widget_type=\"image.default\">\n\t\t\t\t<div class=\"elementor-widget-container\">\n\t\t\t\t\t\t\t\t\t\t\t\t\t<img fetchpriority=\"high\" decoding=\"async\" width=\"1335\" height=\"576\" src=\"https:\/\/fimif.edu.al\/wp-content\/uploads\/2024\/11\/Studente-te-diplomuar.png\" class=\"attachment-full size-full wp-image-4245\" alt=\"\" srcset=\"https:\/\/fimif.edu.al\/wp-content\/uploads\/2024\/11\/Studente-te-diplomuar.png 1335w, https:\/\/fimif.edu.al\/wp-content\/uploads\/2024\/11\/Studente-te-diplomuar-300x129.png 300w, https:\/\/fimif.edu.al\/wp-content\/uploads\/2024\/11\/Studente-te-diplomuar-1024x442.png 1024w, https:\/\/fimif.edu.al\/wp-content\/uploads\/2024\/11\/Studente-te-diplomuar-768x331.png 768w, https:\/\/fimif.edu.al\/wp-content\/uploads\/2024\/11\/Studente-te-diplomuar-18x8.png 18w\" sizes=\"(max-width: 1335px) 100vw, 1335px\" \/>\t\t\t\t\t\t\t\t\t\t\t\t\t<\/div>\n\t\t\t\t<\/div>\n\t\t\t\t<div class=\"elementor-element elementor-element-e0db57e elementor-widget elementor-widget-text-editor\" data-id=\"e0db57e\" data-element_type=\"widget\" data-widget_type=\"text-editor.default\">\n\t\t\t\t<div class=\"elementor-widget-container\">\n\t\t\t\t\t\t\t<p><strong>Rikthehuni t\u00eb m\u00ebsoni matematik\u00eb dhe fizik\u00eb dhe kimi, filloni nj\u00eb start-up inovativ, apo p\u00ebrmir\u00ebsoni aft\u00ebsit\u00eb tuaja teknike n\u00eb \u00e7do mosh\u00eb!<\/strong><\/p><p>Even after completing your studies, the Faculty of Mathematical Engineering and Physical Engineering at the Polytechnic University of Tirana continues to offer a wide range of opportunities for further training. On the following pages, you can learn more about developing your scientific career at FIMIF, as well as about additional qualifications and ongoing training opportunities.<\/p><p class=\"translation-block\">The <strong>Faculty Advising Service<\/strong> offers personalized guidance and support for professional development, including career start-up advice and opportunities to pursue advanced courses.<\/p><p class=\"translation-block\">Furthermore, our <strong>special course offerings<\/strong> and <strong>lecture series<\/strong> are open to all interested parties, providing new opportunities to improve knowledge in the fields of engineering and exact sciences.<\/p>\t\t\t\t\t\t<\/div>\n\t\t\t\t<\/div>\n\t\t\t\t<div class=\"elementor-element elementor-element-cf804e0 elementor-widget elementor-widget-text-editor\" data-id=\"cf804e0\" data-element_type=\"widget\" data-widget_type=\"text-editor.default\">\n\t\t\t\t<div class=\"elementor-widget-container\">\n\t\t\t\t\t\t\t<p><strong>a) Edukimi n\u00eb vazhdim<\/strong><\/p><p class=\"translation-block\">\u2022 Tips for getting started at FIMIF<br>\u2022 Continuing education master's programs at FIMIF<\/p>\t\t\t\t\t\t<\/div>\n\t\t\t\t<\/div>\n\t\t\t\t<div class=\"elementor-element elementor-element-87bb56d elementor-widget elementor-widget-text-editor\" data-id=\"87bb56d\" data-element_type=\"widget\" data-widget_type=\"text-editor.default\">\n\t\t\t\t<div class=\"elementor-widget-container\">\n\t\t\t\t\t\t\t<p><strong>b) Karriera shkencore<\/strong><\/p>\n<p>\u2022 Shkolla e Doktoratur\u00ebs n\u00eb FIMIF<br>\u2022 Mund\u00ebsi financimi p\u00ebr grad\u00eb n\u00eb FIMIF<\/p>\t\t\t\t\t\t<\/div>\n\t\t\t\t<\/div>\n\t\t\t\t<\/div>\n\t\t<div class=\"elementor-element elementor-element-9afbe2b e-con-full e-flex e-con e-child\" data-id=\"9afbe2b\" data-element_type=\"container\" data-settings=\"{&quot;sticky&quot;:&quot;top&quot;,&quot;sticky_on&quot;:[&quot;desktop&quot;,&quot;laptop&quot;],&quot;sticky_offset&quot;:73,&quot;sticky_parent&quot;:&quot;yes&quot;,&quot;sticky_effects_offset&quot;:0}\">\n\t\t\t\t<div class=\"elementor-element elementor-element-ca27561 elementor-widget elementor-widget-shortcode\" data-id=\"ca27561\" data-element_type=\"widget\" data-widget_type=\"shortcode.default\">\n\t\t\t\t<div class=\"elementor-widget-container\">\n\t\t\t\t\t<div class=\"elementor-shortcode\">\t\t<div data-elementor-type=\"container\" data-elementor-id=\"3838\" class=\"elementor elementor-3838\" data-elementor-post-type=\"elementor_library\">\n\t\t\t\t<div class=\"elementor-element elementor-element-412eadc e-flex e-con-boxed e-con e-parent\" data-id=\"412eadc\" data-element_type=\"container\">\n\t\t\t\t\t<div class=\"e-con-inner\">\n\t\t\t\t<div class=\"elementor-element elementor-element-87c9f8d elementor-widget elementor-widget-heading\" data-id=\"87c9f8d\" data-element_type=\"widget\" data-widget_type=\"heading.default\">\n\t\t\t\t<div class=\"elementor-widget-container\">\n\t\t\t<p class=\"elementor-heading-title elementor-size-default\">Subscribe to Alumni<\/p>\t\t<\/div>\n\t\t\t\t<\/div>\n\t\t\t\t<div class=\"elementor-element elementor-element-b5c4fb9 elementor-button-align-stretch elementor-widget elementor-widget-form\" data-id=\"b5c4fb9\" data-element_type=\"widget\" data-settings=\"{&quot;step_next_label&quot;:&quot;Next&quot;,&quot;step_previous_label&quot;:&quot;Previous&quot;,&quot;button_width&quot;:&quot;100&quot;,&quot;step_type&quot;:&quot;number_text&quot;,&quot;step_icon_shape&quot;:&quot;circle&quot;}\" data-widget_type=\"form.default\">\n\t\t\t\t<div class=\"elementor-widget-container\">\n\t\t\t\t\t<form class=\"elementor-form\" method=\"post\" name=\"Abonim alumni\" action=\"\">\n\t\t\t<input type=\"hidden\" name=\"post_id\" value=\"3838\"\/>\n\t\t\t<input type=\"hidden\" name=\"form_id\" value=\"b5c4fb9\"\/>\n\t\t\t<input type=\"hidden\" name=\"referer_title\" value=\"Kontakt Zyra e Karrier\u00ebs &amp; Alumnit - Fakulteti i Inxhinieris\u00eb Matematike dhe Inxhinieris\u00eb Fizike\" \/>\n\n\t\t\t\t\t\t\t<input type=\"hidden\" name=\"queried_id\" value=\"3863\"\/>\n\t\t\t\n\t\t\t<div class=\"elementor-form-fields-wrapper elementor-labels-\">\n\t\t\t\t\t\t\t\t<div class=\"elementor-field-type-text elementor-field-group elementor-column elementor-field-group-name elementor-col-100\">\n\t\t\t\t\t\t\t\t\t\t\t\t<label for=\"form-field-name\" class=\"elementor-field-label elementor-screen-only\">\n\t\t\t\t\t\t\t\tName\t\t\t\t\t\t\t<\/label>\n\t\t\t\t\t\t\t\t\t\t\t\t\t\t<input size=\"1\" type=\"text\" name=\"form_fields[name]\" id=\"form-field-name\" class=\"elementor-field elementor-size-md  elementor-field-textual\" placeholder=\"First &amp; Last Name\">\n\t\t\t\t\t\t\t\t\t\t\t<\/div>\n\t\t\t\t\t\t\t\t<div class=\"elementor-field-type-email elementor-field-group elementor-column elementor-field-group-email elementor-col-100 elementor-field-required\">\n\t\t\t\t\t\t\t\t\t\t\t\t<label for=\"form-field-email\" class=\"elementor-field-label elementor-screen-only\">\n\t\t\t\t\t\t\t\tEmail\t\t\t\t\t\t\t<\/label>\n\t\t\t\t\t\t\t\t\t\t\t\t\t\t<input size=\"1\" type=\"email\" name=\"form_fields[email]\" id=\"form-field-email\" class=\"elementor-field elementor-size-md  elementor-field-textual\" placeholder=\"Email\" required=\"required\" aria-required=\"true\">\n\t\t\t\t\t\t\t\t\t\t\t<\/div>\n\t\t\t\t\t\t\t\t<div class=\"elementor-field-group elementor-column elementor-field-type-submit elementor-col-100 e-form__buttons\">\n\t\t\t\t\t<button class=\"elementor-button elementor-size-sm\" type=\"submit\">\n\t\t\t\t\t\t<span class=\"elementor-button-content-wrapper\">\n\t\t\t\t\t\t\t\t\t\t\t\t\t\t\t\t\t\t\t\t\t\t<span class=\"elementor-button-text\">Subscribe<\/span>\n\t\t\t\t\t\t\t\t\t\t\t\t\t<\/span>\n\t\t\t\t\t<\/button>\n\t\t\t\t<\/div>\n\t\t\t<\/div>\n\t\t<input type=\"hidden\" name=\"trp-form-language\" value=\"en\"\/><\/form>\n\t\t\t\t<\/div>\n\t\t\t\t<\/div>\n\t\t\t\t<div class=\"elementor-element elementor-element-c66a25a elementor-widget elementor-widget-text-editor\" data-id=\"c66a25a\" data-element_type=\"widget\" data-widget_type=\"text-editor.default\">\n\t\t\t\t<div class=\"elementor-widget-container\">\n\t\t\t\t\t\t\t<p>The Alumni Office is currently accessible only via email. We will review your concern as soon as possible.<\/p>\t\t\t\t\t\t<\/div>\n\t\t\t\t<\/div>\n\t\t\t\t\t<\/div>\n\t\t\t\t<\/div>\n\t\t\t\t<\/div>\n\t\t<\/div>\n\t\t\t\t<\/div>\n\t\t\t\t<\/div>\n\t\t\t\t<\/div>\n\t\t\t\t\t<\/div>\n\t\t\t\t<\/div>\n\t\t\t\t<\/div>","protected":false},"excerpt":{"rendered":"<p>Edukimi n\u00eb vazhdim Oferta p\u00ebr trajnime t\u00eb m\u00ebtejshmeArsimimi i m\u00ebtejsh\u00ebm, karriera shkencore dhe m\u00ebsimi gjat\u00eb gjith\u00eb jet\u00ebs Rikthehuni t\u00eb m\u00ebsoni matematik\u00eb dhe fizik\u00eb dhe kimi, filloni nj\u00eb start-up inovativ, apo p\u00ebrmir\u00ebsoni aft\u00ebsit\u00eb tuaja teknike n\u00eb \u00e7do mosh\u00eb! Edhe pas p\u00ebrfundimit t\u00eb studimeve, Fakulteti i Inxhinieris\u00eb Matematike dhe Inxhinieris\u00eb Fizike pran\u00eb Universitetit Politeknik t\u00eb Tiran\u00ebs vazhdon [&hellip;]<\/p>","protected":false},"author":1,"featured_media":0,"parent":4129,"menu_order":0,"comment_status":"closed","ping_status":"closed","template":"","meta":{"footnotes":""},"class_list":["post-4185","page","type-page","status-publish","hentry"],"yoast_head":"<!-- This site is optimized with the Yoast SEO plugin v24.2 - https:\/\/yoast.com\/wordpress\/plugins\/seo\/ -->\n<title>Edukim N\u00eb Vazhdim - Fakulteti i Inxhinieris\u00eb Matematike dhe Inxhinieris\u00eb Fizike<\/title>\n<meta name=\"robots\" content=\"index, follow, max-snippet:-1, max-image-preview:large, max-video-preview:-1\" \/>\n<link rel=\"canonical\" href=\"https:\/\/fimif.edu.al\/en\/alumni\/ofertat-per-te-diplomuarit\/edukim-ne-vazhdim\/\" \/>\n<meta property=\"og:locale\" content=\"en_GB\" \/>\n<meta property=\"og:type\" content=\"article\" \/>\n<meta property=\"og:title\" content=\"Edukim N\u00eb Vazhdim - Fakulteti i Inxhinieris\u00eb Matematike dhe Inxhinieris\u00eb Fizike\" \/>\n<meta property=\"og:description\" content=\"Edukimi n\u00eb vazhdim Oferta p\u00ebr trajnime t\u00eb m\u00ebtejshmeArsimimi i m\u00ebtejsh\u00ebm, karriera shkencore dhe m\u00ebsimi gjat\u00eb gjith\u00eb jet\u00ebs Rikthehuni t\u00eb m\u00ebsoni matematik\u00eb dhe fizik\u00eb dhe kimi, filloni nj\u00eb start-up inovativ, apo p\u00ebrmir\u00ebsoni aft\u00ebsit\u00eb tuaja teknike n\u00eb \u00e7do mosh\u00eb! Edhe pas p\u00ebrfundimit t\u00eb studimeve, Fakulteti i Inxhinieris\u00eb Matematike dhe Inxhinieris\u00eb Fizike pran\u00eb Universitetit Politeknik t\u00eb Tiran\u00ebs vazhdon [&hellip;]\" \/>\n<meta property=\"og:url\" content=\"https:\/\/fimif.edu.al\/en\/alumni\/ofertat-per-te-diplomuarit\/edukim-ne-vazhdim\/\" \/>\n<meta property=\"og:site_name\" content=\"Fakulteti i Inxhinieris\u00eb Matematike dhe Inxhinieris\u00eb Fizike\" \/>\n<meta property=\"article:publisher\" content=\"https:\/\/www.facebook.com\/p\/Departamenti-i-Inxhinierise-Matematike-FIMIF-UPT-100077435994252\/\" \/>\n<meta property=\"article:modified_time\" content=\"2025-02-23T10:15:17+00:00\" \/>\n<meta property=\"og:image\" content=\"https:\/\/fimif.edu.al\/wp-content\/uploads\/2024\/11\/Studente-te-diplomuar.png\" \/>\n\t<meta property=\"og:image:width\" content=\"1335\" \/>\n\t<meta property=\"og:image:height\" content=\"576\" \/>\n\t<meta property=\"og:image:type\" content=\"image\/png\" \/>\n<meta name=\"twitter:card\" content=\"summary_large_image\" \/>\n<meta name=\"twitter:label1\" content=\"Estimated reading time\" \/>\n\t<meta name=\"twitter:data1\" content=\"2 minutes\" \/>\n<script type=\"application\/ld+json\" class=\"yoast-schema-graph\">{\"@context\":\"https:\/\/schema.org\",\"@graph\":[{\"@type\":\"WebPage\",\"@id\":\"https:\/\/fimif.edu.al\/alumni\/ofertat-per-te-diplomuarit\/edukim-ne-vazhdim\/\",\"url\":\"https:\/\/fimif.edu.al\/alumni\/ofertat-per-te-diplomuarit\/edukim-ne-vazhdim\/\",\"name\":\"Edukim N\u00eb Vazhdim - Fakulteti i Inxhinieris\u00eb Matematike dhe Inxhinieris\u00eb Fizike\",\"isPartOf\":{\"@id\":\"https:\/\/fimif.edu.al\/#website\"},\"primaryImageOfPage\":{\"@id\":\"https:\/\/fimif.edu.al\/alumni\/ofertat-per-te-diplomuarit\/edukim-ne-vazhdim\/#primaryimage\"},\"image\":{\"@id\":\"https:\/\/fimif.edu.al\/alumni\/ofertat-per-te-diplomuarit\/edukim-ne-vazhdim\/#primaryimage\"},\"thumbnailUrl\":\"https:\/\/fimif.edu.al\/wp-content\/uploads\/2024\/11\/Studente-te-diplomuar.png\",\"datePublished\":\"2024-11-08T14:27:01+00:00\",\"dateModified\":\"2025-02-23T10:15:17+00:00\",\"breadcrumb\":{\"@id\":\"https:\/\/fimif.edu.al\/alumni\/ofertat-per-te-diplomuarit\/edukim-ne-vazhdim\/#breadcrumb\"},\"inLanguage\":\"en-GB\",\"potentialAction\":[{\"@type\":\"ReadAction\",\"target\":[\"https:\/\/fimif.edu.al\/alumni\/ofertat-per-te-diplomuarit\/edukim-ne-vazhdim\/\"]}]},{\"@type\":\"ImageObject\",\"inLanguage\":\"en-GB\",\"@id\":\"https:\/\/fimif.edu.al\/alumni\/ofertat-per-te-diplomuarit\/edukim-ne-vazhdim\/#primaryimage\",\"url\":\"https:\/\/fimif.edu.al\/wp-content\/uploads\/2024\/11\/Studente-te-diplomuar.png\",\"contentUrl\":\"https:\/\/fimif.edu.al\/wp-content\/uploads\/2024\/11\/Studente-te-diplomuar.png\"},{\"@type\":\"BreadcrumbList\",\"@id\":\"https:\/\/fimif.edu.al\/alumni\/ofertat-per-te-diplomuarit\/edukim-ne-vazhdim\/#breadcrumb\",\"itemListElement\":[{\"@type\":\"ListItem\",\"position\":1,\"name\":\"Home\",\"item\":\"https:\/\/fimif.edu.al\/\"},{\"@type\":\"ListItem\",\"position\":2,\"name\":\"Alumni\",\"item\":\"https:\/\/fimif.edu.al\/alumni\/\"},{\"@type\":\"ListItem\",\"position\":3,\"name\":\"Ofertat per te diplomuarit\",\"item\":\"https:\/\/fimif.edu.al\/alumni\/ofertat-per-te-diplomuarit\/\"},{\"@type\":\"ListItem\",\"position\":4,\"name\":\"Edukim N\u00eb Vazhdim\"}]},{\"@type\":\"WebSite\",\"@id\":\"https:\/\/fimif.edu.al\/#website\",\"url\":\"https:\/\/fimif.edu.al\/\",\"name\":\"Fakulteti i Inxhinieris\u00eb Matematike dhe Inxhinieris\u00eb Fizike\",\"description\":\"FIMIF, UPT Tirane\",\"publisher\":{\"@id\":\"https:\/\/fimif.edu.al\/#organization\"},\"potentialAction\":[{\"@type\":\"SearchAction\",\"target\":{\"@type\":\"EntryPoint\",\"urlTemplate\":\"https:\/\/fimif.edu.al\/?s={search_term_string}\"},\"query-input\":{\"@type\":\"PropertyValueSpecification\",\"valueRequired\":true,\"valueName\":\"search_term_string\"}}],\"inLanguage\":\"en-GB\"},{\"@type\":\"Organization\",\"@id\":\"https:\/\/fimif.edu.al\/#organization\",\"name\":\"Fakulteti i Inxhinieris\u00eb Matematike dhe Inxhinieris\u00eb Fizike\",\"url\":\"https:\/\/fimif.edu.al\/\",\"logo\":{\"@type\":\"ImageObject\",\"inLanguage\":\"en-GB\",\"@id\":\"https:\/\/fimif.edu.al\/#\/schema\/logo\/image\/\",\"url\":\"https:\/\/fimif.edu.al\/wp-content\/uploads\/2024\/10\/Fimif-Logo.svg\",\"contentUrl\":\"https:\/\/fimif.edu.al\/wp-content\/uploads\/2024\/10\/Fimif-Logo.svg\",\"width\":653,\"height\":219,\"caption\":\"Fakulteti i Inxhinieris\u00eb Matematike dhe Inxhinieris\u00eb Fizike\"},\"image\":{\"@id\":\"https:\/\/fimif.edu.al\/#\/schema\/logo\/image\/\"},\"sameAs\":[\"https:\/\/www.facebook.com\/p\/Departamenti-i-Inxhinierise-Matematike-FIMIF-UPT-100077435994252\/\"]}]}<\/script>\n<!-- \/ Yoast SEO plugin. -->","yoast_head_json":{"title":"Edukim N\u00eb Vazhdim - Fakulteti i Inxhinieris\u00eb Matematike dhe Inxhinieris\u00eb Fizike","robots":{"index":"index","follow":"follow","max-snippet":"max-snippet:-1","max-image-preview":"max-image-preview:large","max-video-preview":"max-video-preview:-1"},"canonical":"https:\/\/fimif.edu.al\/en\/alumni\/ofertat-per-te-diplomuarit\/edukim-ne-vazhdim\/","og_locale":"en_GB","og_type":"article","og_title":"Edukim N\u00eb Vazhdim - Fakulteti i Inxhinieris\u00eb Matematike dhe Inxhinieris\u00eb Fizike","og_description":"Edukimi n\u00eb vazhdim Oferta p\u00ebr trajnime t\u00eb m\u00ebtejshmeArsimimi i m\u00ebtejsh\u00ebm, karriera shkencore dhe m\u00ebsimi gjat\u00eb gjith\u00eb jet\u00ebs Rikthehuni t\u00eb m\u00ebsoni matematik\u00eb dhe fizik\u00eb dhe kimi, filloni nj\u00eb start-up inovativ, apo p\u00ebrmir\u00ebsoni aft\u00ebsit\u00eb tuaja teknike n\u00eb \u00e7do mosh\u00eb! Edhe pas p\u00ebrfundimit t\u00eb studimeve, Fakulteti i Inxhinieris\u00eb Matematike dhe Inxhinieris\u00eb Fizike pran\u00eb Universitetit Politeknik t\u00eb Tiran\u00ebs vazhdon [&hellip;]","og_url":"https:\/\/fimif.edu.al\/en\/alumni\/ofertat-per-te-diplomuarit\/edukim-ne-vazhdim\/","og_site_name":"Fakulteti i Inxhinieris\u00eb Matematike dhe Inxhinieris\u00eb Fizike","article_publisher":"https:\/\/www.facebook.com\/p\/Departamenti-i-Inxhinierise-Matematike-FIMIF-UPT-100077435994252\/","article_modified_time":"2025-02-23T10:15:17+00:00","og_image":[{"width":1335,"height":576,"url":"https:\/\/fimif.edu.al\/wp-content\/uploads\/2024\/11\/Studente-te-diplomuar.png","type":"image\/png"}],"twitter_card":"summary_large_image","twitter_misc":{"Estimated reading time":"2 minutes"},"schema":{"@context":"https:\/\/schema.org","@graph":[{"@type":"WebPage","@id":"https:\/\/fimif.edu.al\/alumni\/ofertat-per-te-diplomuarit\/edukim-ne-vazhdim\/","url":"https:\/\/fimif.edu.al\/alumni\/ofertat-per-te-diplomuarit\/edukim-ne-vazhdim\/","name":"Edukim N\u00eb Vazhdim - Fakulteti i Inxhinieris\u00eb Matematike dhe Inxhinieris\u00eb Fizike","isPartOf":{"@id":"https:\/\/fimif.edu.al\/#website"},"primaryImageOfPage":{"@id":"https:\/\/fimif.edu.al\/alumni\/ofertat-per-te-diplomuarit\/edukim-ne-vazhdim\/#primaryimage"},"image":{"@id":"https:\/\/fimif.edu.al\/alumni\/ofertat-per-te-diplomuarit\/edukim-ne-vazhdim\/#primaryimage"},"thumbnailUrl":"https:\/\/fimif.edu.al\/wp-content\/uploads\/2024\/11\/Studente-te-diplomuar.png","datePublished":"2024-11-08T14:27:01+00:00","dateModified":"2025-02-23T10:15:17+00:00","breadcrumb":{"@id":"https:\/\/fimif.edu.al\/alumni\/ofertat-per-te-diplomuarit\/edukim-ne-vazhdim\/#breadcrumb"},"inLanguage":"en-GB","potentialAction":[{"@type":"ReadAction","target":["https:\/\/fimif.edu.al\/alumni\/ofertat-per-te-diplomuarit\/edukim-ne-vazhdim\/"]}]},{"@type":"ImageObject","inLanguage":"en-GB","@id":"https:\/\/fimif.edu.al\/alumni\/ofertat-per-te-diplomuarit\/edukim-ne-vazhdim\/#primaryimage","url":"https:\/\/fimif.edu.al\/wp-content\/uploads\/2024\/11\/Studente-te-diplomuar.png","contentUrl":"https:\/\/fimif.edu.al\/wp-content\/uploads\/2024\/11\/Studente-te-diplomuar.png"},{"@type":"BreadcrumbList","@id":"https:\/\/fimif.edu.al\/alumni\/ofertat-per-te-diplomuarit\/edukim-ne-vazhdim\/#breadcrumb","itemListElement":[{"@type":"ListItem","position":1,"name":"Home","item":"https:\/\/fimif.edu.al\/"},{"@type":"ListItem","position":2,"name":"Alumni","item":"https:\/\/fimif.edu.al\/alumni\/"},{"@type":"ListItem","position":3,"name":"Ofertat per te diplomuarit","item":"https:\/\/fimif.edu.al\/alumni\/ofertat-per-te-diplomuarit\/"},{"@type":"ListItem","position":4,"name":"Edukim N\u00eb Vazhdim"}]},{"@type":"WebSite","@id":"https:\/\/fimif.edu.al\/#website","url":"https:\/\/fimif.edu.al\/","name":"Fakulteti i Inxhinieris\u00eb Matematike dhe Inxhinieris\u00eb Fizike","description":"FIMIF, UPT Tirane","publisher":{"@id":"https:\/\/fimif.edu.al\/#organization"},"potentialAction":[{"@type":"SearchAction","target":{"@type":"EntryPoint","urlTemplate":"https:\/\/fimif.edu.al\/?s={search_term_string}"},"query-input":{"@type":"PropertyValueSpecification","valueRequired":true,"valueName":"search_term_string"}}],"inLanguage":"en-GB"},{"@type":"Organization","@id":"https:\/\/fimif.edu.al\/#organization","name":"Fakulteti i Inxhinieris\u00eb Matematike dhe Inxhinieris\u00eb Fizike","url":"https:\/\/fimif.edu.al\/","logo":{"@type":"ImageObject","inLanguage":"en-GB","@id":"https:\/\/fimif.edu.al\/#\/schema\/logo\/image\/","url":"https:\/\/fimif.edu.al\/wp-content\/uploads\/2024\/10\/Fimif-Logo.svg","contentUrl":"https:\/\/fimif.edu.al\/wp-content\/uploads\/2024\/10\/Fimif-Logo.svg","width":653,"height":219,"caption":"Fakulteti i Inxhinieris\u00eb Matematike dhe Inxhinieris\u00eb Fizike"},"image":{"@id":"https:\/\/fimif.edu.al\/#\/schema\/logo\/image\/"},"sameAs":["https:\/\/www.facebook.com\/p\/Departamenti-i-Inxhinierise-Matematike-FIMIF-UPT-100077435994252\/"]}]}},"_links":{"self":[{"href":"https:\/\/fimif.edu.al\/en\/wp-json\/wp\/v2\/pages\/4185","targetHints":{"allow":["GET"]}}],"collection":[{"href":"https:\/\/fimif.edu.al\/en\/wp-json\/wp\/v2\/pages"}],"about":[{"href":"https:\/\/fimif.edu.al\/en\/wp-json\/wp\/v2\/types\/page"}],"author":[{"embeddable":true,"href":"https:\/\/fimif.edu.al\/en\/wp-json\/wp\/v2\/users\/1"}],"replies":[{"embeddable":true,"href":"https:\/\/fimif.edu.al\/en\/wp-json\/wp\/v2\/comments?post=4185"}],"version-history":[{"count":13,"href":"https:\/\/fimif.edu.al\/en\/wp-json\/wp\/v2\/pages\/4185\/revisions"}],"predecessor-version":[{"id":7290,"href":"https:\/\/fimif.edu.al\/en\/wp-json\/wp\/v2\/pages\/4185\/revisions\/7290"}],"up":[{"embeddable":true,"href":"https:\/\/fimif.edu.al\/en\/wp-json\/wp\/v2\/pages\/4129"}],"wp:attachment":[{"href":"https:\/\/fimif.edu.al\/en\/wp-json\/wp\/v2\/media?parent=4185"}],"curies":[{"name":"wp","href":"https:\/\/api.w.org\/{rel}","templated":true}]}}