{"id":4195,"date":"2024-11-08T15:32:18","date_gmt":"2024-11-08T14:32:18","guid":{"rendered":"https:\/\/fimif.farmaciferati.al\/?page_id=4195"},"modified":"2024-11-11T11:33:49","modified_gmt":"2024-11-11T10:33:49","slug":"takime-dhe-turne-te-alumnive","status":"publish","type":"page","link":"https:\/\/fimif.edu.al\/en\/alumni\/rrjeti-i-alumni\/takime-dhe-turne-te-alumnive\/","title":{"rendered":"Alumni Meetings and Tours"},"content":{"rendered":"\t\t<div data-elementor-type=\"wp-page\" data-elementor-id=\"4195\" class=\"elementor elementor-4195\" data-elementor-post-type=\"page\">\n\t\t\t\t<div class=\"elementor-element elementor-element-e9b24a7 e-flex e-con-boxed e-con e-parent\" data-id=\"e9b24a7\" data-element_type=\"container\" data-e-type=\"container\">\n\t\t\t\t\t<div class=\"e-con-inner\">\n\t\t<div class=\"elementor-element elementor-element-d1e8084 e-con-full e-flex e-con e-child\" data-id=\"d1e8084\" data-element_type=\"container\" data-e-type=\"container\" data-settings=\"{&quot;sticky&quot;:&quot;top&quot;,&quot;sticky_on&quot;:[&quot;desktop&quot;,&quot;laptop&quot;],&quot;sticky_offset&quot;:73,&quot;sticky_parent&quot;:&quot;yes&quot;,&quot;sticky_effects_offset&quot;:0,&quot;sticky_anchor_link_offset&quot;:0}\">\n\t\t\t\t<div class=\"elementor-element elementor-element-c1ce17f elementor-widget elementor-widget-shortcode\" data-id=\"c1ce17f\" data-element_type=\"widget\" data-e-type=\"widget\" data-widget_type=\"shortcode.default\">\n\t\t\t\t<div class=\"elementor-widget-container\">\n\t\t\t\t\t\t\t<div class=\"elementor-shortcode\">\t\t<div data-elementor-type=\"container\" data-elementor-id=\"3841\" class=\"elementor elementor-3841\" data-elementor-post-type=\"elementor_library\">\n\t\t\t\t<div class=\"elementor-element elementor-element-1e5904f e-flex e-con-boxed e-con e-parent\" data-id=\"1e5904f\" data-element_type=\"container\" data-e-type=\"container\">\n\t\t\t\t\t<div class=\"e-con-inner\">\n\t\t\t\t<div class=\"elementor-element elementor-element-9f28d2f elementor-widget elementor-widget-nav-menu\" data-id=\"9f28d2f\" data-element_type=\"widget\" data-e-type=\"widget\" data-settings=\"{&quot;layout&quot;:&quot;dropdown&quot;,&quot;submenu_icon&quot;:{&quot;value&quot;:&quot;&lt;svg aria-hidden=\\&quot;true\\&quot; class=\\&quot;fa-svg-chevron-down e-font-icon-svg e-fas-chevron-down\\&quot; viewBox=\\&quot;0 0 448 512\\&quot; xmlns=\\&quot;http:\\\/\\\/www.w3.org\\\/2000\\\/svg\\&quot;&gt;&lt;path d=\\&quot;M207.029 381.476L12.686 187.132c-9.373-9.373-9.373-24.569 0-33.941l22.667-22.667c9.357-9.357 24.522-9.375 33.901-.04L224 284.505l154.745-154.021c9.379-9.335 24.544-9.317 33.901.04l22.667 22.667c9.373 9.373 9.373 24.569 0 33.941L240.971 381.476c-9.373 9.372-24.569 9.372-33.942 0z\\&quot;&gt;&lt;\\\/path&gt;&lt;\\\/svg&gt;&quot;,&quot;library&quot;:&quot;fa-solid&quot;}}\" data-widget_type=\"nav-menu.default\">\n\t\t\t\t<div class=\"elementor-widget-container\">\n\t\t\t\t\t\t\t\t<nav class=\"elementor-nav-menu--dropdown elementor-nav-menu__container\" aria-hidden=\"true\">\n\t\t\t\t<ul id=\"menu-2-9f28d2f\" class=\"elementor-nav-menu\"><li class=\"menu-item menu-item-type-post_type menu-item-object-page menu-item-3875\"><a href=\"https:\/\/fimif.edu.al\/en\/alumni\/\" class=\"elementor-item\" tabindex=\"-1\">Alumni<\/a><\/li>\n<li class=\"menu-item menu-item-type-post_type menu-item-object-page menu-item-has-children menu-item-3876\"><a href=\"https:\/\/fimif.edu.al\/en\/alumni\/rrjeti-i-alumni\/\" class=\"elementor-item\" tabindex=\"-1\">Rrjeti i Alumni<\/a>\n<ul class=\"sub-menu elementor-nav-menu--dropdown\">\n\t<li class=\"menu-item menu-item-type-post_type menu-item-object-page menu-item-4190\"><a href=\"https:\/\/fimif.edu.al\/en\/alumni\/rrjeti-i-alumni\/shoqatat-dhe-iniciativat\/\" class=\"elementor-sub-item\" tabindex=\"-1\">Shoqatat dhe Iniciativat<\/a><\/li>\n\t<li class=\"menu-item menu-item-type-post_type menu-item-object-page menu-item-4198\"><a href=\"https:\/\/fimif.edu.al\/en\/alumni\/rrjeti-i-alumni\/takime-dhe-turne-te-alumnive\/\" class=\"elementor-sub-item\" tabindex=\"-1\">Takime dhe Turne t\u00eb Alumnive<\/a><\/li>\n<\/ul>\n<\/li>\n<li class=\"menu-item menu-item-type-post_type menu-item-object-page menu-item-has-children menu-item-4191\"><a href=\"https:\/\/fimif.edu.al\/en\/alumni\/ofertat-per-te-diplomuarit\/\" class=\"elementor-item\" tabindex=\"-1\">Ofertat p\u00ebr t\u00eb diplomuarit<\/a>\n<ul class=\"sub-menu elementor-nav-menu--dropdown\">\n\t<li class=\"menu-item menu-item-type-post_type menu-item-object-page menu-item-4192\"><a href=\"https:\/\/fimif.edu.al\/en\/alumni\/ofertat-per-te-diplomuarit\/edukim-ne-vazhdim\/\" class=\"elementor-sub-item\" tabindex=\"-1\">Edukim N\u00eb Vazhdim<\/a><\/li>\n<\/ul>\n<\/li>\n<li class=\"menu-item menu-item-type-post_type menu-item-object-page menu-item-4193\"><a href=\"https:\/\/fimif.edu.al\/en\/alumni\/angazhimet-e-ish-studenteve\/\" class=\"elementor-item\" tabindex=\"-1\">Angazhimet e ish studenteve<\/a><\/li>\n<li class=\"menu-item menu-item-type-post_type menu-item-object-page menu-item-4194\"><a href=\"https:\/\/fimif.edu.al\/en\/alumni\/kontakt-zyra-e-karrieres-alumnit\/\" class=\"elementor-item\" tabindex=\"-1\">Kontakt<\/a><\/li>\n<\/ul>\t\t\t<\/nav>\n\t\t\t\t\t\t<\/div>\n\t\t\t\t<\/div>\n\t\t\t\t\t<\/div>\n\t\t\t\t<\/div>\n\t\t\t\t<\/div>\n\t\t<\/div>\n\t\t\t\t\t\t<\/div>\n\t\t\t\t<\/div>\n\t\t\t\t<\/div>\n\t\t<div class=\"elementor-element elementor-element-bcf4d95 e-con-full e-flex e-con e-child\" data-id=\"bcf4d95\" data-element_type=\"container\" data-e-type=\"container\">\n\t\t\t\t<div class=\"elementor-element elementor-element-709f2a1 elementor-widget elementor-widget-heading\" data-id=\"709f2a1\" data-element_type=\"widget\" data-e-type=\"widget\" data-widget_type=\"heading.default\">\n\t\t\t\t<div class=\"elementor-widget-container\">\n\t\t\t\t\t<h2 class=\"elementor-heading-title elementor-size-default\">Kthehu n\u00eb FIMIF - turne Alumni dhe takime t\u00eb diplomuarve<\/h2>\t\t\t\t<\/div>\n\t\t\t\t<\/div>\n\t\t\t\t<div class=\"elementor-element elementor-element-dddcbe2 elementor-widget elementor-widget-text-editor\" data-id=\"dddcbe2\" data-element_type=\"widget\" data-e-type=\"widget\" data-widget_type=\"text-editor.default\">\n\t\t\t\t<div class=\"elementor-widget-container\">\n\t\t\t\t\t\t\t\t\t<p>Takime dhe Turne t\u00eb Alumnive<\/p>\t\t\t\t\t\t\t\t<\/div>\n\t\t\t\t<\/div>\n\t\t\t\t<div class=\"elementor-element elementor-element-f4e9b68 elementor-widget elementor-widget-text-editor\" data-id=\"f4e9b68\" data-element_type=\"widget\" data-e-type=\"widget\" data-widget_type=\"text-editor.default\">\n\t\t\t\t<div class=\"elementor-widget-container\">\n\t\t\t\t\t\t\t\t\t<p><strong>Kthehuni n\u00eb sall\u00ebn tuaj t\u00eb vjet\u00ebr t\u00eb leksioneve dhe rikrijoni kujtimet e koh\u00ebs suaj si student n\u00eb FIMIF.<\/strong> Gjat\u00eb takimit t\u00eb diplomuarve, mund t\u00eb organizohen <strong>vizita me guid\u00eb<\/strong> n\u00eb ambientet e fakultetit, ku do t\u00eb keni mund\u00ebsin\u00eb t\u00eb shihni zhvillimet e fundit akademike dhe teknologjike, si dhe t\u00eb m\u00ebsoni fakte historike mbi rolin e fakultetit n\u00eb edukimin e inxhinier\u00ebve t\u00eb ardhsh\u00ebm.<\/p><p><strong>Ekipi i Zyr\u00ebs s\u00eb Alumni<\/strong> do t\u00eb jet\u00eb i lumtur t&#8217;ju ndihmoj\u00eb me organizimin e nj\u00eb <strong>takimi alumni<\/strong> apo nj\u00eb <strong>turneu me guid\u00eb<\/strong> n\u00eb ambientet e FIMIF. N\u00ebse d\u00ebshironi, mund t&#8217;ju v\u00ebm\u00eb n\u00eb kontakt me <strong>pedagog\u00ebt tuaj t\u00eb dikursh\u00ebm<\/strong> apo aktual\u00eb, t\u00eb cil\u00ebt do t&#8217;ju informojn\u00eb p\u00ebr risit\u00eb dhe zhvillimet e reja n\u00eb fakultet dhe n\u00eb fushat e inxhinieris\u00eb.<\/p><p><strong>Guidat zakonisht zgjasin rreth 30-60 minuta<\/strong>. Ju lutemi d\u00ebrgoni k\u00ebrkes\u00ebn tuaj p\u00ebr rezervim direkt te ekipi i Zyr\u00ebs s\u00eb Alumni, duke specifikuar numrin e personave dhe datat e preferuara p\u00ebr takimin.<\/p>\t\t\t\t\t\t\t\t<\/div>\n\t\t\t\t<\/div>\n\t\t\t\t<\/div>\n\t\t<div class=\"elementor-element elementor-element-b169348 e-con-full e-flex e-con e-child\" data-id=\"b169348\" data-element_type=\"container\" data-e-type=\"container\" data-settings=\"{&quot;sticky&quot;:&quot;top&quot;,&quot;sticky_on&quot;:[&quot;desktop&quot;,&quot;laptop&quot;],&quot;sticky_offset&quot;:73,&quot;sticky_parent&quot;:&quot;yes&quot;,&quot;sticky_effects_offset&quot;:0,&quot;sticky_anchor_link_offset&quot;:0}\">\n\t\t\t\t<div class=\"elementor-element elementor-element-0578c58 elementor-widget elementor-widget-shortcode\" data-id=\"0578c58\" data-element_type=\"widget\" data-e-type=\"widget\" data-widget_type=\"shortcode.default\">\n\t\t\t\t<div class=\"elementor-widget-container\">\n\t\t\t\t\t\t\t<div class=\"elementor-shortcode\">\t\t<div data-elementor-type=\"container\" data-elementor-id=\"3838\" class=\"elementor elementor-3838\" data-elementor-post-type=\"elementor_library\">\n\t\t\t\t<div class=\"elementor-element elementor-element-412eadc e-flex e-con-boxed e-con e-parent\" data-id=\"412eadc\" data-element_type=\"container\" data-e-type=\"container\">\n\t\t\t\t\t<div class=\"e-con-inner\">\n\t\t\t\t<div class=\"elementor-element elementor-element-87c9f8d elementor-widget elementor-widget-heading\" data-id=\"87c9f8d\" data-element_type=\"widget\" data-e-type=\"widget\" data-widget_type=\"heading.default\">\n\t\t\t\t<div class=\"elementor-widget-container\">\n\t\t\t\t\t<p class=\"elementor-heading-title elementor-size-default\">Abonohu tek Alumni<\/p>\t\t\t\t<\/div>\n\t\t\t\t<\/div>\n\t\t\t\t<div class=\"elementor-element elementor-element-b5c4fb9 elementor-button-align-stretch elementor-widget elementor-widget-form\" data-id=\"b5c4fb9\" data-element_type=\"widget\" data-e-type=\"widget\" data-settings=\"{&quot;step_next_label&quot;:&quot;Next&quot;,&quot;step_previous_label&quot;:&quot;Previous&quot;,&quot;button_width&quot;:&quot;100&quot;,&quot;step_type&quot;:&quot;number_text&quot;,&quot;step_icon_shape&quot;:&quot;circle&quot;}\" data-widget_type=\"form.default\">\n\t\t\t\t<div class=\"elementor-widget-container\">\n\t\t\t\t\t\t\t<form class=\"elementor-form\" method=\"post\" name=\"Abonim alumni\" aria-label=\"Abonim alumni\">\n\t\t\t<input type=\"hidden\" name=\"post_id\" value=\"3838\"\/>\n\t\t\t<input type=\"hidden\" name=\"form_id\" value=\"b5c4fb9\"\/>\n\t\t\t<input type=\"hidden\" name=\"referer_title\" value=\"Edukim N\u00eb Vazhdim - Fakulteti i Inxhinieris\u00eb Matematike dhe Inxhinieris\u00eb Fizike\" \/>\n\n\t\t\t\t\t\t\t<input type=\"hidden\" name=\"queried_id\" value=\"4185\"\/>\n\t\t\t\n\t\t\t<div class=\"elementor-form-fields-wrapper elementor-labels-\">\n\t\t\t\t\t\t\t\t<div class=\"elementor-field-type-text elementor-field-group elementor-column elementor-field-group-name elementor-col-100\">\n\t\t\t\t\t\t\t\t\t\t\t\t<label for=\"form-field-name\" class=\"elementor-field-label elementor-screen-only\">\n\t\t\t\t\t\t\t\tEmri\t\t\t\t\t\t\t<\/label>\n\t\t\t\t\t\t\t\t\t\t\t\t\t\t<input size=\"1\" type=\"text\" name=\"form_fields[name]\" id=\"form-field-name\" class=\"elementor-field elementor-size-md  elementor-field-textual\" placeholder=\"Emri Mbiemri\">\n\t\t\t\t\t\t\t\t\t\t\t<\/div>\n\t\t\t\t\t\t\t\t<div class=\"elementor-field-type-email elementor-field-group elementor-column elementor-field-group-email elementor-col-100 elementor-field-required\">\n\t\t\t\t\t\t\t\t\t\t\t\t<label for=\"form-field-email\" class=\"elementor-field-label elementor-screen-only\">\n\t\t\t\t\t\t\t\tEmail\t\t\t\t\t\t\t<\/label>\n\t\t\t\t\t\t\t\t\t\t\t\t\t\t<input size=\"1\" type=\"email\" name=\"form_fields[email]\" id=\"form-field-email\" class=\"elementor-field elementor-size-md  elementor-field-textual\" placeholder=\"Email\" required=\"required\">\n\t\t\t\t\t\t\t\t\t\t\t<\/div>\n\t\t\t\t\t\t\t\t<div class=\"elementor-field-group elementor-column elementor-field-type-submit elementor-col-100 e-form__buttons\">\n\t\t\t\t\t<button class=\"elementor-button elementor-size-sm\" type=\"submit\">\n\t\t\t\t\t\t<span class=\"elementor-button-content-wrapper\">\n\t\t\t\t\t\t\t\t\t\t\t\t\t\t\t\t\t\t\t\t\t\t<span class=\"elementor-button-text\">Abonohu<\/span>\n\t\t\t\t\t\t\t\t\t\t\t\t\t<\/span>\n\t\t\t\t\t<\/button>\n\t\t\t\t<\/div>\n\t\t\t<\/div>\n\t\t<\/form>\n\t\t\t\t\t\t<\/div>\n\t\t\t\t<\/div>\n\t\t\t\t<div class=\"elementor-element elementor-element-c66a25a elementor-widget elementor-widget-text-editor\" data-id=\"c66a25a\" data-element_type=\"widget\" data-e-type=\"widget\" data-widget_type=\"text-editor.default\">\n\t\t\t\t<div class=\"elementor-widget-container\">\n\t\t\t\t\t\t\t\t\t<p>Zyra e ish-student\u00ebve \u00ebsht\u00eb aktualisht e aksesueshme vet\u00ebm p\u00ebrmes email-it. Ne do t\u00eb shqyrtojm\u00eb shqet\u00ebsimin tuaj n\u00eb koh\u00eb sa m\u00eb t\u00eb shkurt\u00ebr.<\/p>\t\t\t\t\t\t\t\t<\/div>\n\t\t\t\t<\/div>\n\t\t\t\t\t<\/div>\n\t\t\t\t<\/div>\n\t\t\t\t<\/div>\n\t\t<\/div>\n\t\t\t\t\t\t<\/div>\n\t\t\t\t<\/div>\n\t\t\t\t<\/div>\n\t\t\t\t\t<\/div>\n\t\t\t\t<\/div>\n\t\t\t\t<\/div>\n\t\t","protected":false},"excerpt":{"rendered":"<p>Kthehu n\u00eb FIMIF &#8211; turne Alumni dhe takime t\u00eb diplomuarve Takime dhe Turne t\u00eb Alumnive Kthehuni n\u00eb sall\u00ebn tuaj t\u00eb vjet\u00ebr t\u00eb leksioneve dhe rikrijoni kujtimet e koh\u00ebs suaj si student n\u00eb FIMIF. Gjat\u00eb takimit t\u00eb diplomuarve, mund t\u00eb organizohen vizita me guid\u00eb n\u00eb ambientet e fakultetit, ku do t\u00eb keni mund\u00ebsin\u00eb t\u00eb shihni zhvillimet [&hellip;]<\/p>\n","protected":false},"author":1,"featured_media":0,"parent":3864,"menu_order":0,"comment_status":"closed","ping_status":"closed","template":"","meta":{"footnotes":""},"class_list":["post-4195","page","type-page","status-publish","hentry"],"yoast_head":"<!-- This site is optimized with the Yoast SEO plugin v27.4 - https:\/\/yoast.com\/product\/yoast-seo-wordpress\/ -->\n<title>Takime dhe Turne t\u00eb Alumnive - Fakulteti i Inxhinieris\u00eb Matematike dhe Inxhinieris\u00eb Fizike<\/title>\n<meta name=\"robots\" content=\"index, follow, max-snippet:-1, max-image-preview:large, max-video-preview:-1\" \/>\n<link rel=\"canonical\" href=\"https:\/\/fimif.edu.al\/en\/alumni\/rrjeti-i-alumni\/takime-dhe-turne-te-alumnive\/\" \/>\n<meta property=\"og:locale\" content=\"en_GB\" \/>\n<meta property=\"og:type\" content=\"article\" \/>\n<meta property=\"og:title\" content=\"Takime dhe Turne t\u00eb Alumnive - Fakulteti i Inxhinieris\u00eb Matematike dhe Inxhinieris\u00eb Fizike\" \/>\n<meta property=\"og:description\" content=\"Kthehu n\u00eb FIMIF &#8211; turne Alumni dhe takime t\u00eb diplomuarve Takime dhe Turne t\u00eb Alumnive Kthehuni n\u00eb sall\u00ebn tuaj t\u00eb vjet\u00ebr t\u00eb leksioneve dhe rikrijoni kujtimet e koh\u00ebs suaj si student n\u00eb FIMIF. Gjat\u00eb takimit t\u00eb diplomuarve, mund t\u00eb organizohen vizita me guid\u00eb n\u00eb ambientet e fakultetit, ku do t\u00eb keni mund\u00ebsin\u00eb t\u00eb shihni zhvillimet [&hellip;]\" \/>\n<meta property=\"og:url\" content=\"https:\/\/fimif.edu.al\/en\/alumni\/rrjeti-i-alumni\/takime-dhe-turne-te-alumnive\/\" \/>\n<meta property=\"og:site_name\" content=\"Fakulteti i Inxhinieris\u00eb Matematike dhe Inxhinieris\u00eb Fizike\" \/>\n<meta property=\"article:publisher\" content=\"https:\/\/www.facebook.com\/p\/Departamenti-i-Inxhinierise-Matematike-FIMIF-UPT-100077435994252\/\" \/>\n<meta property=\"article:modified_time\" content=\"2024-11-11T10:33:49+00:00\" \/>\n<meta name=\"twitter:card\" content=\"summary_large_image\" \/>\n<meta name=\"twitter:label1\" content=\"Estimated reading time\" \/>\n\t<meta name=\"twitter:data1\" content=\"1 minute\" \/>\n<script type=\"application\/ld+json\" class=\"yoast-schema-graph\">{\"@context\":\"https:\\\/\\\/schema.org\",\"@graph\":[{\"@type\":\"WebPage\",\"@id\":\"https:\\\/\\\/fimif.edu.al\\\/alumni\\\/rrjeti-i-alumni\\\/takime-dhe-turne-te-alumnive\\\/\",\"url\":\"https:\\\/\\\/fimif.edu.al\\\/alumni\\\/rrjeti-i-alumni\\\/takime-dhe-turne-te-alumnive\\\/\",\"name\":\"Takime dhe Turne t\u00eb Alumnive - Fakulteti i Inxhinieris\u00eb Matematike dhe Inxhinieris\u00eb Fizike\",\"isPartOf\":{\"@id\":\"https:\\\/\\\/fimif.edu.al\\\/#website\"},\"datePublished\":\"2024-11-08T14:32:18+00:00\",\"dateModified\":\"2024-11-11T10:33:49+00:00\",\"breadcrumb\":{\"@id\":\"https:\\\/\\\/fimif.edu.al\\\/alumni\\\/rrjeti-i-alumni\\\/takime-dhe-turne-te-alumnive\\\/#breadcrumb\"},\"inLanguage\":\"en-GB\",\"potentialAction\":[{\"@type\":\"ReadAction\",\"target\":[\"https:\\\/\\\/fimif.edu.al\\\/alumni\\\/rrjeti-i-alumni\\\/takime-dhe-turne-te-alumnive\\\/\"]}]},{\"@type\":\"BreadcrumbList\",\"@id\":\"https:\\\/\\\/fimif.edu.al\\\/alumni\\\/rrjeti-i-alumni\\\/takime-dhe-turne-te-alumnive\\\/#breadcrumb\",\"itemListElement\":[{\"@type\":\"ListItem\",\"position\":1,\"name\":\"Home\",\"item\":\"https:\\\/\\\/fimif.edu.al\\\/\"},{\"@type\":\"ListItem\",\"position\":2,\"name\":\"Alumni\",\"item\":\"https:\\\/\\\/fimif.edu.al\\\/alumni\\\/\"},{\"@type\":\"ListItem\",\"position\":3,\"name\":\"Rrjeti i Alumni\",\"item\":\"https:\\\/\\\/fimif.edu.al\\\/alumni\\\/rrjeti-i-alumni\\\/\"},{\"@type\":\"ListItem\",\"position\":4,\"name\":\"Takime dhe Turne t\u00eb Alumnive\"}]},{\"@type\":\"WebSite\",\"@id\":\"https:\\\/\\\/fimif.edu.al\\\/#website\",\"url\":\"https:\\\/\\\/fimif.edu.al\\\/\",\"name\":\"Fakulteti i Inxhinieris\u00eb Matematike dhe Inxhinieris\u00eb Fizike\",\"description\":\"FIMIF, UPT Tirane\",\"publisher\":{\"@id\":\"https:\\\/\\\/fimif.edu.al\\\/#organization\"},\"potentialAction\":[{\"@type\":\"SearchAction\",\"target\":{\"@type\":\"EntryPoint\",\"urlTemplate\":\"https:\\\/\\\/fimif.edu.al\\\/?s={search_term_string}\"},\"query-input\":{\"@type\":\"PropertyValueSpecification\",\"valueRequired\":true,\"valueName\":\"search_term_string\"}}],\"inLanguage\":\"en-GB\"},{\"@type\":\"Organization\",\"@id\":\"https:\\\/\\\/fimif.edu.al\\\/#organization\",\"name\":\"Fakulteti i Inxhinieris\u00eb Matematike dhe Inxhinieris\u00eb Fizike\",\"url\":\"https:\\\/\\\/fimif.edu.al\\\/\",\"logo\":{\"@type\":\"ImageObject\",\"inLanguage\":\"en-GB\",\"@id\":\"https:\\\/\\\/fimif.edu.al\\\/#\\\/schema\\\/logo\\\/image\\\/\",\"url\":\"https:\\\/\\\/fimif.edu.al\\\/wp-content\\\/uploads\\\/2024\\\/10\\\/Fimif-Logo.svg\",\"contentUrl\":\"https:\\\/\\\/fimif.edu.al\\\/wp-content\\\/uploads\\\/2024\\\/10\\\/Fimif-Logo.svg\",\"width\":653,\"height\":219,\"caption\":\"Fakulteti i Inxhinieris\u00eb Matematike dhe Inxhinieris\u00eb Fizike\"},\"image\":{\"@id\":\"https:\\\/\\\/fimif.edu.al\\\/#\\\/schema\\\/logo\\\/image\\\/\"},\"sameAs\":[\"https:\\\/\\\/www.facebook.com\\\/p\\\/Departamenti-i-Inxhinierise-Matematike-FIMIF-UPT-100077435994252\\\/\"]}]}<\/script>\n<!-- \/ Yoast SEO plugin. -->","yoast_head_json":{"title":"Takime dhe Turne t\u00eb Alumnive - Fakulteti i Inxhinieris\u00eb Matematike dhe Inxhinieris\u00eb Fizike","robots":{"index":"index","follow":"follow","max-snippet":"max-snippet:-1","max-image-preview":"max-image-preview:large","max-video-preview":"max-video-preview:-1"},"canonical":"https:\/\/fimif.edu.al\/en\/alumni\/rrjeti-i-alumni\/takime-dhe-turne-te-alumnive\/","og_locale":"en_GB","og_type":"article","og_title":"Takime dhe Turne t\u00eb Alumnive - Fakulteti i Inxhinieris\u00eb Matematike dhe Inxhinieris\u00eb Fizike","og_description":"Kthehu n\u00eb FIMIF &#8211; turne Alumni dhe takime t\u00eb diplomuarve Takime dhe Turne t\u00eb Alumnive Kthehuni n\u00eb sall\u00ebn tuaj t\u00eb vjet\u00ebr t\u00eb leksioneve dhe rikrijoni kujtimet e koh\u00ebs suaj si student n\u00eb FIMIF. Gjat\u00eb takimit t\u00eb diplomuarve, mund t\u00eb organizohen vizita me guid\u00eb n\u00eb ambientet e fakultetit, ku do t\u00eb keni mund\u00ebsin\u00eb t\u00eb shihni zhvillimet [&hellip;]","og_url":"https:\/\/fimif.edu.al\/en\/alumni\/rrjeti-i-alumni\/takime-dhe-turne-te-alumnive\/","og_site_name":"Fakulteti i Inxhinieris\u00eb Matematike dhe Inxhinieris\u00eb Fizike","article_publisher":"https:\/\/www.facebook.com\/p\/Departamenti-i-Inxhinierise-Matematike-FIMIF-UPT-100077435994252\/","article_modified_time":"2024-11-11T10:33:49+00:00","twitter_card":"summary_large_image","twitter_misc":{"Estimated reading time":"1 minute"},"schema":{"@context":"https:\/\/schema.org","@graph":[{"@type":"WebPage","@id":"https:\/\/fimif.edu.al\/alumni\/rrjeti-i-alumni\/takime-dhe-turne-te-alumnive\/","url":"https:\/\/fimif.edu.al\/alumni\/rrjeti-i-alumni\/takime-dhe-turne-te-alumnive\/","name":"Takime dhe Turne t\u00eb Alumnive - Fakulteti i Inxhinieris\u00eb Matematike dhe Inxhinieris\u00eb Fizike","isPartOf":{"@id":"https:\/\/fimif.edu.al\/#website"},"datePublished":"2024-11-08T14:32:18+00:00","dateModified":"2024-11-11T10:33:49+00:00","breadcrumb":{"@id":"https:\/\/fimif.edu.al\/alumni\/rrjeti-i-alumni\/takime-dhe-turne-te-alumnive\/#breadcrumb"},"inLanguage":"en-GB","potentialAction":[{"@type":"ReadAction","target":["https:\/\/fimif.edu.al\/alumni\/rrjeti-i-alumni\/takime-dhe-turne-te-alumnive\/"]}]},{"@type":"BreadcrumbList","@id":"https:\/\/fimif.edu.al\/alumni\/rrjeti-i-alumni\/takime-dhe-turne-te-alumnive\/#breadcrumb","itemListElement":[{"@type":"ListItem","position":1,"name":"Home","item":"https:\/\/fimif.edu.al\/"},{"@type":"ListItem","position":2,"name":"Alumni","item":"https:\/\/fimif.edu.al\/alumni\/"},{"@type":"ListItem","position":3,"name":"Rrjeti i Alumni","item":"https:\/\/fimif.edu.al\/alumni\/rrjeti-i-alumni\/"},{"@type":"ListItem","position":4,"name":"Takime dhe Turne t\u00eb Alumnive"}]},{"@type":"WebSite","@id":"https:\/\/fimif.edu.al\/#website","url":"https:\/\/fimif.edu.al\/","name":"Fakulteti i Inxhinieris\u00eb Matematike dhe Inxhinieris\u00eb Fizike","description":"FIMIF, UPT Tirane","publisher":{"@id":"https:\/\/fimif.edu.al\/#organization"},"potentialAction":[{"@type":"SearchAction","target":{"@type":"EntryPoint","urlTemplate":"https:\/\/fimif.edu.al\/?s={search_term_string}"},"query-input":{"@type":"PropertyValueSpecification","valueRequired":true,"valueName":"search_term_string"}}],"inLanguage":"en-GB"},{"@type":"Organization","@id":"https:\/\/fimif.edu.al\/#organization","name":"Fakulteti i Inxhinieris\u00eb Matematike dhe Inxhinieris\u00eb Fizike","url":"https:\/\/fimif.edu.al\/","logo":{"@type":"ImageObject","inLanguage":"en-GB","@id":"https:\/\/fimif.edu.al\/#\/schema\/logo\/image\/","url":"https:\/\/fimif.edu.al\/wp-content\/uploads\/2024\/10\/Fimif-Logo.svg","contentUrl":"https:\/\/fimif.edu.al\/wp-content\/uploads\/2024\/10\/Fimif-Logo.svg","width":653,"height":219,"caption":"Fakulteti i Inxhinieris\u00eb Matematike dhe Inxhinieris\u00eb Fizike"},"image":{"@id":"https:\/\/fimif.edu.al\/#\/schema\/logo\/image\/"},"sameAs":["https:\/\/www.facebook.com\/p\/Departamenti-i-Inxhinierise-Matematike-FIMIF-UPT-100077435994252\/"]}]}},"_links":{"self":[{"href":"https:\/\/fimif.edu.al\/en\/wp-json\/wp\/v2\/pages\/4195","targetHints":{"allow":["GET"]}}],"collection":[{"href":"https:\/\/fimif.edu.al\/en\/wp-json\/wp\/v2\/pages"}],"about":[{"href":"https:\/\/fimif.edu.al\/en\/wp-json\/wp\/v2\/types\/page"}],"author":[{"embeddable":true,"href":"https:\/\/fimif.edu.al\/en\/wp-json\/wp\/v2\/users\/1"}],"replies":[{"embeddable":true,"href":"https:\/\/fimif.edu.al\/en\/wp-json\/wp\/v2\/comments?post=4195"}],"version-history":[{"count":4,"href":"https:\/\/fimif.edu.al\/en\/wp-json\/wp\/v2\/pages\/4195\/revisions"}],"predecessor-version":[{"id":4251,"href":"https:\/\/fimif.edu.al\/en\/wp-json\/wp\/v2\/pages\/4195\/revisions\/4251"}],"up":[{"embeddable":true,"href":"https:\/\/fimif.edu.al\/en\/wp-json\/wp\/v2\/pages\/3864"}],"wp:attachment":[{"href":"https:\/\/fimif.edu.al\/en\/wp-json\/wp\/v2\/media?parent=4195"}],"curies":[{"name":"wp","href":"https:\/\/api.w.org\/{rel}","templated":true}]}}