{"id":4719,"date":"2024-11-21T11:23:46","date_gmt":"2024-11-21T10:23:46","guid":{"rendered":"https:\/\/fimif.farmaciferati.al\/?page_id=4719"},"modified":"2025-01-28T13:01:37","modified_gmt":"2025-01-28T12:01:37","slug":"projektet-departmenti-i-inxhinirise-kimike","status":"publish","type":"page","link":"https:\/\/fimif.edu.al\/en\/kerkimi-shkencor\/projektet\/projektet-departmenti-i-inxhinirise-kimike\/","title":{"rendered":"Projektet Departmenti i inxhinirise kimike"},"content":{"rendered":"<div data-elementor-type=\"wp-page\" data-elementor-id=\"4719\" class=\"elementor elementor-4719\" data-elementor-post-type=\"page\">\n\t\t\t\t<div class=\"elementor-element elementor-element-bd7265b e-flex e-con-boxed e-con e-parent\" data-id=\"bd7265b\" data-element_type=\"container\" data-e-type=\"container\">\n\t\t\t\t\t<div class=\"e-con-inner\">\n\t\t\t\t<div class=\"elementor-element elementor-element-eb832bd elementor-invisible elementor-widget elementor-widget-heading\" data-id=\"eb832bd\" data-element_type=\"widget\" data-e-type=\"widget\" data-settings=\"{&quot;_animation&quot;:&quot;fadeInLeft&quot;}\" data-widget_type=\"heading.default\">\n\t\t\t\t<div class=\"elementor-widget-container\">\n\t\t\t\t\t<h1 class=\"elementor-heading-title elementor-size-default\"><p>Projektet e Departamentit t\u00eb <span style=\"color: #FFAB1F\">Inxhiniris\u00eb Kimike<\/span><span style=\"color: #FFAB1F\"><\/span><\/p><\/h1>\t\t\t\t<\/div>\n\t\t\t\t<\/div>\n\t\t\t\t<div class=\"elementor-element elementor-element-69a64a7 elementor-widget__width-initial elementor-invisible elementor-widget elementor-widget-text-editor\" data-id=\"69a64a7\" data-element_type=\"widget\" data-e-type=\"widget\" data-settings=\"{&quot;_animation&quot;:&quot;fadeInRight&quot;,&quot;_animation_delay&quot;:100}\" data-widget_type=\"text-editor.default\">\n\t\t\t\t<div class=\"elementor-widget-container\">\n\t\t\t\t\t\t\t\t\t<p>Pjes\u00ebmarrja n\u00eb projekte nd\u00ebrkomb\u00ebtare ka mund\u00ebsuar forcimin e lidhjeve me universitete dhe institute k\u00ebrkimore t\u00eb huaja, duke kontribuar n\u00eb avancimin e k\u00ebrkimit shkencor dhe shk\u00ebmbimin e ekspertiz\u00ebs.<\/p>\t\t\t\t\t\t\t\t<\/div>\n\t\t\t\t<\/div>\n\t\t\t\t\t<\/div>\n\t\t\t\t<\/div>\n\t\t<div class=\"elementor-element elementor-element-29bf1f8 e-flex e-con-boxed e-con e-parent\" data-id=\"29bf1f8\" data-element_type=\"container\" data-e-type=\"container\">\n\t\t\t\t\t<div class=\"e-con-inner\">\n\t\t<div class=\"elementor-element elementor-element-7a234fa e-con-full misioniback e-flex elementor-invisible e-con e-child\" data-id=\"7a234fa\" data-element_type=\"container\" data-e-type=\"container\" data-settings=\"{&quot;background_background&quot;:&quot;classic&quot;,&quot;animation&quot;:&quot;fadeInUp&quot;,&quot;animation_delay&quot;:100}\">\n\t\t\t\t<div class=\"elementor-element elementor-element-5e4b481 elementor-widget elementor-widget-heading\" data-id=\"5e4b481\" data-element_type=\"widget\" data-e-type=\"widget\" data-widget_type=\"heading.default\">\n\t\t\t\t<div class=\"elementor-widget-container\">\n\t\t\t\t\t<h2 class=\"elementor-heading-title elementor-size-default\">Lista e Projekteve K\u00ebrkimore dhe Shkencore<\/h2>\t\t\t\t<\/div>\n\t\t\t\t<\/div>\n\t\t\t\t<div class=\"elementor-element elementor-element-06d69e4 elementor-widget-divider--view-line elementor-widget elementor-widget-divider\" data-id=\"06d69e4\" data-element_type=\"widget\" data-e-type=\"widget\" data-widget_type=\"divider.default\">\n\t\t\t\t<div class=\"elementor-widget-container\">\n\t\t\t\t\t\t\t<div class=\"elementor-divider\">\n\t\t\t<span class=\"elementor-divider-separator\">\n\t\t\t\t\t\t<\/span>\n\t\t<\/div>\n\t\t\t\t\t\t<\/div>\n\t\t\t\t<\/div>\n\t\t\t\t<div class=\"elementor-element elementor-element-61bb09d elementor-grid-1 elementor-posts--thumbnail-none elementor-grid-tablet-2 elementor-grid-mobile-1 load-more-align-center elementor-widget elementor-widget-posts\" data-id=\"61bb09d\" data-element_type=\"widget\" data-e-type=\"widget\" data-settings=\"{&quot;classic_columns&quot;:&quot;1&quot;,&quot;classic_row_gap&quot;:{&quot;unit&quot;:&quot;px&quot;,&quot;size&quot;:24,&quot;sizes&quot;:[]},&quot;pagination_type&quot;:&quot;load_more_on_click&quot;,&quot;classic_columns_tablet&quot;:&quot;2&quot;,&quot;classic_columns_mobile&quot;:&quot;1&quot;,&quot;classic_row_gap_laptop&quot;:{&quot;unit&quot;:&quot;px&quot;,&quot;size&quot;:&quot;&quot;,&quot;sizes&quot;:[]},&quot;classic_row_gap_tablet&quot;:{&quot;unit&quot;:&quot;px&quot;,&quot;size&quot;:&quot;&quot;,&quot;sizes&quot;:[]},&quot;classic_row_gap_mobile&quot;:{&quot;unit&quot;:&quot;px&quot;,&quot;size&quot;:&quot;&quot;,&quot;sizes&quot;:[]},&quot;load_more_spinner&quot;:{&quot;value&quot;:&quot;fas fa-spinner&quot;,&quot;library&quot;:&quot;fa-solid&quot;}}\" data-widget_type=\"posts.classic\">\n\t\t\t\t<div class=\"elementor-widget-container\">\n\t\t\t\t\t\t\t<div class=\"elementor-posts-container elementor-posts elementor-posts--skin-classic elementor-grid\" role=\"list\">\n\t\t\t\t<article class=\"elementor-post elementor-grid-item post-7048 post type-post status-publish format-standard hentry category-projekte-dik\" role=\"listitem\">\n\t\t\t\t<div class=\"elementor-post__text\">\n\t\t\t\t<p class=\"elementor-post__title\">\n\t\t\t<a href=\"https:\/\/fimif.edu.al\/en\/projekti-read\/\" >\n\t\t\t\tVler\u00ebsimi i ndikimit t\u00eb djegies s\u00eb mbeturinave, n\u00eb\u00a0vende t\u00eb hapura, n\u00eb ndotjen e ajrit n\u00eb Shqip\u00ebri\t\t\t<\/a>\n\t\t<\/p>\n\t\t\t\t<div class=\"elementor-post__excerpt\">\n\t\t\t<p>Projekti: &#8220;Vler\u00ebsimi i ndikimit t\u00eb djegies s\u00eb mbeturinave, n\u00eb\u00a0vende t\u00eb hapura, n\u00eb ndotjen e ajrit n\u00eb Shqip\u00ebri&#8221; (Shtator 2024 &#8211; Mars 2025), i financuar nga AADF (Albanian-American Development Foundation). Ky<\/p>\n\t\t<\/div>\n\t\t\n\t\t<a class=\"elementor-post__read-more\" href=\"https:\/\/fimif.edu.al\/en\/projekti-read\/\" aria-label=\"Read more about Vler\u00ebsimi i ndikimit t\u00eb djegies s\u00eb mbeturinave, n\u00eb\u00a0vende t\u00eb hapura, n\u00eb ndotjen e ajrit n\u00eb Shqip\u00ebri\" tabindex=\"-1\" >\n\t\t\tLexo m\u00eb shum\u00eb \u00bb\t\t<\/a>\n\n\t\t\t\t<\/div>\n\t\t\t\t<\/article>\n\t\t\t\t<article class=\"elementor-post elementor-grid-item post-5201 post type-post status-publish format-standard has-post-thumbnail hentry category-projekte-dik\" role=\"listitem\">\n\t\t\t\t<div class=\"elementor-post__text\">\n\t\t\t\t<p class=\"elementor-post__title\">\n\t\t\t<a href=\"https:\/\/fimif.edu.al\/en\/fuqizimi-i-infrastruktures-se-kerkimit-shkencor-ne-departamentin-e-kimise-sot-departamenti-i-inxhinierise-kimike-fimif-upt-si-nje-domosdoshmeri-per-arritjen-e-standardeve-ne-mesimdhenie-e-kerkim-s\/\" >\n\t\t\t\tFuqizimi i infrastruktur\u00ebs s\u00eb k\u00ebrkimit shkencor n\u00eb Departamentin e Kimis\u00eb, (sot Departamenti i Inxhinieris\u00eb Kimike) FIMIF-UPT, si nj\u00eb domosdoshm\u00ebri p\u00ebr arritjen e standardeve n\u00eb m\u00ebsimdh\u00ebnie e k\u00ebrkim shkencor\t\t\t<\/a>\n\t\t<\/p>\n\t\t\t\t<div class=\"elementor-post__excerpt\">\n\t\t\t<p>Projekti: \u201cFuqizimi i infrastruktur\u00ebs s\u00eb k\u00ebrkimit shkencor n\u00eb Departamentin e Kimis\u00eb, (sot Departamenti i Inxhinieris\u00eb Kimike)FIMIF-UPT, si nj\u00eb domosdoshm\u00ebri p\u00ebr arritjen e standardeve n\u00eb m\u00ebsimdh\u00ebnie e k\u00ebrkim shkencor (Financuar nga<\/p>\n\t\t<\/div>\n\t\t\n\t\t<a class=\"elementor-post__read-more\" href=\"https:\/\/fimif.edu.al\/en\/fuqizimi-i-infrastruktures-se-kerkimit-shkencor-ne-departamentin-e-kimise-sot-departamenti-i-inxhinierise-kimike-fimif-upt-si-nje-domosdoshmeri-per-arritjen-e-standardeve-ne-mesimdhenie-e-kerkim-s\/\" aria-label=\"Read more about Fuqizimi i infrastruktur\u00ebs s\u00eb k\u00ebrkimit shkencor n\u00eb Departamentin e Kimis\u00eb, (sot Departamenti i Inxhinieris\u00eb Kimike) FIMIF-UPT, si nj\u00eb domosdoshm\u00ebri p\u00ebr arritjen e standardeve n\u00eb m\u00ebsimdh\u00ebnie e k\u00ebrkim shkencor\" tabindex=\"-1\" >\n\t\t\tLexo m\u00eb shum\u00eb \u00bb\t\t<\/a>\n\n\t\t\t\t<\/div>\n\t\t\t\t<\/article>\n\t\t\t\t<article class=\"elementor-post elementor-grid-item post-7032 post type-post status-publish format-standard hentry category-projekte-dik\" role=\"listitem\">\n\t\t\t\t<div class=\"elementor-post__text\">\n\t\t\t\t<p class=\"elementor-post__title\">\n\t\t\t<a href=\"https:\/\/fimif.edu.al\/en\/sintetizimi-dhe-karakterizimi-i-nanomaterialeve-te-reja-me-qellim-perdorimin-e-tyre-ne-restaurimin-dhe-mirembajtjen-e-fasadave-te-objekteve-te-klasifikuara-si-monumente-kulturore\/\" >\n\t\t\t\tSintetizimi dhe karakterizimi i nanomaterialeve t\u00eb reja me q\u00ebllim p\u00ebrdorimin e tyre n\u00eb restaurimin dhe mir\u00ebmbajtjen e fasadave t\u00eb objekteve t\u00eb klasifikuara si monumente kulturore\t\t\t<\/a>\n\t\t<\/p>\n\t\t\t\t<div class=\"elementor-post__excerpt\">\n\t\t\t<p>Sintetizimi dhe karakterizimi i nanomaterialeve t\u00eb reja me q\u00ebllim p\u00ebrdorimin e tyre n\u00eb restaurimin dhe mir\u00ebmbajtjen e fasadave t\u00eb objekteve t\u00eb klasifikuara si monumente kulturore\u201d\u00a0(2018-2020). Projekti \u00ebsht\u00eb realizuar n\u00eb bashk\u00ebpunim<\/p>\n\t\t<\/div>\n\t\t\n\t\t<a class=\"elementor-post__read-more\" href=\"https:\/\/fimif.edu.al\/en\/sintetizimi-dhe-karakterizimi-i-nanomaterialeve-te-reja-me-qellim-perdorimin-e-tyre-ne-restaurimin-dhe-mirembajtjen-e-fasadave-te-objekteve-te-klasifikuara-si-monumente-kulturore\/\" aria-label=\"Read more about Sintetizimi dhe karakterizimi i nanomaterialeve t\u00eb reja me q\u00ebllim p\u00ebrdorimin e tyre n\u00eb restaurimin dhe mir\u00ebmbajtjen e fasadave t\u00eb objekteve t\u00eb klasifikuara si monumente kulturore\" tabindex=\"-1\" >\n\t\t\tLexo m\u00eb shum\u00eb \u00bb\t\t<\/a>\n\n\t\t\t\t<\/div>\n\t\t\t\t<\/article>\n\t\t\t\t<article class=\"elementor-post elementor-grid-item post-7028 post type-post status-publish format-standard hentry category-projekte-dik\" role=\"listitem\">\n\t\t\t\t<div class=\"elementor-post__text\">\n\t\t\t\t<p class=\"elementor-post__title\">\n\t\t\t<a href=\"https:\/\/fimif.edu.al\/en\/openlab-albania-shkolla-e-pare-e-kristalografise\/\" >\n\t\t\t\tOpenLab ALBANIA, shkolla e par\u00eb e kristalografis\u00eb\t\t\t<\/a>\n\t\t<\/p>\n\t\t\t\t<div class=\"elementor-post__excerpt\">\n\t\t\t<p>OpenLab ALBANIA, shkolla e par\u00eb e kristalografis\u00eb,\u00a0aktivitet q\u00eb u zhvillua n\u00eb datat 30 Maj \u2013 3 Qershor 2016, n\u00eb bashk\u00ebpunim me Institutin e Kristalografis\u00eb s\u00eb Qendr\u00ebs s\u00eb K\u00ebrkimit Komb\u00ebtar n\u00eb<\/p>\n\t\t<\/div>\n\t\t\n\t\t<a class=\"elementor-post__read-more\" href=\"https:\/\/fimif.edu.al\/en\/openlab-albania-shkolla-e-pare-e-kristalografise\/\" aria-label=\"Read more about OpenLab ALBANIA, shkolla e par\u00eb e kristalografis\u00eb\" tabindex=\"-1\" >\n\t\t\tLexo m\u00eb shum\u00eb \u00bb\t\t<\/a>\n\n\t\t\t\t<\/div>\n\t\t\t\t<\/article>\n\t\t\t\t<article class=\"elementor-post elementor-grid-item post-5195 post type-post status-publish format-standard has-post-thumbnail hentry category-projekte-dik\" role=\"listitem\">\n\t\t\t\t<div class=\"elementor-post__text\">\n\t\t\t\t<p class=\"elementor-post__title\">\n\t\t\t<a href=\"https:\/\/fimif.edu.al\/en\/nje-studim-perqases-i-sistemit-te-monitorimit-te-ujrave-ne-shqiperi-vleresimi-i-gjendjes-dhe-identifikimi-i-nevojave-ne-kendveshtrimin-e-direktivave-te-be\/\" >\n\t\t\t\tNj\u00eb studim p\u00ebrqas\u00ebs i sistemit t\u00eb monitorimit t\u00eb ujrave n\u00eb Shqip\u00ebri. Vler\u00ebsimi i gjendjes dhe identifikimi i nevojave n\u00eb k\u00ebndv\u00ebshtrimin e Direktivave t\u00eb BE\t\t\t<\/a>\n\t\t<\/p>\n\t\t\t\t<div class=\"elementor-post__excerpt\">\n\t\t\t<p>Projekti \u201cNj\u00eb studim p\u00ebrqas\u00ebs i sistemit t\u00eb monitorimit t\u00eb ujrave n\u00eb Shqip\u00ebri. Vler\u00ebsimi i gjendjes\u00a0dhe identifikimi i nevojave n\u00eb k\u00ebndv\u00ebshtrimin e Direktivave t\u00eb BE\u201d (Janar 2015-Dhjetor 2016)-Financuar nga AKTI n\u00eb<\/p>\n\t\t<\/div>\n\t\t\n\t\t<a class=\"elementor-post__read-more\" href=\"https:\/\/fimif.edu.al\/en\/nje-studim-perqases-i-sistemit-te-monitorimit-te-ujrave-ne-shqiperi-vleresimi-i-gjendjes-dhe-identifikimi-i-nevojave-ne-kendveshtrimin-e-direktivave-te-be\/\" aria-label=\"Read more about Nj\u00eb studim p\u00ebrqas\u00ebs i sistemit t\u00eb monitorimit t\u00eb ujrave n\u00eb Shqip\u00ebri. Vler\u00ebsimi i gjendjes dhe identifikimi i nevojave n\u00eb k\u00ebndv\u00ebshtrimin e Direktivave t\u00eb BE\" tabindex=\"-1\" >\n\t\t\tLexo m\u00eb shum\u00eb \u00bb\t\t<\/a>\n\n\t\t\t\t<\/div>\n\t\t\t\t<\/article>\n\t\t\t\t<article class=\"elementor-post elementor-grid-item post-5185 post type-post status-publish format-standard has-post-thumbnail hentry category-projekte-dik\" role=\"listitem\">\n\t\t\t\t<div class=\"elementor-post__text\">\n\t\t\t\t<p class=\"elementor-post__title\">\n\t\t\t<a href=\"https:\/\/fimif.edu.al\/en\/vleresimi-i-impaktit-te-veprimtarive-ekonomike-ne-cilesine-e-ujrave-te-lumit-erzen\/\" >\n\t\t\t\tVler\u00ebsimi i impaktit t\u00eb veprimtarive ekonomike n\u00eb cil\u00ebsin\u00eb e ujrave t\u00eb lumit Erzen\t\t\t<\/a>\n\t\t<\/p>\n\t\t\t\t<div class=\"elementor-post__excerpt\">\n\t\t\t<p>Projekti: \u201cVler\u00ebsimi i impaktit t\u00eb veprimtarive ekonomike n\u00eb cil\u00ebsin\u00eb e ujrave t\u00eb lumit Erzen\u201d (Shtator 2013-Maj 2014)-Finacuar nga CEI\/KEP Austria Development Coordination, dhe realizuar n\u00eb bashk\u00ebpunim me Departamentin e Ujit,<\/p>\n\t\t<\/div>\n\t\t\n\t\t<a class=\"elementor-post__read-more\" href=\"https:\/\/fimif.edu.al\/en\/vleresimi-i-impaktit-te-veprimtarive-ekonomike-ne-cilesine-e-ujrave-te-lumit-erzen\/\" aria-label=\"Read more about Vler\u00ebsimi i impaktit t\u00eb veprimtarive ekonomike n\u00eb cil\u00ebsin\u00eb e ujrave t\u00eb lumit Erzen\" tabindex=\"-1\" >\n\t\t\tLexo m\u00eb shum\u00eb \u00bb\t\t<\/a>\n\n\t\t\t\t<\/div>\n\t\t\t\t<\/article>\n\t\t\t\t<\/div>\n\t\t\t\t\t<span class=\"e-load-more-spinner\">\n\t\t\t\t<svg aria-hidden=\"true\" class=\"e-font-icon-svg e-fas-spinner\" viewbox=\"0 0 512 512\" xmlns=\"http:\/\/www.w3.org\/2000\/svg\"><path d=\"M304 48c0 26.51-21.49 48-48 48s-48-21.49-48-48 21.49-48 48-48 48 21.49 48 48zm-48 368c-26.51 0-48 21.49-48 48s21.49 48 48 48 48-21.49 48-48-21.49-48-48-48zm208-208c-26.51 0-48 21.49-48 48s21.49 48 48 48 48-21.49 48-48-21.49-48-48-48zM96 256c0-26.51-21.49-48-48-48S0 229.49 0 256s21.49 48 48 48 48-21.49 48-48zm12.922 99.078c-26.51 0-48 21.49-48 48s21.49 48 48 48 48-21.49 48-48c0-26.509-21.491-48-48-48zm294.156 0c-26.51 0-48 21.49-48 48s21.49 48 48 48 48-21.49 48-48c0-26.509-21.49-48-48-48zM108.922 60.922c-26.51 0-48 21.49-48 48s21.49 48 48 48 48-21.49 48-48-21.491-48-48-48z\"><\/path><\/svg>\t\t\t<\/span>\n\t\t\n\t\t\t\t<div class=\"e-load-more-anchor\" data-page=\"1\" data-max-page=\"2\" data-next-page=\"https:\/\/fimif.edu.al\/en\/wp-json\/wp\/v2\/pages\/4719\/page\/2\/\"><\/div>\n\t\t\t\t<div class=\"elementor-button-wrapper\">\n\t\t\t<a class=\"elementor-button elementor-size-sm\" role=\"button\">\n\t\t\t\t\t\t<span class=\"elementor-button-content-wrapper\">\n\t\t\t\t\t\t\t\t\t<span class=\"elementor-button-text\">M\u00eb shum\u00eb<\/span>\n\t\t\t\t\t<\/span>\n\t\t\t\t\t<\/a>\n\t\t<\/div>\n\t\t\t\t<div class=\"e-load-more-message\"><\/div>\n\t\t\t\t\t\t<\/div>\n\t\t\t\t<\/div>\n\t\t\t\t<\/div>\n\t\t\t\t\t<\/div>\n\t\t\t\t<\/div>\n\t\t\t\t<\/div>","protected":false},"excerpt":{"rendered":"<p>Projektet e Departamentit t\u00eb Inxhiniris\u00eb Kimike Pjes\u00ebmarrja n\u00eb projekte nd\u00ebrkomb\u00ebtare ka mund\u00ebsuar forcimin e lidhjeve me universitete dhe institute k\u00ebrkimore t\u00eb huaja, duke kontribuar n\u00eb avancimin e k\u00ebrkimit shkencor dhe shk\u00ebmbimin e ekspertiz\u00ebs. Lista e Projekteve K\u00ebrkimore dhe Shkencore<\/p>","protected":false},"author":1,"featured_media":0,"parent":180,"menu_order":0,"comment_status":"closed","ping_status":"closed","template":"","meta":{"footnotes":""},"class_list":["post-4719","page","type-page","status-publish","hentry"],"yoast_head":"<!-- This site is optimized with the Yoast SEO plugin v27.4 - https:\/\/yoast.com\/product\/yoast-seo-wordpress\/ -->\n<title>Projektet Departmenti i inxhinirise kimike - Fakulteti i Inxhinieris\u00eb Matematike dhe Inxhinieris\u00eb Fizike<\/title>\n<meta name=\"robots\" content=\"index, follow, max-snippet:-1, max-image-preview:large, max-video-preview:-1\" \/>\n<link rel=\"canonical\" href=\"https:\/\/fimif.edu.al\/en\/kerkimi-shkencor\/projektet\/projektet-departmenti-i-inxhinirise-kimike\/\" \/>\n<meta property=\"og:locale\" content=\"en_GB\" \/>\n<meta property=\"og:type\" content=\"article\" \/>\n<meta property=\"og:title\" content=\"Projektet Departmenti i inxhinirise kimike - Fakulteti i Inxhinieris\u00eb Matematike dhe Inxhinieris\u00eb Fizike\" \/>\n<meta property=\"og:description\" content=\"Projektet e Departamentit t\u00eb Inxhiniris\u00eb Kimike Pjes\u00ebmarrja n\u00eb projekte nd\u00ebrkomb\u00ebtare ka mund\u00ebsuar forcimin e lidhjeve me universitete dhe institute k\u00ebrkimore t\u00eb huaja, duke kontribuar n\u00eb avancimin e k\u00ebrkimit shkencor dhe shk\u00ebmbimin e ekspertiz\u00ebs. Lista e Projekteve K\u00ebrkimore dhe Shkencore\" \/>\n<meta property=\"og:url\" content=\"https:\/\/fimif.edu.al\/en\/kerkimi-shkencor\/projektet\/projektet-departmenti-i-inxhinirise-kimike\/\" \/>\n<meta property=\"og:site_name\" content=\"Fakulteti i Inxhinieris\u00eb Matematike dhe Inxhinieris\u00eb Fizike\" \/>\n<meta property=\"article:publisher\" content=\"https:\/\/www.facebook.com\/p\/Departamenti-i-Inxhinierise-Matematike-FIMIF-UPT-100077435994252\/\" \/>\n<meta property=\"article:modified_time\" content=\"2025-01-28T12:01:37+00:00\" \/>\n<meta name=\"twitter:card\" content=\"summary_large_image\" \/>\n<meta name=\"twitter:label1\" content=\"Estimated reading time\" \/>\n\t<meta name=\"twitter:data1\" content=\"3 minutes\" \/>\n<script type=\"application\/ld+json\" class=\"yoast-schema-graph\">{\"@context\":\"https:\\\/\\\/schema.org\",\"@graph\":[{\"@type\":\"WebPage\",\"@id\":\"https:\\\/\\\/fimif.edu.al\\\/kerkimi-shkencor\\\/projektet\\\/projektet-departmenti-i-inxhinirise-kimike\\\/\",\"url\":\"https:\\\/\\\/fimif.edu.al\\\/kerkimi-shkencor\\\/projektet\\\/projektet-departmenti-i-inxhinirise-kimike\\\/\",\"name\":\"Projektet Departmenti i inxhinirise kimike - Fakulteti i Inxhinieris\u00eb Matematike dhe Inxhinieris\u00eb Fizike\",\"isPartOf\":{\"@id\":\"https:\\\/\\\/fimif.edu.al\\\/#website\"},\"datePublished\":\"2024-11-21T10:23:46+00:00\",\"dateModified\":\"2025-01-28T12:01:37+00:00\",\"breadcrumb\":{\"@id\":\"https:\\\/\\\/fimif.edu.al\\\/kerkimi-shkencor\\\/projektet\\\/projektet-departmenti-i-inxhinirise-kimike\\\/#breadcrumb\"},\"inLanguage\":\"en-GB\",\"potentialAction\":[{\"@type\":\"ReadAction\",\"target\":[\"https:\\\/\\\/fimif.edu.al\\\/kerkimi-shkencor\\\/projektet\\\/projektet-departmenti-i-inxhinirise-kimike\\\/\"]}]},{\"@type\":\"BreadcrumbList\",\"@id\":\"https:\\\/\\\/fimif.edu.al\\\/kerkimi-shkencor\\\/projektet\\\/projektet-departmenti-i-inxhinirise-kimike\\\/#breadcrumb\",\"itemListElement\":[{\"@type\":\"ListItem\",\"position\":1,\"name\":\"Home\",\"item\":\"https:\\\/\\\/fimif.edu.al\\\/\"},{\"@type\":\"ListItem\",\"position\":2,\"name\":\"Kerkimi Shkencor\",\"item\":\"https:\\\/\\\/fimif.edu.al\\\/?page_id=294\"},{\"@type\":\"ListItem\",\"position\":3,\"name\":\"Projektet\",\"item\":\"https:\\\/\\\/fimif.edu.al\\\/kerkimi-shkencor\\\/projektet\\\/\"},{\"@type\":\"ListItem\",\"position\":4,\"name\":\"Projektet Departmenti i inxhinirise kimike\"}]},{\"@type\":\"WebSite\",\"@id\":\"https:\\\/\\\/fimif.edu.al\\\/#website\",\"url\":\"https:\\\/\\\/fimif.edu.al\\\/\",\"name\":\"Fakulteti i Inxhinieris\u00eb Matematike dhe Inxhinieris\u00eb Fizike\",\"description\":\"FIMIF, UPT Tirane\",\"publisher\":{\"@id\":\"https:\\\/\\\/fimif.edu.al\\\/#organization\"},\"potentialAction\":[{\"@type\":\"SearchAction\",\"target\":{\"@type\":\"EntryPoint\",\"urlTemplate\":\"https:\\\/\\\/fimif.edu.al\\\/?s={search_term_string}\"},\"query-input\":{\"@type\":\"PropertyValueSpecification\",\"valueRequired\":true,\"valueName\":\"search_term_string\"}}],\"inLanguage\":\"en-GB\"},{\"@type\":\"Organization\",\"@id\":\"https:\\\/\\\/fimif.edu.al\\\/#organization\",\"name\":\"Fakulteti i Inxhinieris\u00eb Matematike dhe Inxhinieris\u00eb Fizike\",\"url\":\"https:\\\/\\\/fimif.edu.al\\\/\",\"logo\":{\"@type\":\"ImageObject\",\"inLanguage\":\"en-GB\",\"@id\":\"https:\\\/\\\/fimif.edu.al\\\/#\\\/schema\\\/logo\\\/image\\\/\",\"url\":\"https:\\\/\\\/fimif.edu.al\\\/wp-content\\\/uploads\\\/2024\\\/10\\\/Fimif-Logo.svg\",\"contentUrl\":\"https:\\\/\\\/fimif.edu.al\\\/wp-content\\\/uploads\\\/2024\\\/10\\\/Fimif-Logo.svg\",\"width\":653,\"height\":219,\"caption\":\"Fakulteti i Inxhinieris\u00eb Matematike dhe Inxhinieris\u00eb Fizike\"},\"image\":{\"@id\":\"https:\\\/\\\/fimif.edu.al\\\/#\\\/schema\\\/logo\\\/image\\\/\"},\"sameAs\":[\"https:\\\/\\\/www.facebook.com\\\/p\\\/Departamenti-i-Inxhinierise-Matematike-FIMIF-UPT-100077435994252\\\/\"]}]}<\/script>\n<!-- \/ Yoast SEO plugin. -->","yoast_head_json":{"title":"Projektet Departmenti i inxhinirise kimike - Fakulteti i Inxhinieris\u00eb Matematike dhe Inxhinieris\u00eb Fizike","robots":{"index":"index","follow":"follow","max-snippet":"max-snippet:-1","max-image-preview":"max-image-preview:large","max-video-preview":"max-video-preview:-1"},"canonical":"https:\/\/fimif.edu.al\/en\/kerkimi-shkencor\/projektet\/projektet-departmenti-i-inxhinirise-kimike\/","og_locale":"en_GB","og_type":"article","og_title":"Projektet Departmenti i inxhinirise kimike - Fakulteti i Inxhinieris\u00eb Matematike dhe Inxhinieris\u00eb Fizike","og_description":"Projektet e Departamentit t\u00eb Inxhiniris\u00eb Kimike Pjes\u00ebmarrja n\u00eb projekte nd\u00ebrkomb\u00ebtare ka mund\u00ebsuar forcimin e lidhjeve me universitete dhe institute k\u00ebrkimore t\u00eb huaja, duke kontribuar n\u00eb avancimin e k\u00ebrkimit shkencor dhe shk\u00ebmbimin e ekspertiz\u00ebs. Lista e Projekteve K\u00ebrkimore dhe Shkencore","og_url":"https:\/\/fimif.edu.al\/en\/kerkimi-shkencor\/projektet\/projektet-departmenti-i-inxhinirise-kimike\/","og_site_name":"Fakulteti i Inxhinieris\u00eb Matematike dhe Inxhinieris\u00eb Fizike","article_publisher":"https:\/\/www.facebook.com\/p\/Departamenti-i-Inxhinierise-Matematike-FIMIF-UPT-100077435994252\/","article_modified_time":"2025-01-28T12:01:37+00:00","twitter_card":"summary_large_image","twitter_misc":{"Estimated reading time":"3 minutes"},"schema":{"@context":"https:\/\/schema.org","@graph":[{"@type":"WebPage","@id":"https:\/\/fimif.edu.al\/kerkimi-shkencor\/projektet\/projektet-departmenti-i-inxhinirise-kimike\/","url":"https:\/\/fimif.edu.al\/kerkimi-shkencor\/projektet\/projektet-departmenti-i-inxhinirise-kimike\/","name":"Projektet Departmenti i inxhinirise kimike - Fakulteti i Inxhinieris\u00eb Matematike dhe Inxhinieris\u00eb Fizike","isPartOf":{"@id":"https:\/\/fimif.edu.al\/#website"},"datePublished":"2024-11-21T10:23:46+00:00","dateModified":"2025-01-28T12:01:37+00:00","breadcrumb":{"@id":"https:\/\/fimif.edu.al\/kerkimi-shkencor\/projektet\/projektet-departmenti-i-inxhinirise-kimike\/#breadcrumb"},"inLanguage":"en-GB","potentialAction":[{"@type":"ReadAction","target":["https:\/\/fimif.edu.al\/kerkimi-shkencor\/projektet\/projektet-departmenti-i-inxhinirise-kimike\/"]}]},{"@type":"BreadcrumbList","@id":"https:\/\/fimif.edu.al\/kerkimi-shkencor\/projektet\/projektet-departmenti-i-inxhinirise-kimike\/#breadcrumb","itemListElement":[{"@type":"ListItem","position":1,"name":"Home","item":"https:\/\/fimif.edu.al\/"},{"@type":"ListItem","position":2,"name":"Kerkimi Shkencor","item":"https:\/\/fimif.edu.al\/?page_id=294"},{"@type":"ListItem","position":3,"name":"Projektet","item":"https:\/\/fimif.edu.al\/kerkimi-shkencor\/projektet\/"},{"@type":"ListItem","position":4,"name":"Projektet Departmenti i inxhinirise kimike"}]},{"@type":"WebSite","@id":"https:\/\/fimif.edu.al\/#website","url":"https:\/\/fimif.edu.al\/","name":"Fakulteti i Inxhinieris\u00eb Matematike dhe Inxhinieris\u00eb Fizike","description":"FIMIF, UPT Tirane","publisher":{"@id":"https:\/\/fimif.edu.al\/#organization"},"potentialAction":[{"@type":"SearchAction","target":{"@type":"EntryPoint","urlTemplate":"https:\/\/fimif.edu.al\/?s={search_term_string}"},"query-input":{"@type":"PropertyValueSpecification","valueRequired":true,"valueName":"search_term_string"}}],"inLanguage":"en-GB"},{"@type":"Organization","@id":"https:\/\/fimif.edu.al\/#organization","name":"Fakulteti i Inxhinieris\u00eb Matematike dhe Inxhinieris\u00eb Fizike","url":"https:\/\/fimif.edu.al\/","logo":{"@type":"ImageObject","inLanguage":"en-GB","@id":"https:\/\/fimif.edu.al\/#\/schema\/logo\/image\/","url":"https:\/\/fimif.edu.al\/wp-content\/uploads\/2024\/10\/Fimif-Logo.svg","contentUrl":"https:\/\/fimif.edu.al\/wp-content\/uploads\/2024\/10\/Fimif-Logo.svg","width":653,"height":219,"caption":"Fakulteti i Inxhinieris\u00eb Matematike dhe Inxhinieris\u00eb Fizike"},"image":{"@id":"https:\/\/fimif.edu.al\/#\/schema\/logo\/image\/"},"sameAs":["https:\/\/www.facebook.com\/p\/Departamenti-i-Inxhinierise-Matematike-FIMIF-UPT-100077435994252\/"]}]}},"_links":{"self":[{"href":"https:\/\/fimif.edu.al\/en\/wp-json\/wp\/v2\/pages\/4719","targetHints":{"allow":["GET"]}}],"collection":[{"href":"https:\/\/fimif.edu.al\/en\/wp-json\/wp\/v2\/pages"}],"about":[{"href":"https:\/\/fimif.edu.al\/en\/wp-json\/wp\/v2\/types\/page"}],"author":[{"embeddable":true,"href":"https:\/\/fimif.edu.al\/en\/wp-json\/wp\/v2\/users\/1"}],"replies":[{"embeddable":true,"href":"https:\/\/fimif.edu.al\/en\/wp-json\/wp\/v2\/comments?post=4719"}],"version-history":[{"count":25,"href":"https:\/\/fimif.edu.al\/en\/wp-json\/wp\/v2\/pages\/4719\/revisions"}],"predecessor-version":[{"id":7047,"href":"https:\/\/fimif.edu.al\/en\/wp-json\/wp\/v2\/pages\/4719\/revisions\/7047"}],"up":[{"embeddable":true,"href":"https:\/\/fimif.edu.al\/en\/wp-json\/wp\/v2\/pages\/180"}],"wp:attachment":[{"href":"https:\/\/fimif.edu.al\/en\/wp-json\/wp\/v2\/media?parent=4719"}],"curies":[{"name":"wp","href":"https:\/\/api.w.org\/{rel}","templated":true}]}}