{"id":5011,"date":"2024-12-18T11:21:11","date_gmt":"2024-12-18T10:21:11","guid":{"rendered":"https:\/\/fimif.farmaciferati.al\/?page_id=5011"},"modified":"2025-01-13T14:57:08","modified_gmt":"2025-01-13T13:57:08","slug":"cv-edlira-baraj","status":"publish","type":"page","link":"https:\/\/fimif.edu.al\/en\/departamentet\/departamenti-i-inxhinierise-kimike\/grupi-mesimor-kerkimor-kimi\/cv-edlira-baraj\/","title":{"rendered":"CV Edlira BARAJ"},"content":{"rendered":"<div data-elementor-type=\"wp-page\" data-elementor-id=\"5011\" class=\"elementor elementor-5011\" data-elementor-post-type=\"page\">\n\t\t\t\t<div class=\"elementor-element elementor-element-1087fc3 e-con-full e-flex e-con e-parent\" data-id=\"1087fc3\" data-element_type=\"container\">\n\t\t\t\t<div class=\"elementor-element elementor-element-d65b559 elementor-widget elementor-widget-template\" data-id=\"d65b559\" data-element_type=\"widget\" data-widget_type=\"template.default\">\n\t\t\t\t<div class=\"elementor-widget-container\">\n\t\t\t\t\t<div class=\"elementor-template\">\n\t\t\t\t\t<div data-elementor-type=\"container\" data-elementor-id=\"3550\" class=\"elementor elementor-3550\" data-elementor-post-type=\"elementor_library\">\n\t\t\t\t<div class=\"elementor-element elementor-element-9293d27 e-flex e-con-boxed e-con e-parent\" data-id=\"9293d27\" data-element_type=\"container\" data-settings=\"{&quot;background_background&quot;:&quot;classic&quot;}\">\n\t\t\t\t\t<div class=\"e-con-inner\">\n\t\t\t\t\t<\/div>\n\t\t\t\t<\/div>\n\t\t\t\t<\/div>\n\t\t\t\t<\/div>\n\t\t\t\t<\/div>\n\t\t\t\t<\/div>\n\t\t\t\t<\/div>\n\t\t<div class=\"elementor-element elementor-element-3f13a8e e-flex e-con-boxed e-con e-parent\" data-id=\"3f13a8e\" data-element_type=\"container\">\n\t\t\t\t\t<div class=\"e-con-inner\">\n\t\t<div class=\"elementor-element elementor-element-cf78097 e-con-full e-flex e-con e-child\" data-id=\"cf78097\" data-element_type=\"container\" data-settings=\"{&quot;background_background&quot;:&quot;classic&quot;}\">\n\t\t\t\t<div class=\"elementor-element elementor-element-9e84369 elementor-widget elementor-widget-image\" data-id=\"9e84369\" data-element_type=\"widget\" data-widget_type=\"image.default\">\n\t\t\t\t<div class=\"elementor-widget-container\">\n\t\t\t\t\t\t\t\t\t\t\t\t\t<img fetchpriority=\"high\" decoding=\"async\" width=\"256\" height=\"275\" src=\"https:\/\/fimif.edu.al\/wp-content\/uploads\/2024\/12\/Edlira-BARAJ.png\" class=\"attachment-full size-full wp-image-5013\" alt=\"\" srcset=\"https:\/\/fimif.edu.al\/wp-content\/uploads\/2024\/12\/Edlira-BARAJ.png 256w, https:\/\/fimif.edu.al\/wp-content\/uploads\/2024\/12\/Edlira-BARAJ-11x12.png 11w\" sizes=\"(max-width: 256px) 100vw, 256px\" \/>\t\t\t\t\t\t\t\t\t\t\t\t\t<\/div>\n\t\t\t\t<\/div>\n\t\t\t\t<div class=\"elementor-element elementor-element-e93abdb elementor-widget-divider--view-line_text elementor-widget-divider--element-align-center elementor-widget elementor-widget-divider\" data-id=\"e93abdb\" data-element_type=\"widget\" data-widget_type=\"divider.default\">\n\t\t\t\t<div class=\"elementor-widget-container\">\n\t\t\t\t\t<div class=\"elementor-divider\">\n\t\t\t<span class=\"elementor-divider-separator\">\n\t\t\t\t\t\t\t<h2 class=\"elementor-divider__text elementor-divider__element\">\n\t\t\t\tEdukimi\t\t\t\t<\/h2>\n\t\t\t\t\t\t<\/span>\n\t\t<\/div>\n\t\t\t\t<\/div>\n\t\t\t\t<\/div>\n\t\t\t\t<div class=\"elementor-element elementor-element-bf80871 elementor-widget elementor-widget-text-editor\" data-id=\"bf80871\" data-element_type=\"widget\" data-widget_type=\"text-editor.default\">\n\t\t\t\t<div class=\"elementor-widget-container\">\n\t\t\t\t\t\t\t<p><strong>2016:<\/strong> Profesor i asociuar &#8211; Universiteti Politeknik i Tiran\u00ebs<\/p><p><strong>2008:<\/strong> Doktor n\u00eb Kimi &#8211; FSHN, Universiteti i Tiran\u00ebs<\/p><p>Tema e dizertacionit: \u201cNdikimi i DON-it dhe Toksin\u00ebs T-2 n\u00eb maltin p\u00ebr birr\u00eb dhe legjislacioni p\u00ebr kontrollin e\u00a0\u00a0 tyre\u201d<\/p><p><strong>1998 -2000<\/strong>: Master n\u00eb Inxhinierin\u00eb Ushqimore. Funda\u00e7\u00e3o Universidade Federal do Rio Grande (FURG). Rio Grande-RS, BRAZIL\u00a0\u00a0\u00a0\u00a0\u00a0<\/p><p><strong>1982-1987: <\/strong>Studimet e Integruara Universitare n\u00eb deg\u00ebn e Kimis\u00eb Industriale (<em>Diplom\u00eb e Shk\u00eblqyer<\/em>)<\/p>\t\t\t\t\t\t<\/div>\n\t\t\t\t<\/div>\n\t\t\t\t<div class=\"elementor-element elementor-element-6bd67f2 elementor-widget-divider--view-line_text elementor-widget-divider--element-align-center elementor-widget elementor-widget-divider\" data-id=\"6bd67f2\" data-element_type=\"widget\" data-widget_type=\"divider.default\">\n\t\t\t\t<div class=\"elementor-widget-container\">\n\t\t\t\t\t<div class=\"elementor-divider\">\n\t\t\t<span class=\"elementor-divider-separator\">\n\t\t\t\t\t\t\t<h2 class=\"elementor-divider__text elementor-divider__element\">\n\t\t\t\tPun\u00ebsimi dhe funksione akademike\t\t\t\t<\/h2>\n\t\t\t\t\t\t<\/span>\n\t\t<\/div>\n\t\t\t\t<\/div>\n\t\t\t\t<\/div>\n\t\t\t\t<div class=\"elementor-element elementor-element-0f1ea44 elementor-widget elementor-widget-text-editor\" data-id=\"0f1ea44\" data-element_type=\"widget\" data-widget_type=\"text-editor.default\">\n\t\t\t\t<div class=\"elementor-widget-container\">\n\t\t\t\t\t\t\t<p data-pm-slice=\"0 0 []\"><strong>11\/2011<\/strong> e n\u00eb vijim Pedagoge n\u00eb DK- FIMIF, Universitetit Politeknik te\u0308 Tiran\u00ebs \u2013 L\u00ebnd\u00ebt: Kimi e P\u00ebrgjithshme, Kimi Mjedisi, Menaxhimi i mbetjeve dhe teknologjit\u00eb e riciklimit.<\/p><p><strong>8\/2020<\/strong> &#8211; e n\u00eb vijim Drejtuese e Departamentit t\u00eb Kimis\u00eb (Inxhinieris\u00eb Kimike)<\/p><p><strong>11\/2011- 08\/2020<\/strong> Drejtuese e Grupit M\u00ebsimor, K\u00ebrkimor Shkencor t\u00eb DK<\/p><p><strong>11\/2011- 2017<\/strong> Lektore e \u201cLegjislacionit t\u00eb konkurrenc\u00ebs\u201d (me koh\u00eb t\u00eb pjesshme) \u201cUniversiteti Marin Barleti\u201d<\/p><p><strong>2\/2011-11\/2011<\/strong> Dekan i Fakultetit t\u00eb Shkencave t\u00eb Aplikuara (Kryetare e K\u00ebshillit t\u00eb Fakultetit) \u201cUniversiteti Marin Barleti\u201d<\/p><p><strong>7\/2010- 1\/2011<\/strong> Drejtor i komanduar i Institutit t\u00eb K\u00ebrkimit dhe Zhvillimit Barleti (me koh\u00eb t\u00eb pjesshme)<\/p><p><strong>4\/2004- 6\/2010<\/strong> Drejtor i Drejtoris\u00eb s\u00eb Ndihm\u00ebs Shtet\u00ebrore, (Ministria e Ekonomis\u00eb), Ministria e Ekonomis\u00eb, Tregtis\u00eb dhe Energjetik\u00ebs,<\/p><p><strong>9\/2002- 7\/2005<\/strong> K\u00ebshilltar i Jasht\u00ebm i Kryeministrit. Kabineti i Kryeministrit<\/p><p><strong>8\/2002- 4\/2004<\/strong> Drejtor i Drejtoris\u00eb s\u00eb Konkurrenc\u00ebs, Ministria e Ekonomis\u00eb<\/p><p><strong>6\/2001- 7\/2002<\/strong> Drejtor i Drejtoris\u00eb s\u00eb Konkurrenc\u00ebs dhe Mbrojtjes s\u00eb Konsumatorit, Ministria e Ekonomis\u00eb,<\/p><p><strong>3\/2001- 6\/2001<\/strong> Specialiste n\u00eb Drejtorin\u00eb e Programimit &#8211; K\u00ebshilltare e Ministrit, Ministria e Ekonomis\u00eb,<\/p><p><strong>1996- 1997<\/strong> Eksperte Komb\u00ebtare. Projekti i PNUD-it\u201d Mb\u00ebshtetje p\u00ebr krijimin dhe zhvillimin e Nd\u00ebrmarrjeve t\u00eb Vogla dhe t\u00eb Mesme n\u00eb Shqip\u00ebri\u201d<\/p><p><strong>1994- 1995<\/strong> K\u00ebrkuese shkencore pran\u00eb Grupit t\u00eb Radionuklideve, Departamenti i Inxhinieris\u00eb Kimike, Universiteti Politeknik i Katalonj\u00ebs<\/p><p><strong>1991 &#8211; 1993<\/strong> P\u00ebrgjegj\u00ebse e Sektorit Shkencor n\u00eb Ministrin\u00eb e Industris\u00eb Ushqimore<\/p><p><strong>1989-1991<\/strong> Pedagoge me koh\u00eb t\u00eb pjesshme n\u00eb l\u00ebnd\u00ebn e Kimis\u00eb Fizike, FSHN- UT<\/p><p><strong>1989 &#8211; 1991<\/strong> Kryeinxhiniere. Kombinati Ushqimor \u201cAli Kelmendi\u201d<\/p><p><strong>1987 &#8211; 1989<\/strong> Inxhiniere Prodhimi. Kombinati Ushqimor \u201cAli Kelmendi\u201d<\/p><p>\u00a0<\/p>\t\t\t\t\t\t<\/div>\n\t\t\t\t<\/div>\n\t\t\t\t<div class=\"elementor-element elementor-element-c287e0a elementor-widget-divider--view-line_text elementor-widget-divider--element-align-center elementor-widget elementor-widget-divider\" data-id=\"c287e0a\" data-element_type=\"widget\" data-widget_type=\"divider.default\">\n\t\t\t\t<div class=\"elementor-widget-container\">\n\t\t\t\t\t<div class=\"elementor-divider\">\n\t\t\t<span class=\"elementor-divider-separator\">\n\t\t\t\t\t\t\t<h2 class=\"elementor-divider__text elementor-divider__element\">\n\t\t\t\tAktiviteti shkencor\t\t\t\t<\/h2>\n\t\t\t\t\t\t<\/span>\n\t\t<\/div>\n\t\t\t\t<\/div>\n\t\t\t\t<\/div>\n\t\t\t\t<div class=\"elementor-element elementor-element-1af26d8 elementor-widget elementor-widget-text-editor\" data-id=\"1af26d8\" data-element_type=\"widget\" data-widget_type=\"text-editor.default\">\n\t\t\t\t<div class=\"elementor-widget-container\">\n\t\t\t\t\t\t\t<p>P\u00ebrvoj\u00eb n\u00eb fush\u00ebn e kontrollit dhe monitorimit t\u00eb parametrave kimik\u00eb, n\u00eb aj\u00ebr, uj\u00eb dhe mjedis. Kontrolli i toksinave, n\u00eb ve\u00e7anti i mykotoksinave, dhe ndikimi i tyre n\u00eb sh\u00ebndetin publik, \u00ebsht\u00eb nj\u00eb fush\u00eb tjet\u00ebr e k\u00ebrkimit. \u00a0<\/p><p>Bashk\u00ebautore e tekstit t\u00eb Kimis\u00eb s\u00eb P\u00ebrgjithshme p\u00ebr student\u00ebt e Deg\u00ebve Inxhinierike (botim i vitit<\/p><p>2018, 2021), si dhe e Manualit t\u00eb Pun\u00ebve t\u00eb Laboratorit n\u00eb Kimin\u00eb e P\u00ebrgjithshme (2016)<\/p><p>Nj\u00eb s\u00ebr\u00eb publikimesh shkencore n\u00eb fushat e m\u00ebsip\u00ebrme (rreth 30), dhe pjes\u00ebmarrje n\u00eb konferenca shkencore brenda e jasht\u00eb vendit.<\/p><p>Pjes\u00ebmarr\u00ebse dhe drejtuese e projekteve k\u00ebrkimore shkencore n\u00eb Departamentin e Kimis\u00eb &#8211; FIMIF, UPT dhe m\u00eb gjer\u00eb.<\/p><p>An\u00ebtare e K\u00ebshillit Shkencor t\u00eb FIMIF- UPT (2013-2016), t\u00eb Ministris\u00eb s\u00eb Industris\u00eb Ushqimore (1989-1991), t\u00eb Fakultetit t\u00eb Shkencave t\u00eb Natyr\u00ebs (1983-1986).<\/p><p>Pjes\u00ebmarrje n\u00eb simpoziume t\u00eb ndryshme p\u00ebr fusha t\u00eb ve\u00e7anta t\u00eb ekonomis\u00eb, si dhe pjes\u00ebmarrje (edhe si paneliste dhe moderatore) dhe referime n\u00eb veprimtari nd\u00ebrkomb\u00ebtare, t\u00eb organizuara, gjat\u00eb viteve 2001-2010, nga OECD, UNCTAD, DG Comp, WB, ICN, n\u00eb ve\u00e7anti p\u00ebr legjislacionin dhe politikat e konkurrenc\u00ebs dhe t\u00eb ndihm\u00ebs shtet\u00ebrore.<\/p>\t\t\t\t\t\t<\/div>\n\t\t\t\t<\/div>\n\t\t\t\t<\/div>\n\t\t\t\t\t<\/div>\n\t\t\t\t<\/div>\n\t\t\t\t<\/div>","protected":false},"excerpt":{"rendered":"<p>Edukimi 2016: Profesor i asociuar &#8211; Universiteti Politeknik i Tiran\u00ebs 2008: Doktor n\u00eb Kimi &#8211; FSHN, Universiteti i Tiran\u00ebs Tema e dizertacionit: \u201cNdikimi i DON-it dhe Toksin\u00ebs T-2 n\u00eb maltin p\u00ebr birr\u00eb dhe legjislacioni p\u00ebr kontrollin e\u00a0\u00a0 tyre\u201d 1998 -2000: Master n\u00eb Inxhinierin\u00eb Ushqimore. Funda\u00e7\u00e3o Universidade Federal do Rio Grande (FURG). Rio Grande-RS, BRAZIL\u00a0\u00a0\u00a0\u00a0\u00a0 1982-1987: [&hellip;]<\/p>","protected":false},"author":1,"featured_media":0,"parent":5003,"menu_order":0,"comment_status":"closed","ping_status":"closed","template":"","meta":{"footnotes":""},"class_list":["post-5011","page","type-page","status-publish","hentry"],"yoast_head":"<!-- This site is optimized with the Yoast SEO plugin v24.2 - https:\/\/yoast.com\/wordpress\/plugins\/seo\/ -->\n<title>CV Edlira BARAJ - Fakulteti i Inxhinieris\u00eb Matematike dhe Inxhinieris\u00eb Fizike<\/title>\n<meta name=\"robots\" content=\"index, follow, max-snippet:-1, max-image-preview:large, max-video-preview:-1\" \/>\n<link rel=\"canonical\" href=\"https:\/\/fimif.edu.al\/en\/departamentet\/departamenti-i-inxhinierise-kimike\/grupi-mesimor-kerkimor-kimi\/cv-edlira-baraj\/\" \/>\n<meta property=\"og:locale\" content=\"en_GB\" \/>\n<meta property=\"og:type\" content=\"article\" \/>\n<meta property=\"og:title\" content=\"CV Edlira BARAJ - Fakulteti i Inxhinieris\u00eb Matematike dhe Inxhinieris\u00eb Fizike\" \/>\n<meta property=\"og:description\" content=\"Edukimi 2016: Profesor i asociuar &#8211; Universiteti Politeknik i Tiran\u00ebs 2008: Doktor n\u00eb Kimi &#8211; FSHN, Universiteti i Tiran\u00ebs Tema e dizertacionit: \u201cNdikimi i DON-it dhe Toksin\u00ebs T-2 n\u00eb maltin p\u00ebr birr\u00eb dhe legjislacioni p\u00ebr kontrollin e\u00a0\u00a0 tyre\u201d 1998 -2000: Master n\u00eb Inxhinierin\u00eb Ushqimore. Funda\u00e7\u00e3o Universidade Federal do Rio Grande (FURG). Rio Grande-RS, BRAZIL\u00a0\u00a0\u00a0\u00a0\u00a0 1982-1987: [&hellip;]\" \/>\n<meta property=\"og:url\" content=\"https:\/\/fimif.edu.al\/en\/departamentet\/departamenti-i-inxhinierise-kimike\/grupi-mesimor-kerkimor-kimi\/cv-edlira-baraj\/\" \/>\n<meta property=\"og:site_name\" content=\"Fakulteti i Inxhinieris\u00eb Matematike dhe Inxhinieris\u00eb Fizike\" \/>\n<meta property=\"article:publisher\" content=\"https:\/\/www.facebook.com\/p\/Departamenti-i-Inxhinierise-Matematike-FIMIF-UPT-100077435994252\/\" \/>\n<meta property=\"article:modified_time\" content=\"2025-01-13T13:57:08+00:00\" \/>\n<meta property=\"og:image\" content=\"https:\/\/fimif.edu.al\/wp-content\/uploads\/2024\/12\/Edlira-BARAJ.png\" \/>\n\t<meta property=\"og:image:width\" content=\"256\" \/>\n\t<meta property=\"og:image:height\" content=\"275\" \/>\n\t<meta property=\"og:image:type\" content=\"image\/png\" \/>\n<meta name=\"twitter:card\" content=\"summary_large_image\" \/>\n<meta name=\"twitter:label1\" content=\"Estimated reading time\" \/>\n\t<meta name=\"twitter:data1\" content=\"3 minutes\" \/>\n<script type=\"application\/ld+json\" class=\"yoast-schema-graph\">{\"@context\":\"https:\/\/schema.org\",\"@graph\":[{\"@type\":\"WebPage\",\"@id\":\"https:\/\/fimif.edu.al\/departamentet\/departamenti-i-inxhinierise-kimike\/grupi-mesimor-kerkimor-kimi\/cv-edlira-baraj\/\",\"url\":\"https:\/\/fimif.edu.al\/departamentet\/departamenti-i-inxhinierise-kimike\/grupi-mesimor-kerkimor-kimi\/cv-edlira-baraj\/\",\"name\":\"CV Edlira BARAJ - Fakulteti i Inxhinieris\u00eb Matematike dhe Inxhinieris\u00eb Fizike\",\"isPartOf\":{\"@id\":\"https:\/\/fimif.edu.al\/#website\"},\"primaryImageOfPage\":{\"@id\":\"https:\/\/fimif.edu.al\/departamentet\/departamenti-i-inxhinierise-kimike\/grupi-mesimor-kerkimor-kimi\/cv-edlira-baraj\/#primaryimage\"},\"image\":{\"@id\":\"https:\/\/fimif.edu.al\/departamentet\/departamenti-i-inxhinierise-kimike\/grupi-mesimor-kerkimor-kimi\/cv-edlira-baraj\/#primaryimage\"},\"thumbnailUrl\":\"https:\/\/fimif.edu.al\/wp-content\/uploads\/2024\/12\/Edlira-BARAJ.png\",\"datePublished\":\"2024-12-18T10:21:11+00:00\",\"dateModified\":\"2025-01-13T13:57:08+00:00\",\"breadcrumb\":{\"@id\":\"https:\/\/fimif.edu.al\/departamentet\/departamenti-i-inxhinierise-kimike\/grupi-mesimor-kerkimor-kimi\/cv-edlira-baraj\/#breadcrumb\"},\"inLanguage\":\"en-GB\",\"potentialAction\":[{\"@type\":\"ReadAction\",\"target\":[\"https:\/\/fimif.edu.al\/departamentet\/departamenti-i-inxhinierise-kimike\/grupi-mesimor-kerkimor-kimi\/cv-edlira-baraj\/\"]}]},{\"@type\":\"ImageObject\",\"inLanguage\":\"en-GB\",\"@id\":\"https:\/\/fimif.edu.al\/departamentet\/departamenti-i-inxhinierise-kimike\/grupi-mesimor-kerkimor-kimi\/cv-edlira-baraj\/#primaryimage\",\"url\":\"https:\/\/fimif.edu.al\/wp-content\/uploads\/2024\/12\/Edlira-BARAJ.png\",\"contentUrl\":\"https:\/\/fimif.edu.al\/wp-content\/uploads\/2024\/12\/Edlira-BARAJ.png\"},{\"@type\":\"BreadcrumbList\",\"@id\":\"https:\/\/fimif.edu.al\/departamentet\/departamenti-i-inxhinierise-kimike\/grupi-mesimor-kerkimor-kimi\/cv-edlira-baraj\/#breadcrumb\",\"itemListElement\":[{\"@type\":\"ListItem\",\"position\":1,\"name\":\"Home\",\"item\":\"https:\/\/fimif.edu.al\/\"},{\"@type\":\"ListItem\",\"position\":2,\"name\":\"Departamentet\",\"item\":\"https:\/\/fimif.edu.al\/departamentet\/\"},{\"@type\":\"ListItem\",\"position\":3,\"name\":\"Departamenti i Inxhinierise Kimike\",\"item\":\"https:\/\/fimif.edu.al\/departamentet\/departamenti-i-inxhinierise-kimike\/\"},{\"@type\":\"ListItem\",\"position\":4,\"name\":\"Grupi M\u00ebsimor K\u00ebrkimor Kimi\",\"item\":\"https:\/\/fimif.edu.al\/departamentet\/departamenti-i-inxhinierise-kimike\/grupi-mesimor-kerkimor-kimi\/\"},{\"@type\":\"ListItem\",\"position\":5,\"name\":\"CV Edlira BARAJ\"}]},{\"@type\":\"WebSite\",\"@id\":\"https:\/\/fimif.edu.al\/#website\",\"url\":\"https:\/\/fimif.edu.al\/\",\"name\":\"Fakulteti i Inxhinieris\u00eb Matematike dhe Inxhinieris\u00eb Fizike\",\"description\":\"FIMIF, UPT Tirane\",\"publisher\":{\"@id\":\"https:\/\/fimif.edu.al\/#organization\"},\"potentialAction\":[{\"@type\":\"SearchAction\",\"target\":{\"@type\":\"EntryPoint\",\"urlTemplate\":\"https:\/\/fimif.edu.al\/?s={search_term_string}\"},\"query-input\":{\"@type\":\"PropertyValueSpecification\",\"valueRequired\":true,\"valueName\":\"search_term_string\"}}],\"inLanguage\":\"en-GB\"},{\"@type\":\"Organization\",\"@id\":\"https:\/\/fimif.edu.al\/#organization\",\"name\":\"Fakulteti i Inxhinieris\u00eb Matematike dhe Inxhinieris\u00eb Fizike\",\"url\":\"https:\/\/fimif.edu.al\/\",\"logo\":{\"@type\":\"ImageObject\",\"inLanguage\":\"en-GB\",\"@id\":\"https:\/\/fimif.edu.al\/#\/schema\/logo\/image\/\",\"url\":\"https:\/\/fimif.edu.al\/wp-content\/uploads\/2024\/10\/Fimif-Logo.svg\",\"contentUrl\":\"https:\/\/fimif.edu.al\/wp-content\/uploads\/2024\/10\/Fimif-Logo.svg\",\"width\":653,\"height\":219,\"caption\":\"Fakulteti i Inxhinieris\u00eb Matematike dhe Inxhinieris\u00eb Fizike\"},\"image\":{\"@id\":\"https:\/\/fimif.edu.al\/#\/schema\/logo\/image\/\"},\"sameAs\":[\"https:\/\/www.facebook.com\/p\/Departamenti-i-Inxhinierise-Matematike-FIMIF-UPT-100077435994252\/\"]}]}<\/script>\n<!-- \/ Yoast SEO plugin. -->","yoast_head_json":{"title":"CV Edlira BARAJ - Fakulteti i Inxhinieris\u00eb Matematike dhe Inxhinieris\u00eb Fizike","robots":{"index":"index","follow":"follow","max-snippet":"max-snippet:-1","max-image-preview":"max-image-preview:large","max-video-preview":"max-video-preview:-1"},"canonical":"https:\/\/fimif.edu.al\/en\/departamentet\/departamenti-i-inxhinierise-kimike\/grupi-mesimor-kerkimor-kimi\/cv-edlira-baraj\/","og_locale":"en_GB","og_type":"article","og_title":"CV Edlira BARAJ - Fakulteti i Inxhinieris\u00eb Matematike dhe Inxhinieris\u00eb Fizike","og_description":"Edukimi 2016: Profesor i asociuar &#8211; Universiteti Politeknik i Tiran\u00ebs 2008: Doktor n\u00eb Kimi &#8211; FSHN, Universiteti i Tiran\u00ebs Tema e dizertacionit: \u201cNdikimi i DON-it dhe Toksin\u00ebs T-2 n\u00eb maltin p\u00ebr birr\u00eb dhe legjislacioni p\u00ebr kontrollin e\u00a0\u00a0 tyre\u201d 1998 -2000: Master n\u00eb Inxhinierin\u00eb Ushqimore. Funda\u00e7\u00e3o Universidade Federal do Rio Grande (FURG). Rio Grande-RS, BRAZIL\u00a0\u00a0\u00a0\u00a0\u00a0 1982-1987: [&hellip;]","og_url":"https:\/\/fimif.edu.al\/en\/departamentet\/departamenti-i-inxhinierise-kimike\/grupi-mesimor-kerkimor-kimi\/cv-edlira-baraj\/","og_site_name":"Fakulteti i Inxhinieris\u00eb Matematike dhe Inxhinieris\u00eb Fizike","article_publisher":"https:\/\/www.facebook.com\/p\/Departamenti-i-Inxhinierise-Matematike-FIMIF-UPT-100077435994252\/","article_modified_time":"2025-01-13T13:57:08+00:00","og_image":[{"width":256,"height":275,"url":"https:\/\/fimif.edu.al\/wp-content\/uploads\/2024\/12\/Edlira-BARAJ.png","type":"image\/png"}],"twitter_card":"summary_large_image","twitter_misc":{"Estimated reading time":"3 minutes"},"schema":{"@context":"https:\/\/schema.org","@graph":[{"@type":"WebPage","@id":"https:\/\/fimif.edu.al\/departamentet\/departamenti-i-inxhinierise-kimike\/grupi-mesimor-kerkimor-kimi\/cv-edlira-baraj\/","url":"https:\/\/fimif.edu.al\/departamentet\/departamenti-i-inxhinierise-kimike\/grupi-mesimor-kerkimor-kimi\/cv-edlira-baraj\/","name":"CV Edlira BARAJ - Fakulteti i Inxhinieris\u00eb Matematike dhe Inxhinieris\u00eb Fizike","isPartOf":{"@id":"https:\/\/fimif.edu.al\/#website"},"primaryImageOfPage":{"@id":"https:\/\/fimif.edu.al\/departamentet\/departamenti-i-inxhinierise-kimike\/grupi-mesimor-kerkimor-kimi\/cv-edlira-baraj\/#primaryimage"},"image":{"@id":"https:\/\/fimif.edu.al\/departamentet\/departamenti-i-inxhinierise-kimike\/grupi-mesimor-kerkimor-kimi\/cv-edlira-baraj\/#primaryimage"},"thumbnailUrl":"https:\/\/fimif.edu.al\/wp-content\/uploads\/2024\/12\/Edlira-BARAJ.png","datePublished":"2024-12-18T10:21:11+00:00","dateModified":"2025-01-13T13:57:08+00:00","breadcrumb":{"@id":"https:\/\/fimif.edu.al\/departamentet\/departamenti-i-inxhinierise-kimike\/grupi-mesimor-kerkimor-kimi\/cv-edlira-baraj\/#breadcrumb"},"inLanguage":"en-GB","potentialAction":[{"@type":"ReadAction","target":["https:\/\/fimif.edu.al\/departamentet\/departamenti-i-inxhinierise-kimike\/grupi-mesimor-kerkimor-kimi\/cv-edlira-baraj\/"]}]},{"@type":"ImageObject","inLanguage":"en-GB","@id":"https:\/\/fimif.edu.al\/departamentet\/departamenti-i-inxhinierise-kimike\/grupi-mesimor-kerkimor-kimi\/cv-edlira-baraj\/#primaryimage","url":"https:\/\/fimif.edu.al\/wp-content\/uploads\/2024\/12\/Edlira-BARAJ.png","contentUrl":"https:\/\/fimif.edu.al\/wp-content\/uploads\/2024\/12\/Edlira-BARAJ.png"},{"@type":"BreadcrumbList","@id":"https:\/\/fimif.edu.al\/departamentet\/departamenti-i-inxhinierise-kimike\/grupi-mesimor-kerkimor-kimi\/cv-edlira-baraj\/#breadcrumb","itemListElement":[{"@type":"ListItem","position":1,"name":"Home","item":"https:\/\/fimif.edu.al\/"},{"@type":"ListItem","position":2,"name":"Departamentet","item":"https:\/\/fimif.edu.al\/departamentet\/"},{"@type":"ListItem","position":3,"name":"Departamenti i Inxhinierise Kimike","item":"https:\/\/fimif.edu.al\/departamentet\/departamenti-i-inxhinierise-kimike\/"},{"@type":"ListItem","position":4,"name":"Grupi M\u00ebsimor K\u00ebrkimor Kimi","item":"https:\/\/fimif.edu.al\/departamentet\/departamenti-i-inxhinierise-kimike\/grupi-mesimor-kerkimor-kimi\/"},{"@type":"ListItem","position":5,"name":"CV Edlira BARAJ"}]},{"@type":"WebSite","@id":"https:\/\/fimif.edu.al\/#website","url":"https:\/\/fimif.edu.al\/","name":"Fakulteti i Inxhinieris\u00eb Matematike dhe Inxhinieris\u00eb Fizike","description":"FIMIF, UPT Tirane","publisher":{"@id":"https:\/\/fimif.edu.al\/#organization"},"potentialAction":[{"@type":"SearchAction","target":{"@type":"EntryPoint","urlTemplate":"https:\/\/fimif.edu.al\/?s={search_term_string}"},"query-input":{"@type":"PropertyValueSpecification","valueRequired":true,"valueName":"search_term_string"}}],"inLanguage":"en-GB"},{"@type":"Organization","@id":"https:\/\/fimif.edu.al\/#organization","name":"Fakulteti i Inxhinieris\u00eb Matematike dhe Inxhinieris\u00eb Fizike","url":"https:\/\/fimif.edu.al\/","logo":{"@type":"ImageObject","inLanguage":"en-GB","@id":"https:\/\/fimif.edu.al\/#\/schema\/logo\/image\/","url":"https:\/\/fimif.edu.al\/wp-content\/uploads\/2024\/10\/Fimif-Logo.svg","contentUrl":"https:\/\/fimif.edu.al\/wp-content\/uploads\/2024\/10\/Fimif-Logo.svg","width":653,"height":219,"caption":"Fakulteti i Inxhinieris\u00eb Matematike dhe Inxhinieris\u00eb Fizike"},"image":{"@id":"https:\/\/fimif.edu.al\/#\/schema\/logo\/image\/"},"sameAs":["https:\/\/www.facebook.com\/p\/Departamenti-i-Inxhinierise-Matematike-FIMIF-UPT-100077435994252\/"]}]}},"_links":{"self":[{"href":"https:\/\/fimif.edu.al\/en\/wp-json\/wp\/v2\/pages\/5011","targetHints":{"allow":["GET"]}}],"collection":[{"href":"https:\/\/fimif.edu.al\/en\/wp-json\/wp\/v2\/pages"}],"about":[{"href":"https:\/\/fimif.edu.al\/en\/wp-json\/wp\/v2\/types\/page"}],"author":[{"embeddable":true,"href":"https:\/\/fimif.edu.al\/en\/wp-json\/wp\/v2\/users\/1"}],"replies":[{"embeddable":true,"href":"https:\/\/fimif.edu.al\/en\/wp-json\/wp\/v2\/comments?post=5011"}],"version-history":[{"count":4,"href":"https:\/\/fimif.edu.al\/en\/wp-json\/wp\/v2\/pages\/5011\/revisions"}],"predecessor-version":[{"id":5016,"href":"https:\/\/fimif.edu.al\/en\/wp-json\/wp\/v2\/pages\/5011\/revisions\/5016"}],"up":[{"embeddable":true,"href":"https:\/\/fimif.edu.al\/en\/wp-json\/wp\/v2\/pages\/5003"}],"wp:attachment":[{"href":"https:\/\/fimif.edu.al\/en\/wp-json\/wp\/v2\/media?parent=5011"}],"curies":[{"name":"wp","href":"https:\/\/api.w.org\/{rel}","templated":true}]}}