{"id":5709,"date":"2025-01-10T16:14:02","date_gmt":"2025-01-10T15:14:02","guid":{"rendered":"https:\/\/fimif.edu.al\/?page_id=5709"},"modified":"2025-09-11T10:44:02","modified_gmt":"2025-09-11T08:44:02","slug":"gjuhe-te-tjera","status":"publish","type":"page","link":"https:\/\/fimif.edu.al\/en\/departamentet\/qendra-e-gjuheve-te-huaja\/grupi-mesimor-kerkimor-qendra-e-gjuheve-te-huaja\/gjuhe-te-tjera\/","title":{"rendered":"Other Languages"},"content":{"rendered":"<div data-elementor-type=\"wp-page\" data-elementor-id=\"5709\" class=\"elementor elementor-5709\" data-elementor-post-type=\"page\">\n\t\t\t\t<div class=\"elementor-element elementor-element-aa56f19 e-flex e-con-boxed e-con e-parent\" data-id=\"aa56f19\" data-element_type=\"container\" data-e-type=\"container\">\n\t\t\t\t\t<div class=\"e-con-inner\">\n\t\t<div class=\"elementor-element elementor-element-a7eb231 e-con-full e-flex e-con e-child\" data-id=\"a7eb231\" data-element_type=\"container\" data-e-type=\"container\">\n\t\t\t\t<div class=\"elementor-element elementor-element-dae19ef elementor-widget elementor-widget-template\" data-id=\"dae19ef\" data-element_type=\"widget\" data-e-type=\"widget\" data-widget_type=\"template.default\">\n\t\t\t\t<div class=\"elementor-widget-container\">\n\t\t\t\t\t\t\t<div class=\"elementor-template\">\n\t\t\t\t\t<div data-elementor-type=\"container\" data-elementor-id=\"5050\" class=\"elementor elementor-5050\" data-elementor-post-type=\"elementor_library\">\n\t\t\t\t<div class=\"elementor-element elementor-element-975ae01 e-flex e-con-boxed e-con e-parent\" data-id=\"975ae01\" data-element_type=\"container\" data-e-type=\"container\">\n\t\t\t\t\t<div class=\"e-con-inner\">\n\t\t\t\t<div class=\"elementor-element elementor-element-5a80bd9 elementor-nav-menu__text-align-aside elementor-widget elementor-widget-nav-menu\" data-id=\"5a80bd9\" data-element_type=\"widget\" data-e-type=\"widget\" data-settings=\"{&quot;layout&quot;:&quot;dropdown&quot;,&quot;submenu_icon&quot;:{&quot;value&quot;:&quot;&lt;svg aria-hidden=\\&quot;true\\&quot; class=\\&quot;e-font-icon-svg e-fas-angle-down\\&quot; viewBox=\\&quot;0 0 320 512\\&quot; xmlns=\\&quot;http:\\\/\\\/www.w3.org\\\/2000\\\/svg\\&quot;&gt;&lt;path d=\\&quot;M143 352.3L7 216.3c-9.4-9.4-9.4-24.6 0-33.9l22.6-22.6c9.4-9.4 24.6-9.4 33.9 0l96.4 96.4 96.4-96.4c9.4-9.4 24.6-9.4 33.9 0l22.6 22.6c9.4 9.4 9.4 24.6 0 33.9l-136 136c-9.2 9.4-24.4 9.4-33.8 0z\\&quot;&gt;&lt;\\\/path&gt;&lt;\\\/svg&gt;&quot;,&quot;library&quot;:&quot;fa-solid&quot;}}\" data-widget_type=\"nav-menu.default\">\n\t\t\t\t<div class=\"elementor-widget-container\">\n\t\t\t\t\t\t\t\t<nav class=\"elementor-nav-menu--dropdown elementor-nav-menu__container\" aria-hidden=\"true\">\n\t\t\t\t<ul id=\"menu-2-5a80bd9\" class=\"elementor-nav-menu\"><li class=\"menu-item menu-item-type-post_type menu-item-object-page menu-item-5046\"><a href=\"https:\/\/fimif.edu.al\/en\/departamentet\/qendra-e-gjuheve-te-huaja\/\" class=\"elementor-item\" tabindex=\"-1\">About department<\/a><\/li>\n<li class=\"menu-item menu-item-type-post_type menu-item-object-page menu-item-5877\"><a href=\"https:\/\/fimif.edu.al\/en\/departamentet\/qendra-e-gjuheve-te-huaja\/drejtimi-qgjh\/\" class=\"elementor-item\" tabindex=\"-1\">Lead<\/a><\/li>\n<li class=\"menu-item menu-item-type-post_type menu-item-object-page menu-item-has-children menu-item-5694\"><a href=\"https:\/\/fimif.edu.al\/en\/departamentet\/qendra-e-gjuheve-te-huaja\/grupi-mesimor-kerkimor-qendra-e-gjuheve-te-huaja\/\" class=\"elementor-item\" tabindex=\"-1\">Research Teaching Group<\/a>\n<ul class=\"sub-menu elementor-nav-menu--dropdown\">\n\t<li class=\"menu-item menu-item-type-post_type menu-item-object-page menu-item-5708\"><a href=\"https:\/\/fimif.edu.al\/en\/departamentet\/qendra-e-gjuheve-te-huaja\/grupi-mesimor-kerkimor-qendra-e-gjuheve-te-huaja\/gjuhe-angleze\/\" class=\"elementor-sub-item\" tabindex=\"-1\">English language<\/a><\/li>\n\t<li class=\"menu-item menu-item-type-post_type menu-item-object-page menu-item-5727\"><a href=\"https:\/\/fimif.edu.al\/en\/departamentet\/qendra-e-gjuheve-te-huaja\/grupi-mesimor-kerkimor-qendra-e-gjuheve-te-huaja\/gjuhe-te-tjera\/\" class=\"elementor-sub-item\" tabindex=\"-1\">Other Languages<\/a><\/li>\n<\/ul>\n<\/li>\n<li class=\"menu-item menu-item-type-custom menu-item-object-custom menu-item-5049\"><a href=\"#\" class=\"elementor-item elementor-item-anchor\" tabindex=\"-1\">Scientific Research<\/a><\/li>\n<\/ul>\t\t\t<\/nav>\n\t\t\t\t\t\t<\/div>\n\t\t\t\t<\/div>\n\t\t\t\t\t<\/div>\n\t\t\t\t<\/div>\n\t\t\t\t<\/div>\n\t\t\t\t<\/div>\n\t\t\t\t\t\t<\/div>\n\t\t\t\t<\/div>\n\t\t\t\t<\/div>\n\t\t<div class=\"elementor-element elementor-element-e6b241d e-con-full e-flex e-con e-child\" data-id=\"e6b241d\" data-element_type=\"container\" data-e-type=\"container\" data-settings=\"{&quot;background_background&quot;:&quot;classic&quot;}\">\n\t\t\t\t<div class=\"elementor-element elementor-element-ddf998b elementor-widget__width-inherit elementor-widget elementor-widget-heading\" data-id=\"ddf998b\" data-element_type=\"widget\" data-e-type=\"widget\" data-widget_type=\"heading.default\">\n\t\t\t\t<div class=\"elementor-widget-container\">\n\t\t\t\t\t<h1 class=\"elementor-heading-title elementor-size-default\">Academic staff members - Other Languages<\/h1>\t\t\t\t<\/div>\n\t\t\t\t<\/div>\n\t\t\t\t<div class=\"elementor-element elementor-element-8d084c3 elementor-position-inline-end elementor-widget__width-initial elementor-mobile-position-inline-end elementor-view-default elementor-widget elementor-widget-icon-box\" data-id=\"8d084c3\" data-element_type=\"widget\" data-e-type=\"widget\" data-widget_type=\"icon-box.default\">\n\t\t\t\t<div class=\"elementor-widget-container\">\n\t\t\t\t\t\t\t<div class=\"elementor-icon-box-wrapper\">\n\n\t\t\t\t\t\t<div class=\"elementor-icon-box-icon\">\n\t\t\t\t<a href=\"\/en\/departamentet\/qendra-e-gjuheve-te-huaja\/grupi-mesimor-kerkimor-qendra-e-gjuheve-te-huaja\/gjuhe-te-tjera\/cv-silvana-vishkurti\/\" class=\"elementor-icon\" tabindex=\"-1\" aria-label=\"Prof. Dr. Silvana Vishkurti\">\n\t\t\t\t<svg aria-hidden=\"true\" class=\"e-font-icon-svg e-far-arrow-alt-circle-right\" viewbox=\"0 0 512 512\" xmlns=\"http:\/\/www.w3.org\/2000\/svg\"><path d=\"M504 256C504 119 393 8 256 8S8 119 8 256s111 248 248 248 248-111 248-248zm-448 0c0-110.5 89.5-200 200-200s200 89.5 200 200-89.5 200-200 200S56 366.5 56 256zm72 20v-40c0-6.6 5.4-12 12-12h116v-67c0-10.7 12.9-16 20.5-8.5l99 99c4.7 4.7 4.7 12.3 0 17l-99 99c-7.6 7.6-20.5 2.2-20.5-8.5v-67H140c-6.6 0-12-5.4-12-12z\"><\/path><\/svg>\t\t\t\t<\/a>\n\t\t\t<\/div>\n\t\t\t\n\t\t\t\t\t\t<div class=\"elementor-icon-box-content\">\n\n\t\t\t\t\t\t\t\t\t<p class=\"elementor-icon-box-title\">\n\t\t\t\t\t\t<a href=\"\/en\/departamentet\/qendra-e-gjuheve-te-huaja\/grupi-mesimor-kerkimor-qendra-e-gjuheve-te-huaja\/gjuhe-te-tjera\/cv-silvana-vishkurti\/\" >\n\t\t\t\t\t\t\tProf. Dr. Silvana Vishkurti\t\t\t\t\t\t<\/a>\n\t\t\t\t\t<\/p>\n\t\t\t\t\n\t\t\t\t\n\t\t\t<\/div>\n\t\t\t\n\t\t<\/div>\n\t\t\t\t\t\t<\/div>\n\t\t\t\t<\/div>\n\t\t\t\t<div class=\"elementor-element elementor-element-25bdac4 elementor-position-inline-end elementor-widget__width-initial elementor-mobile-position-inline-end elementor-view-default elementor-widget elementor-widget-icon-box\" data-id=\"25bdac4\" data-element_type=\"widget\" data-e-type=\"widget\" data-widget_type=\"icon-box.default\">\n\t\t\t\t<div class=\"elementor-widget-container\">\n\t\t\t\t\t\t\t<div class=\"elementor-icon-box-wrapper\">\n\n\t\t\t\t\t\t<div class=\"elementor-icon-box-icon\">\n\t\t\t\t<a href=\"\/en\/departamentet\/qendra-e-gjuheve-te-huaja\/grupi-mesimor-kerkimor-qendra-e-gjuheve-te-huaja\/gjuhe-te-tjera\/cv-lindita-gjata\/\" class=\"elementor-icon\" tabindex=\"-1\" aria-label=\"Prof. Dr. Lindita Gjata\">\n\t\t\t\t<svg aria-hidden=\"true\" class=\"e-font-icon-svg e-far-arrow-alt-circle-right\" viewbox=\"0 0 512 512\" xmlns=\"http:\/\/www.w3.org\/2000\/svg\"><path d=\"M504 256C504 119 393 8 256 8S8 119 8 256s111 248 248 248 248-111 248-248zm-448 0c0-110.5 89.5-200 200-200s200 89.5 200 200-89.5 200-200 200S56 366.5 56 256zm72 20v-40c0-6.6 5.4-12 12-12h116v-67c0-10.7 12.9-16 20.5-8.5l99 99c4.7 4.7 4.7 12.3 0 17l-99 99c-7.6 7.6-20.5 2.2-20.5-8.5v-67H140c-6.6 0-12-5.4-12-12z\"><\/path><\/svg>\t\t\t\t<\/a>\n\t\t\t<\/div>\n\t\t\t\n\t\t\t\t\t\t<div class=\"elementor-icon-box-content\">\n\n\t\t\t\t\t\t\t\t\t<p class=\"elementor-icon-box-title\">\n\t\t\t\t\t\t<a href=\"\/en\/departamentet\/qendra-e-gjuheve-te-huaja\/grupi-mesimor-kerkimor-qendra-e-gjuheve-te-huaja\/gjuhe-te-tjera\/cv-lindita-gjata\/\" >\n\t\t\t\t\t\t\tProf. Dr. Lindita Gjata\t\t\t\t\t\t<\/a>\n\t\t\t\t\t<\/p>\n\t\t\t\t\n\t\t\t\t\n\t\t\t<\/div>\n\t\t\t\n\t\t<\/div>\n\t\t\t\t\t\t<\/div>\n\t\t\t\t<\/div>\n\t\t\t\t<div class=\"elementor-element elementor-element-cac9b87 elementor-position-inline-end elementor-widget__width-initial elementor-mobile-position-inline-end elementor-view-default elementor-widget elementor-widget-icon-box\" data-id=\"cac9b87\" data-element_type=\"widget\" data-e-type=\"widget\" data-widget_type=\"icon-box.default\">\n\t\t\t\t<div class=\"elementor-widget-container\">\n\t\t\t\t\t\t\t<div class=\"elementor-icon-box-wrapper\">\n\n\t\t\t\t\t\t<div class=\"elementor-icon-box-icon\">\n\t\t\t\t<a href=\"\/en\/departamentet\/qendra-e-gjuheve-te-huaja\/grupi-mesimor-kerkimor-qendra-e-gjuheve-te-huaja\/gjuhe-te-tjera\/cv-edita-stojani\/\" class=\"elementor-icon\" tabindex=\"-1\" aria-label=\"Prof. As. Edita Stojani (Frash\u00ebri)\">\n\t\t\t\t<svg aria-hidden=\"true\" class=\"e-font-icon-svg e-far-arrow-alt-circle-right\" viewbox=\"0 0 512 512\" xmlns=\"http:\/\/www.w3.org\/2000\/svg\"><path d=\"M504 256C504 119 393 8 256 8S8 119 8 256s111 248 248 248 248-111 248-248zm-448 0c0-110.5 89.5-200 200-200s200 89.5 200 200-89.5 200-200 200S56 366.5 56 256zm72 20v-40c0-6.6 5.4-12 12-12h116v-67c0-10.7 12.9-16 20.5-8.5l99 99c4.7 4.7 4.7 12.3 0 17l-99 99c-7.6 7.6-20.5 2.2-20.5-8.5v-67H140c-6.6 0-12-5.4-12-12z\"><\/path><\/svg>\t\t\t\t<\/a>\n\t\t\t<\/div>\n\t\t\t\n\t\t\t\t\t\t<div class=\"elementor-icon-box-content\">\n\n\t\t\t\t\t\t\t\t\t<p class=\"elementor-icon-box-title\">\n\t\t\t\t\t\t<a href=\"\/en\/departamentet\/qendra-e-gjuheve-te-huaja\/grupi-mesimor-kerkimor-qendra-e-gjuheve-te-huaja\/gjuhe-te-tjera\/cv-edita-stojani\/\" >\n\t\t\t\t\t\t\tProf. As. Edita Stojani (Frash\u00ebri)\t\t\t\t\t\t<\/a>\n\t\t\t\t\t<\/p>\n\t\t\t\t\n\t\t\t\t\n\t\t\t<\/div>\n\t\t\t\n\t\t<\/div>\n\t\t\t\t\t\t<\/div>\n\t\t\t\t<\/div>\n\t\t\t\t<div class=\"elementor-element elementor-element-8a16c8e elementor-position-inline-end elementor-widget__width-initial elementor-mobile-position-inline-end elementor-view-default elementor-widget elementor-widget-icon-box\" data-id=\"8a16c8e\" data-element_type=\"widget\" data-e-type=\"widget\" data-widget_type=\"icon-box.default\">\n\t\t\t\t<div class=\"elementor-widget-container\">\n\t\t\t\t\t\t\t<div class=\"elementor-icon-box-wrapper\">\n\n\t\t\t\t\t\t<div class=\"elementor-icon-box-icon\">\n\t\t\t\t<a href=\"\/en\/departamentet\/qendra-e-gjuheve-te-huaja\/grupi-mesimor-kerkimor-qendra-e-gjuheve-te-huaja\/gjuhe-te-tjera\/cv-albana-avrami\/\" class=\"elementor-icon\" tabindex=\"-1\" aria-label=\"Prof.as. Albana Avrami\">\n\t\t\t\t<svg aria-hidden=\"true\" class=\"e-font-icon-svg e-far-arrow-alt-circle-right\" viewbox=\"0 0 512 512\" xmlns=\"http:\/\/www.w3.org\/2000\/svg\"><path d=\"M504 256C504 119 393 8 256 8S8 119 8 256s111 248 248 248 248-111 248-248zm-448 0c0-110.5 89.5-200 200-200s200 89.5 200 200-89.5 200-200 200S56 366.5 56 256zm72 20v-40c0-6.6 5.4-12 12-12h116v-67c0-10.7 12.9-16 20.5-8.5l99 99c4.7 4.7 4.7 12.3 0 17l-99 99c-7.6 7.6-20.5 2.2-20.5-8.5v-67H140c-6.6 0-12-5.4-12-12z\"><\/path><\/svg>\t\t\t\t<\/a>\n\t\t\t<\/div>\n\t\t\t\n\t\t\t\t\t\t<div class=\"elementor-icon-box-content\">\n\n\t\t\t\t\t\t\t\t\t<p class=\"elementor-icon-box-title\">\n\t\t\t\t\t\t<a href=\"\/en\/departamentet\/qendra-e-gjuheve-te-huaja\/grupi-mesimor-kerkimor-qendra-e-gjuheve-te-huaja\/gjuhe-te-tjera\/cv-albana-avrami\/\" >\n\t\t\t\t\t\t\tProf.as. Albana Avrami\t\t\t\t\t\t<\/a>\n\t\t\t\t\t<\/p>\n\t\t\t\t\n\t\t\t\t\n\t\t\t<\/div>\n\t\t\t\n\t\t<\/div>\n\t\t\t\t\t\t<\/div>\n\t\t\t\t<\/div>\n\t\t\t\t<div class=\"elementor-element elementor-element-97aac00 elementor-position-inline-end elementor-widget__width-initial elementor-mobile-position-inline-end elementor-view-default elementor-widget elementor-widget-icon-box\" data-id=\"97aac00\" data-element_type=\"widget\" data-e-type=\"widget\" data-widget_type=\"icon-box.default\">\n\t\t\t\t<div class=\"elementor-widget-container\">\n\t\t\t\t\t\t\t<div class=\"elementor-icon-box-wrapper\">\n\n\t\t\t\t\t\t<div class=\"elementor-icon-box-icon\">\n\t\t\t\t<a href=\"\/en\/departamentet\/qendra-e-gjuheve-te-huaja\/grupi-mesimor-kerkimor-qendra-e-gjuheve-te-huaja\/gjuhe-te-tjera\/cv-reko-dida\/\" class=\"elementor-icon\" tabindex=\"-1\" aria-label=\"Msc. Reko Dida\">\n\t\t\t\t<svg aria-hidden=\"true\" class=\"e-font-icon-svg e-far-arrow-alt-circle-right\" viewbox=\"0 0 512 512\" xmlns=\"http:\/\/www.w3.org\/2000\/svg\"><path d=\"M504 256C504 119 393 8 256 8S8 119 8 256s111 248 248 248 248-111 248-248zm-448 0c0-110.5 89.5-200 200-200s200 89.5 200 200-89.5 200-200 200S56 366.5 56 256zm72 20v-40c0-6.6 5.4-12 12-12h116v-67c0-10.7 12.9-16 20.5-8.5l99 99c4.7 4.7 4.7 12.3 0 17l-99 99c-7.6 7.6-20.5 2.2-20.5-8.5v-67H140c-6.6 0-12-5.4-12-12z\"><\/path><\/svg>\t\t\t\t<\/a>\n\t\t\t<\/div>\n\t\t\t\n\t\t\t\t\t\t<div class=\"elementor-icon-box-content\">\n\n\t\t\t\t\t\t\t\t\t<p class=\"elementor-icon-box-title\">\n\t\t\t\t\t\t<a href=\"\/en\/departamentet\/qendra-e-gjuheve-te-huaja\/grupi-mesimor-kerkimor-qendra-e-gjuheve-te-huaja\/gjuhe-te-tjera\/cv-reko-dida\/\" >\n\t\t\t\t\t\t\tMsc. Reko Dida\t\t\t\t\t\t<\/a>\n\t\t\t\t\t<\/p>\n\t\t\t\t\n\t\t\t\t\n\t\t\t<\/div>\n\t\t\t\n\t\t<\/div>\n\t\t\t\t\t\t<\/div>\n\t\t\t\t<\/div>\n\t\t\t\t<\/div>\n\t\t\t\t\t<\/div>\n\t\t\t\t<\/div>\n\t\t\t\t<\/div>","protected":false},"excerpt":{"rendered":"<p>An\u00ebtar\u00eb personeli akademik &#8211; Gjuh\u00eb t\u00eb Tjera Prof. Dr. Silvana Vishkurti Prof. Dr. Lindita Gjata Prof. As. Edita Stojani (Frash\u00ebri) Prof.as. Albana Avrami Msc. Reko Dida<\/p>","protected":false},"author":1,"featured_media":0,"parent":5680,"menu_order":0,"comment_status":"closed","ping_status":"closed","template":"","meta":{"footnotes":""},"class_list":["post-5709","page","type-page","status-publish","hentry"],"yoast_head":"<!-- This site is optimized with the Yoast SEO plugin v27.4 - https:\/\/yoast.com\/product\/yoast-seo-wordpress\/ -->\n<title>Gjuh\u00eb t\u00eb Tjera - Fakulteti i Inxhinieris\u00eb Matematike dhe Inxhinieris\u00eb Fizike<\/title>\n<meta name=\"robots\" content=\"index, follow, max-snippet:-1, max-image-preview:large, max-video-preview:-1\" \/>\n<link rel=\"canonical\" href=\"https:\/\/fimif.edu.al\/en\/departamentet\/qendra-e-gjuheve-te-huaja\/grupi-mesimor-kerkimor-qendra-e-gjuheve-te-huaja\/gjuhe-te-tjera\/\" \/>\n<meta property=\"og:locale\" content=\"en_GB\" \/>\n<meta property=\"og:type\" content=\"article\" \/>\n<meta property=\"og:title\" content=\"Gjuh\u00eb t\u00eb Tjera - Fakulteti i Inxhinieris\u00eb Matematike dhe Inxhinieris\u00eb Fizike\" \/>\n<meta property=\"og:description\" content=\"An\u00ebtar\u00eb personeli akademik &#8211; Gjuh\u00eb t\u00eb Tjera Prof. Dr. Silvana Vishkurti Prof. Dr. Lindita Gjata Prof. As. Edita Stojani (Frash\u00ebri) Prof.as. Albana Avrami Msc. Reko Dida\" \/>\n<meta property=\"og:url\" content=\"https:\/\/fimif.edu.al\/en\/departamentet\/qendra-e-gjuheve-te-huaja\/grupi-mesimor-kerkimor-qendra-e-gjuheve-te-huaja\/gjuhe-te-tjera\/\" \/>\n<meta property=\"og:site_name\" content=\"Fakulteti i Inxhinieris\u00eb Matematike dhe Inxhinieris\u00eb Fizike\" \/>\n<meta property=\"article:publisher\" content=\"https:\/\/www.facebook.com\/p\/Departamenti-i-Inxhinierise-Matematike-FIMIF-UPT-100077435994252\/\" \/>\n<meta property=\"article:modified_time\" content=\"2025-09-11T08:44:02+00:00\" \/>\n<meta name=\"twitter:card\" content=\"summary_large_image\" \/>\n<meta name=\"twitter:label1\" content=\"Estimated reading time\" \/>\n\t<meta name=\"twitter:data1\" content=\"1 minute\" \/>\n<script type=\"application\/ld+json\" class=\"yoast-schema-graph\">{\"@context\":\"https:\\\/\\\/schema.org\",\"@graph\":[{\"@type\":\"WebPage\",\"@id\":\"https:\\\/\\\/fimif.edu.al\\\/departamentet\\\/qendra-e-gjuheve-te-huaja\\\/grupi-mesimor-kerkimor-qendra-e-gjuheve-te-huaja\\\/gjuhe-te-tjera\\\/\",\"url\":\"https:\\\/\\\/fimif.edu.al\\\/departamentet\\\/qendra-e-gjuheve-te-huaja\\\/grupi-mesimor-kerkimor-qendra-e-gjuheve-te-huaja\\\/gjuhe-te-tjera\\\/\",\"name\":\"Gjuh\u00eb t\u00eb Tjera - Fakulteti i Inxhinieris\u00eb Matematike dhe Inxhinieris\u00eb Fizike\",\"isPartOf\":{\"@id\":\"https:\\\/\\\/fimif.edu.al\\\/#website\"},\"datePublished\":\"2025-01-10T15:14:02+00:00\",\"dateModified\":\"2025-09-11T08:44:02+00:00\",\"breadcrumb\":{\"@id\":\"https:\\\/\\\/fimif.edu.al\\\/departamentet\\\/qendra-e-gjuheve-te-huaja\\\/grupi-mesimor-kerkimor-qendra-e-gjuheve-te-huaja\\\/gjuhe-te-tjera\\\/#breadcrumb\"},\"inLanguage\":\"en-GB\",\"potentialAction\":[{\"@type\":\"ReadAction\",\"target\":[\"https:\\\/\\\/fimif.edu.al\\\/departamentet\\\/qendra-e-gjuheve-te-huaja\\\/grupi-mesimor-kerkimor-qendra-e-gjuheve-te-huaja\\\/gjuhe-te-tjera\\\/\"]}]},{\"@type\":\"BreadcrumbList\",\"@id\":\"https:\\\/\\\/fimif.edu.al\\\/departamentet\\\/qendra-e-gjuheve-te-huaja\\\/grupi-mesimor-kerkimor-qendra-e-gjuheve-te-huaja\\\/gjuhe-te-tjera\\\/#breadcrumb\",\"itemListElement\":[{\"@type\":\"ListItem\",\"position\":1,\"name\":\"Home\",\"item\":\"https:\\\/\\\/fimif.edu.al\\\/\"},{\"@type\":\"ListItem\",\"position\":2,\"name\":\"Departamentet\",\"item\":\"https:\\\/\\\/fimif.edu.al\\\/departamentet\\\/\"},{\"@type\":\"ListItem\",\"position\":3,\"name\":\"Qendra e Gjuh\u00ebve t\u00eb Huaja\",\"item\":\"https:\\\/\\\/fimif.edu.al\\\/departamentet\\\/qendra-e-gjuheve-te-huaja\\\/\"},{\"@type\":\"ListItem\",\"position\":4,\"name\":\"Grupi M\u00ebsimor K\u00ebrkimor Q\u00ebndra e Gjuh\u00ebve t\u00eb Huaja\",\"item\":\"https:\\\/\\\/fimif.edu.al\\\/departamentet\\\/qendra-e-gjuheve-te-huaja\\\/grupi-mesimor-kerkimor-qendra-e-gjuheve-te-huaja\\\/\"},{\"@type\":\"ListItem\",\"position\":5,\"name\":\"Gjuh\u00eb t\u00eb Tjera\"}]},{\"@type\":\"WebSite\",\"@id\":\"https:\\\/\\\/fimif.edu.al\\\/#website\",\"url\":\"https:\\\/\\\/fimif.edu.al\\\/\",\"name\":\"Fakulteti i Inxhinieris\u00eb Matematike dhe Inxhinieris\u00eb Fizike\",\"description\":\"FIMIF, UPT Tirane\",\"publisher\":{\"@id\":\"https:\\\/\\\/fimif.edu.al\\\/#organization\"},\"potentialAction\":[{\"@type\":\"SearchAction\",\"target\":{\"@type\":\"EntryPoint\",\"urlTemplate\":\"https:\\\/\\\/fimif.edu.al\\\/?s={search_term_string}\"},\"query-input\":{\"@type\":\"PropertyValueSpecification\",\"valueRequired\":true,\"valueName\":\"search_term_string\"}}],\"inLanguage\":\"en-GB\"},{\"@type\":\"Organization\",\"@id\":\"https:\\\/\\\/fimif.edu.al\\\/#organization\",\"name\":\"Fakulteti i Inxhinieris\u00eb Matematike dhe Inxhinieris\u00eb Fizike\",\"url\":\"https:\\\/\\\/fimif.edu.al\\\/\",\"logo\":{\"@type\":\"ImageObject\",\"inLanguage\":\"en-GB\",\"@id\":\"https:\\\/\\\/fimif.edu.al\\\/#\\\/schema\\\/logo\\\/image\\\/\",\"url\":\"https:\\\/\\\/fimif.edu.al\\\/wp-content\\\/uploads\\\/2024\\\/10\\\/Fimif-Logo.svg\",\"contentUrl\":\"https:\\\/\\\/fimif.edu.al\\\/wp-content\\\/uploads\\\/2024\\\/10\\\/Fimif-Logo.svg\",\"width\":653,\"height\":219,\"caption\":\"Fakulteti i Inxhinieris\u00eb Matematike dhe Inxhinieris\u00eb Fizike\"},\"image\":{\"@id\":\"https:\\\/\\\/fimif.edu.al\\\/#\\\/schema\\\/logo\\\/image\\\/\"},\"sameAs\":[\"https:\\\/\\\/www.facebook.com\\\/p\\\/Departamenti-i-Inxhinierise-Matematike-FIMIF-UPT-100077435994252\\\/\"]}]}<\/script>\n<!-- \/ Yoast SEO plugin. -->","yoast_head_json":{"title":"Gjuh\u00eb t\u00eb Tjera - Fakulteti i Inxhinieris\u00eb Matematike dhe Inxhinieris\u00eb Fizike","robots":{"index":"index","follow":"follow","max-snippet":"max-snippet:-1","max-image-preview":"max-image-preview:large","max-video-preview":"max-video-preview:-1"},"canonical":"https:\/\/fimif.edu.al\/en\/departamentet\/qendra-e-gjuheve-te-huaja\/grupi-mesimor-kerkimor-qendra-e-gjuheve-te-huaja\/gjuhe-te-tjera\/","og_locale":"en_GB","og_type":"article","og_title":"Gjuh\u00eb t\u00eb Tjera - Fakulteti i Inxhinieris\u00eb Matematike dhe Inxhinieris\u00eb Fizike","og_description":"An\u00ebtar\u00eb personeli akademik &#8211; Gjuh\u00eb t\u00eb Tjera Prof. Dr. Silvana Vishkurti Prof. Dr. Lindita Gjata Prof. As. Edita Stojani (Frash\u00ebri) Prof.as. Albana Avrami Msc. Reko Dida","og_url":"https:\/\/fimif.edu.al\/en\/departamentet\/qendra-e-gjuheve-te-huaja\/grupi-mesimor-kerkimor-qendra-e-gjuheve-te-huaja\/gjuhe-te-tjera\/","og_site_name":"Fakulteti i Inxhinieris\u00eb Matematike dhe Inxhinieris\u00eb Fizike","article_publisher":"https:\/\/www.facebook.com\/p\/Departamenti-i-Inxhinierise-Matematike-FIMIF-UPT-100077435994252\/","article_modified_time":"2025-09-11T08:44:02+00:00","twitter_card":"summary_large_image","twitter_misc":{"Estimated reading time":"1 minute"},"schema":{"@context":"https:\/\/schema.org","@graph":[{"@type":"WebPage","@id":"https:\/\/fimif.edu.al\/departamentet\/qendra-e-gjuheve-te-huaja\/grupi-mesimor-kerkimor-qendra-e-gjuheve-te-huaja\/gjuhe-te-tjera\/","url":"https:\/\/fimif.edu.al\/departamentet\/qendra-e-gjuheve-te-huaja\/grupi-mesimor-kerkimor-qendra-e-gjuheve-te-huaja\/gjuhe-te-tjera\/","name":"Gjuh\u00eb t\u00eb Tjera - Fakulteti i Inxhinieris\u00eb Matematike dhe Inxhinieris\u00eb Fizike","isPartOf":{"@id":"https:\/\/fimif.edu.al\/#website"},"datePublished":"2025-01-10T15:14:02+00:00","dateModified":"2025-09-11T08:44:02+00:00","breadcrumb":{"@id":"https:\/\/fimif.edu.al\/departamentet\/qendra-e-gjuheve-te-huaja\/grupi-mesimor-kerkimor-qendra-e-gjuheve-te-huaja\/gjuhe-te-tjera\/#breadcrumb"},"inLanguage":"en-GB","potentialAction":[{"@type":"ReadAction","target":["https:\/\/fimif.edu.al\/departamentet\/qendra-e-gjuheve-te-huaja\/grupi-mesimor-kerkimor-qendra-e-gjuheve-te-huaja\/gjuhe-te-tjera\/"]}]},{"@type":"BreadcrumbList","@id":"https:\/\/fimif.edu.al\/departamentet\/qendra-e-gjuheve-te-huaja\/grupi-mesimor-kerkimor-qendra-e-gjuheve-te-huaja\/gjuhe-te-tjera\/#breadcrumb","itemListElement":[{"@type":"ListItem","position":1,"name":"Home","item":"https:\/\/fimif.edu.al\/"},{"@type":"ListItem","position":2,"name":"Departamentet","item":"https:\/\/fimif.edu.al\/departamentet\/"},{"@type":"ListItem","position":3,"name":"Qendra e Gjuh\u00ebve t\u00eb Huaja","item":"https:\/\/fimif.edu.al\/departamentet\/qendra-e-gjuheve-te-huaja\/"},{"@type":"ListItem","position":4,"name":"Grupi M\u00ebsimor K\u00ebrkimor Q\u00ebndra e Gjuh\u00ebve t\u00eb Huaja","item":"https:\/\/fimif.edu.al\/departamentet\/qendra-e-gjuheve-te-huaja\/grupi-mesimor-kerkimor-qendra-e-gjuheve-te-huaja\/"},{"@type":"ListItem","position":5,"name":"Gjuh\u00eb t\u00eb Tjera"}]},{"@type":"WebSite","@id":"https:\/\/fimif.edu.al\/#website","url":"https:\/\/fimif.edu.al\/","name":"Fakulteti i Inxhinieris\u00eb Matematike dhe Inxhinieris\u00eb Fizike","description":"FIMIF, UPT Tirane","publisher":{"@id":"https:\/\/fimif.edu.al\/#organization"},"potentialAction":[{"@type":"SearchAction","target":{"@type":"EntryPoint","urlTemplate":"https:\/\/fimif.edu.al\/?s={search_term_string}"},"query-input":{"@type":"PropertyValueSpecification","valueRequired":true,"valueName":"search_term_string"}}],"inLanguage":"en-GB"},{"@type":"Organization","@id":"https:\/\/fimif.edu.al\/#organization","name":"Fakulteti i Inxhinieris\u00eb Matematike dhe Inxhinieris\u00eb Fizike","url":"https:\/\/fimif.edu.al\/","logo":{"@type":"ImageObject","inLanguage":"en-GB","@id":"https:\/\/fimif.edu.al\/#\/schema\/logo\/image\/","url":"https:\/\/fimif.edu.al\/wp-content\/uploads\/2024\/10\/Fimif-Logo.svg","contentUrl":"https:\/\/fimif.edu.al\/wp-content\/uploads\/2024\/10\/Fimif-Logo.svg","width":653,"height":219,"caption":"Fakulteti i Inxhinieris\u00eb Matematike dhe Inxhinieris\u00eb Fizike"},"image":{"@id":"https:\/\/fimif.edu.al\/#\/schema\/logo\/image\/"},"sameAs":["https:\/\/www.facebook.com\/p\/Departamenti-i-Inxhinierise-Matematike-FIMIF-UPT-100077435994252\/"]}]}},"_links":{"self":[{"href":"https:\/\/fimif.edu.al\/en\/wp-json\/wp\/v2\/pages\/5709","targetHints":{"allow":["GET"]}}],"collection":[{"href":"https:\/\/fimif.edu.al\/en\/wp-json\/wp\/v2\/pages"}],"about":[{"href":"https:\/\/fimif.edu.al\/en\/wp-json\/wp\/v2\/types\/page"}],"author":[{"embeddable":true,"href":"https:\/\/fimif.edu.al\/en\/wp-json\/wp\/v2\/users\/1"}],"replies":[{"embeddable":true,"href":"https:\/\/fimif.edu.al\/en\/wp-json\/wp\/v2\/comments?post=5709"}],"version-history":[{"count":19,"href":"https:\/\/fimif.edu.al\/en\/wp-json\/wp\/v2\/pages\/5709\/revisions"}],"predecessor-version":[{"id":7908,"href":"https:\/\/fimif.edu.al\/en\/wp-json\/wp\/v2\/pages\/5709\/revisions\/7908"}],"up":[{"embeddable":true,"href":"https:\/\/fimif.edu.al\/en\/wp-json\/wp\/v2\/pages\/5680"}],"wp:attachment":[{"href":"https:\/\/fimif.edu.al\/en\/wp-json\/wp\/v2\/media?parent=5709"}],"curies":[{"name":"wp","href":"https:\/\/api.w.org\/{rel}","templated":true}]}}