{"id":6051,"date":"2025-01-15T11:43:01","date_gmt":"2025-01-15T10:43:01","guid":{"rendered":"https:\/\/fimif.edu.al\/?page_id=6051"},"modified":"2025-01-16T14:58:02","modified_gmt":"2025-01-16T13:58:02","slug":"cv-altin-gjevori","status":"publish","type":"page","link":"https:\/\/fimif.edu.al\/en\/departamentet\/departamenti-i-inxhinierise-fizike\/grupi-mesimor-kerkimor-fizike\/shkenca-e-materialeve\/cv-altin-gjevori\/","title":{"rendered":"CV Altin GJEVORI"},"content":{"rendered":"<div data-elementor-type=\"wp-page\" data-elementor-id=\"6051\" class=\"elementor elementor-6051\" data-elementor-post-type=\"page\">\n\t\t\t\t<div class=\"elementor-element elementor-element-1087fc3 e-con-full e-flex e-con e-parent\" data-id=\"1087fc3\" data-element_type=\"container\" data-e-type=\"container\">\n\t\t\t\t<div class=\"elementor-element elementor-element-d65b559 elementor-widget elementor-widget-template\" data-id=\"d65b559\" data-element_type=\"widget\" data-e-type=\"widget\" data-widget_type=\"template.default\">\n\t\t\t\t<div class=\"elementor-widget-container\">\n\t\t\t\t\t\t\t<div class=\"elementor-template\">\n\t\t\t\t\t<div data-elementor-type=\"container\" data-elementor-id=\"3550\" class=\"elementor elementor-3550\" data-elementor-post-type=\"elementor_library\">\n\t\t\t\t<div class=\"elementor-element elementor-element-9293d27 e-flex e-con-boxed e-con e-parent\" data-id=\"9293d27\" data-element_type=\"container\" data-e-type=\"container\" data-settings=\"{&quot;background_background&quot;:&quot;classic&quot;}\">\n\t\t\t\t\t<div class=\"e-con-inner\">\n\t\t\t\t\t<\/div>\n\t\t\t\t<\/div>\n\t\t\t\t<\/div>\n\t\t\t\t<\/div>\n\t\t\t\t\t\t<\/div>\n\t\t\t\t<\/div>\n\t\t\t\t<\/div>\n\t\t<div class=\"elementor-element elementor-element-3f13a8e e-flex e-con-boxed e-con e-parent\" data-id=\"3f13a8e\" data-element_type=\"container\" data-e-type=\"container\">\n\t\t\t\t\t<div class=\"e-con-inner\">\n\t\t<div class=\"elementor-element elementor-element-cf78097 e-con-full e-flex e-con e-child\" data-id=\"cf78097\" data-element_type=\"container\" data-e-type=\"container\" data-settings=\"{&quot;background_background&quot;:&quot;classic&quot;}\">\n\t\t\t\t<div class=\"elementor-element elementor-element-e93abdb elementor-widget-divider--view-line_text elementor-widget-divider--element-align-center elementor-widget elementor-widget-divider\" data-id=\"e93abdb\" data-element_type=\"widget\" data-e-type=\"widget\" data-widget_type=\"divider.default\">\n\t\t\t\t<div class=\"elementor-widget-container\">\n\t\t\t\t\t\t\t<div class=\"elementor-divider\">\n\t\t\t<span class=\"elementor-divider-separator\">\n\t\t\t\t\t\t\t<h2 class=\"elementor-divider__text elementor-divider__element\">\n\t\t\t\tEdukimi\t\t\t\t<\/h2>\n\t\t\t\t\t\t<\/span>\n\t\t<\/div>\n\t\t\t\t\t\t<\/div>\n\t\t\t\t<\/div>\n\t\t\t\t<div class=\"elementor-element elementor-element-bf80871 elementor-widget elementor-widget-text-editor\" data-id=\"bf80871\" data-element_type=\"widget\" data-e-type=\"widget\" data-widget_type=\"text-editor.default\">\n\t\t\t\t<div class=\"elementor-widget-container\">\n\t\t\t\t\t\t\t\t\t<p><strong>Altin Gjevori<\/strong>, i lindur n\u00eb Elbasan m\u00eb 1969, \u00ebsht\u00eb diplomuar si <strong>Fizikan<\/strong>, n\u00eb Universitetin e Tiran\u00ebs, Fakulteti i Shkencave t\u00eb Natyr\u00ebs, gjat\u00eb periudh\u00ebs 1987-1992,<\/p><p><strong>Bs \/ MSc n\u00eb Fizik\u00eb (Kursi 5-Vje\u00e7ar i Fizik\u00ebs Speciale)<\/strong><\/p><p><strong>Diploma: \u201cP\u00ebrb\u00ebrja fazore e mineraleve okside t\u00eb nikelit t\u00eb Shqip\u00ebris\u00eb\u201d \u2013 Udh\u00ebheq\u00ebsi: Prof. Dr. Teuta Dilo<\/strong><\/p><p>N\u00eb vitet 1999-2006 ndjek dhe p\u00ebrfundon studimet n\u00eb <strong>Masterin e Nivelit t\u00eb Dyt\u00eb n\u00eb Fizik\u00ebn e Materies s\u00eb Kondensuar<\/strong> n\u00eb Universitetin e Bolonj\u00ebs, Departamenti i Fizik\u00ebs, Itali dhe Universitetin e Tiran\u00ebs, Fakulteti i Shkencave t\u00eb Natyr\u00ebs.<\/p><p><strong>Teza: \u201cSynthesis and characterization of Nanocrystalline Fe and Fe-FeOxide systems by Mechanical Attrition\u201d \u2013 Udh\u00ebheq\u00ebsi: Prof. Dr. Ennio Bonetti, Prof. Dr. Ilia Prifti<\/strong><\/p><p>N\u00eb vitet 2007-2010 ndjek dhe p\u00ebrfundon <strong>Studimet e Doktorat\u00ebs <\/strong>n\u00eb Leibniz \u2013 Institut f\u00fcr Oberfl\u00e4chenmodifizierung e.V., Leipzig, Gjermani, mb\u00ebshtetur financiarisht nga Fondi i Ekselenc\u00ebs i Qeveris\u00eb Shqiptare. \u00a0<\/p><p><strong>Teza: \u201cPhase Formation of Photoactive TiO<sub>2<\/sub> Thin Films by Metal Plasma Immersion Ion Implantation and Deposition\u201d \u2013 Udh\u00ebheq\u00ebsi: <\/strong><strong>Prof. Dr. Dr. h.c. Bernd Rauschenbach<\/strong><\/p><p>Merr titullin <strong>Docent <\/strong>n\u00eb 2012<\/p><p>Merr titullin\u00a0<strong>Profesor i Asociuar<\/strong>\u00a0n\u00eb 2015<\/p>\t\t\t\t\t\t\t\t<\/div>\n\t\t\t\t<\/div>\n\t\t\t\t<div class=\"elementor-element elementor-element-6bd67f2 elementor-widget-divider--view-line_text elementor-widget-divider--element-align-center elementor-widget elementor-widget-divider\" data-id=\"6bd67f2\" data-element_type=\"widget\" data-e-type=\"widget\" data-widget_type=\"divider.default\">\n\t\t\t\t<div class=\"elementor-widget-container\">\n\t\t\t\t\t\t\t<div class=\"elementor-divider\">\n\t\t\t<span class=\"elementor-divider-separator\">\n\t\t\t\t\t\t\t<h2 class=\"elementor-divider__text elementor-divider__element\">\n\t\t\t\tPun\u00ebsimi dhe funksione akademike\t\t\t\t<\/h2>\n\t\t\t\t\t\t<\/span>\n\t\t<\/div>\n\t\t\t\t\t\t<\/div>\n\t\t\t\t<\/div>\n\t\t\t\t<div class=\"elementor-element elementor-element-0f1ea44 elementor-widget elementor-widget-text-editor\" data-id=\"0f1ea44\" data-element_type=\"widget\" data-e-type=\"widget\" data-widget_type=\"text-editor.default\">\n\t\t\t\t<div class=\"elementor-widget-container\">\n\t\t\t\t\t\t\t\t\t<p>N\u00eb periudh\u00ebn 1992 \u2013 2014 punon si Lektor n\u00eb Departamentin e Fizik\u00ebs, pran\u00eb Fakultetit t\u00eb Shkencave t\u00eb Natyr\u00ebs, Universiteti i Elbasanit \u201cAleksand\u00ebr Xhuvani\u201d. Gjat\u00eb k\u00ebsaj periudhe ka qen\u00eb titullar i l\u00ebnd\u00ebve: \u201cFizik\u00eb e p\u00ebrgjith\u00ebshme\u201d, \u201cMekanik\u00eb Kuantike\u201d, \u201cFizika e Trupit t\u00eb Ngurt\u00eb\u201d.<\/p><p>N\u00eb periudh\u00ebn 2014 e n\u00eb vazhdim punon si Lektor n\u00eb Departamentin e Inxhinieris\u00eb Fizike, pran\u00eb Fakultetit t\u00eb Inxhinieris\u00eb Matematike dhe Inxhinieris\u00eb Fizike, Universiteti Politeknik i Tiran\u00ebs. Gjat\u00eb k\u00ebsaj periudhe ka qen\u00eb titullar i l\u00ebnd\u00ebve: \u201cFizika p\u00ebr inxhinierin\u00eb\u201d, \u201cShkenca dhe teknologjia e materialeve\u201d, \u201cFizika e Materialeve Elektronike\u201d.<\/p><p>N\u00eb periudh\u00ebn 2020 e n\u00eb vazhdim \u00ebsht\u00eb zgjedhur n\u00eb funksionin e Drejtuesit t\u00eb Departamentit t\u00eb Inxhinieris\u00eb Fizike, Universiteti Politeknik i Tiran\u00ebs.<\/p><p>N\u00eb periudh\u00ebn 2024 e n\u00eb vazhdim \u00ebsht\u00eb zgjedhur n\u00eb funksionin e an\u00ebtarit t\u00eb Senatit Akademik t\u00eb Universitetit Politeknik t\u00eb Tiran\u00ebs.<\/p>\t\t\t\t\t\t\t\t<\/div>\n\t\t\t\t<\/div>\n\t\t\t\t<div class=\"elementor-element elementor-element-c287e0a elementor-widget-divider--view-line_text elementor-widget-divider--element-align-center elementor-widget elementor-widget-divider\" data-id=\"c287e0a\" data-element_type=\"widget\" data-e-type=\"widget\" data-widget_type=\"divider.default\">\n\t\t\t\t<div class=\"elementor-widget-container\">\n\t\t\t\t\t\t\t<div class=\"elementor-divider\">\n\t\t\t<span class=\"elementor-divider-separator\">\n\t\t\t\t\t\t\t<h2 class=\"elementor-divider__text elementor-divider__element\">\n\t\t\t\tAktiviteti shkencor\t\t\t\t<\/h2>\n\t\t\t\t\t\t<\/span>\n\t\t<\/div>\n\t\t\t\t\t\t<\/div>\n\t\t\t\t<\/div>\n\t\t\t\t<div class=\"elementor-element elementor-element-1af26d8 elementor-widget elementor-widget-text-editor\" data-id=\"1af26d8\" data-element_type=\"widget\" data-e-type=\"widget\" data-widget_type=\"text-editor.default\">\n\t\t\t\t<div class=\"elementor-widget-container\">\n\t\t\t\t\t\t\t\t\t<p>Ka nj\u00eb pjesmarrje si autor i par\u00eb dhe bashk\u00ebautor n\u00eb mbi 30 konferenca shkencore dhe simpoziume nd\u00ebrkomb\u00ebtare dhe rreth 34 botime si autor i par\u00eb dhe bashk\u00ebautor n\u00eb revista shkencore nd\u00ebrkomb\u00ebtare.<\/p><p><strong>Fusha e k\u00ebrkimit<\/strong>: Inxhinieria e sip\u00ebrfaqeve t\u00eb materialeve, me fokus t\u00eb ve\u00e7ant\u00eb n\u00eb prodhimin dhe karakterizimin e filmave t\u00eb holl\u00eb. Vetit\u00eb termofizike t\u00eb l\u00ebngjeve.<\/p>\t\t\t\t\t\t\t\t<\/div>\n\t\t\t\t<\/div>\n\t\t\t\t<\/div>\n\t\t\t\t\t<\/div>\n\t\t\t\t<\/div>\n\t\t\t\t<\/div>","protected":false},"excerpt":{"rendered":"<p>Edukimi Altin Gjevori, i lindur n\u00eb Elbasan m\u00eb 1969, \u00ebsht\u00eb diplomuar si Fizikan, n\u00eb Universitetin e Tiran\u00ebs, Fakulteti i Shkencave t\u00eb Natyr\u00ebs, gjat\u00eb periudh\u00ebs 1987-1992, Bs \/ MSc n\u00eb Fizik\u00eb (Kursi 5-Vje\u00e7ar i Fizik\u00ebs Speciale) Diploma: \u201cP\u00ebrb\u00ebrja fazore e mineraleve okside t\u00eb nikelit t\u00eb Shqip\u00ebris\u00eb\u201d \u2013 Udh\u00ebheq\u00ebsi: Prof. Dr. Teuta Dilo N\u00eb vitet 1999-2006 ndjek [&hellip;]<\/p>\n","protected":false},"author":1,"featured_media":0,"parent":5643,"menu_order":0,"comment_status":"closed","ping_status":"closed","template":"","meta":{"footnotes":""},"class_list":["post-6051","page","type-page","status-publish","hentry"],"yoast_head":"<!-- This site is optimized with the Yoast SEO plugin v27.4 - https:\/\/yoast.com\/product\/yoast-seo-wordpress\/ -->\n<title>CV Altin GJEVORI - Fakulteti i Inxhinieris\u00eb Matematike dhe Inxhinieris\u00eb Fizike<\/title>\n<meta name=\"robots\" content=\"index, follow, max-snippet:-1, max-image-preview:large, max-video-preview:-1\" \/>\n<link rel=\"canonical\" href=\"https:\/\/fimif.edu.al\/en\/departamentet\/departamenti-i-inxhinierise-fizike\/grupi-mesimor-kerkimor-fizike\/shkenca-e-materialeve\/cv-altin-gjevori\/\" \/>\n<meta property=\"og:locale\" content=\"en_GB\" \/>\n<meta property=\"og:type\" content=\"article\" \/>\n<meta property=\"og:title\" content=\"CV Altin GJEVORI - Fakulteti i Inxhinieris\u00eb Matematike dhe Inxhinieris\u00eb Fizike\" \/>\n<meta property=\"og:description\" content=\"Edukimi Altin Gjevori, i lindur n\u00eb Elbasan m\u00eb 1969, \u00ebsht\u00eb diplomuar si Fizikan, n\u00eb Universitetin e Tiran\u00ebs, Fakulteti i Shkencave t\u00eb Natyr\u00ebs, gjat\u00eb periudh\u00ebs 1987-1992, Bs \/ MSc n\u00eb Fizik\u00eb (Kursi 5-Vje\u00e7ar i Fizik\u00ebs Speciale) Diploma: \u201cP\u00ebrb\u00ebrja fazore e mineraleve okside t\u00eb nikelit t\u00eb Shqip\u00ebris\u00eb\u201d \u2013 Udh\u00ebheq\u00ebsi: Prof. Dr. Teuta Dilo N\u00eb vitet 1999-2006 ndjek [&hellip;]\" \/>\n<meta property=\"og:url\" content=\"https:\/\/fimif.edu.al\/en\/departamentet\/departamenti-i-inxhinierise-fizike\/grupi-mesimor-kerkimor-fizike\/shkenca-e-materialeve\/cv-altin-gjevori\/\" \/>\n<meta property=\"og:site_name\" content=\"Fakulteti i Inxhinieris\u00eb Matematike dhe Inxhinieris\u00eb Fizike\" \/>\n<meta property=\"article:publisher\" content=\"https:\/\/www.facebook.com\/p\/Departamenti-i-Inxhinierise-Matematike-FIMIF-UPT-100077435994252\/\" \/>\n<meta property=\"article:modified_time\" content=\"2025-01-16T13:58:02+00:00\" \/>\n<meta name=\"twitter:card\" content=\"summary_large_image\" \/>\n<meta name=\"twitter:label1\" content=\"Estimated reading time\" \/>\n\t<meta name=\"twitter:data1\" content=\"2 minutes\" \/>\n<script type=\"application\/ld+json\" class=\"yoast-schema-graph\">{\"@context\":\"https:\\\/\\\/schema.org\",\"@graph\":[{\"@type\":\"WebPage\",\"@id\":\"https:\\\/\\\/fimif.edu.al\\\/departamentet\\\/departamenti-i-inxhinierise-fizike\\\/grupi-mesimor-kerkimor-fizike\\\/shkenca-e-materialeve\\\/cv-altin-gjevori\\\/\",\"url\":\"https:\\\/\\\/fimif.edu.al\\\/departamentet\\\/departamenti-i-inxhinierise-fizike\\\/grupi-mesimor-kerkimor-fizike\\\/shkenca-e-materialeve\\\/cv-altin-gjevori\\\/\",\"name\":\"CV Altin GJEVORI - Fakulteti i Inxhinieris\u00eb Matematike dhe Inxhinieris\u00eb Fizike\",\"isPartOf\":{\"@id\":\"https:\\\/\\\/fimif.edu.al\\\/#website\"},\"datePublished\":\"2025-01-15T10:43:01+00:00\",\"dateModified\":\"2025-01-16T13:58:02+00:00\",\"breadcrumb\":{\"@id\":\"https:\\\/\\\/fimif.edu.al\\\/departamentet\\\/departamenti-i-inxhinierise-fizike\\\/grupi-mesimor-kerkimor-fizike\\\/shkenca-e-materialeve\\\/cv-altin-gjevori\\\/#breadcrumb\"},\"inLanguage\":\"en-GB\",\"potentialAction\":[{\"@type\":\"ReadAction\",\"target\":[\"https:\\\/\\\/fimif.edu.al\\\/departamentet\\\/departamenti-i-inxhinierise-fizike\\\/grupi-mesimor-kerkimor-fizike\\\/shkenca-e-materialeve\\\/cv-altin-gjevori\\\/\"]}]},{\"@type\":\"BreadcrumbList\",\"@id\":\"https:\\\/\\\/fimif.edu.al\\\/departamentet\\\/departamenti-i-inxhinierise-fizike\\\/grupi-mesimor-kerkimor-fizike\\\/shkenca-e-materialeve\\\/cv-altin-gjevori\\\/#breadcrumb\",\"itemListElement\":[{\"@type\":\"ListItem\",\"position\":1,\"name\":\"Home\",\"item\":\"https:\\\/\\\/fimif.edu.al\\\/\"},{\"@type\":\"ListItem\",\"position\":2,\"name\":\"Departamentet\",\"item\":\"https:\\\/\\\/fimif.edu.al\\\/departamentet\\\/\"},{\"@type\":\"ListItem\",\"position\":3,\"name\":\"Departamenti i Inxhinierise Fizike\",\"item\":\"https:\\\/\\\/fimif.edu.al\\\/departamentet\\\/departamenti-i-inxhinierise-fizike\\\/\"},{\"@type\":\"ListItem\",\"position\":4,\"name\":\"Grupi M\u00ebsimor K\u00ebrkimor Fizik\u00eb\",\"item\":\"https:\\\/\\\/fimif.edu.al\\\/departamentet\\\/departamenti-i-inxhinierise-fizike\\\/grupi-mesimor-kerkimor-fizike\\\/\"},{\"@type\":\"ListItem\",\"position\":5,\"name\":\"Shkenca e Materialeve\",\"item\":\"https:\\\/\\\/fimif.edu.al\\\/departamentet\\\/departamenti-i-inxhinierise-fizike\\\/grupi-mesimor-kerkimor-fizike\\\/shkenca-e-materialeve\\\/\"},{\"@type\":\"ListItem\",\"position\":6,\"name\":\"CV Altin GJEVORI\"}]},{\"@type\":\"WebSite\",\"@id\":\"https:\\\/\\\/fimif.edu.al\\\/#website\",\"url\":\"https:\\\/\\\/fimif.edu.al\\\/\",\"name\":\"Fakulteti i Inxhinieris\u00eb Matematike dhe Inxhinieris\u00eb Fizike\",\"description\":\"FIMIF, UPT Tirane\",\"publisher\":{\"@id\":\"https:\\\/\\\/fimif.edu.al\\\/#organization\"},\"potentialAction\":[{\"@type\":\"SearchAction\",\"target\":{\"@type\":\"EntryPoint\",\"urlTemplate\":\"https:\\\/\\\/fimif.edu.al\\\/?s={search_term_string}\"},\"query-input\":{\"@type\":\"PropertyValueSpecification\",\"valueRequired\":true,\"valueName\":\"search_term_string\"}}],\"inLanguage\":\"en-GB\"},{\"@type\":\"Organization\",\"@id\":\"https:\\\/\\\/fimif.edu.al\\\/#organization\",\"name\":\"Fakulteti i Inxhinieris\u00eb Matematike dhe Inxhinieris\u00eb Fizike\",\"url\":\"https:\\\/\\\/fimif.edu.al\\\/\",\"logo\":{\"@type\":\"ImageObject\",\"inLanguage\":\"en-GB\",\"@id\":\"https:\\\/\\\/fimif.edu.al\\\/#\\\/schema\\\/logo\\\/image\\\/\",\"url\":\"https:\\\/\\\/fimif.edu.al\\\/wp-content\\\/uploads\\\/2024\\\/10\\\/Fimif-Logo.svg\",\"contentUrl\":\"https:\\\/\\\/fimif.edu.al\\\/wp-content\\\/uploads\\\/2024\\\/10\\\/Fimif-Logo.svg\",\"width\":653,\"height\":219,\"caption\":\"Fakulteti i Inxhinieris\u00eb Matematike dhe Inxhinieris\u00eb Fizike\"},\"image\":{\"@id\":\"https:\\\/\\\/fimif.edu.al\\\/#\\\/schema\\\/logo\\\/image\\\/\"},\"sameAs\":[\"https:\\\/\\\/www.facebook.com\\\/p\\\/Departamenti-i-Inxhinierise-Matematike-FIMIF-UPT-100077435994252\\\/\"]}]}<\/script>\n<!-- \/ Yoast SEO plugin. -->","yoast_head_json":{"title":"CV Altin GJEVORI - Fakulteti i Inxhinieris\u00eb Matematike dhe Inxhinieris\u00eb Fizike","robots":{"index":"index","follow":"follow","max-snippet":"max-snippet:-1","max-image-preview":"max-image-preview:large","max-video-preview":"max-video-preview:-1"},"canonical":"https:\/\/fimif.edu.al\/en\/departamentet\/departamenti-i-inxhinierise-fizike\/grupi-mesimor-kerkimor-fizike\/shkenca-e-materialeve\/cv-altin-gjevori\/","og_locale":"en_GB","og_type":"article","og_title":"CV Altin GJEVORI - Fakulteti i Inxhinieris\u00eb Matematike dhe Inxhinieris\u00eb Fizike","og_description":"Edukimi Altin Gjevori, i lindur n\u00eb Elbasan m\u00eb 1969, \u00ebsht\u00eb diplomuar si Fizikan, n\u00eb Universitetin e Tiran\u00ebs, Fakulteti i Shkencave t\u00eb Natyr\u00ebs, gjat\u00eb periudh\u00ebs 1987-1992, Bs \/ MSc n\u00eb Fizik\u00eb (Kursi 5-Vje\u00e7ar i Fizik\u00ebs Speciale) Diploma: \u201cP\u00ebrb\u00ebrja fazore e mineraleve okside t\u00eb nikelit t\u00eb Shqip\u00ebris\u00eb\u201d \u2013 Udh\u00ebheq\u00ebsi: Prof. Dr. Teuta Dilo N\u00eb vitet 1999-2006 ndjek [&hellip;]","og_url":"https:\/\/fimif.edu.al\/en\/departamentet\/departamenti-i-inxhinierise-fizike\/grupi-mesimor-kerkimor-fizike\/shkenca-e-materialeve\/cv-altin-gjevori\/","og_site_name":"Fakulteti i Inxhinieris\u00eb Matematike dhe Inxhinieris\u00eb Fizike","article_publisher":"https:\/\/www.facebook.com\/p\/Departamenti-i-Inxhinierise-Matematike-FIMIF-UPT-100077435994252\/","article_modified_time":"2025-01-16T13:58:02+00:00","twitter_card":"summary_large_image","twitter_misc":{"Estimated reading time":"2 minutes"},"schema":{"@context":"https:\/\/schema.org","@graph":[{"@type":"WebPage","@id":"https:\/\/fimif.edu.al\/departamentet\/departamenti-i-inxhinierise-fizike\/grupi-mesimor-kerkimor-fizike\/shkenca-e-materialeve\/cv-altin-gjevori\/","url":"https:\/\/fimif.edu.al\/departamentet\/departamenti-i-inxhinierise-fizike\/grupi-mesimor-kerkimor-fizike\/shkenca-e-materialeve\/cv-altin-gjevori\/","name":"CV Altin GJEVORI - Fakulteti i Inxhinieris\u00eb Matematike dhe Inxhinieris\u00eb Fizike","isPartOf":{"@id":"https:\/\/fimif.edu.al\/#website"},"datePublished":"2025-01-15T10:43:01+00:00","dateModified":"2025-01-16T13:58:02+00:00","breadcrumb":{"@id":"https:\/\/fimif.edu.al\/departamentet\/departamenti-i-inxhinierise-fizike\/grupi-mesimor-kerkimor-fizike\/shkenca-e-materialeve\/cv-altin-gjevori\/#breadcrumb"},"inLanguage":"en-GB","potentialAction":[{"@type":"ReadAction","target":["https:\/\/fimif.edu.al\/departamentet\/departamenti-i-inxhinierise-fizike\/grupi-mesimor-kerkimor-fizike\/shkenca-e-materialeve\/cv-altin-gjevori\/"]}]},{"@type":"BreadcrumbList","@id":"https:\/\/fimif.edu.al\/departamentet\/departamenti-i-inxhinierise-fizike\/grupi-mesimor-kerkimor-fizike\/shkenca-e-materialeve\/cv-altin-gjevori\/#breadcrumb","itemListElement":[{"@type":"ListItem","position":1,"name":"Home","item":"https:\/\/fimif.edu.al\/"},{"@type":"ListItem","position":2,"name":"Departamentet","item":"https:\/\/fimif.edu.al\/departamentet\/"},{"@type":"ListItem","position":3,"name":"Departamenti i Inxhinierise Fizike","item":"https:\/\/fimif.edu.al\/departamentet\/departamenti-i-inxhinierise-fizike\/"},{"@type":"ListItem","position":4,"name":"Grupi M\u00ebsimor K\u00ebrkimor Fizik\u00eb","item":"https:\/\/fimif.edu.al\/departamentet\/departamenti-i-inxhinierise-fizike\/grupi-mesimor-kerkimor-fizike\/"},{"@type":"ListItem","position":5,"name":"Shkenca e Materialeve","item":"https:\/\/fimif.edu.al\/departamentet\/departamenti-i-inxhinierise-fizike\/grupi-mesimor-kerkimor-fizike\/shkenca-e-materialeve\/"},{"@type":"ListItem","position":6,"name":"CV Altin GJEVORI"}]},{"@type":"WebSite","@id":"https:\/\/fimif.edu.al\/#website","url":"https:\/\/fimif.edu.al\/","name":"Fakulteti i Inxhinieris\u00eb Matematike dhe Inxhinieris\u00eb Fizike","description":"FIMIF, UPT Tirane","publisher":{"@id":"https:\/\/fimif.edu.al\/#organization"},"potentialAction":[{"@type":"SearchAction","target":{"@type":"EntryPoint","urlTemplate":"https:\/\/fimif.edu.al\/?s={search_term_string}"},"query-input":{"@type":"PropertyValueSpecification","valueRequired":true,"valueName":"search_term_string"}}],"inLanguage":"en-GB"},{"@type":"Organization","@id":"https:\/\/fimif.edu.al\/#organization","name":"Fakulteti i Inxhinieris\u00eb Matematike dhe Inxhinieris\u00eb Fizike","url":"https:\/\/fimif.edu.al\/","logo":{"@type":"ImageObject","inLanguage":"en-GB","@id":"https:\/\/fimif.edu.al\/#\/schema\/logo\/image\/","url":"https:\/\/fimif.edu.al\/wp-content\/uploads\/2024\/10\/Fimif-Logo.svg","contentUrl":"https:\/\/fimif.edu.al\/wp-content\/uploads\/2024\/10\/Fimif-Logo.svg","width":653,"height":219,"caption":"Fakulteti i Inxhinieris\u00eb Matematike dhe Inxhinieris\u00eb Fizike"},"image":{"@id":"https:\/\/fimif.edu.al\/#\/schema\/logo\/image\/"},"sameAs":["https:\/\/www.facebook.com\/p\/Departamenti-i-Inxhinierise-Matematike-FIMIF-UPT-100077435994252\/"]}]}},"_links":{"self":[{"href":"https:\/\/fimif.edu.al\/en\/wp-json\/wp\/v2\/pages\/6051","targetHints":{"allow":["GET"]}}],"collection":[{"href":"https:\/\/fimif.edu.al\/en\/wp-json\/wp\/v2\/pages"}],"about":[{"href":"https:\/\/fimif.edu.al\/en\/wp-json\/wp\/v2\/types\/page"}],"author":[{"embeddable":true,"href":"https:\/\/fimif.edu.al\/en\/wp-json\/wp\/v2\/users\/1"}],"replies":[{"embeddable":true,"href":"https:\/\/fimif.edu.al\/en\/wp-json\/wp\/v2\/comments?post=6051"}],"version-history":[{"count":10,"href":"https:\/\/fimif.edu.al\/en\/wp-json\/wp\/v2\/pages\/6051\/revisions"}],"predecessor-version":[{"id":6316,"href":"https:\/\/fimif.edu.al\/en\/wp-json\/wp\/v2\/pages\/6051\/revisions\/6316"}],"up":[{"embeddable":true,"href":"https:\/\/fimif.edu.al\/en\/wp-json\/wp\/v2\/pages\/5643"}],"wp:attachment":[{"href":"https:\/\/fimif.edu.al\/en\/wp-json\/wp\/v2\/media?parent=6051"}],"curies":[{"name":"wp","href":"https:\/\/api.w.org\/{rel}","templated":true}]}}