{"id":6090,"date":"2025-01-15T12:21:53","date_gmt":"2025-01-15T11:21:53","guid":{"rendered":"https:\/\/fimif.edu.al\/?page_id=6090"},"modified":"2025-01-16T19:57:24","modified_gmt":"2025-01-16T18:57:24","slug":"cv-dafina-xhako","status":"publish","type":"page","link":"https:\/\/fimif.edu.al\/en\/departamentet\/departamenti-i-inxhinierise-fizike\/grupi-mesimor-kerkimor-fizike\/optika-e-zbatuar\/cv-dafina-xhako\/","title":{"rendered":"CV Dafina XHAKO"},"content":{"rendered":"<div data-elementor-type=\"wp-page\" data-elementor-id=\"6090\" class=\"elementor elementor-6090\" data-elementor-post-type=\"page\">\n\t\t\t\t<div class=\"elementor-element elementor-element-1087fc3 e-con-full e-flex e-con e-parent\" data-id=\"1087fc3\" data-element_type=\"container\" data-e-type=\"container\">\n\t\t\t\t<div class=\"elementor-element elementor-element-d65b559 elementor-widget elementor-widget-template\" data-id=\"d65b559\" data-element_type=\"widget\" data-e-type=\"widget\" data-widget_type=\"template.default\">\n\t\t\t\t<div class=\"elementor-widget-container\">\n\t\t\t\t\t\t\t<div class=\"elementor-template\">\n\t\t\t\t\t<div data-elementor-type=\"container\" data-elementor-id=\"3550\" class=\"elementor elementor-3550\" data-elementor-post-type=\"elementor_library\">\n\t\t\t\t<div class=\"elementor-element elementor-element-9293d27 e-flex e-con-boxed e-con e-parent\" data-id=\"9293d27\" data-element_type=\"container\" data-e-type=\"container\" data-settings=\"{&quot;background_background&quot;:&quot;classic&quot;}\">\n\t\t\t\t\t<div class=\"e-con-inner\">\n\t\t\t\t\t<\/div>\n\t\t\t\t<\/div>\n\t\t\t\t<\/div>\n\t\t\t\t<\/div>\n\t\t\t\t\t\t<\/div>\n\t\t\t\t<\/div>\n\t\t\t\t<\/div>\n\t\t<div class=\"elementor-element elementor-element-3f13a8e e-flex e-con-boxed e-con e-parent\" data-id=\"3f13a8e\" data-element_type=\"container\" data-e-type=\"container\">\n\t\t\t\t\t<div class=\"e-con-inner\">\n\t\t<div class=\"elementor-element elementor-element-cf78097 e-con-full e-flex e-con e-child\" data-id=\"cf78097\" data-element_type=\"container\" data-e-type=\"container\" data-settings=\"{&quot;background_background&quot;:&quot;classic&quot;}\">\n\t\t\t\t<div class=\"elementor-element elementor-element-e93abdb elementor-widget-divider--view-line_text elementor-widget-divider--element-align-center elementor-widget elementor-widget-divider\" data-id=\"e93abdb\" data-element_type=\"widget\" data-e-type=\"widget\" data-widget_type=\"divider.default\">\n\t\t\t\t<div class=\"elementor-widget-container\">\n\t\t\t\t\t\t\t<div class=\"elementor-divider\">\n\t\t\t<span class=\"elementor-divider-separator\">\n\t\t\t\t\t\t\t<h2 class=\"elementor-divider__text elementor-divider__element\">\n\t\t\t\tEdukimi\t\t\t\t<\/h2>\n\t\t\t\t\t\t<\/span>\n\t\t<\/div>\n\t\t\t\t\t\t<\/div>\n\t\t\t\t<\/div>\n\t\t\t\t<div class=\"elementor-element elementor-element-bf80871 elementor-widget elementor-widget-text-editor\" data-id=\"bf80871\" data-element_type=\"widget\" data-e-type=\"widget\" data-widget_type=\"text-editor.default\">\n\t\t\t\t<div class=\"elementor-widget-container\">\n\t\t\t\t\t\t\t\t\t<p><strong>Dafina Xhako<\/strong> lindur n\u00eb Miras, Devoll 1984, \u00ebsht\u00eb Diplomuar n\u00eb deg\u00ebn 5-vje\u00e7are t\u00eb kursit special n\u00eb Fizik\u00eb, duke marr\u00eb titullin \u201cFizikan\u201d <strong>(2002-2007),<\/strong> n\u00eb Departamentin e Fizik\u00ebs, Fakulteti i Shkencave t\u00eb Natyr\u00ebs, Universiteti i Tiran\u00ebs.<\/p><p><strong>2010-2012<\/strong>, studimet n\u00eb Ciklin Master i Shkencave i Nivelit t\u00eb dyt\u00eb (MND) n\u00eb Fizik\u00eb Llogarit\u00ebse, n\u00eb Departamentin e Fizik\u00ebs, Fakulteti i Shkencave t\u00eb Natyr\u00ebs, Universiteti i Tiran\u00ebs.<\/p><p><strong>2011-2014<\/strong>, Doktorat\u00eb n\u00eb Fizik\u00eb, profili Fizik\u00eb Llogrit\u00ebse, pran\u00eb Departamentit t\u00eb Fizik\u00ebs, Fakulteti i Shkencave t\u00eb Natyr\u00ebs, Universiteti i Tiran\u00ebs.<\/p><p><strong>2020 \u2013 <\/strong>Fiton titullin<strong> \u201cProfesor i Asociuar\u201d <\/strong>n\u00eb Departamentin e Inxhinieris\u00eb Fizike, Fakulteti i Inxhinieris\u00eb Matematike dhe Inxhinieris\u00eb Fizike, Universiteti Politeknik i Tiran\u00ebs.<\/p>\t\t\t\t\t\t\t\t<\/div>\n\t\t\t\t<\/div>\n\t\t\t\t<div class=\"elementor-element elementor-element-6bd67f2 elementor-widget-divider--view-line_text elementor-widget-divider--element-align-center elementor-widget elementor-widget-divider\" data-id=\"6bd67f2\" data-element_type=\"widget\" data-e-type=\"widget\" data-widget_type=\"divider.default\">\n\t\t\t\t<div class=\"elementor-widget-container\">\n\t\t\t\t\t\t\t<div class=\"elementor-divider\">\n\t\t\t<span class=\"elementor-divider-separator\">\n\t\t\t\t\t\t\t<h2 class=\"elementor-divider__text elementor-divider__element\">\n\t\t\t\tPun\u00ebsimi dhe funksione akademike\t\t\t\t<\/h2>\n\t\t\t\t\t\t<\/span>\n\t\t<\/div>\n\t\t\t\t\t\t<\/div>\n\t\t\t\t<\/div>\n\t\t\t\t<div class=\"elementor-element elementor-element-0f1ea44 elementor-widget elementor-widget-text-editor\" data-id=\"0f1ea44\" data-element_type=\"widget\" data-e-type=\"widget\" data-widget_type=\"text-editor.default\">\n\t\t\t\t<div class=\"elementor-widget-container\">\n\t\t\t\t\t\t\t\t\t<p><strong>2014-2020<\/strong>, Lektor i par\u00eb n\u00eb Departamentin e Inxhinieris\u00eb Fizike, Fakulteti i Inxhinieris\u00eb Matematike dhe Inxhinieris\u00eb Fizike, Universiteti Politeknik i Tiran\u00ebs.<\/p><p><strong>2020-2025, <\/strong>Profesor i Asociuar n\u00eb Departamentin e Inxhinieris\u00eb Fizike, Fakulteti i Inxhinieris\u00eb Matematike dhe Inxhinieris\u00eb Fizike, Universiteti Politeknik i Tiran\u00ebs.<\/p><p><strong>2013-2014<\/strong>, Lektor n\u00eb Fakultetin e Shkencave Mjek\u00ebsore, Universiteti \u201cAldent\u201d Tiran\u00eb.<\/p><p><strong>2010-2013<\/strong>, Lektor n\u00eb Fakultetin e Studimeve Profesionale, Universiteti \u201cAleksand\u00ebr Moisiu\u201d Durrr\u00ebs.<\/p><p>Titullar i l\u00ebnd\u00ebve <em>Fizik\u00eb 1 <\/em>dhe<em> Fizik\u00eb 2<\/em>\u2013 Bachelor n\u00eb Inxhinierin\u00eb Mekanike &amp; Inxhinierin\u00eb Materiale (UPT); <em>Mekanik\u00eb e Mjediseve t\u00eb Vazhduara<\/em>\u2013 Bachelor n\u00eb Inxhinierin\u00eb Matematike (UPT); <em>Bazat e Imazheris\u00eb Mjek\u00ebsore <\/em>&#8211; Master Shkencor n\u00eb Inxhinieri Fizike, profili \u201cFizikan Mjek\u00ebsor\u201d (UPT)<\/p>\t\t\t\t\t\t\t\t<\/div>\n\t\t\t\t<\/div>\n\t\t\t\t<div class=\"elementor-element elementor-element-e0c3666 elementor-widget-divider--view-line_text elementor-widget-divider--element-align-center elementor-widget elementor-widget-divider\" data-id=\"e0c3666\" data-element_type=\"widget\" data-e-type=\"widget\" data-widget_type=\"divider.default\">\n\t\t\t\t<div class=\"elementor-widget-container\">\n\t\t\t\t\t\t\t<div class=\"elementor-divider\">\n\t\t\t<span class=\"elementor-divider-separator\">\n\t\t\t\t\t\t\t<h2 class=\"elementor-divider__text elementor-divider__element\">\n\t\t\t\tFunksione akademike\t\t\t\t<\/h2>\n\t\t\t\t\t\t<\/span>\n\t\t<\/div>\n\t\t\t\t\t\t<\/div>\n\t\t\t\t<\/div>\n\t\t\t\t<div class=\"elementor-element elementor-element-bd13c66 elementor-widget elementor-widget-text-editor\" data-id=\"bd13c66\" data-element_type=\"widget\" data-e-type=\"widget\" data-widget_type=\"text-editor.default\">\n\t\t\t\t<div class=\"elementor-widget-container\">\n\t\t\t\t\t\t\t\t\t<p><strong>Qershor 2024-vazhdim, <\/strong>An\u00ebtar i K\u00ebshillit t\u00eb Profesor\u00ebve, t\u00eb Fakultetit t\u00eb Inxhinieris\u00eb Matematike dhe Inxhinieris\u00eb Fizike, Universiteti Politeknik i Tiran\u00ebs.<\/p><p><strong>Nentor 2024-vazhdim<\/strong>, P\u00ebrgjegj\u00ebs i Grupit M\u00ebsimor-K\u00ebrkimor \u201cOptik\u00eb e Zbatuar\u201d, n\u00eb Departamentin e Inxhinieris\u00eb Fizike, Fakulteti i Inxhinieris\u00eb Matematike dhe Inxhinieris\u00eb Fizike, Universiteti Politeknik i Tiran\u00ebs<\/p>\t\t\t\t\t\t\t\t<\/div>\n\t\t\t\t<\/div>\n\t\t\t\t<div class=\"elementor-element elementor-element-9f75091 elementor-widget-divider--view-line_text elementor-widget-divider--element-align-center elementor-widget elementor-widget-divider\" data-id=\"9f75091\" data-element_type=\"widget\" data-e-type=\"widget\" data-widget_type=\"divider.default\">\n\t\t\t\t<div class=\"elementor-widget-container\">\n\t\t\t\t\t\t\t<div class=\"elementor-divider\">\n\t\t\t<span class=\"elementor-divider-separator\">\n\t\t\t\t\t\t\t<h2 class=\"elementor-divider__text elementor-divider__element\">\n\t\t\t\tFunksione t\u00eb tjera\t\t\t\t<\/h2>\n\t\t\t\t\t\t<\/span>\n\t\t<\/div>\n\t\t\t\t\t\t<\/div>\n\t\t\t\t<\/div>\n\t\t\t\t<div class=\"elementor-element elementor-element-d71a7a5 elementor-widget elementor-widget-text-editor\" data-id=\"d71a7a5\" data-element_type=\"widget\" data-e-type=\"widget\" data-widget_type=\"text-editor.default\">\n\t\t\t\t<div class=\"elementor-widget-container\">\n\t\t\t\t\t\t\t\t\t<ul><li>Ekspert i grupeve t\u00eb vler\u00ebsimit t\u00eb jasht\u00ebm p\u00ebr ASCAL (Quality Assurance Agency in Higher Education).<\/li><li>An\u00ebtare e \u201c<em>Shoqat\u00ebs Shqip\u00ebtare t\u00eb Fizik\u00ebs Mjek\u00ebsore<\/em>\u201d (Albanian Associations of Medical Physics).<\/li><li>Drejtuese e organizat\u00ebs jo-fitimprur\u00ebse \u201c<em>Instituti p\u00ebr Cil\u00ebsi n\u00eb Arsim<\/em>\u201d (IQE).<\/li><li>An\u00ebtare e eksperimentit CMS (<em>The Compact Muon Solenoid<\/em>)\/CERN (The European Organization for Nuclear Research) 2024-2029.<\/li><li>Koordinatore e grupit k\u00ebrkimor-shkencor &#8220;<em>Artificial Intelligence in Medicine<\/em>&#8221; Ai4med -https:\/\/ai4med.net\/, 2022 \u2013 vazhdim.<\/li><li>An\u00ebtare e grupit k\u00ebrkimor shkencor &#8220;<em>AI Applications in Medical Imaging Research<\/em>&#8220;, pjes\u00eb e institutit NanoAlb. <a href=\"https:\/\/nanoalb.al\/nanoalb\/services.php\">https:\/\/nanoalb.al\/nanoalb\/services.php<\/a>, 2023 &#8211; vazhdim.<\/li><li>Drejtuese e grupit t\u00eb pun\u00ebs t\u00eb vler\u00ebsimit t\u00eb brendsh\u00ebm \u201cRaportit i Vet-Vler\u00ebsimit p\u00ebr programin e studimit Bch. n\u00eb Inxhinieri Fizike, n\u00eb Departamentin e Inxhinieris\u00eb Fizike, Fakulteti i Inxhinieris\u00eb Matematike dhe Inxhinieris\u00eb Fizike, Universiteti Politeknik i Tiran\u00ebs<\/li><\/ul>\t\t\t\t\t\t\t\t<\/div>\n\t\t\t\t<\/div>\n\t\t\t\t<div class=\"elementor-element elementor-element-c287e0a elementor-widget-divider--view-line_text elementor-widget-divider--element-align-center elementor-widget elementor-widget-divider\" data-id=\"c287e0a\" data-element_type=\"widget\" data-e-type=\"widget\" data-widget_type=\"divider.default\">\n\t\t\t\t<div class=\"elementor-widget-container\">\n\t\t\t\t\t\t\t<div class=\"elementor-divider\">\n\t\t\t<span class=\"elementor-divider-separator\">\n\t\t\t\t\t\t\t<h2 class=\"elementor-divider__text elementor-divider__element\">\n\t\t\t\tAktiviteti shkencor\t\t\t\t<\/h2>\n\t\t\t\t\t\t<\/span>\n\t\t<\/div>\n\t\t\t\t\t\t<\/div>\n\t\t\t\t<\/div>\n\t\t\t\t<div class=\"elementor-element elementor-element-1af26d8 elementor-widget elementor-widget-text-editor\" data-id=\"1af26d8\" data-element_type=\"widget\" data-e-type=\"widget\" data-widget_type=\"text-editor.default\">\n\t\t\t\t<div class=\"elementor-widget-container\">\n\t\t\t\t\t\t\t\t\t<p>Autore e rreth 37 artikujve shkencor\u00eb t\u00eb botuar n\u00eb periodik\u00eb shkencor\u00eb dhe revista me peer-review komb\u00ebtare dhe nd\u00ebrkomb\u00ebtar\u00eb. Referuese n\u00eb rreth 25 konferenca komb\u00ebtare dhe nd\u00ebrkomb\u00ebtare. An\u00ebtare e Bordit Editorial t\u00eb mbi 4 Revistave Shkencore komb\u00ebtare dhe nd\u00ebrkomb\u00ebtare. \u00a0Pjes\u00ebmarr\u00ebse si an\u00ebtare dhe drejtuese e rreth 9 projekteve k\u00ebrkimore komb\u00ebtare dhe nd\u00ebrkomb\u00ebtare. Pjes\u00ebmarr\u00ebse si an\u00ebtare e komitetit shkencor dhe organizativ t\u00eb rreth 7 konferencave komb\u00ebtare dhe nd\u00ebrkomb\u00ebtare. Pjes\u00ebmarrje n\u00eb 16 trajnime profesionale t\u00eb ccertifikuara. Reviewer e \u00e7ertifikuar e revistave nd\u00ebrkomb\u00ebtare: &#8220;<em>Physica Medica<\/em>&#8220;, &#8220;<em>AIA &#8211; Artificial Intelligence and Applications<\/em>&#8220;, &#8220;<em>Interdisciplinary Journal of Research and Development (IJRD)<\/em>&#8220;. Udh\u00ebheq\u00ebse shkencore e dy doktoratave, 2023-vazhdim.<\/p>\t\t\t\t\t\t\t\t<\/div>\n\t\t\t\t<\/div>\n\t\t\t\t<div class=\"elementor-element elementor-element-48f3878 elementor-widget-divider--view-line_text elementor-widget-divider--element-align-center elementor-widget elementor-widget-divider\" data-id=\"48f3878\" data-element_type=\"widget\" data-e-type=\"widget\" data-widget_type=\"divider.default\">\n\t\t\t\t<div class=\"elementor-widget-container\">\n\t\t\t\t\t\t\t<div class=\"elementor-divider\">\n\t\t\t<span class=\"elementor-divider-separator\">\n\t\t\t\t\t\t\t<h2 class=\"elementor-divider__text elementor-divider__element\">\n\t\t\t\tAktiviteti shkencor\t\t\t\t<\/h2>\n\t\t\t\t\t\t<\/span>\n\t\t<\/div>\n\t\t\t\t\t\t<\/div>\n\t\t\t\t<\/div>\n\t\t\t\t<div class=\"elementor-element elementor-element-024b3c0 elementor-widget elementor-widget-text-editor\" data-id=\"024b3c0\" data-element_type=\"widget\" data-e-type=\"widget\" data-widget_type=\"text-editor.default\">\n\t\t\t\t<div class=\"elementor-widget-container\">\n\t\t\t\t\t\t\t\t\t<p><strong>Fizik\u00eb Teorike<\/strong> &#8211; Llogarit\u00ebse; Simulime Numerike t\u00eb QCD-s\u00eb rrjetore; Fizik\u00eb Mjek\u00ebsore; Procesim i Imazheve Mjek\u00ebsore; Integrimi i Inteligjences Artificiale n\u00eb p\u00ebrcaktimin e parametrave t\u00eb imazheve mjek\u00ebsore, Deep Learning Algorithms, Rrjetat Neuronike ne parashikim etj<\/p>\t\t\t\t\t\t\t\t<\/div>\n\t\t\t\t<\/div>\n\t\t\t\t<\/div>\n\t\t\t\t\t<\/div>\n\t\t\t\t<\/div>\n\t\t\t\t<\/div>","protected":false},"excerpt":{"rendered":"<p>Edukimi Dafina Xhako lindur n\u00eb Miras, Devoll 1984, \u00ebsht\u00eb Diplomuar n\u00eb deg\u00ebn 5-vje\u00e7are t\u00eb kursit special n\u00eb Fizik\u00eb, duke marr\u00eb titullin \u201cFizikan\u201d (2002-2007), n\u00eb Departamentin e Fizik\u00ebs, Fakulteti i Shkencave t\u00eb Natyr\u00ebs, Universiteti i Tiran\u00ebs. 2010-2012, studimet n\u00eb Ciklin Master i Shkencave i Nivelit t\u00eb dyt\u00eb (MND) n\u00eb Fizik\u00eb Llogarit\u00ebse, n\u00eb Departamentin e Fizik\u00ebs, Fakulteti [&hellip;]<\/p>\n","protected":false},"author":1,"featured_media":0,"parent":5658,"menu_order":0,"comment_status":"closed","ping_status":"closed","template":"","meta":{"footnotes":""},"class_list":["post-6090","page","type-page","status-publish","hentry"],"yoast_head":"<!-- This site is optimized with the Yoast SEO plugin v27.4 - https:\/\/yoast.com\/product\/yoast-seo-wordpress\/ -->\n<title>CV Dafina XHAKO - Fakulteti i Inxhinieris\u00eb Matematike dhe Inxhinieris\u00eb Fizike<\/title>\n<meta name=\"robots\" content=\"index, follow, max-snippet:-1, max-image-preview:large, max-video-preview:-1\" \/>\n<link rel=\"canonical\" href=\"https:\/\/fimif.edu.al\/en\/departamentet\/departamenti-i-inxhinierise-fizike\/grupi-mesimor-kerkimor-fizike\/optika-e-zbatuar\/cv-dafina-xhako\/\" \/>\n<meta property=\"og:locale\" content=\"en_GB\" \/>\n<meta property=\"og:type\" content=\"article\" \/>\n<meta property=\"og:title\" content=\"CV Dafina XHAKO - Fakulteti i Inxhinieris\u00eb Matematike dhe Inxhinieris\u00eb Fizike\" \/>\n<meta property=\"og:description\" content=\"Edukimi Dafina Xhako lindur n\u00eb Miras, Devoll 1984, \u00ebsht\u00eb Diplomuar n\u00eb deg\u00ebn 5-vje\u00e7are t\u00eb kursit special n\u00eb Fizik\u00eb, duke marr\u00eb titullin \u201cFizikan\u201d (2002-2007), n\u00eb Departamentin e Fizik\u00ebs, Fakulteti i Shkencave t\u00eb Natyr\u00ebs, Universiteti i Tiran\u00ebs. 2010-2012, studimet n\u00eb Ciklin Master i Shkencave i Nivelit t\u00eb dyt\u00eb (MND) n\u00eb Fizik\u00eb Llogarit\u00ebse, n\u00eb Departamentin e Fizik\u00ebs, Fakulteti [&hellip;]\" \/>\n<meta property=\"og:url\" content=\"https:\/\/fimif.edu.al\/en\/departamentet\/departamenti-i-inxhinierise-fizike\/grupi-mesimor-kerkimor-fizike\/optika-e-zbatuar\/cv-dafina-xhako\/\" \/>\n<meta property=\"og:site_name\" content=\"Fakulteti i Inxhinieris\u00eb Matematike dhe Inxhinieris\u00eb Fizike\" \/>\n<meta property=\"article:publisher\" content=\"https:\/\/www.facebook.com\/p\/Departamenti-i-Inxhinierise-Matematike-FIMIF-UPT-100077435994252\/\" \/>\n<meta property=\"article:modified_time\" content=\"2025-01-16T18:57:24+00:00\" \/>\n<meta name=\"twitter:card\" content=\"summary_large_image\" \/>\n<meta name=\"twitter:label1\" content=\"Estimated reading time\" \/>\n\t<meta name=\"twitter:data1\" content=\"3 minutes\" \/>\n<script type=\"application\/ld+json\" class=\"yoast-schema-graph\">{\"@context\":\"https:\\\/\\\/schema.org\",\"@graph\":[{\"@type\":\"WebPage\",\"@id\":\"https:\\\/\\\/fimif.edu.al\\\/departamentet\\\/departamenti-i-inxhinierise-fizike\\\/grupi-mesimor-kerkimor-fizike\\\/optika-e-zbatuar\\\/cv-dafina-xhako\\\/\",\"url\":\"https:\\\/\\\/fimif.edu.al\\\/departamentet\\\/departamenti-i-inxhinierise-fizike\\\/grupi-mesimor-kerkimor-fizike\\\/optika-e-zbatuar\\\/cv-dafina-xhako\\\/\",\"name\":\"CV Dafina XHAKO - Fakulteti i Inxhinieris\u00eb Matematike dhe Inxhinieris\u00eb Fizike\",\"isPartOf\":{\"@id\":\"https:\\\/\\\/fimif.edu.al\\\/#website\"},\"datePublished\":\"2025-01-15T11:21:53+00:00\",\"dateModified\":\"2025-01-16T18:57:24+00:00\",\"breadcrumb\":{\"@id\":\"https:\\\/\\\/fimif.edu.al\\\/departamentet\\\/departamenti-i-inxhinierise-fizike\\\/grupi-mesimor-kerkimor-fizike\\\/optika-e-zbatuar\\\/cv-dafina-xhako\\\/#breadcrumb\"},\"inLanguage\":\"en-GB\",\"potentialAction\":[{\"@type\":\"ReadAction\",\"target\":[\"https:\\\/\\\/fimif.edu.al\\\/departamentet\\\/departamenti-i-inxhinierise-fizike\\\/grupi-mesimor-kerkimor-fizike\\\/optika-e-zbatuar\\\/cv-dafina-xhako\\\/\"]}]},{\"@type\":\"BreadcrumbList\",\"@id\":\"https:\\\/\\\/fimif.edu.al\\\/departamentet\\\/departamenti-i-inxhinierise-fizike\\\/grupi-mesimor-kerkimor-fizike\\\/optika-e-zbatuar\\\/cv-dafina-xhako\\\/#breadcrumb\",\"itemListElement\":[{\"@type\":\"ListItem\",\"position\":1,\"name\":\"Home\",\"item\":\"https:\\\/\\\/fimif.edu.al\\\/\"},{\"@type\":\"ListItem\",\"position\":2,\"name\":\"Departamentet\",\"item\":\"https:\\\/\\\/fimif.edu.al\\\/departamentet\\\/\"},{\"@type\":\"ListItem\",\"position\":3,\"name\":\"Departamenti i Inxhinierise Fizike\",\"item\":\"https:\\\/\\\/fimif.edu.al\\\/departamentet\\\/departamenti-i-inxhinierise-fizike\\\/\"},{\"@type\":\"ListItem\",\"position\":4,\"name\":\"Grupi M\u00ebsimor K\u00ebrkimor Fizik\u00eb\",\"item\":\"https:\\\/\\\/fimif.edu.al\\\/departamentet\\\/departamenti-i-inxhinierise-fizike\\\/grupi-mesimor-kerkimor-fizike\\\/\"},{\"@type\":\"ListItem\",\"position\":5,\"name\":\"Optika e Zbatuar\",\"item\":\"https:\\\/\\\/fimif.edu.al\\\/departamentet\\\/departamenti-i-inxhinierise-fizike\\\/grupi-mesimor-kerkimor-fizike\\\/optika-e-zbatuar\\\/\"},{\"@type\":\"ListItem\",\"position\":6,\"name\":\"CV Dafina XHAKO\"}]},{\"@type\":\"WebSite\",\"@id\":\"https:\\\/\\\/fimif.edu.al\\\/#website\",\"url\":\"https:\\\/\\\/fimif.edu.al\\\/\",\"name\":\"Fakulteti i Inxhinieris\u00eb Matematike dhe Inxhinieris\u00eb Fizike\",\"description\":\"FIMIF, UPT Tirane\",\"publisher\":{\"@id\":\"https:\\\/\\\/fimif.edu.al\\\/#organization\"},\"potentialAction\":[{\"@type\":\"SearchAction\",\"target\":{\"@type\":\"EntryPoint\",\"urlTemplate\":\"https:\\\/\\\/fimif.edu.al\\\/?s={search_term_string}\"},\"query-input\":{\"@type\":\"PropertyValueSpecification\",\"valueRequired\":true,\"valueName\":\"search_term_string\"}}],\"inLanguage\":\"en-GB\"},{\"@type\":\"Organization\",\"@id\":\"https:\\\/\\\/fimif.edu.al\\\/#organization\",\"name\":\"Fakulteti i Inxhinieris\u00eb Matematike dhe Inxhinieris\u00eb Fizike\",\"url\":\"https:\\\/\\\/fimif.edu.al\\\/\",\"logo\":{\"@type\":\"ImageObject\",\"inLanguage\":\"en-GB\",\"@id\":\"https:\\\/\\\/fimif.edu.al\\\/#\\\/schema\\\/logo\\\/image\\\/\",\"url\":\"https:\\\/\\\/fimif.edu.al\\\/wp-content\\\/uploads\\\/2024\\\/10\\\/Fimif-Logo.svg\",\"contentUrl\":\"https:\\\/\\\/fimif.edu.al\\\/wp-content\\\/uploads\\\/2024\\\/10\\\/Fimif-Logo.svg\",\"width\":653,\"height\":219,\"caption\":\"Fakulteti i Inxhinieris\u00eb Matematike dhe Inxhinieris\u00eb Fizike\"},\"image\":{\"@id\":\"https:\\\/\\\/fimif.edu.al\\\/#\\\/schema\\\/logo\\\/image\\\/\"},\"sameAs\":[\"https:\\\/\\\/www.facebook.com\\\/p\\\/Departamenti-i-Inxhinierise-Matematike-FIMIF-UPT-100077435994252\\\/\"]}]}<\/script>\n<!-- \/ Yoast SEO plugin. -->","yoast_head_json":{"title":"CV Dafina XHAKO - Fakulteti i Inxhinieris\u00eb Matematike dhe Inxhinieris\u00eb Fizike","robots":{"index":"index","follow":"follow","max-snippet":"max-snippet:-1","max-image-preview":"max-image-preview:large","max-video-preview":"max-video-preview:-1"},"canonical":"https:\/\/fimif.edu.al\/en\/departamentet\/departamenti-i-inxhinierise-fizike\/grupi-mesimor-kerkimor-fizike\/optika-e-zbatuar\/cv-dafina-xhako\/","og_locale":"en_GB","og_type":"article","og_title":"CV Dafina XHAKO - Fakulteti i Inxhinieris\u00eb Matematike dhe Inxhinieris\u00eb Fizike","og_description":"Edukimi Dafina Xhako lindur n\u00eb Miras, Devoll 1984, \u00ebsht\u00eb Diplomuar n\u00eb deg\u00ebn 5-vje\u00e7are t\u00eb kursit special n\u00eb Fizik\u00eb, duke marr\u00eb titullin \u201cFizikan\u201d (2002-2007), n\u00eb Departamentin e Fizik\u00ebs, Fakulteti i Shkencave t\u00eb Natyr\u00ebs, Universiteti i Tiran\u00ebs. 2010-2012, studimet n\u00eb Ciklin Master i Shkencave i Nivelit t\u00eb dyt\u00eb (MND) n\u00eb Fizik\u00eb Llogarit\u00ebse, n\u00eb Departamentin e Fizik\u00ebs, Fakulteti [&hellip;]","og_url":"https:\/\/fimif.edu.al\/en\/departamentet\/departamenti-i-inxhinierise-fizike\/grupi-mesimor-kerkimor-fizike\/optika-e-zbatuar\/cv-dafina-xhako\/","og_site_name":"Fakulteti i Inxhinieris\u00eb Matematike dhe Inxhinieris\u00eb Fizike","article_publisher":"https:\/\/www.facebook.com\/p\/Departamenti-i-Inxhinierise-Matematike-FIMIF-UPT-100077435994252\/","article_modified_time":"2025-01-16T18:57:24+00:00","twitter_card":"summary_large_image","twitter_misc":{"Estimated reading time":"3 minutes"},"schema":{"@context":"https:\/\/schema.org","@graph":[{"@type":"WebPage","@id":"https:\/\/fimif.edu.al\/departamentet\/departamenti-i-inxhinierise-fizike\/grupi-mesimor-kerkimor-fizike\/optika-e-zbatuar\/cv-dafina-xhako\/","url":"https:\/\/fimif.edu.al\/departamentet\/departamenti-i-inxhinierise-fizike\/grupi-mesimor-kerkimor-fizike\/optika-e-zbatuar\/cv-dafina-xhako\/","name":"CV Dafina XHAKO - Fakulteti i Inxhinieris\u00eb Matematike dhe Inxhinieris\u00eb Fizike","isPartOf":{"@id":"https:\/\/fimif.edu.al\/#website"},"datePublished":"2025-01-15T11:21:53+00:00","dateModified":"2025-01-16T18:57:24+00:00","breadcrumb":{"@id":"https:\/\/fimif.edu.al\/departamentet\/departamenti-i-inxhinierise-fizike\/grupi-mesimor-kerkimor-fizike\/optika-e-zbatuar\/cv-dafina-xhako\/#breadcrumb"},"inLanguage":"en-GB","potentialAction":[{"@type":"ReadAction","target":["https:\/\/fimif.edu.al\/departamentet\/departamenti-i-inxhinierise-fizike\/grupi-mesimor-kerkimor-fizike\/optika-e-zbatuar\/cv-dafina-xhako\/"]}]},{"@type":"BreadcrumbList","@id":"https:\/\/fimif.edu.al\/departamentet\/departamenti-i-inxhinierise-fizike\/grupi-mesimor-kerkimor-fizike\/optika-e-zbatuar\/cv-dafina-xhako\/#breadcrumb","itemListElement":[{"@type":"ListItem","position":1,"name":"Home","item":"https:\/\/fimif.edu.al\/"},{"@type":"ListItem","position":2,"name":"Departamentet","item":"https:\/\/fimif.edu.al\/departamentet\/"},{"@type":"ListItem","position":3,"name":"Departamenti i Inxhinierise Fizike","item":"https:\/\/fimif.edu.al\/departamentet\/departamenti-i-inxhinierise-fizike\/"},{"@type":"ListItem","position":4,"name":"Grupi M\u00ebsimor K\u00ebrkimor Fizik\u00eb","item":"https:\/\/fimif.edu.al\/departamentet\/departamenti-i-inxhinierise-fizike\/grupi-mesimor-kerkimor-fizike\/"},{"@type":"ListItem","position":5,"name":"Optika e Zbatuar","item":"https:\/\/fimif.edu.al\/departamentet\/departamenti-i-inxhinierise-fizike\/grupi-mesimor-kerkimor-fizike\/optika-e-zbatuar\/"},{"@type":"ListItem","position":6,"name":"CV Dafina XHAKO"}]},{"@type":"WebSite","@id":"https:\/\/fimif.edu.al\/#website","url":"https:\/\/fimif.edu.al\/","name":"Fakulteti i Inxhinieris\u00eb Matematike dhe Inxhinieris\u00eb Fizike","description":"FIMIF, UPT Tirane","publisher":{"@id":"https:\/\/fimif.edu.al\/#organization"},"potentialAction":[{"@type":"SearchAction","target":{"@type":"EntryPoint","urlTemplate":"https:\/\/fimif.edu.al\/?s={search_term_string}"},"query-input":{"@type":"PropertyValueSpecification","valueRequired":true,"valueName":"search_term_string"}}],"inLanguage":"en-GB"},{"@type":"Organization","@id":"https:\/\/fimif.edu.al\/#organization","name":"Fakulteti i Inxhinieris\u00eb Matematike dhe Inxhinieris\u00eb Fizike","url":"https:\/\/fimif.edu.al\/","logo":{"@type":"ImageObject","inLanguage":"en-GB","@id":"https:\/\/fimif.edu.al\/#\/schema\/logo\/image\/","url":"https:\/\/fimif.edu.al\/wp-content\/uploads\/2024\/10\/Fimif-Logo.svg","contentUrl":"https:\/\/fimif.edu.al\/wp-content\/uploads\/2024\/10\/Fimif-Logo.svg","width":653,"height":219,"caption":"Fakulteti i Inxhinieris\u00eb Matematike dhe Inxhinieris\u00eb Fizike"},"image":{"@id":"https:\/\/fimif.edu.al\/#\/schema\/logo\/image\/"},"sameAs":["https:\/\/www.facebook.com\/p\/Departamenti-i-Inxhinierise-Matematike-FIMIF-UPT-100077435994252\/"]}]}},"_links":{"self":[{"href":"https:\/\/fimif.edu.al\/en\/wp-json\/wp\/v2\/pages\/6090","targetHints":{"allow":["GET"]}}],"collection":[{"href":"https:\/\/fimif.edu.al\/en\/wp-json\/wp\/v2\/pages"}],"about":[{"href":"https:\/\/fimif.edu.al\/en\/wp-json\/wp\/v2\/types\/page"}],"author":[{"embeddable":true,"href":"https:\/\/fimif.edu.al\/en\/wp-json\/wp\/v2\/users\/1"}],"replies":[{"embeddable":true,"href":"https:\/\/fimif.edu.al\/en\/wp-json\/wp\/v2\/comments?post=6090"}],"version-history":[{"count":10,"href":"https:\/\/fimif.edu.al\/en\/wp-json\/wp\/v2\/pages\/6090\/revisions"}],"predecessor-version":[{"id":6370,"href":"https:\/\/fimif.edu.al\/en\/wp-json\/wp\/v2\/pages\/6090\/revisions\/6370"}],"up":[{"embeddable":true,"href":"https:\/\/fimif.edu.al\/en\/wp-json\/wp\/v2\/pages\/5658"}],"wp:attachment":[{"href":"https:\/\/fimif.edu.al\/en\/wp-json\/wp\/v2\/media?parent=6090"}],"curies":[{"name":"wp","href":"https:\/\/api.w.org\/{rel}","templated":true}]}}