{"id":6163,"date":"2025-01-15T14:32:47","date_gmt":"2025-01-15T13:32:47","guid":{"rendered":"https:\/\/fimif.edu.al\/?page_id=6163"},"modified":"2025-01-16T19:58:26","modified_gmt":"2025-01-16T18:58:26","slug":"cv-irma-berdufi","status":"publish","type":"page","link":"https:\/\/fimif.edu.al\/en\/departamentet\/departamenti-i-inxhinierise-fizike\/grupi-mesimor-kerkimor-fizike\/energjia-dhe-mjedisi\/cv-irma-berdufi\/","title":{"rendered":"CV Irma BERDUFI"},"content":{"rendered":"<div data-elementor-type=\"wp-page\" data-elementor-id=\"6163\" class=\"elementor elementor-6163\" data-elementor-post-type=\"page\">\n\t\t\t\t<div class=\"elementor-element elementor-element-1087fc3 e-con-full e-flex e-con e-parent\" data-id=\"1087fc3\" data-element_type=\"container\" data-e-type=\"container\">\n\t\t\t\t<div class=\"elementor-element elementor-element-d65b559 elementor-widget elementor-widget-template\" data-id=\"d65b559\" data-element_type=\"widget\" data-e-type=\"widget\" data-widget_type=\"template.default\">\n\t\t\t\t<div class=\"elementor-widget-container\">\n\t\t\t\t\t\t\t<div class=\"elementor-template\">\n\t\t\t\t\t<div data-elementor-type=\"container\" data-elementor-id=\"3550\" class=\"elementor elementor-3550\" data-elementor-post-type=\"elementor_library\">\n\t\t\t\t<div class=\"elementor-element elementor-element-9293d27 e-flex e-con-boxed e-con e-parent\" data-id=\"9293d27\" data-element_type=\"container\" data-e-type=\"container\" data-settings=\"{&quot;background_background&quot;:&quot;classic&quot;}\">\n\t\t\t\t\t<div class=\"e-con-inner\">\n\t\t\t\t\t<\/div>\n\t\t\t\t<\/div>\n\t\t\t\t<\/div>\n\t\t\t\t<\/div>\n\t\t\t\t\t\t<\/div>\n\t\t\t\t<\/div>\n\t\t\t\t<\/div>\n\t\t<div class=\"elementor-element elementor-element-3f13a8e e-flex e-con-boxed e-con e-parent\" data-id=\"3f13a8e\" data-element_type=\"container\" data-e-type=\"container\">\n\t\t\t\t\t<div class=\"e-con-inner\">\n\t\t<div class=\"elementor-element elementor-element-cf78097 e-con-full e-flex e-con e-child\" data-id=\"cf78097\" data-element_type=\"container\" data-e-type=\"container\" data-settings=\"{&quot;background_background&quot;:&quot;classic&quot;}\">\n\t\t\t\t<div class=\"elementor-element elementor-element-e93abdb elementor-widget-divider--view-line_text elementor-widget-divider--element-align-center elementor-widget elementor-widget-divider\" data-id=\"e93abdb\" data-element_type=\"widget\" data-e-type=\"widget\" data-widget_type=\"divider.default\">\n\t\t\t\t<div class=\"elementor-widget-container\">\n\t\t\t\t\t\t\t<div class=\"elementor-divider\">\n\t\t\t<span class=\"elementor-divider-separator\">\n\t\t\t\t\t\t\t<h2 class=\"elementor-divider__text elementor-divider__element\">\n\t\t\t\tEdukimi\t\t\t\t<\/h2>\n\t\t\t\t\t\t<\/span>\n\t\t<\/div>\n\t\t\t\t\t\t<\/div>\n\t\t\t\t<\/div>\n\t\t\t\t<div class=\"elementor-element elementor-element-bf80871 elementor-widget elementor-widget-text-editor\" data-id=\"bf80871\" data-element_type=\"widget\" data-e-type=\"widget\" data-widget_type=\"text-editor.default\">\n\t\t\t\t<div class=\"elementor-widget-container\">\n\t\t\t\t\t\t\t\t\t<p><strong>Irma BERDUFI<\/strong>, lindur n\u00eb Elbasan m\u00eb 1979, \u00ebsht\u00eb diplomuar n\u00eb Korrik 2003 n\u00eb Universitetin e Tiran\u00ebs, Fakulteti i Shkencave t\u00eb Natyr\u00ebs, Departamenti i Fizik\u00ebs,<\/p><p><strong>Diploma: \u201cFizikan\u201d, drejtimi \u201cFizik\u00eb Speciale 5-vjecar\u201d.<\/strong><\/p><p>N\u00eb vitet 2004 &#8211; 2008 ndjek studimet pasuniversitare (SHPU), Master i Nivelit t\u00eb dyt\u00eb, n\u00eb Universitetin e Tiran\u00ebs, Fakulteti i Shkencave t\u00eb Natyr\u00ebs, Departamenti i Fizik\u00ebs,<\/p><p><strong>Diploma: \u201cMaster i Nivelit t\u00eb Dyt\u00eb\u201d, drejtimi \u201cSpektroskopi\u201d.<\/strong><\/p><p>N\u00eb vitet 2012 &#8211; 2016 ndjek studimet e Doktoratur\u00ebs n\u00eb Universitetin Politeknik t\u00eb Tiran\u00ebs, Fakulteti i Inxhinieris\u00eb Matematike dhe Inxhinieris\u00eb Fizike, Departamenti i Inxhinieris\u00eb Fizike, dhe kryen <strong>Mbrojtjen e grad\u00ebs \u201cDoktor\u201d <\/strong>m\u00eb 05.11 2016.<\/p>\t\t\t\t\t\t\t\t<\/div>\n\t\t\t\t<\/div>\n\t\t\t\t<div class=\"elementor-element elementor-element-6bd67f2 elementor-widget-divider--view-line_text elementor-widget-divider--element-align-center elementor-widget elementor-widget-divider\" data-id=\"6bd67f2\" data-element_type=\"widget\" data-e-type=\"widget\" data-widget_type=\"divider.default\">\n\t\t\t\t<div class=\"elementor-widget-container\">\n\t\t\t\t\t\t\t<div class=\"elementor-divider\">\n\t\t\t<span class=\"elementor-divider-separator\">\n\t\t\t\t\t\t\t<h2 class=\"elementor-divider__text elementor-divider__element\">\n\t\t\t\tPun\u00ebsimi dhe funksione akademike\t\t\t\t<\/h2>\n\t\t\t\t\t\t<\/span>\n\t\t<\/div>\n\t\t\t\t\t\t<\/div>\n\t\t\t\t<\/div>\n\t\t\t\t<div class=\"elementor-element elementor-element-0f1ea44 elementor-widget elementor-widget-text-editor\" data-id=\"0f1ea44\" data-element_type=\"widget\" data-e-type=\"widget\" data-widget_type=\"text-editor.default\">\n\t\t\t\t<div class=\"elementor-widget-container\">\n\t\t\t\t\t\t\t\t\t<p>N\u00eb Tetor 2003 \u2013 Prill 2008 em\u00ebrohet Asistente Shkencore n\u00eb Institutin e Fizik\u00ebs B\u00ebrthamore, Akademia e Shkencave t\u00eb Shqip\u00ebris\u00eb, Tiran\u00eb.<\/p><p>N\u00eb Shtator 2008 \u2013 Shkurt 2009 em\u00ebrohet Asistente Lektore n\u00eb Fakultetin e Studimeve Profesionale, Universiteti \u201cAleksand\u00ebr Moisiu\u201d, Durr\u00ebs.<\/p><p>N\u00eb Mars 2009 \u2013 Dhjetor 2014 em\u00ebrohet Asistente Shkencore n\u00eb Institutin e Gjeoshkencave, Energjis\u00eb, Ujit dhe Mjedisit, Universiteti Politeknik i Tiran\u00ebs, Tiran\u00eb.<\/p><p>N\u00eb Janar 2015 \u2013 Tetor 2023 em\u00ebrohet K\u00ebrkuese\/Lektore n\u00eb Institutin e Fizik\u00ebs B\u00ebrthamore t\u00eb Zbatuar, Universiteti i Tiran\u00ebs, Tiran\u00eb.<\/p><p>N\u00eb N\u00ebntor 2023 dhe n\u00eb vazhdim em\u00ebrohet Lektore n\u00eb Departamentin e Inxhinieris\u00eb Fizike, pran\u00eb Fakultetit t\u00eb Inxhinieris\u00eb Matematike dhe Inxhinieris\u00eb Fizike, Universiteti Politeknik i Tiran\u00ebs. Prej asaj periudhe \u00ebsht\u00eb Lektore n\u00eb l\u00ebnd\u00ebt: \u201cFizik\u00eb 1\u201d, \u201cFizik\u00eb 2\u201d dhe \u201cFizika e Zbatuar\u201d.<\/p>\t\t\t\t\t\t\t\t<\/div>\n\t\t\t\t<\/div>\n\t\t\t\t<div class=\"elementor-element elementor-element-c287e0a elementor-widget-divider--view-line_text elementor-widget-divider--element-align-center elementor-widget elementor-widget-divider\" data-id=\"c287e0a\" data-element_type=\"widget\" data-e-type=\"widget\" data-widget_type=\"divider.default\">\n\t\t\t\t<div class=\"elementor-widget-container\">\n\t\t\t\t\t\t\t<div class=\"elementor-divider\">\n\t\t\t<span class=\"elementor-divider-separator\">\n\t\t\t\t\t\t\t<h2 class=\"elementor-divider__text elementor-divider__element\">\n\t\t\t\tAktiviteti shkencor\t\t\t\t<\/h2>\n\t\t\t\t\t\t<\/span>\n\t\t<\/div>\n\t\t\t\t\t\t<\/div>\n\t\t\t\t<\/div>\n\t\t\t\t<div class=\"elementor-element elementor-element-1af26d8 elementor-widget elementor-widget-text-editor\" data-id=\"1af26d8\" data-element_type=\"widget\" data-e-type=\"widget\" data-widget_type=\"text-editor.default\">\n\t\t\t\t<div class=\"elementor-widget-container\">\n\t\t\t\t\t\t\t\t\t<p>Ka nj\u00eb pjes\u00ebmarrje si autor i par\u00eb dhe bashk\u00ebautor n\u00eb rreth 28 konferenca shkencore komb\u00ebtare dhe nd\u00ebrkomb\u00ebtare si dhe rreth 16 botime si autor i par\u00eb dhe bashk\u00ebautor n\u00eb revista shkencore nd\u00ebrkomb\u00ebtare.<\/p><p><strong><em>Fushat e k\u00ebrkimit<\/em><\/strong>: Energjive t\u00eb Rinovueshme, Mbrojtjen nga Rrezatimet Jonizuese, Monitorimin e Mjedisit, etj..<\/p>\t\t\t\t\t\t\t\t<\/div>\n\t\t\t\t<\/div>\n\t\t\t\t<\/div>\n\t\t\t\t\t<\/div>\n\t\t\t\t<\/div>\n\t\t\t\t<\/div>","protected":false},"excerpt":{"rendered":"<p>Edukimi Irma BERDUFI, lindur n\u00eb Elbasan m\u00eb 1979, \u00ebsht\u00eb diplomuar n\u00eb Korrik 2003 n\u00eb Universitetin e Tiran\u00ebs, Fakulteti i Shkencave t\u00eb Natyr\u00ebs, Departamenti i Fizik\u00ebs, Diploma: \u201cFizikan\u201d, drejtimi \u201cFizik\u00eb Speciale 5-vjecar\u201d. N\u00eb vitet 2004 &#8211; 2008 ndjek studimet pasuniversitare (SHPU), Master i Nivelit t\u00eb dyt\u00eb, n\u00eb Universitetin e Tiran\u00ebs, Fakulteti i Shkencave t\u00eb Natyr\u00ebs, Departamenti [&hellip;]<\/p>\n","protected":false},"author":1,"featured_media":0,"parent":5666,"menu_order":0,"comment_status":"closed","ping_status":"closed","template":"","meta":{"footnotes":""},"class_list":["post-6163","page","type-page","status-publish","hentry"],"yoast_head":"<!-- This site is optimized with the Yoast SEO plugin v27.4 - https:\/\/yoast.com\/product\/yoast-seo-wordpress\/ -->\n<title>CV Irma BERDUFI - Fakulteti i Inxhinieris\u00eb Matematike dhe Inxhinieris\u00eb Fizike<\/title>\n<meta name=\"robots\" content=\"index, follow, max-snippet:-1, max-image-preview:large, max-video-preview:-1\" \/>\n<link rel=\"canonical\" href=\"https:\/\/fimif.edu.al\/en\/departamentet\/departamenti-i-inxhinierise-fizike\/grupi-mesimor-kerkimor-fizike\/energjia-dhe-mjedisi\/cv-irma-berdufi\/\" \/>\n<meta property=\"og:locale\" content=\"en_GB\" \/>\n<meta property=\"og:type\" content=\"article\" \/>\n<meta property=\"og:title\" content=\"CV Irma BERDUFI - Fakulteti i Inxhinieris\u00eb Matematike dhe Inxhinieris\u00eb Fizike\" \/>\n<meta property=\"og:description\" content=\"Edukimi Irma BERDUFI, lindur n\u00eb Elbasan m\u00eb 1979, \u00ebsht\u00eb diplomuar n\u00eb Korrik 2003 n\u00eb Universitetin e Tiran\u00ebs, Fakulteti i Shkencave t\u00eb Natyr\u00ebs, Departamenti i Fizik\u00ebs, Diploma: \u201cFizikan\u201d, drejtimi \u201cFizik\u00eb Speciale 5-vjecar\u201d. N\u00eb vitet 2004 &#8211; 2008 ndjek studimet pasuniversitare (SHPU), Master i Nivelit t\u00eb dyt\u00eb, n\u00eb Universitetin e Tiran\u00ebs, Fakulteti i Shkencave t\u00eb Natyr\u00ebs, Departamenti [&hellip;]\" \/>\n<meta property=\"og:url\" content=\"https:\/\/fimif.edu.al\/en\/departamentet\/departamenti-i-inxhinierise-fizike\/grupi-mesimor-kerkimor-fizike\/energjia-dhe-mjedisi\/cv-irma-berdufi\/\" \/>\n<meta property=\"og:site_name\" content=\"Fakulteti i Inxhinieris\u00eb Matematike dhe Inxhinieris\u00eb Fizike\" \/>\n<meta property=\"article:publisher\" content=\"https:\/\/www.facebook.com\/p\/Departamenti-i-Inxhinierise-Matematike-FIMIF-UPT-100077435994252\/\" \/>\n<meta property=\"article:modified_time\" content=\"2025-01-16T18:58:26+00:00\" \/>\n<meta name=\"twitter:card\" content=\"summary_large_image\" \/>\n<meta name=\"twitter:label1\" content=\"Estimated reading time\" \/>\n\t<meta name=\"twitter:data1\" content=\"2 minutes\" \/>\n<script type=\"application\/ld+json\" class=\"yoast-schema-graph\">{\"@context\":\"https:\\\/\\\/schema.org\",\"@graph\":[{\"@type\":\"WebPage\",\"@id\":\"https:\\\/\\\/fimif.edu.al\\\/departamentet\\\/departamenti-i-inxhinierise-fizike\\\/grupi-mesimor-kerkimor-fizike\\\/energjia-dhe-mjedisi\\\/cv-irma-berdufi\\\/\",\"url\":\"https:\\\/\\\/fimif.edu.al\\\/departamentet\\\/departamenti-i-inxhinierise-fizike\\\/grupi-mesimor-kerkimor-fizike\\\/energjia-dhe-mjedisi\\\/cv-irma-berdufi\\\/\",\"name\":\"CV Irma BERDUFI - Fakulteti i Inxhinieris\u00eb Matematike dhe Inxhinieris\u00eb Fizike\",\"isPartOf\":{\"@id\":\"https:\\\/\\\/fimif.edu.al\\\/#website\"},\"datePublished\":\"2025-01-15T13:32:47+00:00\",\"dateModified\":\"2025-01-16T18:58:26+00:00\",\"breadcrumb\":{\"@id\":\"https:\\\/\\\/fimif.edu.al\\\/departamentet\\\/departamenti-i-inxhinierise-fizike\\\/grupi-mesimor-kerkimor-fizike\\\/energjia-dhe-mjedisi\\\/cv-irma-berdufi\\\/#breadcrumb\"},\"inLanguage\":\"en-GB\",\"potentialAction\":[{\"@type\":\"ReadAction\",\"target\":[\"https:\\\/\\\/fimif.edu.al\\\/departamentet\\\/departamenti-i-inxhinierise-fizike\\\/grupi-mesimor-kerkimor-fizike\\\/energjia-dhe-mjedisi\\\/cv-irma-berdufi\\\/\"]}]},{\"@type\":\"BreadcrumbList\",\"@id\":\"https:\\\/\\\/fimif.edu.al\\\/departamentet\\\/departamenti-i-inxhinierise-fizike\\\/grupi-mesimor-kerkimor-fizike\\\/energjia-dhe-mjedisi\\\/cv-irma-berdufi\\\/#breadcrumb\",\"itemListElement\":[{\"@type\":\"ListItem\",\"position\":1,\"name\":\"Home\",\"item\":\"https:\\\/\\\/fimif.edu.al\\\/\"},{\"@type\":\"ListItem\",\"position\":2,\"name\":\"Departamentet\",\"item\":\"https:\\\/\\\/fimif.edu.al\\\/departamentet\\\/\"},{\"@type\":\"ListItem\",\"position\":3,\"name\":\"Departamenti i Inxhinierise Fizike\",\"item\":\"https:\\\/\\\/fimif.edu.al\\\/departamentet\\\/departamenti-i-inxhinierise-fizike\\\/\"},{\"@type\":\"ListItem\",\"position\":4,\"name\":\"Grupi M\u00ebsimor K\u00ebrkimor Fizik\u00eb\",\"item\":\"https:\\\/\\\/fimif.edu.al\\\/departamentet\\\/departamenti-i-inxhinierise-fizike\\\/grupi-mesimor-kerkimor-fizike\\\/\"},{\"@type\":\"ListItem\",\"position\":5,\"name\":\"Energjia dhe Mjedisi\",\"item\":\"https:\\\/\\\/fimif.edu.al\\\/departamentet\\\/departamenti-i-inxhinierise-fizike\\\/grupi-mesimor-kerkimor-fizike\\\/energjia-dhe-mjedisi\\\/\"},{\"@type\":\"ListItem\",\"position\":6,\"name\":\"CV Irma BERDUFI\"}]},{\"@type\":\"WebSite\",\"@id\":\"https:\\\/\\\/fimif.edu.al\\\/#website\",\"url\":\"https:\\\/\\\/fimif.edu.al\\\/\",\"name\":\"Fakulteti i Inxhinieris\u00eb Matematike dhe Inxhinieris\u00eb Fizike\",\"description\":\"FIMIF, UPT Tirane\",\"publisher\":{\"@id\":\"https:\\\/\\\/fimif.edu.al\\\/#organization\"},\"potentialAction\":[{\"@type\":\"SearchAction\",\"target\":{\"@type\":\"EntryPoint\",\"urlTemplate\":\"https:\\\/\\\/fimif.edu.al\\\/?s={search_term_string}\"},\"query-input\":{\"@type\":\"PropertyValueSpecification\",\"valueRequired\":true,\"valueName\":\"search_term_string\"}}],\"inLanguage\":\"en-GB\"},{\"@type\":\"Organization\",\"@id\":\"https:\\\/\\\/fimif.edu.al\\\/#organization\",\"name\":\"Fakulteti i Inxhinieris\u00eb Matematike dhe Inxhinieris\u00eb Fizike\",\"url\":\"https:\\\/\\\/fimif.edu.al\\\/\",\"logo\":{\"@type\":\"ImageObject\",\"inLanguage\":\"en-GB\",\"@id\":\"https:\\\/\\\/fimif.edu.al\\\/#\\\/schema\\\/logo\\\/image\\\/\",\"url\":\"https:\\\/\\\/fimif.edu.al\\\/wp-content\\\/uploads\\\/2024\\\/10\\\/Fimif-Logo.svg\",\"contentUrl\":\"https:\\\/\\\/fimif.edu.al\\\/wp-content\\\/uploads\\\/2024\\\/10\\\/Fimif-Logo.svg\",\"width\":653,\"height\":219,\"caption\":\"Fakulteti i Inxhinieris\u00eb Matematike dhe Inxhinieris\u00eb Fizike\"},\"image\":{\"@id\":\"https:\\\/\\\/fimif.edu.al\\\/#\\\/schema\\\/logo\\\/image\\\/\"},\"sameAs\":[\"https:\\\/\\\/www.facebook.com\\\/p\\\/Departamenti-i-Inxhinierise-Matematike-FIMIF-UPT-100077435994252\\\/\"]}]}<\/script>\n<!-- \/ Yoast SEO plugin. -->","yoast_head_json":{"title":"CV Irma BERDUFI - Fakulteti i Inxhinieris\u00eb Matematike dhe Inxhinieris\u00eb Fizike","robots":{"index":"index","follow":"follow","max-snippet":"max-snippet:-1","max-image-preview":"max-image-preview:large","max-video-preview":"max-video-preview:-1"},"canonical":"https:\/\/fimif.edu.al\/en\/departamentet\/departamenti-i-inxhinierise-fizike\/grupi-mesimor-kerkimor-fizike\/energjia-dhe-mjedisi\/cv-irma-berdufi\/","og_locale":"en_GB","og_type":"article","og_title":"CV Irma BERDUFI - Fakulteti i Inxhinieris\u00eb Matematike dhe Inxhinieris\u00eb Fizike","og_description":"Edukimi Irma BERDUFI, lindur n\u00eb Elbasan m\u00eb 1979, \u00ebsht\u00eb diplomuar n\u00eb Korrik 2003 n\u00eb Universitetin e Tiran\u00ebs, Fakulteti i Shkencave t\u00eb Natyr\u00ebs, Departamenti i Fizik\u00ebs, Diploma: \u201cFizikan\u201d, drejtimi \u201cFizik\u00eb Speciale 5-vjecar\u201d. N\u00eb vitet 2004 &#8211; 2008 ndjek studimet pasuniversitare (SHPU), Master i Nivelit t\u00eb dyt\u00eb, n\u00eb Universitetin e Tiran\u00ebs, Fakulteti i Shkencave t\u00eb Natyr\u00ebs, Departamenti [&hellip;]","og_url":"https:\/\/fimif.edu.al\/en\/departamentet\/departamenti-i-inxhinierise-fizike\/grupi-mesimor-kerkimor-fizike\/energjia-dhe-mjedisi\/cv-irma-berdufi\/","og_site_name":"Fakulteti i Inxhinieris\u00eb Matematike dhe Inxhinieris\u00eb Fizike","article_publisher":"https:\/\/www.facebook.com\/p\/Departamenti-i-Inxhinierise-Matematike-FIMIF-UPT-100077435994252\/","article_modified_time":"2025-01-16T18:58:26+00:00","twitter_card":"summary_large_image","twitter_misc":{"Estimated reading time":"2 minutes"},"schema":{"@context":"https:\/\/schema.org","@graph":[{"@type":"WebPage","@id":"https:\/\/fimif.edu.al\/departamentet\/departamenti-i-inxhinierise-fizike\/grupi-mesimor-kerkimor-fizike\/energjia-dhe-mjedisi\/cv-irma-berdufi\/","url":"https:\/\/fimif.edu.al\/departamentet\/departamenti-i-inxhinierise-fizike\/grupi-mesimor-kerkimor-fizike\/energjia-dhe-mjedisi\/cv-irma-berdufi\/","name":"CV Irma BERDUFI - Fakulteti i Inxhinieris\u00eb Matematike dhe Inxhinieris\u00eb Fizike","isPartOf":{"@id":"https:\/\/fimif.edu.al\/#website"},"datePublished":"2025-01-15T13:32:47+00:00","dateModified":"2025-01-16T18:58:26+00:00","breadcrumb":{"@id":"https:\/\/fimif.edu.al\/departamentet\/departamenti-i-inxhinierise-fizike\/grupi-mesimor-kerkimor-fizike\/energjia-dhe-mjedisi\/cv-irma-berdufi\/#breadcrumb"},"inLanguage":"en-GB","potentialAction":[{"@type":"ReadAction","target":["https:\/\/fimif.edu.al\/departamentet\/departamenti-i-inxhinierise-fizike\/grupi-mesimor-kerkimor-fizike\/energjia-dhe-mjedisi\/cv-irma-berdufi\/"]}]},{"@type":"BreadcrumbList","@id":"https:\/\/fimif.edu.al\/departamentet\/departamenti-i-inxhinierise-fizike\/grupi-mesimor-kerkimor-fizike\/energjia-dhe-mjedisi\/cv-irma-berdufi\/#breadcrumb","itemListElement":[{"@type":"ListItem","position":1,"name":"Home","item":"https:\/\/fimif.edu.al\/"},{"@type":"ListItem","position":2,"name":"Departamentet","item":"https:\/\/fimif.edu.al\/departamentet\/"},{"@type":"ListItem","position":3,"name":"Departamenti i Inxhinierise Fizike","item":"https:\/\/fimif.edu.al\/departamentet\/departamenti-i-inxhinierise-fizike\/"},{"@type":"ListItem","position":4,"name":"Grupi M\u00ebsimor K\u00ebrkimor Fizik\u00eb","item":"https:\/\/fimif.edu.al\/departamentet\/departamenti-i-inxhinierise-fizike\/grupi-mesimor-kerkimor-fizike\/"},{"@type":"ListItem","position":5,"name":"Energjia dhe Mjedisi","item":"https:\/\/fimif.edu.al\/departamentet\/departamenti-i-inxhinierise-fizike\/grupi-mesimor-kerkimor-fizike\/energjia-dhe-mjedisi\/"},{"@type":"ListItem","position":6,"name":"CV Irma BERDUFI"}]},{"@type":"WebSite","@id":"https:\/\/fimif.edu.al\/#website","url":"https:\/\/fimif.edu.al\/","name":"Fakulteti i Inxhinieris\u00eb Matematike dhe Inxhinieris\u00eb Fizike","description":"FIMIF, UPT Tirane","publisher":{"@id":"https:\/\/fimif.edu.al\/#organization"},"potentialAction":[{"@type":"SearchAction","target":{"@type":"EntryPoint","urlTemplate":"https:\/\/fimif.edu.al\/?s={search_term_string}"},"query-input":{"@type":"PropertyValueSpecification","valueRequired":true,"valueName":"search_term_string"}}],"inLanguage":"en-GB"},{"@type":"Organization","@id":"https:\/\/fimif.edu.al\/#organization","name":"Fakulteti i Inxhinieris\u00eb Matematike dhe Inxhinieris\u00eb Fizike","url":"https:\/\/fimif.edu.al\/","logo":{"@type":"ImageObject","inLanguage":"en-GB","@id":"https:\/\/fimif.edu.al\/#\/schema\/logo\/image\/","url":"https:\/\/fimif.edu.al\/wp-content\/uploads\/2024\/10\/Fimif-Logo.svg","contentUrl":"https:\/\/fimif.edu.al\/wp-content\/uploads\/2024\/10\/Fimif-Logo.svg","width":653,"height":219,"caption":"Fakulteti i Inxhinieris\u00eb Matematike dhe Inxhinieris\u00eb Fizike"},"image":{"@id":"https:\/\/fimif.edu.al\/#\/schema\/logo\/image\/"},"sameAs":["https:\/\/www.facebook.com\/p\/Departamenti-i-Inxhinierise-Matematike-FIMIF-UPT-100077435994252\/"]}]}},"_links":{"self":[{"href":"https:\/\/fimif.edu.al\/en\/wp-json\/wp\/v2\/pages\/6163","targetHints":{"allow":["GET"]}}],"collection":[{"href":"https:\/\/fimif.edu.al\/en\/wp-json\/wp\/v2\/pages"}],"about":[{"href":"https:\/\/fimif.edu.al\/en\/wp-json\/wp\/v2\/types\/page"}],"author":[{"embeddable":true,"href":"https:\/\/fimif.edu.al\/en\/wp-json\/wp\/v2\/users\/1"}],"replies":[{"embeddable":true,"href":"https:\/\/fimif.edu.al\/en\/wp-json\/wp\/v2\/comments?post=6163"}],"version-history":[{"count":10,"href":"https:\/\/fimif.edu.al\/en\/wp-json\/wp\/v2\/pages\/6163\/revisions"}],"predecessor-version":[{"id":6379,"href":"https:\/\/fimif.edu.al\/en\/wp-json\/wp\/v2\/pages\/6163\/revisions\/6379"}],"up":[{"embeddable":true,"href":"https:\/\/fimif.edu.al\/en\/wp-json\/wp\/v2\/pages\/5666"}],"wp:attachment":[{"href":"https:\/\/fimif.edu.al\/en\/wp-json\/wp\/v2\/media?parent=6163"}],"curies":[{"name":"wp","href":"https:\/\/api.w.org\/{rel}","templated":true}]}}