{"id":6186,"date":"2025-01-15T14:41:52","date_gmt":"2025-01-15T13:41:52","guid":{"rendered":"https:\/\/fimif.edu.al\/?page_id=6186"},"modified":"2025-04-22T10:36:22","modified_gmt":"2025-04-22T08:36:22","slug":"cv-joan-jani","status":"publish","type":"page","link":"https:\/\/fimif.edu.al\/en\/departamentet\/departamenti-i-inxhinierise-fizike\/grupi-mesimor-kerkimor-fizike\/energjia-dhe-mjedisi\/cv-joan-jani\/","title":{"rendered":"CV Joan JANI"},"content":{"rendered":"<div data-elementor-type=\"wp-page\" data-elementor-id=\"6186\" class=\"elementor elementor-6186\" data-elementor-post-type=\"page\">\n\t\t\t\t<div class=\"elementor-element elementor-element-1087fc3 e-con-full e-flex e-con e-parent\" data-id=\"1087fc3\" data-element_type=\"container\" data-e-type=\"container\">\n\t\t\t\t<div class=\"elementor-element elementor-element-d65b559 elementor-widget elementor-widget-template\" data-id=\"d65b559\" data-element_type=\"widget\" data-e-type=\"widget\" data-widget_type=\"template.default\">\n\t\t\t\t<div class=\"elementor-widget-container\">\n\t\t\t\t\t\t\t<div class=\"elementor-template\">\n\t\t\t\t\t<div data-elementor-type=\"container\" data-elementor-id=\"3550\" class=\"elementor elementor-3550\" data-elementor-post-type=\"elementor_library\">\n\t\t\t\t<div class=\"elementor-element elementor-element-9293d27 e-flex e-con-boxed e-con e-parent\" data-id=\"9293d27\" data-element_type=\"container\" data-e-type=\"container\" data-settings=\"{&quot;background_background&quot;:&quot;classic&quot;}\">\n\t\t\t\t\t<div class=\"e-con-inner\">\n\t\t\t\t\t<\/div>\n\t\t\t\t<\/div>\n\t\t\t\t<\/div>\n\t\t\t\t<\/div>\n\t\t\t\t\t\t<\/div>\n\t\t\t\t<\/div>\n\t\t\t\t<\/div>\n\t\t<div class=\"elementor-element elementor-element-3f13a8e e-flex e-con-boxed e-con e-parent\" data-id=\"3f13a8e\" data-element_type=\"container\" data-e-type=\"container\">\n\t\t\t\t\t<div class=\"e-con-inner\">\n\t\t<div class=\"elementor-element elementor-element-cf78097 e-con-full e-flex e-con e-child\" data-id=\"cf78097\" data-element_type=\"container\" data-e-type=\"container\" data-settings=\"{&quot;background_background&quot;:&quot;classic&quot;}\">\n\t\t\t\t<div class=\"elementor-element elementor-element-e93abdb elementor-widget-divider--view-line_text elementor-widget-divider--element-align-center elementor-widget elementor-widget-divider\" data-id=\"e93abdb\" data-element_type=\"widget\" data-e-type=\"widget\" data-widget_type=\"divider.default\">\n\t\t\t\t<div class=\"elementor-widget-container\">\n\t\t\t\t\t\t\t<div class=\"elementor-divider\">\n\t\t\t<span class=\"elementor-divider-separator\">\n\t\t\t\t\t\t\t<h2 class=\"elementor-divider__text elementor-divider__element\">\n\t\t\t\tEdukimi\t\t\t\t<\/h2>\n\t\t\t\t\t\t<\/span>\n\t\t<\/div>\n\t\t\t\t\t\t<\/div>\n\t\t\t\t<\/div>\n\t\t\t\t<div class=\"elementor-element elementor-element-bf80871 elementor-widget elementor-widget-text-editor\" data-id=\"bf80871\" data-element_type=\"widget\" data-e-type=\"widget\" data-widget_type=\"text-editor.default\">\n\t\t\t\t<div class=\"elementor-widget-container\">\n\t\t\t\t\t\t\t\t\t<p>Joan Jani, i lindur n\u00eb Tiran\u00eb n\u00eb vitin 1983, ka p\u00ebrfunduar studimet e tij universitare n\u00eb Shtator t\u00eb vitit 2007 pran\u00eb Universitetit Aristotelis t\u00eb Selanikut, n\u00eb Greqi, n\u00eb deg\u00ebn e Fizik\u00ebs me drejtim \u201cElektronik dhe Telekomunikacion\u201d. N\u00eb vitin 2010, ai p\u00ebrmbylli studimet pasuniversitare n\u00eb Universitetin Komb\u00ebtar t\u00eb Athin\u00ebs, duke ndjekur programin \u201cElektronik dhe Radioelektrollogji\u201d, t\u00eb ofruar nga Departamenti i Informatik\u00ebs dhe ai i Fizik\u00ebs.<\/p>\n<p>N\u00eb periudh\u00ebn 2012-2015, ndoqi studimet e doktorat\u00ebs n\u00eb Universitetin Politeknik t\u00eb Tiran\u00ebs, pran\u00eb Fakultetit t\u00eb Inxhinieris\u00eb Matematike dhe Inxhinieris\u00eb Fizike, n\u00eb Departamentin e Inxhinieris\u00eb Fizike.&nbsp;<\/p><p>N\u00eb prill t\u00eb vitit 2015, ai u vler\u00ebsua me grad\u00ebn shkencore \u201cDoktor\u201d.&nbsp;<\/p><p><span style=\"font-size: 1rem;\">Merr titullin&nbsp;<\/span><span style=\"font-size: 1rem; font-weight: bolder;\">Profesor i Asociuar<\/span><span style=\"font-size: 1rem;\">&nbsp;n\u00eb 25 Shkurt 2025.<\/span><\/p>\t\t\t\t\t\t\t\t<\/div>\n\t\t\t\t<\/div>\n\t\t\t\t<div class=\"elementor-element elementor-element-6bd67f2 elementor-widget-divider--view-line_text elementor-widget-divider--element-align-center elementor-widget elementor-widget-divider\" data-id=\"6bd67f2\" data-element_type=\"widget\" data-e-type=\"widget\" data-widget_type=\"divider.default\">\n\t\t\t\t<div class=\"elementor-widget-container\">\n\t\t\t\t\t\t\t<div class=\"elementor-divider\">\n\t\t\t<span class=\"elementor-divider-separator\">\n\t\t\t\t\t\t\t<h2 class=\"elementor-divider__text elementor-divider__element\">\n\t\t\t\tPun\u00ebsimi dhe funksione akademike\t\t\t\t<\/h2>\n\t\t\t\t\t\t<\/span>\n\t\t<\/div>\n\t\t\t\t\t\t<\/div>\n\t\t\t\t<\/div>\n\t\t\t\t<div class=\"elementor-element elementor-element-0f1ea44 elementor-widget elementor-widget-text-editor\" data-id=\"0f1ea44\" data-element_type=\"widget\" data-e-type=\"widget\" data-widget_type=\"text-editor.default\">\n\t\t\t\t<div class=\"elementor-widget-container\">\n\t\t\t\t\t\t\t\t\t<p>N\u00eb tetor t\u00eb vitit 2011, u em\u00ebrua Lektor n\u00eb Departamentin e Inxhinieris\u00eb Fizike, pjes\u00eb e Fakultetit t\u00eb Inxhinieris\u00eb Matematike dhe Inxhinieris\u00eb Fizike n\u00eb Universitetin Politeknik t\u00eb Tiran\u00ebs. Gjat\u00eb karrier\u00ebs s\u00eb tij akademike, ai ka qen\u00eb titullar dhe lektor i disa l\u00ebnd\u00ebve si: \u201cFizika e P\u00ebrgjithshme\u201d, \u201cFizika Kompjuterike\u201d, \u201cFizika e Diagnostikimit\u201d etj.<\/p>\t\t\t\t\t\t\t\t<\/div>\n\t\t\t\t<\/div>\n\t\t\t\t<div class=\"elementor-element elementor-element-c287e0a elementor-widget-divider--view-line_text elementor-widget-divider--element-align-center elementor-widget elementor-widget-divider\" data-id=\"c287e0a\" data-element_type=\"widget\" data-e-type=\"widget\" data-widget_type=\"divider.default\">\n\t\t\t\t<div class=\"elementor-widget-container\">\n\t\t\t\t\t\t\t<div class=\"elementor-divider\">\n\t\t\t<span class=\"elementor-divider-separator\">\n\t\t\t\t\t\t\t<h2 class=\"elementor-divider__text elementor-divider__element\">\n\t\t\t\tAktiviteti shkencor\t\t\t\t<\/h2>\n\t\t\t\t\t\t<\/span>\n\t\t<\/div>\n\t\t\t\t\t\t<\/div>\n\t\t\t\t<\/div>\n\t\t\t\t<div class=\"elementor-element elementor-element-1af26d8 elementor-widget elementor-widget-text-editor\" data-id=\"1af26d8\" data-element_type=\"widget\" data-e-type=\"widget\" data-widget_type=\"text-editor.default\">\n\t\t\t\t<div class=\"elementor-widget-container\">\n\t\t\t\t\t\t\t\t\t<p>Ka marr pjes\u00eb n\u00eb 16 konferenca komb\u00ebtare dhe nd\u00ebrkomb\u00ebtare, ku ka prezantuar punime si autor i par\u00eb dhe bashkautor. Ai gjithashtu ka botuar mbi 10 artikuj shkencor\u00eb n\u00eb revista prestigjioze komb\u00ebtare dhe nd\u00ebrkomb\u00ebtare.<\/p><p><strong>Fushat e K\u00ebrkimit<\/strong>: Interesat e tij k\u00ebrkimore p\u00ebrfshijn\u00eb p\u00ebrdorimin e teknikave kompjuterike p\u00ebr modelimin e sistemeve linear dhe jolinear, analiz\u00ebn e qarqeve elektronike kaotike, si dhe aplikimet e tyre n\u00eb telekomunikacion.<\/p>\t\t\t\t\t\t\t\t<\/div>\n\t\t\t\t<\/div>\n\t\t\t\t<\/div>\n\t\t\t\t\t<\/div>\n\t\t\t\t<\/div>\n\t\t\t\t<\/div>","protected":false},"excerpt":{"rendered":"<p>Edukimi Joan Jani, i lindur n\u00eb Tiran\u00eb n\u00eb vitin 1983, ka p\u00ebrfunduar studimet e tij universitare n\u00eb Shtator t\u00eb vitit 2007 pran\u00eb Universitetit Aristotelis t\u00eb Selanikut, n\u00eb Greqi, n\u00eb deg\u00ebn e Fizik\u00ebs me drejtim \u201cElektronik dhe Telekomunikacion\u201d. N\u00eb vitin 2010, ai p\u00ebrmbylli studimet pasuniversitare n\u00eb Universitetin Komb\u00ebtar t\u00eb Athin\u00ebs, duke ndjekur programin \u201cElektronik dhe Radioelektrollogji\u201d, [&hellip;]<\/p>\n","protected":false},"author":1,"featured_media":0,"parent":5666,"menu_order":0,"comment_status":"closed","ping_status":"closed","template":"","meta":{"footnotes":""},"class_list":["post-6186","page","type-page","status-publish","hentry"],"yoast_head":"<!-- This site is optimized with the Yoast SEO plugin v27.4 - https:\/\/yoast.com\/product\/yoast-seo-wordpress\/ -->\n<title>CV Joan JANI - Fakulteti i Inxhinieris\u00eb Matematike dhe Inxhinieris\u00eb Fizike<\/title>\n<meta name=\"robots\" content=\"index, follow, max-snippet:-1, max-image-preview:large, max-video-preview:-1\" \/>\n<link rel=\"canonical\" href=\"https:\/\/fimif.edu.al\/en\/departamentet\/departamenti-i-inxhinierise-fizike\/grupi-mesimor-kerkimor-fizike\/energjia-dhe-mjedisi\/cv-joan-jani\/\" \/>\n<meta property=\"og:locale\" content=\"en_GB\" \/>\n<meta property=\"og:type\" content=\"article\" \/>\n<meta property=\"og:title\" content=\"CV Joan JANI - Fakulteti i Inxhinieris\u00eb Matematike dhe Inxhinieris\u00eb Fizike\" \/>\n<meta property=\"og:description\" content=\"Edukimi Joan Jani, i lindur n\u00eb Tiran\u00eb n\u00eb vitin 1983, ka p\u00ebrfunduar studimet e tij universitare n\u00eb Shtator t\u00eb vitit 2007 pran\u00eb Universitetit Aristotelis t\u00eb Selanikut, n\u00eb Greqi, n\u00eb deg\u00ebn e Fizik\u00ebs me drejtim \u201cElektronik dhe Telekomunikacion\u201d. N\u00eb vitin 2010, ai p\u00ebrmbylli studimet pasuniversitare n\u00eb Universitetin Komb\u00ebtar t\u00eb Athin\u00ebs, duke ndjekur programin \u201cElektronik dhe Radioelektrollogji\u201d, [&hellip;]\" \/>\n<meta property=\"og:url\" content=\"https:\/\/fimif.edu.al\/en\/departamentet\/departamenti-i-inxhinierise-fizike\/grupi-mesimor-kerkimor-fizike\/energjia-dhe-mjedisi\/cv-joan-jani\/\" \/>\n<meta property=\"og:site_name\" content=\"Fakulteti i Inxhinieris\u00eb Matematike dhe Inxhinieris\u00eb Fizike\" \/>\n<meta property=\"article:publisher\" content=\"https:\/\/www.facebook.com\/p\/Departamenti-i-Inxhinierise-Matematike-FIMIF-UPT-100077435994252\/\" \/>\n<meta property=\"article:modified_time\" content=\"2025-04-22T08:36:22+00:00\" \/>\n<meta name=\"twitter:card\" content=\"summary_large_image\" \/>\n<meta name=\"twitter:label1\" content=\"Estimated reading time\" \/>\n\t<meta name=\"twitter:data1\" content=\"1 minute\" \/>\n<script type=\"application\/ld+json\" class=\"yoast-schema-graph\">{\"@context\":\"https:\\\/\\\/schema.org\",\"@graph\":[{\"@type\":\"WebPage\",\"@id\":\"https:\\\/\\\/fimif.edu.al\\\/departamentet\\\/departamenti-i-inxhinierise-fizike\\\/grupi-mesimor-kerkimor-fizike\\\/energjia-dhe-mjedisi\\\/cv-joan-jani\\\/\",\"url\":\"https:\\\/\\\/fimif.edu.al\\\/departamentet\\\/departamenti-i-inxhinierise-fizike\\\/grupi-mesimor-kerkimor-fizike\\\/energjia-dhe-mjedisi\\\/cv-joan-jani\\\/\",\"name\":\"CV Joan JANI - Fakulteti i Inxhinieris\u00eb Matematike dhe Inxhinieris\u00eb Fizike\",\"isPartOf\":{\"@id\":\"https:\\\/\\\/fimif.edu.al\\\/#website\"},\"datePublished\":\"2025-01-15T13:41:52+00:00\",\"dateModified\":\"2025-04-22T08:36:22+00:00\",\"breadcrumb\":{\"@id\":\"https:\\\/\\\/fimif.edu.al\\\/departamentet\\\/departamenti-i-inxhinierise-fizike\\\/grupi-mesimor-kerkimor-fizike\\\/energjia-dhe-mjedisi\\\/cv-joan-jani\\\/#breadcrumb\"},\"inLanguage\":\"en-GB\",\"potentialAction\":[{\"@type\":\"ReadAction\",\"target\":[\"https:\\\/\\\/fimif.edu.al\\\/departamentet\\\/departamenti-i-inxhinierise-fizike\\\/grupi-mesimor-kerkimor-fizike\\\/energjia-dhe-mjedisi\\\/cv-joan-jani\\\/\"]}]},{\"@type\":\"BreadcrumbList\",\"@id\":\"https:\\\/\\\/fimif.edu.al\\\/departamentet\\\/departamenti-i-inxhinierise-fizike\\\/grupi-mesimor-kerkimor-fizike\\\/energjia-dhe-mjedisi\\\/cv-joan-jani\\\/#breadcrumb\",\"itemListElement\":[{\"@type\":\"ListItem\",\"position\":1,\"name\":\"Home\",\"item\":\"https:\\\/\\\/fimif.edu.al\\\/\"},{\"@type\":\"ListItem\",\"position\":2,\"name\":\"Departamentet\",\"item\":\"https:\\\/\\\/fimif.edu.al\\\/departamentet\\\/\"},{\"@type\":\"ListItem\",\"position\":3,\"name\":\"Departamenti i Inxhinierise Fizike\",\"item\":\"https:\\\/\\\/fimif.edu.al\\\/departamentet\\\/departamenti-i-inxhinierise-fizike\\\/\"},{\"@type\":\"ListItem\",\"position\":4,\"name\":\"Grupi M\u00ebsimor K\u00ebrkimor Fizik\u00eb\",\"item\":\"https:\\\/\\\/fimif.edu.al\\\/departamentet\\\/departamenti-i-inxhinierise-fizike\\\/grupi-mesimor-kerkimor-fizike\\\/\"},{\"@type\":\"ListItem\",\"position\":5,\"name\":\"Energjia dhe Mjedisi\",\"item\":\"https:\\\/\\\/fimif.edu.al\\\/departamentet\\\/departamenti-i-inxhinierise-fizike\\\/grupi-mesimor-kerkimor-fizike\\\/energjia-dhe-mjedisi\\\/\"},{\"@type\":\"ListItem\",\"position\":6,\"name\":\"CV Joan JANI\"}]},{\"@type\":\"WebSite\",\"@id\":\"https:\\\/\\\/fimif.edu.al\\\/#website\",\"url\":\"https:\\\/\\\/fimif.edu.al\\\/\",\"name\":\"Fakulteti i Inxhinieris\u00eb Matematike dhe Inxhinieris\u00eb Fizike\",\"description\":\"FIMIF, UPT Tirane\",\"publisher\":{\"@id\":\"https:\\\/\\\/fimif.edu.al\\\/#organization\"},\"potentialAction\":[{\"@type\":\"SearchAction\",\"target\":{\"@type\":\"EntryPoint\",\"urlTemplate\":\"https:\\\/\\\/fimif.edu.al\\\/?s={search_term_string}\"},\"query-input\":{\"@type\":\"PropertyValueSpecification\",\"valueRequired\":true,\"valueName\":\"search_term_string\"}}],\"inLanguage\":\"en-GB\"},{\"@type\":\"Organization\",\"@id\":\"https:\\\/\\\/fimif.edu.al\\\/#organization\",\"name\":\"Fakulteti i Inxhinieris\u00eb Matematike dhe Inxhinieris\u00eb Fizike\",\"url\":\"https:\\\/\\\/fimif.edu.al\\\/\",\"logo\":{\"@type\":\"ImageObject\",\"inLanguage\":\"en-GB\",\"@id\":\"https:\\\/\\\/fimif.edu.al\\\/#\\\/schema\\\/logo\\\/image\\\/\",\"url\":\"https:\\\/\\\/fimif.edu.al\\\/wp-content\\\/uploads\\\/2024\\\/10\\\/Fimif-Logo.svg\",\"contentUrl\":\"https:\\\/\\\/fimif.edu.al\\\/wp-content\\\/uploads\\\/2024\\\/10\\\/Fimif-Logo.svg\",\"width\":653,\"height\":219,\"caption\":\"Fakulteti i Inxhinieris\u00eb Matematike dhe Inxhinieris\u00eb Fizike\"},\"image\":{\"@id\":\"https:\\\/\\\/fimif.edu.al\\\/#\\\/schema\\\/logo\\\/image\\\/\"},\"sameAs\":[\"https:\\\/\\\/www.facebook.com\\\/p\\\/Departamenti-i-Inxhinierise-Matematike-FIMIF-UPT-100077435994252\\\/\"]}]}<\/script>\n<!-- \/ Yoast SEO plugin. -->","yoast_head_json":{"title":"CV Joan JANI - Fakulteti i Inxhinieris\u00eb Matematike dhe Inxhinieris\u00eb Fizike","robots":{"index":"index","follow":"follow","max-snippet":"max-snippet:-1","max-image-preview":"max-image-preview:large","max-video-preview":"max-video-preview:-1"},"canonical":"https:\/\/fimif.edu.al\/en\/departamentet\/departamenti-i-inxhinierise-fizike\/grupi-mesimor-kerkimor-fizike\/energjia-dhe-mjedisi\/cv-joan-jani\/","og_locale":"en_GB","og_type":"article","og_title":"CV Joan JANI - Fakulteti i Inxhinieris\u00eb Matematike dhe Inxhinieris\u00eb Fizike","og_description":"Edukimi Joan Jani, i lindur n\u00eb Tiran\u00eb n\u00eb vitin 1983, ka p\u00ebrfunduar studimet e tij universitare n\u00eb Shtator t\u00eb vitit 2007 pran\u00eb Universitetit Aristotelis t\u00eb Selanikut, n\u00eb Greqi, n\u00eb deg\u00ebn e Fizik\u00ebs me drejtim \u201cElektronik dhe Telekomunikacion\u201d. N\u00eb vitin 2010, ai p\u00ebrmbylli studimet pasuniversitare n\u00eb Universitetin Komb\u00ebtar t\u00eb Athin\u00ebs, duke ndjekur programin \u201cElektronik dhe Radioelektrollogji\u201d, [&hellip;]","og_url":"https:\/\/fimif.edu.al\/en\/departamentet\/departamenti-i-inxhinierise-fizike\/grupi-mesimor-kerkimor-fizike\/energjia-dhe-mjedisi\/cv-joan-jani\/","og_site_name":"Fakulteti i Inxhinieris\u00eb Matematike dhe Inxhinieris\u00eb Fizike","article_publisher":"https:\/\/www.facebook.com\/p\/Departamenti-i-Inxhinierise-Matematike-FIMIF-UPT-100077435994252\/","article_modified_time":"2025-04-22T08:36:22+00:00","twitter_card":"summary_large_image","twitter_misc":{"Estimated reading time":"1 minute"},"schema":{"@context":"https:\/\/schema.org","@graph":[{"@type":"WebPage","@id":"https:\/\/fimif.edu.al\/departamentet\/departamenti-i-inxhinierise-fizike\/grupi-mesimor-kerkimor-fizike\/energjia-dhe-mjedisi\/cv-joan-jani\/","url":"https:\/\/fimif.edu.al\/departamentet\/departamenti-i-inxhinierise-fizike\/grupi-mesimor-kerkimor-fizike\/energjia-dhe-mjedisi\/cv-joan-jani\/","name":"CV Joan JANI - Fakulteti i Inxhinieris\u00eb Matematike dhe Inxhinieris\u00eb Fizike","isPartOf":{"@id":"https:\/\/fimif.edu.al\/#website"},"datePublished":"2025-01-15T13:41:52+00:00","dateModified":"2025-04-22T08:36:22+00:00","breadcrumb":{"@id":"https:\/\/fimif.edu.al\/departamentet\/departamenti-i-inxhinierise-fizike\/grupi-mesimor-kerkimor-fizike\/energjia-dhe-mjedisi\/cv-joan-jani\/#breadcrumb"},"inLanguage":"en-GB","potentialAction":[{"@type":"ReadAction","target":["https:\/\/fimif.edu.al\/departamentet\/departamenti-i-inxhinierise-fizike\/grupi-mesimor-kerkimor-fizike\/energjia-dhe-mjedisi\/cv-joan-jani\/"]}]},{"@type":"BreadcrumbList","@id":"https:\/\/fimif.edu.al\/departamentet\/departamenti-i-inxhinierise-fizike\/grupi-mesimor-kerkimor-fizike\/energjia-dhe-mjedisi\/cv-joan-jani\/#breadcrumb","itemListElement":[{"@type":"ListItem","position":1,"name":"Home","item":"https:\/\/fimif.edu.al\/"},{"@type":"ListItem","position":2,"name":"Departamentet","item":"https:\/\/fimif.edu.al\/departamentet\/"},{"@type":"ListItem","position":3,"name":"Departamenti i Inxhinierise Fizike","item":"https:\/\/fimif.edu.al\/departamentet\/departamenti-i-inxhinierise-fizike\/"},{"@type":"ListItem","position":4,"name":"Grupi M\u00ebsimor K\u00ebrkimor Fizik\u00eb","item":"https:\/\/fimif.edu.al\/departamentet\/departamenti-i-inxhinierise-fizike\/grupi-mesimor-kerkimor-fizike\/"},{"@type":"ListItem","position":5,"name":"Energjia dhe Mjedisi","item":"https:\/\/fimif.edu.al\/departamentet\/departamenti-i-inxhinierise-fizike\/grupi-mesimor-kerkimor-fizike\/energjia-dhe-mjedisi\/"},{"@type":"ListItem","position":6,"name":"CV Joan JANI"}]},{"@type":"WebSite","@id":"https:\/\/fimif.edu.al\/#website","url":"https:\/\/fimif.edu.al\/","name":"Fakulteti i Inxhinieris\u00eb Matematike dhe Inxhinieris\u00eb Fizike","description":"FIMIF, UPT Tirane","publisher":{"@id":"https:\/\/fimif.edu.al\/#organization"},"potentialAction":[{"@type":"SearchAction","target":{"@type":"EntryPoint","urlTemplate":"https:\/\/fimif.edu.al\/?s={search_term_string}"},"query-input":{"@type":"PropertyValueSpecification","valueRequired":true,"valueName":"search_term_string"}}],"inLanguage":"en-GB"},{"@type":"Organization","@id":"https:\/\/fimif.edu.al\/#organization","name":"Fakulteti i Inxhinieris\u00eb Matematike dhe Inxhinieris\u00eb Fizike","url":"https:\/\/fimif.edu.al\/","logo":{"@type":"ImageObject","inLanguage":"en-GB","@id":"https:\/\/fimif.edu.al\/#\/schema\/logo\/image\/","url":"https:\/\/fimif.edu.al\/wp-content\/uploads\/2024\/10\/Fimif-Logo.svg","contentUrl":"https:\/\/fimif.edu.al\/wp-content\/uploads\/2024\/10\/Fimif-Logo.svg","width":653,"height":219,"caption":"Fakulteti i Inxhinieris\u00eb Matematike dhe Inxhinieris\u00eb Fizike"},"image":{"@id":"https:\/\/fimif.edu.al\/#\/schema\/logo\/image\/"},"sameAs":["https:\/\/www.facebook.com\/p\/Departamenti-i-Inxhinierise-Matematike-FIMIF-UPT-100077435994252\/"]}]}},"_links":{"self":[{"href":"https:\/\/fimif.edu.al\/en\/wp-json\/wp\/v2\/pages\/6186","targetHints":{"allow":["GET"]}}],"collection":[{"href":"https:\/\/fimif.edu.al\/en\/wp-json\/wp\/v2\/pages"}],"about":[{"href":"https:\/\/fimif.edu.al\/en\/wp-json\/wp\/v2\/types\/page"}],"author":[{"embeddable":true,"href":"https:\/\/fimif.edu.al\/en\/wp-json\/wp\/v2\/users\/1"}],"replies":[{"embeddable":true,"href":"https:\/\/fimif.edu.al\/en\/wp-json\/wp\/v2\/comments?post=6186"}],"version-history":[{"count":13,"href":"https:\/\/fimif.edu.al\/en\/wp-json\/wp\/v2\/pages\/6186\/revisions"}],"predecessor-version":[{"id":7386,"href":"https:\/\/fimif.edu.al\/en\/wp-json\/wp\/v2\/pages\/6186\/revisions\/7386"}],"up":[{"embeddable":true,"href":"https:\/\/fimif.edu.al\/en\/wp-json\/wp\/v2\/pages\/5666"}],"wp:attachment":[{"href":"https:\/\/fimif.edu.al\/en\/wp-json\/wp\/v2\/media?parent=6186"}],"curies":[{"name":"wp","href":"https:\/\/api.w.org\/{rel}","templated":true}]}}