{"id":6209,"date":"2025-01-15T14:55:10","date_gmt":"2025-01-15T13:55:10","guid":{"rendered":"https:\/\/fimif.edu.al\/?page_id=6209"},"modified":"2025-01-16T19:58:08","modified_gmt":"2025-01-16T18:58:08","slug":"cv-urim-buzra","status":"publish","type":"page","link":"https:\/\/fimif.edu.al\/en\/departamentet\/departamenti-i-inxhinierise-fizike\/grupi-mesimor-kerkimor-fizike\/energjia-dhe-mjedisi\/cv-urim-buzra\/","title":{"rendered":"CV Urim BUZRA"},"content":{"rendered":"<div data-elementor-type=\"wp-page\" data-elementor-id=\"6209\" class=\"elementor elementor-6209\" data-elementor-post-type=\"page\">\n\t\t\t\t<div class=\"elementor-element elementor-element-1087fc3 e-con-full e-flex e-con e-parent\" data-id=\"1087fc3\" data-element_type=\"container\" data-e-type=\"container\">\n\t\t\t\t<div class=\"elementor-element elementor-element-d65b559 elementor-widget elementor-widget-template\" data-id=\"d65b559\" data-element_type=\"widget\" data-e-type=\"widget\" data-widget_type=\"template.default\">\n\t\t\t\t<div class=\"elementor-widget-container\">\n\t\t\t\t\t\t\t<div class=\"elementor-template\">\n\t\t\t\t\t<div data-elementor-type=\"container\" data-elementor-id=\"3550\" class=\"elementor elementor-3550\" data-elementor-post-type=\"elementor_library\">\n\t\t\t\t<div class=\"elementor-element elementor-element-9293d27 e-flex e-con-boxed e-con e-parent\" data-id=\"9293d27\" data-element_type=\"container\" data-e-type=\"container\" data-settings=\"{&quot;background_background&quot;:&quot;classic&quot;}\">\n\t\t\t\t\t<div class=\"e-con-inner\">\n\t\t\t\t\t<\/div>\n\t\t\t\t<\/div>\n\t\t\t\t<\/div>\n\t\t\t\t<\/div>\n\t\t\t\t\t\t<\/div>\n\t\t\t\t<\/div>\n\t\t\t\t<\/div>\n\t\t<div class=\"elementor-element elementor-element-3f13a8e e-flex e-con-boxed e-con e-parent\" data-id=\"3f13a8e\" data-element_type=\"container\" data-e-type=\"container\">\n\t\t\t\t\t<div class=\"e-con-inner\">\n\t\t<div class=\"elementor-element elementor-element-cf78097 e-con-full e-flex e-con e-child\" data-id=\"cf78097\" data-element_type=\"container\" data-e-type=\"container\" data-settings=\"{&quot;background_background&quot;:&quot;classic&quot;}\">\n\t\t\t\t<div class=\"elementor-element elementor-element-e93abdb elementor-widget-divider--view-line_text elementor-widget-divider--element-align-center elementor-widget elementor-widget-divider\" data-id=\"e93abdb\" data-element_type=\"widget\" data-e-type=\"widget\" data-widget_type=\"divider.default\">\n\t\t\t\t<div class=\"elementor-widget-container\">\n\t\t\t\t\t\t\t<div class=\"elementor-divider\">\n\t\t\t<span class=\"elementor-divider-separator\">\n\t\t\t\t\t\t\t<h2 class=\"elementor-divider__text elementor-divider__element\">\n\t\t\t\tEdukimi\t\t\t\t<\/h2>\n\t\t\t\t\t\t<\/span>\n\t\t<\/div>\n\t\t\t\t\t\t<\/div>\n\t\t\t\t<\/div>\n\t\t\t\t<div class=\"elementor-element elementor-element-bf80871 elementor-widget elementor-widget-text-editor\" data-id=\"bf80871\" data-element_type=\"widget\" data-e-type=\"widget\" data-widget_type=\"text-editor.default\">\n\t\t\t\t<div class=\"elementor-widget-container\">\n\t\t\t\t\t\t\t\t\t<p>Lindi m\u00eb 1 korrik 1988 n\u00eb Librazhd. N\u00eb vitin 2009 p\u00ebrfundon studimet bachelor n\u00eb Inxhinieri Fizike, n\u00eb Fakultetin e Inxhinieris\u00eb Matematike dhe Inxhinieris\u00eb Fizike (FIMIF) n\u00eb Universitetin Politeknik t\u00eb Tiran\u00ebs (UPT). Vazhdoi studimet master shkencor n\u00eb t\u00eb nj\u00ebt\u00ebn deg\u00eb dhe i p\u00ebrfundon n\u00eb vitin 2011. Gjat\u00eb periudh\u00ebs 2012-2016 ndjek studimet e doktoratur\u00ebs n\u00eb Inxhineri Fizike n\u00eb fush\u00ebn e energjive t\u00eb rinovueshme, dhe mbrojti disertacionin n\u00eb 20 korrik 2016. Prej n\u00ebntorit 2023 mban titullin Profesor i Asociuar.<\/p>\t\t\t\t\t\t\t\t<\/div>\n\t\t\t\t<\/div>\n\t\t\t\t<div class=\"elementor-element elementor-element-6bd67f2 elementor-widget-divider--view-line_text elementor-widget-divider--element-align-center elementor-widget elementor-widget-divider\" data-id=\"6bd67f2\" data-element_type=\"widget\" data-e-type=\"widget\" data-widget_type=\"divider.default\">\n\t\t\t\t<div class=\"elementor-widget-container\">\n\t\t\t\t\t\t\t<div class=\"elementor-divider\">\n\t\t\t<span class=\"elementor-divider-separator\">\n\t\t\t\t\t\t\t<h2 class=\"elementor-divider__text elementor-divider__element\">\n\t\t\t\tPun\u00ebsimi dhe funksione akademike\t\t\t\t<\/h2>\n\t\t\t\t\t\t<\/span>\n\t\t<\/div>\n\t\t\t\t\t\t<\/div>\n\t\t\t\t<\/div>\n\t\t\t\t<div class=\"elementor-element elementor-element-0f1ea44 elementor-widget elementor-widget-text-editor\" data-id=\"0f1ea44\" data-element_type=\"widget\" data-e-type=\"widget\" data-widget_type=\"text-editor.default\">\n\t\t\t\t<div class=\"elementor-widget-container\">\n\t\t\t\t\t\t\t\t\t<p>N\u00eb tetor 2011 fillon pun\u00eb si pedagog n\u00eb Universitetin Politeknik t\u00eb Tiran\u00ebs, Fakulteti i Inxhinieris\u00eb Matematike dhe Inxhinierise Fizike, deparatmenti i Inxhinieris\u00eb Fizike. Fillimisht i angazhuar si lektor n\u00eb l\u00ebnd\u00eb si: \u201cFizik\u00eb e P\u00ebrgjith\u00ebshme 1\u201d, \u201c Fizik\u00eb e p\u00ebrgjith\u00ebshme 2\u201d, \u201cBurimet Alternative t\u00eb Energjis\u00eb\u201d, duke u b\u00ebr\u00eb m\u00eb von\u00eb edhe titullar i k\u00ebtyre l\u00ebnd\u00ebve.<\/p>\t\t\t\t\t\t\t\t<\/div>\n\t\t\t\t<\/div>\n\t\t\t\t<div class=\"elementor-element elementor-element-c287e0a elementor-widget-divider--view-line_text elementor-widget-divider--element-align-center elementor-widget elementor-widget-divider\" data-id=\"c287e0a\" data-element_type=\"widget\" data-e-type=\"widget\" data-widget_type=\"divider.default\">\n\t\t\t\t<div class=\"elementor-widget-container\">\n\t\t\t\t\t\t\t<div class=\"elementor-divider\">\n\t\t\t<span class=\"elementor-divider-separator\">\n\t\t\t\t\t\t\t<h2 class=\"elementor-divider__text elementor-divider__element\">\n\t\t\t\tAktiviteti shkencor\t\t\t\t<\/h2>\n\t\t\t\t\t\t<\/span>\n\t\t<\/div>\n\t\t\t\t\t\t<\/div>\n\t\t\t\t<\/div>\n\t\t\t\t<div class=\"elementor-element elementor-element-1af26d8 elementor-widget elementor-widget-text-editor\" data-id=\"1af26d8\" data-element_type=\"widget\" data-e-type=\"widget\" data-widget_type=\"text-editor.default\">\n\t\t\t\t<div class=\"elementor-widget-container\">\n\t\t\t\t\t\t\t\t\t<p>\u00cbsht\u00eb autor dhe bashkautor i 11 artikujve shkencore t\u00eb botuara n\u00eb revista shkencore komb\u00ebtare dhe nd\u00ebrkomb\u00ebtare. Gjithashtu ka marr\u00eb pjes\u00eb si autor i par\u00eb dhe bashkautor n\u00eb 36 konferenca komb\u00ebtare dhe nd\u00ebrkomb\u00ebtare, ku ka referuar punimet e tij, nj\u00eb pjes\u00eb e t\u00eb cilave jan\u00eb botuar n\u00eb proceedings t\u00eb konferencave p\u00ebrkat\u00ebse.<\/p><p>Fusha k\u00ebrkimore: Energjit\u00eb t\u00eb rinovueshme, auditimi i energjis\u00eb n\u00eb nd\u00ebrtesa dhe industri, dhe menaxhimi energjis\u00eb. Aderon n\u00eb grupin k\u00ebrkimor-shkencor n\u00eb FIMIF \u201cEnergjia dhe Mjedisi\u201d. <\/p>\t\t\t\t\t\t\t\t<\/div>\n\t\t\t\t<\/div>\n\t\t\t\t<\/div>\n\t\t\t\t\t<\/div>\n\t\t\t\t<\/div>\n\t\t\t\t<\/div>","protected":false},"excerpt":{"rendered":"<p>Edukimi Lindi m\u00eb 1 korrik 1988 n\u00eb Librazhd. N\u00eb vitin 2009 p\u00ebrfundon studimet bachelor n\u00eb Inxhinieri Fizike, n\u00eb Fakultetin e Inxhinieris\u00eb Matematike dhe Inxhinieris\u00eb Fizike (FIMIF) n\u00eb Universitetin Politeknik t\u00eb Tiran\u00ebs (UPT). Vazhdoi studimet master shkencor n\u00eb t\u00eb nj\u00ebt\u00ebn deg\u00eb dhe i p\u00ebrfundon n\u00eb vitin 2011. Gjat\u00eb periudh\u00ebs 2012-2016 ndjek studimet e doktoratur\u00ebs n\u00eb Inxhineri [&hellip;]<\/p>\n","protected":false},"author":1,"featured_media":0,"parent":5666,"menu_order":0,"comment_status":"closed","ping_status":"closed","template":"","meta":{"footnotes":""},"class_list":["post-6209","page","type-page","status-publish","hentry"],"yoast_head":"<!-- This site is optimized with the Yoast SEO plugin v27.4 - https:\/\/yoast.com\/product\/yoast-seo-wordpress\/ -->\n<title>CV Urim BUZRA - Fakulteti i Inxhinieris\u00eb Matematike dhe Inxhinieris\u00eb Fizike<\/title>\n<meta name=\"robots\" content=\"index, follow, max-snippet:-1, max-image-preview:large, max-video-preview:-1\" \/>\n<link rel=\"canonical\" href=\"https:\/\/fimif.edu.al\/en\/departamentet\/departamenti-i-inxhinierise-fizike\/grupi-mesimor-kerkimor-fizike\/energjia-dhe-mjedisi\/cv-urim-buzra\/\" \/>\n<meta property=\"og:locale\" content=\"en_GB\" \/>\n<meta property=\"og:type\" content=\"article\" \/>\n<meta property=\"og:title\" content=\"CV Urim BUZRA - Fakulteti i Inxhinieris\u00eb Matematike dhe Inxhinieris\u00eb Fizike\" \/>\n<meta property=\"og:description\" content=\"Edukimi Lindi m\u00eb 1 korrik 1988 n\u00eb Librazhd. N\u00eb vitin 2009 p\u00ebrfundon studimet bachelor n\u00eb Inxhinieri Fizike, n\u00eb Fakultetin e Inxhinieris\u00eb Matematike dhe Inxhinieris\u00eb Fizike (FIMIF) n\u00eb Universitetin Politeknik t\u00eb Tiran\u00ebs (UPT). Vazhdoi studimet master shkencor n\u00eb t\u00eb nj\u00ebt\u00ebn deg\u00eb dhe i p\u00ebrfundon n\u00eb vitin 2011. Gjat\u00eb periudh\u00ebs 2012-2016 ndjek studimet e doktoratur\u00ebs n\u00eb Inxhineri [&hellip;]\" \/>\n<meta property=\"og:url\" content=\"https:\/\/fimif.edu.al\/en\/departamentet\/departamenti-i-inxhinierise-fizike\/grupi-mesimor-kerkimor-fizike\/energjia-dhe-mjedisi\/cv-urim-buzra\/\" \/>\n<meta property=\"og:site_name\" content=\"Fakulteti i Inxhinieris\u00eb Matematike dhe Inxhinieris\u00eb Fizike\" \/>\n<meta property=\"article:publisher\" content=\"https:\/\/www.facebook.com\/p\/Departamenti-i-Inxhinierise-Matematike-FIMIF-UPT-100077435994252\/\" \/>\n<meta property=\"article:modified_time\" content=\"2025-01-16T18:58:08+00:00\" \/>\n<meta name=\"twitter:card\" content=\"summary_large_image\" \/>\n<script type=\"application\/ld+json\" class=\"yoast-schema-graph\">{\"@context\":\"https:\\\/\\\/schema.org\",\"@graph\":[{\"@type\":\"WebPage\",\"@id\":\"https:\\\/\\\/fimif.edu.al\\\/departamentet\\\/departamenti-i-inxhinierise-fizike\\\/grupi-mesimor-kerkimor-fizike\\\/energjia-dhe-mjedisi\\\/cv-urim-buzra\\\/\",\"url\":\"https:\\\/\\\/fimif.edu.al\\\/departamentet\\\/departamenti-i-inxhinierise-fizike\\\/grupi-mesimor-kerkimor-fizike\\\/energjia-dhe-mjedisi\\\/cv-urim-buzra\\\/\",\"name\":\"CV Urim BUZRA - Fakulteti i Inxhinieris\u00eb Matematike dhe Inxhinieris\u00eb Fizike\",\"isPartOf\":{\"@id\":\"https:\\\/\\\/fimif.edu.al\\\/#website\"},\"datePublished\":\"2025-01-15T13:55:10+00:00\",\"dateModified\":\"2025-01-16T18:58:08+00:00\",\"breadcrumb\":{\"@id\":\"https:\\\/\\\/fimif.edu.al\\\/departamentet\\\/departamenti-i-inxhinierise-fizike\\\/grupi-mesimor-kerkimor-fizike\\\/energjia-dhe-mjedisi\\\/cv-urim-buzra\\\/#breadcrumb\"},\"inLanguage\":\"en-GB\",\"potentialAction\":[{\"@type\":\"ReadAction\",\"target\":[\"https:\\\/\\\/fimif.edu.al\\\/departamentet\\\/departamenti-i-inxhinierise-fizike\\\/grupi-mesimor-kerkimor-fizike\\\/energjia-dhe-mjedisi\\\/cv-urim-buzra\\\/\"]}]},{\"@type\":\"BreadcrumbList\",\"@id\":\"https:\\\/\\\/fimif.edu.al\\\/departamentet\\\/departamenti-i-inxhinierise-fizike\\\/grupi-mesimor-kerkimor-fizike\\\/energjia-dhe-mjedisi\\\/cv-urim-buzra\\\/#breadcrumb\",\"itemListElement\":[{\"@type\":\"ListItem\",\"position\":1,\"name\":\"Home\",\"item\":\"https:\\\/\\\/fimif.edu.al\\\/\"},{\"@type\":\"ListItem\",\"position\":2,\"name\":\"Departamentet\",\"item\":\"https:\\\/\\\/fimif.edu.al\\\/departamentet\\\/\"},{\"@type\":\"ListItem\",\"position\":3,\"name\":\"Departamenti i Inxhinierise Fizike\",\"item\":\"https:\\\/\\\/fimif.edu.al\\\/departamentet\\\/departamenti-i-inxhinierise-fizike\\\/\"},{\"@type\":\"ListItem\",\"position\":4,\"name\":\"Grupi M\u00ebsimor K\u00ebrkimor Fizik\u00eb\",\"item\":\"https:\\\/\\\/fimif.edu.al\\\/departamentet\\\/departamenti-i-inxhinierise-fizike\\\/grupi-mesimor-kerkimor-fizike\\\/\"},{\"@type\":\"ListItem\",\"position\":5,\"name\":\"Energjia dhe Mjedisi\",\"item\":\"https:\\\/\\\/fimif.edu.al\\\/departamentet\\\/departamenti-i-inxhinierise-fizike\\\/grupi-mesimor-kerkimor-fizike\\\/energjia-dhe-mjedisi\\\/\"},{\"@type\":\"ListItem\",\"position\":6,\"name\":\"CV Urim BUZRA\"}]},{\"@type\":\"WebSite\",\"@id\":\"https:\\\/\\\/fimif.edu.al\\\/#website\",\"url\":\"https:\\\/\\\/fimif.edu.al\\\/\",\"name\":\"Fakulteti i Inxhinieris\u00eb Matematike dhe Inxhinieris\u00eb Fizike\",\"description\":\"FIMIF, UPT Tirane\",\"publisher\":{\"@id\":\"https:\\\/\\\/fimif.edu.al\\\/#organization\"},\"potentialAction\":[{\"@type\":\"SearchAction\",\"target\":{\"@type\":\"EntryPoint\",\"urlTemplate\":\"https:\\\/\\\/fimif.edu.al\\\/?s={search_term_string}\"},\"query-input\":{\"@type\":\"PropertyValueSpecification\",\"valueRequired\":true,\"valueName\":\"search_term_string\"}}],\"inLanguage\":\"en-GB\"},{\"@type\":\"Organization\",\"@id\":\"https:\\\/\\\/fimif.edu.al\\\/#organization\",\"name\":\"Fakulteti i Inxhinieris\u00eb Matematike dhe Inxhinieris\u00eb Fizike\",\"url\":\"https:\\\/\\\/fimif.edu.al\\\/\",\"logo\":{\"@type\":\"ImageObject\",\"inLanguage\":\"en-GB\",\"@id\":\"https:\\\/\\\/fimif.edu.al\\\/#\\\/schema\\\/logo\\\/image\\\/\",\"url\":\"https:\\\/\\\/fimif.edu.al\\\/wp-content\\\/uploads\\\/2024\\\/10\\\/Fimif-Logo.svg\",\"contentUrl\":\"https:\\\/\\\/fimif.edu.al\\\/wp-content\\\/uploads\\\/2024\\\/10\\\/Fimif-Logo.svg\",\"width\":653,\"height\":219,\"caption\":\"Fakulteti i Inxhinieris\u00eb Matematike dhe Inxhinieris\u00eb Fizike\"},\"image\":{\"@id\":\"https:\\\/\\\/fimif.edu.al\\\/#\\\/schema\\\/logo\\\/image\\\/\"},\"sameAs\":[\"https:\\\/\\\/www.facebook.com\\\/p\\\/Departamenti-i-Inxhinierise-Matematike-FIMIF-UPT-100077435994252\\\/\"]}]}<\/script>\n<!-- \/ Yoast SEO plugin. -->","yoast_head_json":{"title":"CV Urim BUZRA - Fakulteti i Inxhinieris\u00eb Matematike dhe Inxhinieris\u00eb Fizike","robots":{"index":"index","follow":"follow","max-snippet":"max-snippet:-1","max-image-preview":"max-image-preview:large","max-video-preview":"max-video-preview:-1"},"canonical":"https:\/\/fimif.edu.al\/en\/departamentet\/departamenti-i-inxhinierise-fizike\/grupi-mesimor-kerkimor-fizike\/energjia-dhe-mjedisi\/cv-urim-buzra\/","og_locale":"en_GB","og_type":"article","og_title":"CV Urim BUZRA - Fakulteti i Inxhinieris\u00eb Matematike dhe Inxhinieris\u00eb Fizike","og_description":"Edukimi Lindi m\u00eb 1 korrik 1988 n\u00eb Librazhd. N\u00eb vitin 2009 p\u00ebrfundon studimet bachelor n\u00eb Inxhinieri Fizike, n\u00eb Fakultetin e Inxhinieris\u00eb Matematike dhe Inxhinieris\u00eb Fizike (FIMIF) n\u00eb Universitetin Politeknik t\u00eb Tiran\u00ebs (UPT). Vazhdoi studimet master shkencor n\u00eb t\u00eb nj\u00ebt\u00ebn deg\u00eb dhe i p\u00ebrfundon n\u00eb vitin 2011. Gjat\u00eb periudh\u00ebs 2012-2016 ndjek studimet e doktoratur\u00ebs n\u00eb Inxhineri [&hellip;]","og_url":"https:\/\/fimif.edu.al\/en\/departamentet\/departamenti-i-inxhinierise-fizike\/grupi-mesimor-kerkimor-fizike\/energjia-dhe-mjedisi\/cv-urim-buzra\/","og_site_name":"Fakulteti i Inxhinieris\u00eb Matematike dhe Inxhinieris\u00eb Fizike","article_publisher":"https:\/\/www.facebook.com\/p\/Departamenti-i-Inxhinierise-Matematike-FIMIF-UPT-100077435994252\/","article_modified_time":"2025-01-16T18:58:08+00:00","twitter_card":"summary_large_image","schema":{"@context":"https:\/\/schema.org","@graph":[{"@type":"WebPage","@id":"https:\/\/fimif.edu.al\/departamentet\/departamenti-i-inxhinierise-fizike\/grupi-mesimor-kerkimor-fizike\/energjia-dhe-mjedisi\/cv-urim-buzra\/","url":"https:\/\/fimif.edu.al\/departamentet\/departamenti-i-inxhinierise-fizike\/grupi-mesimor-kerkimor-fizike\/energjia-dhe-mjedisi\/cv-urim-buzra\/","name":"CV Urim BUZRA - Fakulteti i Inxhinieris\u00eb Matematike dhe Inxhinieris\u00eb Fizike","isPartOf":{"@id":"https:\/\/fimif.edu.al\/#website"},"datePublished":"2025-01-15T13:55:10+00:00","dateModified":"2025-01-16T18:58:08+00:00","breadcrumb":{"@id":"https:\/\/fimif.edu.al\/departamentet\/departamenti-i-inxhinierise-fizike\/grupi-mesimor-kerkimor-fizike\/energjia-dhe-mjedisi\/cv-urim-buzra\/#breadcrumb"},"inLanguage":"en-GB","potentialAction":[{"@type":"ReadAction","target":["https:\/\/fimif.edu.al\/departamentet\/departamenti-i-inxhinierise-fizike\/grupi-mesimor-kerkimor-fizike\/energjia-dhe-mjedisi\/cv-urim-buzra\/"]}]},{"@type":"BreadcrumbList","@id":"https:\/\/fimif.edu.al\/departamentet\/departamenti-i-inxhinierise-fizike\/grupi-mesimor-kerkimor-fizike\/energjia-dhe-mjedisi\/cv-urim-buzra\/#breadcrumb","itemListElement":[{"@type":"ListItem","position":1,"name":"Home","item":"https:\/\/fimif.edu.al\/"},{"@type":"ListItem","position":2,"name":"Departamentet","item":"https:\/\/fimif.edu.al\/departamentet\/"},{"@type":"ListItem","position":3,"name":"Departamenti i Inxhinierise Fizike","item":"https:\/\/fimif.edu.al\/departamentet\/departamenti-i-inxhinierise-fizike\/"},{"@type":"ListItem","position":4,"name":"Grupi M\u00ebsimor K\u00ebrkimor Fizik\u00eb","item":"https:\/\/fimif.edu.al\/departamentet\/departamenti-i-inxhinierise-fizike\/grupi-mesimor-kerkimor-fizike\/"},{"@type":"ListItem","position":5,"name":"Energjia dhe Mjedisi","item":"https:\/\/fimif.edu.al\/departamentet\/departamenti-i-inxhinierise-fizike\/grupi-mesimor-kerkimor-fizike\/energjia-dhe-mjedisi\/"},{"@type":"ListItem","position":6,"name":"CV Urim BUZRA"}]},{"@type":"WebSite","@id":"https:\/\/fimif.edu.al\/#website","url":"https:\/\/fimif.edu.al\/","name":"Fakulteti i Inxhinieris\u00eb Matematike dhe Inxhinieris\u00eb Fizike","description":"FIMIF, UPT Tirane","publisher":{"@id":"https:\/\/fimif.edu.al\/#organization"},"potentialAction":[{"@type":"SearchAction","target":{"@type":"EntryPoint","urlTemplate":"https:\/\/fimif.edu.al\/?s={search_term_string}"},"query-input":{"@type":"PropertyValueSpecification","valueRequired":true,"valueName":"search_term_string"}}],"inLanguage":"en-GB"},{"@type":"Organization","@id":"https:\/\/fimif.edu.al\/#organization","name":"Fakulteti i Inxhinieris\u00eb Matematike dhe Inxhinieris\u00eb Fizike","url":"https:\/\/fimif.edu.al\/","logo":{"@type":"ImageObject","inLanguage":"en-GB","@id":"https:\/\/fimif.edu.al\/#\/schema\/logo\/image\/","url":"https:\/\/fimif.edu.al\/wp-content\/uploads\/2024\/10\/Fimif-Logo.svg","contentUrl":"https:\/\/fimif.edu.al\/wp-content\/uploads\/2024\/10\/Fimif-Logo.svg","width":653,"height":219,"caption":"Fakulteti i Inxhinieris\u00eb Matematike dhe Inxhinieris\u00eb Fizike"},"image":{"@id":"https:\/\/fimif.edu.al\/#\/schema\/logo\/image\/"},"sameAs":["https:\/\/www.facebook.com\/p\/Departamenti-i-Inxhinierise-Matematike-FIMIF-UPT-100077435994252\/"]}]}},"_links":{"self":[{"href":"https:\/\/fimif.edu.al\/en\/wp-json\/wp\/v2\/pages\/6209","targetHints":{"allow":["GET"]}}],"collection":[{"href":"https:\/\/fimif.edu.al\/en\/wp-json\/wp\/v2\/pages"}],"about":[{"href":"https:\/\/fimif.edu.al\/en\/wp-json\/wp\/v2\/types\/page"}],"author":[{"embeddable":true,"href":"https:\/\/fimif.edu.al\/en\/wp-json\/wp\/v2\/users\/1"}],"replies":[{"embeddable":true,"href":"https:\/\/fimif.edu.al\/en\/wp-json\/wp\/v2\/comments?post=6209"}],"version-history":[{"count":10,"href":"https:\/\/fimif.edu.al\/en\/wp-json\/wp\/v2\/pages\/6209\/revisions"}],"predecessor-version":[{"id":6376,"href":"https:\/\/fimif.edu.al\/en\/wp-json\/wp\/v2\/pages\/6209\/revisions\/6376"}],"up":[{"embeddable":true,"href":"https:\/\/fimif.edu.al\/en\/wp-json\/wp\/v2\/pages\/5666"}],"wp:attachment":[{"href":"https:\/\/fimif.edu.al\/en\/wp-json\/wp\/v2\/media?parent=6209"}],"curies":[{"name":"wp","href":"https:\/\/api.w.org\/{rel}","templated":true}]}}