{"id":6231,"date":"2025-01-15T15:07:25","date_gmt":"2025-01-15T14:07:25","guid":{"rendered":"https:\/\/fimif.edu.al\/?page_id=6231"},"modified":"2025-01-22T10:05:58","modified_gmt":"2025-01-22T09:05:58","slug":"cv-oriana-zacaj","status":"publish","type":"page","link":"https:\/\/fimif.edu.al\/en\/departamentet\/departamenti-i-inxhinierise-matematike\/grupi-mesimor-kerkimor-matematike\/statistika\/cv-oriana-zacaj\/","title":{"rendered":"CV Oriana Za\u00e7aj"},"content":{"rendered":"<div data-elementor-type=\"wp-page\" data-elementor-id=\"6231\" class=\"elementor elementor-6231\" data-elementor-post-type=\"page\">\n\t\t\t\t<div class=\"elementor-element elementor-element-1087fc3 e-con-full e-flex e-con e-parent\" data-id=\"1087fc3\" data-element_type=\"container\">\n\t\t\t\t<div class=\"elementor-element elementor-element-d65b559 elementor-widget elementor-widget-template\" data-id=\"d65b559\" data-element_type=\"widget\" data-widget_type=\"template.default\">\n\t\t\t\t<div class=\"elementor-widget-container\">\n\t\t\t\t\t<div class=\"elementor-template\">\n\t\t\t\t\t<div data-elementor-type=\"container\" data-elementor-id=\"3550\" class=\"elementor elementor-3550\" data-elementor-post-type=\"elementor_library\">\n\t\t\t\t<div class=\"elementor-element elementor-element-9293d27 e-flex e-con-boxed e-con e-parent\" data-id=\"9293d27\" data-element_type=\"container\" data-settings=\"{&quot;background_background&quot;:&quot;classic&quot;}\">\n\t\t\t\t\t<div class=\"e-con-inner\">\n\t\t\t\t\t<\/div>\n\t\t\t\t<\/div>\n\t\t\t\t<\/div>\n\t\t\t\t<\/div>\n\t\t\t\t<\/div>\n\t\t\t\t<\/div>\n\t\t\t\t<\/div>\n\t\t<div class=\"elementor-element elementor-element-3f13a8e e-flex e-con-boxed e-con e-parent\" data-id=\"3f13a8e\" data-element_type=\"container\">\n\t\t\t\t\t<div class=\"e-con-inner\">\n\t\t<div class=\"elementor-element elementor-element-cf78097 e-con-full e-flex e-con e-child\" data-id=\"cf78097\" data-element_type=\"container\" data-settings=\"{&quot;background_background&quot;:&quot;classic&quot;}\">\n\t\t\t\t<div class=\"elementor-element elementor-element-e93abdb elementor-widget-divider--view-line_text elementor-widget-divider--element-align-center elementor-widget elementor-widget-divider\" data-id=\"e93abdb\" data-element_type=\"widget\" data-widget_type=\"divider.default\">\n\t\t\t\t<div class=\"elementor-widget-container\">\n\t\t\t\t\t<div class=\"elementor-divider\">\n\t\t\t<span class=\"elementor-divider-separator\">\n\t\t\t\t\t\t\t<h2 class=\"elementor-divider__text elementor-divider__element\">\n\t\t\t\tEdukimi\t\t\t\t<\/h2>\n\t\t\t\t\t\t<\/span>\n\t\t<\/div>\n\t\t\t\t<\/div>\n\t\t\t\t<\/div>\n\t\t\t\t<div class=\"elementor-element elementor-element-bf80871 elementor-widget elementor-widget-text-editor\" data-id=\"bf80871\" data-element_type=\"widget\" data-widget_type=\"text-editor.default\">\n\t\t\t\t<div class=\"elementor-widget-container\">\n\t\t\t\t\t\t\t<p>Prof. Asoc. Dr. Oriana Za\u00e7aj ka perfunduar studimet e larta ne sistemin 5-vjecar ne Matematik\u00eb (me titullin Matematikan) prane Universitetit te Tiran\u00ebs, Fakulteti I Shkencave t\u00eb Natyr\u00ebs, ne vitin 2000. Ajo ka gjithashtu zot\u00ebron nj\u00eb diplom\u00eb n\u00eb fush\u00ebn e Aktuaristik\u00ebs l\u00ebshuar nga Instituti I Aktuar\u00ebve Lond\u00ebr dhe Autoriteti I Mbikqyrjes Financiare n\u00eb Shqiperi (viti 2011).<\/p>\t\t\t\t\t\t<\/div>\n\t\t\t\t<\/div>\n\t\t\t\t<div class=\"elementor-element elementor-element-6bd67f2 elementor-widget-divider--view-line_text elementor-widget-divider--element-align-center elementor-widget elementor-widget-divider\" data-id=\"6bd67f2\" data-element_type=\"widget\" data-widget_type=\"divider.default\">\n\t\t\t\t<div class=\"elementor-widget-container\">\n\t\t\t\t\t<div class=\"elementor-divider\">\n\t\t\t<span class=\"elementor-divider-separator\">\n\t\t\t\t\t\t\t<h2 class=\"elementor-divider__text elementor-divider__element\">\n\t\t\t\tPun\u00ebsimi dhe funksione akademike\t\t\t\t<\/h2>\n\t\t\t\t\t\t<\/span>\n\t\t<\/div>\n\t\t\t\t<\/div>\n\t\t\t\t<\/div>\n\t\t\t\t<div class=\"elementor-element elementor-element-0f1ea44 elementor-widget elementor-widget-text-editor\" data-id=\"0f1ea44\" data-element_type=\"widget\" data-widget_type=\"text-editor.default\">\n\t\t\t\t<div class=\"elementor-widget-container\">\n\t\t\t\t\t\t\t<p>Ajo ka fituar titullin Doktor ne vitin 2015, si edhe titullin akademik Profesor i Asociuar n\u00eb vitin 2023, n\u00eb fush\u00ebn e Statistik\u00ebs dhe Analiz\u00ebs t\u00eb t\u00eb dh\u00ebnave, pran\u00eb Universitetit Politeknik t\u00eb Tiran\u00ebs, Fakulteti I Inxhinieris\u00eb Matematike e Inxinieris\u00eb Fizike.<\/p><p>Ajo \u00ebsht\u00eb pedagoge n\u00eb Universitetin Politeknik t\u00eb Tiran\u00ebs q\u00eb nga viti 2011, n\u00eb Fakultetin e Inxhinierise Matematike e Inxhinierise Fizike, Departamenti i Inxhinieris\u00eb Matematike. Gjat\u00eb k\u00ebsaj kohe, ka qen\u00eb lektore e l\u00ebnd\u00ebve t\u00eb ndryshme si Statistik\u00eb, Probabilitet, Algjeb\u00ebr e Gjeometri, Teknika Aktuariale t\u00eb sigurimit t\u00eb jet\u00ebs, Menaxhimi I Rrezikut n\u00eb Sigurime, etj.\u00a0<\/p><p>Gjithashtu \u00ebsht\u00eb licensuar si Aktuare n\u00eb Sigurime q\u00eb nga viti 2011, dhe e ushtron k\u00ebt\u00eb profesion q\u00eb prej vitit 2000.<\/p><p><span style=\"color: var( --e-global-color-text ); font-size: 1rem;\">\u00a0Q\u00eb nga 2024, \u00ebsht\u00eb pjes\u00eb e Komisionit t\u00eb P\u00ebrhersh\u00ebm p\u00ebr dh\u00ebnien e grades shkencore \u201cDoktor\u201d n\u00eb UPT<\/span><\/p>\t\t\t\t\t\t<\/div>\n\t\t\t\t<\/div>\n\t\t\t\t<div class=\"elementor-element elementor-element-c287e0a elementor-widget-divider--view-line_text elementor-widget-divider--element-align-center elementor-widget elementor-widget-divider\" data-id=\"c287e0a\" data-element_type=\"widget\" data-widget_type=\"divider.default\">\n\t\t\t\t<div class=\"elementor-widget-container\">\n\t\t\t\t\t<div class=\"elementor-divider\">\n\t\t\t<span class=\"elementor-divider-separator\">\n\t\t\t\t\t\t\t<h2 class=\"elementor-divider__text elementor-divider__element\">\n\t\t\t\tAktiviteti shkencor\t\t\t\t<\/h2>\n\t\t\t\t\t\t<\/span>\n\t\t<\/div>\n\t\t\t\t<\/div>\n\t\t\t\t<\/div>\n\t\t\t\t<div class=\"elementor-element elementor-element-1af26d8 elementor-widget elementor-widget-text-editor\" data-id=\"1af26d8\" data-element_type=\"widget\" data-widget_type=\"text-editor.default\">\n\t\t\t\t<div class=\"elementor-widget-container\">\n\t\t\t\t\t\t\t<p>Aktiviteti I saj k\u00ebrkimor ka t\u00eb b\u00ebj\u00eb me projekte v\u00ebzhgimi t\u00eb dh\u00ebnash, analiz\u00ebn komplekse statistikore t\u00eb tyre, duke p\u00ebrdorur SPSS dhe R dhe, n\u00eb hartimin e parashikimeve, bazuar n\u00eb t\u00eb dh\u00ebnat e grumbulluara. Ajo ka punime dhe ekspertiz\u00eb edhe n\u00eb fush\u00ebn e Aktuaristik\u00ebs.<\/p><p>Me nj\u00eb eksperience shum\u00eb vjecare si n\u00eb m\u00ebsimdhenie ashtu edhe n\u00eb sistemin finaciar jo bankar, ajo ka marr\u00eb pjes\u00eb n\u00eb nj\u00eb s\u00ebr\u00eb konferencash\u00a0 komb\u00ebtare e nd\u00ebrkomb\u00ebtare, si edhe ka qen\u00eb bashkautore n\u00eb disa artikuj shkencore, nj\u00eb pjes\u00eb e t\u00eb cilave jan\u00eb indeksuar ne Scopus.<\/p><p>\u00cbsht\u00eb bashk\u00ebautore e dy librave universitar n\u00eb fush\u00ebn e saj t\u00eb k\u00ebrkimit, Probabilitet e Statistik\u00eb.<\/p>\t\t\t\t\t\t<\/div>\n\t\t\t\t<\/div>\n\t\t\t\t<\/div>\n\t\t\t\t\t<\/div>\n\t\t\t\t<\/div>\n\t\t\t\t<\/div>","protected":false},"excerpt":{"rendered":"<p>Edukimi Prof. Asoc. Dr. Oriana Za\u00e7aj ka perfunduar studimet e larta ne sistemin 5-vjecar ne Matematik\u00eb (me titullin Matematikan) prane Universitetit te Tiran\u00ebs, Fakulteti I Shkencave t\u00eb Natyr\u00ebs, ne vitin 2000. Ajo ka gjithashtu zot\u00ebron nj\u00eb diplom\u00eb n\u00eb fush\u00ebn e Aktuaristik\u00ebs l\u00ebshuar nga Instituti I Aktuar\u00ebve Lond\u00ebr dhe Autoriteti I Mbikqyrjes Financiare n\u00eb Shqiperi (viti [&hellip;]<\/p>","protected":false},"author":1,"featured_media":0,"parent":5523,"menu_order":0,"comment_status":"closed","ping_status":"closed","template":"","meta":{"footnotes":""},"class_list":["post-6231","page","type-page","status-publish","hentry"],"yoast_head":"<!-- This site is optimized with the Yoast SEO plugin v24.2 - https:\/\/yoast.com\/wordpress\/plugins\/seo\/ -->\n<title>CV Oriana Za\u00e7aj - Fakulteti i Inxhinieris\u00eb Matematike dhe Inxhinieris\u00eb Fizike<\/title>\n<meta name=\"robots\" content=\"index, follow, max-snippet:-1, max-image-preview:large, max-video-preview:-1\" \/>\n<link rel=\"canonical\" href=\"https:\/\/fimif.edu.al\/en\/departamentet\/departamenti-i-inxhinierise-matematike\/grupi-mesimor-kerkimor-matematike\/statistika\/cv-oriana-zacaj\/\" \/>\n<meta property=\"og:locale\" content=\"en_GB\" \/>\n<meta property=\"og:type\" content=\"article\" \/>\n<meta property=\"og:title\" content=\"CV Oriana Za\u00e7aj - Fakulteti i Inxhinieris\u00eb Matematike dhe Inxhinieris\u00eb Fizike\" \/>\n<meta property=\"og:description\" content=\"Edukimi Prof. Asoc. Dr. Oriana Za\u00e7aj ka perfunduar studimet e larta ne sistemin 5-vjecar ne Matematik\u00eb (me titullin Matematikan) prane Universitetit te Tiran\u00ebs, Fakulteti I Shkencave t\u00eb Natyr\u00ebs, ne vitin 2000. Ajo ka gjithashtu zot\u00ebron nj\u00eb diplom\u00eb n\u00eb fush\u00ebn e Aktuaristik\u00ebs l\u00ebshuar nga Instituti I Aktuar\u00ebve Lond\u00ebr dhe Autoriteti I Mbikqyrjes Financiare n\u00eb Shqiperi (viti [&hellip;]\" \/>\n<meta property=\"og:url\" content=\"https:\/\/fimif.edu.al\/en\/departamentet\/departamenti-i-inxhinierise-matematike\/grupi-mesimor-kerkimor-matematike\/statistika\/cv-oriana-zacaj\/\" \/>\n<meta property=\"og:site_name\" content=\"Fakulteti i Inxhinieris\u00eb Matematike dhe Inxhinieris\u00eb Fizike\" \/>\n<meta property=\"article:publisher\" content=\"https:\/\/www.facebook.com\/p\/Departamenti-i-Inxhinierise-Matematike-FIMIF-UPT-100077435994252\/\" \/>\n<meta property=\"article:modified_time\" content=\"2025-01-22T09:05:58+00:00\" \/>\n<meta name=\"twitter:card\" content=\"summary_large_image\" \/>\n<meta name=\"twitter:label1\" content=\"Estimated reading time\" \/>\n\t<meta name=\"twitter:data1\" content=\"2 minutes\" \/>\n<script type=\"application\/ld+json\" class=\"yoast-schema-graph\">{\"@context\":\"https:\/\/schema.org\",\"@graph\":[{\"@type\":\"WebPage\",\"@id\":\"https:\/\/fimif.edu.al\/departamentet\/departamenti-i-inxhinierise-matematike\/grupi-mesimor-kerkimor-matematike\/statistika\/cv-oriana-zacaj\/\",\"url\":\"https:\/\/fimif.edu.al\/departamentet\/departamenti-i-inxhinierise-matematike\/grupi-mesimor-kerkimor-matematike\/statistika\/cv-oriana-zacaj\/\",\"name\":\"CV Oriana Za\u00e7aj - Fakulteti i Inxhinieris\u00eb Matematike dhe Inxhinieris\u00eb Fizike\",\"isPartOf\":{\"@id\":\"https:\/\/fimif.edu.al\/#website\"},\"datePublished\":\"2025-01-15T14:07:25+00:00\",\"dateModified\":\"2025-01-22T09:05:58+00:00\",\"breadcrumb\":{\"@id\":\"https:\/\/fimif.edu.al\/departamentet\/departamenti-i-inxhinierise-matematike\/grupi-mesimor-kerkimor-matematike\/statistika\/cv-oriana-zacaj\/#breadcrumb\"},\"inLanguage\":\"en-GB\",\"potentialAction\":[{\"@type\":\"ReadAction\",\"target\":[\"https:\/\/fimif.edu.al\/departamentet\/departamenti-i-inxhinierise-matematike\/grupi-mesimor-kerkimor-matematike\/statistika\/cv-oriana-zacaj\/\"]}]},{\"@type\":\"BreadcrumbList\",\"@id\":\"https:\/\/fimif.edu.al\/departamentet\/departamenti-i-inxhinierise-matematike\/grupi-mesimor-kerkimor-matematike\/statistika\/cv-oriana-zacaj\/#breadcrumb\",\"itemListElement\":[{\"@type\":\"ListItem\",\"position\":1,\"name\":\"Home\",\"item\":\"https:\/\/fimif.edu.al\/\"},{\"@type\":\"ListItem\",\"position\":2,\"name\":\"Departamentet\",\"item\":\"https:\/\/fimif.edu.al\/departamentet\/\"},{\"@type\":\"ListItem\",\"position\":3,\"name\":\"Departamenti i Inxhinierise Matematike\",\"item\":\"https:\/\/fimif.edu.al\/departamentet\/departamenti-i-inxhinierise-matematike\/\"},{\"@type\":\"ListItem\",\"position\":4,\"name\":\"Grupi M\u00ebsimor K\u00ebrkimor Matematik\u00eb\",\"item\":\"https:\/\/fimif.edu.al\/departamentet\/departamenti-i-inxhinierise-matematike\/grupi-mesimor-kerkimor-matematike\/\"},{\"@type\":\"ListItem\",\"position\":5,\"name\":\"Statistika\",\"item\":\"https:\/\/fimif.edu.al\/departamentet\/departamenti-i-inxhinierise-matematike\/grupi-mesimor-kerkimor-matematike\/statistika\/\"},{\"@type\":\"ListItem\",\"position\":6,\"name\":\"CV Oriana Za\u00e7aj\"}]},{\"@type\":\"WebSite\",\"@id\":\"https:\/\/fimif.edu.al\/#website\",\"url\":\"https:\/\/fimif.edu.al\/\",\"name\":\"Fakulteti i Inxhinieris\u00eb Matematike dhe Inxhinieris\u00eb Fizike\",\"description\":\"FIMIF, UPT Tirane\",\"publisher\":{\"@id\":\"https:\/\/fimif.edu.al\/#organization\"},\"potentialAction\":[{\"@type\":\"SearchAction\",\"target\":{\"@type\":\"EntryPoint\",\"urlTemplate\":\"https:\/\/fimif.edu.al\/?s={search_term_string}\"},\"query-input\":{\"@type\":\"PropertyValueSpecification\",\"valueRequired\":true,\"valueName\":\"search_term_string\"}}],\"inLanguage\":\"en-GB\"},{\"@type\":\"Organization\",\"@id\":\"https:\/\/fimif.edu.al\/#organization\",\"name\":\"Fakulteti i Inxhinieris\u00eb Matematike dhe Inxhinieris\u00eb Fizike\",\"url\":\"https:\/\/fimif.edu.al\/\",\"logo\":{\"@type\":\"ImageObject\",\"inLanguage\":\"en-GB\",\"@id\":\"https:\/\/fimif.edu.al\/#\/schema\/logo\/image\/\",\"url\":\"https:\/\/fimif.edu.al\/wp-content\/uploads\/2024\/10\/Fimif-Logo.svg\",\"contentUrl\":\"https:\/\/fimif.edu.al\/wp-content\/uploads\/2024\/10\/Fimif-Logo.svg\",\"width\":653,\"height\":219,\"caption\":\"Fakulteti i Inxhinieris\u00eb Matematike dhe Inxhinieris\u00eb Fizike\"},\"image\":{\"@id\":\"https:\/\/fimif.edu.al\/#\/schema\/logo\/image\/\"},\"sameAs\":[\"https:\/\/www.facebook.com\/p\/Departamenti-i-Inxhinierise-Matematike-FIMIF-UPT-100077435994252\/\"]}]}<\/script>\n<!-- \/ Yoast SEO plugin. -->","yoast_head_json":{"title":"CV Oriana Za\u00e7aj - Fakulteti i Inxhinieris\u00eb Matematike dhe Inxhinieris\u00eb Fizike","robots":{"index":"index","follow":"follow","max-snippet":"max-snippet:-1","max-image-preview":"max-image-preview:large","max-video-preview":"max-video-preview:-1"},"canonical":"https:\/\/fimif.edu.al\/en\/departamentet\/departamenti-i-inxhinierise-matematike\/grupi-mesimor-kerkimor-matematike\/statistika\/cv-oriana-zacaj\/","og_locale":"en_GB","og_type":"article","og_title":"CV Oriana Za\u00e7aj - Fakulteti i Inxhinieris\u00eb Matematike dhe Inxhinieris\u00eb Fizike","og_description":"Edukimi Prof. Asoc. Dr. Oriana Za\u00e7aj ka perfunduar studimet e larta ne sistemin 5-vjecar ne Matematik\u00eb (me titullin Matematikan) prane Universitetit te Tiran\u00ebs, Fakulteti I Shkencave t\u00eb Natyr\u00ebs, ne vitin 2000. Ajo ka gjithashtu zot\u00ebron nj\u00eb diplom\u00eb n\u00eb fush\u00ebn e Aktuaristik\u00ebs l\u00ebshuar nga Instituti I Aktuar\u00ebve Lond\u00ebr dhe Autoriteti I Mbikqyrjes Financiare n\u00eb Shqiperi (viti [&hellip;]","og_url":"https:\/\/fimif.edu.al\/en\/departamentet\/departamenti-i-inxhinierise-matematike\/grupi-mesimor-kerkimor-matematike\/statistika\/cv-oriana-zacaj\/","og_site_name":"Fakulteti i Inxhinieris\u00eb Matematike dhe Inxhinieris\u00eb Fizike","article_publisher":"https:\/\/www.facebook.com\/p\/Departamenti-i-Inxhinierise-Matematike-FIMIF-UPT-100077435994252\/","article_modified_time":"2025-01-22T09:05:58+00:00","twitter_card":"summary_large_image","twitter_misc":{"Estimated reading time":"2 minutes"},"schema":{"@context":"https:\/\/schema.org","@graph":[{"@type":"WebPage","@id":"https:\/\/fimif.edu.al\/departamentet\/departamenti-i-inxhinierise-matematike\/grupi-mesimor-kerkimor-matematike\/statistika\/cv-oriana-zacaj\/","url":"https:\/\/fimif.edu.al\/departamentet\/departamenti-i-inxhinierise-matematike\/grupi-mesimor-kerkimor-matematike\/statistika\/cv-oriana-zacaj\/","name":"CV Oriana Za\u00e7aj - Fakulteti i Inxhinieris\u00eb Matematike dhe Inxhinieris\u00eb Fizike","isPartOf":{"@id":"https:\/\/fimif.edu.al\/#website"},"datePublished":"2025-01-15T14:07:25+00:00","dateModified":"2025-01-22T09:05:58+00:00","breadcrumb":{"@id":"https:\/\/fimif.edu.al\/departamentet\/departamenti-i-inxhinierise-matematike\/grupi-mesimor-kerkimor-matematike\/statistika\/cv-oriana-zacaj\/#breadcrumb"},"inLanguage":"en-GB","potentialAction":[{"@type":"ReadAction","target":["https:\/\/fimif.edu.al\/departamentet\/departamenti-i-inxhinierise-matematike\/grupi-mesimor-kerkimor-matematike\/statistika\/cv-oriana-zacaj\/"]}]},{"@type":"BreadcrumbList","@id":"https:\/\/fimif.edu.al\/departamentet\/departamenti-i-inxhinierise-matematike\/grupi-mesimor-kerkimor-matematike\/statistika\/cv-oriana-zacaj\/#breadcrumb","itemListElement":[{"@type":"ListItem","position":1,"name":"Home","item":"https:\/\/fimif.edu.al\/"},{"@type":"ListItem","position":2,"name":"Departamentet","item":"https:\/\/fimif.edu.al\/departamentet\/"},{"@type":"ListItem","position":3,"name":"Departamenti i Inxhinierise Matematike","item":"https:\/\/fimif.edu.al\/departamentet\/departamenti-i-inxhinierise-matematike\/"},{"@type":"ListItem","position":4,"name":"Grupi M\u00ebsimor K\u00ebrkimor Matematik\u00eb","item":"https:\/\/fimif.edu.al\/departamentet\/departamenti-i-inxhinierise-matematike\/grupi-mesimor-kerkimor-matematike\/"},{"@type":"ListItem","position":5,"name":"Statistika","item":"https:\/\/fimif.edu.al\/departamentet\/departamenti-i-inxhinierise-matematike\/grupi-mesimor-kerkimor-matematike\/statistika\/"},{"@type":"ListItem","position":6,"name":"CV Oriana Za\u00e7aj"}]},{"@type":"WebSite","@id":"https:\/\/fimif.edu.al\/#website","url":"https:\/\/fimif.edu.al\/","name":"Fakulteti i Inxhinieris\u00eb Matematike dhe Inxhinieris\u00eb Fizike","description":"FIMIF, UPT Tirane","publisher":{"@id":"https:\/\/fimif.edu.al\/#organization"},"potentialAction":[{"@type":"SearchAction","target":{"@type":"EntryPoint","urlTemplate":"https:\/\/fimif.edu.al\/?s={search_term_string}"},"query-input":{"@type":"PropertyValueSpecification","valueRequired":true,"valueName":"search_term_string"}}],"inLanguage":"en-GB"},{"@type":"Organization","@id":"https:\/\/fimif.edu.al\/#organization","name":"Fakulteti i Inxhinieris\u00eb Matematike dhe Inxhinieris\u00eb Fizike","url":"https:\/\/fimif.edu.al\/","logo":{"@type":"ImageObject","inLanguage":"en-GB","@id":"https:\/\/fimif.edu.al\/#\/schema\/logo\/image\/","url":"https:\/\/fimif.edu.al\/wp-content\/uploads\/2024\/10\/Fimif-Logo.svg","contentUrl":"https:\/\/fimif.edu.al\/wp-content\/uploads\/2024\/10\/Fimif-Logo.svg","width":653,"height":219,"caption":"Fakulteti i Inxhinieris\u00eb Matematike dhe Inxhinieris\u00eb Fizike"},"image":{"@id":"https:\/\/fimif.edu.al\/#\/schema\/logo\/image\/"},"sameAs":["https:\/\/www.facebook.com\/p\/Departamenti-i-Inxhinierise-Matematike-FIMIF-UPT-100077435994252\/"]}]}},"_links":{"self":[{"href":"https:\/\/fimif.edu.al\/en\/wp-json\/wp\/v2\/pages\/6231","targetHints":{"allow":["GET"]}}],"collection":[{"href":"https:\/\/fimif.edu.al\/en\/wp-json\/wp\/v2\/pages"}],"about":[{"href":"https:\/\/fimif.edu.al\/en\/wp-json\/wp\/v2\/types\/page"}],"author":[{"embeddable":true,"href":"https:\/\/fimif.edu.al\/en\/wp-json\/wp\/v2\/users\/1"}],"replies":[{"embeddable":true,"href":"https:\/\/fimif.edu.al\/en\/wp-json\/wp\/v2\/comments?post=6231"}],"version-history":[{"count":13,"href":"https:\/\/fimif.edu.al\/en\/wp-json\/wp\/v2\/pages\/6231\/revisions"}],"predecessor-version":[{"id":6936,"href":"https:\/\/fimif.edu.al\/en\/wp-json\/wp\/v2\/pages\/6231\/revisions\/6936"}],"up":[{"embeddable":true,"href":"https:\/\/fimif.edu.al\/en\/wp-json\/wp\/v2\/pages\/5523"}],"wp:attachment":[{"href":"https:\/\/fimif.edu.al\/en\/wp-json\/wp\/v2\/media?parent=6231"}],"curies":[{"name":"wp","href":"https:\/\/api.w.org\/{rel}","templated":true}]}}