{"id":6627,"date":"2025-01-17T11:04:49","date_gmt":"2025-01-17T10:04:49","guid":{"rendered":"https:\/\/fimif.edu.al\/?page_id=6627"},"modified":"2025-01-17T11:05:17","modified_gmt":"2025-01-17T10:05:17","slug":"cv-lulezim-hanelli","status":"publish","type":"page","link":"https:\/\/fimif.edu.al\/en\/departamentet\/departamenti-i-inxhinierise-matematike\/grupi-mesimor-kerkimor-matematike\/analiza-numerike\/cv-lulezim-hanelli\/","title":{"rendered":"CV  Lul\u00ebzim HANELLI"},"content":{"rendered":"<div data-elementor-type=\"wp-page\" data-elementor-id=\"6627\" class=\"elementor elementor-6627\" data-elementor-post-type=\"page\">\n\t\t\t\t<div class=\"elementor-element elementor-element-1087fc3 e-con-full e-flex e-con e-parent\" data-id=\"1087fc3\" data-element_type=\"container\" data-e-type=\"container\">\n\t\t\t\t<div class=\"elementor-element elementor-element-d65b559 elementor-widget elementor-widget-template\" data-id=\"d65b559\" data-element_type=\"widget\" data-e-type=\"widget\" data-widget_type=\"template.default\">\n\t\t\t\t<div class=\"elementor-widget-container\">\n\t\t\t\t\t\t\t<div class=\"elementor-template\">\n\t\t\t\t\t<div data-elementor-type=\"container\" data-elementor-id=\"3550\" class=\"elementor elementor-3550\" data-elementor-post-type=\"elementor_library\">\n\t\t\t\t<div class=\"elementor-element elementor-element-9293d27 e-flex e-con-boxed e-con e-parent\" data-id=\"9293d27\" data-element_type=\"container\" data-e-type=\"container\" data-settings=\"{&quot;background_background&quot;:&quot;classic&quot;}\">\n\t\t\t\t\t<div class=\"e-con-inner\">\n\t\t\t\t\t<\/div>\n\t\t\t\t<\/div>\n\t\t\t\t<\/div>\n\t\t\t\t<\/div>\n\t\t\t\t\t\t<\/div>\n\t\t\t\t<\/div>\n\t\t\t\t<\/div>\n\t\t<div class=\"elementor-element elementor-element-3f13a8e e-flex e-con-boxed e-con e-parent\" data-id=\"3f13a8e\" data-element_type=\"container\" data-e-type=\"container\">\n\t\t\t\t\t<div class=\"e-con-inner\">\n\t\t<div class=\"elementor-element elementor-element-cf78097 e-con-full e-flex e-con e-child\" data-id=\"cf78097\" data-element_type=\"container\" data-e-type=\"container\" data-settings=\"{&quot;background_background&quot;:&quot;classic&quot;}\">\n\t\t\t\t<div class=\"elementor-element elementor-element-e93abdb elementor-widget-divider--view-line_text elementor-widget-divider--element-align-center elementor-widget elementor-widget-divider\" data-id=\"e93abdb\" data-element_type=\"widget\" data-e-type=\"widget\" data-widget_type=\"divider.default\">\n\t\t\t\t<div class=\"elementor-widget-container\">\n\t\t\t\t\t\t\t<div class=\"elementor-divider\">\n\t\t\t<span class=\"elementor-divider-separator\">\n\t\t\t\t\t\t\t<h2 class=\"elementor-divider__text elementor-divider__element\">\n\t\t\t\tEdukimi\t\t\t\t<\/h2>\n\t\t\t\t\t\t<\/span>\n\t\t<\/div>\n\t\t\t\t\t\t<\/div>\n\t\t\t\t<\/div>\n\t\t\t\t<div class=\"elementor-element elementor-element-bf80871 elementor-widget elementor-widget-text-editor\" data-id=\"bf80871\" data-element_type=\"widget\" data-e-type=\"widget\" data-widget_type=\"text-editor.default\">\n\t\t\t\t<div class=\"elementor-widget-container\">\n\t\t\t\t\t\t\t\t\t<p>Lul\u00ebzim HANELLI lindur n\u00eb Kor\u00e7\u00eb 9.3.1955, sht\u00eb diplomuar n\u00eb Matematik\u00eb n\u00eb Universitetin e Tiran\u00ebs, Fakulteti i Shkencave t\u00eb Natyr\u00ebs, gjat\u00eb periudh\u00ebs 1974-1980. Diploma \u201cMATEMATIKAN\u201d<\/p><p>N\u00eb vitin 1985 ndjek dhe p\u00ebrfundon studimet pasuniversitare n\u00eb UT dhe fiton grad\u00ebn shkencore \u201cDoktor\u201d n\u00eb vitin 1989.<\/p>\t\t\t\t\t\t\t\t<\/div>\n\t\t\t\t<\/div>\n\t\t\t\t<div class=\"elementor-element elementor-element-6bd67f2 elementor-widget-divider--view-line_text elementor-widget-divider--element-align-center elementor-widget elementor-widget-divider\" data-id=\"6bd67f2\" data-element_type=\"widget\" data-e-type=\"widget\" data-widget_type=\"divider.default\">\n\t\t\t\t<div class=\"elementor-widget-container\">\n\t\t\t\t\t\t\t<div class=\"elementor-divider\">\n\t\t\t<span class=\"elementor-divider-separator\">\n\t\t\t\t\t\t\t<h2 class=\"elementor-divider__text elementor-divider__element\">\n\t\t\t\tPun\u00ebsimi dhe funksione akademike\t\t\t\t<\/h2>\n\t\t\t\t\t\t<\/span>\n\t\t<\/div>\n\t\t\t\t\t\t<\/div>\n\t\t\t\t<\/div>\n\t\t\t\t<div class=\"elementor-element elementor-element-0f1ea44 elementor-widget elementor-widget-text-editor\" data-id=\"0f1ea44\" data-element_type=\"widget\" data-e-type=\"widget\" data-widget_type=\"text-editor.default\">\n\t\t\t\t<div class=\"elementor-widget-container\">\n\t\t\t\t\t\t\t\t\t<p>N\u00eb vitin 1982 iu bashkua stafit akademik t\u00eb UT si Asistent pran\u00eb Katedr\u00ebs s\u00eb Matematik\u00ebs s\u00eb P\u00ebrgjithshme n\u00eb FSHN. N\u00eb vitin 1991 iu bashkua stafit akademik t\u00eb UPT si Lektor pran\u00eb Departamentit t\u00eb Matematik\u00ebs dhe Informatik\u00ebs. . N\u00eb vitin 1999 ka fituar titullin shkencor Profesor i Asociuar. N\u00eb vitin 2004 ka fituar titullin shkencor Profesor n\u00eb Analiz\u00eb Numerike dhe Kompjuterike. Gjat\u00eb periudh\u00ebs 2003\u00f72010 ka qen\u00eb Drejtor i Shkoll\u00ebs Pasuniversitare<\/p><p>\u201cMatematika e Zbatuar\u201d. N\u00eb vitet 2016-2019 ka q\u00ebn\u00eb Koordinator i Shkolles se Doktoratures &#8220;Doktorate ne Inxhinieri Matematike&#8221;. 2016-2021 ka q\u00ebn\u00eb P\u00ebrgjegj\u00ebsi i Grupit Kerkimor n\u00eb Analiz\u00eb Numerike (GKAN). Aktualisht \u00ebsht\u00eb Koordinator i Programit te studimit Master Shkencor n\u00eb Inxhinieri Matematike, Fakultetit i Inxhinieris\u00eb Matematike dhe Inxhinieris\u00eb Fizike.\u00a0<\/p><p>Ka q\u00ebn\u00eb titullar n\u00eb l\u00ebnd\u00ebt: \u201cAnaliza Numerike\u201d q\u00eb zhvillohet n\u00eb programin e studimit Bachelor n\u00eb Inxhinieri Matematike; \u201cMetoda Matematike n\u00eb Inxhinieri\u201d,\u00a0 q\u00eb zhvillohet n\u00eb programet e studimit Mater Shkencor n\u00eb Fakultetin e Inxhinieris\u00eb Mekanike; Esht\u00eb titullar n\u00eb l\u00ebnd\u00ebt \u201cAnaliza Numerike n\u00eb Ekuacionet me Derivate t\u00eb Pjes\u00ebshme\u201d q\u00eb zhvillohet n\u00eb programin e studimit Bachelor n\u00eb Inxhinieri Matematike; \u201cModelime Inxhinierike n\u00eb Ekuacionet Diferenciale\u201d q\u00eb zhvillohet n\u00eb programin e studimit Master Shkencor n\u00eb Inxhinieri Matematike; \u201cMetoda Numerike\u201d, q\u00eb zhvillohet n\u00eb programet e studimit Mater Shkencor n\u00eb Fakultetin Gjeologji-Miniera; \u00abMetoda Llogarit\u00ebse n\u00eb Hidroteknike\u00bb dhe \u201cStatistik\u00eb dhe Analiz\u00eb Numerike\u201d, q\u00eb zhvillohen n\u00eb programet e studimit Mater Shkencor n\u00eb Fakultetin e Nd\u00ebrtimit;\u00a0 Lektor me koh\u00eb t\u00eb pjesshme, n\u00eb koh\u00eb t\u00eb ndryshme n\u00eb 5 Universitete t\u00eb Tiran\u00ebs. <\/p>\t\t\t\t\t\t\t\t<\/div>\n\t\t\t\t<\/div>\n\t\t\t\t<div class=\"elementor-element elementor-element-c287e0a elementor-widget-divider--view-line_text elementor-widget-divider--element-align-center elementor-widget elementor-widget-divider\" data-id=\"c287e0a\" data-element_type=\"widget\" data-e-type=\"widget\" data-widget_type=\"divider.default\">\n\t\t\t\t<div class=\"elementor-widget-container\">\n\t\t\t\t\t\t\t<div class=\"elementor-divider\">\n\t\t\t<span class=\"elementor-divider-separator\">\n\t\t\t\t\t\t\t<h2 class=\"elementor-divider__text elementor-divider__element\">\n\t\t\t\tAktiviteti shkencor\t\t\t\t<\/h2>\n\t\t\t\t\t\t<\/span>\n\t\t<\/div>\n\t\t\t\t\t\t<\/div>\n\t\t\t\t<\/div>\n\t\t\t\t<div class=\"elementor-element elementor-element-1af26d8 elementor-widget elementor-widget-text-editor\" data-id=\"1af26d8\" data-element_type=\"widget\" data-e-type=\"widget\" data-widget_type=\"text-editor.default\">\n\t\t\t\t<div class=\"elementor-widget-container\">\n\t\t\t\t\t\t\t\t\t<p>Ka m\u00eb shum\u00eb se 42 botime shkencore, si artikuj dhe prezantime n\u00eb konferenca shkencore, n\u00eb fush\u00ebn e Matematik\u00ebs s\u00eb Zbatuar dhe Analiz\u00ebs Numerike Kompjuterike. Ka kryer k\u00ebrkime dhe trajnime n\u00eb universitete t\u00eb ndryshme si: University of west London &#8211; UK, Essen UniversityGermany, University of Trieste \u2013 Italy, National Technical University of Athens \u2013 Greece, University of Pittsburgh \u2013 USA.<\/p><p>Ka qen\u00eb koordinator i P\u00ebrgjithsh\u00ebm p\u00ebr Projektin Europian Tempus \u201cEdukimi Matematik n\u00eb Inxhinieri\u201d, 2002-2003-2004. Pjes\u00ebmarje dhe bashk\u00ebautor n\u00eb 10 Projekte Kombetare. S\u00eb fundi koordinator i Projektit p\u00ebr aktivizimin e doktorat\u00ebs n\u00eb Inxhinieri Matematike.\u00a0<\/p><p>Fusha e k\u00ebrkimit: Metoda numerike t\u00eb avancuara p\u00ebr ekuacionet diferenciale. Ekuacioni valor dhe teoria e elasticitetit.\u00a0 Ekuacionet parabolike n\u00eb studimet e rrjedhjes s\u00eb fluideve. Modelet diferenciale t\u00eb p\u00ebrhapjes s\u00eb s\u00ebmundjeve epidemike. Optimizimi numerik dhe optimizimi diskret.\u00a0 \u00a0<\/p>\t\t\t\t\t\t\t\t<\/div>\n\t\t\t\t<\/div>\n\t\t\t\t<\/div>\n\t\t\t\t\t<\/div>\n\t\t\t\t<\/div>\n\t\t\t\t<\/div>","protected":false},"excerpt":{"rendered":"<p>Edukimi Lul\u00ebzim HANELLI lindur n\u00eb Kor\u00e7\u00eb 9.3.1955, sht\u00eb diplomuar n\u00eb Matematik\u00eb n\u00eb Universitetin e Tiran\u00ebs, Fakulteti i Shkencave t\u00eb Natyr\u00ebs, gjat\u00eb periudh\u00ebs 1974-1980. Diploma \u201cMATEMATIKAN\u201d N\u00eb vitin 1985 ndjek dhe p\u00ebrfundon studimet pasuniversitare n\u00eb UT dhe fiton grad\u00ebn shkencore \u201cDoktor\u201d n\u00eb vitin 1989. Pun\u00ebsimi dhe funksione akademike N\u00eb vitin 1982 iu bashkua stafit akademik t\u00eb [&hellip;]<\/p>\n","protected":false},"author":1,"featured_media":0,"parent":5496,"menu_order":0,"comment_status":"closed","ping_status":"closed","template":"","meta":{"footnotes":""},"class_list":["post-6627","page","type-page","status-publish","hentry"],"yoast_head":"<!-- This site is optimized with the Yoast SEO plugin v27.4 - https:\/\/yoast.com\/product\/yoast-seo-wordpress\/ -->\n<title>CV Lul\u00ebzim HANELLI - Fakulteti i Inxhinieris\u00eb Matematike dhe Inxhinieris\u00eb Fizike<\/title>\n<meta name=\"robots\" content=\"index, follow, max-snippet:-1, max-image-preview:large, max-video-preview:-1\" \/>\n<link rel=\"canonical\" href=\"https:\/\/fimif.edu.al\/en\/departamentet\/departamenti-i-inxhinierise-matematike\/grupi-mesimor-kerkimor-matematike\/analiza-numerike\/cv-lulezim-hanelli\/\" \/>\n<meta property=\"og:locale\" content=\"en_GB\" \/>\n<meta property=\"og:type\" content=\"article\" \/>\n<meta property=\"og:title\" content=\"CV Lul\u00ebzim HANELLI - Fakulteti i Inxhinieris\u00eb Matematike dhe Inxhinieris\u00eb Fizike\" \/>\n<meta property=\"og:description\" content=\"Edukimi Lul\u00ebzim HANELLI lindur n\u00eb Kor\u00e7\u00eb 9.3.1955, sht\u00eb diplomuar n\u00eb Matematik\u00eb n\u00eb Universitetin e Tiran\u00ebs, Fakulteti i Shkencave t\u00eb Natyr\u00ebs, gjat\u00eb periudh\u00ebs 1974-1980. Diploma \u201cMATEMATIKAN\u201d N\u00eb vitin 1985 ndjek dhe p\u00ebrfundon studimet pasuniversitare n\u00eb UT dhe fiton grad\u00ebn shkencore \u201cDoktor\u201d n\u00eb vitin 1989. Pun\u00ebsimi dhe funksione akademike N\u00eb vitin 1982 iu bashkua stafit akademik t\u00eb [&hellip;]\" \/>\n<meta property=\"og:url\" content=\"https:\/\/fimif.edu.al\/en\/departamentet\/departamenti-i-inxhinierise-matematike\/grupi-mesimor-kerkimor-matematike\/analiza-numerike\/cv-lulezim-hanelli\/\" \/>\n<meta property=\"og:site_name\" content=\"Fakulteti i Inxhinieris\u00eb Matematike dhe Inxhinieris\u00eb Fizike\" \/>\n<meta property=\"article:publisher\" content=\"https:\/\/www.facebook.com\/p\/Departamenti-i-Inxhinierise-Matematike-FIMIF-UPT-100077435994252\/\" \/>\n<meta property=\"article:modified_time\" content=\"2025-01-17T10:05:17+00:00\" \/>\n<meta name=\"twitter:card\" content=\"summary_large_image\" \/>\n<meta name=\"twitter:label1\" content=\"Estimated reading time\" \/>\n\t<meta name=\"twitter:data1\" content=\"2 minutes\" \/>\n<script type=\"application\/ld+json\" class=\"yoast-schema-graph\">{\"@context\":\"https:\\\/\\\/schema.org\",\"@graph\":[{\"@type\":\"WebPage\",\"@id\":\"https:\\\/\\\/fimif.edu.al\\\/departamentet\\\/departamenti-i-inxhinierise-matematike\\\/grupi-mesimor-kerkimor-matematike\\\/analiza-numerike\\\/cv-lulezim-hanelli\\\/\",\"url\":\"https:\\\/\\\/fimif.edu.al\\\/departamentet\\\/departamenti-i-inxhinierise-matematike\\\/grupi-mesimor-kerkimor-matematike\\\/analiza-numerike\\\/cv-lulezim-hanelli\\\/\",\"name\":\"CV Lul\u00ebzim HANELLI - Fakulteti i Inxhinieris\u00eb Matematike dhe Inxhinieris\u00eb Fizike\",\"isPartOf\":{\"@id\":\"https:\\\/\\\/fimif.edu.al\\\/#website\"},\"datePublished\":\"2025-01-17T10:04:49+00:00\",\"dateModified\":\"2025-01-17T10:05:17+00:00\",\"breadcrumb\":{\"@id\":\"https:\\\/\\\/fimif.edu.al\\\/departamentet\\\/departamenti-i-inxhinierise-matematike\\\/grupi-mesimor-kerkimor-matematike\\\/analiza-numerike\\\/cv-lulezim-hanelli\\\/#breadcrumb\"},\"inLanguage\":\"en-GB\",\"potentialAction\":[{\"@type\":\"ReadAction\",\"target\":[\"https:\\\/\\\/fimif.edu.al\\\/departamentet\\\/departamenti-i-inxhinierise-matematike\\\/grupi-mesimor-kerkimor-matematike\\\/analiza-numerike\\\/cv-lulezim-hanelli\\\/\"]}]},{\"@type\":\"BreadcrumbList\",\"@id\":\"https:\\\/\\\/fimif.edu.al\\\/departamentet\\\/departamenti-i-inxhinierise-matematike\\\/grupi-mesimor-kerkimor-matematike\\\/analiza-numerike\\\/cv-lulezim-hanelli\\\/#breadcrumb\",\"itemListElement\":[{\"@type\":\"ListItem\",\"position\":1,\"name\":\"Home\",\"item\":\"https:\\\/\\\/fimif.edu.al\\\/\"},{\"@type\":\"ListItem\",\"position\":2,\"name\":\"Departamentet\",\"item\":\"https:\\\/\\\/fimif.edu.al\\\/departamentet\\\/\"},{\"@type\":\"ListItem\",\"position\":3,\"name\":\"Departamenti i Inxhinierise Matematike\",\"item\":\"https:\\\/\\\/fimif.edu.al\\\/departamentet\\\/departamenti-i-inxhinierise-matematike\\\/\"},{\"@type\":\"ListItem\",\"position\":4,\"name\":\"Grupi M\u00ebsimor K\u00ebrkimor Matematik\u00eb\",\"item\":\"https:\\\/\\\/fimif.edu.al\\\/departamentet\\\/departamenti-i-inxhinierise-matematike\\\/grupi-mesimor-kerkimor-matematike\\\/\"},{\"@type\":\"ListItem\",\"position\":5,\"name\":\"Analiza Numerike\",\"item\":\"https:\\\/\\\/fimif.edu.al\\\/departamentet\\\/departamenti-i-inxhinierise-matematike\\\/grupi-mesimor-kerkimor-matematike\\\/analiza-numerike\\\/\"},{\"@type\":\"ListItem\",\"position\":6,\"name\":\"CV Lul\u00ebzim HANELLI\"}]},{\"@type\":\"WebSite\",\"@id\":\"https:\\\/\\\/fimif.edu.al\\\/#website\",\"url\":\"https:\\\/\\\/fimif.edu.al\\\/\",\"name\":\"Fakulteti i Inxhinieris\u00eb Matematike dhe Inxhinieris\u00eb Fizike\",\"description\":\"FIMIF, UPT Tirane\",\"publisher\":{\"@id\":\"https:\\\/\\\/fimif.edu.al\\\/#organization\"},\"potentialAction\":[{\"@type\":\"SearchAction\",\"target\":{\"@type\":\"EntryPoint\",\"urlTemplate\":\"https:\\\/\\\/fimif.edu.al\\\/?s={search_term_string}\"},\"query-input\":{\"@type\":\"PropertyValueSpecification\",\"valueRequired\":true,\"valueName\":\"search_term_string\"}}],\"inLanguage\":\"en-GB\"},{\"@type\":\"Organization\",\"@id\":\"https:\\\/\\\/fimif.edu.al\\\/#organization\",\"name\":\"Fakulteti i Inxhinieris\u00eb Matematike dhe Inxhinieris\u00eb Fizike\",\"url\":\"https:\\\/\\\/fimif.edu.al\\\/\",\"logo\":{\"@type\":\"ImageObject\",\"inLanguage\":\"en-GB\",\"@id\":\"https:\\\/\\\/fimif.edu.al\\\/#\\\/schema\\\/logo\\\/image\\\/\",\"url\":\"https:\\\/\\\/fimif.edu.al\\\/wp-content\\\/uploads\\\/2024\\\/10\\\/Fimif-Logo.svg\",\"contentUrl\":\"https:\\\/\\\/fimif.edu.al\\\/wp-content\\\/uploads\\\/2024\\\/10\\\/Fimif-Logo.svg\",\"width\":653,\"height\":219,\"caption\":\"Fakulteti i Inxhinieris\u00eb Matematike dhe Inxhinieris\u00eb Fizike\"},\"image\":{\"@id\":\"https:\\\/\\\/fimif.edu.al\\\/#\\\/schema\\\/logo\\\/image\\\/\"},\"sameAs\":[\"https:\\\/\\\/www.facebook.com\\\/p\\\/Departamenti-i-Inxhinierise-Matematike-FIMIF-UPT-100077435994252\\\/\"]}]}<\/script>\n<!-- \/ Yoast SEO plugin. -->","yoast_head_json":{"title":"CV Lul\u00ebzim HANELLI - Fakulteti i Inxhinieris\u00eb Matematike dhe Inxhinieris\u00eb Fizike","robots":{"index":"index","follow":"follow","max-snippet":"max-snippet:-1","max-image-preview":"max-image-preview:large","max-video-preview":"max-video-preview:-1"},"canonical":"https:\/\/fimif.edu.al\/en\/departamentet\/departamenti-i-inxhinierise-matematike\/grupi-mesimor-kerkimor-matematike\/analiza-numerike\/cv-lulezim-hanelli\/","og_locale":"en_GB","og_type":"article","og_title":"CV Lul\u00ebzim HANELLI - Fakulteti i Inxhinieris\u00eb Matematike dhe Inxhinieris\u00eb Fizike","og_description":"Edukimi Lul\u00ebzim HANELLI lindur n\u00eb Kor\u00e7\u00eb 9.3.1955, sht\u00eb diplomuar n\u00eb Matematik\u00eb n\u00eb Universitetin e Tiran\u00ebs, Fakulteti i Shkencave t\u00eb Natyr\u00ebs, gjat\u00eb periudh\u00ebs 1974-1980. Diploma \u201cMATEMATIKAN\u201d N\u00eb vitin 1985 ndjek dhe p\u00ebrfundon studimet pasuniversitare n\u00eb UT dhe fiton grad\u00ebn shkencore \u201cDoktor\u201d n\u00eb vitin 1989. Pun\u00ebsimi dhe funksione akademike N\u00eb vitin 1982 iu bashkua stafit akademik t\u00eb [&hellip;]","og_url":"https:\/\/fimif.edu.al\/en\/departamentet\/departamenti-i-inxhinierise-matematike\/grupi-mesimor-kerkimor-matematike\/analiza-numerike\/cv-lulezim-hanelli\/","og_site_name":"Fakulteti i Inxhinieris\u00eb Matematike dhe Inxhinieris\u00eb Fizike","article_publisher":"https:\/\/www.facebook.com\/p\/Departamenti-i-Inxhinierise-Matematike-FIMIF-UPT-100077435994252\/","article_modified_time":"2025-01-17T10:05:17+00:00","twitter_card":"summary_large_image","twitter_misc":{"Estimated reading time":"2 minutes"},"schema":{"@context":"https:\/\/schema.org","@graph":[{"@type":"WebPage","@id":"https:\/\/fimif.edu.al\/departamentet\/departamenti-i-inxhinierise-matematike\/grupi-mesimor-kerkimor-matematike\/analiza-numerike\/cv-lulezim-hanelli\/","url":"https:\/\/fimif.edu.al\/departamentet\/departamenti-i-inxhinierise-matematike\/grupi-mesimor-kerkimor-matematike\/analiza-numerike\/cv-lulezim-hanelli\/","name":"CV Lul\u00ebzim HANELLI - Fakulteti i Inxhinieris\u00eb Matematike dhe Inxhinieris\u00eb Fizike","isPartOf":{"@id":"https:\/\/fimif.edu.al\/#website"},"datePublished":"2025-01-17T10:04:49+00:00","dateModified":"2025-01-17T10:05:17+00:00","breadcrumb":{"@id":"https:\/\/fimif.edu.al\/departamentet\/departamenti-i-inxhinierise-matematike\/grupi-mesimor-kerkimor-matematike\/analiza-numerike\/cv-lulezim-hanelli\/#breadcrumb"},"inLanguage":"en-GB","potentialAction":[{"@type":"ReadAction","target":["https:\/\/fimif.edu.al\/departamentet\/departamenti-i-inxhinierise-matematike\/grupi-mesimor-kerkimor-matematike\/analiza-numerike\/cv-lulezim-hanelli\/"]}]},{"@type":"BreadcrumbList","@id":"https:\/\/fimif.edu.al\/departamentet\/departamenti-i-inxhinierise-matematike\/grupi-mesimor-kerkimor-matematike\/analiza-numerike\/cv-lulezim-hanelli\/#breadcrumb","itemListElement":[{"@type":"ListItem","position":1,"name":"Home","item":"https:\/\/fimif.edu.al\/"},{"@type":"ListItem","position":2,"name":"Departamentet","item":"https:\/\/fimif.edu.al\/departamentet\/"},{"@type":"ListItem","position":3,"name":"Departamenti i Inxhinierise Matematike","item":"https:\/\/fimif.edu.al\/departamentet\/departamenti-i-inxhinierise-matematike\/"},{"@type":"ListItem","position":4,"name":"Grupi M\u00ebsimor K\u00ebrkimor Matematik\u00eb","item":"https:\/\/fimif.edu.al\/departamentet\/departamenti-i-inxhinierise-matematike\/grupi-mesimor-kerkimor-matematike\/"},{"@type":"ListItem","position":5,"name":"Analiza Numerike","item":"https:\/\/fimif.edu.al\/departamentet\/departamenti-i-inxhinierise-matematike\/grupi-mesimor-kerkimor-matematike\/analiza-numerike\/"},{"@type":"ListItem","position":6,"name":"CV Lul\u00ebzim HANELLI"}]},{"@type":"WebSite","@id":"https:\/\/fimif.edu.al\/#website","url":"https:\/\/fimif.edu.al\/","name":"Fakulteti i Inxhinieris\u00eb Matematike dhe Inxhinieris\u00eb Fizike","description":"FIMIF, UPT Tirane","publisher":{"@id":"https:\/\/fimif.edu.al\/#organization"},"potentialAction":[{"@type":"SearchAction","target":{"@type":"EntryPoint","urlTemplate":"https:\/\/fimif.edu.al\/?s={search_term_string}"},"query-input":{"@type":"PropertyValueSpecification","valueRequired":true,"valueName":"search_term_string"}}],"inLanguage":"en-GB"},{"@type":"Organization","@id":"https:\/\/fimif.edu.al\/#organization","name":"Fakulteti i Inxhinieris\u00eb Matematike dhe Inxhinieris\u00eb Fizike","url":"https:\/\/fimif.edu.al\/","logo":{"@type":"ImageObject","inLanguage":"en-GB","@id":"https:\/\/fimif.edu.al\/#\/schema\/logo\/image\/","url":"https:\/\/fimif.edu.al\/wp-content\/uploads\/2024\/10\/Fimif-Logo.svg","contentUrl":"https:\/\/fimif.edu.al\/wp-content\/uploads\/2024\/10\/Fimif-Logo.svg","width":653,"height":219,"caption":"Fakulteti i Inxhinieris\u00eb Matematike dhe Inxhinieris\u00eb Fizike"},"image":{"@id":"https:\/\/fimif.edu.al\/#\/schema\/logo\/image\/"},"sameAs":["https:\/\/www.facebook.com\/p\/Departamenti-i-Inxhinierise-Matematike-FIMIF-UPT-100077435994252\/"]}]}},"_links":{"self":[{"href":"https:\/\/fimif.edu.al\/en\/wp-json\/wp\/v2\/pages\/6627","targetHints":{"allow":["GET"]}}],"collection":[{"href":"https:\/\/fimif.edu.al\/en\/wp-json\/wp\/v2\/pages"}],"about":[{"href":"https:\/\/fimif.edu.al\/en\/wp-json\/wp\/v2\/types\/page"}],"author":[{"embeddable":true,"href":"https:\/\/fimif.edu.al\/en\/wp-json\/wp\/v2\/users\/1"}],"replies":[{"embeddable":true,"href":"https:\/\/fimif.edu.al\/en\/wp-json\/wp\/v2\/comments?post=6627"}],"version-history":[{"count":7,"href":"https:\/\/fimif.edu.al\/en\/wp-json\/wp\/v2\/pages\/6627\/revisions"}],"predecessor-version":[{"id":6634,"href":"https:\/\/fimif.edu.al\/en\/wp-json\/wp\/v2\/pages\/6627\/revisions\/6634"}],"up":[{"embeddable":true,"href":"https:\/\/fimif.edu.al\/en\/wp-json\/wp\/v2\/pages\/5496"}],"wp:attachment":[{"href":"https:\/\/fimif.edu.al\/en\/wp-json\/wp\/v2\/media?parent=6627"}],"curies":[{"name":"wp","href":"https:\/\/api.w.org\/{rel}","templated":true}]}}