{"id":6940,"date":"2025-01-22T10:18:04","date_gmt":"2025-01-22T09:18:04","guid":{"rendered":"https:\/\/fimif.edu.al\/?page_id=6940"},"modified":"2025-01-22T10:38:24","modified_gmt":"2025-01-22T09:38:24","slug":"cv-sander-kovaci","status":"publish","type":"page","link":"https:\/\/fimif.edu.al\/en\/departamentet\/departamenti-i-inxhinierise-matematike\/grupi-mesimor-kerkimor-matematike\/analiza-matematike\/cv-sander-kovaci\/","title":{"rendered":"CV Sand\u00ebr KOVA\u00c7I"},"content":{"rendered":"<div data-elementor-type=\"wp-page\" data-elementor-id=\"6940\" class=\"elementor elementor-6940\" data-elementor-post-type=\"page\">\n\t\t\t\t<div class=\"elementor-element elementor-element-1087fc3 e-con-full e-flex e-con e-parent\" data-id=\"1087fc3\" data-element_type=\"container\">\n\t\t\t\t<div class=\"elementor-element elementor-element-d65b559 elementor-widget elementor-widget-template\" data-id=\"d65b559\" data-element_type=\"widget\" data-widget_type=\"template.default\">\n\t\t\t\t<div class=\"elementor-widget-container\">\n\t\t\t\t\t<div class=\"elementor-template\">\n\t\t\t\t\t<div data-elementor-type=\"container\" data-elementor-id=\"3550\" class=\"elementor elementor-3550\" data-elementor-post-type=\"elementor_library\">\n\t\t\t\t<div class=\"elementor-element elementor-element-9293d27 e-flex e-con-boxed e-con e-parent\" data-id=\"9293d27\" data-element_type=\"container\" data-settings=\"{&quot;background_background&quot;:&quot;classic&quot;}\">\n\t\t\t\t\t<div class=\"e-con-inner\">\n\t\t\t\t\t<\/div>\n\t\t\t\t<\/div>\n\t\t\t\t<\/div>\n\t\t\t\t<\/div>\n\t\t\t\t<\/div>\n\t\t\t\t<\/div>\n\t\t\t\t<\/div>\n\t\t<div class=\"elementor-element elementor-element-3f13a8e e-flex e-con-boxed e-con e-parent\" data-id=\"3f13a8e\" data-element_type=\"container\">\n\t\t\t\t\t<div class=\"e-con-inner\">\n\t\t<div class=\"elementor-element elementor-element-cf78097 e-con-full e-flex e-con e-child\" data-id=\"cf78097\" data-element_type=\"container\" data-settings=\"{&quot;background_background&quot;:&quot;classic&quot;}\">\n\t\t\t\t<div class=\"elementor-element elementor-element-e93abdb elementor-widget-divider--view-line_text elementor-widget-divider--element-align-center elementor-widget elementor-widget-divider\" data-id=\"e93abdb\" data-element_type=\"widget\" data-widget_type=\"divider.default\">\n\t\t\t\t<div class=\"elementor-widget-container\">\n\t\t\t\t\t<div class=\"elementor-divider\">\n\t\t\t<span class=\"elementor-divider-separator\">\n\t\t\t\t\t\t\t<h2 class=\"elementor-divider__text elementor-divider__element\">\n\t\t\t\tEdukimi\t\t\t\t<\/h2>\n\t\t\t\t\t\t<\/span>\n\t\t<\/div>\n\t\t\t\t<\/div>\n\t\t\t\t<\/div>\n\t\t\t\t<div class=\"elementor-element elementor-element-bf80871 elementor-widget elementor-widget-text-editor\" data-id=\"bf80871\" data-element_type=\"widget\" data-widget_type=\"text-editor.default\">\n\t\t\t\t<div class=\"elementor-widget-container\">\n\t\t\t\t\t\t\t<p><strong>Email: <\/strong><a href=\"mailto:s.kovaci@fimif.edu.al\"><strong>s.kovaci@fimif.edu.al<\/strong><\/a><strong>, <a href=\"mailto:s_kovaci@yahoo.com\">s_kovaci@yahoo.com <\/a><\/strong><\/p>\t\t\t\t\t\t<\/div>\n\t\t\t\t<\/div>\n\t\t\t\t<div class=\"elementor-element elementor-element-8062de4 elementor-widget elementor-widget-text-editor\" data-id=\"8062de4\" data-element_type=\"widget\" data-widget_type=\"text-editor.default\">\n\t\t\t\t<div class=\"elementor-widget-container\">\n\t\t\t\t\t\t\t<p>U lind n\u00eb <strong>Mirdit\u00eb<\/strong>, m\u00eb <strong>1970<\/strong>. Diplomuar p\u00ebr <strong>Matematik\u00eb t\u00eb Aplikuar<\/strong> (sistemi 5-vjecar, 1989-1994), n\u00eb <strong>Fakultetin e Shkencave t\u00eb Natyr\u00ebs<\/strong> t\u00eb Universitetit t\u00eb Tiran\u00ebs (UT), ku merr titullin \u201cMatematikan\u201d, si dhe p\u00ebr <strong>Juridik<\/strong> n\u00eb\u00a0 <strong>Fakultetin e Drejt\u00ebsis\u00eb<\/strong> t\u00eb UT (2001). Merr titullin <strong>Mast\u00ebr<\/strong> nga <strong>Universiteti i Triestes<\/strong>, <strong>Itali<\/strong> (2003-2004) p\u00ebr Hartografi Digjitale dhe GIS, si dhe <strong>laurohet n\u00eb Matematik\u00eb<\/strong> (sistemi i vjet\u00ebr 4-vje\u00e7ar) n\u00eb po k\u00ebt\u00eb universitet (2004). Merr titullin \u201c<strong>Doktor i Shkencave Matematike\u201d<\/strong> nga Universiteti Politeknik i Tiran\u00ebs, duke mbrojtur disertacionin me tem\u00eb: \u201c<em>Modelimi i t\u00eb dh\u00ebnave hap\u00ebsinore ambientale me an\u00eb t\u00eb rrjetave neurale artificiale dhe teknologjis\u00eb GIS<\/em>\u201d (2010), dhe titullin akademik \u201c<strong>Profesor i Asociuar\u201d<\/strong> (2016).<\/p>\t\t\t\t\t\t<\/div>\n\t\t\t\t<\/div>\n\t\t\t\t<div class=\"elementor-element elementor-element-6bd67f2 elementor-widget-divider--view-line_text elementor-widget-divider--element-align-center elementor-widget elementor-widget-divider\" data-id=\"6bd67f2\" data-element_type=\"widget\" data-widget_type=\"divider.default\">\n\t\t\t\t<div class=\"elementor-widget-container\">\n\t\t\t\t\t<div class=\"elementor-divider\">\n\t\t\t<span class=\"elementor-divider-separator\">\n\t\t\t\t\t\t\t<h2 class=\"elementor-divider__text elementor-divider__element\">\n\t\t\t\tPun\u00ebsimi dhe funksione akademike\t\t\t\t<\/h2>\n\t\t\t\t\t\t<\/span>\n\t\t<\/div>\n\t\t\t\t<\/div>\n\t\t\t\t<\/div>\n\t\t\t\t<div class=\"elementor-element elementor-element-0f1ea44 elementor-widget elementor-widget-text-editor\" data-id=\"0f1ea44\" data-element_type=\"widget\" data-widget_type=\"text-editor.default\">\n\t\t\t\t<div class=\"elementor-widget-container\">\n\t\t\t\t\t\t\t<p class=\"MsoNormal\">Em\u00ebrohet si asistent n\u00eb Departamentin e Matematik\u00ebs dhe Informatik\u00ebs n\u00eb Universitetin Politeknik t\u00eb Tiran\u00ebs (UPT), m\u00eb 1998 dhe m\u00eb von\u00eb si Lektor i matematik\u00ebs n\u00eb Departamentin e Inxhinieris\u00eb Matematike (DIM), n\u00eb Fakultetin e Inxhinieris\u00eb Matematike dhe Inxhinieris\u00eb Fizike n\u00eb UPT ku dhe vijon. Ka nj\u00eb p\u00ebrvoj\u00eb mbi <strong>20-vje\u00e7are<\/strong> si <strong>pedagog matematike<\/strong> n\u00eb fakultete t\u00eb ndryshme t\u00eb <strong>Universitetit Politeknik t\u00eb Tiran\u00ebs<\/strong>. Ka kontribuar si lektor i Analiz\u00ebs Matematike 1, 2, 3, Algjeb\u00ebr dhe Gjeometris\u00eb Analitike, Informatik\u00ebs, Matematik\u00ebs Financiare dhe Legjislacionit n\u00eb Nd\u00ebrtim. Gjithashtu, \u00ebsht\u00eb angazhuar si lektor i Matematik\u00ebs n\u00eb deg\u00ebn e Arkitektur\u00ebs n\u00eb Albanian University, si dhe Matematik\u00ebs s\u00eb Aplikuar dhe Statistik\u00ebs n\u00eb Universitetin Europian t\u00eb Tiran\u00ebs.<\/p>\t\t\t\t\t\t<\/div>\n\t\t\t\t<\/div>\n\t\t\t\t<div class=\"elementor-element elementor-element-c287e0a elementor-widget-divider--view-line_text elementor-widget-divider--element-align-center elementor-widget elementor-widget-divider\" data-id=\"c287e0a\" data-element_type=\"widget\" data-widget_type=\"divider.default\">\n\t\t\t\t<div class=\"elementor-widget-container\">\n\t\t\t\t\t<div class=\"elementor-divider\">\n\t\t\t<span class=\"elementor-divider-separator\">\n\t\t\t\t\t\t\t<h2 class=\"elementor-divider__text elementor-divider__element\">\n\t\t\t\tAktiviteti shkencor\t\t\t\t<\/h2>\n\t\t\t\t\t\t<\/span>\n\t\t<\/div>\n\t\t\t\t<\/div>\n\t\t\t\t<\/div>\n\t\t\t\t<div class=\"elementor-element elementor-element-1af26d8 elementor-widget elementor-widget-text-editor\" data-id=\"1af26d8\" data-element_type=\"widget\" data-widget_type=\"text-editor.default\">\n\t\t\t\t<div class=\"elementor-widget-container\">\n\t\t\t\t\t\t\t<p>Ka kryer <strong>k\u00ebrkime<\/strong> dhe <strong>specializime pasuniversitare<\/strong> n\u00eb disa universitete, si n\u00eb <strong>Imperial College London <\/strong>(<strong>Britani<\/strong>); n\u00eb <strong>Universitetin e Piz\u00ebs<\/strong> (<strong>Itali<\/strong>); n\u00eb <strong>Institutin e Marr\u00ebdh\u00ebnieve Nd\u00ebrkomb\u00ebtare <\/strong>n\u00eb <strong>Kuala Lumpur<\/strong> (<strong>Malajzi<\/strong>); n\u00eb <strong>Mynih<\/strong> (<strong>Gjermani<\/strong>), etj.<\/p><p>\u00cbsht\u00eb<strong> autor i par\u00eb <\/strong>dhe bashkautor i mbi <strong>30 artikujve shkencor\u00eb dhe referimeve komb\u00ebtare e nd\u00ebrkomb\u00ebtare, <\/strong>n\u00eb fush\u00ebn e matematik\u00ebs s\u00eb zbatuar dhe statistik\u00ebs<strong>, <\/strong>botuar n\u00eb revista shkencore, si dhe i <strong>9 teksteve shkollor\u00eb<\/strong> e <strong>universitar\u00eb<\/strong> n\u00eb fush\u00ebn e matematik\u00ebs.<\/p><p>Fusha e interesit: Sistemet Informative, Matematik\u00eb e zbatuar, Statistik\u00eb dhe modele<\/p>\t\t\t\t\t\t<\/div>\n\t\t\t\t<\/div>\n\t\t\t\t<\/div>\n\t\t\t\t\t<\/div>\n\t\t\t\t<\/div>\n\t\t\t\t<\/div>","protected":false},"excerpt":{"rendered":"<p>Edukimi Email: s.kovaci@fimif.edu.al, s_kovaci@yahoo.com U lind n\u00eb Mirdit\u00eb, m\u00eb 1970. Diplomuar p\u00ebr Matematik\u00eb t\u00eb Aplikuar (sistemi 5-vjecar, 1989-1994), n\u00eb Fakultetin e Shkencave t\u00eb Natyr\u00ebs t\u00eb Universitetit t\u00eb Tiran\u00ebs (UT), ku merr titullin \u201cMatematikan\u201d, si dhe p\u00ebr Juridik n\u00eb\u00a0 Fakultetin e Drejt\u00ebsis\u00eb t\u00eb UT (2001). Merr titullin Mast\u00ebr nga Universiteti i Triestes, Itali (2003-2004) p\u00ebr Hartografi [&hellip;]<\/p>","protected":false},"author":1,"featured_media":0,"parent":5466,"menu_order":0,"comment_status":"closed","ping_status":"closed","template":"","meta":{"footnotes":""},"class_list":["post-6940","page","type-page","status-publish","hentry"],"yoast_head":"<!-- This site is optimized with the Yoast SEO plugin v24.2 - https:\/\/yoast.com\/wordpress\/plugins\/seo\/ -->\n<title>CV Sand\u00ebr KOVA\u00c7I - Fakulteti i Inxhinieris\u00eb Matematike dhe Inxhinieris\u00eb Fizike<\/title>\n<meta name=\"robots\" content=\"index, follow, max-snippet:-1, max-image-preview:large, max-video-preview:-1\" \/>\n<link rel=\"canonical\" href=\"https:\/\/fimif.edu.al\/en\/departamentet\/departamenti-i-inxhinierise-matematike\/grupi-mesimor-kerkimor-matematike\/analiza-matematike\/cv-sander-kovaci\/\" \/>\n<meta property=\"og:locale\" content=\"en_GB\" \/>\n<meta property=\"og:type\" content=\"article\" \/>\n<meta property=\"og:title\" content=\"CV Sand\u00ebr KOVA\u00c7I - Fakulteti i Inxhinieris\u00eb Matematike dhe Inxhinieris\u00eb Fizike\" \/>\n<meta property=\"og:description\" content=\"Edukimi Email: s.kovaci@fimif.edu.al, s_kovaci@yahoo.com U lind n\u00eb Mirdit\u00eb, m\u00eb 1970. Diplomuar p\u00ebr Matematik\u00eb t\u00eb Aplikuar (sistemi 5-vjecar, 1989-1994), n\u00eb Fakultetin e Shkencave t\u00eb Natyr\u00ebs t\u00eb Universitetit t\u00eb Tiran\u00ebs (UT), ku merr titullin \u201cMatematikan\u201d, si dhe p\u00ebr Juridik n\u00eb\u00a0 Fakultetin e Drejt\u00ebsis\u00eb t\u00eb UT (2001). Merr titullin Mast\u00ebr nga Universiteti i Triestes, Itali (2003-2004) p\u00ebr Hartografi [&hellip;]\" \/>\n<meta property=\"og:url\" content=\"https:\/\/fimif.edu.al\/en\/departamentet\/departamenti-i-inxhinierise-matematike\/grupi-mesimor-kerkimor-matematike\/analiza-matematike\/cv-sander-kovaci\/\" \/>\n<meta property=\"og:site_name\" content=\"Fakulteti i Inxhinieris\u00eb Matematike dhe Inxhinieris\u00eb Fizike\" \/>\n<meta property=\"article:publisher\" content=\"https:\/\/www.facebook.com\/p\/Departamenti-i-Inxhinierise-Matematike-FIMIF-UPT-100077435994252\/\" \/>\n<meta property=\"article:modified_time\" content=\"2025-01-22T09:38:24+00:00\" \/>\n<meta name=\"twitter:card\" content=\"summary_large_image\" \/>\n<meta name=\"twitter:label1\" content=\"Estimated reading time\" \/>\n\t<meta name=\"twitter:data1\" content=\"2 minutes\" \/>\n<script type=\"application\/ld+json\" class=\"yoast-schema-graph\">{\"@context\":\"https:\/\/schema.org\",\"@graph\":[{\"@type\":\"WebPage\",\"@id\":\"https:\/\/fimif.edu.al\/departamentet\/departamenti-i-inxhinierise-matematike\/grupi-mesimor-kerkimor-matematike\/analiza-matematike\/cv-sander-kovaci\/\",\"url\":\"https:\/\/fimif.edu.al\/departamentet\/departamenti-i-inxhinierise-matematike\/grupi-mesimor-kerkimor-matematike\/analiza-matematike\/cv-sander-kovaci\/\",\"name\":\"CV Sand\u00ebr KOVA\u00c7I - Fakulteti i Inxhinieris\u00eb Matematike dhe Inxhinieris\u00eb Fizike\",\"isPartOf\":{\"@id\":\"https:\/\/fimif.edu.al\/#website\"},\"datePublished\":\"2025-01-22T09:18:04+00:00\",\"dateModified\":\"2025-01-22T09:38:24+00:00\",\"breadcrumb\":{\"@id\":\"https:\/\/fimif.edu.al\/departamentet\/departamenti-i-inxhinierise-matematike\/grupi-mesimor-kerkimor-matematike\/analiza-matematike\/cv-sander-kovaci\/#breadcrumb\"},\"inLanguage\":\"en-GB\",\"potentialAction\":[{\"@type\":\"ReadAction\",\"target\":[\"https:\/\/fimif.edu.al\/departamentet\/departamenti-i-inxhinierise-matematike\/grupi-mesimor-kerkimor-matematike\/analiza-matematike\/cv-sander-kovaci\/\"]}]},{\"@type\":\"BreadcrumbList\",\"@id\":\"https:\/\/fimif.edu.al\/departamentet\/departamenti-i-inxhinierise-matematike\/grupi-mesimor-kerkimor-matematike\/analiza-matematike\/cv-sander-kovaci\/#breadcrumb\",\"itemListElement\":[{\"@type\":\"ListItem\",\"position\":1,\"name\":\"Home\",\"item\":\"https:\/\/fimif.edu.al\/\"},{\"@type\":\"ListItem\",\"position\":2,\"name\":\"Departamentet\",\"item\":\"https:\/\/fimif.edu.al\/departamentet\/\"},{\"@type\":\"ListItem\",\"position\":3,\"name\":\"Departamenti i Inxhinierise Matematike\",\"item\":\"https:\/\/fimif.edu.al\/departamentet\/departamenti-i-inxhinierise-matematike\/\"},{\"@type\":\"ListItem\",\"position\":4,\"name\":\"Grupi M\u00ebsimor K\u00ebrkimor Matematik\u00eb\",\"item\":\"https:\/\/fimif.edu.al\/departamentet\/departamenti-i-inxhinierise-matematike\/grupi-mesimor-kerkimor-matematike\/\"},{\"@type\":\"ListItem\",\"position\":5,\"name\":\"Analiza Matematike\",\"item\":\"https:\/\/fimif.edu.al\/departamentet\/departamenti-i-inxhinierise-matematike\/grupi-mesimor-kerkimor-matematike\/analiza-matematike\/\"},{\"@type\":\"ListItem\",\"position\":6,\"name\":\"CV Sand\u00ebr KOVA\u00c7I\"}]},{\"@type\":\"WebSite\",\"@id\":\"https:\/\/fimif.edu.al\/#website\",\"url\":\"https:\/\/fimif.edu.al\/\",\"name\":\"Fakulteti i Inxhinieris\u00eb Matematike dhe Inxhinieris\u00eb Fizike\",\"description\":\"FIMIF, UPT Tirane\",\"publisher\":{\"@id\":\"https:\/\/fimif.edu.al\/#organization\"},\"potentialAction\":[{\"@type\":\"SearchAction\",\"target\":{\"@type\":\"EntryPoint\",\"urlTemplate\":\"https:\/\/fimif.edu.al\/?s={search_term_string}\"},\"query-input\":{\"@type\":\"PropertyValueSpecification\",\"valueRequired\":true,\"valueName\":\"search_term_string\"}}],\"inLanguage\":\"en-GB\"},{\"@type\":\"Organization\",\"@id\":\"https:\/\/fimif.edu.al\/#organization\",\"name\":\"Fakulteti i Inxhinieris\u00eb Matematike dhe Inxhinieris\u00eb Fizike\",\"url\":\"https:\/\/fimif.edu.al\/\",\"logo\":{\"@type\":\"ImageObject\",\"inLanguage\":\"en-GB\",\"@id\":\"https:\/\/fimif.edu.al\/#\/schema\/logo\/image\/\",\"url\":\"https:\/\/fimif.edu.al\/wp-content\/uploads\/2024\/10\/Fimif-Logo.svg\",\"contentUrl\":\"https:\/\/fimif.edu.al\/wp-content\/uploads\/2024\/10\/Fimif-Logo.svg\",\"width\":653,\"height\":219,\"caption\":\"Fakulteti i Inxhinieris\u00eb Matematike dhe Inxhinieris\u00eb Fizike\"},\"image\":{\"@id\":\"https:\/\/fimif.edu.al\/#\/schema\/logo\/image\/\"},\"sameAs\":[\"https:\/\/www.facebook.com\/p\/Departamenti-i-Inxhinierise-Matematike-FIMIF-UPT-100077435994252\/\"]}]}<\/script>\n<!-- \/ Yoast SEO plugin. -->","yoast_head_json":{"title":"CV Sand\u00ebr KOVA\u00c7I - Fakulteti i Inxhinieris\u00eb Matematike dhe Inxhinieris\u00eb Fizike","robots":{"index":"index","follow":"follow","max-snippet":"max-snippet:-1","max-image-preview":"max-image-preview:large","max-video-preview":"max-video-preview:-1"},"canonical":"https:\/\/fimif.edu.al\/en\/departamentet\/departamenti-i-inxhinierise-matematike\/grupi-mesimor-kerkimor-matematike\/analiza-matematike\/cv-sander-kovaci\/","og_locale":"en_GB","og_type":"article","og_title":"CV Sand\u00ebr KOVA\u00c7I - Fakulteti i Inxhinieris\u00eb Matematike dhe Inxhinieris\u00eb Fizike","og_description":"Edukimi Email: s.kovaci@fimif.edu.al, s_kovaci@yahoo.com U lind n\u00eb Mirdit\u00eb, m\u00eb 1970. Diplomuar p\u00ebr Matematik\u00eb t\u00eb Aplikuar (sistemi 5-vjecar, 1989-1994), n\u00eb Fakultetin e Shkencave t\u00eb Natyr\u00ebs t\u00eb Universitetit t\u00eb Tiran\u00ebs (UT), ku merr titullin \u201cMatematikan\u201d, si dhe p\u00ebr Juridik n\u00eb\u00a0 Fakultetin e Drejt\u00ebsis\u00eb t\u00eb UT (2001). Merr titullin Mast\u00ebr nga Universiteti i Triestes, Itali (2003-2004) p\u00ebr Hartografi [&hellip;]","og_url":"https:\/\/fimif.edu.al\/en\/departamentet\/departamenti-i-inxhinierise-matematike\/grupi-mesimor-kerkimor-matematike\/analiza-matematike\/cv-sander-kovaci\/","og_site_name":"Fakulteti i Inxhinieris\u00eb Matematike dhe Inxhinieris\u00eb Fizike","article_publisher":"https:\/\/www.facebook.com\/p\/Departamenti-i-Inxhinierise-Matematike-FIMIF-UPT-100077435994252\/","article_modified_time":"2025-01-22T09:38:24+00:00","twitter_card":"summary_large_image","twitter_misc":{"Estimated reading time":"2 minutes"},"schema":{"@context":"https:\/\/schema.org","@graph":[{"@type":"WebPage","@id":"https:\/\/fimif.edu.al\/departamentet\/departamenti-i-inxhinierise-matematike\/grupi-mesimor-kerkimor-matematike\/analiza-matematike\/cv-sander-kovaci\/","url":"https:\/\/fimif.edu.al\/departamentet\/departamenti-i-inxhinierise-matematike\/grupi-mesimor-kerkimor-matematike\/analiza-matematike\/cv-sander-kovaci\/","name":"CV Sand\u00ebr KOVA\u00c7I - Fakulteti i Inxhinieris\u00eb Matematike dhe Inxhinieris\u00eb Fizike","isPartOf":{"@id":"https:\/\/fimif.edu.al\/#website"},"datePublished":"2025-01-22T09:18:04+00:00","dateModified":"2025-01-22T09:38:24+00:00","breadcrumb":{"@id":"https:\/\/fimif.edu.al\/departamentet\/departamenti-i-inxhinierise-matematike\/grupi-mesimor-kerkimor-matematike\/analiza-matematike\/cv-sander-kovaci\/#breadcrumb"},"inLanguage":"en-GB","potentialAction":[{"@type":"ReadAction","target":["https:\/\/fimif.edu.al\/departamentet\/departamenti-i-inxhinierise-matematike\/grupi-mesimor-kerkimor-matematike\/analiza-matematike\/cv-sander-kovaci\/"]}]},{"@type":"BreadcrumbList","@id":"https:\/\/fimif.edu.al\/departamentet\/departamenti-i-inxhinierise-matematike\/grupi-mesimor-kerkimor-matematike\/analiza-matematike\/cv-sander-kovaci\/#breadcrumb","itemListElement":[{"@type":"ListItem","position":1,"name":"Home","item":"https:\/\/fimif.edu.al\/"},{"@type":"ListItem","position":2,"name":"Departamentet","item":"https:\/\/fimif.edu.al\/departamentet\/"},{"@type":"ListItem","position":3,"name":"Departamenti i Inxhinierise Matematike","item":"https:\/\/fimif.edu.al\/departamentet\/departamenti-i-inxhinierise-matematike\/"},{"@type":"ListItem","position":4,"name":"Grupi M\u00ebsimor K\u00ebrkimor Matematik\u00eb","item":"https:\/\/fimif.edu.al\/departamentet\/departamenti-i-inxhinierise-matematike\/grupi-mesimor-kerkimor-matematike\/"},{"@type":"ListItem","position":5,"name":"Analiza Matematike","item":"https:\/\/fimif.edu.al\/departamentet\/departamenti-i-inxhinierise-matematike\/grupi-mesimor-kerkimor-matematike\/analiza-matematike\/"},{"@type":"ListItem","position":6,"name":"CV Sand\u00ebr KOVA\u00c7I"}]},{"@type":"WebSite","@id":"https:\/\/fimif.edu.al\/#website","url":"https:\/\/fimif.edu.al\/","name":"Fakulteti i Inxhinieris\u00eb Matematike dhe Inxhinieris\u00eb Fizike","description":"FIMIF, UPT Tirane","publisher":{"@id":"https:\/\/fimif.edu.al\/#organization"},"potentialAction":[{"@type":"SearchAction","target":{"@type":"EntryPoint","urlTemplate":"https:\/\/fimif.edu.al\/?s={search_term_string}"},"query-input":{"@type":"PropertyValueSpecification","valueRequired":true,"valueName":"search_term_string"}}],"inLanguage":"en-GB"},{"@type":"Organization","@id":"https:\/\/fimif.edu.al\/#organization","name":"Fakulteti i Inxhinieris\u00eb Matematike dhe Inxhinieris\u00eb Fizike","url":"https:\/\/fimif.edu.al\/","logo":{"@type":"ImageObject","inLanguage":"en-GB","@id":"https:\/\/fimif.edu.al\/#\/schema\/logo\/image\/","url":"https:\/\/fimif.edu.al\/wp-content\/uploads\/2024\/10\/Fimif-Logo.svg","contentUrl":"https:\/\/fimif.edu.al\/wp-content\/uploads\/2024\/10\/Fimif-Logo.svg","width":653,"height":219,"caption":"Fakulteti i Inxhinieris\u00eb Matematike dhe Inxhinieris\u00eb Fizike"},"image":{"@id":"https:\/\/fimif.edu.al\/#\/schema\/logo\/image\/"},"sameAs":["https:\/\/www.facebook.com\/p\/Departamenti-i-Inxhinierise-Matematike-FIMIF-UPT-100077435994252\/"]}]}},"_links":{"self":[{"href":"https:\/\/fimif.edu.al\/en\/wp-json\/wp\/v2\/pages\/6940","targetHints":{"allow":["GET"]}}],"collection":[{"href":"https:\/\/fimif.edu.al\/en\/wp-json\/wp\/v2\/pages"}],"about":[{"href":"https:\/\/fimif.edu.al\/en\/wp-json\/wp\/v2\/types\/page"}],"author":[{"embeddable":true,"href":"https:\/\/fimif.edu.al\/en\/wp-json\/wp\/v2\/users\/1"}],"replies":[{"embeddable":true,"href":"https:\/\/fimif.edu.al\/en\/wp-json\/wp\/v2\/comments?post=6940"}],"version-history":[{"count":7,"href":"https:\/\/fimif.edu.al\/en\/wp-json\/wp\/v2\/pages\/6940\/revisions"}],"predecessor-version":[{"id":6948,"href":"https:\/\/fimif.edu.al\/en\/wp-json\/wp\/v2\/pages\/6940\/revisions\/6948"}],"up":[{"embeddable":true,"href":"https:\/\/fimif.edu.al\/en\/wp-json\/wp\/v2\/pages\/5466"}],"wp:attachment":[{"href":"https:\/\/fimif.edu.al\/en\/wp-json\/wp\/v2\/media?parent=6940"}],"curies":[{"name":"wp","href":"https:\/\/api.w.org\/{rel}","templated":true}]}}