{"id":6966,"date":"2025-01-22T12:18:16","date_gmt":"2025-01-22T11:18:16","guid":{"rendered":"https:\/\/fimif.edu.al\/?page_id=6966"},"modified":"2025-01-22T12:21:43","modified_gmt":"2025-01-22T11:21:43","slug":"cv-adrian-naco","status":"publish","type":"page","link":"https:\/\/fimif.edu.al\/en\/departamentet\/departamenti-i-inxhinierise-matematike\/grupi-mesimor-kerkimor-matematike\/algjebra\/cv-adrian-naco\/","title":{"rendered":"CV Adrian NA\u00c7O"},"content":{"rendered":"<div data-elementor-type=\"wp-page\" data-elementor-id=\"6966\" class=\"elementor elementor-6966\" data-elementor-post-type=\"page\">\n\t\t\t\t<div class=\"elementor-element elementor-element-1087fc3 e-con-full e-flex e-con e-parent\" data-id=\"1087fc3\" data-element_type=\"container\">\n\t\t\t\t<div class=\"elementor-element elementor-element-d65b559 elementor-widget elementor-widget-template\" data-id=\"d65b559\" data-element_type=\"widget\" data-widget_type=\"template.default\">\n\t\t\t\t<div class=\"elementor-widget-container\">\n\t\t\t\t\t<div class=\"elementor-template\">\n\t\t\t\t\t<div data-elementor-type=\"container\" data-elementor-id=\"3550\" class=\"elementor elementor-3550\" data-elementor-post-type=\"elementor_library\">\n\t\t\t\t<div class=\"elementor-element elementor-element-9293d27 e-flex e-con-boxed e-con e-parent\" data-id=\"9293d27\" data-element_type=\"container\" data-settings=\"{&quot;background_background&quot;:&quot;classic&quot;}\">\n\t\t\t\t\t<div class=\"e-con-inner\">\n\t\t\t\t\t<\/div>\n\t\t\t\t<\/div>\n\t\t\t\t<\/div>\n\t\t\t\t<\/div>\n\t\t\t\t<\/div>\n\t\t\t\t<\/div>\n\t\t\t\t<\/div>\n\t\t<div class=\"elementor-element elementor-element-3f13a8e e-flex e-con-boxed e-con e-parent\" data-id=\"3f13a8e\" data-element_type=\"container\">\n\t\t\t\t\t<div class=\"e-con-inner\">\n\t\t<div class=\"elementor-element elementor-element-cf78097 e-con-full e-flex e-con e-child\" data-id=\"cf78097\" data-element_type=\"container\" data-settings=\"{&quot;background_background&quot;:&quot;classic&quot;}\">\n\t\t\t\t<div class=\"elementor-element elementor-element-e93abdb elementor-widget-divider--view-line_text elementor-widget-divider--element-align-center elementor-widget elementor-widget-divider\" data-id=\"e93abdb\" data-element_type=\"widget\" data-widget_type=\"divider.default\">\n\t\t\t\t<div class=\"elementor-widget-container\">\n\t\t\t\t\t<div class=\"elementor-divider\">\n\t\t\t<span class=\"elementor-divider-separator\">\n\t\t\t\t\t\t\t<h2 class=\"elementor-divider__text elementor-divider__element\">\n\t\t\t\tEdukimi\t\t\t\t<\/h2>\n\t\t\t\t\t\t<\/span>\n\t\t<\/div>\n\t\t\t\t<\/div>\n\t\t\t\t<\/div>\n\t\t\t\t<div class=\"elementor-element elementor-element-bf80871 elementor-widget elementor-widget-text-editor\" data-id=\"bf80871\" data-element_type=\"widget\" data-widget_type=\"text-editor.default\">\n\t\t\t\t<div class=\"elementor-widget-container\">\n\t\t\t\t\t\t\t<p><strong>Adrian Na<\/strong><strong>\u00e7<\/strong><strong>o, <\/strong>lindur n\u00eb Sarand\u00eb 1971, \u00ebsht\u00eb diplomuar n\u00eb korrik 1998 n\u00eb Universitetin e Tiran\u00ebs, Fakulteti i Shkencave t\u00eb Natyr\u00ebs, Departamenti I Matematik\u00ebs, Sistemi 5-vjecar, <strong>Diploma: \u201cMatematicien\u201d, drejtimi \u201cMatematik\u00eb\u201d<\/strong>.<\/p><p><strong>Mars 1998 \u2013 Qershor 1998<\/strong>, student n\u00eb Departamentin e Matematik\u00ebs, Fakulteti i Shkencave t\u00eb Natyr\u00ebs, Universiteti i Janin\u00ebs, Greqi (EU Program \u201c<em>TEMPUS<\/em>\u201d JEP 09363)<\/p><p>Prill 1999, <strong>Matematikan<\/strong>\u00a0 (Ekuivalentim i Diplomes universitare te Matematikes dhene nga Universiteti I Tiranes nga Qendra Nderkolegjiale per Njohjen e Titujve te Studimit, D.I.K.A.T.S.A.), Greqi<\/p><p><strong>2002 EFL Certificate<\/strong>, kursi i gjuhes angleze, nivel I pergjithshem, Bournemouth, Angli<\/p><p><strong>2002 ESP Certificate<\/strong>, kursi i gjuhes angleze te specifikuar (Business English), Bournemouth, Angli<\/p><p>N\u00eb vitet 2002 &#8211; 2005 ndjek dhe p\u00ebrfundon <strong>studimet pasuniversitare n\u00eb \u201cMatematik\u00eb llogarit\u00ebse dhe mekanik\u00eb\u201d, Diploma \u201cMaster Shkencor\u201d<\/strong> (Graduate School, Master of Science) n\u00eb Universitetin e Janin\u00ebs, Greqi, Fakulteti I Shkencave, Departamenti I Matematik\u00ebs.<\/p><p><strong>Janar 2006 \u2013 Actuar Diploma <\/strong>(ne process) Kurs Special Trajnimi per Aktuar organizuar nga FSVC ne bashkepunim me FSHN dhe FE, Universiteti I Tiranes<\/p><p><strong>2007-2013<\/strong>, <strong>Doktorat\u00eb<\/strong> n\u00eb Matematik\u00eb pran\u00eb Departamentit t\u00eb Matematik\u00ebs, Universiteti Politeknik i Tiran\u00ebs, Drejtimi Analize Numerike, Tema \u201cAnalize krahasuese e metodave per zgjidhjen e problemit kufitar dhe kontribut ne zgjidhjen numerike ted isa problemeve speciale te rendeve te larta\u201d<\/p>\t\t\t\t\t\t<\/div>\n\t\t\t\t<\/div>\n\t\t\t\t<div class=\"elementor-element elementor-element-6bd67f2 elementor-widget-divider--view-line_text elementor-widget-divider--element-align-center elementor-widget elementor-widget-divider\" data-id=\"6bd67f2\" data-element_type=\"widget\" data-widget_type=\"divider.default\">\n\t\t\t\t<div class=\"elementor-widget-container\">\n\t\t\t\t\t<div class=\"elementor-divider\">\n\t\t\t<span class=\"elementor-divider-separator\">\n\t\t\t\t\t\t\t<h2 class=\"elementor-divider__text elementor-divider__element\">\n\t\t\t\tPun\u00ebsimi dhe funksione akademike\t\t\t\t<\/h2>\n\t\t\t\t\t\t<\/span>\n\t\t<\/div>\n\t\t\t\t<\/div>\n\t\t\t\t<\/div>\n\t\t\t\t<div class=\"elementor-element elementor-element-0f1ea44 elementor-widget elementor-widget-text-editor\" data-id=\"0f1ea44\" data-element_type=\"widget\" data-widget_type=\"text-editor.default\">\n\t\t\t\t<div class=\"elementor-widget-container\">\n\t\t\t\t\t\t\t<p><strong>Prill 2007 &#8211; vazhdim<\/strong>, Pedagog me kohe te plote n\u00eb Departamentin e Inxhinieris\u00eb Matematike, Fakulteti i Inxhinieris\u00eb Matematike dhe Inxhinieris\u00eb Fizike, Universiteti Politeknik i Tiran\u00ebs.<\/p><p><strong>Prill 2020 &#8211; <\/strong>, Drejtor Akademik, Qendra e Trajnimeve te Ekselences VIRTUS.<\/p><p><strong>Korrik 2016 &#8211; <\/strong>, Anetar I Bordit te Administrimit te UPT.<\/p><p><strong>2016 &#8211; <\/strong>, Kryetar I Grupit Mesimor Kerkimort e Algjebres, Departamenti Inxhinierise Matematike, Fakulteti I Inxhinierise Matematike dhe Inxhinierise Fizike, Universiteti Politeknik I Tiranes.<\/p><p><strong>2014 &#8211; 2016<\/strong>, An\u00ebtar i K\u00ebshillit t\u00eb Fakultetit t\u00eb Inxhinierise Matematike dhe Inxhinierise Fizike, Universiteti Politeknik I Tiranes.<\/p><p><strong>Mars 2014-Maj 2016<\/strong>, Pergjegjes Departamenti Inxhinierise Matematike, Fakulteti I Inxhinierise Matematike dhe Inxhinierise Fizike, Universiteti Politeknik I Tiranes.<\/p><p><strong>2015 &#8211; 2020<\/strong>, Pedagog me kohe te pjesshme, Universiteti Metropolitan, Tirane.<\/p><p><strong>Mars 2014 &#8211; <\/strong>, Kryetar I Shoqates Shqiptare te Matematikes.<\/p><p><strong>2011 &#8211; 2019<\/strong>, Pedagog me kohe te pjesshme, Universiteti I Tiranes.<\/p><p><strong>2011 &#8211; 2017<\/strong>, Pedagog me kohe te pjesshme, Albanian University.<\/p><p><strong>Tetor 2006 \u2013 Prill 2007<\/strong>, Pedagog me kohe te plote, Universiteti \u201cAleksander Moisiu\u201d, Durres.<\/p><p><strong>Tetor 2005 \u2013 Prill 2007<\/strong>, Pedagog me kohe te pjesshme, Universiteti Politeknik I Tiranes.<\/p><p><strong>Tetor 1996 \u2013 Shtator 2006<\/strong>, Pedagog me kohe te plote, Universiteti \u201cEqerem Cabej\u201d, Gjirokaster.<\/p><p><strong>2002 \u2013 2004<\/strong>, Lektor me kohe te pjesshme, Instituti I Edukimit Profesional, Gjirokaster.<\/p><p><strong>1998 \u2013 2002<\/strong>, Mesues me kohe te pjesshme, Shkolla e mesme dygjuheshe \u201cFryme Dashurie\u201d, Gjirokaster.<\/p>\t\t\t\t\t\t<\/div>\n\t\t\t\t<\/div>\n\t\t\t\t<div class=\"elementor-element elementor-element-0c3582d elementor-widget-divider--view-line_text elementor-widget-divider--element-align-center elementor-widget elementor-widget-divider\" data-id=\"0c3582d\" data-element_type=\"widget\" data-widget_type=\"divider.default\">\n\t\t\t\t<div class=\"elementor-widget-container\">\n\t\t\t\t\t<div class=\"elementor-divider\">\n\t\t\t<span class=\"elementor-divider-separator\">\n\t\t\t\t\t\t\t<h2 class=\"elementor-divider__text elementor-divider__element\">\n\t\t\t\tFunksione akademike\t\t\t\t<\/h2>\n\t\t\t\t\t\t<\/span>\n\t\t<\/div>\n\t\t\t\t<\/div>\n\t\t\t\t<\/div>\n\t\t\t\t<div class=\"elementor-element elementor-element-80c5b60 elementor-widget elementor-widget-text-editor\" data-id=\"80c5b60\" data-element_type=\"widget\" data-widget_type=\"text-editor.default\">\n\t\t\t\t<div class=\"elementor-widget-container\">\n\t\t\t\t\t\t\t<p><strong>Prill 2020 &#8211; <\/strong>, Drejtor Akademik, Qendra e Trajnimeve te Ekselences VIRTUS.<\/p><p><strong>Korrik 2016 &#8211; <\/strong>, Anetar I Bordit te Administrimit te UPT.<\/p><p><strong>2014 &#8211; 2016<\/strong>, An\u00ebtar i K\u00ebshillit t\u00eb Fakultetit t\u00eb Inxhinierise Matematike dhe Inxhinierise Fizike, Universiteti Politeknik I Tiranes.<\/p><p><strong>2016 &#8211; <\/strong>, Kryetar I Grupit Mesimor Kerkimort e Algjebres, Departamenti Inxhinierise Matematike, Fakulteti I Inxhinierise Matematike dhe Inxhinierise Fizike, Universiteti Politeknik I Tiranes.<\/p><p><strong>Mars 2014-Maj 2016<\/strong>, Pergjegjes Departamenti Inxhinierise Matematike, Fakulteti I Inxhinierise Matematike dhe Inxhinierise Fizike, Universiteti Politeknik I Tiranes.<\/p><p><strong>2021 &#8211; ,\u00a0<\/strong>An\u00ebtar i Komisionit te Matematikes dhe Informatikes, Akademia e Shkencave, te Shqiperise.<\/p><p><strong>Funksione t\u00eb tjera<\/strong><\/p><p><strong>Mars 2014 &#8211; <\/strong>, Kryetar I Shoqates Shqiptare te Matematikes.<\/p><p><strong>Mars 2014 &#8211;<\/strong> , Anetar I disa jurive nderkombetare te olimpiadave nderkombetare si: IMO, EGMO, BMO, JBMO, etj.<\/p><p><strong>2017 &#8211; ,<\/strong> Anetar I Bordit Manaxherial, MASSEE<\/p><p><strong>2017 &#8211; ,<\/strong> Anetar I Komitetit Ekzekutiv, MASSEE<\/p><p><strong>2019 &#8211; ,<\/strong> Anetar I Keshillit, MASSEE<\/p><p><strong>Projekte<\/strong><\/p><p><strong>2004<\/strong>, An\u00ebtar i grupit te punes per implementimin e nje projekti mbi permiresimin e metodave llogaritese ne kuadrin e programit \u201cPitagora\u201d, Universiteti I Janines, Greqi.<\/p><p><strong>Projekte<\/strong><\/p><p><strong>2004<\/strong>, An\u00ebtar i grupit te punes per implementimin e nje projekti mbi permiresimin e metodave llogaritese ne kuadrin e programit \u201cPitagora\u201d, Universiteti I Janines, Greqi.<\/p><p><strong>Eksperienc\u00eb m\u00ebsimdh\u00ebn\u00ebse<\/strong><\/p><p><em>Algjeb\u00ebr dhe Gjeometri <\/em>\u2013 Bachelor n\u00eb Inxhinierin\u00eb Informatike, Elektronike, Mekanike, Materiale dhe Tekstile (UPT)<\/p><p><em>Analize Numerike &#8211; <\/em>Bachelor dhe Master Shkencor ne Inxhinieri Matematike<\/p><p><em>Ekuacione Diferenciale te Zakonshme dhe me Derivate te Pjesshme<\/em> \u2013 Master Shkencor ne Inxhinieri Matematike dhe Inxhinieri Fizike<\/p><p><em>Analize Matematike 1 dhe 2<\/em> &#8211; Bachelor Inxhinieri Matematike dhe Inxhinieri Fizike, Inxhinieri Mekanike.<\/p><p><strong>Tekste universitare<\/strong><\/p><p>\u201cAlgjebra dhe Gjeometria, Liber per deget Inxhinierike ne UPT.<\/p><p>Matematika 8, 9, 10, 11, 12 per arsimin e mesem te larte dhe te mesem, Shtepia botuese Mediaprint<\/p><p><strong>Aktivitetet editorial<\/strong><\/p><p>Member of Editorial Board Mathematica Balkanica Journal, MASSEE<\/p>\t\t\t\t\t\t<\/div>\n\t\t\t\t<\/div>\n\t\t\t\t<div class=\"elementor-element elementor-element-64391e3 elementor-widget-divider--view-line_text elementor-widget-divider--element-align-center elementor-widget elementor-widget-divider\" data-id=\"64391e3\" data-element_type=\"widget\" data-widget_type=\"divider.default\">\n\t\t\t\t<div class=\"elementor-widget-container\">\n\t\t\t\t\t<div class=\"elementor-divider\">\n\t\t\t<span class=\"elementor-divider-separator\">\n\t\t\t\t\t\t\t<h2 class=\"elementor-divider__text elementor-divider__element\">\n\t\t\t\tAktiviteti shkencor\t\t\t\t<\/h2>\n\t\t\t\t\t\t<\/span>\n\t\t<\/div>\n\t\t\t\t<\/div>\n\t\t\t\t<\/div>\n\t\t\t\t<div class=\"elementor-element elementor-element-91103cd elementor-widget elementor-widget-text-editor\" data-id=\"91103cd\" data-element_type=\"widget\" data-widget_type=\"text-editor.default\">\n\t\t\t\t<div class=\"elementor-widget-container\">\n\t\t\t\t\t\t\t<p>Autor i rreth 11 artikujve shkencor\u00eb t\u00eb botuar n\u00eb periodik\u00eb shkencor\u00eb nd\u00ebrkomb\u00ebtar\u00eb.<br \/>An\u00ebtar i disa Komiteteve shkencore dhe organizative t\u00eb konferencave nd\u00ebkomb\u00ebtare.<\/p><p><strong>Fusha e k\u00ebrkimit: <\/strong>N\u00eb p\u00ebrgjith\u00ebsi: Algjeber, Teori Numrash, Analize Numerike.<\/p><p>N\u00eb ve\u00e7anti: Numrat e thjeshte, Zgjidhje numerike ekuacionesh diferencial, etj<\/p>\t\t\t\t\t\t<\/div>\n\t\t\t\t<\/div>\n\t\t\t\t<\/div>\n\t\t\t\t\t<\/div>\n\t\t\t\t<\/div>\n\t\t\t\t<\/div>","protected":false},"excerpt":{"rendered":"<p>Edukimi Adrian Na\u00e7o, lindur n\u00eb Sarand\u00eb 1971, \u00ebsht\u00eb diplomuar n\u00eb korrik 1998 n\u00eb Universitetin e Tiran\u00ebs, Fakulteti i Shkencave t\u00eb Natyr\u00ebs, Departamenti I Matematik\u00ebs, Sistemi 5-vjecar, Diploma: \u201cMatematicien\u201d, drejtimi \u201cMatematik\u00eb\u201d. Mars 1998 \u2013 Qershor 1998, student n\u00eb Departamentin e Matematik\u00ebs, Fakulteti i Shkencave t\u00eb Natyr\u00ebs, Universiteti i Janin\u00ebs, Greqi (EU Program \u201cTEMPUS\u201d JEP 09363) Prill [&hellip;]<\/p>","protected":false},"author":1,"featured_media":0,"parent":5484,"menu_order":0,"comment_status":"closed","ping_status":"closed","template":"","meta":{"footnotes":""},"class_list":["post-6966","page","type-page","status-publish","hentry"],"yoast_head":"<!-- This site is optimized with the Yoast SEO plugin v24.2 - https:\/\/yoast.com\/wordpress\/plugins\/seo\/ -->\n<title>CV Adrian NA\u00c7O - Fakulteti i Inxhinieris\u00eb Matematike dhe Inxhinieris\u00eb Fizike<\/title>\n<meta name=\"robots\" content=\"index, follow, max-snippet:-1, max-image-preview:large, max-video-preview:-1\" \/>\n<link rel=\"canonical\" href=\"https:\/\/fimif.edu.al\/en\/departamentet\/departamenti-i-inxhinierise-matematike\/grupi-mesimor-kerkimor-matematike\/algjebra\/cv-adrian-naco\/\" \/>\n<meta property=\"og:locale\" content=\"en_GB\" \/>\n<meta property=\"og:type\" content=\"article\" \/>\n<meta property=\"og:title\" content=\"CV Adrian NA\u00c7O - Fakulteti i Inxhinieris\u00eb Matematike dhe Inxhinieris\u00eb Fizike\" \/>\n<meta property=\"og:description\" content=\"Edukimi Adrian Na\u00e7o, lindur n\u00eb Sarand\u00eb 1971, \u00ebsht\u00eb diplomuar n\u00eb korrik 1998 n\u00eb Universitetin e Tiran\u00ebs, Fakulteti i Shkencave t\u00eb Natyr\u00ebs, Departamenti I Matematik\u00ebs, Sistemi 5-vjecar, Diploma: \u201cMatematicien\u201d, drejtimi \u201cMatematik\u00eb\u201d. Mars 1998 \u2013 Qershor 1998, student n\u00eb Departamentin e Matematik\u00ebs, Fakulteti i Shkencave t\u00eb Natyr\u00ebs, Universiteti i Janin\u00ebs, Greqi (EU Program \u201cTEMPUS\u201d JEP 09363) Prill [&hellip;]\" \/>\n<meta property=\"og:url\" content=\"https:\/\/fimif.edu.al\/en\/departamentet\/departamenti-i-inxhinierise-matematike\/grupi-mesimor-kerkimor-matematike\/algjebra\/cv-adrian-naco\/\" \/>\n<meta property=\"og:site_name\" content=\"Fakulteti i Inxhinieris\u00eb Matematike dhe Inxhinieris\u00eb Fizike\" \/>\n<meta property=\"article:publisher\" content=\"https:\/\/www.facebook.com\/p\/Departamenti-i-Inxhinierise-Matematike-FIMIF-UPT-100077435994252\/\" \/>\n<meta property=\"article:modified_time\" content=\"2025-01-22T11:21:43+00:00\" \/>\n<meta name=\"twitter:card\" content=\"summary_large_image\" \/>\n<meta name=\"twitter:label1\" content=\"Estimated reading time\" \/>\n\t<meta name=\"twitter:data1\" content=\"4 minutes\" \/>\n<script type=\"application\/ld+json\" class=\"yoast-schema-graph\">{\"@context\":\"https:\/\/schema.org\",\"@graph\":[{\"@type\":\"WebPage\",\"@id\":\"https:\/\/fimif.edu.al\/departamentet\/departamenti-i-inxhinierise-matematike\/grupi-mesimor-kerkimor-matematike\/algjebra\/cv-adrian-naco\/\",\"url\":\"https:\/\/fimif.edu.al\/departamentet\/departamenti-i-inxhinierise-matematike\/grupi-mesimor-kerkimor-matematike\/algjebra\/cv-adrian-naco\/\",\"name\":\"CV Adrian NA\u00c7O - Fakulteti i Inxhinieris\u00eb Matematike dhe Inxhinieris\u00eb Fizike\",\"isPartOf\":{\"@id\":\"https:\/\/fimif.edu.al\/#website\"},\"datePublished\":\"2025-01-22T11:18:16+00:00\",\"dateModified\":\"2025-01-22T11:21:43+00:00\",\"breadcrumb\":{\"@id\":\"https:\/\/fimif.edu.al\/departamentet\/departamenti-i-inxhinierise-matematike\/grupi-mesimor-kerkimor-matematike\/algjebra\/cv-adrian-naco\/#breadcrumb\"},\"inLanguage\":\"en-GB\",\"potentialAction\":[{\"@type\":\"ReadAction\",\"target\":[\"https:\/\/fimif.edu.al\/departamentet\/departamenti-i-inxhinierise-matematike\/grupi-mesimor-kerkimor-matematike\/algjebra\/cv-adrian-naco\/\"]}]},{\"@type\":\"BreadcrumbList\",\"@id\":\"https:\/\/fimif.edu.al\/departamentet\/departamenti-i-inxhinierise-matematike\/grupi-mesimor-kerkimor-matematike\/algjebra\/cv-adrian-naco\/#breadcrumb\",\"itemListElement\":[{\"@type\":\"ListItem\",\"position\":1,\"name\":\"Home\",\"item\":\"https:\/\/fimif.edu.al\/\"},{\"@type\":\"ListItem\",\"position\":2,\"name\":\"Departamentet\",\"item\":\"https:\/\/fimif.edu.al\/departamentet\/\"},{\"@type\":\"ListItem\",\"position\":3,\"name\":\"Departamenti i Inxhinierise Matematike\",\"item\":\"https:\/\/fimif.edu.al\/departamentet\/departamenti-i-inxhinierise-matematike\/\"},{\"@type\":\"ListItem\",\"position\":4,\"name\":\"Grupi M\u00ebsimor K\u00ebrkimor Matematik\u00eb\",\"item\":\"https:\/\/fimif.edu.al\/departamentet\/departamenti-i-inxhinierise-matematike\/grupi-mesimor-kerkimor-matematike\/\"},{\"@type\":\"ListItem\",\"position\":5,\"name\":\"Algjebra\",\"item\":\"https:\/\/fimif.edu.al\/departamentet\/departamenti-i-inxhinierise-matematike\/grupi-mesimor-kerkimor-matematike\/algjebra\/\"},{\"@type\":\"ListItem\",\"position\":6,\"name\":\"CV Adrian NA\u00c7O\"}]},{\"@type\":\"WebSite\",\"@id\":\"https:\/\/fimif.edu.al\/#website\",\"url\":\"https:\/\/fimif.edu.al\/\",\"name\":\"Fakulteti i Inxhinieris\u00eb Matematike dhe Inxhinieris\u00eb Fizike\",\"description\":\"FIMIF, UPT Tirane\",\"publisher\":{\"@id\":\"https:\/\/fimif.edu.al\/#organization\"},\"potentialAction\":[{\"@type\":\"SearchAction\",\"target\":{\"@type\":\"EntryPoint\",\"urlTemplate\":\"https:\/\/fimif.edu.al\/?s={search_term_string}\"},\"query-input\":{\"@type\":\"PropertyValueSpecification\",\"valueRequired\":true,\"valueName\":\"search_term_string\"}}],\"inLanguage\":\"en-GB\"},{\"@type\":\"Organization\",\"@id\":\"https:\/\/fimif.edu.al\/#organization\",\"name\":\"Fakulteti i Inxhinieris\u00eb Matematike dhe Inxhinieris\u00eb Fizike\",\"url\":\"https:\/\/fimif.edu.al\/\",\"logo\":{\"@type\":\"ImageObject\",\"inLanguage\":\"en-GB\",\"@id\":\"https:\/\/fimif.edu.al\/#\/schema\/logo\/image\/\",\"url\":\"https:\/\/fimif.edu.al\/wp-content\/uploads\/2024\/10\/Fimif-Logo.svg\",\"contentUrl\":\"https:\/\/fimif.edu.al\/wp-content\/uploads\/2024\/10\/Fimif-Logo.svg\",\"width\":653,\"height\":219,\"caption\":\"Fakulteti i Inxhinieris\u00eb Matematike dhe Inxhinieris\u00eb Fizike\"},\"image\":{\"@id\":\"https:\/\/fimif.edu.al\/#\/schema\/logo\/image\/\"},\"sameAs\":[\"https:\/\/www.facebook.com\/p\/Departamenti-i-Inxhinierise-Matematike-FIMIF-UPT-100077435994252\/\"]}]}<\/script>\n<!-- \/ Yoast SEO plugin. -->","yoast_head_json":{"title":"CV Adrian NA\u00c7O - Fakulteti i Inxhinieris\u00eb Matematike dhe Inxhinieris\u00eb Fizike","robots":{"index":"index","follow":"follow","max-snippet":"max-snippet:-1","max-image-preview":"max-image-preview:large","max-video-preview":"max-video-preview:-1"},"canonical":"https:\/\/fimif.edu.al\/en\/departamentet\/departamenti-i-inxhinierise-matematike\/grupi-mesimor-kerkimor-matematike\/algjebra\/cv-adrian-naco\/","og_locale":"en_GB","og_type":"article","og_title":"CV Adrian NA\u00c7O - Fakulteti i Inxhinieris\u00eb Matematike dhe Inxhinieris\u00eb Fizike","og_description":"Edukimi Adrian Na\u00e7o, lindur n\u00eb Sarand\u00eb 1971, \u00ebsht\u00eb diplomuar n\u00eb korrik 1998 n\u00eb Universitetin e Tiran\u00ebs, Fakulteti i Shkencave t\u00eb Natyr\u00ebs, Departamenti I Matematik\u00ebs, Sistemi 5-vjecar, Diploma: \u201cMatematicien\u201d, drejtimi \u201cMatematik\u00eb\u201d. Mars 1998 \u2013 Qershor 1998, student n\u00eb Departamentin e Matematik\u00ebs, Fakulteti i Shkencave t\u00eb Natyr\u00ebs, Universiteti i Janin\u00ebs, Greqi (EU Program \u201cTEMPUS\u201d JEP 09363) Prill [&hellip;]","og_url":"https:\/\/fimif.edu.al\/en\/departamentet\/departamenti-i-inxhinierise-matematike\/grupi-mesimor-kerkimor-matematike\/algjebra\/cv-adrian-naco\/","og_site_name":"Fakulteti i Inxhinieris\u00eb Matematike dhe Inxhinieris\u00eb Fizike","article_publisher":"https:\/\/www.facebook.com\/p\/Departamenti-i-Inxhinierise-Matematike-FIMIF-UPT-100077435994252\/","article_modified_time":"2025-01-22T11:21:43+00:00","twitter_card":"summary_large_image","twitter_misc":{"Estimated reading time":"4 minutes"},"schema":{"@context":"https:\/\/schema.org","@graph":[{"@type":"WebPage","@id":"https:\/\/fimif.edu.al\/departamentet\/departamenti-i-inxhinierise-matematike\/grupi-mesimor-kerkimor-matematike\/algjebra\/cv-adrian-naco\/","url":"https:\/\/fimif.edu.al\/departamentet\/departamenti-i-inxhinierise-matematike\/grupi-mesimor-kerkimor-matematike\/algjebra\/cv-adrian-naco\/","name":"CV Adrian NA\u00c7O - Fakulteti i Inxhinieris\u00eb Matematike dhe Inxhinieris\u00eb Fizike","isPartOf":{"@id":"https:\/\/fimif.edu.al\/#website"},"datePublished":"2025-01-22T11:18:16+00:00","dateModified":"2025-01-22T11:21:43+00:00","breadcrumb":{"@id":"https:\/\/fimif.edu.al\/departamentet\/departamenti-i-inxhinierise-matematike\/grupi-mesimor-kerkimor-matematike\/algjebra\/cv-adrian-naco\/#breadcrumb"},"inLanguage":"en-GB","potentialAction":[{"@type":"ReadAction","target":["https:\/\/fimif.edu.al\/departamentet\/departamenti-i-inxhinierise-matematike\/grupi-mesimor-kerkimor-matematike\/algjebra\/cv-adrian-naco\/"]}]},{"@type":"BreadcrumbList","@id":"https:\/\/fimif.edu.al\/departamentet\/departamenti-i-inxhinierise-matematike\/grupi-mesimor-kerkimor-matematike\/algjebra\/cv-adrian-naco\/#breadcrumb","itemListElement":[{"@type":"ListItem","position":1,"name":"Home","item":"https:\/\/fimif.edu.al\/"},{"@type":"ListItem","position":2,"name":"Departamentet","item":"https:\/\/fimif.edu.al\/departamentet\/"},{"@type":"ListItem","position":3,"name":"Departamenti i Inxhinierise Matematike","item":"https:\/\/fimif.edu.al\/departamentet\/departamenti-i-inxhinierise-matematike\/"},{"@type":"ListItem","position":4,"name":"Grupi M\u00ebsimor K\u00ebrkimor Matematik\u00eb","item":"https:\/\/fimif.edu.al\/departamentet\/departamenti-i-inxhinierise-matematike\/grupi-mesimor-kerkimor-matematike\/"},{"@type":"ListItem","position":5,"name":"Algjebra","item":"https:\/\/fimif.edu.al\/departamentet\/departamenti-i-inxhinierise-matematike\/grupi-mesimor-kerkimor-matematike\/algjebra\/"},{"@type":"ListItem","position":6,"name":"CV Adrian NA\u00c7O"}]},{"@type":"WebSite","@id":"https:\/\/fimif.edu.al\/#website","url":"https:\/\/fimif.edu.al\/","name":"Fakulteti i Inxhinieris\u00eb Matematike dhe Inxhinieris\u00eb Fizike","description":"FIMIF, UPT Tirane","publisher":{"@id":"https:\/\/fimif.edu.al\/#organization"},"potentialAction":[{"@type":"SearchAction","target":{"@type":"EntryPoint","urlTemplate":"https:\/\/fimif.edu.al\/?s={search_term_string}"},"query-input":{"@type":"PropertyValueSpecification","valueRequired":true,"valueName":"search_term_string"}}],"inLanguage":"en-GB"},{"@type":"Organization","@id":"https:\/\/fimif.edu.al\/#organization","name":"Fakulteti i Inxhinieris\u00eb Matematike dhe Inxhinieris\u00eb Fizike","url":"https:\/\/fimif.edu.al\/","logo":{"@type":"ImageObject","inLanguage":"en-GB","@id":"https:\/\/fimif.edu.al\/#\/schema\/logo\/image\/","url":"https:\/\/fimif.edu.al\/wp-content\/uploads\/2024\/10\/Fimif-Logo.svg","contentUrl":"https:\/\/fimif.edu.al\/wp-content\/uploads\/2024\/10\/Fimif-Logo.svg","width":653,"height":219,"caption":"Fakulteti i Inxhinieris\u00eb Matematike dhe Inxhinieris\u00eb Fizike"},"image":{"@id":"https:\/\/fimif.edu.al\/#\/schema\/logo\/image\/"},"sameAs":["https:\/\/www.facebook.com\/p\/Departamenti-i-Inxhinierise-Matematike-FIMIF-UPT-100077435994252\/"]}]}},"_links":{"self":[{"href":"https:\/\/fimif.edu.al\/en\/wp-json\/wp\/v2\/pages\/6966","targetHints":{"allow":["GET"]}}],"collection":[{"href":"https:\/\/fimif.edu.al\/en\/wp-json\/wp\/v2\/pages"}],"about":[{"href":"https:\/\/fimif.edu.al\/en\/wp-json\/wp\/v2\/types\/page"}],"author":[{"embeddable":true,"href":"https:\/\/fimif.edu.al\/en\/wp-json\/wp\/v2\/users\/1"}],"replies":[{"embeddable":true,"href":"https:\/\/fimif.edu.al\/en\/wp-json\/wp\/v2\/comments?post=6966"}],"version-history":[{"count":7,"href":"https:\/\/fimif.edu.al\/en\/wp-json\/wp\/v2\/pages\/6966\/revisions"}],"predecessor-version":[{"id":6973,"href":"https:\/\/fimif.edu.al\/en\/wp-json\/wp\/v2\/pages\/6966\/revisions\/6973"}],"up":[{"embeddable":true,"href":"https:\/\/fimif.edu.al\/en\/wp-json\/wp\/v2\/pages\/5484"}],"wp:attachment":[{"href":"https:\/\/fimif.edu.al\/en\/wp-json\/wp\/v2\/media?parent=6966"}],"curies":[{"name":"wp","href":"https:\/\/api.w.org\/{rel}","templated":true}]}}