{"id":7216,"date":"2025-02-07T14:29:49","date_gmt":"2025-02-07T13:29:49","guid":{"rendered":"https:\/\/fimif.edu.al\/?page_id=7216"},"modified":"2025-02-07T14:32:24","modified_gmt":"2025-02-07T13:32:24","slug":"projektet-departmenti-i-inxhinirise-matematike","status":"publish","type":"page","link":"https:\/\/fimif.edu.al\/en\/kerkimi-shkencor\/projektet\/projektet-departmenti-i-inxhinirise-matematike\/","title":{"rendered":"Projektet Departmenti i Inxhiniris\u00eb Matematike"},"content":{"rendered":"<div data-elementor-type=\"wp-page\" data-elementor-id=\"7216\" class=\"elementor elementor-7216\" data-elementor-post-type=\"page\">\n\t\t\t\t<div class=\"elementor-element elementor-element-bd7265b e-flex e-con-boxed e-con e-parent\" data-id=\"bd7265b\" data-element_type=\"container\" data-e-type=\"container\">\n\t\t\t\t\t<div class=\"e-con-inner\">\n\t\t\t\t<div class=\"elementor-element elementor-element-eb832bd elementor-invisible elementor-widget elementor-widget-heading\" data-id=\"eb832bd\" data-element_type=\"widget\" data-e-type=\"widget\" data-settings=\"{&quot;_animation&quot;:&quot;fadeInLeft&quot;}\" data-widget_type=\"heading.default\">\n\t\t\t\t<div class=\"elementor-widget-container\">\n\t\t\t\t\t<h1 class=\"elementor-heading-title elementor-size-default\"><p>Projektet e Departamentit t\u00eb <span style=\"color: #FFAB1F\">Inxhiniris\u00eb Matematike<\/span><span style=\"color: var( --e-global-color-primary )\"><\/span><\/p><\/h1>\t\t\t\t<\/div>\n\t\t\t\t<\/div>\n\t\t\t\t<div class=\"elementor-element elementor-element-69a64a7 elementor-widget__width-initial elementor-invisible elementor-widget elementor-widget-text-editor\" data-id=\"69a64a7\" data-element_type=\"widget\" data-e-type=\"widget\" data-settings=\"{&quot;_animation&quot;:&quot;fadeInRight&quot;,&quot;_animation_delay&quot;:100}\" data-widget_type=\"text-editor.default\">\n\t\t\t\t<div class=\"elementor-widget-container\">\n\t\t\t\t\t\t\t\t\t<p>Pjes\u00ebmarrja n\u00eb projekte nd\u00ebrkomb\u00ebtare ka mund\u00ebsuar forcimin e lidhjeve me universitete dhe institute k\u00ebrkimore t\u00eb huaja, duke kontribuar n\u00eb avancimin e k\u00ebrkimit shkencor dhe shk\u00ebmbimin e ekspertiz\u00ebs.<\/p>\t\t\t\t\t\t\t\t<\/div>\n\t\t\t\t<\/div>\n\t\t\t\t\t<\/div>\n\t\t\t\t<\/div>\n\t\t<div class=\"elementor-element elementor-element-29bf1f8 e-flex e-con-boxed e-con e-parent\" data-id=\"29bf1f8\" data-element_type=\"container\" data-e-type=\"container\">\n\t\t\t\t\t<div class=\"e-con-inner\">\n\t\t<div class=\"elementor-element elementor-element-7a234fa e-con-full misioniback e-flex elementor-invisible e-con e-child\" data-id=\"7a234fa\" data-element_type=\"container\" data-e-type=\"container\" data-settings=\"{&quot;background_background&quot;:&quot;classic&quot;,&quot;animation&quot;:&quot;fadeInUp&quot;,&quot;animation_delay&quot;:100}\">\n\t\t\t\t<div class=\"elementor-element elementor-element-5e4b481 elementor-widget elementor-widget-heading\" data-id=\"5e4b481\" data-element_type=\"widget\" data-e-type=\"widget\" data-widget_type=\"heading.default\">\n\t\t\t\t<div class=\"elementor-widget-container\">\n\t\t\t\t\t<h2 class=\"elementor-heading-title elementor-size-default\">Lista e Projekteve K\u00ebrkimore dhe Shkencore<\/h2>\t\t\t\t<\/div>\n\t\t\t\t<\/div>\n\t\t\t\t<div class=\"elementor-element elementor-element-06d69e4 elementor-widget-divider--view-line elementor-widget elementor-widget-divider\" data-id=\"06d69e4\" data-element_type=\"widget\" data-e-type=\"widget\" data-widget_type=\"divider.default\">\n\t\t\t\t<div class=\"elementor-widget-container\">\n\t\t\t\t\t\t\t<div class=\"elementor-divider\">\n\t\t\t<span class=\"elementor-divider-separator\">\n\t\t\t\t\t\t<\/span>\n\t\t<\/div>\n\t\t\t\t\t\t<\/div>\n\t\t\t\t<\/div>\n\t\t\t\t<div class=\"elementor-element elementor-element-61bb09d elementor-grid-1 elementor-posts--thumbnail-none elementor-grid-tablet-2 elementor-grid-mobile-1 load-more-align-center elementor-widget elementor-widget-posts\" data-id=\"61bb09d\" data-element_type=\"widget\" data-e-type=\"widget\" data-settings=\"{&quot;classic_columns&quot;:&quot;1&quot;,&quot;classic_row_gap&quot;:{&quot;unit&quot;:&quot;px&quot;,&quot;size&quot;:24,&quot;sizes&quot;:[]},&quot;pagination_type&quot;:&quot;load_more_on_click&quot;,&quot;classic_columns_tablet&quot;:&quot;2&quot;,&quot;classic_columns_mobile&quot;:&quot;1&quot;,&quot;classic_row_gap_laptop&quot;:{&quot;unit&quot;:&quot;px&quot;,&quot;size&quot;:&quot;&quot;,&quot;sizes&quot;:[]},&quot;classic_row_gap_tablet&quot;:{&quot;unit&quot;:&quot;px&quot;,&quot;size&quot;:&quot;&quot;,&quot;sizes&quot;:[]},&quot;classic_row_gap_mobile&quot;:{&quot;unit&quot;:&quot;px&quot;,&quot;size&quot;:&quot;&quot;,&quot;sizes&quot;:[]},&quot;load_more_spinner&quot;:{&quot;value&quot;:&quot;fas fa-spinner&quot;,&quot;library&quot;:&quot;fa-solid&quot;}}\" data-widget_type=\"posts.classic\">\n\t\t\t\t<div class=\"elementor-widget-container\">\n\t\t\t\t\t\t\t<div class=\"elementor-posts-container elementor-posts elementor-posts--skin-classic elementor-grid\" role=\"list\">\n\t\t\t\t<article class=\"elementor-post elementor-grid-item post-7214 post type-post status-publish format-standard hentry category-projekte-dim\" role=\"listitem\">\n\t\t\t\t<div class=\"elementor-post__text\">\n\t\t\t\t<p class=\"elementor-post__title\">\n\t\t\t<a href=\"https:\/\/fimif.edu.al\/en\/the-project-innovative-stem-teaching-practices-in-albania-towards-european-integration-with-reference-number-101085776-ista-eu\/\" >\n\t\t\t\tThe project: \u201cInnovative STEM teaching practices in Albania towards European Integration\u201d with reference number 101085776 \u2014 ISTA-EU\t\t\t<\/a>\n\t\t<\/p>\n\t\t\t\t<div class=\"elementor-post__excerpt\">\n\t\t\t<p>The project: \u201cInnovative STEM teaching practices in Albania towards European Integration\u201d with reference number 101085776 \u2014 ISTA-EU in the framework of the grant: ERASMUS-JMO-2022-MODULE \u2014 Jean Monnet Actions in the<\/p>\n\t\t<\/div>\n\t\t\n\t\t<a class=\"elementor-post__read-more\" href=\"https:\/\/fimif.edu.al\/en\/the-project-innovative-stem-teaching-practices-in-albania-towards-european-integration-with-reference-number-101085776-ista-eu\/\" aria-label=\"Read more about The project: \u201cInnovative STEM teaching practices in Albania towards European Integration\u201d with reference number 101085776 \u2014 ISTA-EU\" tabindex=\"-1\" >\n\t\t\tLexo m\u00eb shum\u00eb \u00bb\t\t<\/a>\n\n\t\t\t\t<\/div>\n\t\t\t\t<\/article>\n\t\t\t\t<article class=\"elementor-post elementor-grid-item post-7212 post type-post status-publish format-standard hentry category-projekte-dim\" role=\"listitem\">\n\t\t\t\t<div class=\"elementor-post__text\">\n\t\t\t\t<p class=\"elementor-post__title\">\n\t\t\t<a href=\"https:\/\/fimif.edu.al\/en\/the-project-digital-education-in-albanian-universities-to-provide-high-quality-life-long-learning-opportunities-an-european-approach-with-reference-number-101127005-ista\/\" >\n\t\t\t\tThe project: \u201cDigital education in Albanian universities to provide high-quality life-long learning opportunities: an European approach\u201d with reference number 101127005 \u2014 ISTA-EU\t\t\t<\/a>\n\t\t<\/p>\n\t\t\t\t<div class=\"elementor-post__excerpt\">\n\t\t\t<p>The project: \u201cDigital education in Albanian universities to provide high-quality life-long learning opportunities: an European approach\u201d with reference number 101127005 \u2014 ISTA-EU in the framework of the grant: ERASMUS-JMO-2023-MODULE \u2014<\/p>\n\t\t<\/div>\n\t\t\n\t\t<a class=\"elementor-post__read-more\" href=\"https:\/\/fimif.edu.al\/en\/the-project-digital-education-in-albanian-universities-to-provide-high-quality-life-long-learning-opportunities-an-european-approach-with-reference-number-101127005-ista\/\" aria-label=\"Read more about The project: \u201cDigital education in Albanian universities to provide high-quality life-long learning opportunities: an European approach\u201d with reference number 101127005 \u2014 ISTA-EU\" tabindex=\"-1\" >\n\t\t\tLexo m\u00eb shum\u00eb \u00bb\t\t<\/a>\n\n\t\t\t\t<\/div>\n\t\t\t\t<\/article>\n\t\t\t\t<article class=\"elementor-post elementor-grid-item post-7210 post type-post status-publish format-standard hentry category-projekte-dim\" role=\"listitem\">\n\t\t\t\t<div class=\"elementor-post__text\">\n\t\t\t\t<p class=\"elementor-post__title\">\n\t\t\t<a href=\"https:\/\/fimif.edu.al\/en\/developing-differential-mathematical-models-for-the-spread-of-epidemic-diseases-focus-on-the-covid-19-pandemic-real-time-design-and-evaluation-of-control-measure-effectiveness\/\" >\n\t\t\t\t&#8220;Developing Differential Mathematical Models for the Spread of Epidemic Diseases &#8211; Focus on the Covid-19 Pandemic. Real-Time Design and Evaluation of Control Measure Effectiveness.&#8221;\t\t\t<\/a>\n\t\t<\/p>\n\t\t\t\t<div class=\"elementor-post__excerpt\">\n\t\t\t<p>&#8220;Developing Differential Mathematical Models for the Spread of Epidemic Diseases &#8211; Focus on the Covid-19 Pandemic. Real-Time Design and Evaluation of Control Measure Effectiveness.&#8221; 2024. (L. Hanelli, A. Fundo, F.<\/p>\n\t\t<\/div>\n\t\t\n\t\t<a class=\"elementor-post__read-more\" href=\"https:\/\/fimif.edu.al\/en\/developing-differential-mathematical-models-for-the-spread-of-epidemic-diseases-focus-on-the-covid-19-pandemic-real-time-design-and-evaluation-of-control-measure-effectiveness\/\" aria-label=\"Read more about &#8220;Developing Differential Mathematical Models for the Spread of Epidemic Diseases &#8211; Focus on the Covid-19 Pandemic. Real-Time Design and Evaluation of Control Measure Effectiveness.&#8221;\" tabindex=\"-1\" >\n\t\t\tLexo m\u00eb shum\u00eb \u00bb\t\t<\/a>\n\n\t\t\t\t<\/div>\n\t\t\t\t<\/article>\n\t\t\t\t<article class=\"elementor-post elementor-grid-item post-7208 post type-post status-publish format-standard hentry category-projekte-dim\" role=\"listitem\">\n\t\t\t\t<div class=\"elementor-post__text\">\n\t\t\t\t<p class=\"elementor-post__title\">\n\t\t\t<a href=\"https:\/\/fimif.edu.al\/en\/advanced-numerical-methods-for-the-simulation-of-synthetic-materials-2024-s-tola-a-daci\/\" >\n\t\t\t\t&#8220;Advanced Numerical Methods for the Simulation of Synthetic Materials, 2024&#8221; (S. Tola, A. Daci)\t\t\t<\/a>\n\t\t<\/p>\n\t\t\t\t<div class=\"elementor-post__excerpt\">\n\t\t\t\t\t<\/div>\n\t\t\n\t\t<a class=\"elementor-post__read-more\" href=\"https:\/\/fimif.edu.al\/en\/advanced-numerical-methods-for-the-simulation-of-synthetic-materials-2024-s-tola-a-daci\/\" aria-label=\"Read more about &#8220;Advanced Numerical Methods for the Simulation of Synthetic Materials, 2024&#8221; (S. Tola, A. Daci)\" tabindex=\"-1\" >\n\t\t\tLexo m\u00eb shum\u00eb \u00bb\t\t<\/a>\n\n\t\t\t\t<\/div>\n\t\t\t\t<\/article>\n\t\t\t\t<article class=\"elementor-post elementor-grid-item post-7206 post type-post status-publish format-standard hentry category-projekte-dim\" role=\"listitem\">\n\t\t\t\t<div class=\"elementor-post__text\">\n\t\t\t\t<p class=\"elementor-post__title\">\n\t\t\t<a href=\"https:\/\/fimif.edu.al\/en\/doctorate-in-mathematical-engineering-building-differential-mathematical-models-for-the-spread-of-epidemic-diseases-focus-on-the-covid-19-pandemic-2\/\" >\n\t\t\t\tDoctorate in Mathematical Engineering: \u201cBuilding Differential Mathematical Models for the Spread of Epidemic Diseases &#8211; Focus on the Covid-19 Pandemic.\t\t\t<\/a>\n\t\t<\/p>\n\t\t\t\t<div class=\"elementor-post__excerpt\">\n\t\t\t<p>Doctorate in Mathematical Engineering: \u201cBuilding Differential Mathematical Models for the Spread of Epidemic Diseases &#8211; Focus on the Covid-19 Pandemic. Real-Time Design and Evaluation of Control Measure Effectiveness.\u201d 2023 \u2013<\/p>\n\t\t<\/div>\n\t\t\n\t\t<a class=\"elementor-post__read-more\" href=\"https:\/\/fimif.edu.al\/en\/doctorate-in-mathematical-engineering-building-differential-mathematical-models-for-the-spread-of-epidemic-diseases-focus-on-the-covid-19-pandemic-2\/\" aria-label=\"Read more about Doctorate in Mathematical Engineering: \u201cBuilding Differential Mathematical Models for the Spread of Epidemic Diseases &#8211; Focus on the Covid-19 Pandemic.\" tabindex=\"-1\" >\n\t\t\tLexo m\u00eb shum\u00eb \u00bb\t\t<\/a>\n\n\t\t\t\t<\/div>\n\t\t\t\t<\/article>\n\t\t\t\t<article class=\"elementor-post elementor-grid-item post-7204 post type-post status-publish format-standard hentry category-projekte-dim\" role=\"listitem\">\n\t\t\t\t<div class=\"elementor-post__text\">\n\t\t\t\t<p class=\"elementor-post__title\">\n\t\t\t<a href=\"https:\/\/fimif.edu.al\/en\/updating-and-publishing-the-vulnerability-map-of-groundwater-in-albania-funded-by-the-national-agency-of-technology-and-innovation-akti-and-the-polytechnic-uni-versity-of-tirana-2-2\/\" >\n\t\t\t\t\u201cUpdating and Publishing the Vulnerability Map of Groundwater in Albania\u201d, funded by the National Agency of Technology and Innovation (AKTI) and the Polytechnic Uni versity of Tirana 2023\t\t\t<\/a>\n\t\t<\/p>\n\t\t\t\t<div class=\"elementor-post__excerpt\">\n\t\t\t<p>\u201cUpdating and Publishing the Vulnerability Map of Groundwater in Albania\u201d, funded by the National Agency of Technology and Innovation (AKTI) and the Polytechnic Uni versity of Tirana 2023 (E. Ra\u00e7o,<\/p>\n\t\t<\/div>\n\t\t\n\t\t<a class=\"elementor-post__read-more\" href=\"https:\/\/fimif.edu.al\/en\/updating-and-publishing-the-vulnerability-map-of-groundwater-in-albania-funded-by-the-national-agency-of-technology-and-innovation-akti-and-the-polytechnic-uni-versity-of-tirana-2-2\/\" aria-label=\"Read more about \u201cUpdating and Publishing the Vulnerability Map of Groundwater in Albania\u201d, funded by the National Agency of Technology and Innovation (AKTI) and the Polytechnic Uni versity of Tirana 2023\" tabindex=\"-1\" >\n\t\t\tLexo m\u00eb shum\u00eb \u00bb\t\t<\/a>\n\n\t\t\t\t<\/div>\n\t\t\t\t<\/article>\n\t\t\t\t<\/div>\n\t\t\t\t\t<span class=\"e-load-more-spinner\">\n\t\t\t\t<svg aria-hidden=\"true\" class=\"e-font-icon-svg e-fas-spinner\" viewbox=\"0 0 512 512\" xmlns=\"http:\/\/www.w3.org\/2000\/svg\"><path d=\"M304 48c0 26.51-21.49 48-48 48s-48-21.49-48-48 21.49-48 48-48 48 21.49 48 48zm-48 368c-26.51 0-48 21.49-48 48s21.49 48 48 48 48-21.49 48-48-21.49-48-48-48zm208-208c-26.51 0-48 21.49-48 48s21.49 48 48 48 48-21.49 48-48-21.49-48-48-48zM96 256c0-26.51-21.49-48-48-48S0 229.49 0 256s21.49 48 48 48 48-21.49 48-48zm12.922 99.078c-26.51 0-48 21.49-48 48s21.49 48 48 48 48-21.49 48-48c0-26.509-21.491-48-48-48zm294.156 0c-26.51 0-48 21.49-48 48s21.49 48 48 48 48-21.49 48-48c0-26.509-21.49-48-48-48zM108.922 60.922c-26.51 0-48 21.49-48 48s21.49 48 48 48 48-21.49 48-48-21.491-48-48-48z\"><\/path><\/svg>\t\t\t<\/span>\n\t\t\n\t\t\t\t<div class=\"e-load-more-anchor\" data-page=\"1\" data-max-page=\"5\" data-next-page=\"https:\/\/fimif.edu.al\/en\/wp-json\/wp\/v2\/pages\/7216\/page\/2\/\"><\/div>\n\t\t\t\t<div class=\"elementor-button-wrapper\">\n\t\t\t<a class=\"elementor-button elementor-size-sm\" role=\"button\">\n\t\t\t\t\t\t<span class=\"elementor-button-content-wrapper\">\n\t\t\t\t\t\t\t\t\t<span class=\"elementor-button-text\">M\u00eb shum\u00eb<\/span>\n\t\t\t\t\t<\/span>\n\t\t\t\t\t<\/a>\n\t\t<\/div>\n\t\t\t\t<div class=\"e-load-more-message\"><\/div>\n\t\t\t\t\t\t<\/div>\n\t\t\t\t<\/div>\n\t\t\t\t<\/div>\n\t\t\t\t\t<\/div>\n\t\t\t\t<\/div>\n\t\t\t\t<\/div>","protected":false},"excerpt":{"rendered":"<p>Projektet e Departamentit t\u00eb Inxhiniris\u00eb Matematike Pjes\u00ebmarrja n\u00eb projekte nd\u00ebrkomb\u00ebtare ka mund\u00ebsuar forcimin e lidhjeve me universitete dhe institute k\u00ebrkimore t\u00eb huaja, duke kontribuar n\u00eb avancimin e k\u00ebrkimit shkencor dhe shk\u00ebmbimin e ekspertiz\u00ebs. Lista e Projekteve K\u00ebrkimore dhe Shkencore<\/p>","protected":false},"author":1,"featured_media":0,"parent":180,"menu_order":0,"comment_status":"closed","ping_status":"closed","template":"","meta":{"footnotes":""},"class_list":["post-7216","page","type-page","status-publish","hentry"],"yoast_head":"<!-- This site is optimized with the Yoast SEO plugin v27.4 - https:\/\/yoast.com\/product\/yoast-seo-wordpress\/ -->\n<title>Projektet Departmenti i Inxhiniris\u00eb Matematike - Fakulteti i Inxhinieris\u00eb Matematike dhe Inxhinieris\u00eb Fizike<\/title>\n<meta name=\"robots\" content=\"index, follow, max-snippet:-1, max-image-preview:large, max-video-preview:-1\" \/>\n<link rel=\"canonical\" href=\"https:\/\/fimif.edu.al\/en\/kerkimi-shkencor\/projektet\/projektet-departmenti-i-inxhinirise-matematike\/\" \/>\n<meta property=\"og:locale\" content=\"en_GB\" \/>\n<meta property=\"og:type\" content=\"article\" \/>\n<meta property=\"og:title\" content=\"Projektet Departmenti i Inxhiniris\u00eb Matematike - Fakulteti i Inxhinieris\u00eb Matematike dhe Inxhinieris\u00eb Fizike\" \/>\n<meta property=\"og:description\" content=\"Projektet e Departamentit t\u00eb Inxhiniris\u00eb Matematike Pjes\u00ebmarrja n\u00eb projekte nd\u00ebrkomb\u00ebtare ka mund\u00ebsuar forcimin e lidhjeve me universitete dhe institute k\u00ebrkimore t\u00eb huaja, duke kontribuar n\u00eb avancimin e k\u00ebrkimit shkencor dhe shk\u00ebmbimin e ekspertiz\u00ebs. Lista e Projekteve K\u00ebrkimore dhe Shkencore\" \/>\n<meta property=\"og:url\" content=\"https:\/\/fimif.edu.al\/en\/kerkimi-shkencor\/projektet\/projektet-departmenti-i-inxhinirise-matematike\/\" \/>\n<meta property=\"og:site_name\" content=\"Fakulteti i Inxhinieris\u00eb Matematike dhe Inxhinieris\u00eb Fizike\" \/>\n<meta property=\"article:publisher\" content=\"https:\/\/www.facebook.com\/p\/Departamenti-i-Inxhinierise-Matematike-FIMIF-UPT-100077435994252\/\" \/>\n<meta property=\"article:modified_time\" content=\"2025-02-07T13:32:24+00:00\" \/>\n<meta name=\"twitter:card\" content=\"summary_large_image\" \/>\n<meta name=\"twitter:label1\" content=\"Estimated reading time\" \/>\n\t<meta name=\"twitter:data1\" content=\"2 minutes\" \/>\n<script type=\"application\/ld+json\" class=\"yoast-schema-graph\">{\"@context\":\"https:\\\/\\\/schema.org\",\"@graph\":[{\"@type\":\"WebPage\",\"@id\":\"https:\\\/\\\/fimif.edu.al\\\/kerkimi-shkencor\\\/projektet\\\/projektet-departmenti-i-inxhinirise-matematike\\\/\",\"url\":\"https:\\\/\\\/fimif.edu.al\\\/kerkimi-shkencor\\\/projektet\\\/projektet-departmenti-i-inxhinirise-matematike\\\/\",\"name\":\"Projektet Departmenti i Inxhiniris\u00eb Matematike - Fakulteti i Inxhinieris\u00eb Matematike dhe Inxhinieris\u00eb Fizike\",\"isPartOf\":{\"@id\":\"https:\\\/\\\/fimif.edu.al\\\/#website\"},\"datePublished\":\"2025-02-07T13:29:49+00:00\",\"dateModified\":\"2025-02-07T13:32:24+00:00\",\"breadcrumb\":{\"@id\":\"https:\\\/\\\/fimif.edu.al\\\/kerkimi-shkencor\\\/projektet\\\/projektet-departmenti-i-inxhinirise-matematike\\\/#breadcrumb\"},\"inLanguage\":\"en-GB\",\"potentialAction\":[{\"@type\":\"ReadAction\",\"target\":[\"https:\\\/\\\/fimif.edu.al\\\/kerkimi-shkencor\\\/projektet\\\/projektet-departmenti-i-inxhinirise-matematike\\\/\"]}]},{\"@type\":\"BreadcrumbList\",\"@id\":\"https:\\\/\\\/fimif.edu.al\\\/kerkimi-shkencor\\\/projektet\\\/projektet-departmenti-i-inxhinirise-matematike\\\/#breadcrumb\",\"itemListElement\":[{\"@type\":\"ListItem\",\"position\":1,\"name\":\"Home\",\"item\":\"https:\\\/\\\/fimif.edu.al\\\/\"},{\"@type\":\"ListItem\",\"position\":2,\"name\":\"Kerkimi Shkencor\",\"item\":\"https:\\\/\\\/fimif.edu.al\\\/?page_id=294\"},{\"@type\":\"ListItem\",\"position\":3,\"name\":\"Projektet\",\"item\":\"https:\\\/\\\/fimif.edu.al\\\/kerkimi-shkencor\\\/projektet\\\/\"},{\"@type\":\"ListItem\",\"position\":4,\"name\":\"Projektet Departmenti i Inxhiniris\u00eb Matematike\"}]},{\"@type\":\"WebSite\",\"@id\":\"https:\\\/\\\/fimif.edu.al\\\/#website\",\"url\":\"https:\\\/\\\/fimif.edu.al\\\/\",\"name\":\"Fakulteti i Inxhinieris\u00eb Matematike dhe Inxhinieris\u00eb Fizike\",\"description\":\"FIMIF, UPT Tirane\",\"publisher\":{\"@id\":\"https:\\\/\\\/fimif.edu.al\\\/#organization\"},\"potentialAction\":[{\"@type\":\"SearchAction\",\"target\":{\"@type\":\"EntryPoint\",\"urlTemplate\":\"https:\\\/\\\/fimif.edu.al\\\/?s={search_term_string}\"},\"query-input\":{\"@type\":\"PropertyValueSpecification\",\"valueRequired\":true,\"valueName\":\"search_term_string\"}}],\"inLanguage\":\"en-GB\"},{\"@type\":\"Organization\",\"@id\":\"https:\\\/\\\/fimif.edu.al\\\/#organization\",\"name\":\"Fakulteti i Inxhinieris\u00eb Matematike dhe Inxhinieris\u00eb Fizike\",\"url\":\"https:\\\/\\\/fimif.edu.al\\\/\",\"logo\":{\"@type\":\"ImageObject\",\"inLanguage\":\"en-GB\",\"@id\":\"https:\\\/\\\/fimif.edu.al\\\/#\\\/schema\\\/logo\\\/image\\\/\",\"url\":\"https:\\\/\\\/fimif.edu.al\\\/wp-content\\\/uploads\\\/2024\\\/10\\\/Fimif-Logo.svg\",\"contentUrl\":\"https:\\\/\\\/fimif.edu.al\\\/wp-content\\\/uploads\\\/2024\\\/10\\\/Fimif-Logo.svg\",\"width\":653,\"height\":219,\"caption\":\"Fakulteti i Inxhinieris\u00eb Matematike dhe Inxhinieris\u00eb Fizike\"},\"image\":{\"@id\":\"https:\\\/\\\/fimif.edu.al\\\/#\\\/schema\\\/logo\\\/image\\\/\"},\"sameAs\":[\"https:\\\/\\\/www.facebook.com\\\/p\\\/Departamenti-i-Inxhinierise-Matematike-FIMIF-UPT-100077435994252\\\/\"]}]}<\/script>\n<!-- \/ Yoast SEO plugin. -->","yoast_head_json":{"title":"Projektet Departmenti i Inxhiniris\u00eb Matematike - Fakulteti i Inxhinieris\u00eb Matematike dhe Inxhinieris\u00eb Fizike","robots":{"index":"index","follow":"follow","max-snippet":"max-snippet:-1","max-image-preview":"max-image-preview:large","max-video-preview":"max-video-preview:-1"},"canonical":"https:\/\/fimif.edu.al\/en\/kerkimi-shkencor\/projektet\/projektet-departmenti-i-inxhinirise-matematike\/","og_locale":"en_GB","og_type":"article","og_title":"Projektet Departmenti i Inxhiniris\u00eb Matematike - Fakulteti i Inxhinieris\u00eb Matematike dhe Inxhinieris\u00eb Fizike","og_description":"Projektet e Departamentit t\u00eb Inxhiniris\u00eb Matematike Pjes\u00ebmarrja n\u00eb projekte nd\u00ebrkomb\u00ebtare ka mund\u00ebsuar forcimin e lidhjeve me universitete dhe institute k\u00ebrkimore t\u00eb huaja, duke kontribuar n\u00eb avancimin e k\u00ebrkimit shkencor dhe shk\u00ebmbimin e ekspertiz\u00ebs. Lista e Projekteve K\u00ebrkimore dhe Shkencore","og_url":"https:\/\/fimif.edu.al\/en\/kerkimi-shkencor\/projektet\/projektet-departmenti-i-inxhinirise-matematike\/","og_site_name":"Fakulteti i Inxhinieris\u00eb Matematike dhe Inxhinieris\u00eb Fizike","article_publisher":"https:\/\/www.facebook.com\/p\/Departamenti-i-Inxhinierise-Matematike-FIMIF-UPT-100077435994252\/","article_modified_time":"2025-02-07T13:32:24+00:00","twitter_card":"summary_large_image","twitter_misc":{"Estimated reading time":"2 minutes"},"schema":{"@context":"https:\/\/schema.org","@graph":[{"@type":"WebPage","@id":"https:\/\/fimif.edu.al\/kerkimi-shkencor\/projektet\/projektet-departmenti-i-inxhinirise-matematike\/","url":"https:\/\/fimif.edu.al\/kerkimi-shkencor\/projektet\/projektet-departmenti-i-inxhinirise-matematike\/","name":"Projektet Departmenti i Inxhiniris\u00eb Matematike - Fakulteti i Inxhinieris\u00eb Matematike dhe Inxhinieris\u00eb Fizike","isPartOf":{"@id":"https:\/\/fimif.edu.al\/#website"},"datePublished":"2025-02-07T13:29:49+00:00","dateModified":"2025-02-07T13:32:24+00:00","breadcrumb":{"@id":"https:\/\/fimif.edu.al\/kerkimi-shkencor\/projektet\/projektet-departmenti-i-inxhinirise-matematike\/#breadcrumb"},"inLanguage":"en-GB","potentialAction":[{"@type":"ReadAction","target":["https:\/\/fimif.edu.al\/kerkimi-shkencor\/projektet\/projektet-departmenti-i-inxhinirise-matematike\/"]}]},{"@type":"BreadcrumbList","@id":"https:\/\/fimif.edu.al\/kerkimi-shkencor\/projektet\/projektet-departmenti-i-inxhinirise-matematike\/#breadcrumb","itemListElement":[{"@type":"ListItem","position":1,"name":"Home","item":"https:\/\/fimif.edu.al\/"},{"@type":"ListItem","position":2,"name":"Kerkimi Shkencor","item":"https:\/\/fimif.edu.al\/?page_id=294"},{"@type":"ListItem","position":3,"name":"Projektet","item":"https:\/\/fimif.edu.al\/kerkimi-shkencor\/projektet\/"},{"@type":"ListItem","position":4,"name":"Projektet Departmenti i Inxhiniris\u00eb Matematike"}]},{"@type":"WebSite","@id":"https:\/\/fimif.edu.al\/#website","url":"https:\/\/fimif.edu.al\/","name":"Fakulteti i Inxhinieris\u00eb Matematike dhe Inxhinieris\u00eb Fizike","description":"FIMIF, UPT Tirane","publisher":{"@id":"https:\/\/fimif.edu.al\/#organization"},"potentialAction":[{"@type":"SearchAction","target":{"@type":"EntryPoint","urlTemplate":"https:\/\/fimif.edu.al\/?s={search_term_string}"},"query-input":{"@type":"PropertyValueSpecification","valueRequired":true,"valueName":"search_term_string"}}],"inLanguage":"en-GB"},{"@type":"Organization","@id":"https:\/\/fimif.edu.al\/#organization","name":"Fakulteti i Inxhinieris\u00eb Matematike dhe Inxhinieris\u00eb Fizike","url":"https:\/\/fimif.edu.al\/","logo":{"@type":"ImageObject","inLanguage":"en-GB","@id":"https:\/\/fimif.edu.al\/#\/schema\/logo\/image\/","url":"https:\/\/fimif.edu.al\/wp-content\/uploads\/2024\/10\/Fimif-Logo.svg","contentUrl":"https:\/\/fimif.edu.al\/wp-content\/uploads\/2024\/10\/Fimif-Logo.svg","width":653,"height":219,"caption":"Fakulteti i Inxhinieris\u00eb Matematike dhe Inxhinieris\u00eb Fizike"},"image":{"@id":"https:\/\/fimif.edu.al\/#\/schema\/logo\/image\/"},"sameAs":["https:\/\/www.facebook.com\/p\/Departamenti-i-Inxhinierise-Matematike-FIMIF-UPT-100077435994252\/"]}]}},"_links":{"self":[{"href":"https:\/\/fimif.edu.al\/en\/wp-json\/wp\/v2\/pages\/7216","targetHints":{"allow":["GET"]}}],"collection":[{"href":"https:\/\/fimif.edu.al\/en\/wp-json\/wp\/v2\/pages"}],"about":[{"href":"https:\/\/fimif.edu.al\/en\/wp-json\/wp\/v2\/types\/page"}],"author":[{"embeddable":true,"href":"https:\/\/fimif.edu.al\/en\/wp-json\/wp\/v2\/users\/1"}],"replies":[{"embeddable":true,"href":"https:\/\/fimif.edu.al\/en\/wp-json\/wp\/v2\/comments?post=7216"}],"version-history":[{"count":7,"href":"https:\/\/fimif.edu.al\/en\/wp-json\/wp\/v2\/pages\/7216\/revisions"}],"predecessor-version":[{"id":7225,"href":"https:\/\/fimif.edu.al\/en\/wp-json\/wp\/v2\/pages\/7216\/revisions\/7225"}],"up":[{"embeddable":true,"href":"https:\/\/fimif.edu.al\/en\/wp-json\/wp\/v2\/pages\/180"}],"wp:attachment":[{"href":"https:\/\/fimif.edu.al\/en\/wp-json\/wp\/v2\/media?parent=7216"}],"curies":[{"name":"wp","href":"https:\/\/api.w.org\/{rel}","templated":true}]}}