{"id":88,"date":"2020-09-17T19:51:11","date_gmt":"2020-09-17T18:51:11","guid":{"rendered":"https:\/\/fimif.edu.al\/?page_id=88"},"modified":"2024-12-18T12:01:25","modified_gmt":"2024-12-18T11:01:25","slug":"misioni-strategjia","status":"publish","type":"page","link":"https:\/\/fimif.edu.al\/en\/rreth-fimif\/misioni-strategjia\/","title":{"rendered":"Mission &amp; Strategy"},"content":{"rendered":"<div data-elementor-type=\"wp-page\" data-elementor-id=\"88\" class=\"elementor elementor-88\" data-elementor-post-type=\"page\">\n\t\t\t\t<div class=\"elementor-element elementor-element-493b20d e-flex e-con-boxed e-con e-parent\" data-id=\"493b20d\" data-element_type=\"container\" data-e-type=\"container\">\n\t\t\t\t\t<div class=\"e-con-inner\">\n\t\t\t\t<div class=\"elementor-element elementor-element-90568af elementor-invisible elementor-widget elementor-widget-heading\" data-id=\"90568af\" data-element_type=\"widget\" data-e-type=\"widget\" data-settings=\"{&quot;_animation&quot;:&quot;fadeIn&quot;}\" data-widget_type=\"heading.default\">\n\t\t\t\t<div class=\"elementor-widget-container\">\n\t\t\t\t\t<h1 class=\"elementor-heading-title elementor-size-default\">Mission &amp; Vision of the Faculty<\/h1>\t\t\t\t<\/div>\n\t\t\t\t<\/div>\n\t\t\t\t<div class=\"elementor-element elementor-element-097a601 elementor-widget__width-initial elementor-invisible elementor-widget elementor-widget-text-editor\" data-id=\"097a601\" data-element_type=\"widget\" data-e-type=\"widget\" data-settings=\"{&quot;_animation&quot;:&quot;fadeIn&quot;,&quot;_animation_delay&quot;:100}\" data-widget_type=\"text-editor.default\">\n\t\t\t\t<div class=\"elementor-widget-container\">\n\t\t\t\t\t\t\t\t\t<p>Through collaboration, integrity, and a passion for lifelong learning, we aim to empower our students to achieve their full potential and make meaningful contributions to society. Join us on this journey of growth and discovery, dedicated to shaping the future.<\/p>\t\t\t\t\t\t\t\t<\/div>\n\t\t\t\t<\/div>\n\t\t\t\t\t<\/div>\n\t\t\t\t<\/div>\n\t\t<div class=\"elementor-element elementor-element-2b91079 e-flex e-con-boxed e-con e-parent\" data-id=\"2b91079\" data-element_type=\"container\" data-e-type=\"container\">\n\t\t\t\t\t<div class=\"e-con-inner\">\n\t\t<div class=\"elementor-element elementor-element-cd3a371 e-con-full misioniback e-flex elementor-invisible e-con e-child\" data-id=\"cd3a371\" data-element_type=\"container\" data-e-type=\"container\" data-settings=\"{&quot;background_background&quot;:&quot;classic&quot;,&quot;animation&quot;:&quot;fadeInUp&quot;,&quot;animation_delay&quot;:100}\">\n\t\t\t\t<div class=\"elementor-element elementor-element-a8d69b0 elementor-widget elementor-widget-heading\" data-id=\"a8d69b0\" data-element_type=\"widget\" data-e-type=\"widget\" data-widget_type=\"heading.default\">\n\t\t\t\t<div class=\"elementor-widget-container\">\n\t\t\t\t\t<h2 class=\"elementor-heading-title elementor-size-default\">Mission<\/h2>\t\t\t\t<\/div>\n\t\t\t\t<\/div>\n\t\t\t\t<div class=\"elementor-element elementor-element-859dbb4 elementor-widget-divider--view-line elementor-widget elementor-widget-divider\" data-id=\"859dbb4\" data-element_type=\"widget\" data-e-type=\"widget\" data-widget_type=\"divider.default\">\n\t\t\t\t<div class=\"elementor-widget-container\">\n\t\t\t\t\t\t\t<div class=\"elementor-divider\">\n\t\t\t<span class=\"elementor-divider-separator\">\n\t\t\t\t\t\t<\/span>\n\t\t<\/div>\n\t\t\t\t\t\t<\/div>\n\t\t\t\t<\/div>\n\t\t\t\t<div class=\"elementor-element elementor-element-60b4de2 elementor-widget elementor-widget-text-editor\" data-id=\"60b4de2\" data-element_type=\"widget\" data-e-type=\"widget\" data-widget_type=\"text-editor.default\">\n\t\t\t\t<div class=\"elementor-widget-container\">\n\t\t\t\t\t\t\t\t\t<p>The Faculty of Mathematical Engineering and Physical Engineering aims to:<\/p><p>1. To transmit, develop, and consolidate knowledge through teaching, scientific research, and services, as well as to train high-level specialists in the fields of mathematical engineering and physical engineering, capable of integrating into the labor market (both domestic and international).<\/p><p>2. To provide opportunities to benefit from higher education throughout life.<\/p><p>3. To create a suitable environment for freedom of thought and scientific research.<\/p>\t\t\t\t\t\t\t\t<\/div>\n\t\t\t\t<\/div>\n\t\t\t\t<div class=\"elementor-element elementor-element-af56140 misioniimg elementor-widget elementor-widget-image\" data-id=\"af56140\" data-element_type=\"widget\" data-e-type=\"widget\" data-widget_type=\"image.default\">\n\t\t\t\t<div class=\"elementor-widget-container\">\n\t\t\t\t\t\t\t\t\t\t\t\t\t\t\t<img decoding=\"async\" width=\"95\" height=\"90\" src=\"https:\/\/fimif.edu.al\/wp-content\/uploads\/2024\/10\/Group_.svg\" class=\"attachment-full size-full wp-image-3151\" alt=\"\" \/>\t\t\t\t\t\t\t\t\t\t\t\t\t\t\t<\/div>\n\t\t\t\t<\/div>\n\t\t\t\t<\/div>\n\t\t<div class=\"elementor-element elementor-element-147ea3e e-con-full vizioniback e-flex elementor-invisible e-con e-child\" data-id=\"147ea3e\" data-element_type=\"container\" data-e-type=\"container\" data-settings=\"{&quot;background_background&quot;:&quot;classic&quot;,&quot;animation&quot;:&quot;fadeInUp&quot;,&quot;animation_delay&quot;:200}\">\n\t\t\t\t<div class=\"elementor-element elementor-element-b45ff61 elementor-widget elementor-widget-heading\" data-id=\"b45ff61\" data-element_type=\"widget\" data-e-type=\"widget\" data-widget_type=\"heading.default\">\n\t\t\t\t<div class=\"elementor-widget-container\">\n\t\t\t\t\t<h2 class=\"elementor-heading-title elementor-size-default\">Vision<\/h2>\t\t\t\t<\/div>\n\t\t\t\t<\/div>\n\t\t\t\t<div class=\"elementor-element elementor-element-77ca455 elementor-widget-divider--view-line elementor-widget elementor-widget-divider\" data-id=\"77ca455\" data-element_type=\"widget\" data-e-type=\"widget\" data-widget_type=\"divider.default\">\n\t\t\t\t<div class=\"elementor-widget-container\">\n\t\t\t\t\t\t\t<div class=\"elementor-divider\">\n\t\t\t<span class=\"elementor-divider-separator\">\n\t\t\t\t\t\t<\/span>\n\t\t<\/div>\n\t\t\t\t\t\t<\/div>\n\t\t\t\t<\/div>\n\t\t\t\t<div class=\"elementor-element elementor-element-5e5c6f7 elementor-widget elementor-widget-text-editor\" data-id=\"5e5c6f7\" data-element_type=\"widget\" data-e-type=\"widget\" data-widget_type=\"text-editor.default\">\n\t\t\t\t<div class=\"elementor-widget-container\">\n\t\t\t\t\t\t\t\t\t<p>The Faculty of Mathematical Engineering and Physical Engineering, as a primary unit of UPT, aims to contribute to the expansion of UPT's areas of expertise. The faculty strives for excellence, the consolidation of academic training, and the resolution of significant research and scientific challenges at both national and regional levels within its specific fields of study.<\/p>\t\t\t\t\t\t\t\t<\/div>\n\t\t\t\t<\/div>\n\t\t\t\t<div class=\"elementor-element elementor-element-bde5be8 vizioniimg elementor-widget elementor-widget-image\" data-id=\"bde5be8\" data-element_type=\"widget\" data-e-type=\"widget\" data-widget_type=\"image.default\">\n\t\t\t\t<div class=\"elementor-widget-container\">\n\t\t\t\t\t\t\t\t\t\t\t\t\t\t\t<img decoding=\"async\" width=\"73\" height=\"99\" src=\"https:\/\/fimif.edu.al\/wp-content\/uploads\/2024\/10\/Group_-1.svg\" class=\"attachment-full size-full wp-image-3152\" alt=\"\" \/>\t\t\t\t\t\t\t\t\t\t\t\t\t\t\t<\/div>\n\t\t\t\t<\/div>\n\t\t\t\t<\/div>\n\t\t\t\t\t<\/div>\n\t\t\t\t<\/div>\n\t\t\t\t<\/div>","protected":false},"excerpt":{"rendered":"<p>Misioni &amp; Vizioni i Fakultetit N\u00ebp\u00ebrmjet bashk\u00ebpunimit, integritetit dhe nj\u00eb pasioni p\u00ebr m\u00ebsimin gjat\u00eb gjith\u00eb jet\u00ebs, ne synojm\u00eb t\u00eb fuqizojm\u00eb student\u00ebt tan\u00eb q\u00eb t\u00eb arrijn\u00eb potencialin e tyre t\u00eb plot\u00eb dhe t\u00eb kontribuojn\u00eb n\u00eb m\u00ebnyr\u00eb dometh\u00ebn\u00ebse n\u00eb shoq\u00ebri. Bashkohuni me ne n\u00eb k\u00ebt\u00eb udh\u00ebtim rritjeje dhe zbulimi, t\u00eb p\u00ebrkushtuar p\u00ebr t\u00eb formuar t\u00eb ardhmen Misioni [&hellip;]<\/p>\n","protected":false},"author":1,"featured_media":0,"parent":80,"menu_order":0,"comment_status":"closed","ping_status":"closed","template":"","meta":{"footnotes":""},"class_list":["post-88","page","type-page","status-publish","hentry"],"yoast_head":"<!-- This site is optimized with the Yoast SEO plugin v27.4 - https:\/\/yoast.com\/product\/yoast-seo-wordpress\/ -->\n<title>Misioni &amp; Strategjia - Fakulteti i Inxhinieris\u00eb Matematike dhe Inxhinieris\u00eb Fizike<\/title>\n<meta name=\"robots\" content=\"index, follow, max-snippet:-1, max-image-preview:large, max-video-preview:-1\" \/>\n<link rel=\"canonical\" href=\"https:\/\/fimif.edu.al\/en\/rreth-fimif\/misioni-strategjia\/\" \/>\n<meta property=\"og:locale\" content=\"en_GB\" \/>\n<meta property=\"og:type\" content=\"article\" \/>\n<meta property=\"og:title\" content=\"Misioni &amp; Strategjia - Fakulteti i Inxhinieris\u00eb Matematike dhe Inxhinieris\u00eb Fizike\" \/>\n<meta property=\"og:description\" content=\"Misioni &amp; Vizioni i Fakultetit N\u00ebp\u00ebrmjet bashk\u00ebpunimit, integritetit dhe nj\u00eb pasioni p\u00ebr m\u00ebsimin gjat\u00eb gjith\u00eb jet\u00ebs, ne synojm\u00eb t\u00eb fuqizojm\u00eb student\u00ebt tan\u00eb q\u00eb t\u00eb arrijn\u00eb potencialin e tyre t\u00eb plot\u00eb dhe t\u00eb kontribuojn\u00eb n\u00eb m\u00ebnyr\u00eb dometh\u00ebn\u00ebse n\u00eb shoq\u00ebri. Bashkohuni me ne n\u00eb k\u00ebt\u00eb udh\u00ebtim rritjeje dhe zbulimi, t\u00eb p\u00ebrkushtuar p\u00ebr t\u00eb formuar t\u00eb ardhmen Misioni [&hellip;]\" \/>\n<meta property=\"og:url\" content=\"https:\/\/fimif.edu.al\/en\/rreth-fimif\/misioni-strategjia\/\" \/>\n<meta property=\"og:site_name\" content=\"Fakulteti i Inxhinieris\u00eb Matematike dhe Inxhinieris\u00eb Fizike\" \/>\n<meta property=\"article:publisher\" content=\"https:\/\/www.facebook.com\/p\/Departamenti-i-Inxhinierise-Matematike-FIMIF-UPT-100077435994252\/\" \/>\n<meta property=\"article:modified_time\" content=\"2024-12-18T11:01:25+00:00\" \/>\n<meta property=\"og:image\" content=\"https:\/\/fimif.edu.al\/wp-content\/uploads\/2024\/10\/Group_.svg\" \/>\n<meta name=\"twitter:card\" content=\"summary_large_image\" \/>\n<meta name=\"twitter:label1\" content=\"Estimated reading time\" \/>\n\t<meta name=\"twitter:data1\" content=\"1 minute\" \/>\n<script type=\"application\/ld+json\" class=\"yoast-schema-graph\">{\"@context\":\"https:\\\/\\\/schema.org\",\"@graph\":[{\"@type\":\"WebPage\",\"@id\":\"https:\\\/\\\/fimif.edu.al\\\/rreth-fimif\\\/misioni-strategjia\\\/\",\"url\":\"https:\\\/\\\/fimif.edu.al\\\/rreth-fimif\\\/misioni-strategjia\\\/\",\"name\":\"Misioni &amp; Strategjia - Fakulteti i Inxhinieris\u00eb Matematike dhe Inxhinieris\u00eb Fizike\",\"isPartOf\":{\"@id\":\"https:\\\/\\\/fimif.edu.al\\\/#website\"},\"primaryImageOfPage\":{\"@id\":\"https:\\\/\\\/fimif.edu.al\\\/rreth-fimif\\\/misioni-strategjia\\\/#primaryimage\"},\"image\":{\"@id\":\"https:\\\/\\\/fimif.edu.al\\\/rreth-fimif\\\/misioni-strategjia\\\/#primaryimage\"},\"thumbnailUrl\":\"https:\\\/\\\/fimif.edu.al\\\/wp-content\\\/uploads\\\/2024\\\/10\\\/Group_.svg\",\"datePublished\":\"2020-09-17T18:51:11+00:00\",\"dateModified\":\"2024-12-18T11:01:25+00:00\",\"breadcrumb\":{\"@id\":\"https:\\\/\\\/fimif.edu.al\\\/rreth-fimif\\\/misioni-strategjia\\\/#breadcrumb\"},\"inLanguage\":\"en-GB\",\"potentialAction\":[{\"@type\":\"ReadAction\",\"target\":[\"https:\\\/\\\/fimif.edu.al\\\/rreth-fimif\\\/misioni-strategjia\\\/\"]}]},{\"@type\":\"ImageObject\",\"inLanguage\":\"en-GB\",\"@id\":\"https:\\\/\\\/fimif.edu.al\\\/rreth-fimif\\\/misioni-strategjia\\\/#primaryimage\",\"url\":\"https:\\\/\\\/fimif.edu.al\\\/wp-content\\\/uploads\\\/2024\\\/10\\\/Group_.svg\",\"contentUrl\":\"https:\\\/\\\/fimif.edu.al\\\/wp-content\\\/uploads\\\/2024\\\/10\\\/Group_.svg\"},{\"@type\":\"BreadcrumbList\",\"@id\":\"https:\\\/\\\/fimif.edu.al\\\/rreth-fimif\\\/misioni-strategjia\\\/#breadcrumb\",\"itemListElement\":[{\"@type\":\"ListItem\",\"position\":1,\"name\":\"Home\",\"item\":\"https:\\\/\\\/fimif.edu.al\\\/\"},{\"@type\":\"ListItem\",\"position\":2,\"name\":\"Rreth FIMIF\",\"item\":\"https:\\\/\\\/fimif.edu.al\\\/rreth-fimif\\\/\"},{\"@type\":\"ListItem\",\"position\":3,\"name\":\"Misioni &amp; Strategjia\"}]},{\"@type\":\"WebSite\",\"@id\":\"https:\\\/\\\/fimif.edu.al\\\/#website\",\"url\":\"https:\\\/\\\/fimif.edu.al\\\/\",\"name\":\"Fakulteti i Inxhinieris\u00eb Matematike dhe Inxhinieris\u00eb Fizike\",\"description\":\"FIMIF, UPT Tirane\",\"publisher\":{\"@id\":\"https:\\\/\\\/fimif.edu.al\\\/#organization\"},\"potentialAction\":[{\"@type\":\"SearchAction\",\"target\":{\"@type\":\"EntryPoint\",\"urlTemplate\":\"https:\\\/\\\/fimif.edu.al\\\/?s={search_term_string}\"},\"query-input\":{\"@type\":\"PropertyValueSpecification\",\"valueRequired\":true,\"valueName\":\"search_term_string\"}}],\"inLanguage\":\"en-GB\"},{\"@type\":\"Organization\",\"@id\":\"https:\\\/\\\/fimif.edu.al\\\/#organization\",\"name\":\"Fakulteti i Inxhinieris\u00eb Matematike dhe Inxhinieris\u00eb Fizike\",\"url\":\"https:\\\/\\\/fimif.edu.al\\\/\",\"logo\":{\"@type\":\"ImageObject\",\"inLanguage\":\"en-GB\",\"@id\":\"https:\\\/\\\/fimif.edu.al\\\/#\\\/schema\\\/logo\\\/image\\\/\",\"url\":\"https:\\\/\\\/fimif.edu.al\\\/wp-content\\\/uploads\\\/2024\\\/10\\\/Fimif-Logo.svg\",\"contentUrl\":\"https:\\\/\\\/fimif.edu.al\\\/wp-content\\\/uploads\\\/2024\\\/10\\\/Fimif-Logo.svg\",\"width\":653,\"height\":219,\"caption\":\"Fakulteti i Inxhinieris\u00eb Matematike dhe Inxhinieris\u00eb Fizike\"},\"image\":{\"@id\":\"https:\\\/\\\/fimif.edu.al\\\/#\\\/schema\\\/logo\\\/image\\\/\"},\"sameAs\":[\"https:\\\/\\\/www.facebook.com\\\/p\\\/Departamenti-i-Inxhinierise-Matematike-FIMIF-UPT-100077435994252\\\/\"]}]}<\/script>\n<!-- \/ Yoast SEO plugin. -->","yoast_head_json":{"title":"Misioni &amp; Strategjia - Fakulteti i Inxhinieris\u00eb Matematike dhe Inxhinieris\u00eb Fizike","robots":{"index":"index","follow":"follow","max-snippet":"max-snippet:-1","max-image-preview":"max-image-preview:large","max-video-preview":"max-video-preview:-1"},"canonical":"https:\/\/fimif.edu.al\/en\/rreth-fimif\/misioni-strategjia\/","og_locale":"en_GB","og_type":"article","og_title":"Misioni &amp; Strategjia - Fakulteti i Inxhinieris\u00eb Matematike dhe Inxhinieris\u00eb Fizike","og_description":"Misioni &amp; Vizioni i Fakultetit N\u00ebp\u00ebrmjet bashk\u00ebpunimit, integritetit dhe nj\u00eb pasioni p\u00ebr m\u00ebsimin gjat\u00eb gjith\u00eb jet\u00ebs, ne synojm\u00eb t\u00eb fuqizojm\u00eb student\u00ebt tan\u00eb q\u00eb t\u00eb arrijn\u00eb potencialin e tyre t\u00eb plot\u00eb dhe t\u00eb kontribuojn\u00eb n\u00eb m\u00ebnyr\u00eb dometh\u00ebn\u00ebse n\u00eb shoq\u00ebri. Bashkohuni me ne n\u00eb k\u00ebt\u00eb udh\u00ebtim rritjeje dhe zbulimi, t\u00eb p\u00ebrkushtuar p\u00ebr t\u00eb formuar t\u00eb ardhmen Misioni [&hellip;]","og_url":"https:\/\/fimif.edu.al\/en\/rreth-fimif\/misioni-strategjia\/","og_site_name":"Fakulteti i Inxhinieris\u00eb Matematike dhe Inxhinieris\u00eb Fizike","article_publisher":"https:\/\/www.facebook.com\/p\/Departamenti-i-Inxhinierise-Matematike-FIMIF-UPT-100077435994252\/","article_modified_time":"2024-12-18T11:01:25+00:00","og_image":[{"url":"https:\/\/fimif.edu.al\/wp-content\/uploads\/2024\/10\/Group_.svg","type":"","width":"","height":""}],"twitter_card":"summary_large_image","twitter_misc":{"Estimated reading time":"1 minute"},"schema":{"@context":"https:\/\/schema.org","@graph":[{"@type":"WebPage","@id":"https:\/\/fimif.edu.al\/rreth-fimif\/misioni-strategjia\/","url":"https:\/\/fimif.edu.al\/rreth-fimif\/misioni-strategjia\/","name":"Misioni &amp; Strategjia - Fakulteti i Inxhinieris\u00eb Matematike dhe Inxhinieris\u00eb Fizike","isPartOf":{"@id":"https:\/\/fimif.edu.al\/#website"},"primaryImageOfPage":{"@id":"https:\/\/fimif.edu.al\/rreth-fimif\/misioni-strategjia\/#primaryimage"},"image":{"@id":"https:\/\/fimif.edu.al\/rreth-fimif\/misioni-strategjia\/#primaryimage"},"thumbnailUrl":"https:\/\/fimif.edu.al\/wp-content\/uploads\/2024\/10\/Group_.svg","datePublished":"2020-09-17T18:51:11+00:00","dateModified":"2024-12-18T11:01:25+00:00","breadcrumb":{"@id":"https:\/\/fimif.edu.al\/rreth-fimif\/misioni-strategjia\/#breadcrumb"},"inLanguage":"en-GB","potentialAction":[{"@type":"ReadAction","target":["https:\/\/fimif.edu.al\/rreth-fimif\/misioni-strategjia\/"]}]},{"@type":"ImageObject","inLanguage":"en-GB","@id":"https:\/\/fimif.edu.al\/rreth-fimif\/misioni-strategjia\/#primaryimage","url":"https:\/\/fimif.edu.al\/wp-content\/uploads\/2024\/10\/Group_.svg","contentUrl":"https:\/\/fimif.edu.al\/wp-content\/uploads\/2024\/10\/Group_.svg"},{"@type":"BreadcrumbList","@id":"https:\/\/fimif.edu.al\/rreth-fimif\/misioni-strategjia\/#breadcrumb","itemListElement":[{"@type":"ListItem","position":1,"name":"Home","item":"https:\/\/fimif.edu.al\/"},{"@type":"ListItem","position":2,"name":"Rreth FIMIF","item":"https:\/\/fimif.edu.al\/rreth-fimif\/"},{"@type":"ListItem","position":3,"name":"Misioni &amp; Strategjia"}]},{"@type":"WebSite","@id":"https:\/\/fimif.edu.al\/#website","url":"https:\/\/fimif.edu.al\/","name":"Fakulteti i Inxhinieris\u00eb Matematike dhe Inxhinieris\u00eb Fizike","description":"FIMIF, UPT Tirane","publisher":{"@id":"https:\/\/fimif.edu.al\/#organization"},"potentialAction":[{"@type":"SearchAction","target":{"@type":"EntryPoint","urlTemplate":"https:\/\/fimif.edu.al\/?s={search_term_string}"},"query-input":{"@type":"PropertyValueSpecification","valueRequired":true,"valueName":"search_term_string"}}],"inLanguage":"en-GB"},{"@type":"Organization","@id":"https:\/\/fimif.edu.al\/#organization","name":"Fakulteti i Inxhinieris\u00eb Matematike dhe Inxhinieris\u00eb Fizike","url":"https:\/\/fimif.edu.al\/","logo":{"@type":"ImageObject","inLanguage":"en-GB","@id":"https:\/\/fimif.edu.al\/#\/schema\/logo\/image\/","url":"https:\/\/fimif.edu.al\/wp-content\/uploads\/2024\/10\/Fimif-Logo.svg","contentUrl":"https:\/\/fimif.edu.al\/wp-content\/uploads\/2024\/10\/Fimif-Logo.svg","width":653,"height":219,"caption":"Fakulteti i Inxhinieris\u00eb Matematike dhe Inxhinieris\u00eb Fizike"},"image":{"@id":"https:\/\/fimif.edu.al\/#\/schema\/logo\/image\/"},"sameAs":["https:\/\/www.facebook.com\/p\/Departamenti-i-Inxhinierise-Matematike-FIMIF-UPT-100077435994252\/"]}]}},"_links":{"self":[{"href":"https:\/\/fimif.edu.al\/en\/wp-json\/wp\/v2\/pages\/88","targetHints":{"allow":["GET"]}}],"collection":[{"href":"https:\/\/fimif.edu.al\/en\/wp-json\/wp\/v2\/pages"}],"about":[{"href":"https:\/\/fimif.edu.al\/en\/wp-json\/wp\/v2\/types\/page"}],"author":[{"embeddable":true,"href":"https:\/\/fimif.edu.al\/en\/wp-json\/wp\/v2\/users\/1"}],"replies":[{"embeddable":true,"href":"https:\/\/fimif.edu.al\/en\/wp-json\/wp\/v2\/comments?post=88"}],"version-history":[{"count":37,"href":"https:\/\/fimif.edu.al\/en\/wp-json\/wp\/v2\/pages\/88\/revisions"}],"predecessor-version":[{"id":5044,"href":"https:\/\/fimif.edu.al\/en\/wp-json\/wp\/v2\/pages\/88\/revisions\/5044"}],"up":[{"embeddable":true,"href":"https:\/\/fimif.edu.al\/en\/wp-json\/wp\/v2\/pages\/80"}],"wp:attachment":[{"href":"https:\/\/fimif.edu.al\/en\/wp-json\/wp\/v2\/media?parent=88"}],"curies":[{"name":"wp","href":"https:\/\/api.w.org\/{rel}","templated":true}]}}